{"id":83993,"date":"2024-02-09T15:58:50","date_gmt":"2024-02-09T14:58:50","guid":{"rendered":"https:\/\/www.bagnoitalia.com\/product\/jackson-outdoor-console-table-extendable-from-52-to-260-cm-available-in-white-or-anthracite-2"},"modified":"2024-05-28T14:45:43","modified_gmt":"2024-05-28T12:45:43","slug":"jackson-outdoor-console-table-extendable-from-52-to-260-cm-available-in-white-or-anthracite-2","status":"publish","type":"product","link":"https:\/\/www.bagnoitalia.com\/fr\/produit\/jackson-outdoor-console-table-extendable-from-52-to-260-cm-available-in-white-or-anthracite-2.html","title":{"rendered":"Table console d&rsquo;ext\u00e9rieur \u00ab\u00a0Jackson\u00a0\u00bb extensible de 52 \u00e0 260 cm disponible en blanc ou anthracite"},"content":{"rendered":"<p>Table-console 51\/260 cm \u00ab\u00a0JACKSON\u00a0\u00bb<\/p>\n<p>&nbsp;<\/p>\n<p>&nbsp;<\/p>\n<p>CARACT\u00c9RISTIQUES PRINCIPALES<\/p>\n<p>Mobilier de jardin et d&rsquo;ext\u00e9rieur, particuli\u00e8rement adapt\u00e9 aux espaces r\u00e9duits<\/p>\n<p>Longueur minimum 52cm<\/p>\n<p>en ajoutant une ou plusieurs rallonges (52cm chacune), il est possible d&rsquo;obtenir une table de : 104cm, ou 156cm, ou 208cm, ou 260cm<\/p>\n<p>Profondeur 85cm<\/p>\n<p>Hauteur 74cm<\/p>\n<p>Structure en aluminium<\/p>\n<p>Finitions disponibles : anthracite, blanc<\/p>\n<p>&nbsp;<\/p>\n<p>A TRAVERS LE MENU DES RIDEAUX IL EST POSSIBLE D&rsquo;AJOUTER DES CHAISES COMBINEES, 57x61xH89cm, en aluminium avec assise et dossier en textil\u00e8ne.<\/p>\n<p>&nbsp;<\/p>\n<p>&nbsp;<\/p>\n<p>&nbsp;<\/p>\n<p>&nbsp;<\/p>\n<p>&nbsp;<\/p>\n<p>&nbsp;<\/p>\n<p>&nbsp;<\/p>\n<p>&nbsp;<\/p>\n<p>&nbsp;<\/p>\n<p>&nbsp;<\/p>\n<p>&nbsp;<\/p>\n<p>&nbsp;<\/p>\n<p>&nbsp;<\/p>\n<p>&nbsp;<\/p>\n<p>&nbsp;<\/p>\n<p>&nbsp;<\/p>\n<p>&nbsp;<\/p>\n<p>&nbsp;<\/p>\n<p>&nbsp;<\/p>\n<p>&nbsp;<\/p>\n<p>&nbsp;<\/p>\n<p>AT804230<\/p>\n<p><span style=\"font-size: 8pt;\">AT804177<\/span><\/p>\n","protected":false},"excerpt":{"rendered":"<p>Table console rectangulaire de jardin et d&rsquo;ext\u00e9rieur, en aluminium, disponible en deux finitions. Table \u00e9galement adapt\u00e9e aux espaces r\u00e9duits, avec la possibilit\u00e9 de la rallonger si n\u00e9cessaire jusqu&rsquo;\u00e0 un maximum de 260 cm.<\/p>\n","protected":false},"featured_media":71937,"comment_status":"open","ping_status":"closed","template":"","meta":[],"product_brand":[5004],"product_cat":[10027,9783],"product_tag":[],"class_list":{"0":"post-83993","1":"product","2":"type-product","3":"status-publish","4":"has-post-thumbnail","6":"product_brand-vari-produttori","7":"product_cat-tables-avec-chaises","8":"product_cat-mobilier-d-39-exterieur","10":"first","11":"instock","12":"sale","13":"taxable","14":"shipping-taxable","15":"purchasable","16":"product-type-simple"},"exclude_global_add_ons":false,"addons":[{"name":"Couleur","type":"multiple_choice","position":0,"required":true,"title_format":"heading","default":"","description_enable":false,"description":"","placeholder_enable":false,"placeholder":"","display":"select","restrictions_type":"any_text","adjust_price":false,"price":"","price_type":"flat_fee","restrictions":false,"min":"0","max":"0","options":[{"label":"Anthracite","price":"","price_type":"quantity_based","image":0,"visibility":true},{"label":"blanc","price":"","price_type":"quantity_based","image":0,"visibility":true}],"id":1716907543},{"name":"chaises","type":"multiple_choice","position":1,"required":true,"title_format":"heading","default":"","description_enable":false,"description":"","placeholder_enable":false,"placeholder":"","display":"select","restrictions_type":"any_text","adjust_price":false,"price":"","price_type":"flat_fee","restrictions":false,"min":"0","max":"0","options":[{"label":"PAS de chaises","price":"","price_type":"quantity_based","image":0,"visibility":true},{"label":"n.4 chaises","price":"460","price_type":"quantity_based","image":0,"visibility":true},{"label":"n.6 chaises","price":"690","price_type":"quantity_based","image":0,"visibility":true},{"label":"n.8 chaises","price":"920","price_type":"quantity_based","image":0,"visibility":true},{"label":"n.10 chaises","price":"1150","price_type":"quantity_based","image":0,"visibility":true},{"label":"n.12 chaises","price":"1380","price_type":"quantity_based","image":0,"visibility":true}],"id":1716907544}],"yoast_head":"<!-- This site is optimized with the Yoast SEO plugin v26.7 - https:\/\/yoast.com\/wordpress\/plugins\/seo\/ -->\n<title>Table console d&#039;ext\u00e9rieur<\/title>\n<meta name=\"description\" content=\"Table console rectangulaire de jardin et d&#039;ext\u00e9rieur, en aluminium, disponible en deux finitions. Table \u00e9galement adapt\u00e9e aux espaces r\u00e9duits, avec la possibilit\u00e9 de la rallonger si n\u00e9cessaire jusqu&#039;\u00e0 un maximum de 260 cm.\" \/>\n<meta name=\"robots\" content=\"index, follow, max-snippet:-1, max-image-preview:large, max-video-preview:-1\" \/>\n<link rel=\"canonical\" href=\"https:\/\/www.bagnoitalia.com\/fr\/produit\/jackson-outdoor-console-table-extendable-from-52-to-260-cm-available-in-white-or-anthracite-2.html\" \/>\n<meta property=\"og:locale\" content=\"fr_FR\" \/>\n<meta property=\"og:type\" content=\"article\" \/>\n<meta property=\"og:title\" content=\"Table console d&#039;ext\u00e9rieur\" \/>\n<meta property=\"og:description\" content=\"Table console rectangulaire de jardin et d&#039;ext\u00e9rieur, en aluminium, disponible en deux finitions. Table \u00e9galement adapt\u00e9e aux espaces r\u00e9duits, avec la possibilit\u00e9 de la rallonger si n\u00e9cessaire jusqu&#039;\u00e0 un maximum de 260 cm.\" \/>\n<meta property=\"og:url\" content=\"https:\/\/www.bagnoitalia.com\/fr\/produit\/jackson-outdoor-console-table-extendable-from-52-to-260-cm-available-in-white-or-anthracite-2.html\" \/>\n<meta property=\"og:site_name\" content=\"Bagno Italia\" \/>\n<meta property=\"article:modified_time\" content=\"2024-05-28T12:45:43+00:00\" \/>\n<meta property=\"og:image\" content=\"https:\/\/img.bagnoitalia.com\/wp-content\/uploads\/virtuemart\/product\/tavolo-consolle-jackson-bianco-antracite-1.jpg\" \/>\n\t<meta property=\"og:image:width\" content=\"550\" \/>\n\t<meta property=\"og:image:height\" content=\"550\" \/>\n\t<meta property=\"og:image:type\" content=\"image\/jpeg\" \/>\n<meta name=\"twitter:card\" content=\"summary_large_image\" \/>\n<meta name=\"twitter:label1\" content=\"Dur\u00e9e de lecture estim\u00e9e\" \/>\n\t<meta name=\"twitter:data1\" content=\"1 minute\" \/>\n<script type=\"application\/ld+json\" class=\"yoast-schema-graph\">{\"@context\":\"https:\/\/schema.org\",\"@graph\":[{\"@type\":\"WebPage\",\"@id\":\"https:\/\/www.bagnoitalia.com\/fr\/produit\/jackson-outdoor-console-table-extendable-from-52-to-260-cm-available-in-white-or-anthracite-2.html\",\"url\":\"https:\/\/www.bagnoitalia.com\/fr\/produit\/jackson-outdoor-console-table-extendable-from-52-to-260-cm-available-in-white-or-anthracite-2.html\",\"name\":\"Table console d'ext\u00e9rieur\",\"isPartOf\":{\"@id\":\"https:\/\/www.bagnoitalia.com\/fr#website\"},\"primaryImageOfPage\":{\"@id\":\"https:\/\/www.bagnoitalia.com\/fr\/produit\/jackson-outdoor-console-table-extendable-from-52-to-260-cm-available-in-white-or-anthracite-2.html#primaryimage\"},\"image\":{\"@id\":\"https:\/\/www.bagnoitalia.com\/fr\/produit\/jackson-outdoor-console-table-extendable-from-52-to-260-cm-available-in-white-or-anthracite-2.html#primaryimage\"},\"thumbnailUrl\":\"https:\/\/img.bagnoitalia.com\/wp-content\/uploads\/virtuemart\/product\/tavolo-consolle-jackson-bianco-antracite-1.jpg\",\"datePublished\":\"2024-02-09T14:58:50+00:00\",\"dateModified\":\"2024-05-28T12:45:43+00:00\",\"description\":\"Table console rectangulaire de jardin et d'ext\u00e9rieur, en aluminium, disponible en deux finitions. Table \u00e9galement adapt\u00e9e aux espaces r\u00e9duits, avec la possibilit\u00e9 de la rallonger si n\u00e9cessaire jusqu'\u00e0 un maximum de 260 cm.\",\"breadcrumb\":{\"@id\":\"https:\/\/www.bagnoitalia.com\/fr\/produit\/jackson-outdoor-console-table-extendable-from-52-to-260-cm-available-in-white-or-anthracite-2.html#breadcrumb\"},\"inLanguage\":\"fr-FR\",\"potentialAction\":[{\"@type\":\"ReadAction\",\"target\":[\"https:\/\/www.bagnoitalia.com\/fr\/produit\/jackson-outdoor-console-table-extendable-from-52-to-260-cm-available-in-white-or-anthracite-2.html\"]}]},{\"@type\":\"ImageObject\",\"inLanguage\":\"fr-FR\",\"@id\":\"https:\/\/www.bagnoitalia.com\/fr\/produit\/jackson-outdoor-console-table-extendable-from-52-to-260-cm-available-in-white-or-anthracite-2.html#primaryimage\",\"url\":\"https:\/\/img.bagnoitalia.com\/wp-content\/uploads\/virtuemart\/product\/tavolo-consolle-jackson-bianco-antracite-1.jpg\",\"contentUrl\":\"https:\/\/img.bagnoitalia.com\/wp-content\/uploads\/virtuemart\/product\/tavolo-consolle-jackson-bianco-antracite-1.jpg\",\"width\":550,\"height\":550},{\"@type\":\"BreadcrumbList\",\"@id\":\"https:\/\/www.bagnoitalia.com\/fr\/produit\/jackson-outdoor-console-table-extendable-from-52-to-260-cm-available-in-white-or-anthracite-2.html#breadcrumb\",\"itemListElement\":[{\"@type\":\"ListItem\",\"position\":1,\"name\":\"Home\",\"item\":\"https:\/\/www.bagnoitalia.com\/fr\"},{\"@type\":\"ListItem\",\"position\":2,\"name\":\"Produits\",\"item\":\"https:\/\/www.bagnoitalia.com\/fr\/shop\"},{\"@type\":\"ListItem\",\"position\":3,\"name\":\"Table console d&#8217;ext\u00e9rieur &#8220;Jackson&#8221; extensible de 52 \u00e0 260 cm disponible en blanc ou anthracite\"}]},{\"@type\":\"WebSite\",\"@id\":\"https:\/\/www.bagnoitalia.com\/fr#website\",\"url\":\"https:\/\/www.bagnoitalia.com\/fr\",\"name\":\"Bagno Italia\",\"description\":\"\",\"publisher\":{\"@id\":\"https:\/\/www.bagnoitalia.com\/fr#organization\"},\"potentialAction\":[{\"@type\":\"SearchAction\",\"target\":{\"@type\":\"EntryPoint\",\"urlTemplate\":\"https:\/\/www.bagnoitalia.com\/fr?s={search_term_string}\"},\"query-input\":{\"@type\":\"PropertyValueSpecification\",\"valueRequired\":true,\"valueName\":\"search_term_string\"}}],\"inLanguage\":\"fr-FR\"},{\"@type\":\"Organization\",\"@id\":\"https:\/\/www.bagnoitalia.com\/fr#organization\",\"name\":\"Bagno Italia\",\"url\":\"https:\/\/www.bagnoitalia.com\/fr\",\"logo\":{\"@type\":\"ImageObject\",\"inLanguage\":\"fr-FR\",\"@id\":\"https:\/\/www.bagnoitalia.com\/fr#\/schema\/logo\/image\/\",\"url\":\"https:\/\/img.bagnoitalia.com\/wp-content\/uploads\/logo-bagnoitalia.webp\",\"contentUrl\":\"https:\/\/img.bagnoitalia.com\/wp-content\/uploads\/logo-bagnoitalia.webp\",\"width\":400,\"height\":70,\"caption\":\"Bagno Italia\"},\"image\":{\"@id\":\"https:\/\/www.bagnoitalia.com\/fr#\/schema\/logo\/image\/\"}}]}<\/script>\n<!-- \/ Yoast SEO plugin. -->","yoast_head_json":{"title":"Table console d'ext\u00e9rieur","description":"Table console rectangulaire de jardin et d'ext\u00e9rieur, en aluminium, disponible en deux finitions. Table \u00e9galement adapt\u00e9e aux espaces r\u00e9duits, avec la possibilit\u00e9 de la rallonger si n\u00e9cessaire jusqu'\u00e0 un maximum de 260 cm.","robots":{"index":"index","follow":"follow","max-snippet":"max-snippet:-1","max-image-preview":"max-image-preview:large","max-video-preview":"max-video-preview:-1"},"canonical":"https:\/\/www.bagnoitalia.com\/fr\/produit\/jackson-outdoor-console-table-extendable-from-52-to-260-cm-available-in-white-or-anthracite-2.html","og_locale":"fr_FR","og_type":"article","og_title":"Table console d'ext\u00e9rieur","og_description":"Table console rectangulaire de jardin et d'ext\u00e9rieur, en aluminium, disponible en deux finitions. Table \u00e9galement adapt\u00e9e aux espaces r\u00e9duits, avec la possibilit\u00e9 de la rallonger si n\u00e9cessaire jusqu'\u00e0 un maximum de 260 cm.","og_url":"https:\/\/www.bagnoitalia.com\/fr\/produit\/jackson-outdoor-console-table-extendable-from-52-to-260-cm-available-in-white-or-anthracite-2.html","og_site_name":"Bagno Italia","article_modified_time":"2024-05-28T12:45:43+00:00","og_image":[{"width":550,"height":550,"url":"https:\/\/img.bagnoitalia.com\/wp-content\/uploads\/virtuemart\/product\/tavolo-consolle-jackson-bianco-antracite-1.jpg","type":"image\/jpeg"}],"twitter_card":"summary_large_image","twitter_misc":{"Dur\u00e9e de lecture estim\u00e9e":"1 minute"},"schema":{"@context":"https:\/\/schema.org","@graph":[{"@type":"WebPage","@id":"https:\/\/www.bagnoitalia.com\/fr\/produit\/jackson-outdoor-console-table-extendable-from-52-to-260-cm-available-in-white-or-anthracite-2.html","url":"https:\/\/www.bagnoitalia.com\/fr\/produit\/jackson-outdoor-console-table-extendable-from-52-to-260-cm-available-in-white-or-anthracite-2.html","name":"Table console d'ext\u00e9rieur","isPartOf":{"@id":"https:\/\/www.bagnoitalia.com\/fr#website"},"primaryImageOfPage":{"@id":"https:\/\/www.bagnoitalia.com\/fr\/produit\/jackson-outdoor-console-table-extendable-from-52-to-260-cm-available-in-white-or-anthracite-2.html#primaryimage"},"image":{"@id":"https:\/\/www.bagnoitalia.com\/fr\/produit\/jackson-outdoor-console-table-extendable-from-52-to-260-cm-available-in-white-or-anthracite-2.html#primaryimage"},"thumbnailUrl":"https:\/\/img.bagnoitalia.com\/wp-content\/uploads\/virtuemart\/product\/tavolo-consolle-jackson-bianco-antracite-1.jpg","datePublished":"2024-02-09T14:58:50+00:00","dateModified":"2024-05-28T12:45:43+00:00","description":"Table console rectangulaire de jardin et d'ext\u00e9rieur, en aluminium, disponible en deux finitions. Table \u00e9galement adapt\u00e9e aux espaces r\u00e9duits, avec la possibilit\u00e9 de la rallonger si n\u00e9cessaire jusqu'\u00e0 un maximum de 260 cm.","breadcrumb":{"@id":"https:\/\/www.bagnoitalia.com\/fr\/produit\/jackson-outdoor-console-table-extendable-from-52-to-260-cm-available-in-white-or-anthracite-2.html#breadcrumb"},"inLanguage":"fr-FR","potentialAction":[{"@type":"ReadAction","target":["https:\/\/www.bagnoitalia.com\/fr\/produit\/jackson-outdoor-console-table-extendable-from-52-to-260-cm-available-in-white-or-anthracite-2.html"]}]},{"@type":"ImageObject","inLanguage":"fr-FR","@id":"https:\/\/www.bagnoitalia.com\/fr\/produit\/jackson-outdoor-console-table-extendable-from-52-to-260-cm-available-in-white-or-anthracite-2.html#primaryimage","url":"https:\/\/img.bagnoitalia.com\/wp-content\/uploads\/virtuemart\/product\/tavolo-consolle-jackson-bianco-antracite-1.jpg","contentUrl":"https:\/\/img.bagnoitalia.com\/wp-content\/uploads\/virtuemart\/product\/tavolo-consolle-jackson-bianco-antracite-1.jpg","width":550,"height":550},{"@type":"BreadcrumbList","@id":"https:\/\/www.bagnoitalia.com\/fr\/produit\/jackson-outdoor-console-table-extendable-from-52-to-260-cm-available-in-white-or-anthracite-2.html#breadcrumb","itemListElement":[{"@type":"ListItem","position":1,"name":"Home","item":"https:\/\/www.bagnoitalia.com\/fr"},{"@type":"ListItem","position":2,"name":"Produits","item":"https:\/\/www.bagnoitalia.com\/fr\/shop"},{"@type":"ListItem","position":3,"name":"Table console d&#8217;ext\u00e9rieur &#8220;Jackson&#8221; extensible de 52 \u00e0 260 cm disponible en blanc ou anthracite"}]},{"@type":"WebSite","@id":"https:\/\/www.bagnoitalia.com\/fr#website","url":"https:\/\/www.bagnoitalia.com\/fr","name":"Bagno Italia","description":"","publisher":{"@id":"https:\/\/www.bagnoitalia.com\/fr#organization"},"potentialAction":[{"@type":"SearchAction","target":{"@type":"EntryPoint","urlTemplate":"https:\/\/www.bagnoitalia.com\/fr?s={search_term_string}"},"query-input":{"@type":"PropertyValueSpecification","valueRequired":true,"valueName":"search_term_string"}}],"inLanguage":"fr-FR"},{"@type":"Organization","@id":"https:\/\/www.bagnoitalia.com\/fr#organization","name":"Bagno Italia","url":"https:\/\/www.bagnoitalia.com\/fr","logo":{"@type":"ImageObject","inLanguage":"fr-FR","@id":"https:\/\/www.bagnoitalia.com\/fr#\/schema\/logo\/image\/","url":"https:\/\/img.bagnoitalia.com\/wp-content\/uploads\/logo-bagnoitalia.webp","contentUrl":"https:\/\/img.bagnoitalia.com\/wp-content\/uploads\/logo-bagnoitalia.webp","width":400,"height":70,"caption":"Bagno Italia"},"image":{"@id":"https:\/\/www.bagnoitalia.com\/fr#\/schema\/logo\/image\/"}}]}},"_links":{"self":[{"href":"https:\/\/www.bagnoitalia.com\/fr\/wp-json\/wp\/v2\/product\/83993","targetHints":{"allow":["GET"]}}],"collection":[{"href":"https:\/\/www.bagnoitalia.com\/fr\/wp-json\/wp\/v2\/product"}],"about":[{"href":"https:\/\/www.bagnoitalia.com\/fr\/wp-json\/wp\/v2\/types\/product"}],"replies":[{"embeddable":true,"href":"https:\/\/www.bagnoitalia.com\/fr\/wp-json\/wp\/v2\/comments?post=83993"}],"version-history":[{"count":1,"href":"https:\/\/www.bagnoitalia.com\/fr\/wp-json\/wp\/v2\/product\/83993\/revisions"}],"predecessor-version":[{"id":88470,"href":"https:\/\/www.bagnoitalia.com\/fr\/wp-json\/wp\/v2\/product\/83993\/revisions\/88470"}],"wp:featuredmedia":[{"embeddable":true,"href":"https:\/\/www.bagnoitalia.com\/fr\/wp-json\/wp\/v2\/media\/71937"}],"wp:attachment":[{"href":"https:\/\/www.bagnoitalia.com\/fr\/wp-json\/wp\/v2\/media?parent=83993"}],"wp:term":[{"taxonomy":"product_brand","embeddable":true,"href":"https:\/\/www.bagnoitalia.com\/fr\/wp-json\/wp\/v2\/product_brand?post=83993"},{"taxonomy":"product_cat","embeddable":true,"href":"https:\/\/www.bagnoitalia.com\/fr\/wp-json\/wp\/v2\/product_cat?post=83993"},{"taxonomy":"product_tag","embeddable":true,"href":"https:\/\/www.bagnoitalia.com\/fr\/wp-json\/wp\/v2\/product_tag?post=83993"}],"curies":[{"name":"wp","href":"https:\/\/api.w.org\/{rel}","templated":true}]}}