{"id":83981,"date":"2024-02-09T15:01:30","date_gmt":"2024-02-09T14:01:30","guid":{"rendered":"https:\/\/www.bagnoitalia.com\/product\/joseph-outdoor-corner-sofa-with-coffee-table-garden-furniture-anthracite-or-white-2"},"modified":"2024-05-22T16:52:05","modified_gmt":"2024-05-22T14:52:05","slug":"joseph-outdoor-corner-sofa-with-coffee-table-garden-furniture-anthracite-or-white-2","status":"publish","type":"product","link":"https:\/\/www.bagnoitalia.com\/fr\/produit\/joseph-outdoor-corner-sofa-with-coffee-table-garden-furniture-anthracite-or-white-2.html","title":{"rendered":"Canap\u00e9 d&rsquo;angle ext\u00e9rieur Joseph avec table basse mobilier de jardin anthracite ou blanc"},"content":{"rendered":"<p>CANAP\u00c9 D&rsquo;ANGLE D&rsquo;EXT\u00c9RIEUR &lsquo;JOSEPH<\/p>\n<p>&nbsp;<\/p>\n<p>&nbsp;<\/p>\n<p>L&rsquo;ENSEMBLE COMPREND :<\/p>\n<p>1 canap\u00e9 d&rsquo;angle<\/p>\n<p>1 table basse carr\u00e9e<\/p>\n<p>CARACT\u00c9RISTIQUES DU CANAP\u00c9<\/p>\n<p>Canap\u00e9 d&rsquo;angle compos\u00e9 de 3 parties : 2 c\u00f4t\u00e9s de 135xP86xH82 cm et 1 angle de 78x78xH82 cm<\/p>\n<p>Disponible en deux couleurs : blanc ou anthracite<\/p>\n<p>Structure en aluminium<\/p>\n<p>Accoudoirs en bois<\/p>\n<p>Coussins d&rsquo;assise et de dossier d\u00e9houssables en polyester<\/p>\n<p>CARACT\u00c9RISTIQUES DE LA TABLE<\/p>\n<p>Table basse carr\u00e9e de 68x68xH40 cm<\/p>\n<p>Fabriqu\u00e9e en aluminium<\/p>\n<p>Disponible en blanc ou anthracite<\/p>\n<p>&nbsp;<\/p>\n<p>&nbsp;<\/p>\n<p>&nbsp;<\/p>\n<p>&nbsp;<\/p>\n<p>&nbsp;<\/p>\n<p>&nbsp;<\/p>\n<p>&nbsp;<\/p>\n<p>&nbsp;<\/p>\n<p>&nbsp;<\/p>\n<p>&nbsp;<\/p>\n<p>&nbsp;<\/p>\n<p>&nbsp;<\/p>\n<p>&nbsp;<\/p>\n<p>&nbsp;<\/p>\n<p>&nbsp;<\/p>\n<p>&nbsp;<\/p>\n<p>&nbsp;<\/p>\n<p>&nbsp;<\/p>\n<p>&nbsp;<\/p>\n<p>&nbsp;<\/p>\n<p>AT804219<\/p>\n<p>&nbsp;<\/p>\n","protected":false},"excerpt":{"rendered":"<p>Ensemble d&rsquo;ext\u00e9rieur moderne, disponible en deux couleurs, avec structure en aluminium. L&rsquo;ensemble comprend une table, un canap\u00e9 d&rsquo;angle et des coussins pour l&rsquo;assise et le dossier.<\/p>\n","protected":false},"featured_media":71745,"comment_status":"open","ping_status":"closed","template":"","meta":[],"product_brand":[5004],"product_cat":[10012,9783],"product_tag":[],"class_list":{"0":"post-83981","1":"product","2":"type-product","3":"status-publish","4":"has-post-thumbnail","6":"product_brand-vari-produttori","7":"product_cat-canapes-dexterieur","8":"product_cat-mobilier-d-39-exterieur","10":"first","11":"instock","12":"sale","13":"taxable","14":"shipping-taxable","15":"purchasable","16":"product-type-simple"},"exclude_global_add_ons":false,"addons":[{"name":"Couleur","type":"multiple_choice","position":0,"required":true,"title_format":"heading","default":"","description_enable":false,"description":"","placeholder_enable":false,"placeholder":"","display":"select","restrictions_type":"any_text","adjust_price":false,"price":"","price_type":"flat_fee","restrictions":false,"min":"0","max":"0","options":[{"label":"anthracite","price":"","price_type":"quantity_based","image":0,"visibility":true},{"label":"blanc","price":"","price_type":"quantity_based","image":0,"visibility":true}],"id":1716396725}],"yoast_head":"<!-- This site is optimized with the Yoast SEO plugin v26.7 - https:\/\/yoast.com\/wordpress\/plugins\/seo\/ -->\n<title>Canap\u00e9 d&#039;angle ext\u00e9rieur Joseph avec table basse mobilier de jardin anthracite ou blanc<\/title>\n<meta name=\"description\" content=\"Ensemble d&#039;ext\u00e9rieur moderne, disponible en deux couleurs, avec structure en aluminium. L&#039;ensemble comprend une table, un canap\u00e9 d&#039;angle et des coussins pour l&#039;assise et le dossier.\" \/>\n<meta name=\"robots\" content=\"index, follow, max-snippet:-1, max-image-preview:large, max-video-preview:-1\" \/>\n<link rel=\"canonical\" href=\"https:\/\/www.bagnoitalia.com\/fr\/produit\/joseph-outdoor-corner-sofa-with-coffee-table-garden-furniture-anthracite-or-white-2.html\" \/>\n<meta property=\"og:locale\" content=\"fr_FR\" \/>\n<meta property=\"og:type\" content=\"article\" \/>\n<meta property=\"og:title\" content=\"Canap\u00e9 d&#039;angle ext\u00e9rieur Joseph avec table basse mobilier de jardin anthracite ou blanc\" \/>\n<meta property=\"og:description\" content=\"Ensemble d&#039;ext\u00e9rieur moderne, disponible en deux couleurs, avec structure en aluminium. L&#039;ensemble comprend une table, un canap\u00e9 d&#039;angle et des coussins pour l&#039;assise et le dossier.\" \/>\n<meta property=\"og:url\" content=\"https:\/\/www.bagnoitalia.com\/fr\/produit\/joseph-outdoor-corner-sofa-with-coffee-table-garden-furniture-anthracite-or-white-2.html\" \/>\n<meta property=\"og:site_name\" content=\"Bagno Italia\" \/>\n<meta property=\"article:modified_time\" content=\"2024-05-22T14:52:05+00:00\" \/>\n<meta property=\"og:image\" content=\"https:\/\/img.bagnoitalia.com\/wp-content\/uploads\/virtuemart\/product\/divano-da-esterno-joseph-con-tavolo-bianco-antracite-1.jpg\" \/>\n\t<meta property=\"og:image:width\" content=\"550\" \/>\n\t<meta property=\"og:image:height\" content=\"550\" \/>\n\t<meta property=\"og:image:type\" content=\"image\/jpeg\" \/>\n<meta name=\"twitter:card\" content=\"summary_large_image\" \/>\n<meta name=\"twitter:label1\" content=\"Dur\u00e9e de lecture estim\u00e9e\" \/>\n\t<meta name=\"twitter:data1\" content=\"1 minute\" \/>\n<script type=\"application\/ld+json\" class=\"yoast-schema-graph\">{\"@context\":\"https:\/\/schema.org\",\"@graph\":[{\"@type\":\"WebPage\",\"@id\":\"https:\/\/www.bagnoitalia.com\/fr\/produit\/joseph-outdoor-corner-sofa-with-coffee-table-garden-furniture-anthracite-or-white-2.html\",\"url\":\"https:\/\/www.bagnoitalia.com\/fr\/produit\/joseph-outdoor-corner-sofa-with-coffee-table-garden-furniture-anthracite-or-white-2.html\",\"name\":\"Canap\u00e9 d'angle ext\u00e9rieur Joseph avec table basse mobilier de jardin anthracite ou blanc\",\"isPartOf\":{\"@id\":\"https:\/\/www.bagnoitalia.com\/fr#website\"},\"primaryImageOfPage\":{\"@id\":\"https:\/\/www.bagnoitalia.com\/fr\/produit\/joseph-outdoor-corner-sofa-with-coffee-table-garden-furniture-anthracite-or-white-2.html#primaryimage\"},\"image\":{\"@id\":\"https:\/\/www.bagnoitalia.com\/fr\/produit\/joseph-outdoor-corner-sofa-with-coffee-table-garden-furniture-anthracite-or-white-2.html#primaryimage\"},\"thumbnailUrl\":\"https:\/\/img.bagnoitalia.com\/wp-content\/uploads\/virtuemart\/product\/divano-da-esterno-joseph-con-tavolo-bianco-antracite-1.jpg\",\"datePublished\":\"2024-02-09T14:01:30+00:00\",\"dateModified\":\"2024-05-22T14:52:05+00:00\",\"description\":\"Ensemble d'ext\u00e9rieur moderne, disponible en deux couleurs, avec structure en aluminium. L'ensemble comprend une table, un canap\u00e9 d'angle et des coussins pour l'assise et le dossier.\",\"breadcrumb\":{\"@id\":\"https:\/\/www.bagnoitalia.com\/fr\/produit\/joseph-outdoor-corner-sofa-with-coffee-table-garden-furniture-anthracite-or-white-2.html#breadcrumb\"},\"inLanguage\":\"fr-FR\",\"potentialAction\":[{\"@type\":\"ReadAction\",\"target\":[\"https:\/\/www.bagnoitalia.com\/fr\/produit\/joseph-outdoor-corner-sofa-with-coffee-table-garden-furniture-anthracite-or-white-2.html\"]}]},{\"@type\":\"ImageObject\",\"inLanguage\":\"fr-FR\",\"@id\":\"https:\/\/www.bagnoitalia.com\/fr\/produit\/joseph-outdoor-corner-sofa-with-coffee-table-garden-furniture-anthracite-or-white-2.html#primaryimage\",\"url\":\"https:\/\/img.bagnoitalia.com\/wp-content\/uploads\/virtuemart\/product\/divano-da-esterno-joseph-con-tavolo-bianco-antracite-1.jpg\",\"contentUrl\":\"https:\/\/img.bagnoitalia.com\/wp-content\/uploads\/virtuemart\/product\/divano-da-esterno-joseph-con-tavolo-bianco-antracite-1.jpg\",\"width\":550,\"height\":550},{\"@type\":\"BreadcrumbList\",\"@id\":\"https:\/\/www.bagnoitalia.com\/fr\/produit\/joseph-outdoor-corner-sofa-with-coffee-table-garden-furniture-anthracite-or-white-2.html#breadcrumb\",\"itemListElement\":[{\"@type\":\"ListItem\",\"position\":1,\"name\":\"Home\",\"item\":\"https:\/\/www.bagnoitalia.com\/fr\"},{\"@type\":\"ListItem\",\"position\":2,\"name\":\"Produits\",\"item\":\"https:\/\/www.bagnoitalia.com\/fr\/shop\"},{\"@type\":\"ListItem\",\"position\":3,\"name\":\"Canap\u00e9 d&#8217;angle ext\u00e9rieur Joseph avec table basse mobilier de jardin anthracite ou blanc\"}]},{\"@type\":\"WebSite\",\"@id\":\"https:\/\/www.bagnoitalia.com\/fr#website\",\"url\":\"https:\/\/www.bagnoitalia.com\/fr\",\"name\":\"Bagno Italia\",\"description\":\"\",\"publisher\":{\"@id\":\"https:\/\/www.bagnoitalia.com\/fr#organization\"},\"potentialAction\":[{\"@type\":\"SearchAction\",\"target\":{\"@type\":\"EntryPoint\",\"urlTemplate\":\"https:\/\/www.bagnoitalia.com\/fr?s={search_term_string}\"},\"query-input\":{\"@type\":\"PropertyValueSpecification\",\"valueRequired\":true,\"valueName\":\"search_term_string\"}}],\"inLanguage\":\"fr-FR\"},{\"@type\":\"Organization\",\"@id\":\"https:\/\/www.bagnoitalia.com\/fr#organization\",\"name\":\"Bagno Italia\",\"url\":\"https:\/\/www.bagnoitalia.com\/fr\",\"logo\":{\"@type\":\"ImageObject\",\"inLanguage\":\"fr-FR\",\"@id\":\"https:\/\/www.bagnoitalia.com\/fr#\/schema\/logo\/image\/\",\"url\":\"https:\/\/img.bagnoitalia.com\/wp-content\/uploads\/logo-bagnoitalia.webp\",\"contentUrl\":\"https:\/\/img.bagnoitalia.com\/wp-content\/uploads\/logo-bagnoitalia.webp\",\"width\":400,\"height\":70,\"caption\":\"Bagno Italia\"},\"image\":{\"@id\":\"https:\/\/www.bagnoitalia.com\/fr#\/schema\/logo\/image\/\"}}]}<\/script>\n<!-- \/ Yoast SEO plugin. -->","yoast_head_json":{"title":"Canap\u00e9 d'angle ext\u00e9rieur Joseph avec table basse mobilier de jardin anthracite ou blanc","description":"Ensemble d'ext\u00e9rieur moderne, disponible en deux couleurs, avec structure en aluminium. L'ensemble comprend une table, un canap\u00e9 d'angle et des coussins pour l'assise et le dossier.","robots":{"index":"index","follow":"follow","max-snippet":"max-snippet:-1","max-image-preview":"max-image-preview:large","max-video-preview":"max-video-preview:-1"},"canonical":"https:\/\/www.bagnoitalia.com\/fr\/produit\/joseph-outdoor-corner-sofa-with-coffee-table-garden-furniture-anthracite-or-white-2.html","og_locale":"fr_FR","og_type":"article","og_title":"Canap\u00e9 d'angle ext\u00e9rieur Joseph avec table basse mobilier de jardin anthracite ou blanc","og_description":"Ensemble d'ext\u00e9rieur moderne, disponible en deux couleurs, avec structure en aluminium. L'ensemble comprend une table, un canap\u00e9 d'angle et des coussins pour l'assise et le dossier.","og_url":"https:\/\/www.bagnoitalia.com\/fr\/produit\/joseph-outdoor-corner-sofa-with-coffee-table-garden-furniture-anthracite-or-white-2.html","og_site_name":"Bagno Italia","article_modified_time":"2024-05-22T14:52:05+00:00","og_image":[{"width":550,"height":550,"url":"https:\/\/img.bagnoitalia.com\/wp-content\/uploads\/virtuemart\/product\/divano-da-esterno-joseph-con-tavolo-bianco-antracite-1.jpg","type":"image\/jpeg"}],"twitter_card":"summary_large_image","twitter_misc":{"Dur\u00e9e de lecture estim\u00e9e":"1 minute"},"schema":{"@context":"https:\/\/schema.org","@graph":[{"@type":"WebPage","@id":"https:\/\/www.bagnoitalia.com\/fr\/produit\/joseph-outdoor-corner-sofa-with-coffee-table-garden-furniture-anthracite-or-white-2.html","url":"https:\/\/www.bagnoitalia.com\/fr\/produit\/joseph-outdoor-corner-sofa-with-coffee-table-garden-furniture-anthracite-or-white-2.html","name":"Canap\u00e9 d'angle ext\u00e9rieur Joseph avec table basse mobilier de jardin anthracite ou blanc","isPartOf":{"@id":"https:\/\/www.bagnoitalia.com\/fr#website"},"primaryImageOfPage":{"@id":"https:\/\/www.bagnoitalia.com\/fr\/produit\/joseph-outdoor-corner-sofa-with-coffee-table-garden-furniture-anthracite-or-white-2.html#primaryimage"},"image":{"@id":"https:\/\/www.bagnoitalia.com\/fr\/produit\/joseph-outdoor-corner-sofa-with-coffee-table-garden-furniture-anthracite-or-white-2.html#primaryimage"},"thumbnailUrl":"https:\/\/img.bagnoitalia.com\/wp-content\/uploads\/virtuemart\/product\/divano-da-esterno-joseph-con-tavolo-bianco-antracite-1.jpg","datePublished":"2024-02-09T14:01:30+00:00","dateModified":"2024-05-22T14:52:05+00:00","description":"Ensemble d'ext\u00e9rieur moderne, disponible en deux couleurs, avec structure en aluminium. L'ensemble comprend une table, un canap\u00e9 d'angle et des coussins pour l'assise et le dossier.","breadcrumb":{"@id":"https:\/\/www.bagnoitalia.com\/fr\/produit\/joseph-outdoor-corner-sofa-with-coffee-table-garden-furniture-anthracite-or-white-2.html#breadcrumb"},"inLanguage":"fr-FR","potentialAction":[{"@type":"ReadAction","target":["https:\/\/www.bagnoitalia.com\/fr\/produit\/joseph-outdoor-corner-sofa-with-coffee-table-garden-furniture-anthracite-or-white-2.html"]}]},{"@type":"ImageObject","inLanguage":"fr-FR","@id":"https:\/\/www.bagnoitalia.com\/fr\/produit\/joseph-outdoor-corner-sofa-with-coffee-table-garden-furniture-anthracite-or-white-2.html#primaryimage","url":"https:\/\/img.bagnoitalia.com\/wp-content\/uploads\/virtuemart\/product\/divano-da-esterno-joseph-con-tavolo-bianco-antracite-1.jpg","contentUrl":"https:\/\/img.bagnoitalia.com\/wp-content\/uploads\/virtuemart\/product\/divano-da-esterno-joseph-con-tavolo-bianco-antracite-1.jpg","width":550,"height":550},{"@type":"BreadcrumbList","@id":"https:\/\/www.bagnoitalia.com\/fr\/produit\/joseph-outdoor-corner-sofa-with-coffee-table-garden-furniture-anthracite-or-white-2.html#breadcrumb","itemListElement":[{"@type":"ListItem","position":1,"name":"Home","item":"https:\/\/www.bagnoitalia.com\/fr"},{"@type":"ListItem","position":2,"name":"Produits","item":"https:\/\/www.bagnoitalia.com\/fr\/shop"},{"@type":"ListItem","position":3,"name":"Canap\u00e9 d&#8217;angle ext\u00e9rieur Joseph avec table basse mobilier de jardin anthracite ou blanc"}]},{"@type":"WebSite","@id":"https:\/\/www.bagnoitalia.com\/fr#website","url":"https:\/\/www.bagnoitalia.com\/fr","name":"Bagno Italia","description":"","publisher":{"@id":"https:\/\/www.bagnoitalia.com\/fr#organization"},"potentialAction":[{"@type":"SearchAction","target":{"@type":"EntryPoint","urlTemplate":"https:\/\/www.bagnoitalia.com\/fr?s={search_term_string}"},"query-input":{"@type":"PropertyValueSpecification","valueRequired":true,"valueName":"search_term_string"}}],"inLanguage":"fr-FR"},{"@type":"Organization","@id":"https:\/\/www.bagnoitalia.com\/fr#organization","name":"Bagno Italia","url":"https:\/\/www.bagnoitalia.com\/fr","logo":{"@type":"ImageObject","inLanguage":"fr-FR","@id":"https:\/\/www.bagnoitalia.com\/fr#\/schema\/logo\/image\/","url":"https:\/\/img.bagnoitalia.com\/wp-content\/uploads\/logo-bagnoitalia.webp","contentUrl":"https:\/\/img.bagnoitalia.com\/wp-content\/uploads\/logo-bagnoitalia.webp","width":400,"height":70,"caption":"Bagno Italia"},"image":{"@id":"https:\/\/www.bagnoitalia.com\/fr#\/schema\/logo\/image\/"}}]}},"_links":{"self":[{"href":"https:\/\/www.bagnoitalia.com\/fr\/wp-json\/wp\/v2\/product\/83981","targetHints":{"allow":["GET"]}}],"collection":[{"href":"https:\/\/www.bagnoitalia.com\/fr\/wp-json\/wp\/v2\/product"}],"about":[{"href":"https:\/\/www.bagnoitalia.com\/fr\/wp-json\/wp\/v2\/types\/product"}],"replies":[{"embeddable":true,"href":"https:\/\/www.bagnoitalia.com\/fr\/wp-json\/wp\/v2\/comments?post=83981"}],"version-history":[{"count":1,"href":"https:\/\/www.bagnoitalia.com\/fr\/wp-json\/wp\/v2\/product\/83981\/revisions"}],"predecessor-version":[{"id":87673,"href":"https:\/\/www.bagnoitalia.com\/fr\/wp-json\/wp\/v2\/product\/83981\/revisions\/87673"}],"wp:featuredmedia":[{"embeddable":true,"href":"https:\/\/www.bagnoitalia.com\/fr\/wp-json\/wp\/v2\/media\/71745"}],"wp:attachment":[{"href":"https:\/\/www.bagnoitalia.com\/fr\/wp-json\/wp\/v2\/media?parent=83981"}],"wp:term":[{"taxonomy":"product_brand","embeddable":true,"href":"https:\/\/www.bagnoitalia.com\/fr\/wp-json\/wp\/v2\/product_brand?post=83981"},{"taxonomy":"product_cat","embeddable":true,"href":"https:\/\/www.bagnoitalia.com\/fr\/wp-json\/wp\/v2\/product_cat?post=83981"},{"taxonomy":"product_tag","embeddable":true,"href":"https:\/\/www.bagnoitalia.com\/fr\/wp-json\/wp\/v2\/product_tag?post=83981"}],"curies":[{"name":"wp","href":"https:\/\/api.w.org\/{rel}","templated":true}]}}