{"id":83945,"date":"2024-02-05T15:32:15","date_gmt":"2024-02-05T14:32:15","guid":{"rendered":"https:\/\/www.bagnoitalia.com\/product\/wolf2-135-270-cm-extendable-outdoor-table-garden-furniture-anthracite-white-mole-taupe-2"},"modified":"2024-06-04T15:09:16","modified_gmt":"2024-06-04T13:09:16","slug":"wolf2-135-270-cm-extendable-outdoor-table-garden-furniture-anthracite-white-mole-taupe-2","status":"publish","type":"product","link":"https:\/\/www.bagnoitalia.com\/fr\/produit\/wolf2-135-270-cm-extendable-outdoor-table-garden-furniture-anthracite-white-mole-taupe-2.html","title":{"rendered":"Wolf2 Table d&rsquo;ext\u00e9rieur extensible 135\/270 cm Mobilier de jardin anthracite blanc taupe"},"content":{"rendered":"<p>TABLE DE JARDIN ELONGATABLE mod\u00e8le \u00ab\u00a0WOLF2<\/p>\n<p>&nbsp;<\/p>\n<p>&nbsp;<\/p>\n<p>&nbsp;<\/p>\n<p>D\u00c9TAILS DU PRODUIT<\/p>\n<p>Table d&rsquo;ext\u00e9rieur rectangulaire<\/p>\n<p>Type extensible<\/p>\n<p>Structure en aluminium, dans les couleurs : anthracite, blanc, taupe<\/p>\n<p>Longueur minimum 135 cm<\/p>\n<p>Longueur maximale 270 cm<\/p>\n<p>Profondeur 90 cm<\/p>\n<p>Hauteur 75 cm<\/p>\n<p>&nbsp;<\/p>\n<p>&nbsp;<\/p>\n<p><span style=\"background-color: inherit; color: inherit; caret-color: auto;\">NB : Les chaises ne sont pas incluses dans l&rsquo;offre ; il est possible de combiner 4 \u00e0 12 chaises (avec structure en aluminium et assise en polypropyl\u00e8ne, 63x55xH79cm) en les s\u00e9lectionnant dans le menu d\u00e9roulant. <\/span><\/p>\n<p>&nbsp;<\/p>\n<p>&nbsp;<\/p>\n<p>&nbsp;<\/p>\n<p>&nbsp;<\/p>\n<p>&nbsp;<\/p>\n<p>&nbsp;<\/p>\n<p>&nbsp;<\/p>\n<p>&nbsp;<\/p>\n<p>&nbsp;<\/p>\n<p>&nbsp;<\/p>\n<p>&nbsp;<\/p>\n<p>&nbsp;<\/p>\n<p>&nbsp;<\/p>\n<p>&nbsp;<\/p>\n<p>&nbsp;<\/p>\n<p>&nbsp;<\/p>\n<p>&nbsp;<\/p>\n<p>&nbsp;<\/p>\n<p>&nbsp;<\/p>\n<p>&nbsp;<\/p>\n<p>&nbsp;<\/p>\n<p>&nbsp;<\/p>\n<p>&nbsp;<\/p>\n<p>AT804174<\/p>\n<p><span style=\"font-size: 8pt;\">AT804175<\/span><\/p>\n","protected":false},"excerpt":{"rendered":"<p>Table basse rectangulaire pour l&rsquo;ext\u00e9rieur, en aluminium, disponible en 4 finitions modernes. Extensible de 135 \u00e0 270 cm. Hauteur 75 cm.<\/p>\n","protected":false},"featured_media":71225,"comment_status":"open","ping_status":"closed","template":"","meta":[],"product_brand":[5004],"product_cat":[10027,9783],"product_tag":[],"class_list":{"0":"post-83945","1":"product","2":"type-product","3":"status-publish","4":"has-post-thumbnail","6":"product_brand-vari-produttori","7":"product_cat-tables-avec-chaises","8":"product_cat-mobilier-d-39-exterieur","10":"first","11":"instock","12":"sale","13":"taxable","14":"shipping-taxable","15":"purchasable","16":"product-type-simple"},"exclude_global_add_ons":false,"addons":[{"name":"Couleur","type":"multiple_choice","position":0,"required":true,"title_format":"heading","default":"","description_enable":false,"description":"","placeholder_enable":false,"placeholder":"","display":"select","restrictions_type":"any_text","adjust_price":false,"price":"","price_type":"flat_fee","restrictions":false,"min":"0","max":"0","options":[{"label":"Anthracite","price":"","price_type":"quantity_based","image":0,"visibility":true},{"label":"Blanc","price":"","price_type":"quantity_based","image":0,"visibility":true},{"label":"taupe","price":"","price_type":"quantity_based","image":0,"visibility":true},{"label":"Non disponible - gris tourterelle","price":"","price_type":"quantity_based","image":0,"visibility":true}],"id":1717513756},{"name":"chaises","type":"multiple_choice","position":1,"required":true,"title_format":"heading","default":"","description_enable":false,"description":"","placeholder_enable":false,"placeholder":"","display":"select","restrictions_type":"any_text","adjust_price":false,"price":"","price_type":"flat_fee","restrictions":false,"min":"0","max":"0","options":[{"label":"PAS de chaises","price":"","price_type":"quantity_based","image":0,"visibility":true},{"label":"n. 4 chaises","price":"520","price_type":"quantity_based","image":0,"visibility":true},{"label":"n. 6 chaises","price":"780","price_type":"quantity_based","image":0,"visibility":true},{"label":"n. 8 chaises","price":"1040","price_type":"quantity_based","image":0,"visibility":true},{"label":"n. 10 chaises","price":"1300","price_type":"quantity_based","image":0,"visibility":true},{"label":"n. 12 chaises","price":"1560","price_type":"quantity_based","image":0,"visibility":true}],"id":1717513757}],"yoast_head":"<!-- This site is optimized with the Yoast SEO plugin v26.7 - https:\/\/yoast.com\/wordpress\/plugins\/seo\/ -->\n<title>Wolf2 Table d&#039;ext\u00e9rieur extensible 135\/270 cm Mobilier de jardin anthracite blanc taupe<\/title>\n<meta name=\"description\" content=\"Table basse rectangulaire pour l&#039;ext\u00e9rieur, en aluminium, disponible en 4 finitions modernes. Extensible de 135 \u00e0 270 cm. Hauteur 75 cm.\" \/>\n<meta name=\"robots\" content=\"index, follow, max-snippet:-1, max-image-preview:large, max-video-preview:-1\" \/>\n<link rel=\"canonical\" href=\"https:\/\/www.bagnoitalia.com\/fr\/produit\/wolf2-135-270-cm-extendable-outdoor-table-garden-furniture-anthracite-white-mole-taupe-2.html\" \/>\n<meta property=\"og:locale\" content=\"fr_FR\" \/>\n<meta property=\"og:type\" content=\"article\" \/>\n<meta property=\"og:title\" content=\"Wolf2 Table d&#039;ext\u00e9rieur extensible 135\/270 cm Mobilier de jardin anthracite blanc taupe\" \/>\n<meta property=\"og:description\" content=\"Table basse rectangulaire pour l&#039;ext\u00e9rieur, en aluminium, disponible en 4 finitions modernes. Extensible de 135 \u00e0 270 cm. Hauteur 75 cm.\" \/>\n<meta property=\"og:url\" content=\"https:\/\/www.bagnoitalia.com\/fr\/produit\/wolf2-135-270-cm-extendable-outdoor-table-garden-furniture-anthracite-white-mole-taupe-2.html\" \/>\n<meta property=\"og:site_name\" content=\"Bagno Italia\" \/>\n<meta property=\"article:modified_time\" content=\"2024-06-04T13:09:16+00:00\" \/>\n<meta property=\"og:image\" content=\"https:\/\/img.bagnoitalia.com\/wp-content\/uploads\/virtuemart\/product\/tavolo-giardino-allungabile-135-270-wolf2-1.jpg\" \/>\n\t<meta property=\"og:image:width\" content=\"550\" \/>\n\t<meta property=\"og:image:height\" content=\"550\" \/>\n\t<meta property=\"og:image:type\" content=\"image\/jpeg\" \/>\n<meta name=\"twitter:card\" content=\"summary_large_image\" \/>\n<meta name=\"twitter:label1\" content=\"Dur\u00e9e de lecture estim\u00e9e\" \/>\n\t<meta name=\"twitter:data1\" content=\"1 minute\" \/>\n<script type=\"application\/ld+json\" class=\"yoast-schema-graph\">{\"@context\":\"https:\/\/schema.org\",\"@graph\":[{\"@type\":\"WebPage\",\"@id\":\"https:\/\/www.bagnoitalia.com\/fr\/produit\/wolf2-135-270-cm-extendable-outdoor-table-garden-furniture-anthracite-white-mole-taupe-2.html\",\"url\":\"https:\/\/www.bagnoitalia.com\/fr\/produit\/wolf2-135-270-cm-extendable-outdoor-table-garden-furniture-anthracite-white-mole-taupe-2.html\",\"name\":\"Wolf2 Table d'ext\u00e9rieur extensible 135\/270 cm Mobilier de jardin anthracite blanc taupe\",\"isPartOf\":{\"@id\":\"https:\/\/www.bagnoitalia.com\/fr#website\"},\"primaryImageOfPage\":{\"@id\":\"https:\/\/www.bagnoitalia.com\/fr\/produit\/wolf2-135-270-cm-extendable-outdoor-table-garden-furniture-anthracite-white-mole-taupe-2.html#primaryimage\"},\"image\":{\"@id\":\"https:\/\/www.bagnoitalia.com\/fr\/produit\/wolf2-135-270-cm-extendable-outdoor-table-garden-furniture-anthracite-white-mole-taupe-2.html#primaryimage\"},\"thumbnailUrl\":\"https:\/\/img.bagnoitalia.com\/wp-content\/uploads\/virtuemart\/product\/tavolo-giardino-allungabile-135-270-wolf2-1.jpg\",\"datePublished\":\"2024-02-05T14:32:15+00:00\",\"dateModified\":\"2024-06-04T13:09:16+00:00\",\"description\":\"Table basse rectangulaire pour l'ext\u00e9rieur, en aluminium, disponible en 4 finitions modernes. Extensible de 135 \u00e0 270 cm. Hauteur 75 cm.\",\"breadcrumb\":{\"@id\":\"https:\/\/www.bagnoitalia.com\/fr\/produit\/wolf2-135-270-cm-extendable-outdoor-table-garden-furniture-anthracite-white-mole-taupe-2.html#breadcrumb\"},\"inLanguage\":\"fr-FR\",\"potentialAction\":[{\"@type\":\"ReadAction\",\"target\":[\"https:\/\/www.bagnoitalia.com\/fr\/produit\/wolf2-135-270-cm-extendable-outdoor-table-garden-furniture-anthracite-white-mole-taupe-2.html\"]}]},{\"@type\":\"ImageObject\",\"inLanguage\":\"fr-FR\",\"@id\":\"https:\/\/www.bagnoitalia.com\/fr\/produit\/wolf2-135-270-cm-extendable-outdoor-table-garden-furniture-anthracite-white-mole-taupe-2.html#primaryimage\",\"url\":\"https:\/\/img.bagnoitalia.com\/wp-content\/uploads\/virtuemart\/product\/tavolo-giardino-allungabile-135-270-wolf2-1.jpg\",\"contentUrl\":\"https:\/\/img.bagnoitalia.com\/wp-content\/uploads\/virtuemart\/product\/tavolo-giardino-allungabile-135-270-wolf2-1.jpg\",\"width\":550,\"height\":550},{\"@type\":\"BreadcrumbList\",\"@id\":\"https:\/\/www.bagnoitalia.com\/fr\/produit\/wolf2-135-270-cm-extendable-outdoor-table-garden-furniture-anthracite-white-mole-taupe-2.html#breadcrumb\",\"itemListElement\":[{\"@type\":\"ListItem\",\"position\":1,\"name\":\"Home\",\"item\":\"https:\/\/www.bagnoitalia.com\/fr\"},{\"@type\":\"ListItem\",\"position\":2,\"name\":\"Produits\",\"item\":\"https:\/\/www.bagnoitalia.com\/fr\/shop\"},{\"@type\":\"ListItem\",\"position\":3,\"name\":\"Wolf2 Table d&#8217;ext\u00e9rieur extensible 135\/270 cm Mobilier de jardin anthracite blanc taupe\"}]},{\"@type\":\"WebSite\",\"@id\":\"https:\/\/www.bagnoitalia.com\/fr#website\",\"url\":\"https:\/\/www.bagnoitalia.com\/fr\",\"name\":\"Bagno Italia\",\"description\":\"\",\"publisher\":{\"@id\":\"https:\/\/www.bagnoitalia.com\/fr#organization\"},\"potentialAction\":[{\"@type\":\"SearchAction\",\"target\":{\"@type\":\"EntryPoint\",\"urlTemplate\":\"https:\/\/www.bagnoitalia.com\/fr?s={search_term_string}\"},\"query-input\":{\"@type\":\"PropertyValueSpecification\",\"valueRequired\":true,\"valueName\":\"search_term_string\"}}],\"inLanguage\":\"fr-FR\"},{\"@type\":\"Organization\",\"@id\":\"https:\/\/www.bagnoitalia.com\/fr#organization\",\"name\":\"Bagno Italia\",\"url\":\"https:\/\/www.bagnoitalia.com\/fr\",\"logo\":{\"@type\":\"ImageObject\",\"inLanguage\":\"fr-FR\",\"@id\":\"https:\/\/www.bagnoitalia.com\/fr#\/schema\/logo\/image\/\",\"url\":\"https:\/\/img.bagnoitalia.com\/wp-content\/uploads\/logo-bagnoitalia.webp\",\"contentUrl\":\"https:\/\/img.bagnoitalia.com\/wp-content\/uploads\/logo-bagnoitalia.webp\",\"width\":400,\"height\":70,\"caption\":\"Bagno Italia\"},\"image\":{\"@id\":\"https:\/\/www.bagnoitalia.com\/fr#\/schema\/logo\/image\/\"}}]}<\/script>\n<!-- \/ Yoast SEO plugin. -->","yoast_head_json":{"title":"Wolf2 Table d'ext\u00e9rieur extensible 135\/270 cm Mobilier de jardin anthracite blanc taupe","description":"Table basse rectangulaire pour l'ext\u00e9rieur, en aluminium, disponible en 4 finitions modernes. Extensible de 135 \u00e0 270 cm. Hauteur 75 cm.","robots":{"index":"index","follow":"follow","max-snippet":"max-snippet:-1","max-image-preview":"max-image-preview:large","max-video-preview":"max-video-preview:-1"},"canonical":"https:\/\/www.bagnoitalia.com\/fr\/produit\/wolf2-135-270-cm-extendable-outdoor-table-garden-furniture-anthracite-white-mole-taupe-2.html","og_locale":"fr_FR","og_type":"article","og_title":"Wolf2 Table d'ext\u00e9rieur extensible 135\/270 cm Mobilier de jardin anthracite blanc taupe","og_description":"Table basse rectangulaire pour l'ext\u00e9rieur, en aluminium, disponible en 4 finitions modernes. Extensible de 135 \u00e0 270 cm. Hauteur 75 cm.","og_url":"https:\/\/www.bagnoitalia.com\/fr\/produit\/wolf2-135-270-cm-extendable-outdoor-table-garden-furniture-anthracite-white-mole-taupe-2.html","og_site_name":"Bagno Italia","article_modified_time":"2024-06-04T13:09:16+00:00","og_image":[{"width":550,"height":550,"url":"https:\/\/img.bagnoitalia.com\/wp-content\/uploads\/virtuemart\/product\/tavolo-giardino-allungabile-135-270-wolf2-1.jpg","type":"image\/jpeg"}],"twitter_card":"summary_large_image","twitter_misc":{"Dur\u00e9e de lecture estim\u00e9e":"1 minute"},"schema":{"@context":"https:\/\/schema.org","@graph":[{"@type":"WebPage","@id":"https:\/\/www.bagnoitalia.com\/fr\/produit\/wolf2-135-270-cm-extendable-outdoor-table-garden-furniture-anthracite-white-mole-taupe-2.html","url":"https:\/\/www.bagnoitalia.com\/fr\/produit\/wolf2-135-270-cm-extendable-outdoor-table-garden-furniture-anthracite-white-mole-taupe-2.html","name":"Wolf2 Table d'ext\u00e9rieur extensible 135\/270 cm Mobilier de jardin anthracite blanc taupe","isPartOf":{"@id":"https:\/\/www.bagnoitalia.com\/fr#website"},"primaryImageOfPage":{"@id":"https:\/\/www.bagnoitalia.com\/fr\/produit\/wolf2-135-270-cm-extendable-outdoor-table-garden-furniture-anthracite-white-mole-taupe-2.html#primaryimage"},"image":{"@id":"https:\/\/www.bagnoitalia.com\/fr\/produit\/wolf2-135-270-cm-extendable-outdoor-table-garden-furniture-anthracite-white-mole-taupe-2.html#primaryimage"},"thumbnailUrl":"https:\/\/img.bagnoitalia.com\/wp-content\/uploads\/virtuemart\/product\/tavolo-giardino-allungabile-135-270-wolf2-1.jpg","datePublished":"2024-02-05T14:32:15+00:00","dateModified":"2024-06-04T13:09:16+00:00","description":"Table basse rectangulaire pour l'ext\u00e9rieur, en aluminium, disponible en 4 finitions modernes. Extensible de 135 \u00e0 270 cm. Hauteur 75 cm.","breadcrumb":{"@id":"https:\/\/www.bagnoitalia.com\/fr\/produit\/wolf2-135-270-cm-extendable-outdoor-table-garden-furniture-anthracite-white-mole-taupe-2.html#breadcrumb"},"inLanguage":"fr-FR","potentialAction":[{"@type":"ReadAction","target":["https:\/\/www.bagnoitalia.com\/fr\/produit\/wolf2-135-270-cm-extendable-outdoor-table-garden-furniture-anthracite-white-mole-taupe-2.html"]}]},{"@type":"ImageObject","inLanguage":"fr-FR","@id":"https:\/\/www.bagnoitalia.com\/fr\/produit\/wolf2-135-270-cm-extendable-outdoor-table-garden-furniture-anthracite-white-mole-taupe-2.html#primaryimage","url":"https:\/\/img.bagnoitalia.com\/wp-content\/uploads\/virtuemart\/product\/tavolo-giardino-allungabile-135-270-wolf2-1.jpg","contentUrl":"https:\/\/img.bagnoitalia.com\/wp-content\/uploads\/virtuemart\/product\/tavolo-giardino-allungabile-135-270-wolf2-1.jpg","width":550,"height":550},{"@type":"BreadcrumbList","@id":"https:\/\/www.bagnoitalia.com\/fr\/produit\/wolf2-135-270-cm-extendable-outdoor-table-garden-furniture-anthracite-white-mole-taupe-2.html#breadcrumb","itemListElement":[{"@type":"ListItem","position":1,"name":"Home","item":"https:\/\/www.bagnoitalia.com\/fr"},{"@type":"ListItem","position":2,"name":"Produits","item":"https:\/\/www.bagnoitalia.com\/fr\/shop"},{"@type":"ListItem","position":3,"name":"Wolf2 Table d&#8217;ext\u00e9rieur extensible 135\/270 cm Mobilier de jardin anthracite blanc taupe"}]},{"@type":"WebSite","@id":"https:\/\/www.bagnoitalia.com\/fr#website","url":"https:\/\/www.bagnoitalia.com\/fr","name":"Bagno Italia","description":"","publisher":{"@id":"https:\/\/www.bagnoitalia.com\/fr#organization"},"potentialAction":[{"@type":"SearchAction","target":{"@type":"EntryPoint","urlTemplate":"https:\/\/www.bagnoitalia.com\/fr?s={search_term_string}"},"query-input":{"@type":"PropertyValueSpecification","valueRequired":true,"valueName":"search_term_string"}}],"inLanguage":"fr-FR"},{"@type":"Organization","@id":"https:\/\/www.bagnoitalia.com\/fr#organization","name":"Bagno Italia","url":"https:\/\/www.bagnoitalia.com\/fr","logo":{"@type":"ImageObject","inLanguage":"fr-FR","@id":"https:\/\/www.bagnoitalia.com\/fr#\/schema\/logo\/image\/","url":"https:\/\/img.bagnoitalia.com\/wp-content\/uploads\/logo-bagnoitalia.webp","contentUrl":"https:\/\/img.bagnoitalia.com\/wp-content\/uploads\/logo-bagnoitalia.webp","width":400,"height":70,"caption":"Bagno Italia"},"image":{"@id":"https:\/\/www.bagnoitalia.com\/fr#\/schema\/logo\/image\/"}}]}},"_links":{"self":[{"href":"https:\/\/www.bagnoitalia.com\/fr\/wp-json\/wp\/v2\/product\/83945","targetHints":{"allow":["GET"]}}],"collection":[{"href":"https:\/\/www.bagnoitalia.com\/fr\/wp-json\/wp\/v2\/product"}],"about":[{"href":"https:\/\/www.bagnoitalia.com\/fr\/wp-json\/wp\/v2\/types\/product"}],"replies":[{"embeddable":true,"href":"https:\/\/www.bagnoitalia.com\/fr\/wp-json\/wp\/v2\/comments?post=83945"}],"version-history":[{"count":1,"href":"https:\/\/www.bagnoitalia.com\/fr\/wp-json\/wp\/v2\/product\/83945\/revisions"}],"predecessor-version":[{"id":89302,"href":"https:\/\/www.bagnoitalia.com\/fr\/wp-json\/wp\/v2\/product\/83945\/revisions\/89302"}],"wp:featuredmedia":[{"embeddable":true,"href":"https:\/\/www.bagnoitalia.com\/fr\/wp-json\/wp\/v2\/media\/71225"}],"wp:attachment":[{"href":"https:\/\/www.bagnoitalia.com\/fr\/wp-json\/wp\/v2\/media?parent=83945"}],"wp:term":[{"taxonomy":"product_brand","embeddable":true,"href":"https:\/\/www.bagnoitalia.com\/fr\/wp-json\/wp\/v2\/product_brand?post=83945"},{"taxonomy":"product_cat","embeddable":true,"href":"https:\/\/www.bagnoitalia.com\/fr\/wp-json\/wp\/v2\/product_cat?post=83945"},{"taxonomy":"product_tag","embeddable":true,"href":"https:\/\/www.bagnoitalia.com\/fr\/wp-json\/wp\/v2\/product_tag?post=83945"}],"curies":[{"name":"wp","href":"https:\/\/api.w.org\/{rel}","templated":true}]}}