{"id":83941,"date":"2024-02-01T16:29:32","date_gmt":"2024-02-01T15:29:32","guid":{"rendered":"https:\/\/www.bagnoitalia.com\/product\/wolf-extending-table-90-180-cm-outdoor-furniture-in-aluminium-available-in-4-colours-2"},"modified":"2024-06-18T14:30:25","modified_gmt":"2024-06-18T12:30:25","slug":"wolf-extending-table-90-180-cm-outdoor-furniture-in-aluminium-available-in-4-colours-2","status":"publish","type":"product","link":"https:\/\/www.bagnoitalia.com\/fr\/produit\/wolf-extending-table-90-180-cm-outdoor-furniture-in-aluminium-available-in-4-colours-2.html","title":{"rendered":"Table \u00e0 rallonge \u00ab\u00a0Wolf\u00a0\u00bb 90\/180 cm mobilier d&rsquo;ext\u00e9rieur en aluminium disponible en 4 couleurs"},"content":{"rendered":"<p>TABLE D&rsquo;EXT\u00c9RIEUR 90\/180 cm \u00ab\u00a0WOLF\u00a0\u00bb<\/p>\n<p>&nbsp;<\/p>\n<p>&nbsp;<\/p>\n<p>CARACT\u00c9RISTIQUES PRINCIPALES<\/p>\n<p>Table \u00e0 rallonge enti\u00e8rement r\u00e9alis\u00e9e en aluminium<\/p>\n<p>Disponible en 3 finitions<\/p>\n<p>&#8211; anthracite<br \/>\n&#8211; blanc<br \/>\n&#8211; taupe<br \/>\n&#8211; tourterelle<\/p>\n<p>Extensible de 90 \u00e0 180 cm<\/p>\n<p>Profondeur 90 cm<\/p>\n<p>Hauteur totale 75 cm<\/p>\n<p>Convient pour l&rsquo;ext\u00e9rieur<\/p>\n<p>&nbsp;<\/p>\n<p>NB : il est possible de combiner de 4 \u00e0 12 chaises (avec structure en aluminium et assise en polypropyl\u00e8ne, 63x55xH79cm) en les s\u00e9lectionnant dans le menu d\u00e9roulant.<\/p>\n<p>&nbsp;<\/p>\n<p>&nbsp;<\/p>\n<p>&nbsp;<\/p>\n<p>&nbsp;<\/p>\n<p>&nbsp;<\/p>\n<p>&nbsp;<\/p>\n<p>&nbsp;<\/p>\n<p>&nbsp;<\/p>\n<p>&nbsp;<\/p>\n<p>&nbsp;<\/p>\n<p>&nbsp;<\/p>\n<p>&nbsp;<\/p>\n<p>&nbsp;<\/p>\n<p>&nbsp;<\/p>\n<p>&nbsp;<\/p>\n<p>&nbsp;<\/p>\n<p>&nbsp;<\/p>\n<p>&nbsp;<\/p>\n<p>&nbsp;<\/p>\n<p>AT804173<\/p>\n<p><span style=\"font-size: 8pt;\">AT804175<\/span><\/p>\n","protected":false},"excerpt":{"rendered":"<p>Table carr\u00e9e 90&#215;90 cm convertible en table rectangulaire 180&#215;90 cm. Disponible en anthracite, blanc, taupe, gris tourterelle. Convient pour les jardins et les environnements ext\u00e9rieurs.<\/p>\n","protected":false},"featured_media":71129,"comment_status":"open","ping_status":"closed","template":"","meta":[],"product_brand":[5004],"product_cat":[10027,9783],"product_tag":[],"class_list":{"0":"post-83941","1":"product","2":"type-product","3":"status-publish","4":"has-post-thumbnail","6":"product_brand-vari-produttori","7":"product_cat-tables-avec-chaises","8":"product_cat-mobilier-d-39-exterieur","10":"first","11":"instock","12":"sale","13":"taxable","14":"shipping-taxable","15":"purchasable","16":"product-type-simple"},"exclude_global_add_ons":false,"addons":[{"name":"Couleur","type":"multiple_choice","position":0,"required":true,"title_format":"heading","default":"","description_enable":false,"description":"","placeholder_enable":false,"placeholder":"","display":"select","restrictions_type":"any_text","adjust_price":false,"price":"","price_type":"flat_fee","restrictions":false,"min":"0","max":"0","options":[{"label":"anthracite","price":"","price_type":"quantity_based","image":0,"visibility":true},{"label":"taupe","price":"","price_type":"quantity_based","image":0,"visibility":true},{"label":"gris tourterelle","price":"","price_type":"quantity_based","image":0,"visibility":true},{"label":"Non disponible - blanc","price":"","price_type":"quantity_based","image":0,"visibility":true}],"id":1718721025},{"name":"chaises","type":"multiple_choice","position":1,"required":true,"title_format":"heading","default":"","description_enable":false,"description":"","placeholder_enable":false,"placeholder":"","display":"select","restrictions_type":"any_text","adjust_price":false,"price":"","price_type":"flat_fee","restrictions":false,"min":"0","max":"0","options":[{"label":"PAS de chaises","price":"","price_type":"quantity_based","image":0,"visibility":true},{"label":"n. 4 chaises","price":"520","price_type":"quantity_based","image":0,"visibility":true},{"label":"n. 6 chaises","price":"780","price_type":"quantity_based","image":0,"visibility":true},{"label":"n. 8 chaises","price":"1040","price_type":"quantity_based","image":0,"visibility":true},{"label":"n. 10 chaises","price":"1300","price_type":"quantity_based","image":0,"visibility":true},{"label":"n. 12 chaises","price":"1560","price_type":"quantity_based","image":0,"visibility":true}],"id":1718721026}],"yoast_head":"<!-- This site is optimized with the Yoast SEO plugin v26.7 - https:\/\/yoast.com\/wordpress\/plugins\/seo\/ -->\n<title>Table \u00e0 rallonge<\/title>\n<meta name=\"description\" content=\"Table carr\u00e9e 90x90 cm convertible en table rectangulaire 180x90 cm. Disponible en anthracite, blanc, taupe, gris tourterelle. Convient pour les jardins et les environnements ext\u00e9rieurs.\" \/>\n<meta name=\"robots\" content=\"index, follow, max-snippet:-1, max-image-preview:large, max-video-preview:-1\" \/>\n<link rel=\"canonical\" href=\"https:\/\/www.bagnoitalia.com\/fr\/produit\/wolf-extending-table-90-180-cm-outdoor-furniture-in-aluminium-available-in-4-colours-2.html\" \/>\n<meta property=\"og:locale\" content=\"fr_FR\" \/>\n<meta property=\"og:type\" content=\"article\" \/>\n<meta property=\"og:title\" content=\"Table \u00e0 rallonge\" \/>\n<meta property=\"og:description\" content=\"Table carr\u00e9e 90x90 cm convertible en table rectangulaire 180x90 cm. Disponible en anthracite, blanc, taupe, gris tourterelle. Convient pour les jardins et les environnements ext\u00e9rieurs.\" \/>\n<meta property=\"og:url\" content=\"https:\/\/www.bagnoitalia.com\/fr\/produit\/wolf-extending-table-90-180-cm-outdoor-furniture-in-aluminium-available-in-4-colours-2.html\" \/>\n<meta property=\"og:site_name\" content=\"Bagno Italia\" \/>\n<meta property=\"article:modified_time\" content=\"2024-06-18T12:30:25+00:00\" \/>\n<meta property=\"og:image\" content=\"https:\/\/img.bagnoitalia.com\/wp-content\/uploads\/virtuemart\/product\/NUOVI-PRODOTTI107-1.jpg\" \/>\n\t<meta property=\"og:image:width\" content=\"550\" \/>\n\t<meta property=\"og:image:height\" content=\"550\" \/>\n\t<meta property=\"og:image:type\" content=\"image\/jpeg\" \/>\n<meta name=\"twitter:card\" content=\"summary_large_image\" \/>\n<meta name=\"twitter:label1\" content=\"Dur\u00e9e de lecture estim\u00e9e\" \/>\n\t<meta name=\"twitter:data1\" content=\"1 minute\" \/>\n<script type=\"application\/ld+json\" class=\"yoast-schema-graph\">{\"@context\":\"https:\/\/schema.org\",\"@graph\":[{\"@type\":\"WebPage\",\"@id\":\"https:\/\/www.bagnoitalia.com\/fr\/produit\/wolf-extending-table-90-180-cm-outdoor-furniture-in-aluminium-available-in-4-colours-2.html\",\"url\":\"https:\/\/www.bagnoitalia.com\/fr\/produit\/wolf-extending-table-90-180-cm-outdoor-furniture-in-aluminium-available-in-4-colours-2.html\",\"name\":\"Table \u00e0 rallonge\",\"isPartOf\":{\"@id\":\"https:\/\/www.bagnoitalia.com\/fr#website\"},\"primaryImageOfPage\":{\"@id\":\"https:\/\/www.bagnoitalia.com\/fr\/produit\/wolf-extending-table-90-180-cm-outdoor-furniture-in-aluminium-available-in-4-colours-2.html#primaryimage\"},\"image\":{\"@id\":\"https:\/\/www.bagnoitalia.com\/fr\/produit\/wolf-extending-table-90-180-cm-outdoor-furniture-in-aluminium-available-in-4-colours-2.html#primaryimage\"},\"thumbnailUrl\":\"https:\/\/img.bagnoitalia.com\/wp-content\/uploads\/virtuemart\/product\/NUOVI-PRODOTTI107-1.jpg\",\"datePublished\":\"2024-02-01T15:29:32+00:00\",\"dateModified\":\"2024-06-18T12:30:25+00:00\",\"description\":\"Table carr\u00e9e 90x90 cm convertible en table rectangulaire 180x90 cm. Disponible en anthracite, blanc, taupe, gris tourterelle. Convient pour les jardins et les environnements ext\u00e9rieurs.\",\"breadcrumb\":{\"@id\":\"https:\/\/www.bagnoitalia.com\/fr\/produit\/wolf-extending-table-90-180-cm-outdoor-furniture-in-aluminium-available-in-4-colours-2.html#breadcrumb\"},\"inLanguage\":\"fr-FR\",\"potentialAction\":[{\"@type\":\"ReadAction\",\"target\":[\"https:\/\/www.bagnoitalia.com\/fr\/produit\/wolf-extending-table-90-180-cm-outdoor-furniture-in-aluminium-available-in-4-colours-2.html\"]}]},{\"@type\":\"ImageObject\",\"inLanguage\":\"fr-FR\",\"@id\":\"https:\/\/www.bagnoitalia.com\/fr\/produit\/wolf-extending-table-90-180-cm-outdoor-furniture-in-aluminium-available-in-4-colours-2.html#primaryimage\",\"url\":\"https:\/\/img.bagnoitalia.com\/wp-content\/uploads\/virtuemart\/product\/NUOVI-PRODOTTI107-1.jpg\",\"contentUrl\":\"https:\/\/img.bagnoitalia.com\/wp-content\/uploads\/virtuemart\/product\/NUOVI-PRODOTTI107-1.jpg\",\"width\":550,\"height\":550},{\"@type\":\"BreadcrumbList\",\"@id\":\"https:\/\/www.bagnoitalia.com\/fr\/produit\/wolf-extending-table-90-180-cm-outdoor-furniture-in-aluminium-available-in-4-colours-2.html#breadcrumb\",\"itemListElement\":[{\"@type\":\"ListItem\",\"position\":1,\"name\":\"Home\",\"item\":\"https:\/\/www.bagnoitalia.com\/fr\"},{\"@type\":\"ListItem\",\"position\":2,\"name\":\"Produits\",\"item\":\"https:\/\/www.bagnoitalia.com\/fr\/shop\"},{\"@type\":\"ListItem\",\"position\":3,\"name\":\"Table \u00e0 rallonge &#8220;Wolf&#8221; 90\/180 cm mobilier d&#8217;ext\u00e9rieur en aluminium disponible en 4 couleurs\"}]},{\"@type\":\"WebSite\",\"@id\":\"https:\/\/www.bagnoitalia.com\/fr#website\",\"url\":\"https:\/\/www.bagnoitalia.com\/fr\",\"name\":\"Bagno Italia\",\"description\":\"\",\"publisher\":{\"@id\":\"https:\/\/www.bagnoitalia.com\/fr#organization\"},\"potentialAction\":[{\"@type\":\"SearchAction\",\"target\":{\"@type\":\"EntryPoint\",\"urlTemplate\":\"https:\/\/www.bagnoitalia.com\/fr?s={search_term_string}\"},\"query-input\":{\"@type\":\"PropertyValueSpecification\",\"valueRequired\":true,\"valueName\":\"search_term_string\"}}],\"inLanguage\":\"fr-FR\"},{\"@type\":\"Organization\",\"@id\":\"https:\/\/www.bagnoitalia.com\/fr#organization\",\"name\":\"Bagno Italia\",\"url\":\"https:\/\/www.bagnoitalia.com\/fr\",\"logo\":{\"@type\":\"ImageObject\",\"inLanguage\":\"fr-FR\",\"@id\":\"https:\/\/www.bagnoitalia.com\/fr#\/schema\/logo\/image\/\",\"url\":\"https:\/\/img.bagnoitalia.com\/wp-content\/uploads\/logo-bagnoitalia.webp\",\"contentUrl\":\"https:\/\/img.bagnoitalia.com\/wp-content\/uploads\/logo-bagnoitalia.webp\",\"width\":400,\"height\":70,\"caption\":\"Bagno Italia\"},\"image\":{\"@id\":\"https:\/\/www.bagnoitalia.com\/fr#\/schema\/logo\/image\/\"}}]}<\/script>\n<!-- \/ Yoast SEO plugin. -->","yoast_head_json":{"title":"Table \u00e0 rallonge","description":"Table carr\u00e9e 90x90 cm convertible en table rectangulaire 180x90 cm. Disponible en anthracite, blanc, taupe, gris tourterelle. Convient pour les jardins et les environnements ext\u00e9rieurs.","robots":{"index":"index","follow":"follow","max-snippet":"max-snippet:-1","max-image-preview":"max-image-preview:large","max-video-preview":"max-video-preview:-1"},"canonical":"https:\/\/www.bagnoitalia.com\/fr\/produit\/wolf-extending-table-90-180-cm-outdoor-furniture-in-aluminium-available-in-4-colours-2.html","og_locale":"fr_FR","og_type":"article","og_title":"Table \u00e0 rallonge","og_description":"Table carr\u00e9e 90x90 cm convertible en table rectangulaire 180x90 cm. Disponible en anthracite, blanc, taupe, gris tourterelle. Convient pour les jardins et les environnements ext\u00e9rieurs.","og_url":"https:\/\/www.bagnoitalia.com\/fr\/produit\/wolf-extending-table-90-180-cm-outdoor-furniture-in-aluminium-available-in-4-colours-2.html","og_site_name":"Bagno Italia","article_modified_time":"2024-06-18T12:30:25+00:00","og_image":[{"width":550,"height":550,"url":"https:\/\/img.bagnoitalia.com\/wp-content\/uploads\/virtuemart\/product\/NUOVI-PRODOTTI107-1.jpg","type":"image\/jpeg"}],"twitter_card":"summary_large_image","twitter_misc":{"Dur\u00e9e de lecture estim\u00e9e":"1 minute"},"schema":{"@context":"https:\/\/schema.org","@graph":[{"@type":"WebPage","@id":"https:\/\/www.bagnoitalia.com\/fr\/produit\/wolf-extending-table-90-180-cm-outdoor-furniture-in-aluminium-available-in-4-colours-2.html","url":"https:\/\/www.bagnoitalia.com\/fr\/produit\/wolf-extending-table-90-180-cm-outdoor-furniture-in-aluminium-available-in-4-colours-2.html","name":"Table \u00e0 rallonge","isPartOf":{"@id":"https:\/\/www.bagnoitalia.com\/fr#website"},"primaryImageOfPage":{"@id":"https:\/\/www.bagnoitalia.com\/fr\/produit\/wolf-extending-table-90-180-cm-outdoor-furniture-in-aluminium-available-in-4-colours-2.html#primaryimage"},"image":{"@id":"https:\/\/www.bagnoitalia.com\/fr\/produit\/wolf-extending-table-90-180-cm-outdoor-furniture-in-aluminium-available-in-4-colours-2.html#primaryimage"},"thumbnailUrl":"https:\/\/img.bagnoitalia.com\/wp-content\/uploads\/virtuemart\/product\/NUOVI-PRODOTTI107-1.jpg","datePublished":"2024-02-01T15:29:32+00:00","dateModified":"2024-06-18T12:30:25+00:00","description":"Table carr\u00e9e 90x90 cm convertible en table rectangulaire 180x90 cm. Disponible en anthracite, blanc, taupe, gris tourterelle. Convient pour les jardins et les environnements ext\u00e9rieurs.","breadcrumb":{"@id":"https:\/\/www.bagnoitalia.com\/fr\/produit\/wolf-extending-table-90-180-cm-outdoor-furniture-in-aluminium-available-in-4-colours-2.html#breadcrumb"},"inLanguage":"fr-FR","potentialAction":[{"@type":"ReadAction","target":["https:\/\/www.bagnoitalia.com\/fr\/produit\/wolf-extending-table-90-180-cm-outdoor-furniture-in-aluminium-available-in-4-colours-2.html"]}]},{"@type":"ImageObject","inLanguage":"fr-FR","@id":"https:\/\/www.bagnoitalia.com\/fr\/produit\/wolf-extending-table-90-180-cm-outdoor-furniture-in-aluminium-available-in-4-colours-2.html#primaryimage","url":"https:\/\/img.bagnoitalia.com\/wp-content\/uploads\/virtuemart\/product\/NUOVI-PRODOTTI107-1.jpg","contentUrl":"https:\/\/img.bagnoitalia.com\/wp-content\/uploads\/virtuemart\/product\/NUOVI-PRODOTTI107-1.jpg","width":550,"height":550},{"@type":"BreadcrumbList","@id":"https:\/\/www.bagnoitalia.com\/fr\/produit\/wolf-extending-table-90-180-cm-outdoor-furniture-in-aluminium-available-in-4-colours-2.html#breadcrumb","itemListElement":[{"@type":"ListItem","position":1,"name":"Home","item":"https:\/\/www.bagnoitalia.com\/fr"},{"@type":"ListItem","position":2,"name":"Produits","item":"https:\/\/www.bagnoitalia.com\/fr\/shop"},{"@type":"ListItem","position":3,"name":"Table \u00e0 rallonge &#8220;Wolf&#8221; 90\/180 cm mobilier d&#8217;ext\u00e9rieur en aluminium disponible en 4 couleurs"}]},{"@type":"WebSite","@id":"https:\/\/www.bagnoitalia.com\/fr#website","url":"https:\/\/www.bagnoitalia.com\/fr","name":"Bagno Italia","description":"","publisher":{"@id":"https:\/\/www.bagnoitalia.com\/fr#organization"},"potentialAction":[{"@type":"SearchAction","target":{"@type":"EntryPoint","urlTemplate":"https:\/\/www.bagnoitalia.com\/fr?s={search_term_string}"},"query-input":{"@type":"PropertyValueSpecification","valueRequired":true,"valueName":"search_term_string"}}],"inLanguage":"fr-FR"},{"@type":"Organization","@id":"https:\/\/www.bagnoitalia.com\/fr#organization","name":"Bagno Italia","url":"https:\/\/www.bagnoitalia.com\/fr","logo":{"@type":"ImageObject","inLanguage":"fr-FR","@id":"https:\/\/www.bagnoitalia.com\/fr#\/schema\/logo\/image\/","url":"https:\/\/img.bagnoitalia.com\/wp-content\/uploads\/logo-bagnoitalia.webp","contentUrl":"https:\/\/img.bagnoitalia.com\/wp-content\/uploads\/logo-bagnoitalia.webp","width":400,"height":70,"caption":"Bagno Italia"},"image":{"@id":"https:\/\/www.bagnoitalia.com\/fr#\/schema\/logo\/image\/"}}]}},"_links":{"self":[{"href":"https:\/\/www.bagnoitalia.com\/fr\/wp-json\/wp\/v2\/product\/83941","targetHints":{"allow":["GET"]}}],"collection":[{"href":"https:\/\/www.bagnoitalia.com\/fr\/wp-json\/wp\/v2\/product"}],"about":[{"href":"https:\/\/www.bagnoitalia.com\/fr\/wp-json\/wp\/v2\/types\/product"}],"replies":[{"embeddable":true,"href":"https:\/\/www.bagnoitalia.com\/fr\/wp-json\/wp\/v2\/comments?post=83941"}],"version-history":[{"count":1,"href":"https:\/\/www.bagnoitalia.com\/fr\/wp-json\/wp\/v2\/product\/83941\/revisions"}],"predecessor-version":[{"id":90541,"href":"https:\/\/www.bagnoitalia.com\/fr\/wp-json\/wp\/v2\/product\/83941\/revisions\/90541"}],"wp:featuredmedia":[{"embeddable":true,"href":"https:\/\/www.bagnoitalia.com\/fr\/wp-json\/wp\/v2\/media\/71129"}],"wp:attachment":[{"href":"https:\/\/www.bagnoitalia.com\/fr\/wp-json\/wp\/v2\/media?parent=83941"}],"wp:term":[{"taxonomy":"product_brand","embeddable":true,"href":"https:\/\/www.bagnoitalia.com\/fr\/wp-json\/wp\/v2\/product_brand?post=83941"},{"taxonomy":"product_cat","embeddable":true,"href":"https:\/\/www.bagnoitalia.com\/fr\/wp-json\/wp\/v2\/product_cat?post=83941"},{"taxonomy":"product_tag","embeddable":true,"href":"https:\/\/www.bagnoitalia.com\/fr\/wp-json\/wp\/v2\/product_tag?post=83941"}],"curies":[{"name":"wp","href":"https:\/\/api.w.org\/{rel}","templated":true}]}}