{"id":83893,"date":"2024-01-26T16:09:10","date_gmt":"2024-01-26T15:09:10","guid":{"rendered":"https:\/\/www.bagnoitalia.com\/product\/solid-acacia-outdoor-table-180-240x100cm-extendable-model-silvia2-2"},"modified":"2024-06-13T14:26:02","modified_gmt":"2024-06-13T12:26:02","slug":"solid-acacia-outdoor-table-180-240x100cm-extendable-model-silvia2-2","status":"publish","type":"product","link":"https:\/\/www.bagnoitalia.com\/fr\/produit\/solid-acacia-outdoor-table-180-240x100cm-extendable-model-silvia2-2.html","title":{"rendered":"Table d&rsquo;ext\u00e9rieur en acacia massif 180\/240x100cm extensible Mod\u00e8le Silvia2"},"content":{"rendered":"<p>TABLE ELONGABLE D&rsquo;EXT\u00c9RIEUR 180\/240 cm<\/p>\n<p>\u00ab\u00a0SILVIA2<\/p>\n<p>&nbsp;<\/p>\n<p>&nbsp;<\/p>\n<p>D\u00c9TAILS DU PRODUIT<\/p>\n<p>Table rectangulaire de 180 cm, extensible jusqu&rsquo;\u00e0 240 cm<\/p>\n<p>Mat\u00e9riau : bois d&rsquo;acacia massif<\/p>\n<p>Plateau de table avec coins arrondis et double bord (4,4cm d&rsquo;\u00e9paisseur)<\/p>\n<p>Profondeur totale du plateau 100cm<\/p>\n<p>Hauteur totale 74 cm<\/p>\n<p>Convient pour un usage ext\u00e9rieur<\/p>\n<p>&nbsp;<\/p>\n<p>&nbsp;<\/p>\n<p><span style=\"background-color: inherit; color: inherit; caret-color: auto;\">NB : les chaises ne sont pas incluses dans le prix, mais peuvent \u00eatre ajout\u00e9es via le menu d\u00e9roulant (dimensions : \u00e0 partir de 50x65xH94cm sans accoudoirs). <\/span><\/p>\n<p>&nbsp;<\/p>\n<p>&nbsp;<\/p>\n<p>&nbsp;<\/p>\n<p>&nbsp;<\/p>\n<p>&nbsp;<\/p>\n<p>&nbsp;<\/p>\n<p>&nbsp;<\/p>\n<p>&nbsp;<\/p>\n<p>&nbsp;<\/p>\n<p>&nbsp;<\/p>\n<p>&nbsp;<\/p>\n<p>&nbsp;<\/p>\n<p>&nbsp;<\/p>\n<p>&nbsp;<\/p>\n<p>&nbsp;<\/p>\n<p>&nbsp;<\/p>\n<p>&nbsp;<\/p>\n<p>&nbsp;<\/p>\n<p>&nbsp;<\/p>\n<p>&nbsp;<\/p>\n<p>&nbsp;<\/p>\n<p>&nbsp;<\/p>\n<p>&nbsp;<\/p>\n<p>AC805081-DB<\/p>\n<p><span style=\"font-size: 8pt;\">AC805072<\/span><\/p>\n","protected":false},"excerpt":{"rendered":"<p>Table basse d&rsquo;ext\u00e9rieur avec plateau extensible de 180 \u00e0 240 cm. Fabriqu\u00e9e enti\u00e8rement en bois d&rsquo;acacia massif.<\/p>\n","protected":false},"featured_media":70505,"comment_status":"open","ping_status":"closed","template":"","meta":[],"product_brand":[5004],"product_cat":[10027,9783],"product_tag":[],"class_list":{"0":"post-83893","1":"product","2":"type-product","3":"status-publish","4":"has-post-thumbnail","6":"product_brand-vari-produttori","7":"product_cat-tables-avec-chaises","8":"product_cat-mobilier-d-39-exterieur","10":"first","11":"instock","12":"sale","13":"taxable","14":"shipping-taxable","15":"purchasable","16":"product-type-simple"},"exclude_global_add_ons":false,"addons":[{"name":"Chaises","type":"multiple_choice","position":0,"required":true,"title_format":"heading","default":"","description_enable":false,"description":"","placeholder_enable":false,"placeholder":"","display":"select","restrictions_type":"any_text","adjust_price":false,"price":"","price_type":"flat_fee","restrictions":false,"min":"0","max":"0","options":[{"label":"non","price":"","price_type":"quantity_based","image":0,"visibility":true},{"label":"4","price":"400","price_type":"quantity_based","image":0,"visibility":true},{"label":"6","price":"600","price_type":"quantity_based","image":0,"visibility":true},{"label":"8","price":"800","price_type":"quantity_based","image":0,"visibility":true},{"label":"10","price":"1000","price_type":"quantity_based","image":0,"visibility":true},{"label":"12","price":"1200","price_type":"quantity_based","image":0,"visibility":true}],"id":1718288763}],"yoast_head":"<!-- This site is optimized with the Yoast SEO plugin v26.7 - https:\/\/yoast.com\/wordpress\/plugins\/seo\/ -->\n<title>Table d&#039;ext\u00e9rieur en acacia massif 180\/240x100cm extensible Mod\u00e8le Silvia2<\/title>\n<meta name=\"description\" content=\"Table basse d&#039;ext\u00e9rieur avec plateau extensible de 180 \u00e0 240 cm. Fabriqu\u00e9e enti\u00e8rement en bois d&#039;acacia massif.\" \/>\n<meta name=\"robots\" content=\"index, follow, max-snippet:-1, max-image-preview:large, max-video-preview:-1\" \/>\n<link rel=\"canonical\" href=\"https:\/\/www.bagnoitalia.com\/fr\/produit\/solid-acacia-outdoor-table-180-240x100cm-extendable-model-silvia2-2.html\" \/>\n<meta property=\"og:locale\" content=\"fr_FR\" \/>\n<meta property=\"og:type\" content=\"article\" \/>\n<meta property=\"og:title\" content=\"Table d&#039;ext\u00e9rieur en acacia massif 180\/240x100cm extensible Mod\u00e8le Silvia2\" \/>\n<meta property=\"og:description\" content=\"Table basse d&#039;ext\u00e9rieur avec plateau extensible de 180 \u00e0 240 cm. Fabriqu\u00e9e enti\u00e8rement en bois d&#039;acacia massif.\" \/>\n<meta property=\"og:url\" content=\"https:\/\/www.bagnoitalia.com\/fr\/produit\/solid-acacia-outdoor-table-180-240x100cm-extendable-model-silvia2-2.html\" \/>\n<meta property=\"og:site_name\" content=\"Bagno Italia\" \/>\n<meta property=\"article:modified_time\" content=\"2024-06-13T12:26:02+00:00\" \/>\n<meta property=\"og:image\" content=\"https:\/\/img.bagnoitalia.com\/wp-content\/uploads\/virtuemart\/product\/tavolo-esterno-allungabile-silvia2-acacia-dettagli-180-240-1.jpg\" \/>\n\t<meta property=\"og:image:width\" content=\"550\" \/>\n\t<meta property=\"og:image:height\" content=\"550\" \/>\n\t<meta property=\"og:image:type\" content=\"image\/jpeg\" \/>\n<meta name=\"twitter:card\" content=\"summary_large_image\" \/>\n<meta name=\"twitter:label1\" content=\"Dur\u00e9e de lecture estim\u00e9e\" \/>\n\t<meta name=\"twitter:data1\" content=\"1 minute\" \/>\n<script type=\"application\/ld+json\" class=\"yoast-schema-graph\">{\"@context\":\"https:\/\/schema.org\",\"@graph\":[{\"@type\":\"WebPage\",\"@id\":\"https:\/\/www.bagnoitalia.com\/fr\/produit\/solid-acacia-outdoor-table-180-240x100cm-extendable-model-silvia2-2.html\",\"url\":\"https:\/\/www.bagnoitalia.com\/fr\/produit\/solid-acacia-outdoor-table-180-240x100cm-extendable-model-silvia2-2.html\",\"name\":\"Table d'ext\u00e9rieur en acacia massif 180\/240x100cm extensible Mod\u00e8le Silvia2\",\"isPartOf\":{\"@id\":\"https:\/\/www.bagnoitalia.com\/fr#website\"},\"primaryImageOfPage\":{\"@id\":\"https:\/\/www.bagnoitalia.com\/fr\/produit\/solid-acacia-outdoor-table-180-240x100cm-extendable-model-silvia2-2.html#primaryimage\"},\"image\":{\"@id\":\"https:\/\/www.bagnoitalia.com\/fr\/produit\/solid-acacia-outdoor-table-180-240x100cm-extendable-model-silvia2-2.html#primaryimage\"},\"thumbnailUrl\":\"https:\/\/img.bagnoitalia.com\/wp-content\/uploads\/virtuemart\/product\/tavolo-esterno-allungabile-silvia2-acacia-dettagli-180-240-1.jpg\",\"datePublished\":\"2024-01-26T15:09:10+00:00\",\"dateModified\":\"2024-06-13T12:26:02+00:00\",\"description\":\"Table basse d'ext\u00e9rieur avec plateau extensible de 180 \u00e0 240 cm. Fabriqu\u00e9e enti\u00e8rement en bois d'acacia massif.\",\"breadcrumb\":{\"@id\":\"https:\/\/www.bagnoitalia.com\/fr\/produit\/solid-acacia-outdoor-table-180-240x100cm-extendable-model-silvia2-2.html#breadcrumb\"},\"inLanguage\":\"fr-FR\",\"potentialAction\":[{\"@type\":\"ReadAction\",\"target\":[\"https:\/\/www.bagnoitalia.com\/fr\/produit\/solid-acacia-outdoor-table-180-240x100cm-extendable-model-silvia2-2.html\"]}]},{\"@type\":\"ImageObject\",\"inLanguage\":\"fr-FR\",\"@id\":\"https:\/\/www.bagnoitalia.com\/fr\/produit\/solid-acacia-outdoor-table-180-240x100cm-extendable-model-silvia2-2.html#primaryimage\",\"url\":\"https:\/\/img.bagnoitalia.com\/wp-content\/uploads\/virtuemart\/product\/tavolo-esterno-allungabile-silvia2-acacia-dettagli-180-240-1.jpg\",\"contentUrl\":\"https:\/\/img.bagnoitalia.com\/wp-content\/uploads\/virtuemart\/product\/tavolo-esterno-allungabile-silvia2-acacia-dettagli-180-240-1.jpg\",\"width\":550,\"height\":550},{\"@type\":\"BreadcrumbList\",\"@id\":\"https:\/\/www.bagnoitalia.com\/fr\/produit\/solid-acacia-outdoor-table-180-240x100cm-extendable-model-silvia2-2.html#breadcrumb\",\"itemListElement\":[{\"@type\":\"ListItem\",\"position\":1,\"name\":\"Home\",\"item\":\"https:\/\/www.bagnoitalia.com\/fr\"},{\"@type\":\"ListItem\",\"position\":2,\"name\":\"Produits\",\"item\":\"https:\/\/www.bagnoitalia.com\/fr\/shop\"},{\"@type\":\"ListItem\",\"position\":3,\"name\":\"Table d&#8217;ext\u00e9rieur en acacia massif 180\/240x100cm extensible Mod\u00e8le Silvia2\"}]},{\"@type\":\"WebSite\",\"@id\":\"https:\/\/www.bagnoitalia.com\/fr#website\",\"url\":\"https:\/\/www.bagnoitalia.com\/fr\",\"name\":\"Bagno Italia\",\"description\":\"\",\"publisher\":{\"@id\":\"https:\/\/www.bagnoitalia.com\/fr#organization\"},\"potentialAction\":[{\"@type\":\"SearchAction\",\"target\":{\"@type\":\"EntryPoint\",\"urlTemplate\":\"https:\/\/www.bagnoitalia.com\/fr?s={search_term_string}\"},\"query-input\":{\"@type\":\"PropertyValueSpecification\",\"valueRequired\":true,\"valueName\":\"search_term_string\"}}],\"inLanguage\":\"fr-FR\"},{\"@type\":\"Organization\",\"@id\":\"https:\/\/www.bagnoitalia.com\/fr#organization\",\"name\":\"Bagno Italia\",\"url\":\"https:\/\/www.bagnoitalia.com\/fr\",\"logo\":{\"@type\":\"ImageObject\",\"inLanguage\":\"fr-FR\",\"@id\":\"https:\/\/www.bagnoitalia.com\/fr#\/schema\/logo\/image\/\",\"url\":\"https:\/\/img.bagnoitalia.com\/wp-content\/uploads\/logo-bagnoitalia.webp\",\"contentUrl\":\"https:\/\/img.bagnoitalia.com\/wp-content\/uploads\/logo-bagnoitalia.webp\",\"width\":400,\"height\":70,\"caption\":\"Bagno Italia\"},\"image\":{\"@id\":\"https:\/\/www.bagnoitalia.com\/fr#\/schema\/logo\/image\/\"}}]}<\/script>\n<!-- \/ Yoast SEO plugin. -->","yoast_head_json":{"title":"Table d'ext\u00e9rieur en acacia massif 180\/240x100cm extensible Mod\u00e8le Silvia2","description":"Table basse d'ext\u00e9rieur avec plateau extensible de 180 \u00e0 240 cm. Fabriqu\u00e9e enti\u00e8rement en bois d'acacia massif.","robots":{"index":"index","follow":"follow","max-snippet":"max-snippet:-1","max-image-preview":"max-image-preview:large","max-video-preview":"max-video-preview:-1"},"canonical":"https:\/\/www.bagnoitalia.com\/fr\/produit\/solid-acacia-outdoor-table-180-240x100cm-extendable-model-silvia2-2.html","og_locale":"fr_FR","og_type":"article","og_title":"Table d'ext\u00e9rieur en acacia massif 180\/240x100cm extensible Mod\u00e8le Silvia2","og_description":"Table basse d'ext\u00e9rieur avec plateau extensible de 180 \u00e0 240 cm. Fabriqu\u00e9e enti\u00e8rement en bois d'acacia massif.","og_url":"https:\/\/www.bagnoitalia.com\/fr\/produit\/solid-acacia-outdoor-table-180-240x100cm-extendable-model-silvia2-2.html","og_site_name":"Bagno Italia","article_modified_time":"2024-06-13T12:26:02+00:00","og_image":[{"width":550,"height":550,"url":"https:\/\/img.bagnoitalia.com\/wp-content\/uploads\/virtuemart\/product\/tavolo-esterno-allungabile-silvia2-acacia-dettagli-180-240-1.jpg","type":"image\/jpeg"}],"twitter_card":"summary_large_image","twitter_misc":{"Dur\u00e9e de lecture estim\u00e9e":"1 minute"},"schema":{"@context":"https:\/\/schema.org","@graph":[{"@type":"WebPage","@id":"https:\/\/www.bagnoitalia.com\/fr\/produit\/solid-acacia-outdoor-table-180-240x100cm-extendable-model-silvia2-2.html","url":"https:\/\/www.bagnoitalia.com\/fr\/produit\/solid-acacia-outdoor-table-180-240x100cm-extendable-model-silvia2-2.html","name":"Table d'ext\u00e9rieur en acacia massif 180\/240x100cm extensible Mod\u00e8le Silvia2","isPartOf":{"@id":"https:\/\/www.bagnoitalia.com\/fr#website"},"primaryImageOfPage":{"@id":"https:\/\/www.bagnoitalia.com\/fr\/produit\/solid-acacia-outdoor-table-180-240x100cm-extendable-model-silvia2-2.html#primaryimage"},"image":{"@id":"https:\/\/www.bagnoitalia.com\/fr\/produit\/solid-acacia-outdoor-table-180-240x100cm-extendable-model-silvia2-2.html#primaryimage"},"thumbnailUrl":"https:\/\/img.bagnoitalia.com\/wp-content\/uploads\/virtuemart\/product\/tavolo-esterno-allungabile-silvia2-acacia-dettagli-180-240-1.jpg","datePublished":"2024-01-26T15:09:10+00:00","dateModified":"2024-06-13T12:26:02+00:00","description":"Table basse d'ext\u00e9rieur avec plateau extensible de 180 \u00e0 240 cm. Fabriqu\u00e9e enti\u00e8rement en bois d'acacia massif.","breadcrumb":{"@id":"https:\/\/www.bagnoitalia.com\/fr\/produit\/solid-acacia-outdoor-table-180-240x100cm-extendable-model-silvia2-2.html#breadcrumb"},"inLanguage":"fr-FR","potentialAction":[{"@type":"ReadAction","target":["https:\/\/www.bagnoitalia.com\/fr\/produit\/solid-acacia-outdoor-table-180-240x100cm-extendable-model-silvia2-2.html"]}]},{"@type":"ImageObject","inLanguage":"fr-FR","@id":"https:\/\/www.bagnoitalia.com\/fr\/produit\/solid-acacia-outdoor-table-180-240x100cm-extendable-model-silvia2-2.html#primaryimage","url":"https:\/\/img.bagnoitalia.com\/wp-content\/uploads\/virtuemart\/product\/tavolo-esterno-allungabile-silvia2-acacia-dettagli-180-240-1.jpg","contentUrl":"https:\/\/img.bagnoitalia.com\/wp-content\/uploads\/virtuemart\/product\/tavolo-esterno-allungabile-silvia2-acacia-dettagli-180-240-1.jpg","width":550,"height":550},{"@type":"BreadcrumbList","@id":"https:\/\/www.bagnoitalia.com\/fr\/produit\/solid-acacia-outdoor-table-180-240x100cm-extendable-model-silvia2-2.html#breadcrumb","itemListElement":[{"@type":"ListItem","position":1,"name":"Home","item":"https:\/\/www.bagnoitalia.com\/fr"},{"@type":"ListItem","position":2,"name":"Produits","item":"https:\/\/www.bagnoitalia.com\/fr\/shop"},{"@type":"ListItem","position":3,"name":"Table d&#8217;ext\u00e9rieur en acacia massif 180\/240x100cm extensible Mod\u00e8le Silvia2"}]},{"@type":"WebSite","@id":"https:\/\/www.bagnoitalia.com\/fr#website","url":"https:\/\/www.bagnoitalia.com\/fr","name":"Bagno Italia","description":"","publisher":{"@id":"https:\/\/www.bagnoitalia.com\/fr#organization"},"potentialAction":[{"@type":"SearchAction","target":{"@type":"EntryPoint","urlTemplate":"https:\/\/www.bagnoitalia.com\/fr?s={search_term_string}"},"query-input":{"@type":"PropertyValueSpecification","valueRequired":true,"valueName":"search_term_string"}}],"inLanguage":"fr-FR"},{"@type":"Organization","@id":"https:\/\/www.bagnoitalia.com\/fr#organization","name":"Bagno Italia","url":"https:\/\/www.bagnoitalia.com\/fr","logo":{"@type":"ImageObject","inLanguage":"fr-FR","@id":"https:\/\/www.bagnoitalia.com\/fr#\/schema\/logo\/image\/","url":"https:\/\/img.bagnoitalia.com\/wp-content\/uploads\/logo-bagnoitalia.webp","contentUrl":"https:\/\/img.bagnoitalia.com\/wp-content\/uploads\/logo-bagnoitalia.webp","width":400,"height":70,"caption":"Bagno Italia"},"image":{"@id":"https:\/\/www.bagnoitalia.com\/fr#\/schema\/logo\/image\/"}}]}},"_links":{"self":[{"href":"https:\/\/www.bagnoitalia.com\/fr\/wp-json\/wp\/v2\/product\/83893","targetHints":{"allow":["GET"]}}],"collection":[{"href":"https:\/\/www.bagnoitalia.com\/fr\/wp-json\/wp\/v2\/product"}],"about":[{"href":"https:\/\/www.bagnoitalia.com\/fr\/wp-json\/wp\/v2\/types\/product"}],"replies":[{"embeddable":true,"href":"https:\/\/www.bagnoitalia.com\/fr\/wp-json\/wp\/v2\/comments?post=83893"}],"version-history":[{"count":1,"href":"https:\/\/www.bagnoitalia.com\/fr\/wp-json\/wp\/v2\/product\/83893\/revisions"}],"predecessor-version":[{"id":90078,"href":"https:\/\/www.bagnoitalia.com\/fr\/wp-json\/wp\/v2\/product\/83893\/revisions\/90078"}],"wp:featuredmedia":[{"embeddable":true,"href":"https:\/\/www.bagnoitalia.com\/fr\/wp-json\/wp\/v2\/media\/70505"}],"wp:attachment":[{"href":"https:\/\/www.bagnoitalia.com\/fr\/wp-json\/wp\/v2\/media?parent=83893"}],"wp:term":[{"taxonomy":"product_brand","embeddable":true,"href":"https:\/\/www.bagnoitalia.com\/fr\/wp-json\/wp\/v2\/product_brand?post=83893"},{"taxonomy":"product_cat","embeddable":true,"href":"https:\/\/www.bagnoitalia.com\/fr\/wp-json\/wp\/v2\/product_cat?post=83893"},{"taxonomy":"product_tag","embeddable":true,"href":"https:\/\/www.bagnoitalia.com\/fr\/wp-json\/wp\/v2\/product_tag?post=83893"}],"curies":[{"name":"wp","href":"https:\/\/api.w.org\/{rel}","templated":true}]}}