{"id":83885,"date":"2024-01-26T15:25:17","date_gmt":"2024-01-26T14:25:17","guid":{"rendered":"https:\/\/www.bagnoitalia.com\/product\/shoe-cabinet-67x35xh195-cm-2-doors-light-oak-with-feet-bm058-2"},"modified":"2024-01-26T15:25:17","modified_gmt":"2024-01-26T14:25:17","slug":"shoe-cabinet-67x35xh195-cm-2-doors-light-oak-with-feet-bm058-2","status":"publish","type":"product","link":"https:\/\/www.bagnoitalia.com\/fr\/produit\/shoe-cabinet-67x35xh195-cm-2-doors-light-oak-with-feet-bm058-2.html","title":{"rendered":"Meuble \u00e0 chaussures 67x35xH195 cm 2 portes ch\u00eane clair avec pieds BM058"},"content":{"rendered":"<p>PORTE-CHAUSSURES\/BASE POLYVALENTE BM058<\/p>\n<p>&nbsp;<\/p>\n<p>&nbsp;<\/p>\n<p>CARACT\u00c9RISTIQUES PRINCIPALES<\/p>\n<p>Armoire de 67,4xP34,8xH195 cm<\/p>\n<p>Fabriqu\u00e9e en bois stratifi\u00e9<\/p>\n<p>Compos\u00e9e de 2 portes avec poign\u00e9es<\/p>\n<p>5 \u00e9tag\u00e8res internes<\/p>\n<p>Structure avec pieds<\/p>\n<p>Couleur ext\u00e9rieure : ch\u00eane clair<\/p>\n<p>Couleur int\u00e9rieure : blanc<\/p>\n<p>&nbsp;<\/p>\n<p>&nbsp;<\/p>\n<p>&nbsp;<\/p>\n<p>&nbsp;<\/p>\n<p>&nbsp;<\/p>\n<p>&nbsp;<\/p>\n<p>&nbsp;<\/p>\n<p>&nbsp;<\/p>\n<p>&nbsp;<\/p>\n<p>&nbsp;<\/p>\n<p>&nbsp;<\/p>\n<p>&nbsp;<\/p>\n<p>&nbsp;<\/p>\n<p>&nbsp;<\/p>\n<p>&nbsp;<\/p>\n<p>&nbsp;<\/p>\n<p>&nbsp;<\/p>\n<p>&nbsp;<\/p>\n<p>&nbsp;<\/p>\n<p>&nbsp;<\/p>\n<p>MS801260<\/p>\n","protected":false},"excerpt":{"rendered":"<p>Armoire avec 5 \u00e9tag\u00e8res int\u00e9rieures, base polyvalente id\u00e9ale pour le rangement des chaussures. Structure sur pieds, avec double porte. Gr\u00e2ce \u00e0 son style contemporain, elle peut \u00eatre plac\u00e9e non seulement dans la chambre \u00e0 coucher ou le placard, mais aussi dans le salon.<\/p>\n","protected":false},"featured_media":70461,"comment_status":"open","ping_status":"closed","template":"","meta":[],"product_brand":[9879],"product_cat":[9787,9771],"product_tag":[],"class_list":{"0":"post-83885","1":"product","2":"type-product","3":"status-publish","4":"has-post-thumbnail","6":"product_brand-vari-produttori-fr","7":"product_cat-meubles","8":"product_cat-mobilier-d-interieur","10":"first","11":"instock","12":"sale","13":"taxable","14":"shipping-taxable","15":"purchasable","16":"product-type-simple"},"exclude_global_add_ons":[],"addons":[],"yoast_head":"<!-- This site is optimized with the Yoast SEO plugin v26.7 - https:\/\/yoast.com\/wordpress\/plugins\/seo\/ -->\n<title>Meuble \u00e0 chaussures 67x35xH195 cm 2 portes ch\u00eane clair avec pieds BM058<\/title>\n<meta name=\"description\" content=\"Armoire avec 5 \u00e9tag\u00e8res int\u00e9rieures, base polyvalente id\u00e9ale pour le rangement des chaussures. Structure sur pieds, avec double porte. Gr\u00e2ce \u00e0 son style contemporain, elle peut \u00eatre plac\u00e9e non seulement dans la chambre \u00e0 coucher ou le placard, mais aussi dans le salon.\" \/>\n<meta name=\"robots\" content=\"index, follow, max-snippet:-1, max-image-preview:large, max-video-preview:-1\" \/>\n<link rel=\"canonical\" href=\"https:\/\/www.bagnoitalia.com\/fr\/produit\/shoe-cabinet-67x35xh195-cm-2-doors-light-oak-with-feet-bm058-2.html\" \/>\n<meta property=\"og:locale\" content=\"fr_FR\" \/>\n<meta property=\"og:type\" content=\"article\" \/>\n<meta property=\"og:title\" content=\"Meuble \u00e0 chaussures 67x35xH195 cm 2 portes ch\u00eane clair avec pieds BM058\" \/>\n<meta property=\"og:description\" content=\"Armoire avec 5 \u00e9tag\u00e8res int\u00e9rieures, base polyvalente id\u00e9ale pour le rangement des chaussures. Structure sur pieds, avec double porte. Gr\u00e2ce \u00e0 son style contemporain, elle peut \u00eatre plac\u00e9e non seulement dans la chambre \u00e0 coucher ou le placard, mais aussi dans le salon.\" \/>\n<meta property=\"og:url\" content=\"https:\/\/www.bagnoitalia.com\/fr\/produit\/shoe-cabinet-67x35xh195-cm-2-doors-light-oak-with-feet-bm058-2.html\" \/>\n<meta property=\"og:site_name\" content=\"Bagno Italia\" \/>\n<meta property=\"og:image\" content=\"https:\/\/img.bagnoitalia.com\/wp-content\/uploads\/virtuemart\/product\/scarpiera-mobile-multiuso-rovere-ripiani-1.jpg\" \/>\n\t<meta property=\"og:image:width\" content=\"550\" \/>\n\t<meta property=\"og:image:height\" content=\"550\" \/>\n\t<meta property=\"og:image:type\" content=\"image\/jpeg\" \/>\n<meta name=\"twitter:card\" content=\"summary_large_image\" \/>\n<script type=\"application\/ld+json\" class=\"yoast-schema-graph\">{\"@context\":\"https:\/\/schema.org\",\"@graph\":[{\"@type\":\"WebPage\",\"@id\":\"https:\/\/www.bagnoitalia.com\/fr\/produit\/shoe-cabinet-67x35xh195-cm-2-doors-light-oak-with-feet-bm058-2.html\",\"url\":\"https:\/\/www.bagnoitalia.com\/fr\/produit\/shoe-cabinet-67x35xh195-cm-2-doors-light-oak-with-feet-bm058-2.html\",\"name\":\"Meuble \u00e0 chaussures 67x35xH195 cm 2 portes ch\u00eane clair avec pieds BM058\",\"isPartOf\":{\"@id\":\"https:\/\/www.bagnoitalia.com\/fr#website\"},\"primaryImageOfPage\":{\"@id\":\"https:\/\/www.bagnoitalia.com\/fr\/produit\/shoe-cabinet-67x35xh195-cm-2-doors-light-oak-with-feet-bm058-2.html#primaryimage\"},\"image\":{\"@id\":\"https:\/\/www.bagnoitalia.com\/fr\/produit\/shoe-cabinet-67x35xh195-cm-2-doors-light-oak-with-feet-bm058-2.html#primaryimage\"},\"thumbnailUrl\":\"https:\/\/img.bagnoitalia.com\/wp-content\/uploads\/virtuemart\/product\/scarpiera-mobile-multiuso-rovere-ripiani-1.jpg\",\"datePublished\":\"2024-01-26T14:25:17+00:00\",\"description\":\"Armoire avec 5 \u00e9tag\u00e8res int\u00e9rieures, base polyvalente id\u00e9ale pour le rangement des chaussures. Structure sur pieds, avec double porte. Gr\u00e2ce \u00e0 son style contemporain, elle peut \u00eatre plac\u00e9e non seulement dans la chambre \u00e0 coucher ou le placard, mais aussi dans le salon.\",\"breadcrumb\":{\"@id\":\"https:\/\/www.bagnoitalia.com\/fr\/produit\/shoe-cabinet-67x35xh195-cm-2-doors-light-oak-with-feet-bm058-2.html#breadcrumb\"},\"inLanguage\":\"fr-FR\",\"potentialAction\":[{\"@type\":\"ReadAction\",\"target\":[\"https:\/\/www.bagnoitalia.com\/fr\/produit\/shoe-cabinet-67x35xh195-cm-2-doors-light-oak-with-feet-bm058-2.html\"]}]},{\"@type\":\"ImageObject\",\"inLanguage\":\"fr-FR\",\"@id\":\"https:\/\/www.bagnoitalia.com\/fr\/produit\/shoe-cabinet-67x35xh195-cm-2-doors-light-oak-with-feet-bm058-2.html#primaryimage\",\"url\":\"https:\/\/img.bagnoitalia.com\/wp-content\/uploads\/virtuemart\/product\/scarpiera-mobile-multiuso-rovere-ripiani-1.jpg\",\"contentUrl\":\"https:\/\/img.bagnoitalia.com\/wp-content\/uploads\/virtuemart\/product\/scarpiera-mobile-multiuso-rovere-ripiani-1.jpg\",\"width\":550,\"height\":550},{\"@type\":\"BreadcrumbList\",\"@id\":\"https:\/\/www.bagnoitalia.com\/fr\/produit\/shoe-cabinet-67x35xh195-cm-2-doors-light-oak-with-feet-bm058-2.html#breadcrumb\",\"itemListElement\":[{\"@type\":\"ListItem\",\"position\":1,\"name\":\"Home\",\"item\":\"https:\/\/www.bagnoitalia.com\/fr\"},{\"@type\":\"ListItem\",\"position\":2,\"name\":\"Produits\",\"item\":\"https:\/\/www.bagnoitalia.com\/fr\/shop\"},{\"@type\":\"ListItem\",\"position\":3,\"name\":\"Meuble \u00e0 chaussures 67x35xH195 cm 2 portes ch\u00eane clair avec pieds BM058\"}]},{\"@type\":\"WebSite\",\"@id\":\"https:\/\/www.bagnoitalia.com\/fr#website\",\"url\":\"https:\/\/www.bagnoitalia.com\/fr\",\"name\":\"Bagno Italia\",\"description\":\"\",\"publisher\":{\"@id\":\"https:\/\/www.bagnoitalia.com\/fr#organization\"},\"potentialAction\":[{\"@type\":\"SearchAction\",\"target\":{\"@type\":\"EntryPoint\",\"urlTemplate\":\"https:\/\/www.bagnoitalia.com\/fr?s={search_term_string}\"},\"query-input\":{\"@type\":\"PropertyValueSpecification\",\"valueRequired\":true,\"valueName\":\"search_term_string\"}}],\"inLanguage\":\"fr-FR\"},{\"@type\":\"Organization\",\"@id\":\"https:\/\/www.bagnoitalia.com\/fr#organization\",\"name\":\"Bagno Italia\",\"url\":\"https:\/\/www.bagnoitalia.com\/fr\",\"logo\":{\"@type\":\"ImageObject\",\"inLanguage\":\"fr-FR\",\"@id\":\"https:\/\/www.bagnoitalia.com\/fr#\/schema\/logo\/image\/\",\"url\":\"https:\/\/img.bagnoitalia.com\/wp-content\/uploads\/logo-bagnoitalia.webp\",\"contentUrl\":\"https:\/\/img.bagnoitalia.com\/wp-content\/uploads\/logo-bagnoitalia.webp\",\"width\":400,\"height\":70,\"caption\":\"Bagno Italia\"},\"image\":{\"@id\":\"https:\/\/www.bagnoitalia.com\/fr#\/schema\/logo\/image\/\"}}]}<\/script>\n<!-- \/ Yoast SEO plugin. -->","yoast_head_json":{"title":"Meuble \u00e0 chaussures 67x35xH195 cm 2 portes ch\u00eane clair avec pieds BM058","description":"Armoire avec 5 \u00e9tag\u00e8res int\u00e9rieures, base polyvalente id\u00e9ale pour le rangement des chaussures. Structure sur pieds, avec double porte. Gr\u00e2ce \u00e0 son style contemporain, elle peut \u00eatre plac\u00e9e non seulement dans la chambre \u00e0 coucher ou le placard, mais aussi dans le salon.","robots":{"index":"index","follow":"follow","max-snippet":"max-snippet:-1","max-image-preview":"max-image-preview:large","max-video-preview":"max-video-preview:-1"},"canonical":"https:\/\/www.bagnoitalia.com\/fr\/produit\/shoe-cabinet-67x35xh195-cm-2-doors-light-oak-with-feet-bm058-2.html","og_locale":"fr_FR","og_type":"article","og_title":"Meuble \u00e0 chaussures 67x35xH195 cm 2 portes ch\u00eane clair avec pieds BM058","og_description":"Armoire avec 5 \u00e9tag\u00e8res int\u00e9rieures, base polyvalente id\u00e9ale pour le rangement des chaussures. Structure sur pieds, avec double porte. Gr\u00e2ce \u00e0 son style contemporain, elle peut \u00eatre plac\u00e9e non seulement dans la chambre \u00e0 coucher ou le placard, mais aussi dans le salon.","og_url":"https:\/\/www.bagnoitalia.com\/fr\/produit\/shoe-cabinet-67x35xh195-cm-2-doors-light-oak-with-feet-bm058-2.html","og_site_name":"Bagno Italia","og_image":[{"width":550,"height":550,"url":"https:\/\/img.bagnoitalia.com\/wp-content\/uploads\/virtuemart\/product\/scarpiera-mobile-multiuso-rovere-ripiani-1.jpg","type":"image\/jpeg"}],"twitter_card":"summary_large_image","schema":{"@context":"https:\/\/schema.org","@graph":[{"@type":"WebPage","@id":"https:\/\/www.bagnoitalia.com\/fr\/produit\/shoe-cabinet-67x35xh195-cm-2-doors-light-oak-with-feet-bm058-2.html","url":"https:\/\/www.bagnoitalia.com\/fr\/produit\/shoe-cabinet-67x35xh195-cm-2-doors-light-oak-with-feet-bm058-2.html","name":"Meuble \u00e0 chaussures 67x35xH195 cm 2 portes ch\u00eane clair avec pieds BM058","isPartOf":{"@id":"https:\/\/www.bagnoitalia.com\/fr#website"},"primaryImageOfPage":{"@id":"https:\/\/www.bagnoitalia.com\/fr\/produit\/shoe-cabinet-67x35xh195-cm-2-doors-light-oak-with-feet-bm058-2.html#primaryimage"},"image":{"@id":"https:\/\/www.bagnoitalia.com\/fr\/produit\/shoe-cabinet-67x35xh195-cm-2-doors-light-oak-with-feet-bm058-2.html#primaryimage"},"thumbnailUrl":"https:\/\/img.bagnoitalia.com\/wp-content\/uploads\/virtuemart\/product\/scarpiera-mobile-multiuso-rovere-ripiani-1.jpg","datePublished":"2024-01-26T14:25:17+00:00","description":"Armoire avec 5 \u00e9tag\u00e8res int\u00e9rieures, base polyvalente id\u00e9ale pour le rangement des chaussures. Structure sur pieds, avec double porte. Gr\u00e2ce \u00e0 son style contemporain, elle peut \u00eatre plac\u00e9e non seulement dans la chambre \u00e0 coucher ou le placard, mais aussi dans le salon.","breadcrumb":{"@id":"https:\/\/www.bagnoitalia.com\/fr\/produit\/shoe-cabinet-67x35xh195-cm-2-doors-light-oak-with-feet-bm058-2.html#breadcrumb"},"inLanguage":"fr-FR","potentialAction":[{"@type":"ReadAction","target":["https:\/\/www.bagnoitalia.com\/fr\/produit\/shoe-cabinet-67x35xh195-cm-2-doors-light-oak-with-feet-bm058-2.html"]}]},{"@type":"ImageObject","inLanguage":"fr-FR","@id":"https:\/\/www.bagnoitalia.com\/fr\/produit\/shoe-cabinet-67x35xh195-cm-2-doors-light-oak-with-feet-bm058-2.html#primaryimage","url":"https:\/\/img.bagnoitalia.com\/wp-content\/uploads\/virtuemart\/product\/scarpiera-mobile-multiuso-rovere-ripiani-1.jpg","contentUrl":"https:\/\/img.bagnoitalia.com\/wp-content\/uploads\/virtuemart\/product\/scarpiera-mobile-multiuso-rovere-ripiani-1.jpg","width":550,"height":550},{"@type":"BreadcrumbList","@id":"https:\/\/www.bagnoitalia.com\/fr\/produit\/shoe-cabinet-67x35xh195-cm-2-doors-light-oak-with-feet-bm058-2.html#breadcrumb","itemListElement":[{"@type":"ListItem","position":1,"name":"Home","item":"https:\/\/www.bagnoitalia.com\/fr"},{"@type":"ListItem","position":2,"name":"Produits","item":"https:\/\/www.bagnoitalia.com\/fr\/shop"},{"@type":"ListItem","position":3,"name":"Meuble \u00e0 chaussures 67x35xH195 cm 2 portes ch\u00eane clair avec pieds BM058"}]},{"@type":"WebSite","@id":"https:\/\/www.bagnoitalia.com\/fr#website","url":"https:\/\/www.bagnoitalia.com\/fr","name":"Bagno Italia","description":"","publisher":{"@id":"https:\/\/www.bagnoitalia.com\/fr#organization"},"potentialAction":[{"@type":"SearchAction","target":{"@type":"EntryPoint","urlTemplate":"https:\/\/www.bagnoitalia.com\/fr?s={search_term_string}"},"query-input":{"@type":"PropertyValueSpecification","valueRequired":true,"valueName":"search_term_string"}}],"inLanguage":"fr-FR"},{"@type":"Organization","@id":"https:\/\/www.bagnoitalia.com\/fr#organization","name":"Bagno Italia","url":"https:\/\/www.bagnoitalia.com\/fr","logo":{"@type":"ImageObject","inLanguage":"fr-FR","@id":"https:\/\/www.bagnoitalia.com\/fr#\/schema\/logo\/image\/","url":"https:\/\/img.bagnoitalia.com\/wp-content\/uploads\/logo-bagnoitalia.webp","contentUrl":"https:\/\/img.bagnoitalia.com\/wp-content\/uploads\/logo-bagnoitalia.webp","width":400,"height":70,"caption":"Bagno Italia"},"image":{"@id":"https:\/\/www.bagnoitalia.com\/fr#\/schema\/logo\/image\/"}}]}},"_links":{"self":[{"href":"https:\/\/www.bagnoitalia.com\/fr\/wp-json\/wp\/v2\/product\/83885","targetHints":{"allow":["GET"]}}],"collection":[{"href":"https:\/\/www.bagnoitalia.com\/fr\/wp-json\/wp\/v2\/product"}],"about":[{"href":"https:\/\/www.bagnoitalia.com\/fr\/wp-json\/wp\/v2\/types\/product"}],"replies":[{"embeddable":true,"href":"https:\/\/www.bagnoitalia.com\/fr\/wp-json\/wp\/v2\/comments?post=83885"}],"version-history":[{"count":0,"href":"https:\/\/www.bagnoitalia.com\/fr\/wp-json\/wp\/v2\/product\/83885\/revisions"}],"wp:featuredmedia":[{"embeddable":true,"href":"https:\/\/www.bagnoitalia.com\/fr\/wp-json\/wp\/v2\/media\/70461"}],"wp:attachment":[{"href":"https:\/\/www.bagnoitalia.com\/fr\/wp-json\/wp\/v2\/media?parent=83885"}],"wp:term":[{"taxonomy":"product_brand","embeddable":true,"href":"https:\/\/www.bagnoitalia.com\/fr\/wp-json\/wp\/v2\/product_brand?post=83885"},{"taxonomy":"product_cat","embeddable":true,"href":"https:\/\/www.bagnoitalia.com\/fr\/wp-json\/wp\/v2\/product_cat?post=83885"},{"taxonomy":"product_tag","embeddable":true,"href":"https:\/\/www.bagnoitalia.com\/fr\/wp-json\/wp\/v2\/product_tag?post=83885"}],"curies":[{"name":"wp","href":"https:\/\/api.w.org\/{rel}","templated":true}]}}