{"id":83853,"date":"2024-01-25T11:30:55","date_gmt":"2024-01-25T10:30:55","guid":{"rendered":"https:\/\/www.bagnoitalia.com\/product\/rectangular-umbrella-3x4m-with-revolving-pole-available-in-6-colours-ob22-2"},"modified":"2024-06-18T09:40:04","modified_gmt":"2024-06-18T07:40:04","slug":"rectangular-umbrella-3x4m-with-revolving-pole-available-in-6-colours-ob22-2","status":"publish","type":"product","link":"https:\/\/www.bagnoitalia.com\/fr\/produit\/rectangular-umbrella-3x4m-with-revolving-pole-available-in-6-colours-ob22-2.html","title":{"rendered":"Parapluie rectangulaire 3x4m avec m\u00e2t rotatif disponible en 6 couleurs OB22"},"content":{"rendered":"<p>UMBRELLA RECTANGULAIRE 4x3m OB22<\/p>\n<p>D\u00c9TAILS DU PRODUIT<\/p>\n<p>Parasol rectangulaire 400&#215;300 cm, hauteur totale 274 cm<\/p>\n<p>Compos\u00e9 de :<\/p>\n<p>&#8211; Poteau lat\u00e9ral orientable, en aluminium<\/p>\n<p>&#8211; 8 lames de 14&#215;24 mm, en aluminium<\/p>\n<p>&#8211; Toile avec chemin\u00e9e, en polyester 250gr<\/p>\n<p>&#8211; Base en croix<\/p>\n<p>&#8211; Poign\u00e9e avec manivelle<\/p>\n<p>NB : les tuiles pour la base ne sont PAS incluses dans l&rsquo;offre.<\/p>\n<p>&nbsp;<\/p>\n<p>&nbsp;<\/p>\n<p>COULEURS DISPONIBLES :<\/p>\n<p>&#8211; structure Tortora avec toile Tortora<\/p>\n<p>&#8211; structure Taupe avec toile Tortora<\/p>\n<p>&#8211; Structure blanche avec toile blanche<\/p>\n<p>&#8211; structure blanche avec toile couleur tourterelle<\/p>\n<p>&#8211; structure Noir avec toile Ecru<\/p>\n<p>&#8211; Structure Anthracite avec toile Gris<\/p>\n<p>&nbsp;<\/p>\n<p>&nbsp;<\/p>\n<p>&nbsp;<\/p>\n<p>&nbsp;<\/p>\n<p>&nbsp;<\/p>\n<p>&nbsp;<\/p>\n<p>&nbsp;<\/p>\n<p>&nbsp;<\/p>\n<p>&nbsp;<\/p>\n<p>&nbsp;<\/p>\n<p>&nbsp;<\/p>\n<p>&nbsp;<\/p>\n<p>&nbsp;<\/p>\n<p>&nbsp;<\/p>\n<p>SATURNE<\/p>\n<p>&nbsp;<\/p>\n","protected":false},"excerpt":{"rendered":"<p>Grand parasol compos\u00e9 d&rsquo;une armature en aluminium et d&rsquo;une toile en polyester avec chemin\u00e9e. M\u00e2t lat\u00e9ral avec base en forme de croix. Disponible en 6 combinaisons de couleurs.<\/p>\n","protected":false},"featured_media":70129,"comment_status":"open","ping_status":"closed","template":"","meta":[],"product_brand":[5004],"product_cat":[10030],"product_tag":[],"class_list":{"0":"post-83853","1":"product","2":"type-product","3":"status-publish","4":"has-post-thumbnail","6":"product_brand-vari-produttori","7":"product_cat-parasols","9":"first","10":"instock","11":"sale","12":"taxable","13":"shipping-taxable","14":"purchasable","15":"product-type-simple"},"exclude_global_add_ons":false,"addons":[{"name":"couleur","type":"multiple_choice","position":0,"required":true,"title_format":"heading","default":"","description_enable":false,"description":"","placeholder_enable":false,"placeholder":"","display":"select","restrictions_type":"any_text","adjust_price":false,"price":"","price_type":"flat_fee","restrictions":false,"min":"0","max":"0","options":[{"label":"gris tourterelle avec tissu gris tourterelle","price":"","price_type":"quantity_based","image":0,"visibility":true},{"label":"taupe avec tissu gris tourterelle","price":"","price_type":"quantity_based","image":0,"visibility":true},{"label":"blanc avec toile blanche","price":"","price_type":"quantity_based","image":0,"visibility":true},{"label":"blanc avec toile colombe","price":"","price_type":"quantity_based","image":0,"visibility":true},{"label":"noir avec toile \u00e9cru","price":"","price_type":"quantity_based","image":0,"visibility":true},{"label":"anthracite avec toile grise","price":"","price_type":"quantity_based","image":0,"visibility":true}],"id":1718703605}],"yoast_head":"<!-- This site is optimized with the Yoast SEO plugin v26.7 - https:\/\/yoast.com\/wordpress\/plugins\/seo\/ -->\n<title>Parapluie rectangulaire 3x4m avec m\u00e2t rotatif disponible en 6 couleurs OB22<\/title>\n<meta name=\"description\" content=\"Grand parasol compos\u00e9 d&#039;une armature en aluminium et d&#039;une toile en polyester avec chemin\u00e9e. M\u00e2t lat\u00e9ral avec base en forme de croix. Disponible en 6 combinaisons de couleurs.\" \/>\n<meta name=\"robots\" content=\"index, follow, max-snippet:-1, max-image-preview:large, max-video-preview:-1\" \/>\n<link rel=\"canonical\" href=\"https:\/\/www.bagnoitalia.com\/fr\/produit\/rectangular-umbrella-3x4m-with-revolving-pole-available-in-6-colours-ob22-2.html\" \/>\n<meta property=\"og:locale\" content=\"fr_FR\" \/>\n<meta property=\"og:type\" content=\"article\" \/>\n<meta property=\"og:title\" content=\"Parapluie rectangulaire 3x4m avec m\u00e2t rotatif disponible en 6 couleurs OB22\" \/>\n<meta property=\"og:description\" content=\"Grand parasol compos\u00e9 d&#039;une armature en aluminium et d&#039;une toile en polyester avec chemin\u00e9e. M\u00e2t lat\u00e9ral avec base en forme de croix. Disponible en 6 combinaisons de couleurs.\" \/>\n<meta property=\"og:url\" content=\"https:\/\/www.bagnoitalia.com\/fr\/produit\/rectangular-umbrella-3x4m-with-revolving-pole-available-in-6-colours-ob22-2.html\" \/>\n<meta property=\"og:site_name\" content=\"Bagno Italia\" \/>\n<meta property=\"article:modified_time\" content=\"2024-06-18T07:40:04+00:00\" \/>\n<meta property=\"og:image\" content=\"https:\/\/img.bagnoitalia.com\/wp-content\/uploads\/virtuemart\/product\/ombrellone-rettangolare-ob22-colori-1.jpg\" \/>\n\t<meta property=\"og:image:width\" content=\"550\" \/>\n\t<meta property=\"og:image:height\" content=\"550\" \/>\n\t<meta property=\"og:image:type\" content=\"image\/jpeg\" \/>\n<meta name=\"twitter:card\" content=\"summary_large_image\" \/>\n<meta name=\"twitter:label1\" content=\"Dur\u00e9e de lecture estim\u00e9e\" \/>\n\t<meta name=\"twitter:data1\" content=\"1 minute\" \/>\n<script type=\"application\/ld+json\" class=\"yoast-schema-graph\">{\"@context\":\"https:\/\/schema.org\",\"@graph\":[{\"@type\":\"WebPage\",\"@id\":\"https:\/\/www.bagnoitalia.com\/fr\/produit\/rectangular-umbrella-3x4m-with-revolving-pole-available-in-6-colours-ob22-2.html\",\"url\":\"https:\/\/www.bagnoitalia.com\/fr\/produit\/rectangular-umbrella-3x4m-with-revolving-pole-available-in-6-colours-ob22-2.html\",\"name\":\"Parapluie rectangulaire 3x4m avec m\u00e2t rotatif disponible en 6 couleurs OB22\",\"isPartOf\":{\"@id\":\"https:\/\/www.bagnoitalia.com\/fr#website\"},\"primaryImageOfPage\":{\"@id\":\"https:\/\/www.bagnoitalia.com\/fr\/produit\/rectangular-umbrella-3x4m-with-revolving-pole-available-in-6-colours-ob22-2.html#primaryimage\"},\"image\":{\"@id\":\"https:\/\/www.bagnoitalia.com\/fr\/produit\/rectangular-umbrella-3x4m-with-revolving-pole-available-in-6-colours-ob22-2.html#primaryimage\"},\"thumbnailUrl\":\"https:\/\/img.bagnoitalia.com\/wp-content\/uploads\/virtuemart\/product\/ombrellone-rettangolare-ob22-colori-1.jpg\",\"datePublished\":\"2024-01-25T10:30:55+00:00\",\"dateModified\":\"2024-06-18T07:40:04+00:00\",\"description\":\"Grand parasol compos\u00e9 d'une armature en aluminium et d'une toile en polyester avec chemin\u00e9e. M\u00e2t lat\u00e9ral avec base en forme de croix. Disponible en 6 combinaisons de couleurs.\",\"breadcrumb\":{\"@id\":\"https:\/\/www.bagnoitalia.com\/fr\/produit\/rectangular-umbrella-3x4m-with-revolving-pole-available-in-6-colours-ob22-2.html#breadcrumb\"},\"inLanguage\":\"fr-FR\",\"potentialAction\":[{\"@type\":\"ReadAction\",\"target\":[\"https:\/\/www.bagnoitalia.com\/fr\/produit\/rectangular-umbrella-3x4m-with-revolving-pole-available-in-6-colours-ob22-2.html\"]}]},{\"@type\":\"ImageObject\",\"inLanguage\":\"fr-FR\",\"@id\":\"https:\/\/www.bagnoitalia.com\/fr\/produit\/rectangular-umbrella-3x4m-with-revolving-pole-available-in-6-colours-ob22-2.html#primaryimage\",\"url\":\"https:\/\/img.bagnoitalia.com\/wp-content\/uploads\/virtuemart\/product\/ombrellone-rettangolare-ob22-colori-1.jpg\",\"contentUrl\":\"https:\/\/img.bagnoitalia.com\/wp-content\/uploads\/virtuemart\/product\/ombrellone-rettangolare-ob22-colori-1.jpg\",\"width\":550,\"height\":550},{\"@type\":\"BreadcrumbList\",\"@id\":\"https:\/\/www.bagnoitalia.com\/fr\/produit\/rectangular-umbrella-3x4m-with-revolving-pole-available-in-6-colours-ob22-2.html#breadcrumb\",\"itemListElement\":[{\"@type\":\"ListItem\",\"position\":1,\"name\":\"Home\",\"item\":\"https:\/\/www.bagnoitalia.com\/fr\"},{\"@type\":\"ListItem\",\"position\":2,\"name\":\"Produits\",\"item\":\"https:\/\/www.bagnoitalia.com\/fr\/shop\"},{\"@type\":\"ListItem\",\"position\":3,\"name\":\"Parapluie rectangulaire 3x4m avec m\u00e2t rotatif disponible en 6 couleurs OB22\"}]},{\"@type\":\"WebSite\",\"@id\":\"https:\/\/www.bagnoitalia.com\/fr#website\",\"url\":\"https:\/\/www.bagnoitalia.com\/fr\",\"name\":\"Bagno Italia\",\"description\":\"\",\"publisher\":{\"@id\":\"https:\/\/www.bagnoitalia.com\/fr#organization\"},\"potentialAction\":[{\"@type\":\"SearchAction\",\"target\":{\"@type\":\"EntryPoint\",\"urlTemplate\":\"https:\/\/www.bagnoitalia.com\/fr?s={search_term_string}\"},\"query-input\":{\"@type\":\"PropertyValueSpecification\",\"valueRequired\":true,\"valueName\":\"search_term_string\"}}],\"inLanguage\":\"fr-FR\"},{\"@type\":\"Organization\",\"@id\":\"https:\/\/www.bagnoitalia.com\/fr#organization\",\"name\":\"Bagno Italia\",\"url\":\"https:\/\/www.bagnoitalia.com\/fr\",\"logo\":{\"@type\":\"ImageObject\",\"inLanguage\":\"fr-FR\",\"@id\":\"https:\/\/www.bagnoitalia.com\/fr#\/schema\/logo\/image\/\",\"url\":\"https:\/\/img.bagnoitalia.com\/wp-content\/uploads\/logo-bagnoitalia.webp\",\"contentUrl\":\"https:\/\/img.bagnoitalia.com\/wp-content\/uploads\/logo-bagnoitalia.webp\",\"width\":400,\"height\":70,\"caption\":\"Bagno Italia\"},\"image\":{\"@id\":\"https:\/\/www.bagnoitalia.com\/fr#\/schema\/logo\/image\/\"}}]}<\/script>\n<!-- \/ Yoast SEO plugin. -->","yoast_head_json":{"title":"Parapluie rectangulaire 3x4m avec m\u00e2t rotatif disponible en 6 couleurs OB22","description":"Grand parasol compos\u00e9 d'une armature en aluminium et d'une toile en polyester avec chemin\u00e9e. M\u00e2t lat\u00e9ral avec base en forme de croix. Disponible en 6 combinaisons de couleurs.","robots":{"index":"index","follow":"follow","max-snippet":"max-snippet:-1","max-image-preview":"max-image-preview:large","max-video-preview":"max-video-preview:-1"},"canonical":"https:\/\/www.bagnoitalia.com\/fr\/produit\/rectangular-umbrella-3x4m-with-revolving-pole-available-in-6-colours-ob22-2.html","og_locale":"fr_FR","og_type":"article","og_title":"Parapluie rectangulaire 3x4m avec m\u00e2t rotatif disponible en 6 couleurs OB22","og_description":"Grand parasol compos\u00e9 d'une armature en aluminium et d'une toile en polyester avec chemin\u00e9e. M\u00e2t lat\u00e9ral avec base en forme de croix. Disponible en 6 combinaisons de couleurs.","og_url":"https:\/\/www.bagnoitalia.com\/fr\/produit\/rectangular-umbrella-3x4m-with-revolving-pole-available-in-6-colours-ob22-2.html","og_site_name":"Bagno Italia","article_modified_time":"2024-06-18T07:40:04+00:00","og_image":[{"width":550,"height":550,"url":"https:\/\/img.bagnoitalia.com\/wp-content\/uploads\/virtuemart\/product\/ombrellone-rettangolare-ob22-colori-1.jpg","type":"image\/jpeg"}],"twitter_card":"summary_large_image","twitter_misc":{"Dur\u00e9e de lecture estim\u00e9e":"1 minute"},"schema":{"@context":"https:\/\/schema.org","@graph":[{"@type":"WebPage","@id":"https:\/\/www.bagnoitalia.com\/fr\/produit\/rectangular-umbrella-3x4m-with-revolving-pole-available-in-6-colours-ob22-2.html","url":"https:\/\/www.bagnoitalia.com\/fr\/produit\/rectangular-umbrella-3x4m-with-revolving-pole-available-in-6-colours-ob22-2.html","name":"Parapluie rectangulaire 3x4m avec m\u00e2t rotatif disponible en 6 couleurs OB22","isPartOf":{"@id":"https:\/\/www.bagnoitalia.com\/fr#website"},"primaryImageOfPage":{"@id":"https:\/\/www.bagnoitalia.com\/fr\/produit\/rectangular-umbrella-3x4m-with-revolving-pole-available-in-6-colours-ob22-2.html#primaryimage"},"image":{"@id":"https:\/\/www.bagnoitalia.com\/fr\/produit\/rectangular-umbrella-3x4m-with-revolving-pole-available-in-6-colours-ob22-2.html#primaryimage"},"thumbnailUrl":"https:\/\/img.bagnoitalia.com\/wp-content\/uploads\/virtuemart\/product\/ombrellone-rettangolare-ob22-colori-1.jpg","datePublished":"2024-01-25T10:30:55+00:00","dateModified":"2024-06-18T07:40:04+00:00","description":"Grand parasol compos\u00e9 d'une armature en aluminium et d'une toile en polyester avec chemin\u00e9e. M\u00e2t lat\u00e9ral avec base en forme de croix. Disponible en 6 combinaisons de couleurs.","breadcrumb":{"@id":"https:\/\/www.bagnoitalia.com\/fr\/produit\/rectangular-umbrella-3x4m-with-revolving-pole-available-in-6-colours-ob22-2.html#breadcrumb"},"inLanguage":"fr-FR","potentialAction":[{"@type":"ReadAction","target":["https:\/\/www.bagnoitalia.com\/fr\/produit\/rectangular-umbrella-3x4m-with-revolving-pole-available-in-6-colours-ob22-2.html"]}]},{"@type":"ImageObject","inLanguage":"fr-FR","@id":"https:\/\/www.bagnoitalia.com\/fr\/produit\/rectangular-umbrella-3x4m-with-revolving-pole-available-in-6-colours-ob22-2.html#primaryimage","url":"https:\/\/img.bagnoitalia.com\/wp-content\/uploads\/virtuemart\/product\/ombrellone-rettangolare-ob22-colori-1.jpg","contentUrl":"https:\/\/img.bagnoitalia.com\/wp-content\/uploads\/virtuemart\/product\/ombrellone-rettangolare-ob22-colori-1.jpg","width":550,"height":550},{"@type":"BreadcrumbList","@id":"https:\/\/www.bagnoitalia.com\/fr\/produit\/rectangular-umbrella-3x4m-with-revolving-pole-available-in-6-colours-ob22-2.html#breadcrumb","itemListElement":[{"@type":"ListItem","position":1,"name":"Home","item":"https:\/\/www.bagnoitalia.com\/fr"},{"@type":"ListItem","position":2,"name":"Produits","item":"https:\/\/www.bagnoitalia.com\/fr\/shop"},{"@type":"ListItem","position":3,"name":"Parapluie rectangulaire 3x4m avec m\u00e2t rotatif disponible en 6 couleurs OB22"}]},{"@type":"WebSite","@id":"https:\/\/www.bagnoitalia.com\/fr#website","url":"https:\/\/www.bagnoitalia.com\/fr","name":"Bagno Italia","description":"","publisher":{"@id":"https:\/\/www.bagnoitalia.com\/fr#organization"},"potentialAction":[{"@type":"SearchAction","target":{"@type":"EntryPoint","urlTemplate":"https:\/\/www.bagnoitalia.com\/fr?s={search_term_string}"},"query-input":{"@type":"PropertyValueSpecification","valueRequired":true,"valueName":"search_term_string"}}],"inLanguage":"fr-FR"},{"@type":"Organization","@id":"https:\/\/www.bagnoitalia.com\/fr#organization","name":"Bagno Italia","url":"https:\/\/www.bagnoitalia.com\/fr","logo":{"@type":"ImageObject","inLanguage":"fr-FR","@id":"https:\/\/www.bagnoitalia.com\/fr#\/schema\/logo\/image\/","url":"https:\/\/img.bagnoitalia.com\/wp-content\/uploads\/logo-bagnoitalia.webp","contentUrl":"https:\/\/img.bagnoitalia.com\/wp-content\/uploads\/logo-bagnoitalia.webp","width":400,"height":70,"caption":"Bagno Italia"},"image":{"@id":"https:\/\/www.bagnoitalia.com\/fr#\/schema\/logo\/image\/"}}]}},"_links":{"self":[{"href":"https:\/\/www.bagnoitalia.com\/fr\/wp-json\/wp\/v2\/product\/83853","targetHints":{"allow":["GET"]}}],"collection":[{"href":"https:\/\/www.bagnoitalia.com\/fr\/wp-json\/wp\/v2\/product"}],"about":[{"href":"https:\/\/www.bagnoitalia.com\/fr\/wp-json\/wp\/v2\/types\/product"}],"replies":[{"embeddable":true,"href":"https:\/\/www.bagnoitalia.com\/fr\/wp-json\/wp\/v2\/comments?post=83853"}],"version-history":[{"count":1,"href":"https:\/\/www.bagnoitalia.com\/fr\/wp-json\/wp\/v2\/product\/83853\/revisions"}],"predecessor-version":[{"id":90347,"href":"https:\/\/www.bagnoitalia.com\/fr\/wp-json\/wp\/v2\/product\/83853\/revisions\/90347"}],"wp:featuredmedia":[{"embeddable":true,"href":"https:\/\/www.bagnoitalia.com\/fr\/wp-json\/wp\/v2\/media\/70129"}],"wp:attachment":[{"href":"https:\/\/www.bagnoitalia.com\/fr\/wp-json\/wp\/v2\/media?parent=83853"}],"wp:term":[{"taxonomy":"product_brand","embeddable":true,"href":"https:\/\/www.bagnoitalia.com\/fr\/wp-json\/wp\/v2\/product_brand?post=83853"},{"taxonomy":"product_cat","embeddable":true,"href":"https:\/\/www.bagnoitalia.com\/fr\/wp-json\/wp\/v2\/product_cat?post=83853"},{"taxonomy":"product_tag","embeddable":true,"href":"https:\/\/www.bagnoitalia.com\/fr\/wp-json\/wp\/v2\/product_tag?post=83853"}],"curies":[{"name":"wp","href":"https:\/\/api.w.org\/{rel}","templated":true}]}}