{"id":83809,"date":"2024-01-17T15:31:55","date_gmt":"2024-01-17T14:31:55","guid":{"rendered":"https:\/\/www.bagnoitalia.com\/product\/sunshade-2x3m-or-3x3m-with-black-aluminium-frame-and-grey-or-ecru-ob20-canvas-2"},"modified":"2024-06-11T14:49:16","modified_gmt":"2024-06-11T12:49:16","slug":"sunshade-2x3m-or-3x3m-with-black-aluminium-frame-and-grey-or-ecru-ob20-canvas-2","status":"publish","type":"product","link":"https:\/\/www.bagnoitalia.com\/fr\/produit\/sunshade-2x3m-or-3x3m-with-black-aluminium-frame-and-grey-or-ecru-ob20-canvas-2.html","title":{"rendered":"Parasol 2x3m ou 3x3m avec armature en aluminium noir et toile OB20 grise ou \u00e9crue"},"content":{"rendered":"<p>SUN UMBRELLA 2x3m 3x3m en 2 couleurs \u00ab\u00a0OB20<\/p>\n<p>&nbsp;<\/p>\n<p>&nbsp;<\/p>\n<p>CARACT\u00c9RISTIQUES DU PRODUIT<\/p>\n<p>Parasol disponible en deux tailles<\/p>\n<p>rectangulaire 200&#215;300 cm<br \/>\ncarr\u00e9 \u00e0 partir de 300&#215;300 cm<\/p>\n<p>Hauteur totale 250 cm<\/p>\n<p>Armature noire<\/p>\n<p>Canop\u00e9e disponible en deux couleurs au choix<\/p>\n<p>gris<br \/>\n\u00e9cru<\/p>\n<p>Poteau pivotant positionn\u00e9 sur le c\u00f4t\u00e9, avec base en croix (tuiles non incluses dans le prix)<\/p>\n<p>8 lattes m\u00e9talliques<\/p>\n<p>Poulie d&rsquo;ouverture\/fermeture<\/p>\n<p>Chemin\u00e9e \u00e0 vent<\/p>\n<p>&nbsp;<\/p>\n<p>&nbsp;<\/p>\n<p>MAT\u00c9RIEL<\/p>\n<p>Structure en aluminium et m\u00e9tal<\/p>\n<p>Toile polyester 180gr<\/p>\n<p>&nbsp;<\/p>\n<p>&nbsp;<\/p>\n<p>&nbsp;<\/p>\n<p>&nbsp;<\/p>\n<p>&nbsp;<\/p>\n<p>&nbsp;<\/p>\n<p>&nbsp;<\/p>\n<p>&nbsp;<\/p>\n<p>&nbsp;<\/p>\n<p>&nbsp;<\/p>\n<p>&nbsp;<\/p>\n<p>&nbsp;<\/p>\n<p>&nbsp;<\/p>\n<p>&nbsp;<\/p>\n<p>&nbsp;<\/p>\n<p>&nbsp;<\/p>\n<p>&nbsp;<\/p>\n<p>&nbsp;<\/p>\n<p>&nbsp;<\/p>\n<p>&nbsp;<\/p>\n<p>&nbsp;<\/p>\n<p>NEWTON<\/p>\n<p>&nbsp;<\/p>\n","protected":false},"excerpt":{"rendered":"<p>Parapluie rectangulaire ou carr\u00e9, fabriqu\u00e9 en deux tailles et avec une toile en polyester disponible en deux couleurs. Poteau lat\u00e9ral avec poulie et base en forme de croix.<\/p>\n","protected":false},"featured_media":69461,"comment_status":"open","ping_status":"closed","template":"","meta":[],"product_brand":[5004],"product_cat":[10030],"product_tag":[],"class_list":{"0":"post-83809","1":"product","2":"type-product","3":"status-publish","4":"has-post-thumbnail","6":"product_brand-vari-produttori","7":"product_cat-parasols","9":"first","10":"instock","11":"sale","12":"taxable","13":"shipping-taxable","14":"purchasable","15":"product-type-simple"},"exclude_global_add_ons":false,"addons":[{"name":"Type","type":"multiple_choice","position":0,"required":true,"title_format":"heading","default":"","description_enable":false,"description":"","placeholder_enable":false,"placeholder":"","display":"select","restrictions_type":"any_text","adjust_price":false,"price":"","price_type":"flat_fee","restrictions":false,"min":"0","max":"0","options":[{"label":"2x3m toile grise","price":"","price_type":"quantity_based","image":0,"visibility":true},{"label":"2x3m toile \u00e9cru","price":"","price_type":"quantity_based","image":0,"visibility":true},{"label":"3x3m toile grise","price":"10","price_type":"quantity_based","image":0,"visibility":true},{"label":"3x3m toile \u00e9cru","price":"10","price_type":"quantity_based","image":0,"visibility":true}],"id":1718117356}],"yoast_head":"<!-- This site is optimized with the Yoast SEO plugin v26.7 - https:\/\/yoast.com\/wordpress\/plugins\/seo\/ -->\n<title>Parasol 2x3m ou 3x3m avec armature en aluminium noir et toile OB20 grise ou \u00e9crue<\/title>\n<meta name=\"description\" content=\"Parapluie rectangulaire ou carr\u00e9, fabriqu\u00e9 en deux tailles et avec une toile en polyester disponible en deux couleurs. Poteau lat\u00e9ral avec poulie et base en forme de croix.\" \/>\n<meta name=\"robots\" content=\"index, follow, max-snippet:-1, max-image-preview:large, max-video-preview:-1\" \/>\n<link rel=\"canonical\" href=\"https:\/\/www.bagnoitalia.com\/fr\/produit\/sunshade-2x3m-or-3x3m-with-black-aluminium-frame-and-grey-or-ecru-ob20-canvas-2.html\" \/>\n<meta property=\"og:locale\" content=\"fr_FR\" \/>\n<meta property=\"og:type\" content=\"article\" \/>\n<meta property=\"og:title\" content=\"Parasol 2x3m ou 3x3m avec armature en aluminium noir et toile OB20 grise ou \u00e9crue\" \/>\n<meta property=\"og:description\" content=\"Parapluie rectangulaire ou carr\u00e9, fabriqu\u00e9 en deux tailles et avec une toile en polyester disponible en deux couleurs. Poteau lat\u00e9ral avec poulie et base en forme de croix.\" \/>\n<meta property=\"og:url\" content=\"https:\/\/www.bagnoitalia.com\/fr\/produit\/sunshade-2x3m-or-3x3m-with-black-aluminium-frame-and-grey-or-ecru-ob20-canvas-2.html\" \/>\n<meta property=\"og:site_name\" content=\"Bagno Italia\" \/>\n<meta property=\"article:modified_time\" content=\"2024-06-11T12:49:16+00:00\" \/>\n<meta property=\"og:image\" content=\"https:\/\/img.bagnoitalia.com\/wp-content\/uploads\/virtuemart\/product\/ombrellone-2x3-3x3-ob20-colori-1.jpg\" \/>\n\t<meta property=\"og:image:width\" content=\"550\" \/>\n\t<meta property=\"og:image:height\" content=\"550\" \/>\n\t<meta property=\"og:image:type\" content=\"image\/jpeg\" \/>\n<meta name=\"twitter:card\" content=\"summary_large_image\" \/>\n<meta name=\"twitter:label1\" content=\"Dur\u00e9e de lecture estim\u00e9e\" \/>\n\t<meta name=\"twitter:data1\" content=\"1 minute\" \/>\n<script type=\"application\/ld+json\" class=\"yoast-schema-graph\">{\"@context\":\"https:\/\/schema.org\",\"@graph\":[{\"@type\":\"WebPage\",\"@id\":\"https:\/\/www.bagnoitalia.com\/fr\/produit\/sunshade-2x3m-or-3x3m-with-black-aluminium-frame-and-grey-or-ecru-ob20-canvas-2.html\",\"url\":\"https:\/\/www.bagnoitalia.com\/fr\/produit\/sunshade-2x3m-or-3x3m-with-black-aluminium-frame-and-grey-or-ecru-ob20-canvas-2.html\",\"name\":\"Parasol 2x3m ou 3x3m avec armature en aluminium noir et toile OB20 grise ou \u00e9crue\",\"isPartOf\":{\"@id\":\"https:\/\/www.bagnoitalia.com\/fr#website\"},\"primaryImageOfPage\":{\"@id\":\"https:\/\/www.bagnoitalia.com\/fr\/produit\/sunshade-2x3m-or-3x3m-with-black-aluminium-frame-and-grey-or-ecru-ob20-canvas-2.html#primaryimage\"},\"image\":{\"@id\":\"https:\/\/www.bagnoitalia.com\/fr\/produit\/sunshade-2x3m-or-3x3m-with-black-aluminium-frame-and-grey-or-ecru-ob20-canvas-2.html#primaryimage\"},\"thumbnailUrl\":\"https:\/\/img.bagnoitalia.com\/wp-content\/uploads\/virtuemart\/product\/ombrellone-2x3-3x3-ob20-colori-1.jpg\",\"datePublished\":\"2024-01-17T14:31:55+00:00\",\"dateModified\":\"2024-06-11T12:49:16+00:00\",\"description\":\"Parapluie rectangulaire ou carr\u00e9, fabriqu\u00e9 en deux tailles et avec une toile en polyester disponible en deux couleurs. Poteau lat\u00e9ral avec poulie et base en forme de croix.\",\"breadcrumb\":{\"@id\":\"https:\/\/www.bagnoitalia.com\/fr\/produit\/sunshade-2x3m-or-3x3m-with-black-aluminium-frame-and-grey-or-ecru-ob20-canvas-2.html#breadcrumb\"},\"inLanguage\":\"fr-FR\",\"potentialAction\":[{\"@type\":\"ReadAction\",\"target\":[\"https:\/\/www.bagnoitalia.com\/fr\/produit\/sunshade-2x3m-or-3x3m-with-black-aluminium-frame-and-grey-or-ecru-ob20-canvas-2.html\"]}]},{\"@type\":\"ImageObject\",\"inLanguage\":\"fr-FR\",\"@id\":\"https:\/\/www.bagnoitalia.com\/fr\/produit\/sunshade-2x3m-or-3x3m-with-black-aluminium-frame-and-grey-or-ecru-ob20-canvas-2.html#primaryimage\",\"url\":\"https:\/\/img.bagnoitalia.com\/wp-content\/uploads\/virtuemart\/product\/ombrellone-2x3-3x3-ob20-colori-1.jpg\",\"contentUrl\":\"https:\/\/img.bagnoitalia.com\/wp-content\/uploads\/virtuemart\/product\/ombrellone-2x3-3x3-ob20-colori-1.jpg\",\"width\":550,\"height\":550},{\"@type\":\"BreadcrumbList\",\"@id\":\"https:\/\/www.bagnoitalia.com\/fr\/produit\/sunshade-2x3m-or-3x3m-with-black-aluminium-frame-and-grey-or-ecru-ob20-canvas-2.html#breadcrumb\",\"itemListElement\":[{\"@type\":\"ListItem\",\"position\":1,\"name\":\"Home\",\"item\":\"https:\/\/www.bagnoitalia.com\/fr\"},{\"@type\":\"ListItem\",\"position\":2,\"name\":\"Produits\",\"item\":\"https:\/\/www.bagnoitalia.com\/fr\/shop\"},{\"@type\":\"ListItem\",\"position\":3,\"name\":\"Parasol 2x3m ou 3x3m avec armature en aluminium noir et toile OB20 grise ou \u00e9crue\"}]},{\"@type\":\"WebSite\",\"@id\":\"https:\/\/www.bagnoitalia.com\/fr#website\",\"url\":\"https:\/\/www.bagnoitalia.com\/fr\",\"name\":\"Bagno Italia\",\"description\":\"\",\"publisher\":{\"@id\":\"https:\/\/www.bagnoitalia.com\/fr#organization\"},\"potentialAction\":[{\"@type\":\"SearchAction\",\"target\":{\"@type\":\"EntryPoint\",\"urlTemplate\":\"https:\/\/www.bagnoitalia.com\/fr?s={search_term_string}\"},\"query-input\":{\"@type\":\"PropertyValueSpecification\",\"valueRequired\":true,\"valueName\":\"search_term_string\"}}],\"inLanguage\":\"fr-FR\"},{\"@type\":\"Organization\",\"@id\":\"https:\/\/www.bagnoitalia.com\/fr#organization\",\"name\":\"Bagno Italia\",\"url\":\"https:\/\/www.bagnoitalia.com\/fr\",\"logo\":{\"@type\":\"ImageObject\",\"inLanguage\":\"fr-FR\",\"@id\":\"https:\/\/www.bagnoitalia.com\/fr#\/schema\/logo\/image\/\",\"url\":\"https:\/\/img.bagnoitalia.com\/wp-content\/uploads\/logo-bagnoitalia.webp\",\"contentUrl\":\"https:\/\/img.bagnoitalia.com\/wp-content\/uploads\/logo-bagnoitalia.webp\",\"width\":400,\"height\":70,\"caption\":\"Bagno Italia\"},\"image\":{\"@id\":\"https:\/\/www.bagnoitalia.com\/fr#\/schema\/logo\/image\/\"}}]}<\/script>\n<!-- \/ Yoast SEO plugin. -->","yoast_head_json":{"title":"Parasol 2x3m ou 3x3m avec armature en aluminium noir et toile OB20 grise ou \u00e9crue","description":"Parapluie rectangulaire ou carr\u00e9, fabriqu\u00e9 en deux tailles et avec une toile en polyester disponible en deux couleurs. Poteau lat\u00e9ral avec poulie et base en forme de croix.","robots":{"index":"index","follow":"follow","max-snippet":"max-snippet:-1","max-image-preview":"max-image-preview:large","max-video-preview":"max-video-preview:-1"},"canonical":"https:\/\/www.bagnoitalia.com\/fr\/produit\/sunshade-2x3m-or-3x3m-with-black-aluminium-frame-and-grey-or-ecru-ob20-canvas-2.html","og_locale":"fr_FR","og_type":"article","og_title":"Parasol 2x3m ou 3x3m avec armature en aluminium noir et toile OB20 grise ou \u00e9crue","og_description":"Parapluie rectangulaire ou carr\u00e9, fabriqu\u00e9 en deux tailles et avec une toile en polyester disponible en deux couleurs. Poteau lat\u00e9ral avec poulie et base en forme de croix.","og_url":"https:\/\/www.bagnoitalia.com\/fr\/produit\/sunshade-2x3m-or-3x3m-with-black-aluminium-frame-and-grey-or-ecru-ob20-canvas-2.html","og_site_name":"Bagno Italia","article_modified_time":"2024-06-11T12:49:16+00:00","og_image":[{"width":550,"height":550,"url":"https:\/\/img.bagnoitalia.com\/wp-content\/uploads\/virtuemart\/product\/ombrellone-2x3-3x3-ob20-colori-1.jpg","type":"image\/jpeg"}],"twitter_card":"summary_large_image","twitter_misc":{"Dur\u00e9e de lecture estim\u00e9e":"1 minute"},"schema":{"@context":"https:\/\/schema.org","@graph":[{"@type":"WebPage","@id":"https:\/\/www.bagnoitalia.com\/fr\/produit\/sunshade-2x3m-or-3x3m-with-black-aluminium-frame-and-grey-or-ecru-ob20-canvas-2.html","url":"https:\/\/www.bagnoitalia.com\/fr\/produit\/sunshade-2x3m-or-3x3m-with-black-aluminium-frame-and-grey-or-ecru-ob20-canvas-2.html","name":"Parasol 2x3m ou 3x3m avec armature en aluminium noir et toile OB20 grise ou \u00e9crue","isPartOf":{"@id":"https:\/\/www.bagnoitalia.com\/fr#website"},"primaryImageOfPage":{"@id":"https:\/\/www.bagnoitalia.com\/fr\/produit\/sunshade-2x3m-or-3x3m-with-black-aluminium-frame-and-grey-or-ecru-ob20-canvas-2.html#primaryimage"},"image":{"@id":"https:\/\/www.bagnoitalia.com\/fr\/produit\/sunshade-2x3m-or-3x3m-with-black-aluminium-frame-and-grey-or-ecru-ob20-canvas-2.html#primaryimage"},"thumbnailUrl":"https:\/\/img.bagnoitalia.com\/wp-content\/uploads\/virtuemart\/product\/ombrellone-2x3-3x3-ob20-colori-1.jpg","datePublished":"2024-01-17T14:31:55+00:00","dateModified":"2024-06-11T12:49:16+00:00","description":"Parapluie rectangulaire ou carr\u00e9, fabriqu\u00e9 en deux tailles et avec une toile en polyester disponible en deux couleurs. Poteau lat\u00e9ral avec poulie et base en forme de croix.","breadcrumb":{"@id":"https:\/\/www.bagnoitalia.com\/fr\/produit\/sunshade-2x3m-or-3x3m-with-black-aluminium-frame-and-grey-or-ecru-ob20-canvas-2.html#breadcrumb"},"inLanguage":"fr-FR","potentialAction":[{"@type":"ReadAction","target":["https:\/\/www.bagnoitalia.com\/fr\/produit\/sunshade-2x3m-or-3x3m-with-black-aluminium-frame-and-grey-or-ecru-ob20-canvas-2.html"]}]},{"@type":"ImageObject","inLanguage":"fr-FR","@id":"https:\/\/www.bagnoitalia.com\/fr\/produit\/sunshade-2x3m-or-3x3m-with-black-aluminium-frame-and-grey-or-ecru-ob20-canvas-2.html#primaryimage","url":"https:\/\/img.bagnoitalia.com\/wp-content\/uploads\/virtuemart\/product\/ombrellone-2x3-3x3-ob20-colori-1.jpg","contentUrl":"https:\/\/img.bagnoitalia.com\/wp-content\/uploads\/virtuemart\/product\/ombrellone-2x3-3x3-ob20-colori-1.jpg","width":550,"height":550},{"@type":"BreadcrumbList","@id":"https:\/\/www.bagnoitalia.com\/fr\/produit\/sunshade-2x3m-or-3x3m-with-black-aluminium-frame-and-grey-or-ecru-ob20-canvas-2.html#breadcrumb","itemListElement":[{"@type":"ListItem","position":1,"name":"Home","item":"https:\/\/www.bagnoitalia.com\/fr"},{"@type":"ListItem","position":2,"name":"Produits","item":"https:\/\/www.bagnoitalia.com\/fr\/shop"},{"@type":"ListItem","position":3,"name":"Parasol 2x3m ou 3x3m avec armature en aluminium noir et toile OB20 grise ou \u00e9crue"}]},{"@type":"WebSite","@id":"https:\/\/www.bagnoitalia.com\/fr#website","url":"https:\/\/www.bagnoitalia.com\/fr","name":"Bagno Italia","description":"","publisher":{"@id":"https:\/\/www.bagnoitalia.com\/fr#organization"},"potentialAction":[{"@type":"SearchAction","target":{"@type":"EntryPoint","urlTemplate":"https:\/\/www.bagnoitalia.com\/fr?s={search_term_string}"},"query-input":{"@type":"PropertyValueSpecification","valueRequired":true,"valueName":"search_term_string"}}],"inLanguage":"fr-FR"},{"@type":"Organization","@id":"https:\/\/www.bagnoitalia.com\/fr#organization","name":"Bagno Italia","url":"https:\/\/www.bagnoitalia.com\/fr","logo":{"@type":"ImageObject","inLanguage":"fr-FR","@id":"https:\/\/www.bagnoitalia.com\/fr#\/schema\/logo\/image\/","url":"https:\/\/img.bagnoitalia.com\/wp-content\/uploads\/logo-bagnoitalia.webp","contentUrl":"https:\/\/img.bagnoitalia.com\/wp-content\/uploads\/logo-bagnoitalia.webp","width":400,"height":70,"caption":"Bagno Italia"},"image":{"@id":"https:\/\/www.bagnoitalia.com\/fr#\/schema\/logo\/image\/"}}]}},"_links":{"self":[{"href":"https:\/\/www.bagnoitalia.com\/fr\/wp-json\/wp\/v2\/product\/83809","targetHints":{"allow":["GET"]}}],"collection":[{"href":"https:\/\/www.bagnoitalia.com\/fr\/wp-json\/wp\/v2\/product"}],"about":[{"href":"https:\/\/www.bagnoitalia.com\/fr\/wp-json\/wp\/v2\/types\/product"}],"replies":[{"embeddable":true,"href":"https:\/\/www.bagnoitalia.com\/fr\/wp-json\/wp\/v2\/comments?post=83809"}],"version-history":[{"count":1,"href":"https:\/\/www.bagnoitalia.com\/fr\/wp-json\/wp\/v2\/product\/83809\/revisions"}],"predecessor-version":[{"id":89880,"href":"https:\/\/www.bagnoitalia.com\/fr\/wp-json\/wp\/v2\/product\/83809\/revisions\/89880"}],"wp:featuredmedia":[{"embeddable":true,"href":"https:\/\/www.bagnoitalia.com\/fr\/wp-json\/wp\/v2\/media\/69461"}],"wp:attachment":[{"href":"https:\/\/www.bagnoitalia.com\/fr\/wp-json\/wp\/v2\/media?parent=83809"}],"wp:term":[{"taxonomy":"product_brand","embeddable":true,"href":"https:\/\/www.bagnoitalia.com\/fr\/wp-json\/wp\/v2\/product_brand?post=83809"},{"taxonomy":"product_cat","embeddable":true,"href":"https:\/\/www.bagnoitalia.com\/fr\/wp-json\/wp\/v2\/product_cat?post=83809"},{"taxonomy":"product_tag","embeddable":true,"href":"https:\/\/www.bagnoitalia.com\/fr\/wp-json\/wp\/v2\/product_tag?post=83809"}],"curies":[{"name":"wp","href":"https:\/\/api.w.org\/{rel}","templated":true}]}}