{"id":83789,"date":"2024-01-15T14:57:55","date_gmt":"2024-01-15T13:57:55","guid":{"rendered":"https:\/\/www.bagnoitalia.com\/product\/shelly-6-colour-wooden-tv-cabinet-with-open-compartments-and-drawers-2"},"modified":"2024-05-27T15:53:03","modified_gmt":"2024-05-27T13:53:03","slug":"shelly-6-colour-wooden-tv-cabinet-with-open-compartments-and-drawers-2","status":"publish","type":"product","link":"https:\/\/www.bagnoitalia.com\/fr\/produit\/shelly-6-colour-wooden-tv-cabinet-with-open-compartments-and-drawers-2.html","title":{"rendered":"Meuble TV en bois 6 couleurs Shelly avec compartiments ouverts et tiroirs"},"content":{"rendered":"<p>MEUBLE \u00ab\u00a0SHELLY<\/p>\n<p>&nbsp;<\/p>\n<p>&nbsp;<\/p>\n<p>CARACT\u00c9RISTIQUES<\/p>\n<p>Meuble mural, utilisable comme meuble TV, compos\u00e9 de compartiments ouverts et de tiroirs<\/p>\n<p>Fabriqu\u00e9 en bois stratifi\u00e9<\/p>\n<p>Disponible dans les couleurs<\/p>\n<p>tiroir anthracite et structure en ch\u00eane clair<br \/>\ntiroir anthracite et structure en pin clair<br \/>\ntiroir anthracite et structure en orme<br \/>\ntiroir gris et structure en orme<br \/>\ntiroir taupe et structure ch\u00eane<br \/>\ntiroir gris et structure en pin clair<\/p>\n<p>&nbsp;<\/p>\n<p>&nbsp;<\/p>\n<p>DIMENSIONS<\/p>\n<p>Longueur totale : 170 cm<\/p>\n<p>Hauteur totale : 181,5 cm<\/p>\n<p>Hauteur du meuble TV \u00e0 partir du sol : 68 cm<\/p>\n<p>Profondeur maximale : 42 cm<\/p>\n<p>&nbsp;<\/p>\n<p>&nbsp;<\/p>\n<p>&nbsp;<\/p>\n<p>&nbsp;<\/p>\n<p>&nbsp;<\/p>\n<p>&nbsp;<\/p>\n<p>&nbsp;<\/p>\n<p>&nbsp;<\/p>\n<p>&nbsp;<\/p>\n<p>&nbsp;<\/p>\n<p>&nbsp;<\/p>\n<p>&nbsp;<\/p>\n<p>&nbsp;<\/p>\n<p>&nbsp;<\/p>\n<p>&nbsp;<\/p>\n<p>&nbsp;<\/p>\n<p>&nbsp;<\/p>\n<p>&nbsp;<\/p>\n<p>LEONARD<\/p>\n<p>&nbsp;<\/p>\n","protected":false},"excerpt":{"rendered":"<p>MEUBLE \u00ab\u00a0SHELLY &nbsp; &nbsp; CARACT\u00c9RISTIQUES Meuble mural, utilisable comme meuble TV, compos\u00e9 de compartiments ouverts et de tiroirs Fabriqu\u00e9 en bois stratifi\u00e9 Disponible dans les couleurs tiroir anthracite et structure en ch\u00eane clair tiroir anthracite et structure en pin clair tiroir anthracite et structure en orme tiroir gris et structure en orme tiroir taupe et [&hellip;]<\/p>\n","protected":false},"featured_media":69117,"comment_status":"open","ping_status":"closed","template":"","meta":[],"product_brand":[9879],"product_cat":[10115],"product_tag":[],"class_list":{"0":"post-83789","1":"product","2":"type-product","3":"status-publish","4":"has-post-thumbnail","6":"product_brand-vari-produttori-fr","7":"product_cat-senza-categoria-fr","9":"first","10":"outofstock","11":"taxable","12":"shipping-taxable","13":"purchasable","14":"product-type-simple"},"exclude_global_add_ons":false,"addons":[{"name":"Couleur","type":"multiple_choice","position":0,"required":true,"title_format":"heading","default":"","description_enable":false,"description":"","placeholder_enable":false,"placeholder":"","display":"select","restrictions_type":"any_text","adjust_price":false,"price":"","price_type":"flat_fee","restrictions":false,"min":"0","max":"0","options":[{"label":"anthracite et ch\u00eane clair","price":"","price_type":"quantity_based","image":0,"visibility":true},{"label":"anthracite et pin clair","price":"","price_type":"quantity_based","image":0,"visibility":true},{"label":"anthracite et orme","price":"","price_type":"quantity_based","image":0,"visibility":true},{"label":"gris et orme","price":"","price_type":"quantity_based","image":0,"visibility":true},{"label":"NON DISPONIBLE taupe et ch\u00eane","price":"","price_type":"quantity_based","image":0,"visibility":true},{"label":"gris et pin clair","price":"","price_type":"quantity_based","image":0,"visibility":true}],"id":1716825183}],"yoast_head":"<!-- This site is optimized with the Yoast SEO plugin v26.7 - https:\/\/yoast.com\/wordpress\/plugins\/seo\/ -->\n<title>Meuble TV en bois 6 couleurs Shelly avec compartiments ouverts et tiroirs<\/title>\n<meta name=\"robots\" content=\"index, follow, max-snippet:-1, max-image-preview:large, max-video-preview:-1\" \/>\n<link rel=\"canonical\" href=\"https:\/\/www.bagnoitalia.com\/fr\/produit\/shelly-6-colour-wooden-tv-cabinet-with-open-compartments-and-drawers-2.html\" \/>\n<meta property=\"og:locale\" content=\"fr_FR\" \/>\n<meta property=\"og:type\" content=\"article\" \/>\n<meta property=\"og:title\" content=\"Meuble TV en bois 6 couleurs Shelly avec compartiments ouverts et tiroirs\" \/>\n<meta property=\"og:description\" content=\"MEUBLE \u00ab\u00a0SHELLY &nbsp; &nbsp; CARACT\u00c9RISTIQUES Meuble mural, utilisable comme meuble TV, compos\u00e9 de compartiments ouverts et de tiroirs Fabriqu\u00e9 en bois stratifi\u00e9 Disponible dans les couleurs tiroir anthracite et structure en ch\u00eane clair tiroir anthracite et structure en pin clair tiroir anthracite et structure en orme tiroir gris et structure en orme tiroir taupe et [&hellip;]\" \/>\n<meta property=\"og:url\" content=\"https:\/\/www.bagnoitalia.com\/fr\/produit\/shelly-6-colour-wooden-tv-cabinet-with-open-compartments-and-drawers-2.html\" \/>\n<meta property=\"og:site_name\" content=\"Bagno Italia\" \/>\n<meta property=\"article:modified_time\" content=\"2024-05-27T13:53:03+00:00\" \/>\n<meta property=\"og:image\" content=\"https:\/\/img.bagnoitalia.com\/wp-content\/uploads\/virtuemart\/product\/parete-attrezzata-mobile-porta-tv-colori-1.jpg\" \/>\n\t<meta property=\"og:image:width\" content=\"550\" \/>\n\t<meta property=\"og:image:height\" content=\"550\" \/>\n\t<meta property=\"og:image:type\" content=\"image\/jpeg\" \/>\n<meta name=\"twitter:card\" content=\"summary_large_image\" \/>\n<meta name=\"twitter:label1\" content=\"Dur\u00e9e de lecture estim\u00e9e\" \/>\n\t<meta name=\"twitter:data1\" content=\"1 minute\" \/>\n<script type=\"application\/ld+json\" class=\"yoast-schema-graph\">{\"@context\":\"https:\/\/schema.org\",\"@graph\":[{\"@type\":\"WebPage\",\"@id\":\"https:\/\/www.bagnoitalia.com\/fr\/produit\/shelly-6-colour-wooden-tv-cabinet-with-open-compartments-and-drawers-2.html\",\"url\":\"https:\/\/www.bagnoitalia.com\/fr\/produit\/shelly-6-colour-wooden-tv-cabinet-with-open-compartments-and-drawers-2.html\",\"name\":\"Meuble TV en bois 6 couleurs Shelly avec compartiments ouverts et tiroirs\",\"isPartOf\":{\"@id\":\"https:\/\/www.bagnoitalia.com\/fr#website\"},\"primaryImageOfPage\":{\"@id\":\"https:\/\/www.bagnoitalia.com\/fr\/produit\/shelly-6-colour-wooden-tv-cabinet-with-open-compartments-and-drawers-2.html#primaryimage\"},\"image\":{\"@id\":\"https:\/\/www.bagnoitalia.com\/fr\/produit\/shelly-6-colour-wooden-tv-cabinet-with-open-compartments-and-drawers-2.html#primaryimage\"},\"thumbnailUrl\":\"https:\/\/img.bagnoitalia.com\/wp-content\/uploads\/virtuemart\/product\/parete-attrezzata-mobile-porta-tv-colori-1.jpg\",\"datePublished\":\"2024-01-15T13:57:55+00:00\",\"dateModified\":\"2024-05-27T13:53:03+00:00\",\"breadcrumb\":{\"@id\":\"https:\/\/www.bagnoitalia.com\/fr\/produit\/shelly-6-colour-wooden-tv-cabinet-with-open-compartments-and-drawers-2.html#breadcrumb\"},\"inLanguage\":\"fr-FR\",\"potentialAction\":[{\"@type\":\"ReadAction\",\"target\":[\"https:\/\/www.bagnoitalia.com\/fr\/produit\/shelly-6-colour-wooden-tv-cabinet-with-open-compartments-and-drawers-2.html\"]}]},{\"@type\":\"ImageObject\",\"inLanguage\":\"fr-FR\",\"@id\":\"https:\/\/www.bagnoitalia.com\/fr\/produit\/shelly-6-colour-wooden-tv-cabinet-with-open-compartments-and-drawers-2.html#primaryimage\",\"url\":\"https:\/\/img.bagnoitalia.com\/wp-content\/uploads\/virtuemart\/product\/parete-attrezzata-mobile-porta-tv-colori-1.jpg\",\"contentUrl\":\"https:\/\/img.bagnoitalia.com\/wp-content\/uploads\/virtuemart\/product\/parete-attrezzata-mobile-porta-tv-colori-1.jpg\",\"width\":550,\"height\":550},{\"@type\":\"BreadcrumbList\",\"@id\":\"https:\/\/www.bagnoitalia.com\/fr\/produit\/shelly-6-colour-wooden-tv-cabinet-with-open-compartments-and-drawers-2.html#breadcrumb\",\"itemListElement\":[{\"@type\":\"ListItem\",\"position\":1,\"name\":\"Home\",\"item\":\"https:\/\/www.bagnoitalia.com\/fr\"},{\"@type\":\"ListItem\",\"position\":2,\"name\":\"Produits\",\"item\":\"https:\/\/www.bagnoitalia.com\/fr\/shop\"},{\"@type\":\"ListItem\",\"position\":3,\"name\":\"Meuble TV en bois 6 couleurs Shelly avec compartiments ouverts et tiroirs\"}]},{\"@type\":\"WebSite\",\"@id\":\"https:\/\/www.bagnoitalia.com\/fr#website\",\"url\":\"https:\/\/www.bagnoitalia.com\/fr\",\"name\":\"Bagno Italia\",\"description\":\"\",\"publisher\":{\"@id\":\"https:\/\/www.bagnoitalia.com\/fr#organization\"},\"potentialAction\":[{\"@type\":\"SearchAction\",\"target\":{\"@type\":\"EntryPoint\",\"urlTemplate\":\"https:\/\/www.bagnoitalia.com\/fr?s={search_term_string}\"},\"query-input\":{\"@type\":\"PropertyValueSpecification\",\"valueRequired\":true,\"valueName\":\"search_term_string\"}}],\"inLanguage\":\"fr-FR\"},{\"@type\":\"Organization\",\"@id\":\"https:\/\/www.bagnoitalia.com\/fr#organization\",\"name\":\"Bagno Italia\",\"url\":\"https:\/\/www.bagnoitalia.com\/fr\",\"logo\":{\"@type\":\"ImageObject\",\"inLanguage\":\"fr-FR\",\"@id\":\"https:\/\/www.bagnoitalia.com\/fr#\/schema\/logo\/image\/\",\"url\":\"https:\/\/img.bagnoitalia.com\/wp-content\/uploads\/logo-bagnoitalia.webp\",\"contentUrl\":\"https:\/\/img.bagnoitalia.com\/wp-content\/uploads\/logo-bagnoitalia.webp\",\"width\":400,\"height\":70,\"caption\":\"Bagno Italia\"},\"image\":{\"@id\":\"https:\/\/www.bagnoitalia.com\/fr#\/schema\/logo\/image\/\"}}]}<\/script>\n<!-- \/ Yoast SEO plugin. -->","yoast_head_json":{"title":"Meuble TV en bois 6 couleurs Shelly avec compartiments ouverts et tiroirs","robots":{"index":"index","follow":"follow","max-snippet":"max-snippet:-1","max-image-preview":"max-image-preview:large","max-video-preview":"max-video-preview:-1"},"canonical":"https:\/\/www.bagnoitalia.com\/fr\/produit\/shelly-6-colour-wooden-tv-cabinet-with-open-compartments-and-drawers-2.html","og_locale":"fr_FR","og_type":"article","og_title":"Meuble TV en bois 6 couleurs Shelly avec compartiments ouverts et tiroirs","og_description":"MEUBLE \u00ab\u00a0SHELLY &nbsp; &nbsp; CARACT\u00c9RISTIQUES Meuble mural, utilisable comme meuble TV, compos\u00e9 de compartiments ouverts et de tiroirs Fabriqu\u00e9 en bois stratifi\u00e9 Disponible dans les couleurs tiroir anthracite et structure en ch\u00eane clair tiroir anthracite et structure en pin clair tiroir anthracite et structure en orme tiroir gris et structure en orme tiroir taupe et [&hellip;]","og_url":"https:\/\/www.bagnoitalia.com\/fr\/produit\/shelly-6-colour-wooden-tv-cabinet-with-open-compartments-and-drawers-2.html","og_site_name":"Bagno Italia","article_modified_time":"2024-05-27T13:53:03+00:00","og_image":[{"width":550,"height":550,"url":"https:\/\/img.bagnoitalia.com\/wp-content\/uploads\/virtuemart\/product\/parete-attrezzata-mobile-porta-tv-colori-1.jpg","type":"image\/jpeg"}],"twitter_card":"summary_large_image","twitter_misc":{"Dur\u00e9e de lecture estim\u00e9e":"1 minute"},"schema":{"@context":"https:\/\/schema.org","@graph":[{"@type":"WebPage","@id":"https:\/\/www.bagnoitalia.com\/fr\/produit\/shelly-6-colour-wooden-tv-cabinet-with-open-compartments-and-drawers-2.html","url":"https:\/\/www.bagnoitalia.com\/fr\/produit\/shelly-6-colour-wooden-tv-cabinet-with-open-compartments-and-drawers-2.html","name":"Meuble TV en bois 6 couleurs Shelly avec compartiments ouverts et tiroirs","isPartOf":{"@id":"https:\/\/www.bagnoitalia.com\/fr#website"},"primaryImageOfPage":{"@id":"https:\/\/www.bagnoitalia.com\/fr\/produit\/shelly-6-colour-wooden-tv-cabinet-with-open-compartments-and-drawers-2.html#primaryimage"},"image":{"@id":"https:\/\/www.bagnoitalia.com\/fr\/produit\/shelly-6-colour-wooden-tv-cabinet-with-open-compartments-and-drawers-2.html#primaryimage"},"thumbnailUrl":"https:\/\/img.bagnoitalia.com\/wp-content\/uploads\/virtuemart\/product\/parete-attrezzata-mobile-porta-tv-colori-1.jpg","datePublished":"2024-01-15T13:57:55+00:00","dateModified":"2024-05-27T13:53:03+00:00","breadcrumb":{"@id":"https:\/\/www.bagnoitalia.com\/fr\/produit\/shelly-6-colour-wooden-tv-cabinet-with-open-compartments-and-drawers-2.html#breadcrumb"},"inLanguage":"fr-FR","potentialAction":[{"@type":"ReadAction","target":["https:\/\/www.bagnoitalia.com\/fr\/produit\/shelly-6-colour-wooden-tv-cabinet-with-open-compartments-and-drawers-2.html"]}]},{"@type":"ImageObject","inLanguage":"fr-FR","@id":"https:\/\/www.bagnoitalia.com\/fr\/produit\/shelly-6-colour-wooden-tv-cabinet-with-open-compartments-and-drawers-2.html#primaryimage","url":"https:\/\/img.bagnoitalia.com\/wp-content\/uploads\/virtuemart\/product\/parete-attrezzata-mobile-porta-tv-colori-1.jpg","contentUrl":"https:\/\/img.bagnoitalia.com\/wp-content\/uploads\/virtuemart\/product\/parete-attrezzata-mobile-porta-tv-colori-1.jpg","width":550,"height":550},{"@type":"BreadcrumbList","@id":"https:\/\/www.bagnoitalia.com\/fr\/produit\/shelly-6-colour-wooden-tv-cabinet-with-open-compartments-and-drawers-2.html#breadcrumb","itemListElement":[{"@type":"ListItem","position":1,"name":"Home","item":"https:\/\/www.bagnoitalia.com\/fr"},{"@type":"ListItem","position":2,"name":"Produits","item":"https:\/\/www.bagnoitalia.com\/fr\/shop"},{"@type":"ListItem","position":3,"name":"Meuble TV en bois 6 couleurs Shelly avec compartiments ouverts et tiroirs"}]},{"@type":"WebSite","@id":"https:\/\/www.bagnoitalia.com\/fr#website","url":"https:\/\/www.bagnoitalia.com\/fr","name":"Bagno Italia","description":"","publisher":{"@id":"https:\/\/www.bagnoitalia.com\/fr#organization"},"potentialAction":[{"@type":"SearchAction","target":{"@type":"EntryPoint","urlTemplate":"https:\/\/www.bagnoitalia.com\/fr?s={search_term_string}"},"query-input":{"@type":"PropertyValueSpecification","valueRequired":true,"valueName":"search_term_string"}}],"inLanguage":"fr-FR"},{"@type":"Organization","@id":"https:\/\/www.bagnoitalia.com\/fr#organization","name":"Bagno Italia","url":"https:\/\/www.bagnoitalia.com\/fr","logo":{"@type":"ImageObject","inLanguage":"fr-FR","@id":"https:\/\/www.bagnoitalia.com\/fr#\/schema\/logo\/image\/","url":"https:\/\/img.bagnoitalia.com\/wp-content\/uploads\/logo-bagnoitalia.webp","contentUrl":"https:\/\/img.bagnoitalia.com\/wp-content\/uploads\/logo-bagnoitalia.webp","width":400,"height":70,"caption":"Bagno Italia"},"image":{"@id":"https:\/\/www.bagnoitalia.com\/fr#\/schema\/logo\/image\/"}}]}},"_links":{"self":[{"href":"https:\/\/www.bagnoitalia.com\/fr\/wp-json\/wp\/v2\/product\/83789","targetHints":{"allow":["GET"]}}],"collection":[{"href":"https:\/\/www.bagnoitalia.com\/fr\/wp-json\/wp\/v2\/product"}],"about":[{"href":"https:\/\/www.bagnoitalia.com\/fr\/wp-json\/wp\/v2\/types\/product"}],"replies":[{"embeddable":true,"href":"https:\/\/www.bagnoitalia.com\/fr\/wp-json\/wp\/v2\/comments?post=83789"}],"version-history":[{"count":1,"href":"https:\/\/www.bagnoitalia.com\/fr\/wp-json\/wp\/v2\/product\/83789\/revisions"}],"predecessor-version":[{"id":88387,"href":"https:\/\/www.bagnoitalia.com\/fr\/wp-json\/wp\/v2\/product\/83789\/revisions\/88387"}],"wp:featuredmedia":[{"embeddable":true,"href":"https:\/\/www.bagnoitalia.com\/fr\/wp-json\/wp\/v2\/media\/69117"}],"wp:attachment":[{"href":"https:\/\/www.bagnoitalia.com\/fr\/wp-json\/wp\/v2\/media?parent=83789"}],"wp:term":[{"taxonomy":"product_brand","embeddable":true,"href":"https:\/\/www.bagnoitalia.com\/fr\/wp-json\/wp\/v2\/product_brand?post=83789"},{"taxonomy":"product_cat","embeddable":true,"href":"https:\/\/www.bagnoitalia.com\/fr\/wp-json\/wp\/v2\/product_cat?post=83789"},{"taxonomy":"product_tag","embeddable":true,"href":"https:\/\/www.bagnoitalia.com\/fr\/wp-json\/wp\/v2\/product_tag?post=83789"}],"curies":[{"name":"wp","href":"https:\/\/api.w.org\/{rel}","templated":true}]}}