{"id":83781,"date":"2024-01-12T15:54:29","date_gmt":"2024-01-12T14:54:29","guid":{"rendered":"https:\/\/www.bagnoitalia.com\/product\/gazebo-with-canvas-and-mosquito-net-300x400-cm-beige-with-black-steel-frame-gz11-2"},"modified":"2024-01-12T15:54:29","modified_gmt":"2024-01-12T14:54:29","slug":"gazebo-with-canvas-and-mosquito-net-300x400-cm-beige-with-black-steel-frame-gz11-2","status":"publish","type":"product","link":"https:\/\/www.bagnoitalia.com\/fr\/produit\/gazebo-with-canvas-and-mosquito-net-300x400-cm-beige-with-black-steel-frame-gz11-2.html","title":{"rendered":"Chapiteau avec toile et moustiquaire 300&#215;400 cm beige avec armature en acier noir GZ11"},"content":{"rendered":"<p>GAZEBO 3x4m avec GANZAR \u00ab\u00a0GZ11\u00a0\u00bb<\/p>\n<p>&nbsp;<\/p>\n<p>&nbsp;<\/p>\n<p>D\u00c9TAILS PRINCIPAUX DU PRODUIT<\/p>\n<p>&nbsp;<\/p>\n<p>&nbsp;<\/p>\n<p>Gloriette rectangulaire<\/p>\n<p>Dimensions 300x400xH265 cm<\/p>\n<p>structure en acier peint en noir (70 pieds en tube \u00d8 1,2mm)<\/p>\n<p>toile et c\u00f4t\u00e9s en polyester 200-160 gr de couleur \u00e9cru-beige<\/p>\n<p>moustiquaire<\/p>\n<p>&nbsp;<\/p>\n<p>&nbsp;<\/p>\n<p>&nbsp;<\/p>\n<p>&nbsp;<\/p>\n<p>&nbsp;<\/p>\n<p>&nbsp;<\/p>\n<p>&nbsp;<\/p>\n<p>&nbsp;<\/p>\n<p>&nbsp;<\/p>\n<p>&nbsp;<\/p>\n<p>&nbsp;<\/p>\n<p>&nbsp;<\/p>\n<p>&nbsp;<\/p>\n<p>&nbsp;<\/p>\n<p>&nbsp;<\/p>\n<p>&nbsp;<\/p>\n<p>&nbsp;<\/p>\n<p>&nbsp;<\/p>\n<p>KARNAK<\/p>\n","protected":false},"excerpt":{"rendered":"<p>Gazebo rectangulaire, adapt\u00e9 \u00e0 tout type d&rsquo;environnement ext\u00e9rieur, compos\u00e9 d&rsquo;un cadre en acier peint en noir, d&rsquo;une toile en polyester \u00e9cru-beige et d&rsquo;une moustiquaire. Hauteur 265 cm.<\/p>\n","protected":false},"featured_media":69005,"comment_status":"open","ping_status":"closed","template":"","meta":[],"product_brand":[9879],"product_cat":[10009,9783],"product_tag":[],"class_list":{"0":"post-83781","1":"product","2":"type-product","3":"status-publish","4":"has-post-thumbnail","6":"product_brand-vari-produttori-fr","7":"product_cat-gazebos-fr","8":"product_cat-mobilier-d-39-exterieur","10":"first","11":"instock","12":"sale","13":"taxable","14":"shipping-taxable","15":"purchasable","16":"product-type-simple"},"exclude_global_add_ons":[],"addons":[],"yoast_head":"<!-- This site is optimized with the Yoast SEO plugin v26.7 - https:\/\/yoast.com\/wordpress\/plugins\/seo\/ -->\n<title>Chapiteau avec toile et moustiquaire 300x400 cm beige avec armature en acier noir GZ11<\/title>\n<meta name=\"description\" content=\"Gazebo rectangulaire, adapt\u00e9 \u00e0 tout type d&#039;environnement ext\u00e9rieur, compos\u00e9 d&#039;un cadre en acier peint en noir, d&#039;une toile en polyester \u00e9cru-beige et d&#039;une moustiquaire. Hauteur 265 cm.\" \/>\n<meta name=\"robots\" content=\"index, follow, max-snippet:-1, max-image-preview:large, max-video-preview:-1\" \/>\n<link rel=\"canonical\" href=\"https:\/\/www.bagnoitalia.com\/fr\/produit\/gazebo-with-canvas-and-mosquito-net-300x400-cm-beige-with-black-steel-frame-gz11-2.html\" \/>\n<meta property=\"og:locale\" content=\"fr_FR\" \/>\n<meta property=\"og:type\" content=\"article\" \/>\n<meta property=\"og:title\" content=\"Chapiteau avec toile et moustiquaire 300x400 cm beige avec armature en acier noir GZ11\" \/>\n<meta property=\"og:description\" content=\"Gazebo rectangulaire, adapt\u00e9 \u00e0 tout type d&#039;environnement ext\u00e9rieur, compos\u00e9 d&#039;un cadre en acier peint en noir, d&#039;une toile en polyester \u00e9cru-beige et d&#039;une moustiquaire. Hauteur 265 cm.\" \/>\n<meta property=\"og:url\" content=\"https:\/\/www.bagnoitalia.com\/fr\/produit\/gazebo-with-canvas-and-mosquito-net-300x400-cm-beige-with-black-steel-frame-gz11-2.html\" \/>\n<meta property=\"og:site_name\" content=\"Bagno Italia\" \/>\n<meta property=\"og:image\" content=\"https:\/\/img.bagnoitalia.com\/wp-content\/uploads\/virtuemart\/product\/gazebo-rettangolare-con-zanzariera-dettagli-1.jpg\" \/>\n\t<meta property=\"og:image:width\" content=\"550\" \/>\n\t<meta property=\"og:image:height\" content=\"550\" \/>\n\t<meta property=\"og:image:type\" content=\"image\/jpeg\" \/>\n<meta name=\"twitter:card\" content=\"summary_large_image\" \/>\n<script type=\"application\/ld+json\" class=\"yoast-schema-graph\">{\"@context\":\"https:\/\/schema.org\",\"@graph\":[{\"@type\":\"WebPage\",\"@id\":\"https:\/\/www.bagnoitalia.com\/fr\/produit\/gazebo-with-canvas-and-mosquito-net-300x400-cm-beige-with-black-steel-frame-gz11-2.html\",\"url\":\"https:\/\/www.bagnoitalia.com\/fr\/produit\/gazebo-with-canvas-and-mosquito-net-300x400-cm-beige-with-black-steel-frame-gz11-2.html\",\"name\":\"Chapiteau avec toile et moustiquaire 300x400 cm beige avec armature en acier noir GZ11\",\"isPartOf\":{\"@id\":\"https:\/\/www.bagnoitalia.com\/fr#website\"},\"primaryImageOfPage\":{\"@id\":\"https:\/\/www.bagnoitalia.com\/fr\/produit\/gazebo-with-canvas-and-mosquito-net-300x400-cm-beige-with-black-steel-frame-gz11-2.html#primaryimage\"},\"image\":{\"@id\":\"https:\/\/www.bagnoitalia.com\/fr\/produit\/gazebo-with-canvas-and-mosquito-net-300x400-cm-beige-with-black-steel-frame-gz11-2.html#primaryimage\"},\"thumbnailUrl\":\"https:\/\/img.bagnoitalia.com\/wp-content\/uploads\/virtuemart\/product\/gazebo-rettangolare-con-zanzariera-dettagli-1.jpg\",\"datePublished\":\"2024-01-12T14:54:29+00:00\",\"description\":\"Gazebo rectangulaire, adapt\u00e9 \u00e0 tout type d&#39;environnement ext\u00e9rieur, compos\u00e9 d&#39;un cadre en acier peint en noir, d&#39;une toile en polyester \u00e9cru-beige et d&#39;une moustiquaire. Hauteur 265 cm.\",\"breadcrumb\":{\"@id\":\"https:\/\/www.bagnoitalia.com\/fr\/produit\/gazebo-with-canvas-and-mosquito-net-300x400-cm-beige-with-black-steel-frame-gz11-2.html#breadcrumb\"},\"inLanguage\":\"fr-FR\",\"potentialAction\":[{\"@type\":\"ReadAction\",\"target\":[\"https:\/\/www.bagnoitalia.com\/fr\/produit\/gazebo-with-canvas-and-mosquito-net-300x400-cm-beige-with-black-steel-frame-gz11-2.html\"]}]},{\"@type\":\"ImageObject\",\"inLanguage\":\"fr-FR\",\"@id\":\"https:\/\/www.bagnoitalia.com\/fr\/produit\/gazebo-with-canvas-and-mosquito-net-300x400-cm-beige-with-black-steel-frame-gz11-2.html#primaryimage\",\"url\":\"https:\/\/img.bagnoitalia.com\/wp-content\/uploads\/virtuemart\/product\/gazebo-rettangolare-con-zanzariera-dettagli-1.jpg\",\"contentUrl\":\"https:\/\/img.bagnoitalia.com\/wp-content\/uploads\/virtuemart\/product\/gazebo-rettangolare-con-zanzariera-dettagli-1.jpg\",\"width\":550,\"height\":550},{\"@type\":\"BreadcrumbList\",\"@id\":\"https:\/\/www.bagnoitalia.com\/fr\/produit\/gazebo-with-canvas-and-mosquito-net-300x400-cm-beige-with-black-steel-frame-gz11-2.html#breadcrumb\",\"itemListElement\":[{\"@type\":\"ListItem\",\"position\":1,\"name\":\"Home\",\"item\":\"https:\/\/www.bagnoitalia.com\/fr\"},{\"@type\":\"ListItem\",\"position\":2,\"name\":\"Produits\",\"item\":\"https:\/\/www.bagnoitalia.com\/fr\/shop\"},{\"@type\":\"ListItem\",\"position\":3,\"name\":\"Chapiteau avec toile et moustiquaire 300&#215;400 cm beige avec armature en acier noir GZ11\"}]},{\"@type\":\"WebSite\",\"@id\":\"https:\/\/www.bagnoitalia.com\/fr#website\",\"url\":\"https:\/\/www.bagnoitalia.com\/fr\",\"name\":\"Bagno Italia\",\"description\":\"\",\"publisher\":{\"@id\":\"https:\/\/www.bagnoitalia.com\/fr#organization\"},\"potentialAction\":[{\"@type\":\"SearchAction\",\"target\":{\"@type\":\"EntryPoint\",\"urlTemplate\":\"https:\/\/www.bagnoitalia.com\/fr?s={search_term_string}\"},\"query-input\":{\"@type\":\"PropertyValueSpecification\",\"valueRequired\":true,\"valueName\":\"search_term_string\"}}],\"inLanguage\":\"fr-FR\"},{\"@type\":\"Organization\",\"@id\":\"https:\/\/www.bagnoitalia.com\/fr#organization\",\"name\":\"Bagno Italia\",\"url\":\"https:\/\/www.bagnoitalia.com\/fr\",\"logo\":{\"@type\":\"ImageObject\",\"inLanguage\":\"fr-FR\",\"@id\":\"https:\/\/www.bagnoitalia.com\/fr#\/schema\/logo\/image\/\",\"url\":\"https:\/\/img.bagnoitalia.com\/wp-content\/uploads\/logo-bagnoitalia.webp\",\"contentUrl\":\"https:\/\/img.bagnoitalia.com\/wp-content\/uploads\/logo-bagnoitalia.webp\",\"width\":400,\"height\":70,\"caption\":\"Bagno Italia\"},\"image\":{\"@id\":\"https:\/\/www.bagnoitalia.com\/fr#\/schema\/logo\/image\/\"}}]}<\/script>\n<!-- \/ Yoast SEO plugin. -->","yoast_head_json":{"title":"Chapiteau avec toile et moustiquaire 300x400 cm beige avec armature en acier noir GZ11","description":"Gazebo rectangulaire, adapt\u00e9 \u00e0 tout type d&#39;environnement ext\u00e9rieur, compos\u00e9 d&#39;un cadre en acier peint en noir, d&#39;une toile en polyester \u00e9cru-beige et d&#39;une moustiquaire. Hauteur 265 cm.","robots":{"index":"index","follow":"follow","max-snippet":"max-snippet:-1","max-image-preview":"max-image-preview:large","max-video-preview":"max-video-preview:-1"},"canonical":"https:\/\/www.bagnoitalia.com\/fr\/produit\/gazebo-with-canvas-and-mosquito-net-300x400-cm-beige-with-black-steel-frame-gz11-2.html","og_locale":"fr_FR","og_type":"article","og_title":"Chapiteau avec toile et moustiquaire 300x400 cm beige avec armature en acier noir GZ11","og_description":"Gazebo rectangulaire, adapt\u00e9 \u00e0 tout type d&#39;environnement ext\u00e9rieur, compos\u00e9 d&#39;un cadre en acier peint en noir, d&#39;une toile en polyester \u00e9cru-beige et d&#39;une moustiquaire. Hauteur 265 cm.","og_url":"https:\/\/www.bagnoitalia.com\/fr\/produit\/gazebo-with-canvas-and-mosquito-net-300x400-cm-beige-with-black-steel-frame-gz11-2.html","og_site_name":"Bagno Italia","og_image":[{"width":550,"height":550,"url":"https:\/\/img.bagnoitalia.com\/wp-content\/uploads\/virtuemart\/product\/gazebo-rettangolare-con-zanzariera-dettagli-1.jpg","type":"image\/jpeg"}],"twitter_card":"summary_large_image","schema":{"@context":"https:\/\/schema.org","@graph":[{"@type":"WebPage","@id":"https:\/\/www.bagnoitalia.com\/fr\/produit\/gazebo-with-canvas-and-mosquito-net-300x400-cm-beige-with-black-steel-frame-gz11-2.html","url":"https:\/\/www.bagnoitalia.com\/fr\/produit\/gazebo-with-canvas-and-mosquito-net-300x400-cm-beige-with-black-steel-frame-gz11-2.html","name":"Chapiteau avec toile et moustiquaire 300x400 cm beige avec armature en acier noir GZ11","isPartOf":{"@id":"https:\/\/www.bagnoitalia.com\/fr#website"},"primaryImageOfPage":{"@id":"https:\/\/www.bagnoitalia.com\/fr\/produit\/gazebo-with-canvas-and-mosquito-net-300x400-cm-beige-with-black-steel-frame-gz11-2.html#primaryimage"},"image":{"@id":"https:\/\/www.bagnoitalia.com\/fr\/produit\/gazebo-with-canvas-and-mosquito-net-300x400-cm-beige-with-black-steel-frame-gz11-2.html#primaryimage"},"thumbnailUrl":"https:\/\/img.bagnoitalia.com\/wp-content\/uploads\/virtuemart\/product\/gazebo-rettangolare-con-zanzariera-dettagli-1.jpg","datePublished":"2024-01-12T14:54:29+00:00","description":"Gazebo rectangulaire, adapt\u00e9 \u00e0 tout type d&#39;environnement ext\u00e9rieur, compos\u00e9 d&#39;un cadre en acier peint en noir, d&#39;une toile en polyester \u00e9cru-beige et d&#39;une moustiquaire. Hauteur 265 cm.","breadcrumb":{"@id":"https:\/\/www.bagnoitalia.com\/fr\/produit\/gazebo-with-canvas-and-mosquito-net-300x400-cm-beige-with-black-steel-frame-gz11-2.html#breadcrumb"},"inLanguage":"fr-FR","potentialAction":[{"@type":"ReadAction","target":["https:\/\/www.bagnoitalia.com\/fr\/produit\/gazebo-with-canvas-and-mosquito-net-300x400-cm-beige-with-black-steel-frame-gz11-2.html"]}]},{"@type":"ImageObject","inLanguage":"fr-FR","@id":"https:\/\/www.bagnoitalia.com\/fr\/produit\/gazebo-with-canvas-and-mosquito-net-300x400-cm-beige-with-black-steel-frame-gz11-2.html#primaryimage","url":"https:\/\/img.bagnoitalia.com\/wp-content\/uploads\/virtuemart\/product\/gazebo-rettangolare-con-zanzariera-dettagli-1.jpg","contentUrl":"https:\/\/img.bagnoitalia.com\/wp-content\/uploads\/virtuemart\/product\/gazebo-rettangolare-con-zanzariera-dettagli-1.jpg","width":550,"height":550},{"@type":"BreadcrumbList","@id":"https:\/\/www.bagnoitalia.com\/fr\/produit\/gazebo-with-canvas-and-mosquito-net-300x400-cm-beige-with-black-steel-frame-gz11-2.html#breadcrumb","itemListElement":[{"@type":"ListItem","position":1,"name":"Home","item":"https:\/\/www.bagnoitalia.com\/fr"},{"@type":"ListItem","position":2,"name":"Produits","item":"https:\/\/www.bagnoitalia.com\/fr\/shop"},{"@type":"ListItem","position":3,"name":"Chapiteau avec toile et moustiquaire 300&#215;400 cm beige avec armature en acier noir GZ11"}]},{"@type":"WebSite","@id":"https:\/\/www.bagnoitalia.com\/fr#website","url":"https:\/\/www.bagnoitalia.com\/fr","name":"Bagno Italia","description":"","publisher":{"@id":"https:\/\/www.bagnoitalia.com\/fr#organization"},"potentialAction":[{"@type":"SearchAction","target":{"@type":"EntryPoint","urlTemplate":"https:\/\/www.bagnoitalia.com\/fr?s={search_term_string}"},"query-input":{"@type":"PropertyValueSpecification","valueRequired":true,"valueName":"search_term_string"}}],"inLanguage":"fr-FR"},{"@type":"Organization","@id":"https:\/\/www.bagnoitalia.com\/fr#organization","name":"Bagno Italia","url":"https:\/\/www.bagnoitalia.com\/fr","logo":{"@type":"ImageObject","inLanguage":"fr-FR","@id":"https:\/\/www.bagnoitalia.com\/fr#\/schema\/logo\/image\/","url":"https:\/\/img.bagnoitalia.com\/wp-content\/uploads\/logo-bagnoitalia.webp","contentUrl":"https:\/\/img.bagnoitalia.com\/wp-content\/uploads\/logo-bagnoitalia.webp","width":400,"height":70,"caption":"Bagno Italia"},"image":{"@id":"https:\/\/www.bagnoitalia.com\/fr#\/schema\/logo\/image\/"}}]}},"_links":{"self":[{"href":"https:\/\/www.bagnoitalia.com\/fr\/wp-json\/wp\/v2\/product\/83781","targetHints":{"allow":["GET"]}}],"collection":[{"href":"https:\/\/www.bagnoitalia.com\/fr\/wp-json\/wp\/v2\/product"}],"about":[{"href":"https:\/\/www.bagnoitalia.com\/fr\/wp-json\/wp\/v2\/types\/product"}],"replies":[{"embeddable":true,"href":"https:\/\/www.bagnoitalia.com\/fr\/wp-json\/wp\/v2\/comments?post=83781"}],"version-history":[{"count":0,"href":"https:\/\/www.bagnoitalia.com\/fr\/wp-json\/wp\/v2\/product\/83781\/revisions"}],"wp:featuredmedia":[{"embeddable":true,"href":"https:\/\/www.bagnoitalia.com\/fr\/wp-json\/wp\/v2\/media\/69005"}],"wp:attachment":[{"href":"https:\/\/www.bagnoitalia.com\/fr\/wp-json\/wp\/v2\/media?parent=83781"}],"wp:term":[{"taxonomy":"product_brand","embeddable":true,"href":"https:\/\/www.bagnoitalia.com\/fr\/wp-json\/wp\/v2\/product_brand?post=83781"},{"taxonomy":"product_cat","embeddable":true,"href":"https:\/\/www.bagnoitalia.com\/fr\/wp-json\/wp\/v2\/product_cat?post=83781"},{"taxonomy":"product_tag","embeddable":true,"href":"https:\/\/www.bagnoitalia.com\/fr\/wp-json\/wp\/v2\/product_tag?post=83781"}],"curies":[{"name":"wp","href":"https:\/\/api.w.org\/{rel}","templated":true}]}}