{"id":83753,"date":"2024-01-10T09:00:46","date_gmt":"2024-01-10T08:00:46","guid":{"rendered":"https:\/\/www.bagnoitalia.com\/product\/sunshade-with-white-or-dove-grey-canvas-5x5m-aluminium-frame-ob18-2"},"modified":"2024-05-22T15:40:12","modified_gmt":"2024-05-22T13:40:12","slug":"sunshade-with-white-or-dove-grey-canvas-5x5m-aluminium-frame-ob18-2","status":"publish","type":"product","link":"https:\/\/www.bagnoitalia.com\/fr\/produit\/sunshade-with-white-or-dove-grey-canvas-5x5m-aluminium-frame-ob18-2.html","title":{"rendered":"Parasol avec toile blanche ou gris tourterelle 5x5m cadre aluminium OB18"},"content":{"rendered":"<p>SUN UMBRELLA 5&#215;5 CM WHITE OR TORTORA \u00ab\u00a0OB18\u00a0\u00bb<\/p>\n<p>&nbsp;<\/p>\n<p>&nbsp;<\/p>\n<p>CARACT\u00c9RISTIQUES PRINCIPALES<\/p>\n<p>Parapluie de 5&#215;5 m\u00e8tres, disponible en deux couleurs<\/p>\n<p>blanc<br \/>\ngris tourterelle<\/p>\n<p>S\u00e9lectionnez la couleur choisie dans le menu d\u00e9roulant<\/p>\n<p>M\u00e2t de 10 cm de diam\u00e8tre, positionn\u00e9 au centre<\/p>\n<p>Chemin\u00e9e \u00e0 vent<\/p>\n<p>n. 12 lattes de 2&#215;4 cm<\/p>\n<p>Base en croix (contrepoids\/mousqueton NON inclus dans le prix)<\/p>\n<p>MAT\u00c9RIAU<\/p>\n<p>Poteau en aluminium<\/p>\n<p>Lattes en aluminium<\/p>\n<p>Toile en polyester<\/p>\n<p>&nbsp;<\/p>\n<p>&nbsp;<\/p>\n<p>&nbsp;<\/p>\n<p>&nbsp;<\/p>\n<p>&nbsp;<\/p>\n<p>&nbsp;<\/p>\n<p>&nbsp;<\/p>\n<p>&nbsp;<\/p>\n<p>&nbsp;<\/p>\n<p>&nbsp;<\/p>\n<p>&nbsp;<\/p>\n<p>&nbsp;<\/p>\n<p>&nbsp;<\/p>\n<p>&nbsp;<\/p>\n<p>&nbsp;<\/p>\n<p>&nbsp;<\/p>\n<p>&nbsp;<\/p>\n<p>&nbsp;<\/p>\n<p>&nbsp;<\/p>\n<p>&nbsp;<\/p>\n<p>&nbsp;<\/p>\n<p>&nbsp;<\/p>\n<p>&nbsp;<\/p>\n<p>GIOVE<\/p>\n<p>&nbsp;<\/p>\n","protected":false},"excerpt":{"rendered":"<p>Parasol avec toile en polyester disponible en deux couleurs, complet avec 12 lattes et chemin\u00e9e. M\u00e2t central en aluminium peint<\/p>\n","protected":false},"featured_media":68593,"comment_status":"open","ping_status":"closed","template":"","meta":[],"product_brand":[5004],"product_cat":[10030],"product_tag":[],"class_list":{"0":"post-83753","1":"product","2":"type-product","3":"status-publish","4":"has-post-thumbnail","6":"product_brand-vari-produttori","7":"product_cat-parasols","9":"first","10":"instock","11":"sale","12":"taxable","13":"shipping-taxable","14":"purchasable","15":"product-type-simple"},"exclude_global_add_ons":false,"addons":[{"name":"Typologie","type":"multiple_choice","position":0,"required":true,"title_format":"heading","default":"","description_enable":false,"description":"","placeholder_enable":false,"placeholder":"","display":"select","restrictions_type":"any_text","adjust_price":false,"price":"","price_type":"flat_fee","restrictions":false,"min":"0","max":"0","options":[{"label":"avec un tissu blanc","price":"","price_type":"quantity_based","image":0,"visibility":true},{"label":"avec tissu gris tourterelle","price":"","price_type":"quantity_based","image":0,"visibility":true}],"id":1716392412}],"yoast_head":"<!-- This site is optimized with the Yoast SEO plugin v26.7 - https:\/\/yoast.com\/wordpress\/plugins\/seo\/ -->\n<title>Parasol avec toile blanche ou gris tourterelle 5x5m cadre aluminium OB18<\/title>\n<meta name=\"description\" content=\"Parasol avec toile en polyester disponible en deux couleurs, complet avec 12 lattes et chemin\u00e9e. M\u00e2t central en aluminium peint\" \/>\n<meta name=\"robots\" content=\"index, follow, max-snippet:-1, max-image-preview:large, max-video-preview:-1\" \/>\n<link rel=\"canonical\" href=\"https:\/\/www.bagnoitalia.com\/fr\/produit\/sunshade-with-white-or-dove-grey-canvas-5x5m-aluminium-frame-ob18-2.html\" \/>\n<meta property=\"og:locale\" content=\"fr_FR\" \/>\n<meta property=\"og:type\" content=\"article\" \/>\n<meta property=\"og:title\" content=\"Parasol avec toile blanche ou gris tourterelle 5x5m cadre aluminium OB18\" \/>\n<meta property=\"og:description\" content=\"Parasol avec toile en polyester disponible en deux couleurs, complet avec 12 lattes et chemin\u00e9e. M\u00e2t central en aluminium peint\" \/>\n<meta property=\"og:url\" content=\"https:\/\/www.bagnoitalia.com\/fr\/produit\/sunshade-with-white-or-dove-grey-canvas-5x5m-aluminium-frame-ob18-2.html\" \/>\n<meta property=\"og:site_name\" content=\"Bagno Italia\" \/>\n<meta property=\"article:modified_time\" content=\"2024-05-22T13:40:12+00:00\" \/>\n<meta property=\"og:image\" content=\"https:\/\/img.bagnoitalia.com\/wp-content\/uploads\/virtuemart\/product\/ombrellone-5x5-bianco-tortora-1.jpg\" \/>\n\t<meta property=\"og:image:width\" content=\"550\" \/>\n\t<meta property=\"og:image:height\" content=\"550\" \/>\n\t<meta property=\"og:image:type\" content=\"image\/jpeg\" \/>\n<meta name=\"twitter:card\" content=\"summary_large_image\" \/>\n<meta name=\"twitter:label1\" content=\"Dur\u00e9e de lecture estim\u00e9e\" \/>\n\t<meta name=\"twitter:data1\" content=\"1 minute\" \/>\n<script type=\"application\/ld+json\" class=\"yoast-schema-graph\">{\"@context\":\"https:\/\/schema.org\",\"@graph\":[{\"@type\":\"WebPage\",\"@id\":\"https:\/\/www.bagnoitalia.com\/fr\/produit\/sunshade-with-white-or-dove-grey-canvas-5x5m-aluminium-frame-ob18-2.html\",\"url\":\"https:\/\/www.bagnoitalia.com\/fr\/produit\/sunshade-with-white-or-dove-grey-canvas-5x5m-aluminium-frame-ob18-2.html\",\"name\":\"Parasol avec toile blanche ou gris tourterelle 5x5m cadre aluminium OB18\",\"isPartOf\":{\"@id\":\"https:\/\/www.bagnoitalia.com\/fr#website\"},\"primaryImageOfPage\":{\"@id\":\"https:\/\/www.bagnoitalia.com\/fr\/produit\/sunshade-with-white-or-dove-grey-canvas-5x5m-aluminium-frame-ob18-2.html#primaryimage\"},\"image\":{\"@id\":\"https:\/\/www.bagnoitalia.com\/fr\/produit\/sunshade-with-white-or-dove-grey-canvas-5x5m-aluminium-frame-ob18-2.html#primaryimage\"},\"thumbnailUrl\":\"https:\/\/img.bagnoitalia.com\/wp-content\/uploads\/virtuemart\/product\/ombrellone-5x5-bianco-tortora-1.jpg\",\"datePublished\":\"2024-01-10T08:00:46+00:00\",\"dateModified\":\"2024-05-22T13:40:12+00:00\",\"description\":\"Parasol avec toile en polyester disponible en deux couleurs, complet avec 12 lattes et chemin\u00e9e. M\u00e2t central en aluminium peint\",\"breadcrumb\":{\"@id\":\"https:\/\/www.bagnoitalia.com\/fr\/produit\/sunshade-with-white-or-dove-grey-canvas-5x5m-aluminium-frame-ob18-2.html#breadcrumb\"},\"inLanguage\":\"fr-FR\",\"potentialAction\":[{\"@type\":\"ReadAction\",\"target\":[\"https:\/\/www.bagnoitalia.com\/fr\/produit\/sunshade-with-white-or-dove-grey-canvas-5x5m-aluminium-frame-ob18-2.html\"]}]},{\"@type\":\"ImageObject\",\"inLanguage\":\"fr-FR\",\"@id\":\"https:\/\/www.bagnoitalia.com\/fr\/produit\/sunshade-with-white-or-dove-grey-canvas-5x5m-aluminium-frame-ob18-2.html#primaryimage\",\"url\":\"https:\/\/img.bagnoitalia.com\/wp-content\/uploads\/virtuemart\/product\/ombrellone-5x5-bianco-tortora-1.jpg\",\"contentUrl\":\"https:\/\/img.bagnoitalia.com\/wp-content\/uploads\/virtuemart\/product\/ombrellone-5x5-bianco-tortora-1.jpg\",\"width\":550,\"height\":550},{\"@type\":\"BreadcrumbList\",\"@id\":\"https:\/\/www.bagnoitalia.com\/fr\/produit\/sunshade-with-white-or-dove-grey-canvas-5x5m-aluminium-frame-ob18-2.html#breadcrumb\",\"itemListElement\":[{\"@type\":\"ListItem\",\"position\":1,\"name\":\"Home\",\"item\":\"https:\/\/www.bagnoitalia.com\/fr\"},{\"@type\":\"ListItem\",\"position\":2,\"name\":\"Produits\",\"item\":\"https:\/\/www.bagnoitalia.com\/fr\/shop\"},{\"@type\":\"ListItem\",\"position\":3,\"name\":\"Parasol avec toile blanche ou gris tourterelle 5x5m cadre aluminium OB18\"}]},{\"@type\":\"WebSite\",\"@id\":\"https:\/\/www.bagnoitalia.com\/fr#website\",\"url\":\"https:\/\/www.bagnoitalia.com\/fr\",\"name\":\"Bagno Italia\",\"description\":\"\",\"publisher\":{\"@id\":\"https:\/\/www.bagnoitalia.com\/fr#organization\"},\"potentialAction\":[{\"@type\":\"SearchAction\",\"target\":{\"@type\":\"EntryPoint\",\"urlTemplate\":\"https:\/\/www.bagnoitalia.com\/fr?s={search_term_string}\"},\"query-input\":{\"@type\":\"PropertyValueSpecification\",\"valueRequired\":true,\"valueName\":\"search_term_string\"}}],\"inLanguage\":\"fr-FR\"},{\"@type\":\"Organization\",\"@id\":\"https:\/\/www.bagnoitalia.com\/fr#organization\",\"name\":\"Bagno Italia\",\"url\":\"https:\/\/www.bagnoitalia.com\/fr\",\"logo\":{\"@type\":\"ImageObject\",\"inLanguage\":\"fr-FR\",\"@id\":\"https:\/\/www.bagnoitalia.com\/fr#\/schema\/logo\/image\/\",\"url\":\"https:\/\/img.bagnoitalia.com\/wp-content\/uploads\/logo-bagnoitalia.webp\",\"contentUrl\":\"https:\/\/img.bagnoitalia.com\/wp-content\/uploads\/logo-bagnoitalia.webp\",\"width\":400,\"height\":70,\"caption\":\"Bagno Italia\"},\"image\":{\"@id\":\"https:\/\/www.bagnoitalia.com\/fr#\/schema\/logo\/image\/\"}}]}<\/script>\n<!-- \/ Yoast SEO plugin. -->","yoast_head_json":{"title":"Parasol avec toile blanche ou gris tourterelle 5x5m cadre aluminium OB18","description":"Parasol avec toile en polyester disponible en deux couleurs, complet avec 12 lattes et chemin\u00e9e. M\u00e2t central en aluminium peint","robots":{"index":"index","follow":"follow","max-snippet":"max-snippet:-1","max-image-preview":"max-image-preview:large","max-video-preview":"max-video-preview:-1"},"canonical":"https:\/\/www.bagnoitalia.com\/fr\/produit\/sunshade-with-white-or-dove-grey-canvas-5x5m-aluminium-frame-ob18-2.html","og_locale":"fr_FR","og_type":"article","og_title":"Parasol avec toile blanche ou gris tourterelle 5x5m cadre aluminium OB18","og_description":"Parasol avec toile en polyester disponible en deux couleurs, complet avec 12 lattes et chemin\u00e9e. M\u00e2t central en aluminium peint","og_url":"https:\/\/www.bagnoitalia.com\/fr\/produit\/sunshade-with-white-or-dove-grey-canvas-5x5m-aluminium-frame-ob18-2.html","og_site_name":"Bagno Italia","article_modified_time":"2024-05-22T13:40:12+00:00","og_image":[{"width":550,"height":550,"url":"https:\/\/img.bagnoitalia.com\/wp-content\/uploads\/virtuemart\/product\/ombrellone-5x5-bianco-tortora-1.jpg","type":"image\/jpeg"}],"twitter_card":"summary_large_image","twitter_misc":{"Dur\u00e9e de lecture estim\u00e9e":"1 minute"},"schema":{"@context":"https:\/\/schema.org","@graph":[{"@type":"WebPage","@id":"https:\/\/www.bagnoitalia.com\/fr\/produit\/sunshade-with-white-or-dove-grey-canvas-5x5m-aluminium-frame-ob18-2.html","url":"https:\/\/www.bagnoitalia.com\/fr\/produit\/sunshade-with-white-or-dove-grey-canvas-5x5m-aluminium-frame-ob18-2.html","name":"Parasol avec toile blanche ou gris tourterelle 5x5m cadre aluminium OB18","isPartOf":{"@id":"https:\/\/www.bagnoitalia.com\/fr#website"},"primaryImageOfPage":{"@id":"https:\/\/www.bagnoitalia.com\/fr\/produit\/sunshade-with-white-or-dove-grey-canvas-5x5m-aluminium-frame-ob18-2.html#primaryimage"},"image":{"@id":"https:\/\/www.bagnoitalia.com\/fr\/produit\/sunshade-with-white-or-dove-grey-canvas-5x5m-aluminium-frame-ob18-2.html#primaryimage"},"thumbnailUrl":"https:\/\/img.bagnoitalia.com\/wp-content\/uploads\/virtuemart\/product\/ombrellone-5x5-bianco-tortora-1.jpg","datePublished":"2024-01-10T08:00:46+00:00","dateModified":"2024-05-22T13:40:12+00:00","description":"Parasol avec toile en polyester disponible en deux couleurs, complet avec 12 lattes et chemin\u00e9e. M\u00e2t central en aluminium peint","breadcrumb":{"@id":"https:\/\/www.bagnoitalia.com\/fr\/produit\/sunshade-with-white-or-dove-grey-canvas-5x5m-aluminium-frame-ob18-2.html#breadcrumb"},"inLanguage":"fr-FR","potentialAction":[{"@type":"ReadAction","target":["https:\/\/www.bagnoitalia.com\/fr\/produit\/sunshade-with-white-or-dove-grey-canvas-5x5m-aluminium-frame-ob18-2.html"]}]},{"@type":"ImageObject","inLanguage":"fr-FR","@id":"https:\/\/www.bagnoitalia.com\/fr\/produit\/sunshade-with-white-or-dove-grey-canvas-5x5m-aluminium-frame-ob18-2.html#primaryimage","url":"https:\/\/img.bagnoitalia.com\/wp-content\/uploads\/virtuemart\/product\/ombrellone-5x5-bianco-tortora-1.jpg","contentUrl":"https:\/\/img.bagnoitalia.com\/wp-content\/uploads\/virtuemart\/product\/ombrellone-5x5-bianco-tortora-1.jpg","width":550,"height":550},{"@type":"BreadcrumbList","@id":"https:\/\/www.bagnoitalia.com\/fr\/produit\/sunshade-with-white-or-dove-grey-canvas-5x5m-aluminium-frame-ob18-2.html#breadcrumb","itemListElement":[{"@type":"ListItem","position":1,"name":"Home","item":"https:\/\/www.bagnoitalia.com\/fr"},{"@type":"ListItem","position":2,"name":"Produits","item":"https:\/\/www.bagnoitalia.com\/fr\/shop"},{"@type":"ListItem","position":3,"name":"Parasol avec toile blanche ou gris tourterelle 5x5m cadre aluminium OB18"}]},{"@type":"WebSite","@id":"https:\/\/www.bagnoitalia.com\/fr#website","url":"https:\/\/www.bagnoitalia.com\/fr","name":"Bagno Italia","description":"","publisher":{"@id":"https:\/\/www.bagnoitalia.com\/fr#organization"},"potentialAction":[{"@type":"SearchAction","target":{"@type":"EntryPoint","urlTemplate":"https:\/\/www.bagnoitalia.com\/fr?s={search_term_string}"},"query-input":{"@type":"PropertyValueSpecification","valueRequired":true,"valueName":"search_term_string"}}],"inLanguage":"fr-FR"},{"@type":"Organization","@id":"https:\/\/www.bagnoitalia.com\/fr#organization","name":"Bagno Italia","url":"https:\/\/www.bagnoitalia.com\/fr","logo":{"@type":"ImageObject","inLanguage":"fr-FR","@id":"https:\/\/www.bagnoitalia.com\/fr#\/schema\/logo\/image\/","url":"https:\/\/img.bagnoitalia.com\/wp-content\/uploads\/logo-bagnoitalia.webp","contentUrl":"https:\/\/img.bagnoitalia.com\/wp-content\/uploads\/logo-bagnoitalia.webp","width":400,"height":70,"caption":"Bagno Italia"},"image":{"@id":"https:\/\/www.bagnoitalia.com\/fr#\/schema\/logo\/image\/"}}]}},"_links":{"self":[{"href":"https:\/\/www.bagnoitalia.com\/fr\/wp-json\/wp\/v2\/product\/83753","targetHints":{"allow":["GET"]}}],"collection":[{"href":"https:\/\/www.bagnoitalia.com\/fr\/wp-json\/wp\/v2\/product"}],"about":[{"href":"https:\/\/www.bagnoitalia.com\/fr\/wp-json\/wp\/v2\/types\/product"}],"replies":[{"embeddable":true,"href":"https:\/\/www.bagnoitalia.com\/fr\/wp-json\/wp\/v2\/comments?post=83753"}],"version-history":[{"count":1,"href":"https:\/\/www.bagnoitalia.com\/fr\/wp-json\/wp\/v2\/product\/83753\/revisions"}],"predecessor-version":[{"id":87539,"href":"https:\/\/www.bagnoitalia.com\/fr\/wp-json\/wp\/v2\/product\/83753\/revisions\/87539"}],"wp:featuredmedia":[{"embeddable":true,"href":"https:\/\/www.bagnoitalia.com\/fr\/wp-json\/wp\/v2\/media\/68593"}],"wp:attachment":[{"href":"https:\/\/www.bagnoitalia.com\/fr\/wp-json\/wp\/v2\/media?parent=83753"}],"wp:term":[{"taxonomy":"product_brand","embeddable":true,"href":"https:\/\/www.bagnoitalia.com\/fr\/wp-json\/wp\/v2\/product_brand?post=83753"},{"taxonomy":"product_cat","embeddable":true,"href":"https:\/\/www.bagnoitalia.com\/fr\/wp-json\/wp\/v2\/product_cat?post=83753"},{"taxonomy":"product_tag","embeddable":true,"href":"https:\/\/www.bagnoitalia.com\/fr\/wp-json\/wp\/v2\/product_tag?post=83753"}],"curies":[{"name":"wp","href":"https:\/\/api.w.org\/{rel}","templated":true}]}}