{"id":83745,"date":"2024-01-08T14:31:52","date_gmt":"2024-01-08T13:31:52","guid":{"rendered":"https:\/\/www.bagnoitalia.com\/product\/145-cm-round-whirlpool-bath-tub-with-22-air-and-ozone-water-jets-and-heater-vs147-2"},"modified":"2024-01-08T14:31:52","modified_gmt":"2024-01-08T13:31:52","slug":"145-cm-round-whirlpool-bath-tub-with-22-air-and-ozone-water-jets-and-heater-vs147-2","status":"publish","type":"product","link":"https:\/\/www.bagnoitalia.com\/fr\/produit\/145-cm-round-whirlpool-bath-tub-with-22-air-and-ozone-water-jets-and-heater-vs147-2.html","title":{"rendered":"Baignoire baln\u00e9o ronde de 145 cm avec 22 jets d&rsquo;air et d&rsquo;ozone et chauffage VS147"},"content":{"rendered":"<p>BAIGNOIRE BALN\u00c9O CIRCULAIRE VS147<\/p>\n<p>D\u00c9TAILS DU PRODUIT<\/p>\n<p>Dimensions 145x145xH66 cm<\/p>\n<p>Hydromassage (1,5 Kw) et airpool (0,5 KW) total 22 jets<\/p>\n<p>Chauffage de 1,5 Kw<\/p>\n<p>Robinetterie incluse<\/p>\n<p>Mitigeur Cascade<\/p>\n<p>Douchette \u00e0 main avec flexible<\/p>\n<p>Panneau de commande \u00e0 \u00e9cran tactile<\/p>\n<p>Siphon inclus<\/p>\n<p>Chromoth\u00e9rapie<\/p>\n<p>Capteur de niveau d&rsquo;eau<\/p>\n<p>Syst\u00e8me de tuyaux autonettoyants<\/p>\n<p>Th\u00e9rapie \u00e0 l&rsquo;ozone<\/p>\n<p>Mat\u00e9riaux : Acrylique avec deux couches de fibre de verre et cadre en acier<\/p>\n<p>&nbsp;<\/p>\n","protected":false},"excerpt":{"rendered":"<p>Baignoire d&rsquo;hydromassage compl\u00e8te, de forme circulaire. Compl\u00e8te avec robinetterie, chauffage, ozonoth\u00e9rapie, chromoth\u00e9rapie et double pompe d&rsquo;hydromassage.<\/p>\n","protected":false},"featured_media":68485,"comment_status":"open","ping_status":"closed","template":"","meta":[],"product_brand":[9879],"product_cat":[9707,9743],"product_tag":[],"class_list":{"0":"post-83745","1":"product","2":"type-product","3":"status-publish","4":"has-post-thumbnail","6":"product_brand-vari-produttori-fr","7":"product_cat-baignoire-balneo","8":"product_cat-piscines-d-39-hydromassage","10":"first","11":"instock","12":"sale","13":"taxable","14":"shipping-taxable","15":"purchasable","16":"product-type-simple"},"exclude_global_add_ons":[],"addons":[],"yoast_head":"<!-- This site is optimized with the Yoast SEO plugin v26.7 - https:\/\/yoast.com\/wordpress\/plugins\/seo\/ -->\n<title>Baignoire baln\u00e9o ronde de 145 cm avec 22 jets d&#039;air et d&#039;ozone et chauffage VS147<\/title>\n<meta name=\"description\" content=\"Baignoire d&#039;hydromassage compl\u00e8te, de forme circulaire. Compl\u00e8te avec robinetterie, chauffage, ozonoth\u00e9rapie, chromoth\u00e9rapie et double pompe d&#039;hydromassage.\" \/>\n<meta name=\"robots\" content=\"index, follow, max-snippet:-1, max-image-preview:large, max-video-preview:-1\" \/>\n<link rel=\"canonical\" href=\"https:\/\/www.bagnoitalia.com\/fr\/produit\/145-cm-round-whirlpool-bath-tub-with-22-air-and-ozone-water-jets-and-heater-vs147-2.html\" \/>\n<meta property=\"og:locale\" content=\"fr_FR\" \/>\n<meta property=\"og:type\" content=\"article\" \/>\n<meta property=\"og:title\" content=\"Baignoire baln\u00e9o ronde de 145 cm avec 22 jets d&#039;air et d&#039;ozone et chauffage VS147\" \/>\n<meta property=\"og:description\" content=\"Baignoire d&#039;hydromassage compl\u00e8te, de forme circulaire. Compl\u00e8te avec robinetterie, chauffage, ozonoth\u00e9rapie, chromoth\u00e9rapie et double pompe d&#039;hydromassage.\" \/>\n<meta property=\"og:url\" content=\"https:\/\/www.bagnoitalia.com\/fr\/produit\/145-cm-round-whirlpool-bath-tub-with-22-air-and-ozone-water-jets-and-heater-vs147-2.html\" \/>\n<meta property=\"og:site_name\" content=\"Bagno Italia\" \/>\n<meta property=\"og:image\" content=\"https:\/\/img.bagnoitalia.com\/wp-content\/uploads\/virtuemart\/product\/vasca-idromassaggio-rotonda-circolare-bianca-1.jpg\" \/>\n\t<meta property=\"og:image:width\" content=\"550\" \/>\n\t<meta property=\"og:image:height\" content=\"550\" \/>\n\t<meta property=\"og:image:type\" content=\"image\/jpeg\" \/>\n<meta name=\"twitter:card\" content=\"summary_large_image\" \/>\n<script type=\"application\/ld+json\" class=\"yoast-schema-graph\">{\"@context\":\"https:\/\/schema.org\",\"@graph\":[{\"@type\":\"WebPage\",\"@id\":\"https:\/\/www.bagnoitalia.com\/fr\/produit\/145-cm-round-whirlpool-bath-tub-with-22-air-and-ozone-water-jets-and-heater-vs147-2.html\",\"url\":\"https:\/\/www.bagnoitalia.com\/fr\/produit\/145-cm-round-whirlpool-bath-tub-with-22-air-and-ozone-water-jets-and-heater-vs147-2.html\",\"name\":\"Baignoire baln\u00e9o ronde de 145 cm avec 22 jets d'air et d'ozone et chauffage VS147\",\"isPartOf\":{\"@id\":\"https:\/\/www.bagnoitalia.com\/fr#website\"},\"primaryImageOfPage\":{\"@id\":\"https:\/\/www.bagnoitalia.com\/fr\/produit\/145-cm-round-whirlpool-bath-tub-with-22-air-and-ozone-water-jets-and-heater-vs147-2.html#primaryimage\"},\"image\":{\"@id\":\"https:\/\/www.bagnoitalia.com\/fr\/produit\/145-cm-round-whirlpool-bath-tub-with-22-air-and-ozone-water-jets-and-heater-vs147-2.html#primaryimage\"},\"thumbnailUrl\":\"https:\/\/img.bagnoitalia.com\/wp-content\/uploads\/virtuemart\/product\/vasca-idromassaggio-rotonda-circolare-bianca-1.jpg\",\"datePublished\":\"2024-01-08T13:31:52+00:00\",\"description\":\"Baignoire d&#39;hydromassage compl\u00e8te, de forme circulaire. Compl\u00e8te avec robinetterie, chauffage, ozonoth\u00e9rapie, chromoth\u00e9rapie et double pompe d&#39;hydromassage.\",\"breadcrumb\":{\"@id\":\"https:\/\/www.bagnoitalia.com\/fr\/produit\/145-cm-round-whirlpool-bath-tub-with-22-air-and-ozone-water-jets-and-heater-vs147-2.html#breadcrumb\"},\"inLanguage\":\"fr-FR\",\"potentialAction\":[{\"@type\":\"ReadAction\",\"target\":[\"https:\/\/www.bagnoitalia.com\/fr\/produit\/145-cm-round-whirlpool-bath-tub-with-22-air-and-ozone-water-jets-and-heater-vs147-2.html\"]}]},{\"@type\":\"ImageObject\",\"inLanguage\":\"fr-FR\",\"@id\":\"https:\/\/www.bagnoitalia.com\/fr\/produit\/145-cm-round-whirlpool-bath-tub-with-22-air-and-ozone-water-jets-and-heater-vs147-2.html#primaryimage\",\"url\":\"https:\/\/img.bagnoitalia.com\/wp-content\/uploads\/virtuemart\/product\/vasca-idromassaggio-rotonda-circolare-bianca-1.jpg\",\"contentUrl\":\"https:\/\/img.bagnoitalia.com\/wp-content\/uploads\/virtuemart\/product\/vasca-idromassaggio-rotonda-circolare-bianca-1.jpg\",\"width\":550,\"height\":550},{\"@type\":\"BreadcrumbList\",\"@id\":\"https:\/\/www.bagnoitalia.com\/fr\/produit\/145-cm-round-whirlpool-bath-tub-with-22-air-and-ozone-water-jets-and-heater-vs147-2.html#breadcrumb\",\"itemListElement\":[{\"@type\":\"ListItem\",\"position\":1,\"name\":\"Home\",\"item\":\"https:\/\/www.bagnoitalia.com\/fr\"},{\"@type\":\"ListItem\",\"position\":2,\"name\":\"Produits\",\"item\":\"https:\/\/www.bagnoitalia.com\/fr\/shop\"},{\"@type\":\"ListItem\",\"position\":3,\"name\":\"Baignoire baln\u00e9o ronde de 145 cm avec 22 jets d&#8217;air et d&#8217;ozone et chauffage VS147\"}]},{\"@type\":\"WebSite\",\"@id\":\"https:\/\/www.bagnoitalia.com\/fr#website\",\"url\":\"https:\/\/www.bagnoitalia.com\/fr\",\"name\":\"Bagno Italia\",\"description\":\"\",\"publisher\":{\"@id\":\"https:\/\/www.bagnoitalia.com\/fr#organization\"},\"potentialAction\":[{\"@type\":\"SearchAction\",\"target\":{\"@type\":\"EntryPoint\",\"urlTemplate\":\"https:\/\/www.bagnoitalia.com\/fr?s={search_term_string}\"},\"query-input\":{\"@type\":\"PropertyValueSpecification\",\"valueRequired\":true,\"valueName\":\"search_term_string\"}}],\"inLanguage\":\"fr-FR\"},{\"@type\":\"Organization\",\"@id\":\"https:\/\/www.bagnoitalia.com\/fr#organization\",\"name\":\"Bagno Italia\",\"url\":\"https:\/\/www.bagnoitalia.com\/fr\",\"logo\":{\"@type\":\"ImageObject\",\"inLanguage\":\"fr-FR\",\"@id\":\"https:\/\/www.bagnoitalia.com\/fr#\/schema\/logo\/image\/\",\"url\":\"https:\/\/img.bagnoitalia.com\/wp-content\/uploads\/logo-bagnoitalia.webp\",\"contentUrl\":\"https:\/\/img.bagnoitalia.com\/wp-content\/uploads\/logo-bagnoitalia.webp\",\"width\":400,\"height\":70,\"caption\":\"Bagno Italia\"},\"image\":{\"@id\":\"https:\/\/www.bagnoitalia.com\/fr#\/schema\/logo\/image\/\"}}]}<\/script>\n<!-- \/ Yoast SEO plugin. -->","yoast_head_json":{"title":"Baignoire baln\u00e9o ronde de 145 cm avec 22 jets d'air et d'ozone et chauffage VS147","description":"Baignoire d&#39;hydromassage compl\u00e8te, de forme circulaire. Compl\u00e8te avec robinetterie, chauffage, ozonoth\u00e9rapie, chromoth\u00e9rapie et double pompe d&#39;hydromassage.","robots":{"index":"index","follow":"follow","max-snippet":"max-snippet:-1","max-image-preview":"max-image-preview:large","max-video-preview":"max-video-preview:-1"},"canonical":"https:\/\/www.bagnoitalia.com\/fr\/produit\/145-cm-round-whirlpool-bath-tub-with-22-air-and-ozone-water-jets-and-heater-vs147-2.html","og_locale":"fr_FR","og_type":"article","og_title":"Baignoire baln\u00e9o ronde de 145 cm avec 22 jets d'air et d'ozone et chauffage VS147","og_description":"Baignoire d&#39;hydromassage compl\u00e8te, de forme circulaire. Compl\u00e8te avec robinetterie, chauffage, ozonoth\u00e9rapie, chromoth\u00e9rapie et double pompe d&#39;hydromassage.","og_url":"https:\/\/www.bagnoitalia.com\/fr\/produit\/145-cm-round-whirlpool-bath-tub-with-22-air-and-ozone-water-jets-and-heater-vs147-2.html","og_site_name":"Bagno Italia","og_image":[{"width":550,"height":550,"url":"https:\/\/img.bagnoitalia.com\/wp-content\/uploads\/virtuemart\/product\/vasca-idromassaggio-rotonda-circolare-bianca-1.jpg","type":"image\/jpeg"}],"twitter_card":"summary_large_image","schema":{"@context":"https:\/\/schema.org","@graph":[{"@type":"WebPage","@id":"https:\/\/www.bagnoitalia.com\/fr\/produit\/145-cm-round-whirlpool-bath-tub-with-22-air-and-ozone-water-jets-and-heater-vs147-2.html","url":"https:\/\/www.bagnoitalia.com\/fr\/produit\/145-cm-round-whirlpool-bath-tub-with-22-air-and-ozone-water-jets-and-heater-vs147-2.html","name":"Baignoire baln\u00e9o ronde de 145 cm avec 22 jets d'air et d'ozone et chauffage VS147","isPartOf":{"@id":"https:\/\/www.bagnoitalia.com\/fr#website"},"primaryImageOfPage":{"@id":"https:\/\/www.bagnoitalia.com\/fr\/produit\/145-cm-round-whirlpool-bath-tub-with-22-air-and-ozone-water-jets-and-heater-vs147-2.html#primaryimage"},"image":{"@id":"https:\/\/www.bagnoitalia.com\/fr\/produit\/145-cm-round-whirlpool-bath-tub-with-22-air-and-ozone-water-jets-and-heater-vs147-2.html#primaryimage"},"thumbnailUrl":"https:\/\/img.bagnoitalia.com\/wp-content\/uploads\/virtuemart\/product\/vasca-idromassaggio-rotonda-circolare-bianca-1.jpg","datePublished":"2024-01-08T13:31:52+00:00","description":"Baignoire d&#39;hydromassage compl\u00e8te, de forme circulaire. Compl\u00e8te avec robinetterie, chauffage, ozonoth\u00e9rapie, chromoth\u00e9rapie et double pompe d&#39;hydromassage.","breadcrumb":{"@id":"https:\/\/www.bagnoitalia.com\/fr\/produit\/145-cm-round-whirlpool-bath-tub-with-22-air-and-ozone-water-jets-and-heater-vs147-2.html#breadcrumb"},"inLanguage":"fr-FR","potentialAction":[{"@type":"ReadAction","target":["https:\/\/www.bagnoitalia.com\/fr\/produit\/145-cm-round-whirlpool-bath-tub-with-22-air-and-ozone-water-jets-and-heater-vs147-2.html"]}]},{"@type":"ImageObject","inLanguage":"fr-FR","@id":"https:\/\/www.bagnoitalia.com\/fr\/produit\/145-cm-round-whirlpool-bath-tub-with-22-air-and-ozone-water-jets-and-heater-vs147-2.html#primaryimage","url":"https:\/\/img.bagnoitalia.com\/wp-content\/uploads\/virtuemart\/product\/vasca-idromassaggio-rotonda-circolare-bianca-1.jpg","contentUrl":"https:\/\/img.bagnoitalia.com\/wp-content\/uploads\/virtuemart\/product\/vasca-idromassaggio-rotonda-circolare-bianca-1.jpg","width":550,"height":550},{"@type":"BreadcrumbList","@id":"https:\/\/www.bagnoitalia.com\/fr\/produit\/145-cm-round-whirlpool-bath-tub-with-22-air-and-ozone-water-jets-and-heater-vs147-2.html#breadcrumb","itemListElement":[{"@type":"ListItem","position":1,"name":"Home","item":"https:\/\/www.bagnoitalia.com\/fr"},{"@type":"ListItem","position":2,"name":"Produits","item":"https:\/\/www.bagnoitalia.com\/fr\/shop"},{"@type":"ListItem","position":3,"name":"Baignoire baln\u00e9o ronde de 145 cm avec 22 jets d&#8217;air et d&#8217;ozone et chauffage VS147"}]},{"@type":"WebSite","@id":"https:\/\/www.bagnoitalia.com\/fr#website","url":"https:\/\/www.bagnoitalia.com\/fr","name":"Bagno Italia","description":"","publisher":{"@id":"https:\/\/www.bagnoitalia.com\/fr#organization"},"potentialAction":[{"@type":"SearchAction","target":{"@type":"EntryPoint","urlTemplate":"https:\/\/www.bagnoitalia.com\/fr?s={search_term_string}"},"query-input":{"@type":"PropertyValueSpecification","valueRequired":true,"valueName":"search_term_string"}}],"inLanguage":"fr-FR"},{"@type":"Organization","@id":"https:\/\/www.bagnoitalia.com\/fr#organization","name":"Bagno Italia","url":"https:\/\/www.bagnoitalia.com\/fr","logo":{"@type":"ImageObject","inLanguage":"fr-FR","@id":"https:\/\/www.bagnoitalia.com\/fr#\/schema\/logo\/image\/","url":"https:\/\/img.bagnoitalia.com\/wp-content\/uploads\/logo-bagnoitalia.webp","contentUrl":"https:\/\/img.bagnoitalia.com\/wp-content\/uploads\/logo-bagnoitalia.webp","width":400,"height":70,"caption":"Bagno Italia"},"image":{"@id":"https:\/\/www.bagnoitalia.com\/fr#\/schema\/logo\/image\/"}}]}},"_links":{"self":[{"href":"https:\/\/www.bagnoitalia.com\/fr\/wp-json\/wp\/v2\/product\/83745","targetHints":{"allow":["GET"]}}],"collection":[{"href":"https:\/\/www.bagnoitalia.com\/fr\/wp-json\/wp\/v2\/product"}],"about":[{"href":"https:\/\/www.bagnoitalia.com\/fr\/wp-json\/wp\/v2\/types\/product"}],"replies":[{"embeddable":true,"href":"https:\/\/www.bagnoitalia.com\/fr\/wp-json\/wp\/v2\/comments?post=83745"}],"version-history":[{"count":0,"href":"https:\/\/www.bagnoitalia.com\/fr\/wp-json\/wp\/v2\/product\/83745\/revisions"}],"wp:featuredmedia":[{"embeddable":true,"href":"https:\/\/www.bagnoitalia.com\/fr\/wp-json\/wp\/v2\/media\/68485"}],"wp:attachment":[{"href":"https:\/\/www.bagnoitalia.com\/fr\/wp-json\/wp\/v2\/media?parent=83745"}],"wp:term":[{"taxonomy":"product_brand","embeddable":true,"href":"https:\/\/www.bagnoitalia.com\/fr\/wp-json\/wp\/v2\/product_brand?post=83745"},{"taxonomy":"product_cat","embeddable":true,"href":"https:\/\/www.bagnoitalia.com\/fr\/wp-json\/wp\/v2\/product_cat?post=83745"},{"taxonomy":"product_tag","embeddable":true,"href":"https:\/\/www.bagnoitalia.com\/fr\/wp-json\/wp\/v2\/product_tag?post=83745"}],"curies":[{"name":"wp","href":"https:\/\/api.w.org\/{rel}","templated":true}]}}