{"id":83725,"date":"2023-12-22T15:27:57","date_gmt":"2023-12-22T14:27:57","guid":{"rendered":"https:\/\/www.bagnoitalia.com\/product\/annalisa-dove-grey-outdoor-rocking-bed-with-reclining-backrest-and-canopy-2"},"modified":"2023-12-22T15:27:57","modified_gmt":"2023-12-22T14:27:57","slug":"annalisa-dove-grey-outdoor-rocking-bed-with-reclining-backrest-and-canopy-2","status":"publish","type":"product","link":"https:\/\/www.bagnoitalia.com\/fr\/produit\/annalisa-dove-grey-outdoor-rocking-bed-with-reclining-backrest-and-canopy-2.html","title":{"rendered":"Lit \u00e0 bascule d&rsquo;ext\u00e9rieur Annalisa gris tourterelle avec dossier inclinable et baldaquin"},"content":{"rendered":"<p>LIT A BASCULE \u00ab\u00a0ANNALISA<\/p>\n<p>&nbsp;<\/p>\n<p>&nbsp;<\/p>\n<p>D\u00c9TAILS PRINCIPAUX<\/p>\n<p>Chaise \u00e0 bascule d&rsquo;ext\u00e9rieur, couleur gris tourterelle<\/p>\n<p>Dimensions totales 190x95xH186cm<\/p>\n<p>Avec baldaquin<\/p>\n<p>Dossier inclinable en position lit<\/p>\n<p>Structure en m\u00e9tal marron<\/p>\n<p>&nbsp;<\/p>\n<p>&nbsp;<\/p>\n<p>&nbsp;<\/p>\n<p>&nbsp;<\/p>\n<p>&nbsp;<\/p>\n<p>&nbsp;<\/p>\n<p>&nbsp;<\/p>\n<p>&nbsp;<\/p>\n<p>&nbsp;<\/p>\n<p>&nbsp;<\/p>\n<p>&nbsp;<\/p>\n<p>&nbsp;<\/p>\n<p>&nbsp;<\/p>\n<p>&nbsp;<\/p>\n<p>&nbsp;<\/p>\n<p>&nbsp;<\/p>\n<p>&nbsp;<\/p>\n<p>&nbsp;<\/p>\n<p>&nbsp;<\/p>\n<p>&nbsp;<\/p>\n<p>&nbsp;<\/p>\n<p>DO801030<\/p>\n","protected":false},"excerpt":{"rendered":"<p>Fauteuil \u00e0 bascule d&rsquo;ext\u00e9rieur, avec auvent. Si\u00e8ge avec dossier inclinable en position de sommeil. Structure en m\u00e9tal robuste de couleur marron.<\/p>\n","protected":false},"featured_media":68297,"comment_status":"open","ping_status":"closed","template":"","meta":[],"product_brand":[9879],"product_cat":[10115],"product_tag":[],"class_list":{"0":"post-83725","1":"product","2":"type-product","3":"status-publish","4":"has-post-thumbnail","6":"product_brand-vari-produttori-fr","7":"product_cat-senza-categoria-fr","9":"first","10":"outofstock","11":"taxable","12":"shipping-taxable","13":"purchasable","14":"product-type-simple"},"exclude_global_add_ons":[],"addons":[],"yoast_head":"<!-- This site is optimized with the Yoast SEO plugin v26.7 - https:\/\/yoast.com\/wordpress\/plugins\/seo\/ -->\n<title>Lit \u00e0 bascule d&#039;ext\u00e9rieur Annalisa gris tourterelle avec dossier inclinable et baldaquin<\/title>\n<meta name=\"description\" content=\"Fauteuil \u00e0 bascule d&#039;ext\u00e9rieur, avec auvent. Si\u00e8ge avec dossier inclinable en position de sommeil. Structure en m\u00e9tal robuste de couleur marron.\" \/>\n<meta name=\"robots\" content=\"index, follow, max-snippet:-1, max-image-preview:large, max-video-preview:-1\" \/>\n<link rel=\"canonical\" href=\"https:\/\/www.bagnoitalia.com\/fr\/produit\/annalisa-dove-grey-outdoor-rocking-bed-with-reclining-backrest-and-canopy-2.html\" \/>\n<meta property=\"og:locale\" content=\"fr_FR\" \/>\n<meta property=\"og:type\" content=\"article\" \/>\n<meta property=\"og:title\" content=\"Lit \u00e0 bascule d&#039;ext\u00e9rieur Annalisa gris tourterelle avec dossier inclinable et baldaquin\" \/>\n<meta property=\"og:description\" content=\"Fauteuil \u00e0 bascule d&#039;ext\u00e9rieur, avec auvent. Si\u00e8ge avec dossier inclinable en position de sommeil. Structure en m\u00e9tal robuste de couleur marron.\" \/>\n<meta property=\"og:url\" content=\"https:\/\/www.bagnoitalia.com\/fr\/produit\/annalisa-dove-grey-outdoor-rocking-bed-with-reclining-backrest-and-canopy-2.html\" \/>\n<meta property=\"og:site_name\" content=\"Bagno Italia\" \/>\n<meta property=\"og:image\" content=\"https:\/\/img.bagnoitalia.com\/wp-content\/uploads\/virtuemart\/product\/arredo-per-esterno-dondolo-letto-annalisa-1.jpg\" \/>\n\t<meta property=\"og:image:width\" content=\"550\" \/>\n\t<meta property=\"og:image:height\" content=\"550\" \/>\n\t<meta property=\"og:image:type\" content=\"image\/jpeg\" \/>\n<meta name=\"twitter:card\" content=\"summary_large_image\" \/>\n<script type=\"application\/ld+json\" class=\"yoast-schema-graph\">{\"@context\":\"https:\/\/schema.org\",\"@graph\":[{\"@type\":\"WebPage\",\"@id\":\"https:\/\/www.bagnoitalia.com\/fr\/produit\/annalisa-dove-grey-outdoor-rocking-bed-with-reclining-backrest-and-canopy-2.html\",\"url\":\"https:\/\/www.bagnoitalia.com\/fr\/produit\/annalisa-dove-grey-outdoor-rocking-bed-with-reclining-backrest-and-canopy-2.html\",\"name\":\"Lit \u00e0 bascule d'ext\u00e9rieur Annalisa gris tourterelle avec dossier inclinable et baldaquin\",\"isPartOf\":{\"@id\":\"https:\/\/www.bagnoitalia.com\/fr#website\"},\"primaryImageOfPage\":{\"@id\":\"https:\/\/www.bagnoitalia.com\/fr\/produit\/annalisa-dove-grey-outdoor-rocking-bed-with-reclining-backrest-and-canopy-2.html#primaryimage\"},\"image\":{\"@id\":\"https:\/\/www.bagnoitalia.com\/fr\/produit\/annalisa-dove-grey-outdoor-rocking-bed-with-reclining-backrest-and-canopy-2.html#primaryimage\"},\"thumbnailUrl\":\"https:\/\/img.bagnoitalia.com\/wp-content\/uploads\/virtuemart\/product\/arredo-per-esterno-dondolo-letto-annalisa-1.jpg\",\"datePublished\":\"2023-12-22T14:27:57+00:00\",\"description\":\"Fauteuil \u00e0 bascule d&#39;ext\u00e9rieur, avec auvent. Si\u00e8ge avec dossier inclinable en position de sommeil. Structure en m\u00e9tal robuste de couleur marron.\",\"breadcrumb\":{\"@id\":\"https:\/\/www.bagnoitalia.com\/fr\/produit\/annalisa-dove-grey-outdoor-rocking-bed-with-reclining-backrest-and-canopy-2.html#breadcrumb\"},\"inLanguage\":\"fr-FR\",\"potentialAction\":[{\"@type\":\"ReadAction\",\"target\":[\"https:\/\/www.bagnoitalia.com\/fr\/produit\/annalisa-dove-grey-outdoor-rocking-bed-with-reclining-backrest-and-canopy-2.html\"]}]},{\"@type\":\"ImageObject\",\"inLanguage\":\"fr-FR\",\"@id\":\"https:\/\/www.bagnoitalia.com\/fr\/produit\/annalisa-dove-grey-outdoor-rocking-bed-with-reclining-backrest-and-canopy-2.html#primaryimage\",\"url\":\"https:\/\/img.bagnoitalia.com\/wp-content\/uploads\/virtuemart\/product\/arredo-per-esterno-dondolo-letto-annalisa-1.jpg\",\"contentUrl\":\"https:\/\/img.bagnoitalia.com\/wp-content\/uploads\/virtuemart\/product\/arredo-per-esterno-dondolo-letto-annalisa-1.jpg\",\"width\":550,\"height\":550},{\"@type\":\"BreadcrumbList\",\"@id\":\"https:\/\/www.bagnoitalia.com\/fr\/produit\/annalisa-dove-grey-outdoor-rocking-bed-with-reclining-backrest-and-canopy-2.html#breadcrumb\",\"itemListElement\":[{\"@type\":\"ListItem\",\"position\":1,\"name\":\"Home\",\"item\":\"https:\/\/www.bagnoitalia.com\/fr\"},{\"@type\":\"ListItem\",\"position\":2,\"name\":\"Produits\",\"item\":\"https:\/\/www.bagnoitalia.com\/fr\/shop\"},{\"@type\":\"ListItem\",\"position\":3,\"name\":\"Lit \u00e0 bascule d&#8217;ext\u00e9rieur Annalisa gris tourterelle avec dossier inclinable et baldaquin\"}]},{\"@type\":\"WebSite\",\"@id\":\"https:\/\/www.bagnoitalia.com\/fr#website\",\"url\":\"https:\/\/www.bagnoitalia.com\/fr\",\"name\":\"Bagno Italia\",\"description\":\"\",\"publisher\":{\"@id\":\"https:\/\/www.bagnoitalia.com\/fr#organization\"},\"potentialAction\":[{\"@type\":\"SearchAction\",\"target\":{\"@type\":\"EntryPoint\",\"urlTemplate\":\"https:\/\/www.bagnoitalia.com\/fr?s={search_term_string}\"},\"query-input\":{\"@type\":\"PropertyValueSpecification\",\"valueRequired\":true,\"valueName\":\"search_term_string\"}}],\"inLanguage\":\"fr-FR\"},{\"@type\":\"Organization\",\"@id\":\"https:\/\/www.bagnoitalia.com\/fr#organization\",\"name\":\"Bagno Italia\",\"url\":\"https:\/\/www.bagnoitalia.com\/fr\",\"logo\":{\"@type\":\"ImageObject\",\"inLanguage\":\"fr-FR\",\"@id\":\"https:\/\/www.bagnoitalia.com\/fr#\/schema\/logo\/image\/\",\"url\":\"https:\/\/img.bagnoitalia.com\/wp-content\/uploads\/logo-bagnoitalia.webp\",\"contentUrl\":\"https:\/\/img.bagnoitalia.com\/wp-content\/uploads\/logo-bagnoitalia.webp\",\"width\":400,\"height\":70,\"caption\":\"Bagno Italia\"},\"image\":{\"@id\":\"https:\/\/www.bagnoitalia.com\/fr#\/schema\/logo\/image\/\"}}]}<\/script>\n<!-- \/ Yoast SEO plugin. -->","yoast_head_json":{"title":"Lit \u00e0 bascule d'ext\u00e9rieur Annalisa gris tourterelle avec dossier inclinable et baldaquin","description":"Fauteuil \u00e0 bascule d&#39;ext\u00e9rieur, avec auvent. Si\u00e8ge avec dossier inclinable en position de sommeil. Structure en m\u00e9tal robuste de couleur marron.","robots":{"index":"index","follow":"follow","max-snippet":"max-snippet:-1","max-image-preview":"max-image-preview:large","max-video-preview":"max-video-preview:-1"},"canonical":"https:\/\/www.bagnoitalia.com\/fr\/produit\/annalisa-dove-grey-outdoor-rocking-bed-with-reclining-backrest-and-canopy-2.html","og_locale":"fr_FR","og_type":"article","og_title":"Lit \u00e0 bascule d'ext\u00e9rieur Annalisa gris tourterelle avec dossier inclinable et baldaquin","og_description":"Fauteuil \u00e0 bascule d&#39;ext\u00e9rieur, avec auvent. Si\u00e8ge avec dossier inclinable en position de sommeil. Structure en m\u00e9tal robuste de couleur marron.","og_url":"https:\/\/www.bagnoitalia.com\/fr\/produit\/annalisa-dove-grey-outdoor-rocking-bed-with-reclining-backrest-and-canopy-2.html","og_site_name":"Bagno Italia","og_image":[{"width":550,"height":550,"url":"https:\/\/img.bagnoitalia.com\/wp-content\/uploads\/virtuemart\/product\/arredo-per-esterno-dondolo-letto-annalisa-1.jpg","type":"image\/jpeg"}],"twitter_card":"summary_large_image","schema":{"@context":"https:\/\/schema.org","@graph":[{"@type":"WebPage","@id":"https:\/\/www.bagnoitalia.com\/fr\/produit\/annalisa-dove-grey-outdoor-rocking-bed-with-reclining-backrest-and-canopy-2.html","url":"https:\/\/www.bagnoitalia.com\/fr\/produit\/annalisa-dove-grey-outdoor-rocking-bed-with-reclining-backrest-and-canopy-2.html","name":"Lit \u00e0 bascule d'ext\u00e9rieur Annalisa gris tourterelle avec dossier inclinable et baldaquin","isPartOf":{"@id":"https:\/\/www.bagnoitalia.com\/fr#website"},"primaryImageOfPage":{"@id":"https:\/\/www.bagnoitalia.com\/fr\/produit\/annalisa-dove-grey-outdoor-rocking-bed-with-reclining-backrest-and-canopy-2.html#primaryimage"},"image":{"@id":"https:\/\/www.bagnoitalia.com\/fr\/produit\/annalisa-dove-grey-outdoor-rocking-bed-with-reclining-backrest-and-canopy-2.html#primaryimage"},"thumbnailUrl":"https:\/\/img.bagnoitalia.com\/wp-content\/uploads\/virtuemart\/product\/arredo-per-esterno-dondolo-letto-annalisa-1.jpg","datePublished":"2023-12-22T14:27:57+00:00","description":"Fauteuil \u00e0 bascule d&#39;ext\u00e9rieur, avec auvent. Si\u00e8ge avec dossier inclinable en position de sommeil. Structure en m\u00e9tal robuste de couleur marron.","breadcrumb":{"@id":"https:\/\/www.bagnoitalia.com\/fr\/produit\/annalisa-dove-grey-outdoor-rocking-bed-with-reclining-backrest-and-canopy-2.html#breadcrumb"},"inLanguage":"fr-FR","potentialAction":[{"@type":"ReadAction","target":["https:\/\/www.bagnoitalia.com\/fr\/produit\/annalisa-dove-grey-outdoor-rocking-bed-with-reclining-backrest-and-canopy-2.html"]}]},{"@type":"ImageObject","inLanguage":"fr-FR","@id":"https:\/\/www.bagnoitalia.com\/fr\/produit\/annalisa-dove-grey-outdoor-rocking-bed-with-reclining-backrest-and-canopy-2.html#primaryimage","url":"https:\/\/img.bagnoitalia.com\/wp-content\/uploads\/virtuemart\/product\/arredo-per-esterno-dondolo-letto-annalisa-1.jpg","contentUrl":"https:\/\/img.bagnoitalia.com\/wp-content\/uploads\/virtuemart\/product\/arredo-per-esterno-dondolo-letto-annalisa-1.jpg","width":550,"height":550},{"@type":"BreadcrumbList","@id":"https:\/\/www.bagnoitalia.com\/fr\/produit\/annalisa-dove-grey-outdoor-rocking-bed-with-reclining-backrest-and-canopy-2.html#breadcrumb","itemListElement":[{"@type":"ListItem","position":1,"name":"Home","item":"https:\/\/www.bagnoitalia.com\/fr"},{"@type":"ListItem","position":2,"name":"Produits","item":"https:\/\/www.bagnoitalia.com\/fr\/shop"},{"@type":"ListItem","position":3,"name":"Lit \u00e0 bascule d&#8217;ext\u00e9rieur Annalisa gris tourterelle avec dossier inclinable et baldaquin"}]},{"@type":"WebSite","@id":"https:\/\/www.bagnoitalia.com\/fr#website","url":"https:\/\/www.bagnoitalia.com\/fr","name":"Bagno Italia","description":"","publisher":{"@id":"https:\/\/www.bagnoitalia.com\/fr#organization"},"potentialAction":[{"@type":"SearchAction","target":{"@type":"EntryPoint","urlTemplate":"https:\/\/www.bagnoitalia.com\/fr?s={search_term_string}"},"query-input":{"@type":"PropertyValueSpecification","valueRequired":true,"valueName":"search_term_string"}}],"inLanguage":"fr-FR"},{"@type":"Organization","@id":"https:\/\/www.bagnoitalia.com\/fr#organization","name":"Bagno Italia","url":"https:\/\/www.bagnoitalia.com\/fr","logo":{"@type":"ImageObject","inLanguage":"fr-FR","@id":"https:\/\/www.bagnoitalia.com\/fr#\/schema\/logo\/image\/","url":"https:\/\/img.bagnoitalia.com\/wp-content\/uploads\/logo-bagnoitalia.webp","contentUrl":"https:\/\/img.bagnoitalia.com\/wp-content\/uploads\/logo-bagnoitalia.webp","width":400,"height":70,"caption":"Bagno Italia"},"image":{"@id":"https:\/\/www.bagnoitalia.com\/fr#\/schema\/logo\/image\/"}}]}},"_links":{"self":[{"href":"https:\/\/www.bagnoitalia.com\/fr\/wp-json\/wp\/v2\/product\/83725","targetHints":{"allow":["GET"]}}],"collection":[{"href":"https:\/\/www.bagnoitalia.com\/fr\/wp-json\/wp\/v2\/product"}],"about":[{"href":"https:\/\/www.bagnoitalia.com\/fr\/wp-json\/wp\/v2\/types\/product"}],"replies":[{"embeddable":true,"href":"https:\/\/www.bagnoitalia.com\/fr\/wp-json\/wp\/v2\/comments?post=83725"}],"version-history":[{"count":0,"href":"https:\/\/www.bagnoitalia.com\/fr\/wp-json\/wp\/v2\/product\/83725\/revisions"}],"wp:featuredmedia":[{"embeddable":true,"href":"https:\/\/www.bagnoitalia.com\/fr\/wp-json\/wp\/v2\/media\/68297"}],"wp:attachment":[{"href":"https:\/\/www.bagnoitalia.com\/fr\/wp-json\/wp\/v2\/media?parent=83725"}],"wp:term":[{"taxonomy":"product_brand","embeddable":true,"href":"https:\/\/www.bagnoitalia.com\/fr\/wp-json\/wp\/v2\/product_brand?post=83725"},{"taxonomy":"product_cat","embeddable":true,"href":"https:\/\/www.bagnoitalia.com\/fr\/wp-json\/wp\/v2\/product_cat?post=83725"},{"taxonomy":"product_tag","embeddable":true,"href":"https:\/\/www.bagnoitalia.com\/fr\/wp-json\/wp\/v2\/product_tag?post=83725"}],"curies":[{"name":"wp","href":"https:\/\/api.w.org\/{rel}","templated":true}]}}