{"id":83701,"date":"2023-12-21T09:14:45","date_gmt":"2023-12-21T08:14:45","guid":{"rendered":"https:\/\/www.bagnoitalia.com\/product\/dorian-228x111-cm-container-sofa-bed-in-dove-grey-or-light-grey-fabric-with-reclining-backrest-2"},"modified":"2024-05-29T11:19:42","modified_gmt":"2024-05-29T09:19:42","slug":"dorian-228x111-cm-container-sofa-bed-in-dove-grey-or-light-grey-fabric-with-reclining-backrest-2","status":"publish","type":"product","link":"https:\/\/www.bagnoitalia.com\/fr\/produit\/dorian-228x111-cm-container-sofa-bed-in-dove-grey-or-light-grey-fabric-with-reclining-backrest-2.html","title":{"rendered":"Dorian 228&#215;111 cm canap\u00e9 convertible en tissu gris tourterelle ou gris clair avec dossier inclinable"},"content":{"rendered":"<p>CONTAINER SOFA BED mod\u00e8le DORIAN<\/p>\n<p>&nbsp;<\/p>\n<p>&nbsp;<\/p>\n<p>DIMENSIONS<\/p>\n<p>Longueur cm 228<\/p>\n<p>profondeur minimale (position canap\u00e9) cm 85<\/p>\n<p>Hauteur totale cm 89<\/p>\n<p>profondeur maximale (position lit) cm 111<\/p>\n<p>hauteur de l&rsquo;assise cm 42<\/p>\n<p>PRINCIPALES CARACT\u00c9RISTIQUES DU PRODUIT<\/p>\n<p>Canap\u00e9 convertible en lit confortable par simple inclinaison du dossier.<\/p>\n<p>Compartiment de rangement sous l&rsquo;assise (utile pour ranger des couvertures, des coussins, des magazines, etc.)<\/p>\n<p>Rev\u00eatement en tissu<\/p>\n<p>Disponible en deux couleurs : gris clair ou gris tourterelle<\/p>\n<p>&nbsp;<\/p>\n<p>&nbsp;<\/p>\n<p>&nbsp;<\/p>\n<p>&nbsp;<\/p>\n<p>&nbsp;<\/p>\n<p>&nbsp;<\/p>\n<p>&nbsp;<\/p>\n<p>&nbsp;<\/p>\n<p>&nbsp;<\/p>\n<p>&nbsp;<\/p>\n<p>&nbsp;<\/p>\n<p>&nbsp;<\/p>\n<p>DARELL<\/p>\n<p>&nbsp;<\/p>\n","protected":false},"excerpt":{"rendered":"<p>Canap\u00e9 moderne, disponible en deux couleurs, avec rev\u00eatement en tissu. En inclinant le dossier, il peut se transformer en un lit confortable. En outre, un compartiment de rangement pratique se trouve sous l&rsquo;assise.<\/p>\n","protected":false},"featured_media":68069,"comment_status":"open","ping_status":"closed","template":"","meta":[],"product_brand":[9879],"product_cat":[9795],"product_tag":[],"class_list":{"0":"post-83701","1":"product","2":"type-product","3":"status-publish","4":"has-post-thumbnail","6":"product_brand-vari-produttori-fr","7":"product_cat-canape-lit","9":"first","10":"instock","11":"sale","12":"taxable","13":"shipping-taxable","14":"purchasable","15":"product-type-simple"},"exclude_global_add_ons":false,"addons":[{"name":"Couleur","type":"multiple_choice","position":0,"required":true,"title_format":"heading","default":"","description_enable":false,"description":"","placeholder_enable":false,"placeholder":"","display":"select","restrictions_type":"any_text","adjust_price":false,"price":"","price_type":"flat_fee","restrictions":false,"min":"0","max":"0","options":[{"label":"tourterelle","price":"","price_type":"quantity_based","image":0,"visibility":true},{"label":"gris clair","price":"","price_type":"quantity_based","image":0,"visibility":true}],"id":1716981583}],"yoast_head":"<!-- This site is optimized with the Yoast SEO plugin v26.7 - https:\/\/yoast.com\/wordpress\/plugins\/seo\/ -->\n<title>Dorian 228x111 cm canap\u00e9 convertible en tissu gris tourterelle ou gris clair avec dossier inclinable<\/title>\n<meta name=\"description\" content=\"Canap\u00e9 moderne, disponible en deux couleurs, avec rev\u00eatement en tissu. En inclinant le dossier, il peut se transformer en un lit confortable. En outre, un compartiment de rangement pratique se trouve sous l&#039;assise.\" \/>\n<meta name=\"robots\" content=\"index, follow, max-snippet:-1, max-image-preview:large, max-video-preview:-1\" \/>\n<link rel=\"canonical\" href=\"https:\/\/www.bagnoitalia.com\/fr\/produit\/dorian-228x111-cm-container-sofa-bed-in-dove-grey-or-light-grey-fabric-with-reclining-backrest-2.html\" \/>\n<meta property=\"og:locale\" content=\"fr_FR\" \/>\n<meta property=\"og:type\" content=\"article\" \/>\n<meta property=\"og:title\" content=\"Dorian 228x111 cm canap\u00e9 convertible en tissu gris tourterelle ou gris clair avec dossier inclinable\" \/>\n<meta property=\"og:description\" content=\"Canap\u00e9 moderne, disponible en deux couleurs, avec rev\u00eatement en tissu. En inclinant le dossier, il peut se transformer en un lit confortable. En outre, un compartiment de rangement pratique se trouve sous l&#039;assise.\" \/>\n<meta property=\"og:url\" content=\"https:\/\/www.bagnoitalia.com\/fr\/produit\/dorian-228x111-cm-container-sofa-bed-in-dove-grey-or-light-grey-fabric-with-reclining-backrest-2.html\" \/>\n<meta property=\"og:site_name\" content=\"Bagno Italia\" \/>\n<meta property=\"article:modified_time\" content=\"2024-05-29T09:19:42+00:00\" \/>\n<meta property=\"og:image\" content=\"https:\/\/img.bagnoitalia.com\/wp-content\/uploads\/virtuemart\/product\/divano-letto-dorian-grigio-chiaro-tortora-1.jpg\" \/>\n\t<meta property=\"og:image:width\" content=\"550\" \/>\n\t<meta property=\"og:image:height\" content=\"550\" \/>\n\t<meta property=\"og:image:type\" content=\"image\/jpeg\" \/>\n<meta name=\"twitter:card\" content=\"summary_large_image\" \/>\n<meta name=\"twitter:label1\" content=\"Dur\u00e9e de lecture estim\u00e9e\" \/>\n\t<meta name=\"twitter:data1\" content=\"1 minute\" \/>\n<script type=\"application\/ld+json\" class=\"yoast-schema-graph\">{\"@context\":\"https:\/\/schema.org\",\"@graph\":[{\"@type\":\"WebPage\",\"@id\":\"https:\/\/www.bagnoitalia.com\/fr\/produit\/dorian-228x111-cm-container-sofa-bed-in-dove-grey-or-light-grey-fabric-with-reclining-backrest-2.html\",\"url\":\"https:\/\/www.bagnoitalia.com\/fr\/produit\/dorian-228x111-cm-container-sofa-bed-in-dove-grey-or-light-grey-fabric-with-reclining-backrest-2.html\",\"name\":\"Dorian 228x111 cm canap\u00e9 convertible en tissu gris tourterelle ou gris clair avec dossier inclinable\",\"isPartOf\":{\"@id\":\"https:\/\/www.bagnoitalia.com\/fr#website\"},\"primaryImageOfPage\":{\"@id\":\"https:\/\/www.bagnoitalia.com\/fr\/produit\/dorian-228x111-cm-container-sofa-bed-in-dove-grey-or-light-grey-fabric-with-reclining-backrest-2.html#primaryimage\"},\"image\":{\"@id\":\"https:\/\/www.bagnoitalia.com\/fr\/produit\/dorian-228x111-cm-container-sofa-bed-in-dove-grey-or-light-grey-fabric-with-reclining-backrest-2.html#primaryimage\"},\"thumbnailUrl\":\"https:\/\/img.bagnoitalia.com\/wp-content\/uploads\/virtuemart\/product\/divano-letto-dorian-grigio-chiaro-tortora-1.jpg\",\"datePublished\":\"2023-12-21T08:14:45+00:00\",\"dateModified\":\"2024-05-29T09:19:42+00:00\",\"description\":\"Canap\u00e9 moderne, disponible en deux couleurs, avec rev\u00eatement en tissu. En inclinant le dossier, il peut se transformer en un lit confortable. En outre, un compartiment de rangement pratique se trouve sous l'assise.\",\"breadcrumb\":{\"@id\":\"https:\/\/www.bagnoitalia.com\/fr\/produit\/dorian-228x111-cm-container-sofa-bed-in-dove-grey-or-light-grey-fabric-with-reclining-backrest-2.html#breadcrumb\"},\"inLanguage\":\"fr-FR\",\"potentialAction\":[{\"@type\":\"ReadAction\",\"target\":[\"https:\/\/www.bagnoitalia.com\/fr\/produit\/dorian-228x111-cm-container-sofa-bed-in-dove-grey-or-light-grey-fabric-with-reclining-backrest-2.html\"]}]},{\"@type\":\"ImageObject\",\"inLanguage\":\"fr-FR\",\"@id\":\"https:\/\/www.bagnoitalia.com\/fr\/produit\/dorian-228x111-cm-container-sofa-bed-in-dove-grey-or-light-grey-fabric-with-reclining-backrest-2.html#primaryimage\",\"url\":\"https:\/\/img.bagnoitalia.com\/wp-content\/uploads\/virtuemart\/product\/divano-letto-dorian-grigio-chiaro-tortora-1.jpg\",\"contentUrl\":\"https:\/\/img.bagnoitalia.com\/wp-content\/uploads\/virtuemart\/product\/divano-letto-dorian-grigio-chiaro-tortora-1.jpg\",\"width\":550,\"height\":550},{\"@type\":\"BreadcrumbList\",\"@id\":\"https:\/\/www.bagnoitalia.com\/fr\/produit\/dorian-228x111-cm-container-sofa-bed-in-dove-grey-or-light-grey-fabric-with-reclining-backrest-2.html#breadcrumb\",\"itemListElement\":[{\"@type\":\"ListItem\",\"position\":1,\"name\":\"Home\",\"item\":\"https:\/\/www.bagnoitalia.com\/fr\"},{\"@type\":\"ListItem\",\"position\":2,\"name\":\"Produits\",\"item\":\"https:\/\/www.bagnoitalia.com\/fr\/shop\"},{\"@type\":\"ListItem\",\"position\":3,\"name\":\"Dorian 228&#215;111 cm canap\u00e9 convertible en tissu gris tourterelle ou gris clair avec dossier inclinable\"}]},{\"@type\":\"WebSite\",\"@id\":\"https:\/\/www.bagnoitalia.com\/fr#website\",\"url\":\"https:\/\/www.bagnoitalia.com\/fr\",\"name\":\"Bagno Italia\",\"description\":\"\",\"publisher\":{\"@id\":\"https:\/\/www.bagnoitalia.com\/fr#organization\"},\"potentialAction\":[{\"@type\":\"SearchAction\",\"target\":{\"@type\":\"EntryPoint\",\"urlTemplate\":\"https:\/\/www.bagnoitalia.com\/fr?s={search_term_string}\"},\"query-input\":{\"@type\":\"PropertyValueSpecification\",\"valueRequired\":true,\"valueName\":\"search_term_string\"}}],\"inLanguage\":\"fr-FR\"},{\"@type\":\"Organization\",\"@id\":\"https:\/\/www.bagnoitalia.com\/fr#organization\",\"name\":\"Bagno Italia\",\"url\":\"https:\/\/www.bagnoitalia.com\/fr\",\"logo\":{\"@type\":\"ImageObject\",\"inLanguage\":\"fr-FR\",\"@id\":\"https:\/\/www.bagnoitalia.com\/fr#\/schema\/logo\/image\/\",\"url\":\"https:\/\/img.bagnoitalia.com\/wp-content\/uploads\/logo-bagnoitalia.webp\",\"contentUrl\":\"https:\/\/img.bagnoitalia.com\/wp-content\/uploads\/logo-bagnoitalia.webp\",\"width\":400,\"height\":70,\"caption\":\"Bagno Italia\"},\"image\":{\"@id\":\"https:\/\/www.bagnoitalia.com\/fr#\/schema\/logo\/image\/\"}}]}<\/script>\n<!-- \/ Yoast SEO plugin. -->","yoast_head_json":{"title":"Dorian 228x111 cm canap\u00e9 convertible en tissu gris tourterelle ou gris clair avec dossier inclinable","description":"Canap\u00e9 moderne, disponible en deux couleurs, avec rev\u00eatement en tissu. En inclinant le dossier, il peut se transformer en un lit confortable. En outre, un compartiment de rangement pratique se trouve sous l'assise.","robots":{"index":"index","follow":"follow","max-snippet":"max-snippet:-1","max-image-preview":"max-image-preview:large","max-video-preview":"max-video-preview:-1"},"canonical":"https:\/\/www.bagnoitalia.com\/fr\/produit\/dorian-228x111-cm-container-sofa-bed-in-dove-grey-or-light-grey-fabric-with-reclining-backrest-2.html","og_locale":"fr_FR","og_type":"article","og_title":"Dorian 228x111 cm canap\u00e9 convertible en tissu gris tourterelle ou gris clair avec dossier inclinable","og_description":"Canap\u00e9 moderne, disponible en deux couleurs, avec rev\u00eatement en tissu. En inclinant le dossier, il peut se transformer en un lit confortable. En outre, un compartiment de rangement pratique se trouve sous l'assise.","og_url":"https:\/\/www.bagnoitalia.com\/fr\/produit\/dorian-228x111-cm-container-sofa-bed-in-dove-grey-or-light-grey-fabric-with-reclining-backrest-2.html","og_site_name":"Bagno Italia","article_modified_time":"2024-05-29T09:19:42+00:00","og_image":[{"width":550,"height":550,"url":"https:\/\/img.bagnoitalia.com\/wp-content\/uploads\/virtuemart\/product\/divano-letto-dorian-grigio-chiaro-tortora-1.jpg","type":"image\/jpeg"}],"twitter_card":"summary_large_image","twitter_misc":{"Dur\u00e9e de lecture estim\u00e9e":"1 minute"},"schema":{"@context":"https:\/\/schema.org","@graph":[{"@type":"WebPage","@id":"https:\/\/www.bagnoitalia.com\/fr\/produit\/dorian-228x111-cm-container-sofa-bed-in-dove-grey-or-light-grey-fabric-with-reclining-backrest-2.html","url":"https:\/\/www.bagnoitalia.com\/fr\/produit\/dorian-228x111-cm-container-sofa-bed-in-dove-grey-or-light-grey-fabric-with-reclining-backrest-2.html","name":"Dorian 228x111 cm canap\u00e9 convertible en tissu gris tourterelle ou gris clair avec dossier inclinable","isPartOf":{"@id":"https:\/\/www.bagnoitalia.com\/fr#website"},"primaryImageOfPage":{"@id":"https:\/\/www.bagnoitalia.com\/fr\/produit\/dorian-228x111-cm-container-sofa-bed-in-dove-grey-or-light-grey-fabric-with-reclining-backrest-2.html#primaryimage"},"image":{"@id":"https:\/\/www.bagnoitalia.com\/fr\/produit\/dorian-228x111-cm-container-sofa-bed-in-dove-grey-or-light-grey-fabric-with-reclining-backrest-2.html#primaryimage"},"thumbnailUrl":"https:\/\/img.bagnoitalia.com\/wp-content\/uploads\/virtuemart\/product\/divano-letto-dorian-grigio-chiaro-tortora-1.jpg","datePublished":"2023-12-21T08:14:45+00:00","dateModified":"2024-05-29T09:19:42+00:00","description":"Canap\u00e9 moderne, disponible en deux couleurs, avec rev\u00eatement en tissu. En inclinant le dossier, il peut se transformer en un lit confortable. En outre, un compartiment de rangement pratique se trouve sous l'assise.","breadcrumb":{"@id":"https:\/\/www.bagnoitalia.com\/fr\/produit\/dorian-228x111-cm-container-sofa-bed-in-dove-grey-or-light-grey-fabric-with-reclining-backrest-2.html#breadcrumb"},"inLanguage":"fr-FR","potentialAction":[{"@type":"ReadAction","target":["https:\/\/www.bagnoitalia.com\/fr\/produit\/dorian-228x111-cm-container-sofa-bed-in-dove-grey-or-light-grey-fabric-with-reclining-backrest-2.html"]}]},{"@type":"ImageObject","inLanguage":"fr-FR","@id":"https:\/\/www.bagnoitalia.com\/fr\/produit\/dorian-228x111-cm-container-sofa-bed-in-dove-grey-or-light-grey-fabric-with-reclining-backrest-2.html#primaryimage","url":"https:\/\/img.bagnoitalia.com\/wp-content\/uploads\/virtuemart\/product\/divano-letto-dorian-grigio-chiaro-tortora-1.jpg","contentUrl":"https:\/\/img.bagnoitalia.com\/wp-content\/uploads\/virtuemart\/product\/divano-letto-dorian-grigio-chiaro-tortora-1.jpg","width":550,"height":550},{"@type":"BreadcrumbList","@id":"https:\/\/www.bagnoitalia.com\/fr\/produit\/dorian-228x111-cm-container-sofa-bed-in-dove-grey-or-light-grey-fabric-with-reclining-backrest-2.html#breadcrumb","itemListElement":[{"@type":"ListItem","position":1,"name":"Home","item":"https:\/\/www.bagnoitalia.com\/fr"},{"@type":"ListItem","position":2,"name":"Produits","item":"https:\/\/www.bagnoitalia.com\/fr\/shop"},{"@type":"ListItem","position":3,"name":"Dorian 228&#215;111 cm canap\u00e9 convertible en tissu gris tourterelle ou gris clair avec dossier inclinable"}]},{"@type":"WebSite","@id":"https:\/\/www.bagnoitalia.com\/fr#website","url":"https:\/\/www.bagnoitalia.com\/fr","name":"Bagno Italia","description":"","publisher":{"@id":"https:\/\/www.bagnoitalia.com\/fr#organization"},"potentialAction":[{"@type":"SearchAction","target":{"@type":"EntryPoint","urlTemplate":"https:\/\/www.bagnoitalia.com\/fr?s={search_term_string}"},"query-input":{"@type":"PropertyValueSpecification","valueRequired":true,"valueName":"search_term_string"}}],"inLanguage":"fr-FR"},{"@type":"Organization","@id":"https:\/\/www.bagnoitalia.com\/fr#organization","name":"Bagno Italia","url":"https:\/\/www.bagnoitalia.com\/fr","logo":{"@type":"ImageObject","inLanguage":"fr-FR","@id":"https:\/\/www.bagnoitalia.com\/fr#\/schema\/logo\/image\/","url":"https:\/\/img.bagnoitalia.com\/wp-content\/uploads\/logo-bagnoitalia.webp","contentUrl":"https:\/\/img.bagnoitalia.com\/wp-content\/uploads\/logo-bagnoitalia.webp","width":400,"height":70,"caption":"Bagno Italia"},"image":{"@id":"https:\/\/www.bagnoitalia.com\/fr#\/schema\/logo\/image\/"}}]}},"_links":{"self":[{"href":"https:\/\/www.bagnoitalia.com\/fr\/wp-json\/wp\/v2\/product\/83701","targetHints":{"allow":["GET"]}}],"collection":[{"href":"https:\/\/www.bagnoitalia.com\/fr\/wp-json\/wp\/v2\/product"}],"about":[{"href":"https:\/\/www.bagnoitalia.com\/fr\/wp-json\/wp\/v2\/types\/product"}],"replies":[{"embeddable":true,"href":"https:\/\/www.bagnoitalia.com\/fr\/wp-json\/wp\/v2\/comments?post=83701"}],"version-history":[{"count":1,"href":"https:\/\/www.bagnoitalia.com\/fr\/wp-json\/wp\/v2\/product\/83701\/revisions"}],"predecessor-version":[{"id":88751,"href":"https:\/\/www.bagnoitalia.com\/fr\/wp-json\/wp\/v2\/product\/83701\/revisions\/88751"}],"wp:featuredmedia":[{"embeddable":true,"href":"https:\/\/www.bagnoitalia.com\/fr\/wp-json\/wp\/v2\/media\/68069"}],"wp:attachment":[{"href":"https:\/\/www.bagnoitalia.com\/fr\/wp-json\/wp\/v2\/media?parent=83701"}],"wp:term":[{"taxonomy":"product_brand","embeddable":true,"href":"https:\/\/www.bagnoitalia.com\/fr\/wp-json\/wp\/v2\/product_brand?post=83701"},{"taxonomy":"product_cat","embeddable":true,"href":"https:\/\/www.bagnoitalia.com\/fr\/wp-json\/wp\/v2\/product_cat?post=83701"},{"taxonomy":"product_tag","embeddable":true,"href":"https:\/\/www.bagnoitalia.com\/fr\/wp-json\/wp\/v2\/product_tag?post=83701"}],"curies":[{"name":"wp","href":"https:\/\/api.w.org\/{rel}","templated":true}]}}