{"id":83645,"date":"2023-12-15T16:18:36","date_gmt":"2023-12-15T15:18:36","guid":{"rendered":"https:\/\/www.bagnoitalia.com\/product\/freestanding-bathtub-170x80-cm-oval-shape-glossy-white-centre-vs145-2"},"modified":"2023-12-15T16:18:36","modified_gmt":"2023-12-15T15:18:36","slug":"freestanding-bathtub-170x80-cm-oval-shape-glossy-white-centre-vs145-2","status":"publish","type":"product","link":"https:\/\/www.bagnoitalia.com\/fr\/produit\/freestanding-bathtub-170x80-cm-oval-shape-glossy-white-centre-vs145-2.html","title":{"rendered":"Baignoire autoportante 170&#215;80 cm forme ovale blanc brillant centre VS145"},"content":{"rendered":"<p>BAIGNOIRE OVALE AUTOPORTANTE VS145<\/p>\n<p>&nbsp;<\/p>\n<p>&nbsp;<\/p>\n<p>SP\u00c9CIFICATIONS DU PRODUIT<\/p>\n<p>Baignoire de forme ovale<\/p>\n<p>Convient pour une installation en \u00eelot<\/p>\n<p>Dimensions ext\u00e9rieures : 170x80xH74 cm<\/p>\n<p>Mat\u00e9riau de la structure : Acier inoxydable<\/p>\n<p>Mat\u00e9riau du rev\u00eatement : Acrylique sanitaire<\/p>\n<p>Couleur : blanc<\/p>\n<p>Finition : Poli<\/p>\n<p>Y compris bonde, trop-plein et tuyau d&rsquo;\u00e9vacuation ondul\u00e9<\/p>\n<p>Il est possible de combiner cette baignoire avec l&rsquo;un des 4 mod\u00e8les de m\u00e9langeur \u00e0 colonne dans le menu d\u00e9roulant ci-dessus.<\/p>\n<p>&nbsp;<\/p>\n","protected":false},"excerpt":{"rendered":"<p>Baignoire de forme ovale caract\u00e9ristique, avec un bord sup\u00e9rieur en forme de conca. Fabriqu\u00e9e en acrylique sanitaire blanc brillant sur tous les c\u00f4t\u00e9s, elle peut \u00eatre install\u00e9e au centre de la pi\u00e8ce. La robinetterie n&rsquo;est pas incluse, mais nous proposons un choix de 4 mod\u00e8les de mitigeurs \u00e0 colonne.<\/p>\n","protected":false},"featured_media":67057,"comment_status":"open","ping_status":"closed","template":"","meta":[],"product_brand":[9951],"product_cat":[15],"product_tag":[],"class_list":{"0":"post-83645","1":"product","2":"type-product","3":"status-publish","4":"has-post-thumbnail","6":"product_brand-importforme-fr","7":"product_cat-senza-categoria","9":"first","10":"outofstock","11":"taxable","12":"shipping-taxable","13":"purchasable","14":"product-type-simple"},"exclude_global_add_ons":false,"addons":[{"name":"CAMPI_MISCELATORE\r\n","type":"select","position":0,"required":true,"title_format":"label","default":"","description_enable":false,"description":"","placeholder_enable":false,"placeholder":"","display":"select","restrictions_type":"any_text","adjust_price":false,"price":"","price_type":"","restrictions":false,"min":"0","max":"0","options":[]}],"yoast_head":"<!-- This site is optimized with the Yoast SEO plugin v26.7 - https:\/\/yoast.com\/wordpress\/plugins\/seo\/ -->\n<title>Baignoire autoportante 170x80 cm forme ovale blanc brillant centre VS145<\/title>\n<meta name=\"description\" content=\"Baignoire de forme ovale caract\u00e9ristique, avec un bord sup\u00e9rieur en forme de conca. Fabriqu\u00e9e en acrylique sanitaire blanc brillant sur tous les c\u00f4t\u00e9s, elle peut \u00eatre install\u00e9e au centre de la pi\u00e8ce. La robinetterie n&#039;est pas incluse, mais nous proposons un choix de 4 mod\u00e8les de mitigeurs \u00e0 colonne.\" \/>\n<meta name=\"robots\" content=\"index, follow, max-snippet:-1, max-image-preview:large, max-video-preview:-1\" \/>\n<link rel=\"canonical\" href=\"https:\/\/www.bagnoitalia.com\/fr\/produit\/freestanding-bathtub-170x80-cm-oval-shape-glossy-white-centre-vs145-2.html\" \/>\n<meta property=\"og:locale\" content=\"fr_FR\" \/>\n<meta property=\"og:type\" content=\"article\" \/>\n<meta property=\"og:title\" content=\"Baignoire autoportante 170x80 cm forme ovale blanc brillant centre VS145\" \/>\n<meta property=\"og:description\" content=\"Baignoire de forme ovale caract\u00e9ristique, avec un bord sup\u00e9rieur en forme de conca. Fabriqu\u00e9e en acrylique sanitaire blanc brillant sur tous les c\u00f4t\u00e9s, elle peut \u00eatre install\u00e9e au centre de la pi\u00e8ce. La robinetterie n&#039;est pas incluse, mais nous proposons un choix de 4 mod\u00e8les de mitigeurs \u00e0 colonne.\" \/>\n<meta property=\"og:url\" content=\"https:\/\/www.bagnoitalia.com\/fr\/produit\/freestanding-bathtub-170x80-cm-oval-shape-glossy-white-centre-vs145-2.html\" \/>\n<meta property=\"og:site_name\" content=\"Bagno Italia\" \/>\n<meta property=\"og:image\" content=\"https:\/\/img.bagnoitalia.com\/wp-content\/uploads\/virtuemart\/product\/vasca-da-bagno-freestanding-arrotondata-170x80-cm-1.jpg\" \/>\n\t<meta property=\"og:image:width\" content=\"550\" \/>\n\t<meta property=\"og:image:height\" content=\"550\" \/>\n\t<meta property=\"og:image:type\" content=\"image\/jpeg\" \/>\n<meta name=\"twitter:card\" content=\"summary_large_image\" \/>\n<script type=\"application\/ld+json\" class=\"yoast-schema-graph\">{\"@context\":\"https:\/\/schema.org\",\"@graph\":[{\"@type\":\"WebPage\",\"@id\":\"https:\/\/www.bagnoitalia.com\/fr\/produit\/freestanding-bathtub-170x80-cm-oval-shape-glossy-white-centre-vs145-2.html\",\"url\":\"https:\/\/www.bagnoitalia.com\/fr\/produit\/freestanding-bathtub-170x80-cm-oval-shape-glossy-white-centre-vs145-2.html\",\"name\":\"Baignoire autoportante 170x80 cm forme ovale blanc brillant centre VS145\",\"isPartOf\":{\"@id\":\"https:\/\/www.bagnoitalia.com\/fr#website\"},\"primaryImageOfPage\":{\"@id\":\"https:\/\/www.bagnoitalia.com\/fr\/produit\/freestanding-bathtub-170x80-cm-oval-shape-glossy-white-centre-vs145-2.html#primaryimage\"},\"image\":{\"@id\":\"https:\/\/www.bagnoitalia.com\/fr\/produit\/freestanding-bathtub-170x80-cm-oval-shape-glossy-white-centre-vs145-2.html#primaryimage\"},\"thumbnailUrl\":\"https:\/\/img.bagnoitalia.com\/wp-content\/uploads\/virtuemart\/product\/vasca-da-bagno-freestanding-arrotondata-170x80-cm-1.jpg\",\"datePublished\":\"2023-12-15T15:18:36+00:00\",\"description\":\"Baignoire de forme ovale caract\u00e9ristique, avec un bord sup\u00e9rieur en forme de conca. Fabriqu\u00e9e en acrylique sanitaire blanc brillant sur tous les c\u00f4t\u00e9s, elle peut \u00eatre install\u00e9e au centre de la pi\u00e8ce. La robinetterie n&#39;est pas incluse, mais nous proposons un choix de 4 mod\u00e8les de mitigeurs \u00e0 colonne.\",\"breadcrumb\":{\"@id\":\"https:\/\/www.bagnoitalia.com\/fr\/produit\/freestanding-bathtub-170x80-cm-oval-shape-glossy-white-centre-vs145-2.html#breadcrumb\"},\"inLanguage\":\"fr-FR\",\"potentialAction\":[{\"@type\":\"ReadAction\",\"target\":[\"https:\/\/www.bagnoitalia.com\/fr\/produit\/freestanding-bathtub-170x80-cm-oval-shape-glossy-white-centre-vs145-2.html\"]}]},{\"@type\":\"ImageObject\",\"inLanguage\":\"fr-FR\",\"@id\":\"https:\/\/www.bagnoitalia.com\/fr\/produit\/freestanding-bathtub-170x80-cm-oval-shape-glossy-white-centre-vs145-2.html#primaryimage\",\"url\":\"https:\/\/img.bagnoitalia.com\/wp-content\/uploads\/virtuemart\/product\/vasca-da-bagno-freestanding-arrotondata-170x80-cm-1.jpg\",\"contentUrl\":\"https:\/\/img.bagnoitalia.com\/wp-content\/uploads\/virtuemart\/product\/vasca-da-bagno-freestanding-arrotondata-170x80-cm-1.jpg\",\"width\":550,\"height\":550},{\"@type\":\"BreadcrumbList\",\"@id\":\"https:\/\/www.bagnoitalia.com\/fr\/produit\/freestanding-bathtub-170x80-cm-oval-shape-glossy-white-centre-vs145-2.html#breadcrumb\",\"itemListElement\":[{\"@type\":\"ListItem\",\"position\":1,\"name\":\"Home\",\"item\":\"https:\/\/www.bagnoitalia.com\/fr\"},{\"@type\":\"ListItem\",\"position\":2,\"name\":\"Produits\",\"item\":\"https:\/\/www.bagnoitalia.com\/fr\/shop\"},{\"@type\":\"ListItem\",\"position\":3,\"name\":\"Baignoire autoportante 170&#215;80 cm forme ovale blanc brillant centre VS145\"}]},{\"@type\":\"WebSite\",\"@id\":\"https:\/\/www.bagnoitalia.com\/fr#website\",\"url\":\"https:\/\/www.bagnoitalia.com\/fr\",\"name\":\"Bagno Italia\",\"description\":\"\",\"publisher\":{\"@id\":\"https:\/\/www.bagnoitalia.com\/fr#organization\"},\"potentialAction\":[{\"@type\":\"SearchAction\",\"target\":{\"@type\":\"EntryPoint\",\"urlTemplate\":\"https:\/\/www.bagnoitalia.com\/fr?s={search_term_string}\"},\"query-input\":{\"@type\":\"PropertyValueSpecification\",\"valueRequired\":true,\"valueName\":\"search_term_string\"}}],\"inLanguage\":\"fr-FR\"},{\"@type\":\"Organization\",\"@id\":\"https:\/\/www.bagnoitalia.com\/fr#organization\",\"name\":\"Bagno Italia\",\"url\":\"https:\/\/www.bagnoitalia.com\/fr\",\"logo\":{\"@type\":\"ImageObject\",\"inLanguage\":\"fr-FR\",\"@id\":\"https:\/\/www.bagnoitalia.com\/fr#\/schema\/logo\/image\/\",\"url\":\"https:\/\/img.bagnoitalia.com\/wp-content\/uploads\/logo-bagnoitalia.webp\",\"contentUrl\":\"https:\/\/img.bagnoitalia.com\/wp-content\/uploads\/logo-bagnoitalia.webp\",\"width\":400,\"height\":70,\"caption\":\"Bagno Italia\"},\"image\":{\"@id\":\"https:\/\/www.bagnoitalia.com\/fr#\/schema\/logo\/image\/\"}}]}<\/script>\n<!-- \/ Yoast SEO plugin. -->","yoast_head_json":{"title":"Baignoire autoportante 170x80 cm forme ovale blanc brillant centre VS145","description":"Baignoire de forme ovale caract\u00e9ristique, avec un bord sup\u00e9rieur en forme de conca. Fabriqu\u00e9e en acrylique sanitaire blanc brillant sur tous les c\u00f4t\u00e9s, elle peut \u00eatre install\u00e9e au centre de la pi\u00e8ce. La robinetterie n&#39;est pas incluse, mais nous proposons un choix de 4 mod\u00e8les de mitigeurs \u00e0 colonne.","robots":{"index":"index","follow":"follow","max-snippet":"max-snippet:-1","max-image-preview":"max-image-preview:large","max-video-preview":"max-video-preview:-1"},"canonical":"https:\/\/www.bagnoitalia.com\/fr\/produit\/freestanding-bathtub-170x80-cm-oval-shape-glossy-white-centre-vs145-2.html","og_locale":"fr_FR","og_type":"article","og_title":"Baignoire autoportante 170x80 cm forme ovale blanc brillant centre VS145","og_description":"Baignoire de forme ovale caract\u00e9ristique, avec un bord sup\u00e9rieur en forme de conca. Fabriqu\u00e9e en acrylique sanitaire blanc brillant sur tous les c\u00f4t\u00e9s, elle peut \u00eatre install\u00e9e au centre de la pi\u00e8ce. La robinetterie n&#39;est pas incluse, mais nous proposons un choix de 4 mod\u00e8les de mitigeurs \u00e0 colonne.","og_url":"https:\/\/www.bagnoitalia.com\/fr\/produit\/freestanding-bathtub-170x80-cm-oval-shape-glossy-white-centre-vs145-2.html","og_site_name":"Bagno Italia","og_image":[{"width":550,"height":550,"url":"https:\/\/img.bagnoitalia.com\/wp-content\/uploads\/virtuemart\/product\/vasca-da-bagno-freestanding-arrotondata-170x80-cm-1.jpg","type":"image\/jpeg"}],"twitter_card":"summary_large_image","schema":{"@context":"https:\/\/schema.org","@graph":[{"@type":"WebPage","@id":"https:\/\/www.bagnoitalia.com\/fr\/produit\/freestanding-bathtub-170x80-cm-oval-shape-glossy-white-centre-vs145-2.html","url":"https:\/\/www.bagnoitalia.com\/fr\/produit\/freestanding-bathtub-170x80-cm-oval-shape-glossy-white-centre-vs145-2.html","name":"Baignoire autoportante 170x80 cm forme ovale blanc brillant centre VS145","isPartOf":{"@id":"https:\/\/www.bagnoitalia.com\/fr#website"},"primaryImageOfPage":{"@id":"https:\/\/www.bagnoitalia.com\/fr\/produit\/freestanding-bathtub-170x80-cm-oval-shape-glossy-white-centre-vs145-2.html#primaryimage"},"image":{"@id":"https:\/\/www.bagnoitalia.com\/fr\/produit\/freestanding-bathtub-170x80-cm-oval-shape-glossy-white-centre-vs145-2.html#primaryimage"},"thumbnailUrl":"https:\/\/img.bagnoitalia.com\/wp-content\/uploads\/virtuemart\/product\/vasca-da-bagno-freestanding-arrotondata-170x80-cm-1.jpg","datePublished":"2023-12-15T15:18:36+00:00","description":"Baignoire de forme ovale caract\u00e9ristique, avec un bord sup\u00e9rieur en forme de conca. Fabriqu\u00e9e en acrylique sanitaire blanc brillant sur tous les c\u00f4t\u00e9s, elle peut \u00eatre install\u00e9e au centre de la pi\u00e8ce. La robinetterie n&#39;est pas incluse, mais nous proposons un choix de 4 mod\u00e8les de mitigeurs \u00e0 colonne.","breadcrumb":{"@id":"https:\/\/www.bagnoitalia.com\/fr\/produit\/freestanding-bathtub-170x80-cm-oval-shape-glossy-white-centre-vs145-2.html#breadcrumb"},"inLanguage":"fr-FR","potentialAction":[{"@type":"ReadAction","target":["https:\/\/www.bagnoitalia.com\/fr\/produit\/freestanding-bathtub-170x80-cm-oval-shape-glossy-white-centre-vs145-2.html"]}]},{"@type":"ImageObject","inLanguage":"fr-FR","@id":"https:\/\/www.bagnoitalia.com\/fr\/produit\/freestanding-bathtub-170x80-cm-oval-shape-glossy-white-centre-vs145-2.html#primaryimage","url":"https:\/\/img.bagnoitalia.com\/wp-content\/uploads\/virtuemart\/product\/vasca-da-bagno-freestanding-arrotondata-170x80-cm-1.jpg","contentUrl":"https:\/\/img.bagnoitalia.com\/wp-content\/uploads\/virtuemart\/product\/vasca-da-bagno-freestanding-arrotondata-170x80-cm-1.jpg","width":550,"height":550},{"@type":"BreadcrumbList","@id":"https:\/\/www.bagnoitalia.com\/fr\/produit\/freestanding-bathtub-170x80-cm-oval-shape-glossy-white-centre-vs145-2.html#breadcrumb","itemListElement":[{"@type":"ListItem","position":1,"name":"Home","item":"https:\/\/www.bagnoitalia.com\/fr"},{"@type":"ListItem","position":2,"name":"Produits","item":"https:\/\/www.bagnoitalia.com\/fr\/shop"},{"@type":"ListItem","position":3,"name":"Baignoire autoportante 170&#215;80 cm forme ovale blanc brillant centre VS145"}]},{"@type":"WebSite","@id":"https:\/\/www.bagnoitalia.com\/fr#website","url":"https:\/\/www.bagnoitalia.com\/fr","name":"Bagno Italia","description":"","publisher":{"@id":"https:\/\/www.bagnoitalia.com\/fr#organization"},"potentialAction":[{"@type":"SearchAction","target":{"@type":"EntryPoint","urlTemplate":"https:\/\/www.bagnoitalia.com\/fr?s={search_term_string}"},"query-input":{"@type":"PropertyValueSpecification","valueRequired":true,"valueName":"search_term_string"}}],"inLanguage":"fr-FR"},{"@type":"Organization","@id":"https:\/\/www.bagnoitalia.com\/fr#organization","name":"Bagno Italia","url":"https:\/\/www.bagnoitalia.com\/fr","logo":{"@type":"ImageObject","inLanguage":"fr-FR","@id":"https:\/\/www.bagnoitalia.com\/fr#\/schema\/logo\/image\/","url":"https:\/\/img.bagnoitalia.com\/wp-content\/uploads\/logo-bagnoitalia.webp","contentUrl":"https:\/\/img.bagnoitalia.com\/wp-content\/uploads\/logo-bagnoitalia.webp","width":400,"height":70,"caption":"Bagno Italia"},"image":{"@id":"https:\/\/www.bagnoitalia.com\/fr#\/schema\/logo\/image\/"}}]}},"_links":{"self":[{"href":"https:\/\/www.bagnoitalia.com\/fr\/wp-json\/wp\/v2\/product\/83645","targetHints":{"allow":["GET"]}}],"collection":[{"href":"https:\/\/www.bagnoitalia.com\/fr\/wp-json\/wp\/v2\/product"}],"about":[{"href":"https:\/\/www.bagnoitalia.com\/fr\/wp-json\/wp\/v2\/types\/product"}],"replies":[{"embeddable":true,"href":"https:\/\/www.bagnoitalia.com\/fr\/wp-json\/wp\/v2\/comments?post=83645"}],"version-history":[{"count":0,"href":"https:\/\/www.bagnoitalia.com\/fr\/wp-json\/wp\/v2\/product\/83645\/revisions"}],"wp:featuredmedia":[{"embeddable":true,"href":"https:\/\/www.bagnoitalia.com\/fr\/wp-json\/wp\/v2\/media\/67057"}],"wp:attachment":[{"href":"https:\/\/www.bagnoitalia.com\/fr\/wp-json\/wp\/v2\/media?parent=83645"}],"wp:term":[{"taxonomy":"product_brand","embeddable":true,"href":"https:\/\/www.bagnoitalia.com\/fr\/wp-json\/wp\/v2\/product_brand?post=83645"},{"taxonomy":"product_cat","embeddable":true,"href":"https:\/\/www.bagnoitalia.com\/fr\/wp-json\/wp\/v2\/product_cat?post=83645"},{"taxonomy":"product_tag","embeddable":true,"href":"https:\/\/www.bagnoitalia.com\/fr\/wp-json\/wp\/v2\/product_tag?post=83645"}],"curies":[{"name":"wp","href":"https:\/\/api.w.org\/{rel}","templated":true}]}}