{"id":83633,"date":"2023-12-15T14:55:55","date_gmt":"2023-12-15T13:55:55","guid":{"rendered":"https:\/\/www.bagnoitalia.com\/product\/whirlpool-bath-tub174x84-cm-with-6-jets-taps-and-chromotherapy-vs142-2"},"modified":"2023-12-15T14:55:55","modified_gmt":"2023-12-15T13:55:55","slug":"whirlpool-bath-tub174x84-cm-with-6-jets-taps-and-chromotherapy-vs142-2","status":"publish","type":"product","link":"https:\/\/www.bagnoitalia.com\/fr\/produit\/whirlpool-bath-tub174x84-cm-with-6-jets-taps-and-chromotherapy-vs142-2.html","title":{"rendered":"Baignoire baln\u00e9o174x84 cm avec 6 jets et chromoth\u00e9rapie VS142"},"content":{"rendered":"<p>Baignoire HYDROMASSAGE 174&#215;84 cm VS142<\/p>\n<p>CARACT\u00c9RISTIQUES PRINCIPALES<\/p>\n<p>Baignoire d&rsquo;hydromassage 1 place<\/p>\n<p>avec coussin appui-t\u00eate<\/p>\n<p>dimensions ext\u00e9rieures : 174xp84xH63 cm<\/p>\n<p>avec 6 jets<\/p>\n<p>accessoires en acier chrom\u00e9<\/p>\n<p>douchette extractible<\/p>\n<p>commande manuelle analogique<\/p>\n<p>spot pour \u00e9clairage et chromoth\u00e9rapie (7 couleurs)<\/p>\n<p>structure en acier inoxydable<\/p>\n<p style=\"text-align: center;\"><img fetchpriority=\"high\" decoding=\"async\" class=\" size-full wp-image-66881\" src=\"https:\/\/img.bagnoitalia.com\/wp-content\/uploads\/importante-vasche-scarico-allaccio.jpg\" alt=\"\" width=\"812\" height=\"160\" class=\"alignnone size-full wp-image-99420\" style=\"background-color: inherit; color: inherit; caret-color: auto;\" srcset=\"https:\/\/img.bagnoitalia.com\/wp-content\/uploads\/importante-vasche-scarico-allaccio.jpg 812w, https:\/\/img.bagnoitalia.com\/wp-content\/uploads\/importante-vasche-scarico-allaccio-768x151.jpg 768w, https:\/\/img.bagnoitalia.com\/wp-content\/uploads\/importante-vasche-scarico-allaccio-441x87.jpg 441w, https:\/\/img.bagnoitalia.com\/wp-content\/uploads\/importante-vasche-scarico-allaccio-600x118.jpg 600w, https:\/\/img.bagnoitalia.com\/wp-content\/uploads\/importante-vasche-scarico-allaccio-150x30.jpg 150w\" sizes=\"(max-width: 812px) 100vw, 812px\" \/><\/p>\n","protected":false},"excerpt":{"rendered":"<p>Baignoire baln\u00e9o pour une personne, 174x84xH63cm. Avec coussin appui-t\u00eate, projecteur pour \u00e9clairage et chromoth\u00e9rapie, panneau de commande analogique et robinets.<\/p>\n","protected":false},"featured_media":66889,"comment_status":"open","ping_status":"closed","template":"","meta":[],"product_brand":[9951],"product_cat":[15],"product_tag":[],"class_list":{"0":"post-83633","1":"product","2":"type-product","3":"status-publish","4":"has-post-thumbnail","6":"product_brand-importforme-fr","7":"product_cat-senza-categoria","9":"first","10":"outofstock","11":"taxable","12":"shipping-taxable","13":"purchasable","14":"product-type-simple"},"exclude_global_add_ons":[],"addons":[],"yoast_head":"<!-- This site is optimized with the Yoast SEO plugin v26.7 - https:\/\/yoast.com\/wordpress\/plugins\/seo\/ -->\n<title>Baignoire baln\u00e9o174x84 cm avec 6 jets et chromoth\u00e9rapie VS142<\/title>\n<meta name=\"description\" content=\"Baignoire baln\u00e9o pour une personne, 174x84xH63cm. Avec coussin appui-t\u00eate, projecteur pour \u00e9clairage et chromoth\u00e9rapie, panneau de commande analogique et robinets.\" \/>\n<meta name=\"robots\" content=\"index, follow, max-snippet:-1, max-image-preview:large, max-video-preview:-1\" \/>\n<link rel=\"canonical\" href=\"https:\/\/www.bagnoitalia.com\/fr\/produit\/whirlpool-bath-tub174x84-cm-with-6-jets-taps-and-chromotherapy-vs142-2.html\" \/>\n<meta property=\"og:locale\" content=\"fr_FR\" \/>\n<meta property=\"og:type\" content=\"article\" \/>\n<meta property=\"og:title\" content=\"Baignoire baln\u00e9o174x84 cm avec 6 jets et chromoth\u00e9rapie VS142\" \/>\n<meta property=\"og:description\" content=\"Baignoire baln\u00e9o pour une personne, 174x84xH63cm. Avec coussin appui-t\u00eate, projecteur pour \u00e9clairage et chromoth\u00e9rapie, panneau de commande analogique et robinets.\" \/>\n<meta property=\"og:url\" content=\"https:\/\/www.bagnoitalia.com\/fr\/produit\/whirlpool-bath-tub174x84-cm-with-6-jets-taps-and-chromotherapy-vs142-2.html\" \/>\n<meta property=\"og:site_name\" content=\"Bagno Italia\" \/>\n<meta property=\"og:image\" content=\"https:\/\/img.bagnoitalia.com\/wp-content\/uploads\/virtuemart\/product\/vasca-idromassaggio-174x84-cm-1-posto-1.jpg\" \/>\n\t<meta property=\"og:image:width\" content=\"550\" \/>\n\t<meta property=\"og:image:height\" content=\"550\" \/>\n\t<meta property=\"og:image:type\" content=\"image\/jpeg\" \/>\n<meta name=\"twitter:card\" content=\"summary_large_image\" \/>\n<script type=\"application\/ld+json\" class=\"yoast-schema-graph\">{\"@context\":\"https:\/\/schema.org\",\"@graph\":[{\"@type\":\"WebPage\",\"@id\":\"https:\/\/www.bagnoitalia.com\/fr\/produit\/whirlpool-bath-tub174x84-cm-with-6-jets-taps-and-chromotherapy-vs142-2.html\",\"url\":\"https:\/\/www.bagnoitalia.com\/fr\/produit\/whirlpool-bath-tub174x84-cm-with-6-jets-taps-and-chromotherapy-vs142-2.html\",\"name\":\"Baignoire baln\u00e9o174x84 cm avec 6 jets et chromoth\u00e9rapie VS142\",\"isPartOf\":{\"@id\":\"https:\/\/www.bagnoitalia.com\/fr#website\"},\"primaryImageOfPage\":{\"@id\":\"https:\/\/www.bagnoitalia.com\/fr\/produit\/whirlpool-bath-tub174x84-cm-with-6-jets-taps-and-chromotherapy-vs142-2.html#primaryimage\"},\"image\":{\"@id\":\"https:\/\/www.bagnoitalia.com\/fr\/produit\/whirlpool-bath-tub174x84-cm-with-6-jets-taps-and-chromotherapy-vs142-2.html#primaryimage\"},\"thumbnailUrl\":\"https:\/\/img.bagnoitalia.com\/wp-content\/uploads\/virtuemart\/product\/vasca-idromassaggio-174x84-cm-1-posto-1.jpg\",\"datePublished\":\"2023-12-15T13:55:55+00:00\",\"description\":\"Baignoire baln\u00e9o pour une personne, 174x84xH63cm. Avec coussin appui-t\u00eate, projecteur pour \u00e9clairage et chromoth\u00e9rapie, panneau de commande analogique et robinets.\",\"breadcrumb\":{\"@id\":\"https:\/\/www.bagnoitalia.com\/fr\/produit\/whirlpool-bath-tub174x84-cm-with-6-jets-taps-and-chromotherapy-vs142-2.html#breadcrumb\"},\"inLanguage\":\"fr-FR\",\"potentialAction\":[{\"@type\":\"ReadAction\",\"target\":[\"https:\/\/www.bagnoitalia.com\/fr\/produit\/whirlpool-bath-tub174x84-cm-with-6-jets-taps-and-chromotherapy-vs142-2.html\"]}]},{\"@type\":\"ImageObject\",\"inLanguage\":\"fr-FR\",\"@id\":\"https:\/\/www.bagnoitalia.com\/fr\/produit\/whirlpool-bath-tub174x84-cm-with-6-jets-taps-and-chromotherapy-vs142-2.html#primaryimage\",\"url\":\"https:\/\/img.bagnoitalia.com\/wp-content\/uploads\/virtuemart\/product\/vasca-idromassaggio-174x84-cm-1-posto-1.jpg\",\"contentUrl\":\"https:\/\/img.bagnoitalia.com\/wp-content\/uploads\/virtuemart\/product\/vasca-idromassaggio-174x84-cm-1-posto-1.jpg\",\"width\":550,\"height\":550},{\"@type\":\"BreadcrumbList\",\"@id\":\"https:\/\/www.bagnoitalia.com\/fr\/produit\/whirlpool-bath-tub174x84-cm-with-6-jets-taps-and-chromotherapy-vs142-2.html#breadcrumb\",\"itemListElement\":[{\"@type\":\"ListItem\",\"position\":1,\"name\":\"Home\",\"item\":\"https:\/\/www.bagnoitalia.com\/fr\"},{\"@type\":\"ListItem\",\"position\":2,\"name\":\"Produits\",\"item\":\"https:\/\/www.bagnoitalia.com\/fr\/shop\"},{\"@type\":\"ListItem\",\"position\":3,\"name\":\"Baignoire baln\u00e9o174x84 cm avec 6 jets et chromoth\u00e9rapie VS142\"}]},{\"@type\":\"WebSite\",\"@id\":\"https:\/\/www.bagnoitalia.com\/fr#website\",\"url\":\"https:\/\/www.bagnoitalia.com\/fr\",\"name\":\"Bagno Italia\",\"description\":\"\",\"publisher\":{\"@id\":\"https:\/\/www.bagnoitalia.com\/fr#organization\"},\"potentialAction\":[{\"@type\":\"SearchAction\",\"target\":{\"@type\":\"EntryPoint\",\"urlTemplate\":\"https:\/\/www.bagnoitalia.com\/fr?s={search_term_string}\"},\"query-input\":{\"@type\":\"PropertyValueSpecification\",\"valueRequired\":true,\"valueName\":\"search_term_string\"}}],\"inLanguage\":\"fr-FR\"},{\"@type\":\"Organization\",\"@id\":\"https:\/\/www.bagnoitalia.com\/fr#organization\",\"name\":\"Bagno Italia\",\"url\":\"https:\/\/www.bagnoitalia.com\/fr\",\"logo\":{\"@type\":\"ImageObject\",\"inLanguage\":\"fr-FR\",\"@id\":\"https:\/\/www.bagnoitalia.com\/fr#\/schema\/logo\/image\/\",\"url\":\"https:\/\/img.bagnoitalia.com\/wp-content\/uploads\/logo-bagnoitalia.webp\",\"contentUrl\":\"https:\/\/img.bagnoitalia.com\/wp-content\/uploads\/logo-bagnoitalia.webp\",\"width\":400,\"height\":70,\"caption\":\"Bagno Italia\"},\"image\":{\"@id\":\"https:\/\/www.bagnoitalia.com\/fr#\/schema\/logo\/image\/\"}}]}<\/script>\n<!-- \/ Yoast SEO plugin. -->","yoast_head_json":{"title":"Baignoire baln\u00e9o174x84 cm avec 6 jets et chromoth\u00e9rapie VS142","description":"Baignoire baln\u00e9o pour une personne, 174x84xH63cm. Avec coussin appui-t\u00eate, projecteur pour \u00e9clairage et chromoth\u00e9rapie, panneau de commande analogique et robinets.","robots":{"index":"index","follow":"follow","max-snippet":"max-snippet:-1","max-image-preview":"max-image-preview:large","max-video-preview":"max-video-preview:-1"},"canonical":"https:\/\/www.bagnoitalia.com\/fr\/produit\/whirlpool-bath-tub174x84-cm-with-6-jets-taps-and-chromotherapy-vs142-2.html","og_locale":"fr_FR","og_type":"article","og_title":"Baignoire baln\u00e9o174x84 cm avec 6 jets et chromoth\u00e9rapie VS142","og_description":"Baignoire baln\u00e9o pour une personne, 174x84xH63cm. Avec coussin appui-t\u00eate, projecteur pour \u00e9clairage et chromoth\u00e9rapie, panneau de commande analogique et robinets.","og_url":"https:\/\/www.bagnoitalia.com\/fr\/produit\/whirlpool-bath-tub174x84-cm-with-6-jets-taps-and-chromotherapy-vs142-2.html","og_site_name":"Bagno Italia","og_image":[{"width":550,"height":550,"url":"https:\/\/img.bagnoitalia.com\/wp-content\/uploads\/virtuemart\/product\/vasca-idromassaggio-174x84-cm-1-posto-1.jpg","type":"image\/jpeg"}],"twitter_card":"summary_large_image","schema":{"@context":"https:\/\/schema.org","@graph":[{"@type":"WebPage","@id":"https:\/\/www.bagnoitalia.com\/fr\/produit\/whirlpool-bath-tub174x84-cm-with-6-jets-taps-and-chromotherapy-vs142-2.html","url":"https:\/\/www.bagnoitalia.com\/fr\/produit\/whirlpool-bath-tub174x84-cm-with-6-jets-taps-and-chromotherapy-vs142-2.html","name":"Baignoire baln\u00e9o174x84 cm avec 6 jets et chromoth\u00e9rapie VS142","isPartOf":{"@id":"https:\/\/www.bagnoitalia.com\/fr#website"},"primaryImageOfPage":{"@id":"https:\/\/www.bagnoitalia.com\/fr\/produit\/whirlpool-bath-tub174x84-cm-with-6-jets-taps-and-chromotherapy-vs142-2.html#primaryimage"},"image":{"@id":"https:\/\/www.bagnoitalia.com\/fr\/produit\/whirlpool-bath-tub174x84-cm-with-6-jets-taps-and-chromotherapy-vs142-2.html#primaryimage"},"thumbnailUrl":"https:\/\/img.bagnoitalia.com\/wp-content\/uploads\/virtuemart\/product\/vasca-idromassaggio-174x84-cm-1-posto-1.jpg","datePublished":"2023-12-15T13:55:55+00:00","description":"Baignoire baln\u00e9o pour une personne, 174x84xH63cm. Avec coussin appui-t\u00eate, projecteur pour \u00e9clairage et chromoth\u00e9rapie, panneau de commande analogique et robinets.","breadcrumb":{"@id":"https:\/\/www.bagnoitalia.com\/fr\/produit\/whirlpool-bath-tub174x84-cm-with-6-jets-taps-and-chromotherapy-vs142-2.html#breadcrumb"},"inLanguage":"fr-FR","potentialAction":[{"@type":"ReadAction","target":["https:\/\/www.bagnoitalia.com\/fr\/produit\/whirlpool-bath-tub174x84-cm-with-6-jets-taps-and-chromotherapy-vs142-2.html"]}]},{"@type":"ImageObject","inLanguage":"fr-FR","@id":"https:\/\/www.bagnoitalia.com\/fr\/produit\/whirlpool-bath-tub174x84-cm-with-6-jets-taps-and-chromotherapy-vs142-2.html#primaryimage","url":"https:\/\/img.bagnoitalia.com\/wp-content\/uploads\/virtuemart\/product\/vasca-idromassaggio-174x84-cm-1-posto-1.jpg","contentUrl":"https:\/\/img.bagnoitalia.com\/wp-content\/uploads\/virtuemart\/product\/vasca-idromassaggio-174x84-cm-1-posto-1.jpg","width":550,"height":550},{"@type":"BreadcrumbList","@id":"https:\/\/www.bagnoitalia.com\/fr\/produit\/whirlpool-bath-tub174x84-cm-with-6-jets-taps-and-chromotherapy-vs142-2.html#breadcrumb","itemListElement":[{"@type":"ListItem","position":1,"name":"Home","item":"https:\/\/www.bagnoitalia.com\/fr"},{"@type":"ListItem","position":2,"name":"Produits","item":"https:\/\/www.bagnoitalia.com\/fr\/shop"},{"@type":"ListItem","position":3,"name":"Baignoire baln\u00e9o174x84 cm avec 6 jets et chromoth\u00e9rapie VS142"}]},{"@type":"WebSite","@id":"https:\/\/www.bagnoitalia.com\/fr#website","url":"https:\/\/www.bagnoitalia.com\/fr","name":"Bagno Italia","description":"","publisher":{"@id":"https:\/\/www.bagnoitalia.com\/fr#organization"},"potentialAction":[{"@type":"SearchAction","target":{"@type":"EntryPoint","urlTemplate":"https:\/\/www.bagnoitalia.com\/fr?s={search_term_string}"},"query-input":{"@type":"PropertyValueSpecification","valueRequired":true,"valueName":"search_term_string"}}],"inLanguage":"fr-FR"},{"@type":"Organization","@id":"https:\/\/www.bagnoitalia.com\/fr#organization","name":"Bagno Italia","url":"https:\/\/www.bagnoitalia.com\/fr","logo":{"@type":"ImageObject","inLanguage":"fr-FR","@id":"https:\/\/www.bagnoitalia.com\/fr#\/schema\/logo\/image\/","url":"https:\/\/img.bagnoitalia.com\/wp-content\/uploads\/logo-bagnoitalia.webp","contentUrl":"https:\/\/img.bagnoitalia.com\/wp-content\/uploads\/logo-bagnoitalia.webp","width":400,"height":70,"caption":"Bagno Italia"},"image":{"@id":"https:\/\/www.bagnoitalia.com\/fr#\/schema\/logo\/image\/"}}]}},"_links":{"self":[{"href":"https:\/\/www.bagnoitalia.com\/fr\/wp-json\/wp\/v2\/product\/83633","targetHints":{"allow":["GET"]}}],"collection":[{"href":"https:\/\/www.bagnoitalia.com\/fr\/wp-json\/wp\/v2\/product"}],"about":[{"href":"https:\/\/www.bagnoitalia.com\/fr\/wp-json\/wp\/v2\/types\/product"}],"replies":[{"embeddable":true,"href":"https:\/\/www.bagnoitalia.com\/fr\/wp-json\/wp\/v2\/comments?post=83633"}],"version-history":[{"count":0,"href":"https:\/\/www.bagnoitalia.com\/fr\/wp-json\/wp\/v2\/product\/83633\/revisions"}],"wp:featuredmedia":[{"embeddable":true,"href":"https:\/\/www.bagnoitalia.com\/fr\/wp-json\/wp\/v2\/media\/66889"}],"wp:attachment":[{"href":"https:\/\/www.bagnoitalia.com\/fr\/wp-json\/wp\/v2\/media?parent=83633"}],"wp:term":[{"taxonomy":"product_brand","embeddable":true,"href":"https:\/\/www.bagnoitalia.com\/fr\/wp-json\/wp\/v2\/product_brand?post=83633"},{"taxonomy":"product_cat","embeddable":true,"href":"https:\/\/www.bagnoitalia.com\/fr\/wp-json\/wp\/v2\/product_cat?post=83633"},{"taxonomy":"product_tag","embeddable":true,"href":"https:\/\/www.bagnoitalia.com\/fr\/wp-json\/wp\/v2\/product_tag?post=83633"}],"curies":[{"name":"wp","href":"https:\/\/api.w.org\/{rel}","templated":true}]}}