{"id":83589,"date":"2023-11-24T09:08:12","date_gmt":"2023-11-24T08:08:12","guid":{"rendered":"https:\/\/www.bagnoitalia.com\/product\/infrared-sauna-for-two-persons-125x100-cm-bluetooth-connection-led-lights-and-5-full-spectrum-irradiants-sn072-2"},"modified":"2023-11-24T09:08:12","modified_gmt":"2023-11-24T08:08:12","slug":"infrared-sauna-for-two-persons-125x100-cm-bluetooth-connection-led-lights-and-5-full-spectrum-irradiants-sn072-2","status":"publish","type":"product","link":"https:\/\/www.bagnoitalia.com\/fr\/produit\/infrared-sauna-for-two-persons-125x100-cm-bluetooth-connection-led-lights-and-5-full-spectrum-irradiants-sn072-2.html","title":{"rendered":"Sauna infrarouge pour deux personnes 125&#215;100 cm connexion bluetooth \u00e9clairage led et 5 irradiants \u00e0 spectre complet SN072"},"content":{"rendered":"<p style=\"text-align: center;\"><span style=\"text-decoration: underline; color: #ff0000; font-size: 18pt;\"><strong>Sauna infrarouge 125&#215;100 spectre complet SN072<\/strong><\/span><\/p>\n<p>&nbsp;<\/p>\n<p>CARACT\u00c9RISTIQUES PRINCIPALES<\/p>\n<p>Sauna infrarouge 125x100xH190 cm<\/p>\n<p>Convient pour deux personnes<\/p>\n<p>avec 5 irradiants FULL SPECTRUM<\/p>\n<p>&nbsp;<\/p>\n<p>FONCTIONS ADDITIONNELLES ET ACCESSOIRES INCLUS<\/p>\n<p>Chromoth\u00e9rapie avec lumi\u00e8res LED (variables en 7 couleurs)<\/p>\n<p>Connexion Bluetooth<\/p>\n<p>lecteur mp3<\/p>\n<p>n.2 haut-parleurs<\/p>\n<p>Panneau de contr\u00f4le<\/p>\n<p>&nbsp;<\/p>\n<p>MAT\u00c9RIAU<\/p>\n<p>bois de sapin<\/p>\n<p>Verre de 6 mm d&rsquo;\u00e9paisseur<\/p>\n<p>&nbsp;<\/p>\n<p>D\u00c9TAILS TECHNIQUES<\/p>\n<p>Tension d&rsquo;alimentation : 220-240 V<\/p>\n<p>Puissance : environ 2,2 kW<\/p>\n<p>&nbsp;<\/p>\n<p>&nbsp;<\/p>\n<p>&nbsp;<\/p>\n<p>&nbsp;<\/p>\n<p>&nbsp;<\/p>\n<p>&nbsp;<\/p>\n<p>&nbsp;<\/p>\n<p>F40125<\/p>\n","protected":false},"excerpt":{"rendered":"<p>Cabine de spa \u00e0 deux places avec infrarouge \u00e0 spectre complet, compos\u00e9e de 3 parois en verre. Fonctions incluses : chromoth\u00e9rapie, connexion Bluetooth, lecteur mp3, double haut-parleur.<\/p>\n","protected":false},"featured_media":66437,"comment_status":"open","ping_status":"closed","template":"","meta":[],"product_brand":[9942],"product_cat":[9751],"product_tag":[],"class_list":{"0":"post-83589","1":"product","2":"type-product","3":"status-publish","4":"has-post-thumbnail","6":"product_brand-sanotechnik-italia-fr","7":"product_cat-saunas-infrarouges","9":"first","10":"instock","11":"sale","12":"taxable","13":"shipping-taxable","14":"purchasable","15":"product-type-simple"},"exclude_global_add_ons":[],"addons":[],"yoast_head":"<!-- This site is optimized with the Yoast SEO plugin v26.7 - https:\/\/yoast.com\/wordpress\/plugins\/seo\/ -->\n<title>Sauna infrarouge pour deux personnes 125x100 cm connexion bluetooth \u00e9clairage led et 5 irradiants \u00e0 spectre complet SN072<\/title>\n<meta name=\"description\" content=\"Cabine de spa \u00e0 deux places avec infrarouge \u00e0 spectre complet, compos\u00e9e de 3 parois en verre. Fonctions incluses : chromoth\u00e9rapie, connexion Bluetooth, lecteur mp3, double haut-parleur.\" \/>\n<meta name=\"robots\" content=\"index, follow, max-snippet:-1, max-image-preview:large, max-video-preview:-1\" \/>\n<link rel=\"canonical\" href=\"https:\/\/www.bagnoitalia.com\/fr\/produit\/infrared-sauna-for-two-persons-125x100-cm-bluetooth-connection-led-lights-and-5-full-spectrum-irradiants-sn072-2.html\" \/>\n<meta property=\"og:locale\" content=\"fr_FR\" \/>\n<meta property=\"og:type\" content=\"article\" \/>\n<meta property=\"og:title\" content=\"Sauna infrarouge pour deux personnes 125x100 cm connexion bluetooth \u00e9clairage led et 5 irradiants \u00e0 spectre complet SN072\" \/>\n<meta property=\"og:description\" content=\"Cabine de spa \u00e0 deux places avec infrarouge \u00e0 spectre complet, compos\u00e9e de 3 parois en verre. Fonctions incluses : chromoth\u00e9rapie, connexion Bluetooth, lecteur mp3, double haut-parleur.\" \/>\n<meta property=\"og:url\" content=\"https:\/\/www.bagnoitalia.com\/fr\/produit\/infrared-sauna-for-two-persons-125x100-cm-bluetooth-connection-led-lights-and-5-full-spectrum-irradiants-sn072-2.html\" \/>\n<meta property=\"og:site_name\" content=\"Bagno Italia\" \/>\n<meta property=\"og:image\" content=\"https:\/\/img.bagnoitalia.com\/wp-content\/uploads\/virtuemart\/product\/sauna-infrared-full-spectrum-125x100-cm-1.jpg\" \/>\n\t<meta property=\"og:image:width\" content=\"600\" \/>\n\t<meta property=\"og:image:height\" content=\"600\" \/>\n\t<meta property=\"og:image:type\" content=\"image\/jpeg\" \/>\n<meta name=\"twitter:card\" content=\"summary_large_image\" \/>\n<script type=\"application\/ld+json\" class=\"yoast-schema-graph\">{\"@context\":\"https:\/\/schema.org\",\"@graph\":[{\"@type\":\"WebPage\",\"@id\":\"https:\/\/www.bagnoitalia.com\/fr\/produit\/infrared-sauna-for-two-persons-125x100-cm-bluetooth-connection-led-lights-and-5-full-spectrum-irradiants-sn072-2.html\",\"url\":\"https:\/\/www.bagnoitalia.com\/fr\/produit\/infrared-sauna-for-two-persons-125x100-cm-bluetooth-connection-led-lights-and-5-full-spectrum-irradiants-sn072-2.html\",\"name\":\"Sauna infrarouge pour deux personnes 125x100 cm connexion bluetooth \u00e9clairage led et 5 irradiants \u00e0 spectre complet SN072\",\"isPartOf\":{\"@id\":\"https:\/\/www.bagnoitalia.com\/fr#website\"},\"primaryImageOfPage\":{\"@id\":\"https:\/\/www.bagnoitalia.com\/fr\/produit\/infrared-sauna-for-two-persons-125x100-cm-bluetooth-connection-led-lights-and-5-full-spectrum-irradiants-sn072-2.html#primaryimage\"},\"image\":{\"@id\":\"https:\/\/www.bagnoitalia.com\/fr\/produit\/infrared-sauna-for-two-persons-125x100-cm-bluetooth-connection-led-lights-and-5-full-spectrum-irradiants-sn072-2.html#primaryimage\"},\"thumbnailUrl\":\"https:\/\/img.bagnoitalia.com\/wp-content\/uploads\/virtuemart\/product\/sauna-infrared-full-spectrum-125x100-cm-1.jpg\",\"datePublished\":\"2023-11-24T08:08:12+00:00\",\"description\":\"Cabine de spa \u00e0 deux places avec infrarouge \u00e0 spectre complet, compos\u00e9e de 3 parois en verre. Fonctions incluses : chromoth\u00e9rapie, connexion Bluetooth, lecteur mp3, double haut-parleur.\",\"breadcrumb\":{\"@id\":\"https:\/\/www.bagnoitalia.com\/fr\/produit\/infrared-sauna-for-two-persons-125x100-cm-bluetooth-connection-led-lights-and-5-full-spectrum-irradiants-sn072-2.html#breadcrumb\"},\"inLanguage\":\"fr-FR\",\"potentialAction\":[{\"@type\":\"ReadAction\",\"target\":[\"https:\/\/www.bagnoitalia.com\/fr\/produit\/infrared-sauna-for-two-persons-125x100-cm-bluetooth-connection-led-lights-and-5-full-spectrum-irradiants-sn072-2.html\"]}]},{\"@type\":\"ImageObject\",\"inLanguage\":\"fr-FR\",\"@id\":\"https:\/\/www.bagnoitalia.com\/fr\/produit\/infrared-sauna-for-two-persons-125x100-cm-bluetooth-connection-led-lights-and-5-full-spectrum-irradiants-sn072-2.html#primaryimage\",\"url\":\"https:\/\/img.bagnoitalia.com\/wp-content\/uploads\/virtuemart\/product\/sauna-infrared-full-spectrum-125x100-cm-1.jpg\",\"contentUrl\":\"https:\/\/img.bagnoitalia.com\/wp-content\/uploads\/virtuemart\/product\/sauna-infrared-full-spectrum-125x100-cm-1.jpg\",\"width\":600,\"height\":600},{\"@type\":\"BreadcrumbList\",\"@id\":\"https:\/\/www.bagnoitalia.com\/fr\/produit\/infrared-sauna-for-two-persons-125x100-cm-bluetooth-connection-led-lights-and-5-full-spectrum-irradiants-sn072-2.html#breadcrumb\",\"itemListElement\":[{\"@type\":\"ListItem\",\"position\":1,\"name\":\"Home\",\"item\":\"https:\/\/www.bagnoitalia.com\/fr\"},{\"@type\":\"ListItem\",\"position\":2,\"name\":\"Produits\",\"item\":\"https:\/\/www.bagnoitalia.com\/fr\/shop\"},{\"@type\":\"ListItem\",\"position\":3,\"name\":\"Sauna infrarouge pour deux personnes 125&#215;100 cm connexion bluetooth \u00e9clairage led et 5 irradiants \u00e0 spectre complet SN072\"}]},{\"@type\":\"WebSite\",\"@id\":\"https:\/\/www.bagnoitalia.com\/fr#website\",\"url\":\"https:\/\/www.bagnoitalia.com\/fr\",\"name\":\"Bagno Italia\",\"description\":\"\",\"publisher\":{\"@id\":\"https:\/\/www.bagnoitalia.com\/fr#organization\"},\"potentialAction\":[{\"@type\":\"SearchAction\",\"target\":{\"@type\":\"EntryPoint\",\"urlTemplate\":\"https:\/\/www.bagnoitalia.com\/fr?s={search_term_string}\"},\"query-input\":{\"@type\":\"PropertyValueSpecification\",\"valueRequired\":true,\"valueName\":\"search_term_string\"}}],\"inLanguage\":\"fr-FR\"},{\"@type\":\"Organization\",\"@id\":\"https:\/\/www.bagnoitalia.com\/fr#organization\",\"name\":\"Bagno Italia\",\"url\":\"https:\/\/www.bagnoitalia.com\/fr\",\"logo\":{\"@type\":\"ImageObject\",\"inLanguage\":\"fr-FR\",\"@id\":\"https:\/\/www.bagnoitalia.com\/fr#\/schema\/logo\/image\/\",\"url\":\"https:\/\/img.bagnoitalia.com\/wp-content\/uploads\/logo-bagnoitalia.webp\",\"contentUrl\":\"https:\/\/img.bagnoitalia.com\/wp-content\/uploads\/logo-bagnoitalia.webp\",\"width\":400,\"height\":70,\"caption\":\"Bagno Italia\"},\"image\":{\"@id\":\"https:\/\/www.bagnoitalia.com\/fr#\/schema\/logo\/image\/\"}}]}<\/script>\n<!-- \/ Yoast SEO plugin. -->","yoast_head_json":{"title":"Sauna infrarouge pour deux personnes 125x100 cm connexion bluetooth \u00e9clairage led et 5 irradiants \u00e0 spectre complet SN072","description":"Cabine de spa \u00e0 deux places avec infrarouge \u00e0 spectre complet, compos\u00e9e de 3 parois en verre. Fonctions incluses : chromoth\u00e9rapie, connexion Bluetooth, lecteur mp3, double haut-parleur.","robots":{"index":"index","follow":"follow","max-snippet":"max-snippet:-1","max-image-preview":"max-image-preview:large","max-video-preview":"max-video-preview:-1"},"canonical":"https:\/\/www.bagnoitalia.com\/fr\/produit\/infrared-sauna-for-two-persons-125x100-cm-bluetooth-connection-led-lights-and-5-full-spectrum-irradiants-sn072-2.html","og_locale":"fr_FR","og_type":"article","og_title":"Sauna infrarouge pour deux personnes 125x100 cm connexion bluetooth \u00e9clairage led et 5 irradiants \u00e0 spectre complet SN072","og_description":"Cabine de spa \u00e0 deux places avec infrarouge \u00e0 spectre complet, compos\u00e9e de 3 parois en verre. Fonctions incluses : chromoth\u00e9rapie, connexion Bluetooth, lecteur mp3, double haut-parleur.","og_url":"https:\/\/www.bagnoitalia.com\/fr\/produit\/infrared-sauna-for-two-persons-125x100-cm-bluetooth-connection-led-lights-and-5-full-spectrum-irradiants-sn072-2.html","og_site_name":"Bagno Italia","og_image":[{"width":600,"height":600,"url":"https:\/\/img.bagnoitalia.com\/wp-content\/uploads\/virtuemart\/product\/sauna-infrared-full-spectrum-125x100-cm-1.jpg","type":"image\/jpeg"}],"twitter_card":"summary_large_image","schema":{"@context":"https:\/\/schema.org","@graph":[{"@type":"WebPage","@id":"https:\/\/www.bagnoitalia.com\/fr\/produit\/infrared-sauna-for-two-persons-125x100-cm-bluetooth-connection-led-lights-and-5-full-spectrum-irradiants-sn072-2.html","url":"https:\/\/www.bagnoitalia.com\/fr\/produit\/infrared-sauna-for-two-persons-125x100-cm-bluetooth-connection-led-lights-and-5-full-spectrum-irradiants-sn072-2.html","name":"Sauna infrarouge pour deux personnes 125x100 cm connexion bluetooth \u00e9clairage led et 5 irradiants \u00e0 spectre complet SN072","isPartOf":{"@id":"https:\/\/www.bagnoitalia.com\/fr#website"},"primaryImageOfPage":{"@id":"https:\/\/www.bagnoitalia.com\/fr\/produit\/infrared-sauna-for-two-persons-125x100-cm-bluetooth-connection-led-lights-and-5-full-spectrum-irradiants-sn072-2.html#primaryimage"},"image":{"@id":"https:\/\/www.bagnoitalia.com\/fr\/produit\/infrared-sauna-for-two-persons-125x100-cm-bluetooth-connection-led-lights-and-5-full-spectrum-irradiants-sn072-2.html#primaryimage"},"thumbnailUrl":"https:\/\/img.bagnoitalia.com\/wp-content\/uploads\/virtuemart\/product\/sauna-infrared-full-spectrum-125x100-cm-1.jpg","datePublished":"2023-11-24T08:08:12+00:00","description":"Cabine de spa \u00e0 deux places avec infrarouge \u00e0 spectre complet, compos\u00e9e de 3 parois en verre. Fonctions incluses : chromoth\u00e9rapie, connexion Bluetooth, lecteur mp3, double haut-parleur.","breadcrumb":{"@id":"https:\/\/www.bagnoitalia.com\/fr\/produit\/infrared-sauna-for-two-persons-125x100-cm-bluetooth-connection-led-lights-and-5-full-spectrum-irradiants-sn072-2.html#breadcrumb"},"inLanguage":"fr-FR","potentialAction":[{"@type":"ReadAction","target":["https:\/\/www.bagnoitalia.com\/fr\/produit\/infrared-sauna-for-two-persons-125x100-cm-bluetooth-connection-led-lights-and-5-full-spectrum-irradiants-sn072-2.html"]}]},{"@type":"ImageObject","inLanguage":"fr-FR","@id":"https:\/\/www.bagnoitalia.com\/fr\/produit\/infrared-sauna-for-two-persons-125x100-cm-bluetooth-connection-led-lights-and-5-full-spectrum-irradiants-sn072-2.html#primaryimage","url":"https:\/\/img.bagnoitalia.com\/wp-content\/uploads\/virtuemart\/product\/sauna-infrared-full-spectrum-125x100-cm-1.jpg","contentUrl":"https:\/\/img.bagnoitalia.com\/wp-content\/uploads\/virtuemart\/product\/sauna-infrared-full-spectrum-125x100-cm-1.jpg","width":600,"height":600},{"@type":"BreadcrumbList","@id":"https:\/\/www.bagnoitalia.com\/fr\/produit\/infrared-sauna-for-two-persons-125x100-cm-bluetooth-connection-led-lights-and-5-full-spectrum-irradiants-sn072-2.html#breadcrumb","itemListElement":[{"@type":"ListItem","position":1,"name":"Home","item":"https:\/\/www.bagnoitalia.com\/fr"},{"@type":"ListItem","position":2,"name":"Produits","item":"https:\/\/www.bagnoitalia.com\/fr\/shop"},{"@type":"ListItem","position":3,"name":"Sauna infrarouge pour deux personnes 125&#215;100 cm connexion bluetooth \u00e9clairage led et 5 irradiants \u00e0 spectre complet SN072"}]},{"@type":"WebSite","@id":"https:\/\/www.bagnoitalia.com\/fr#website","url":"https:\/\/www.bagnoitalia.com\/fr","name":"Bagno Italia","description":"","publisher":{"@id":"https:\/\/www.bagnoitalia.com\/fr#organization"},"potentialAction":[{"@type":"SearchAction","target":{"@type":"EntryPoint","urlTemplate":"https:\/\/www.bagnoitalia.com\/fr?s={search_term_string}"},"query-input":{"@type":"PropertyValueSpecification","valueRequired":true,"valueName":"search_term_string"}}],"inLanguage":"fr-FR"},{"@type":"Organization","@id":"https:\/\/www.bagnoitalia.com\/fr#organization","name":"Bagno Italia","url":"https:\/\/www.bagnoitalia.com\/fr","logo":{"@type":"ImageObject","inLanguage":"fr-FR","@id":"https:\/\/www.bagnoitalia.com\/fr#\/schema\/logo\/image\/","url":"https:\/\/img.bagnoitalia.com\/wp-content\/uploads\/logo-bagnoitalia.webp","contentUrl":"https:\/\/img.bagnoitalia.com\/wp-content\/uploads\/logo-bagnoitalia.webp","width":400,"height":70,"caption":"Bagno Italia"},"image":{"@id":"https:\/\/www.bagnoitalia.com\/fr#\/schema\/logo\/image\/"}}]}},"_links":{"self":[{"href":"https:\/\/www.bagnoitalia.com\/fr\/wp-json\/wp\/v2\/product\/83589","targetHints":{"allow":["GET"]}}],"collection":[{"href":"https:\/\/www.bagnoitalia.com\/fr\/wp-json\/wp\/v2\/product"}],"about":[{"href":"https:\/\/www.bagnoitalia.com\/fr\/wp-json\/wp\/v2\/types\/product"}],"replies":[{"embeddable":true,"href":"https:\/\/www.bagnoitalia.com\/fr\/wp-json\/wp\/v2\/comments?post=83589"}],"version-history":[{"count":0,"href":"https:\/\/www.bagnoitalia.com\/fr\/wp-json\/wp\/v2\/product\/83589\/revisions"}],"wp:featuredmedia":[{"embeddable":true,"href":"https:\/\/www.bagnoitalia.com\/fr\/wp-json\/wp\/v2\/media\/66437"}],"wp:attachment":[{"href":"https:\/\/www.bagnoitalia.com\/fr\/wp-json\/wp\/v2\/media?parent=83589"}],"wp:term":[{"taxonomy":"product_brand","embeddable":true,"href":"https:\/\/www.bagnoitalia.com\/fr\/wp-json\/wp\/v2\/product_brand?post=83589"},{"taxonomy":"product_cat","embeddable":true,"href":"https:\/\/www.bagnoitalia.com\/fr\/wp-json\/wp\/v2\/product_cat?post=83589"},{"taxonomy":"product_tag","embeddable":true,"href":"https:\/\/www.bagnoitalia.com\/fr\/wp-json\/wp\/v2\/product_tag?post=83589"}],"curies":[{"name":"wp","href":"https:\/\/api.w.org\/{rel}","templated":true}]}}