{"id":83557,"date":"2023-09-26T13:49:08","date_gmt":"2023-09-26T11:49:08","guid":{"rendered":"https:\/\/www.bagnoitalia.com\/product\/saloon-shower-door-in-various-sizes-6-mm-clear-glass-with-anti-limescale-double-leaf-inside-outside-pr049-2"},"modified":"2024-06-05T15:28:27","modified_gmt":"2024-06-05T13:28:27","slug":"saloon-shower-door-in-various-sizes-6-mm-clear-glass-with-anti-limescale-double-leaf-inside-outside-pr049-2","status":"publish","type":"product","link":"https:\/\/www.bagnoitalia.com\/fr\/produit\/saloon-shower-door-in-various-sizes-6-mm-clear-glass-with-anti-limescale-double-leaf-inside-outside-pr049-2.html","title":{"rendered":"Porte de douche Saloon en diff\u00e9rentes dimensions Verre clair de 6 mm avec anti-calcaire double vantail int\u00e9rieur-ext\u00e9rieur PR049"},"content":{"rendered":"<p style=\"text-align: center;\"><span style=\"text-decoration: underline; color: #ff0000; font-size: 18pt;\"><strong>PORTE DE DOUCHE SALOON avec ANTICALCARE PR049<\/strong><\/span><\/p>\n<p>&nbsp;<\/p>\n<p>Porte pour niche, disponible dans les dimensions suivantes<\/p>\n<p>130cm (adaptable de 129 \u00e0 132 cm)<br \/>\n135cm (adaptable de 132,5 \u00e0 136,5 cm)<br \/>\n140cm (adaptable de 139 \u00e0 142 cm)<br \/>\n145cm (adaptable de 142,5 \u00e0 146,5 cm)<br \/>\n150cm (r\u00e9glable de 149 \u00e0 152 cm)<br \/>\n155cm (r\u00e9glable de 152,5 \u00e0 156,5 cm)<br \/>\n160cm (r\u00e9glable de 159 \u00e0 162 cm)<br \/>\n165cm (r\u00e9glable de 162,5 \u00e0 165,5 cm)<br \/>\n170cm (r\u00e9glable de 169 \u00e0 172 cm)<br \/>\n175cm (r\u00e9glable de 172,5 \u00e0 176,5 cm)<\/p>\n<p>Hauteur totale 195 cm<\/p>\n<p>Verre transparent de 6 mm d&rsquo;\u00e9paisseur, tremp\u00e9, avec TRAITEMENT ANTI-CALCAGE<\/p>\n<p>Ouverture du salon : 2 portes battantes, s&rsquo;ouvrant vers l&rsquo;ext\u00e9rieur et vers l&rsquo;int\u00e9rieur (ouverture \u00e0 180\u00b0)<\/p>\n<p>Fermeture magn\u00e9tique<\/p>\n<p>Syst\u00e8me de relevage des portes pour les maintenir en position<\/p>\n<p>Cadre en aluminium chrom\u00e9<\/p>\n<p>Poign\u00e9es en acier inoxydable<\/p>\n","protected":false},"excerpt":{"rendered":"<p>Porte de douche encastr\u00e9e, avec 2 portes qui s&rsquo;ouvrent vers l&rsquo;int\u00e9rieur et vers l&rsquo;ext\u00e9rieur. Cristal avec traitement anti-calcaire inclus. Hauteur 195 cm<\/p>\n","protected":false},"featured_media":66101,"comment_status":"open","ping_status":"closed","template":"","meta":[],"product_brand":[5004],"product_cat":[9835],"product_tag":[],"class_list":{"0":"post-83557","1":"product","2":"type-product","3":"status-publish","4":"has-post-thumbnail","6":"product_brand-vari-produttori","7":"product_cat-portes-de-douche-saloon","9":"first","10":"instock","11":"sale","12":"taxable","13":"shipping-taxable","14":"purchasable","15":"product-type-simple"},"exclude_global_add_ons":false,"addons":[{"name":"dimensions","type":"multiple_choice","position":0,"required":true,"title_format":"heading","default":"","description_enable":false,"description":"","placeholder_enable":false,"placeholder":"","display":"select","restrictions_type":"any_text","adjust_price":false,"price":"","price_type":"flat_fee","restrictions":false,"min":"0","max":"0","options":[{"label":"130 cm","price":"","price_type":"quantity_based","image":0,"visibility":true},{"label":"135 cm","price":"6","price_type":"quantity_based","image":0,"visibility":true},{"label":"140 cm","price":"10","price_type":"quantity_based","image":0,"visibility":true},{"label":"145 cm","price":"16","price_type":"quantity_based","image":0,"visibility":true},{"label":"150 cm","price":"20","price_type":"quantity_based","image":0,"visibility":true},{"label":"155 cm","price":"26","price_type":"quantity_based","image":0,"visibility":true},{"label":"160 cm","price":"30","price_type":"quantity_based","image":0,"visibility":true},{"label":"165 cm","price":"36","price_type":"quantity_based","image":0,"visibility":true},{"label":"170 cm","price":"40","price_type":"quantity_based","image":0,"visibility":true},{"label":"175 cm","price":"46","price_type":"quantity_based","image":0,"visibility":true}],"id":1717601308}],"yoast_head":"<!-- This site is optimized with the Yoast SEO plugin v26.7 - https:\/\/yoast.com\/wordpress\/plugins\/seo\/ -->\n<title>Porte de douche Saloon en diff\u00e9rentes dimensions Verre clair de 6 mm avec anti-calcaire double vantail int\u00e9rieur-ext\u00e9rieur PR049<\/title>\n<meta name=\"description\" content=\"Porte de douche encastr\u00e9e, avec 2 portes qui s&#039;ouvrent vers l&#039;int\u00e9rieur et vers l&#039;ext\u00e9rieur. Cristal avec traitement anti-calcaire inclus. Hauteur 195 cm\" \/>\n<meta name=\"robots\" content=\"index, follow, max-snippet:-1, max-image-preview:large, max-video-preview:-1\" \/>\n<link rel=\"canonical\" href=\"https:\/\/www.bagnoitalia.com\/fr\/produit\/saloon-shower-door-in-various-sizes-6-mm-clear-glass-with-anti-limescale-double-leaf-inside-outside-pr049-2.html\" \/>\n<meta property=\"og:locale\" content=\"fr_FR\" \/>\n<meta property=\"og:type\" content=\"article\" \/>\n<meta property=\"og:title\" content=\"Porte de douche Saloon en diff\u00e9rentes dimensions Verre clair de 6 mm avec anti-calcaire double vantail int\u00e9rieur-ext\u00e9rieur PR049\" \/>\n<meta property=\"og:description\" content=\"Porte de douche encastr\u00e9e, avec 2 portes qui s&#039;ouvrent vers l&#039;int\u00e9rieur et vers l&#039;ext\u00e9rieur. Cristal avec traitement anti-calcaire inclus. Hauteur 195 cm\" \/>\n<meta property=\"og:url\" content=\"https:\/\/www.bagnoitalia.com\/fr\/produit\/saloon-shower-door-in-various-sizes-6-mm-clear-glass-with-anti-limescale-double-leaf-inside-outside-pr049-2.html\" \/>\n<meta property=\"og:site_name\" content=\"Bagno Italia\" \/>\n<meta property=\"article:modified_time\" content=\"2024-06-05T13:28:27+00:00\" \/>\n<meta property=\"og:image\" content=\"https:\/\/img.bagnoitalia.com\/wp-content\/uploads\/virtuemart\/product\/shower-holder-saloon-anticalcare-transparent-1.jpg\" \/>\n\t<meta property=\"og:image:width\" content=\"550\" \/>\n\t<meta property=\"og:image:height\" content=\"550\" \/>\n\t<meta property=\"og:image:type\" content=\"image\/jpeg\" \/>\n<meta name=\"twitter:card\" content=\"summary_large_image\" \/>\n<meta name=\"twitter:label1\" content=\"Dur\u00e9e de lecture estim\u00e9e\" \/>\n\t<meta name=\"twitter:data1\" content=\"1 minute\" \/>\n<script type=\"application\/ld+json\" class=\"yoast-schema-graph\">{\"@context\":\"https:\/\/schema.org\",\"@graph\":[{\"@type\":\"WebPage\",\"@id\":\"https:\/\/www.bagnoitalia.com\/fr\/produit\/saloon-shower-door-in-various-sizes-6-mm-clear-glass-with-anti-limescale-double-leaf-inside-outside-pr049-2.html\",\"url\":\"https:\/\/www.bagnoitalia.com\/fr\/produit\/saloon-shower-door-in-various-sizes-6-mm-clear-glass-with-anti-limescale-double-leaf-inside-outside-pr049-2.html\",\"name\":\"Porte de douche Saloon en diff\u00e9rentes dimensions Verre clair de 6 mm avec anti-calcaire double vantail int\u00e9rieur-ext\u00e9rieur PR049\",\"isPartOf\":{\"@id\":\"https:\/\/www.bagnoitalia.com\/fr#website\"},\"primaryImageOfPage\":{\"@id\":\"https:\/\/www.bagnoitalia.com\/fr\/produit\/saloon-shower-door-in-various-sizes-6-mm-clear-glass-with-anti-limescale-double-leaf-inside-outside-pr049-2.html#primaryimage\"},\"image\":{\"@id\":\"https:\/\/www.bagnoitalia.com\/fr\/produit\/saloon-shower-door-in-various-sizes-6-mm-clear-glass-with-anti-limescale-double-leaf-inside-outside-pr049-2.html#primaryimage\"},\"thumbnailUrl\":\"https:\/\/img.bagnoitalia.com\/wp-content\/uploads\/virtuemart\/product\/shower-holder-saloon-anticalcare-transparent-1.jpg\",\"datePublished\":\"2023-09-26T11:49:08+00:00\",\"dateModified\":\"2024-06-05T13:28:27+00:00\",\"description\":\"Porte de douche encastr\u00e9e, avec 2 portes qui s'ouvrent vers l'int\u00e9rieur et vers l'ext\u00e9rieur. Cristal avec traitement anti-calcaire inclus. Hauteur 195 cm\",\"breadcrumb\":{\"@id\":\"https:\/\/www.bagnoitalia.com\/fr\/produit\/saloon-shower-door-in-various-sizes-6-mm-clear-glass-with-anti-limescale-double-leaf-inside-outside-pr049-2.html#breadcrumb\"},\"inLanguage\":\"fr-FR\",\"potentialAction\":[{\"@type\":\"ReadAction\",\"target\":[\"https:\/\/www.bagnoitalia.com\/fr\/produit\/saloon-shower-door-in-various-sizes-6-mm-clear-glass-with-anti-limescale-double-leaf-inside-outside-pr049-2.html\"]}]},{\"@type\":\"ImageObject\",\"inLanguage\":\"fr-FR\",\"@id\":\"https:\/\/www.bagnoitalia.com\/fr\/produit\/saloon-shower-door-in-various-sizes-6-mm-clear-glass-with-anti-limescale-double-leaf-inside-outside-pr049-2.html#primaryimage\",\"url\":\"https:\/\/img.bagnoitalia.com\/wp-content\/uploads\/virtuemart\/product\/shower-holder-saloon-anticalcare-transparent-1.jpg\",\"contentUrl\":\"https:\/\/img.bagnoitalia.com\/wp-content\/uploads\/virtuemart\/product\/shower-holder-saloon-anticalcare-transparent-1.jpg\",\"width\":550,\"height\":550},{\"@type\":\"BreadcrumbList\",\"@id\":\"https:\/\/www.bagnoitalia.com\/fr\/produit\/saloon-shower-door-in-various-sizes-6-mm-clear-glass-with-anti-limescale-double-leaf-inside-outside-pr049-2.html#breadcrumb\",\"itemListElement\":[{\"@type\":\"ListItem\",\"position\":1,\"name\":\"Home\",\"item\":\"https:\/\/www.bagnoitalia.com\/fr\"},{\"@type\":\"ListItem\",\"position\":2,\"name\":\"Produits\",\"item\":\"https:\/\/www.bagnoitalia.com\/fr\/shop\"},{\"@type\":\"ListItem\",\"position\":3,\"name\":\"Porte de douche Saloon en diff\u00e9rentes dimensions Verre clair de 6 mm avec anti-calcaire double vantail int\u00e9rieur-ext\u00e9rieur PR049\"}]},{\"@type\":\"WebSite\",\"@id\":\"https:\/\/www.bagnoitalia.com\/fr#website\",\"url\":\"https:\/\/www.bagnoitalia.com\/fr\",\"name\":\"Bagno Italia\",\"description\":\"\",\"publisher\":{\"@id\":\"https:\/\/www.bagnoitalia.com\/fr#organization\"},\"potentialAction\":[{\"@type\":\"SearchAction\",\"target\":{\"@type\":\"EntryPoint\",\"urlTemplate\":\"https:\/\/www.bagnoitalia.com\/fr?s={search_term_string}\"},\"query-input\":{\"@type\":\"PropertyValueSpecification\",\"valueRequired\":true,\"valueName\":\"search_term_string\"}}],\"inLanguage\":\"fr-FR\"},{\"@type\":\"Organization\",\"@id\":\"https:\/\/www.bagnoitalia.com\/fr#organization\",\"name\":\"Bagno Italia\",\"url\":\"https:\/\/www.bagnoitalia.com\/fr\",\"logo\":{\"@type\":\"ImageObject\",\"inLanguage\":\"fr-FR\",\"@id\":\"https:\/\/www.bagnoitalia.com\/fr#\/schema\/logo\/image\/\",\"url\":\"https:\/\/img.bagnoitalia.com\/wp-content\/uploads\/logo-bagnoitalia.webp\",\"contentUrl\":\"https:\/\/img.bagnoitalia.com\/wp-content\/uploads\/logo-bagnoitalia.webp\",\"width\":400,\"height\":70,\"caption\":\"Bagno Italia\"},\"image\":{\"@id\":\"https:\/\/www.bagnoitalia.com\/fr#\/schema\/logo\/image\/\"}}]}<\/script>\n<!-- \/ Yoast SEO plugin. -->","yoast_head_json":{"title":"Porte de douche Saloon en diff\u00e9rentes dimensions Verre clair de 6 mm avec anti-calcaire double vantail int\u00e9rieur-ext\u00e9rieur PR049","description":"Porte de douche encastr\u00e9e, avec 2 portes qui s'ouvrent vers l'int\u00e9rieur et vers l'ext\u00e9rieur. Cristal avec traitement anti-calcaire inclus. Hauteur 195 cm","robots":{"index":"index","follow":"follow","max-snippet":"max-snippet:-1","max-image-preview":"max-image-preview:large","max-video-preview":"max-video-preview:-1"},"canonical":"https:\/\/www.bagnoitalia.com\/fr\/produit\/saloon-shower-door-in-various-sizes-6-mm-clear-glass-with-anti-limescale-double-leaf-inside-outside-pr049-2.html","og_locale":"fr_FR","og_type":"article","og_title":"Porte de douche Saloon en diff\u00e9rentes dimensions Verre clair de 6 mm avec anti-calcaire double vantail int\u00e9rieur-ext\u00e9rieur PR049","og_description":"Porte de douche encastr\u00e9e, avec 2 portes qui s'ouvrent vers l'int\u00e9rieur et vers l'ext\u00e9rieur. Cristal avec traitement anti-calcaire inclus. Hauteur 195 cm","og_url":"https:\/\/www.bagnoitalia.com\/fr\/produit\/saloon-shower-door-in-various-sizes-6-mm-clear-glass-with-anti-limescale-double-leaf-inside-outside-pr049-2.html","og_site_name":"Bagno Italia","article_modified_time":"2024-06-05T13:28:27+00:00","og_image":[{"width":550,"height":550,"url":"https:\/\/img.bagnoitalia.com\/wp-content\/uploads\/virtuemart\/product\/shower-holder-saloon-anticalcare-transparent-1.jpg","type":"image\/jpeg"}],"twitter_card":"summary_large_image","twitter_misc":{"Dur\u00e9e de lecture estim\u00e9e":"1 minute"},"schema":{"@context":"https:\/\/schema.org","@graph":[{"@type":"WebPage","@id":"https:\/\/www.bagnoitalia.com\/fr\/produit\/saloon-shower-door-in-various-sizes-6-mm-clear-glass-with-anti-limescale-double-leaf-inside-outside-pr049-2.html","url":"https:\/\/www.bagnoitalia.com\/fr\/produit\/saloon-shower-door-in-various-sizes-6-mm-clear-glass-with-anti-limescale-double-leaf-inside-outside-pr049-2.html","name":"Porte de douche Saloon en diff\u00e9rentes dimensions Verre clair de 6 mm avec anti-calcaire double vantail int\u00e9rieur-ext\u00e9rieur PR049","isPartOf":{"@id":"https:\/\/www.bagnoitalia.com\/fr#website"},"primaryImageOfPage":{"@id":"https:\/\/www.bagnoitalia.com\/fr\/produit\/saloon-shower-door-in-various-sizes-6-mm-clear-glass-with-anti-limescale-double-leaf-inside-outside-pr049-2.html#primaryimage"},"image":{"@id":"https:\/\/www.bagnoitalia.com\/fr\/produit\/saloon-shower-door-in-various-sizes-6-mm-clear-glass-with-anti-limescale-double-leaf-inside-outside-pr049-2.html#primaryimage"},"thumbnailUrl":"https:\/\/img.bagnoitalia.com\/wp-content\/uploads\/virtuemart\/product\/shower-holder-saloon-anticalcare-transparent-1.jpg","datePublished":"2023-09-26T11:49:08+00:00","dateModified":"2024-06-05T13:28:27+00:00","description":"Porte de douche encastr\u00e9e, avec 2 portes qui s'ouvrent vers l'int\u00e9rieur et vers l'ext\u00e9rieur. Cristal avec traitement anti-calcaire inclus. Hauteur 195 cm","breadcrumb":{"@id":"https:\/\/www.bagnoitalia.com\/fr\/produit\/saloon-shower-door-in-various-sizes-6-mm-clear-glass-with-anti-limescale-double-leaf-inside-outside-pr049-2.html#breadcrumb"},"inLanguage":"fr-FR","potentialAction":[{"@type":"ReadAction","target":["https:\/\/www.bagnoitalia.com\/fr\/produit\/saloon-shower-door-in-various-sizes-6-mm-clear-glass-with-anti-limescale-double-leaf-inside-outside-pr049-2.html"]}]},{"@type":"ImageObject","inLanguage":"fr-FR","@id":"https:\/\/www.bagnoitalia.com\/fr\/produit\/saloon-shower-door-in-various-sizes-6-mm-clear-glass-with-anti-limescale-double-leaf-inside-outside-pr049-2.html#primaryimage","url":"https:\/\/img.bagnoitalia.com\/wp-content\/uploads\/virtuemart\/product\/shower-holder-saloon-anticalcare-transparent-1.jpg","contentUrl":"https:\/\/img.bagnoitalia.com\/wp-content\/uploads\/virtuemart\/product\/shower-holder-saloon-anticalcare-transparent-1.jpg","width":550,"height":550},{"@type":"BreadcrumbList","@id":"https:\/\/www.bagnoitalia.com\/fr\/produit\/saloon-shower-door-in-various-sizes-6-mm-clear-glass-with-anti-limescale-double-leaf-inside-outside-pr049-2.html#breadcrumb","itemListElement":[{"@type":"ListItem","position":1,"name":"Home","item":"https:\/\/www.bagnoitalia.com\/fr"},{"@type":"ListItem","position":2,"name":"Produits","item":"https:\/\/www.bagnoitalia.com\/fr\/shop"},{"@type":"ListItem","position":3,"name":"Porte de douche Saloon en diff\u00e9rentes dimensions Verre clair de 6 mm avec anti-calcaire double vantail int\u00e9rieur-ext\u00e9rieur PR049"}]},{"@type":"WebSite","@id":"https:\/\/www.bagnoitalia.com\/fr#website","url":"https:\/\/www.bagnoitalia.com\/fr","name":"Bagno Italia","description":"","publisher":{"@id":"https:\/\/www.bagnoitalia.com\/fr#organization"},"potentialAction":[{"@type":"SearchAction","target":{"@type":"EntryPoint","urlTemplate":"https:\/\/www.bagnoitalia.com\/fr?s={search_term_string}"},"query-input":{"@type":"PropertyValueSpecification","valueRequired":true,"valueName":"search_term_string"}}],"inLanguage":"fr-FR"},{"@type":"Organization","@id":"https:\/\/www.bagnoitalia.com\/fr#organization","name":"Bagno Italia","url":"https:\/\/www.bagnoitalia.com\/fr","logo":{"@type":"ImageObject","inLanguage":"fr-FR","@id":"https:\/\/www.bagnoitalia.com\/fr#\/schema\/logo\/image\/","url":"https:\/\/img.bagnoitalia.com\/wp-content\/uploads\/logo-bagnoitalia.webp","contentUrl":"https:\/\/img.bagnoitalia.com\/wp-content\/uploads\/logo-bagnoitalia.webp","width":400,"height":70,"caption":"Bagno Italia"},"image":{"@id":"https:\/\/www.bagnoitalia.com\/fr#\/schema\/logo\/image\/"}}]}},"_links":{"self":[{"href":"https:\/\/www.bagnoitalia.com\/fr\/wp-json\/wp\/v2\/product\/83557","targetHints":{"allow":["GET"]}}],"collection":[{"href":"https:\/\/www.bagnoitalia.com\/fr\/wp-json\/wp\/v2\/product"}],"about":[{"href":"https:\/\/www.bagnoitalia.com\/fr\/wp-json\/wp\/v2\/types\/product"}],"replies":[{"embeddable":true,"href":"https:\/\/www.bagnoitalia.com\/fr\/wp-json\/wp\/v2\/comments?post=83557"}],"version-history":[{"count":1,"href":"https:\/\/www.bagnoitalia.com\/fr\/wp-json\/wp\/v2\/product\/83557\/revisions"}],"predecessor-version":[{"id":89429,"href":"https:\/\/www.bagnoitalia.com\/fr\/wp-json\/wp\/v2\/product\/83557\/revisions\/89429"}],"wp:featuredmedia":[{"embeddable":true,"href":"https:\/\/www.bagnoitalia.com\/fr\/wp-json\/wp\/v2\/media\/66101"}],"wp:attachment":[{"href":"https:\/\/www.bagnoitalia.com\/fr\/wp-json\/wp\/v2\/media?parent=83557"}],"wp:term":[{"taxonomy":"product_brand","embeddable":true,"href":"https:\/\/www.bagnoitalia.com\/fr\/wp-json\/wp\/v2\/product_brand?post=83557"},{"taxonomy":"product_cat","embeddable":true,"href":"https:\/\/www.bagnoitalia.com\/fr\/wp-json\/wp\/v2\/product_cat?post=83557"},{"taxonomy":"product_tag","embeddable":true,"href":"https:\/\/www.bagnoitalia.com\/fr\/wp-json\/wp\/v2\/product_tag?post=83557"}],"curies":[{"name":"wp","href":"https:\/\/api.w.org\/{rel}","templated":true}]}}