{"id":83477,"date":"2023-09-19T12:21:32","date_gmt":"2023-09-19T10:21:32","guid":{"rendered":"https:\/\/www.bagnoitalia.com\/product\/sliding-shower-door-with-black-profiles-6-mm-smoked-or-clear-glass-pr042-2"},"modified":"2023-09-19T12:21:32","modified_gmt":"2023-09-19T10:21:32","slug":"sliding-shower-door-with-black-profiles-6-mm-smoked-or-clear-glass-pr042-2","status":"publish","type":"product","link":"https:\/\/www.bagnoitalia.com\/fr\/produit\/sliding-shower-door-with-black-profiles-6-mm-smoked-or-clear-glass-pr042-2.html","title":{"rendered":"Porte de douche coulissante avec profil\u00e9s noirs 6 mm verre fum\u00e9 ou transparent PR042"},"content":{"rendered":"<p style=\"text-align: center;\"><span style=\"text-decoration: underline; color: #ff0000; font-size: 18pt;\"><strong>porte de douche coulissante fum\u00e9e ou transparente avec profil\u00e9s noirs PR042<\/strong><\/span><\/p>\n<p>&nbsp;<\/p>\n<p>Caract\u00e9ristiques :<\/p>\n<p>Porte de douche disponible \u00e0 partir de :<\/p>\n<p>100 cm<br \/>120 cm<br \/>140 cm<br \/>150 cm<br \/>160 cm<br \/>Adaptabilit\u00e9 : jusqu&rsquo;\u00e0 4 cm de moins<\/p>\n<p>Hauteur totale : 190 cm<\/p>\n<p>Type d&rsquo;ouverture : coulissante<\/p>\n<p>Profil\u00e9s : aluminium<\/p>\n<p>Finition : noir<\/p>\n<p>R\u00e9versible<\/p>\n<p>Verre de 6 mm au choix : transparent ou fum\u00e9 (s\u00e9lectionner le type souhait\u00e9 dans le menu d\u00e9roulant)<\/p>\n<p><img fetchpriority=\"high\" decoding=\"async\" class=\" size-full wp-image-65553\" src=\"https:\/\/img.bagnoitalia.com\/wp-content\/uploads\/box-doccia-angolare-profili-neri-vetro-trasparente-dett-1.jpg\" alt=\"\" width=\"421\" height=\"377\" srcset=\"https:\/\/img.bagnoitalia.com\/wp-content\/uploads\/box-doccia-angolare-profili-neri-vetro-trasparente-dett-1.jpg 421w, https:\/\/img.bagnoitalia.com\/wp-content\/uploads\/box-doccia-angolare-profili-neri-vetro-trasparente-dett-1-150x134.jpg 150w\" sizes=\"(max-width: 421px) 100vw, 421px\" \/><\/p>\n<p><img decoding=\"async\" class=\" size-full wp-image-65557\" src=\"https:\/\/img.bagnoitalia.com\/wp-content\/uploads\/box-doccia-angolare-profili-neri-vetro-fume-dettagli-2.jpg\" alt=\"\" width=\"383\" height=\"370\" srcset=\"https:\/\/img.bagnoitalia.com\/wp-content\/uploads\/box-doccia-angolare-profili-neri-vetro-fume-dettagli-2.jpg 383w, https:\/\/img.bagnoitalia.com\/wp-content\/uploads\/box-doccia-angolare-profili-neri-vetro-fume-dettagli-2-150x145.jpg 150w\" sizes=\"(max-width: 383px) 100vw, 383px\" \/><\/p>\n","protected":false},"excerpt":{"rendered":"<p>Porte de douche coulissante avec cadre noir. Disponible en plusieurs dimensions. R\u00e9versible. Hauteur 190 cm.<\/p>\n","protected":false},"featured_media":65565,"comment_status":"open","ping_status":"closed","template":"","meta":[],"product_brand":[],"product_cat":[9823],"product_tag":[],"class_list":{"0":"post-83477","1":"product","2":"type-product","3":"status-publish","4":"has-post-thumbnail","6":"product_cat-portes-de-douche-coulissante","8":"first","9":"instock","10":"sale","11":"taxable","12":"shipping-taxable","13":"purchasable","14":"product-type-simple"},"exclude_global_add_ons":false,"addons":[{"name":"CAMPI_DIMENSIONI\r\n","type":"select","position":0,"required":true,"title_format":"label","default":"","description_enable":false,"description":"","placeholder_enable":false,"placeholder":"","display":"select","restrictions_type":"any_text","adjust_price":false,"price":"","price_type":"","restrictions":false,"min":"0","max":"0","options":[]},{"name":"CAMPI_TIPOLOGIA\r\n","type":"select","position":0,"required":true,"title_format":"label","default":"","description_enable":false,"description":"","placeholder_enable":false,"placeholder":"","display":"select","restrictions_type":"any_text","adjust_price":false,"price":"","price_type":"","restrictions":false,"min":"0","max":"0","options":[]}],"yoast_head":"<!-- This site is optimized with the Yoast SEO plugin v26.7 - https:\/\/yoast.com\/wordpress\/plugins\/seo\/ -->\n<title>Porte de douche coulissante avec profil\u00e9s noirs 6 mm verre fum\u00e9 ou transparent PR042<\/title>\n<meta name=\"description\" content=\"Porte de douche coulissante avec cadre noir. Disponible en plusieurs dimensions. R\u00e9versible. Hauteur 190 cm.\" \/>\n<meta name=\"robots\" content=\"index, follow, max-snippet:-1, max-image-preview:large, max-video-preview:-1\" \/>\n<link rel=\"canonical\" href=\"https:\/\/www.bagnoitalia.com\/fr\/produit\/sliding-shower-door-with-black-profiles-6-mm-smoked-or-clear-glass-pr042-2.html\" \/>\n<meta property=\"og:locale\" content=\"fr_FR\" \/>\n<meta property=\"og:type\" content=\"article\" \/>\n<meta property=\"og:title\" content=\"Porte de douche coulissante avec profil\u00e9s noirs 6 mm verre fum\u00e9 ou transparent PR042\" \/>\n<meta property=\"og:description\" content=\"Porte de douche coulissante avec cadre noir. Disponible en plusieurs dimensions. R\u00e9versible. Hauteur 190 cm.\" \/>\n<meta property=\"og:url\" content=\"https:\/\/www.bagnoitalia.com\/fr\/produit\/sliding-shower-door-with-black-profiles-6-mm-smoked-or-clear-glass-pr042-2.html\" \/>\n<meta property=\"og:site_name\" content=\"Bagno Italia\" \/>\n<meta property=\"og:image\" content=\"https:\/\/img.bagnoitalia.com\/wp-content\/uploads\/virtuemart\/product\/shower-holder-profiles-black-glass-transparent-or-smoked-1.jpg\" \/>\n\t<meta property=\"og:image:width\" content=\"550\" \/>\n\t<meta property=\"og:image:height\" content=\"550\" \/>\n\t<meta property=\"og:image:type\" content=\"image\/jpeg\" \/>\n<meta name=\"twitter:card\" content=\"summary_large_image\" \/>\n<script type=\"application\/ld+json\" class=\"yoast-schema-graph\">{\"@context\":\"https:\/\/schema.org\",\"@graph\":[{\"@type\":\"WebPage\",\"@id\":\"https:\/\/www.bagnoitalia.com\/fr\/produit\/sliding-shower-door-with-black-profiles-6-mm-smoked-or-clear-glass-pr042-2.html\",\"url\":\"https:\/\/www.bagnoitalia.com\/fr\/produit\/sliding-shower-door-with-black-profiles-6-mm-smoked-or-clear-glass-pr042-2.html\",\"name\":\"Porte de douche coulissante avec profil\u00e9s noirs 6 mm verre fum\u00e9 ou transparent PR042\",\"isPartOf\":{\"@id\":\"https:\/\/www.bagnoitalia.com\/fr#website\"},\"primaryImageOfPage\":{\"@id\":\"https:\/\/www.bagnoitalia.com\/fr\/produit\/sliding-shower-door-with-black-profiles-6-mm-smoked-or-clear-glass-pr042-2.html#primaryimage\"},\"image\":{\"@id\":\"https:\/\/www.bagnoitalia.com\/fr\/produit\/sliding-shower-door-with-black-profiles-6-mm-smoked-or-clear-glass-pr042-2.html#primaryimage\"},\"thumbnailUrl\":\"https:\/\/img.bagnoitalia.com\/wp-content\/uploads\/virtuemart\/product\/shower-holder-profiles-black-glass-transparent-or-smoked-1.jpg\",\"datePublished\":\"2023-09-19T10:21:32+00:00\",\"description\":\"Porte de douche coulissante avec cadre noir. Disponible en plusieurs dimensions. R\u00e9versible. Hauteur 190 cm.\",\"breadcrumb\":{\"@id\":\"https:\/\/www.bagnoitalia.com\/fr\/produit\/sliding-shower-door-with-black-profiles-6-mm-smoked-or-clear-glass-pr042-2.html#breadcrumb\"},\"inLanguage\":\"fr-FR\",\"potentialAction\":[{\"@type\":\"ReadAction\",\"target\":[\"https:\/\/www.bagnoitalia.com\/fr\/produit\/sliding-shower-door-with-black-profiles-6-mm-smoked-or-clear-glass-pr042-2.html\"]}]},{\"@type\":\"ImageObject\",\"inLanguage\":\"fr-FR\",\"@id\":\"https:\/\/www.bagnoitalia.com\/fr\/produit\/sliding-shower-door-with-black-profiles-6-mm-smoked-or-clear-glass-pr042-2.html#primaryimage\",\"url\":\"https:\/\/img.bagnoitalia.com\/wp-content\/uploads\/virtuemart\/product\/shower-holder-profiles-black-glass-transparent-or-smoked-1.jpg\",\"contentUrl\":\"https:\/\/img.bagnoitalia.com\/wp-content\/uploads\/virtuemart\/product\/shower-holder-profiles-black-glass-transparent-or-smoked-1.jpg\",\"width\":550,\"height\":550},{\"@type\":\"BreadcrumbList\",\"@id\":\"https:\/\/www.bagnoitalia.com\/fr\/produit\/sliding-shower-door-with-black-profiles-6-mm-smoked-or-clear-glass-pr042-2.html#breadcrumb\",\"itemListElement\":[{\"@type\":\"ListItem\",\"position\":1,\"name\":\"Home\",\"item\":\"https:\/\/www.bagnoitalia.com\/fr\"},{\"@type\":\"ListItem\",\"position\":2,\"name\":\"Produits\",\"item\":\"https:\/\/www.bagnoitalia.com\/fr\/shop\"},{\"@type\":\"ListItem\",\"position\":3,\"name\":\"Porte de douche coulissante avec profil\u00e9s noirs 6 mm verre fum\u00e9 ou transparent PR042\"}]},{\"@type\":\"WebSite\",\"@id\":\"https:\/\/www.bagnoitalia.com\/fr#website\",\"url\":\"https:\/\/www.bagnoitalia.com\/fr\",\"name\":\"Bagno Italia\",\"description\":\"\",\"publisher\":{\"@id\":\"https:\/\/www.bagnoitalia.com\/fr#organization\"},\"potentialAction\":[{\"@type\":\"SearchAction\",\"target\":{\"@type\":\"EntryPoint\",\"urlTemplate\":\"https:\/\/www.bagnoitalia.com\/fr?s={search_term_string}\"},\"query-input\":{\"@type\":\"PropertyValueSpecification\",\"valueRequired\":true,\"valueName\":\"search_term_string\"}}],\"inLanguage\":\"fr-FR\"},{\"@type\":\"Organization\",\"@id\":\"https:\/\/www.bagnoitalia.com\/fr#organization\",\"name\":\"Bagno Italia\",\"url\":\"https:\/\/www.bagnoitalia.com\/fr\",\"logo\":{\"@type\":\"ImageObject\",\"inLanguage\":\"fr-FR\",\"@id\":\"https:\/\/www.bagnoitalia.com\/fr#\/schema\/logo\/image\/\",\"url\":\"https:\/\/img.bagnoitalia.com\/wp-content\/uploads\/logo-bagnoitalia.webp\",\"contentUrl\":\"https:\/\/img.bagnoitalia.com\/wp-content\/uploads\/logo-bagnoitalia.webp\",\"width\":400,\"height\":70,\"caption\":\"Bagno Italia\"},\"image\":{\"@id\":\"https:\/\/www.bagnoitalia.com\/fr#\/schema\/logo\/image\/\"}}]}<\/script>\n<!-- \/ Yoast SEO plugin. -->","yoast_head_json":{"title":"Porte de douche coulissante avec profil\u00e9s noirs 6 mm verre fum\u00e9 ou transparent PR042","description":"Porte de douche coulissante avec cadre noir. Disponible en plusieurs dimensions. R\u00e9versible. Hauteur 190 cm.","robots":{"index":"index","follow":"follow","max-snippet":"max-snippet:-1","max-image-preview":"max-image-preview:large","max-video-preview":"max-video-preview:-1"},"canonical":"https:\/\/www.bagnoitalia.com\/fr\/produit\/sliding-shower-door-with-black-profiles-6-mm-smoked-or-clear-glass-pr042-2.html","og_locale":"fr_FR","og_type":"article","og_title":"Porte de douche coulissante avec profil\u00e9s noirs 6 mm verre fum\u00e9 ou transparent PR042","og_description":"Porte de douche coulissante avec cadre noir. Disponible en plusieurs dimensions. R\u00e9versible. Hauteur 190 cm.","og_url":"https:\/\/www.bagnoitalia.com\/fr\/produit\/sliding-shower-door-with-black-profiles-6-mm-smoked-or-clear-glass-pr042-2.html","og_site_name":"Bagno Italia","og_image":[{"width":550,"height":550,"url":"https:\/\/img.bagnoitalia.com\/wp-content\/uploads\/virtuemart\/product\/shower-holder-profiles-black-glass-transparent-or-smoked-1.jpg","type":"image\/jpeg"}],"twitter_card":"summary_large_image","schema":{"@context":"https:\/\/schema.org","@graph":[{"@type":"WebPage","@id":"https:\/\/www.bagnoitalia.com\/fr\/produit\/sliding-shower-door-with-black-profiles-6-mm-smoked-or-clear-glass-pr042-2.html","url":"https:\/\/www.bagnoitalia.com\/fr\/produit\/sliding-shower-door-with-black-profiles-6-mm-smoked-or-clear-glass-pr042-2.html","name":"Porte de douche coulissante avec profil\u00e9s noirs 6 mm verre fum\u00e9 ou transparent PR042","isPartOf":{"@id":"https:\/\/www.bagnoitalia.com\/fr#website"},"primaryImageOfPage":{"@id":"https:\/\/www.bagnoitalia.com\/fr\/produit\/sliding-shower-door-with-black-profiles-6-mm-smoked-or-clear-glass-pr042-2.html#primaryimage"},"image":{"@id":"https:\/\/www.bagnoitalia.com\/fr\/produit\/sliding-shower-door-with-black-profiles-6-mm-smoked-or-clear-glass-pr042-2.html#primaryimage"},"thumbnailUrl":"https:\/\/img.bagnoitalia.com\/wp-content\/uploads\/virtuemart\/product\/shower-holder-profiles-black-glass-transparent-or-smoked-1.jpg","datePublished":"2023-09-19T10:21:32+00:00","description":"Porte de douche coulissante avec cadre noir. Disponible en plusieurs dimensions. R\u00e9versible. Hauteur 190 cm.","breadcrumb":{"@id":"https:\/\/www.bagnoitalia.com\/fr\/produit\/sliding-shower-door-with-black-profiles-6-mm-smoked-or-clear-glass-pr042-2.html#breadcrumb"},"inLanguage":"fr-FR","potentialAction":[{"@type":"ReadAction","target":["https:\/\/www.bagnoitalia.com\/fr\/produit\/sliding-shower-door-with-black-profiles-6-mm-smoked-or-clear-glass-pr042-2.html"]}]},{"@type":"ImageObject","inLanguage":"fr-FR","@id":"https:\/\/www.bagnoitalia.com\/fr\/produit\/sliding-shower-door-with-black-profiles-6-mm-smoked-or-clear-glass-pr042-2.html#primaryimage","url":"https:\/\/img.bagnoitalia.com\/wp-content\/uploads\/virtuemart\/product\/shower-holder-profiles-black-glass-transparent-or-smoked-1.jpg","contentUrl":"https:\/\/img.bagnoitalia.com\/wp-content\/uploads\/virtuemart\/product\/shower-holder-profiles-black-glass-transparent-or-smoked-1.jpg","width":550,"height":550},{"@type":"BreadcrumbList","@id":"https:\/\/www.bagnoitalia.com\/fr\/produit\/sliding-shower-door-with-black-profiles-6-mm-smoked-or-clear-glass-pr042-2.html#breadcrumb","itemListElement":[{"@type":"ListItem","position":1,"name":"Home","item":"https:\/\/www.bagnoitalia.com\/fr"},{"@type":"ListItem","position":2,"name":"Produits","item":"https:\/\/www.bagnoitalia.com\/fr\/shop"},{"@type":"ListItem","position":3,"name":"Porte de douche coulissante avec profil\u00e9s noirs 6 mm verre fum\u00e9 ou transparent PR042"}]},{"@type":"WebSite","@id":"https:\/\/www.bagnoitalia.com\/fr#website","url":"https:\/\/www.bagnoitalia.com\/fr","name":"Bagno Italia","description":"","publisher":{"@id":"https:\/\/www.bagnoitalia.com\/fr#organization"},"potentialAction":[{"@type":"SearchAction","target":{"@type":"EntryPoint","urlTemplate":"https:\/\/www.bagnoitalia.com\/fr?s={search_term_string}"},"query-input":{"@type":"PropertyValueSpecification","valueRequired":true,"valueName":"search_term_string"}}],"inLanguage":"fr-FR"},{"@type":"Organization","@id":"https:\/\/www.bagnoitalia.com\/fr#organization","name":"Bagno Italia","url":"https:\/\/www.bagnoitalia.com\/fr","logo":{"@type":"ImageObject","inLanguage":"fr-FR","@id":"https:\/\/www.bagnoitalia.com\/fr#\/schema\/logo\/image\/","url":"https:\/\/img.bagnoitalia.com\/wp-content\/uploads\/logo-bagnoitalia.webp","contentUrl":"https:\/\/img.bagnoitalia.com\/wp-content\/uploads\/logo-bagnoitalia.webp","width":400,"height":70,"caption":"Bagno Italia"},"image":{"@id":"https:\/\/www.bagnoitalia.com\/fr#\/schema\/logo\/image\/"}}]}},"_links":{"self":[{"href":"https:\/\/www.bagnoitalia.com\/fr\/wp-json\/wp\/v2\/product\/83477","targetHints":{"allow":["GET"]}}],"collection":[{"href":"https:\/\/www.bagnoitalia.com\/fr\/wp-json\/wp\/v2\/product"}],"about":[{"href":"https:\/\/www.bagnoitalia.com\/fr\/wp-json\/wp\/v2\/types\/product"}],"replies":[{"embeddable":true,"href":"https:\/\/www.bagnoitalia.com\/fr\/wp-json\/wp\/v2\/comments?post=83477"}],"version-history":[{"count":0,"href":"https:\/\/www.bagnoitalia.com\/fr\/wp-json\/wp\/v2\/product\/83477\/revisions"}],"wp:featuredmedia":[{"embeddable":true,"href":"https:\/\/www.bagnoitalia.com\/fr\/wp-json\/wp\/v2\/media\/65565"}],"wp:attachment":[{"href":"https:\/\/www.bagnoitalia.com\/fr\/wp-json\/wp\/v2\/media?parent=83477"}],"wp:term":[{"taxonomy":"product_brand","embeddable":true,"href":"https:\/\/www.bagnoitalia.com\/fr\/wp-json\/wp\/v2\/product_brand?post=83477"},{"taxonomy":"product_cat","embeddable":true,"href":"https:\/\/www.bagnoitalia.com\/fr\/wp-json\/wp\/v2\/product_cat?post=83477"},{"taxonomy":"product_tag","embeddable":true,"href":"https:\/\/www.bagnoitalia.com\/fr\/wp-json\/wp\/v2\/product_tag?post=83477"}],"curies":[{"name":"wp","href":"https:\/\/api.w.org\/{rel}","templated":true}]}}