{"id":83469,"date":"2023-09-15T14:37:13","date_gmt":"2023-09-15T12:37:13","guid":{"rendered":"https:\/\/www.bagnoitalia.com\/product\/whirlpool-tub-with-shower-enclosure-170x85-cm-9-jets-right-or-left-vs137-2"},"modified":"2024-05-21T15:08:56","modified_gmt":"2024-05-21T13:08:56","slug":"whirlpool-tub-with-shower-enclosure-170x85-cm-9-jets-right-or-left-vs137-2","status":"publish","type":"product","link":"https:\/\/www.bagnoitalia.com\/fr\/produit\/whirlpool-tub-with-shower-enclosure-170x85-cm-9-jets-right-or-left-vs137-2.html","title":{"rendered":"Baignoire baln\u00e9o avec cabine de douche 170&#215;85 cm 9 jets \u00e0 droite ou \u00e0 gauche VS137"},"content":{"rendered":"<p style=\"text-align: center;\"><span style=\"text-decoration: underline; color: #ff0000; font-size: 18pt;\"><strong>BAIGNOIRE-DOUCHE COMBIN\u00c9E \u00ab\u00a0VS137\u00a0<\/strong><\/span><\/p>\n<p>&nbsp;<\/p>\n<p>&nbsp;<\/p>\n<p>Baignoire d&rsquo;angle, \u00e0 droite ou \u00e0 gauche (choisir la version dans le menu ci-dessus), compl\u00e8te avec cabine de douche.<\/p>\n<p>ATTENTION les verres arri\u00e8re de la cabine sont BLANCS (comme sur la photo principale)<\/p>\n<p>&nbsp;<\/p>\n<p>DIMENSIONS :<\/p>\n<p>Longueur totale 170 cm<\/p>\n<p>Profondeur minimale 70 cm<\/p>\n<p>Profondeur maximale 85 cm (sur le c\u00f4t\u00e9 arrondi)<\/p>\n<p>Hauteur totale 215 cm<\/p>\n<p>&nbsp;<\/p>\n<p>D\u00c9TAILS DU PRODUIT :<\/p>\n<p>Baignoire baln\u00e9o, avec 9 jets (4 petits et 5 grands)<\/p>\n<p>Coussin appui-t\u00eate<\/p>\n<p>Colonne de douche avec douche lat\u00e9rale et douche de t\u00eate<\/p>\n<p>Si\u00e8ge en fibre de verre renforc\u00e9e<\/p>\n<p>Porte-bouteille<\/p>\n<p>Glace frontale transparente de 6 mm<\/p>\n<p>&nbsp;<\/p>\n<p>&nbsp;<\/p>\n<p>&nbsp;<\/p>\n<p><img fetchpriority=\"high\" decoding=\"async\" class=\" size-full wp-image-40058\" src=\"https:\/\/img.bagnoitalia.com\/wp-content\/uploads\/1-scheda-tecnica-vasche-idromassaggio-vs080-1.jpg\" alt=\"\" width=\"814\" height=\"126\" srcset=\"https:\/\/img.bagnoitalia.com\/wp-content\/uploads\/1-scheda-tecnica-vasche-idromassaggio-vs080-1.jpg 814w, https:\/\/img.bagnoitalia.com\/wp-content\/uploads\/1-scheda-tecnica-vasche-idromassaggio-vs080-1-768x119.jpg 768w, https:\/\/img.bagnoitalia.com\/wp-content\/uploads\/1-scheda-tecnica-vasche-idromassaggio-vs080-1-441x68.jpg 441w, https:\/\/img.bagnoitalia.com\/wp-content\/uploads\/1-scheda-tecnica-vasche-idromassaggio-vs080-1-600x93.jpg 600w, https:\/\/img.bagnoitalia.com\/wp-content\/uploads\/1-scheda-tecnica-vasche-idromassaggio-vs080-1-150x23.jpg 150w\" sizes=\"(max-width: 814px) 100vw, 814px\" \/><\/p>\n","protected":false},"excerpt":{"rendered":"<p>Baignoire-douche combin\u00e9e, hauteur 215 cm. Disponible avec appui \u00e0 droite ou \u00e0 gauche. Compl\u00e8te avec jets d&rsquo;hydromassage, si\u00e8ge, douche de t\u00eate et douchette.<\/p>\n","protected":false},"featured_media":65501,"comment_status":"open","ping_status":"closed","template":"","meta":[],"product_brand":[9888],"product_cat":[9707,9735,9743],"product_tag":[],"class_list":{"0":"post-83469","1":"product","2":"type-product","3":"status-publish","4":"has-post-thumbnail","6":"product_brand-idrom-fr","7":"product_cat-baignoire-balneo","8":"product_cat-cabine-d-39-hydromassage","9":"product_cat-piscines-d-39-hydromassage","11":"first","12":"instock","13":"sale","14":"taxable","15":"shipping-taxable","16":"purchasable","17":"product-type-simple"},"exclude_global_add_ons":false,"addons":[{"name":"Typologie","type":"multiple_choice","position":0,"required":true,"title_format":"heading","default":"","description_enable":false,"description":"","placeholder_enable":false,"placeholder":"","display":"select","restrictions_type":"any_text","adjust_price":false,"price":"","price_type":"flat_fee","restrictions":false,"min":"0","max":"0","options":[{"label":"support sur le c\u00f4t\u00e9 droit","price":"","price_type":"quantity_based","image":0,"visibility":true},{"label":"support sur le c\u00f4t\u00e9 gauche","price":"","price_type":"quantity_based","image":0,"visibility":true}],"id":1716304137}],"yoast_head":"<!-- This site is optimized with the Yoast SEO plugin v26.7 - https:\/\/yoast.com\/wordpress\/plugins\/seo\/ -->\n<title>Baignoire baln\u00e9o avec cabine de douche 170x85 cm 9 jets \u00e0 droite ou \u00e0 gauche VS137<\/title>\n<meta name=\"description\" content=\"Baignoire-douche combin\u00e9e, hauteur 215 cm. Disponible avec appui \u00e0 droite ou \u00e0 gauche. Compl\u00e8te avec jets d&#039;hydromassage, si\u00e8ge, douche de t\u00eate et douchette.\" \/>\n<meta name=\"robots\" content=\"index, follow, max-snippet:-1, max-image-preview:large, max-video-preview:-1\" \/>\n<link rel=\"canonical\" href=\"https:\/\/www.bagnoitalia.com\/fr\/produit\/whirlpool-tub-with-shower-enclosure-170x85-cm-9-jets-right-or-left-vs137-2.html\" \/>\n<meta property=\"og:locale\" content=\"fr_FR\" \/>\n<meta property=\"og:type\" content=\"article\" \/>\n<meta property=\"og:title\" content=\"Baignoire baln\u00e9o avec cabine de douche 170x85 cm 9 jets \u00e0 droite ou \u00e0 gauche VS137\" \/>\n<meta property=\"og:description\" content=\"Baignoire-douche combin\u00e9e, hauteur 215 cm. Disponible avec appui \u00e0 droite ou \u00e0 gauche. Compl\u00e8te avec jets d&#039;hydromassage, si\u00e8ge, douche de t\u00eate et douchette.\" \/>\n<meta property=\"og:url\" content=\"https:\/\/www.bagnoitalia.com\/fr\/produit\/whirlpool-tub-with-shower-enclosure-170x85-cm-9-jets-right-or-left-vs137-2.html\" \/>\n<meta property=\"og:site_name\" content=\"Bagno Italia\" \/>\n<meta property=\"article:modified_time\" content=\"2024-05-21T13:08:56+00:00\" \/>\n<meta property=\"og:image\" content=\"https:\/\/img.bagnoitalia.com\/wp-content\/uploads\/virtuemart\/product\/whirlpool-tub-combination-cabin-shower-170x85-cm-1.jpg\" \/>\n\t<meta property=\"og:image:width\" content=\"550\" \/>\n\t<meta property=\"og:image:height\" content=\"550\" \/>\n\t<meta property=\"og:image:type\" content=\"image\/jpeg\" \/>\n<meta name=\"twitter:card\" content=\"summary_large_image\" \/>\n<meta name=\"twitter:label1\" content=\"Dur\u00e9e de lecture estim\u00e9e\" \/>\n\t<meta name=\"twitter:data1\" content=\"1 minute\" \/>\n<script type=\"application\/ld+json\" class=\"yoast-schema-graph\">{\"@context\":\"https:\/\/schema.org\",\"@graph\":[{\"@type\":\"WebPage\",\"@id\":\"https:\/\/www.bagnoitalia.com\/fr\/produit\/whirlpool-tub-with-shower-enclosure-170x85-cm-9-jets-right-or-left-vs137-2.html\",\"url\":\"https:\/\/www.bagnoitalia.com\/fr\/produit\/whirlpool-tub-with-shower-enclosure-170x85-cm-9-jets-right-or-left-vs137-2.html\",\"name\":\"Baignoire baln\u00e9o avec cabine de douche 170x85 cm 9 jets \u00e0 droite ou \u00e0 gauche VS137\",\"isPartOf\":{\"@id\":\"https:\/\/www.bagnoitalia.com\/fr#website\"},\"primaryImageOfPage\":{\"@id\":\"https:\/\/www.bagnoitalia.com\/fr\/produit\/whirlpool-tub-with-shower-enclosure-170x85-cm-9-jets-right-or-left-vs137-2.html#primaryimage\"},\"image\":{\"@id\":\"https:\/\/www.bagnoitalia.com\/fr\/produit\/whirlpool-tub-with-shower-enclosure-170x85-cm-9-jets-right-or-left-vs137-2.html#primaryimage\"},\"thumbnailUrl\":\"https:\/\/img.bagnoitalia.com\/wp-content\/uploads\/virtuemart\/product\/whirlpool-tub-combination-cabin-shower-170x85-cm-1.jpg\",\"datePublished\":\"2023-09-15T12:37:13+00:00\",\"dateModified\":\"2024-05-21T13:08:56+00:00\",\"description\":\"Baignoire-douche combin\u00e9e, hauteur 215 cm. Disponible avec appui \u00e0 droite ou \u00e0 gauche. Compl\u00e8te avec jets d'hydromassage, si\u00e8ge, douche de t\u00eate et douchette.\",\"breadcrumb\":{\"@id\":\"https:\/\/www.bagnoitalia.com\/fr\/produit\/whirlpool-tub-with-shower-enclosure-170x85-cm-9-jets-right-or-left-vs137-2.html#breadcrumb\"},\"inLanguage\":\"fr-FR\",\"potentialAction\":[{\"@type\":\"ReadAction\",\"target\":[\"https:\/\/www.bagnoitalia.com\/fr\/produit\/whirlpool-tub-with-shower-enclosure-170x85-cm-9-jets-right-or-left-vs137-2.html\"]}]},{\"@type\":\"ImageObject\",\"inLanguage\":\"fr-FR\",\"@id\":\"https:\/\/www.bagnoitalia.com\/fr\/produit\/whirlpool-tub-with-shower-enclosure-170x85-cm-9-jets-right-or-left-vs137-2.html#primaryimage\",\"url\":\"https:\/\/img.bagnoitalia.com\/wp-content\/uploads\/virtuemart\/product\/whirlpool-tub-combination-cabin-shower-170x85-cm-1.jpg\",\"contentUrl\":\"https:\/\/img.bagnoitalia.com\/wp-content\/uploads\/virtuemart\/product\/whirlpool-tub-combination-cabin-shower-170x85-cm-1.jpg\",\"width\":550,\"height\":550},{\"@type\":\"BreadcrumbList\",\"@id\":\"https:\/\/www.bagnoitalia.com\/fr\/produit\/whirlpool-tub-with-shower-enclosure-170x85-cm-9-jets-right-or-left-vs137-2.html#breadcrumb\",\"itemListElement\":[{\"@type\":\"ListItem\",\"position\":1,\"name\":\"Home\",\"item\":\"https:\/\/www.bagnoitalia.com\/fr\"},{\"@type\":\"ListItem\",\"position\":2,\"name\":\"Produits\",\"item\":\"https:\/\/www.bagnoitalia.com\/fr\/shop\"},{\"@type\":\"ListItem\",\"position\":3,\"name\":\"Baignoire baln\u00e9o avec cabine de douche 170&#215;85 cm 9 jets \u00e0 droite ou \u00e0 gauche VS137\"}]},{\"@type\":\"WebSite\",\"@id\":\"https:\/\/www.bagnoitalia.com\/fr#website\",\"url\":\"https:\/\/www.bagnoitalia.com\/fr\",\"name\":\"Bagno Italia\",\"description\":\"\",\"publisher\":{\"@id\":\"https:\/\/www.bagnoitalia.com\/fr#organization\"},\"potentialAction\":[{\"@type\":\"SearchAction\",\"target\":{\"@type\":\"EntryPoint\",\"urlTemplate\":\"https:\/\/www.bagnoitalia.com\/fr?s={search_term_string}\"},\"query-input\":{\"@type\":\"PropertyValueSpecification\",\"valueRequired\":true,\"valueName\":\"search_term_string\"}}],\"inLanguage\":\"fr-FR\"},{\"@type\":\"Organization\",\"@id\":\"https:\/\/www.bagnoitalia.com\/fr#organization\",\"name\":\"Bagno Italia\",\"url\":\"https:\/\/www.bagnoitalia.com\/fr\",\"logo\":{\"@type\":\"ImageObject\",\"inLanguage\":\"fr-FR\",\"@id\":\"https:\/\/www.bagnoitalia.com\/fr#\/schema\/logo\/image\/\",\"url\":\"https:\/\/img.bagnoitalia.com\/wp-content\/uploads\/logo-bagnoitalia.webp\",\"contentUrl\":\"https:\/\/img.bagnoitalia.com\/wp-content\/uploads\/logo-bagnoitalia.webp\",\"width\":400,\"height\":70,\"caption\":\"Bagno Italia\"},\"image\":{\"@id\":\"https:\/\/www.bagnoitalia.com\/fr#\/schema\/logo\/image\/\"}}]}<\/script>\n<!-- \/ Yoast SEO plugin. -->","yoast_head_json":{"title":"Baignoire baln\u00e9o avec cabine de douche 170x85 cm 9 jets \u00e0 droite ou \u00e0 gauche VS137","description":"Baignoire-douche combin\u00e9e, hauteur 215 cm. Disponible avec appui \u00e0 droite ou \u00e0 gauche. Compl\u00e8te avec jets d'hydromassage, si\u00e8ge, douche de t\u00eate et douchette.","robots":{"index":"index","follow":"follow","max-snippet":"max-snippet:-1","max-image-preview":"max-image-preview:large","max-video-preview":"max-video-preview:-1"},"canonical":"https:\/\/www.bagnoitalia.com\/fr\/produit\/whirlpool-tub-with-shower-enclosure-170x85-cm-9-jets-right-or-left-vs137-2.html","og_locale":"fr_FR","og_type":"article","og_title":"Baignoire baln\u00e9o avec cabine de douche 170x85 cm 9 jets \u00e0 droite ou \u00e0 gauche VS137","og_description":"Baignoire-douche combin\u00e9e, hauteur 215 cm. Disponible avec appui \u00e0 droite ou \u00e0 gauche. Compl\u00e8te avec jets d'hydromassage, si\u00e8ge, douche de t\u00eate et douchette.","og_url":"https:\/\/www.bagnoitalia.com\/fr\/produit\/whirlpool-tub-with-shower-enclosure-170x85-cm-9-jets-right-or-left-vs137-2.html","og_site_name":"Bagno Italia","article_modified_time":"2024-05-21T13:08:56+00:00","og_image":[{"width":550,"height":550,"url":"https:\/\/img.bagnoitalia.com\/wp-content\/uploads\/virtuemart\/product\/whirlpool-tub-combination-cabin-shower-170x85-cm-1.jpg","type":"image\/jpeg"}],"twitter_card":"summary_large_image","twitter_misc":{"Dur\u00e9e de lecture estim\u00e9e":"1 minute"},"schema":{"@context":"https:\/\/schema.org","@graph":[{"@type":"WebPage","@id":"https:\/\/www.bagnoitalia.com\/fr\/produit\/whirlpool-tub-with-shower-enclosure-170x85-cm-9-jets-right-or-left-vs137-2.html","url":"https:\/\/www.bagnoitalia.com\/fr\/produit\/whirlpool-tub-with-shower-enclosure-170x85-cm-9-jets-right-or-left-vs137-2.html","name":"Baignoire baln\u00e9o avec cabine de douche 170x85 cm 9 jets \u00e0 droite ou \u00e0 gauche VS137","isPartOf":{"@id":"https:\/\/www.bagnoitalia.com\/fr#website"},"primaryImageOfPage":{"@id":"https:\/\/www.bagnoitalia.com\/fr\/produit\/whirlpool-tub-with-shower-enclosure-170x85-cm-9-jets-right-or-left-vs137-2.html#primaryimage"},"image":{"@id":"https:\/\/www.bagnoitalia.com\/fr\/produit\/whirlpool-tub-with-shower-enclosure-170x85-cm-9-jets-right-or-left-vs137-2.html#primaryimage"},"thumbnailUrl":"https:\/\/img.bagnoitalia.com\/wp-content\/uploads\/virtuemart\/product\/whirlpool-tub-combination-cabin-shower-170x85-cm-1.jpg","datePublished":"2023-09-15T12:37:13+00:00","dateModified":"2024-05-21T13:08:56+00:00","description":"Baignoire-douche combin\u00e9e, hauteur 215 cm. Disponible avec appui \u00e0 droite ou \u00e0 gauche. Compl\u00e8te avec jets d'hydromassage, si\u00e8ge, douche de t\u00eate et douchette.","breadcrumb":{"@id":"https:\/\/www.bagnoitalia.com\/fr\/produit\/whirlpool-tub-with-shower-enclosure-170x85-cm-9-jets-right-or-left-vs137-2.html#breadcrumb"},"inLanguage":"fr-FR","potentialAction":[{"@type":"ReadAction","target":["https:\/\/www.bagnoitalia.com\/fr\/produit\/whirlpool-tub-with-shower-enclosure-170x85-cm-9-jets-right-or-left-vs137-2.html"]}]},{"@type":"ImageObject","inLanguage":"fr-FR","@id":"https:\/\/www.bagnoitalia.com\/fr\/produit\/whirlpool-tub-with-shower-enclosure-170x85-cm-9-jets-right-or-left-vs137-2.html#primaryimage","url":"https:\/\/img.bagnoitalia.com\/wp-content\/uploads\/virtuemart\/product\/whirlpool-tub-combination-cabin-shower-170x85-cm-1.jpg","contentUrl":"https:\/\/img.bagnoitalia.com\/wp-content\/uploads\/virtuemart\/product\/whirlpool-tub-combination-cabin-shower-170x85-cm-1.jpg","width":550,"height":550},{"@type":"BreadcrumbList","@id":"https:\/\/www.bagnoitalia.com\/fr\/produit\/whirlpool-tub-with-shower-enclosure-170x85-cm-9-jets-right-or-left-vs137-2.html#breadcrumb","itemListElement":[{"@type":"ListItem","position":1,"name":"Home","item":"https:\/\/www.bagnoitalia.com\/fr"},{"@type":"ListItem","position":2,"name":"Produits","item":"https:\/\/www.bagnoitalia.com\/fr\/shop"},{"@type":"ListItem","position":3,"name":"Baignoire baln\u00e9o avec cabine de douche 170&#215;85 cm 9 jets \u00e0 droite ou \u00e0 gauche VS137"}]},{"@type":"WebSite","@id":"https:\/\/www.bagnoitalia.com\/fr#website","url":"https:\/\/www.bagnoitalia.com\/fr","name":"Bagno Italia","description":"","publisher":{"@id":"https:\/\/www.bagnoitalia.com\/fr#organization"},"potentialAction":[{"@type":"SearchAction","target":{"@type":"EntryPoint","urlTemplate":"https:\/\/www.bagnoitalia.com\/fr?s={search_term_string}"},"query-input":{"@type":"PropertyValueSpecification","valueRequired":true,"valueName":"search_term_string"}}],"inLanguage":"fr-FR"},{"@type":"Organization","@id":"https:\/\/www.bagnoitalia.com\/fr#organization","name":"Bagno Italia","url":"https:\/\/www.bagnoitalia.com\/fr","logo":{"@type":"ImageObject","inLanguage":"fr-FR","@id":"https:\/\/www.bagnoitalia.com\/fr#\/schema\/logo\/image\/","url":"https:\/\/img.bagnoitalia.com\/wp-content\/uploads\/logo-bagnoitalia.webp","contentUrl":"https:\/\/img.bagnoitalia.com\/wp-content\/uploads\/logo-bagnoitalia.webp","width":400,"height":70,"caption":"Bagno Italia"},"image":{"@id":"https:\/\/www.bagnoitalia.com\/fr#\/schema\/logo\/image\/"}}]}},"_links":{"self":[{"href":"https:\/\/www.bagnoitalia.com\/fr\/wp-json\/wp\/v2\/product\/83469","targetHints":{"allow":["GET"]}}],"collection":[{"href":"https:\/\/www.bagnoitalia.com\/fr\/wp-json\/wp\/v2\/product"}],"about":[{"href":"https:\/\/www.bagnoitalia.com\/fr\/wp-json\/wp\/v2\/types\/product"}],"replies":[{"embeddable":true,"href":"https:\/\/www.bagnoitalia.com\/fr\/wp-json\/wp\/v2\/comments?post=83469"}],"version-history":[{"count":1,"href":"https:\/\/www.bagnoitalia.com\/fr\/wp-json\/wp\/v2\/product\/83469\/revisions"}],"predecessor-version":[{"id":87214,"href":"https:\/\/www.bagnoitalia.com\/fr\/wp-json\/wp\/v2\/product\/83469\/revisions\/87214"}],"wp:featuredmedia":[{"embeddable":true,"href":"https:\/\/www.bagnoitalia.com\/fr\/wp-json\/wp\/v2\/media\/65501"}],"wp:attachment":[{"href":"https:\/\/www.bagnoitalia.com\/fr\/wp-json\/wp\/v2\/media?parent=83469"}],"wp:term":[{"taxonomy":"product_brand","embeddable":true,"href":"https:\/\/www.bagnoitalia.com\/fr\/wp-json\/wp\/v2\/product_brand?post=83469"},{"taxonomy":"product_cat","embeddable":true,"href":"https:\/\/www.bagnoitalia.com\/fr\/wp-json\/wp\/v2\/product_cat?post=83469"},{"taxonomy":"product_tag","embeddable":true,"href":"https:\/\/www.bagnoitalia.com\/fr\/wp-json\/wp\/v2\/product_tag?post=83469"}],"curies":[{"name":"wp","href":"https:\/\/api.w.org\/{rel}","templated":true}]}}