{"id":83457,"date":"2023-09-15T13:39:27","date_gmt":"2023-09-15T11:39:27","guid":{"rendered":"https:\/\/www.bagnoitalia.com\/product\/freestanding-bathtub-175x85-cm-with-towel-holder-and-sliding-tray-vs135-2"},"modified":"2024-05-22T10:45:04","modified_gmt":"2024-05-22T08:45:04","slug":"freestanding-bathtub-175x85-cm-with-towel-holder-and-sliding-tray-vs135-2","status":"publish","type":"product","link":"https:\/\/www.bagnoitalia.com\/fr\/produit\/freestanding-bathtub-175x85-cm-with-towel-holder-and-sliding-tray-vs135-2.html","title":{"rendered":"Baignoire autoportante 175&#215;85 cm avec porte-serviettes et plateau coulissant VS135"},"content":{"rendered":"<p style=\"text-align: center;\"><span style=\"text-decoration: underline; color: #ff0000; font-size: 18pt;\"><strong>Baignoire autoportante 175&#215;85 cm VS135<\/strong><\/span><\/p>\n<p>&nbsp;<\/p>\n<p>CARACT\u00c9RISTIQUES DE LA BAIGNOIRE<\/p>\n<p>Baignoire ovale, 175x85xH65 cm<\/p>\n<p>installation autoportante<\/p>\n<p>appui-t\u00eate bleu<\/p>\n<p>plateau coulissant pour objets<\/p>\n<p>cadre en acier inoxydable apparent, convient \u00e9galement pour suspendre les serviettes et le plateau suspendu\/coulissant<\/p>\n<p>D\u00c9TAILS DES MAT\u00c9RIAUX<\/p>\n<p>plateau en FRP (plastique renforc\u00e9 de fibres)<\/p>\n<p>cadre en acier inoxydable bross\u00e9 de 8 mm<\/p>\n<p>&nbsp;<\/p>\n<p>ATTENTION : la robinetterie n&rsquo;est pas comprise dans le prix initial. Il est possible d&rsquo;ajouter un des mitigeurs \u00e0 colonne propos\u00e9s (voir photo) via le menu d\u00e9roulant.<\/p>\n<p>&nbsp;<\/p>\n<p>&nbsp;<\/p>\n<p>&nbsp;<\/p>\n","protected":false},"excerpt":{"rendered":"<p>Baignoire au design moderne, \u00e0 installer au centre de la pi\u00e8ce. Elle est dot\u00e9e d&rsquo;un cadre en acier inoxydable apparent, o\u00f9 vous pouvez suspendre des serviettes et glisser le plateau fourni.<\/p>\n","protected":false},"featured_media":65389,"comment_status":"open","ping_status":"closed","template":"","meta":[],"product_brand":[9888],"product_cat":[9839],"product_tag":[],"class_list":{"0":"post-83457","1":"product","2":"type-product","3":"status-publish","4":"has-post-thumbnail","6":"product_brand-idrom-fr","7":"product_cat-baignoires-a-poser","9":"first","10":"instock","11":"sale","12":"taxable","13":"shipping-taxable","14":"purchasable","15":"product-type-simple"},"exclude_global_add_ons":false,"addons":[{"name":"m\u00e9langeur \u00e0 colonne","type":"multiple_choice","position":0,"required":true,"title_format":"heading","default":"","description_enable":false,"description":"","placeholder_enable":false,"placeholder":"","display":"select","restrictions_type":"any_text","adjust_price":false,"price":"","price_type":"flat_fee","restrictions":false,"min":"0","max":"0","options":[{"label":"NON","price":"","price_type":"quantity_based","image":0,"visibility":true},{"label":"Mod. GL03","price":"279","price_type":"quantity_based","image":0,"visibility":true},{"label":"Mod. GL04 (noir mat)","price":"319","price_type":"quantity_based","image":0,"visibility":true},{"label":"Mod. GL02","price":"279","price_type":"quantity_based","image":0,"visibility":true},{"label":"Mod. GL016","price":"279","price_type":"quantity_based","image":0,"visibility":true}],"id":1716374705}],"yoast_head":"<!-- This site is optimized with the Yoast SEO plugin v26.7 - https:\/\/yoast.com\/wordpress\/plugins\/seo\/ -->\n<title>Baignoire autoportante 175x85 cm avec porte-serviettes et plateau coulissant VS135<\/title>\n<meta name=\"description\" content=\"Baignoire au design moderne, \u00e0 installer au centre de la pi\u00e8ce. Elle est dot\u00e9e d&#039;un cadre en acier inoxydable apparent, o\u00f9 vous pouvez suspendre des serviettes et glisser le plateau fourni.\" \/>\n<meta name=\"robots\" content=\"index, follow, max-snippet:-1, max-image-preview:large, max-video-preview:-1\" \/>\n<link rel=\"canonical\" href=\"https:\/\/www.bagnoitalia.com\/fr\/produit\/freestanding-bathtub-175x85-cm-with-towel-holder-and-sliding-tray-vs135-2.html\" \/>\n<meta property=\"og:locale\" content=\"fr_FR\" \/>\n<meta property=\"og:type\" content=\"article\" \/>\n<meta property=\"og:title\" content=\"Baignoire autoportante 175x85 cm avec porte-serviettes et plateau coulissant VS135\" \/>\n<meta property=\"og:description\" content=\"Baignoire au design moderne, \u00e0 installer au centre de la pi\u00e8ce. Elle est dot\u00e9e d&#039;un cadre en acier inoxydable apparent, o\u00f9 vous pouvez suspendre des serviettes et glisser le plateau fourni.\" \/>\n<meta property=\"og:url\" content=\"https:\/\/www.bagnoitalia.com\/fr\/produit\/freestanding-bathtub-175x85-cm-with-towel-holder-and-sliding-tray-vs135-2.html\" \/>\n<meta property=\"og:site_name\" content=\"Bagno Italia\" \/>\n<meta property=\"article:modified_time\" content=\"2024-05-22T08:45:04+00:00\" \/>\n<meta property=\"og:image\" content=\"https:\/\/img.bagnoitalia.com\/wp-content\/uploads\/virtuemart\/product\/freestanding-bathtub-175x85-cm-modern-design-1.jpg\" \/>\n\t<meta property=\"og:image:width\" content=\"550\" \/>\n\t<meta property=\"og:image:height\" content=\"550\" \/>\n\t<meta property=\"og:image:type\" content=\"image\/jpeg\" \/>\n<meta name=\"twitter:card\" content=\"summary_large_image\" \/>\n<meta name=\"twitter:label1\" content=\"Dur\u00e9e de lecture estim\u00e9e\" \/>\n\t<meta name=\"twitter:data1\" content=\"1 minute\" \/>\n<script type=\"application\/ld+json\" class=\"yoast-schema-graph\">{\"@context\":\"https:\/\/schema.org\",\"@graph\":[{\"@type\":\"WebPage\",\"@id\":\"https:\/\/www.bagnoitalia.com\/fr\/produit\/freestanding-bathtub-175x85-cm-with-towel-holder-and-sliding-tray-vs135-2.html\",\"url\":\"https:\/\/www.bagnoitalia.com\/fr\/produit\/freestanding-bathtub-175x85-cm-with-towel-holder-and-sliding-tray-vs135-2.html\",\"name\":\"Baignoire autoportante 175x85 cm avec porte-serviettes et plateau coulissant VS135\",\"isPartOf\":{\"@id\":\"https:\/\/www.bagnoitalia.com\/fr#website\"},\"primaryImageOfPage\":{\"@id\":\"https:\/\/www.bagnoitalia.com\/fr\/produit\/freestanding-bathtub-175x85-cm-with-towel-holder-and-sliding-tray-vs135-2.html#primaryimage\"},\"image\":{\"@id\":\"https:\/\/www.bagnoitalia.com\/fr\/produit\/freestanding-bathtub-175x85-cm-with-towel-holder-and-sliding-tray-vs135-2.html#primaryimage\"},\"thumbnailUrl\":\"https:\/\/img.bagnoitalia.com\/wp-content\/uploads\/virtuemart\/product\/freestanding-bathtub-175x85-cm-modern-design-1.jpg\",\"datePublished\":\"2023-09-15T11:39:27+00:00\",\"dateModified\":\"2024-05-22T08:45:04+00:00\",\"description\":\"Baignoire au design moderne, \u00e0 installer au centre de la pi\u00e8ce. Elle est dot\u00e9e d'un cadre en acier inoxydable apparent, o\u00f9 vous pouvez suspendre des serviettes et glisser le plateau fourni.\",\"breadcrumb\":{\"@id\":\"https:\/\/www.bagnoitalia.com\/fr\/produit\/freestanding-bathtub-175x85-cm-with-towel-holder-and-sliding-tray-vs135-2.html#breadcrumb\"},\"inLanguage\":\"fr-FR\",\"potentialAction\":[{\"@type\":\"ReadAction\",\"target\":[\"https:\/\/www.bagnoitalia.com\/fr\/produit\/freestanding-bathtub-175x85-cm-with-towel-holder-and-sliding-tray-vs135-2.html\"]}]},{\"@type\":\"ImageObject\",\"inLanguage\":\"fr-FR\",\"@id\":\"https:\/\/www.bagnoitalia.com\/fr\/produit\/freestanding-bathtub-175x85-cm-with-towel-holder-and-sliding-tray-vs135-2.html#primaryimage\",\"url\":\"https:\/\/img.bagnoitalia.com\/wp-content\/uploads\/virtuemart\/product\/freestanding-bathtub-175x85-cm-modern-design-1.jpg\",\"contentUrl\":\"https:\/\/img.bagnoitalia.com\/wp-content\/uploads\/virtuemart\/product\/freestanding-bathtub-175x85-cm-modern-design-1.jpg\",\"width\":550,\"height\":550},{\"@type\":\"BreadcrumbList\",\"@id\":\"https:\/\/www.bagnoitalia.com\/fr\/produit\/freestanding-bathtub-175x85-cm-with-towel-holder-and-sliding-tray-vs135-2.html#breadcrumb\",\"itemListElement\":[{\"@type\":\"ListItem\",\"position\":1,\"name\":\"Home\",\"item\":\"https:\/\/www.bagnoitalia.com\/fr\"},{\"@type\":\"ListItem\",\"position\":2,\"name\":\"Produits\",\"item\":\"https:\/\/www.bagnoitalia.com\/fr\/shop\"},{\"@type\":\"ListItem\",\"position\":3,\"name\":\"Baignoire autoportante 175&#215;85 cm avec porte-serviettes et plateau coulissant VS135\"}]},{\"@type\":\"WebSite\",\"@id\":\"https:\/\/www.bagnoitalia.com\/fr#website\",\"url\":\"https:\/\/www.bagnoitalia.com\/fr\",\"name\":\"Bagno Italia\",\"description\":\"\",\"publisher\":{\"@id\":\"https:\/\/www.bagnoitalia.com\/fr#organization\"},\"potentialAction\":[{\"@type\":\"SearchAction\",\"target\":{\"@type\":\"EntryPoint\",\"urlTemplate\":\"https:\/\/www.bagnoitalia.com\/fr?s={search_term_string}\"},\"query-input\":{\"@type\":\"PropertyValueSpecification\",\"valueRequired\":true,\"valueName\":\"search_term_string\"}}],\"inLanguage\":\"fr-FR\"},{\"@type\":\"Organization\",\"@id\":\"https:\/\/www.bagnoitalia.com\/fr#organization\",\"name\":\"Bagno Italia\",\"url\":\"https:\/\/www.bagnoitalia.com\/fr\",\"logo\":{\"@type\":\"ImageObject\",\"inLanguage\":\"fr-FR\",\"@id\":\"https:\/\/www.bagnoitalia.com\/fr#\/schema\/logo\/image\/\",\"url\":\"https:\/\/img.bagnoitalia.com\/wp-content\/uploads\/logo-bagnoitalia.webp\",\"contentUrl\":\"https:\/\/img.bagnoitalia.com\/wp-content\/uploads\/logo-bagnoitalia.webp\",\"width\":400,\"height\":70,\"caption\":\"Bagno Italia\"},\"image\":{\"@id\":\"https:\/\/www.bagnoitalia.com\/fr#\/schema\/logo\/image\/\"}}]}<\/script>\n<!-- \/ Yoast SEO plugin. -->","yoast_head_json":{"title":"Baignoire autoportante 175x85 cm avec porte-serviettes et plateau coulissant VS135","description":"Baignoire au design moderne, \u00e0 installer au centre de la pi\u00e8ce. Elle est dot\u00e9e d'un cadre en acier inoxydable apparent, o\u00f9 vous pouvez suspendre des serviettes et glisser le plateau fourni.","robots":{"index":"index","follow":"follow","max-snippet":"max-snippet:-1","max-image-preview":"max-image-preview:large","max-video-preview":"max-video-preview:-1"},"canonical":"https:\/\/www.bagnoitalia.com\/fr\/produit\/freestanding-bathtub-175x85-cm-with-towel-holder-and-sliding-tray-vs135-2.html","og_locale":"fr_FR","og_type":"article","og_title":"Baignoire autoportante 175x85 cm avec porte-serviettes et plateau coulissant VS135","og_description":"Baignoire au design moderne, \u00e0 installer au centre de la pi\u00e8ce. Elle est dot\u00e9e d'un cadre en acier inoxydable apparent, o\u00f9 vous pouvez suspendre des serviettes et glisser le plateau fourni.","og_url":"https:\/\/www.bagnoitalia.com\/fr\/produit\/freestanding-bathtub-175x85-cm-with-towel-holder-and-sliding-tray-vs135-2.html","og_site_name":"Bagno Italia","article_modified_time":"2024-05-22T08:45:04+00:00","og_image":[{"width":550,"height":550,"url":"https:\/\/img.bagnoitalia.com\/wp-content\/uploads\/virtuemart\/product\/freestanding-bathtub-175x85-cm-modern-design-1.jpg","type":"image\/jpeg"}],"twitter_card":"summary_large_image","twitter_misc":{"Dur\u00e9e de lecture estim\u00e9e":"1 minute"},"schema":{"@context":"https:\/\/schema.org","@graph":[{"@type":"WebPage","@id":"https:\/\/www.bagnoitalia.com\/fr\/produit\/freestanding-bathtub-175x85-cm-with-towel-holder-and-sliding-tray-vs135-2.html","url":"https:\/\/www.bagnoitalia.com\/fr\/produit\/freestanding-bathtub-175x85-cm-with-towel-holder-and-sliding-tray-vs135-2.html","name":"Baignoire autoportante 175x85 cm avec porte-serviettes et plateau coulissant VS135","isPartOf":{"@id":"https:\/\/www.bagnoitalia.com\/fr#website"},"primaryImageOfPage":{"@id":"https:\/\/www.bagnoitalia.com\/fr\/produit\/freestanding-bathtub-175x85-cm-with-towel-holder-and-sliding-tray-vs135-2.html#primaryimage"},"image":{"@id":"https:\/\/www.bagnoitalia.com\/fr\/produit\/freestanding-bathtub-175x85-cm-with-towel-holder-and-sliding-tray-vs135-2.html#primaryimage"},"thumbnailUrl":"https:\/\/img.bagnoitalia.com\/wp-content\/uploads\/virtuemart\/product\/freestanding-bathtub-175x85-cm-modern-design-1.jpg","datePublished":"2023-09-15T11:39:27+00:00","dateModified":"2024-05-22T08:45:04+00:00","description":"Baignoire au design moderne, \u00e0 installer au centre de la pi\u00e8ce. Elle est dot\u00e9e d'un cadre en acier inoxydable apparent, o\u00f9 vous pouvez suspendre des serviettes et glisser le plateau fourni.","breadcrumb":{"@id":"https:\/\/www.bagnoitalia.com\/fr\/produit\/freestanding-bathtub-175x85-cm-with-towel-holder-and-sliding-tray-vs135-2.html#breadcrumb"},"inLanguage":"fr-FR","potentialAction":[{"@type":"ReadAction","target":["https:\/\/www.bagnoitalia.com\/fr\/produit\/freestanding-bathtub-175x85-cm-with-towel-holder-and-sliding-tray-vs135-2.html"]}]},{"@type":"ImageObject","inLanguage":"fr-FR","@id":"https:\/\/www.bagnoitalia.com\/fr\/produit\/freestanding-bathtub-175x85-cm-with-towel-holder-and-sliding-tray-vs135-2.html#primaryimage","url":"https:\/\/img.bagnoitalia.com\/wp-content\/uploads\/virtuemart\/product\/freestanding-bathtub-175x85-cm-modern-design-1.jpg","contentUrl":"https:\/\/img.bagnoitalia.com\/wp-content\/uploads\/virtuemart\/product\/freestanding-bathtub-175x85-cm-modern-design-1.jpg","width":550,"height":550},{"@type":"BreadcrumbList","@id":"https:\/\/www.bagnoitalia.com\/fr\/produit\/freestanding-bathtub-175x85-cm-with-towel-holder-and-sliding-tray-vs135-2.html#breadcrumb","itemListElement":[{"@type":"ListItem","position":1,"name":"Home","item":"https:\/\/www.bagnoitalia.com\/fr"},{"@type":"ListItem","position":2,"name":"Produits","item":"https:\/\/www.bagnoitalia.com\/fr\/shop"},{"@type":"ListItem","position":3,"name":"Baignoire autoportante 175&#215;85 cm avec porte-serviettes et plateau coulissant VS135"}]},{"@type":"WebSite","@id":"https:\/\/www.bagnoitalia.com\/fr#website","url":"https:\/\/www.bagnoitalia.com\/fr","name":"Bagno Italia","description":"","publisher":{"@id":"https:\/\/www.bagnoitalia.com\/fr#organization"},"potentialAction":[{"@type":"SearchAction","target":{"@type":"EntryPoint","urlTemplate":"https:\/\/www.bagnoitalia.com\/fr?s={search_term_string}"},"query-input":{"@type":"PropertyValueSpecification","valueRequired":true,"valueName":"search_term_string"}}],"inLanguage":"fr-FR"},{"@type":"Organization","@id":"https:\/\/www.bagnoitalia.com\/fr#organization","name":"Bagno Italia","url":"https:\/\/www.bagnoitalia.com\/fr","logo":{"@type":"ImageObject","inLanguage":"fr-FR","@id":"https:\/\/www.bagnoitalia.com\/fr#\/schema\/logo\/image\/","url":"https:\/\/img.bagnoitalia.com\/wp-content\/uploads\/logo-bagnoitalia.webp","contentUrl":"https:\/\/img.bagnoitalia.com\/wp-content\/uploads\/logo-bagnoitalia.webp","width":400,"height":70,"caption":"Bagno Italia"},"image":{"@id":"https:\/\/www.bagnoitalia.com\/fr#\/schema\/logo\/image\/"}}]}},"_links":{"self":[{"href":"https:\/\/www.bagnoitalia.com\/fr\/wp-json\/wp\/v2\/product\/83457","targetHints":{"allow":["GET"]}}],"collection":[{"href":"https:\/\/www.bagnoitalia.com\/fr\/wp-json\/wp\/v2\/product"}],"about":[{"href":"https:\/\/www.bagnoitalia.com\/fr\/wp-json\/wp\/v2\/types\/product"}],"replies":[{"embeddable":true,"href":"https:\/\/www.bagnoitalia.com\/fr\/wp-json\/wp\/v2\/comments?post=83457"}],"version-history":[{"count":1,"href":"https:\/\/www.bagnoitalia.com\/fr\/wp-json\/wp\/v2\/product\/83457\/revisions"}],"predecessor-version":[{"id":87355,"href":"https:\/\/www.bagnoitalia.com\/fr\/wp-json\/wp\/v2\/product\/83457\/revisions\/87355"}],"wp:featuredmedia":[{"embeddable":true,"href":"https:\/\/www.bagnoitalia.com\/fr\/wp-json\/wp\/v2\/media\/65389"}],"wp:attachment":[{"href":"https:\/\/www.bagnoitalia.com\/fr\/wp-json\/wp\/v2\/media?parent=83457"}],"wp:term":[{"taxonomy":"product_brand","embeddable":true,"href":"https:\/\/www.bagnoitalia.com\/fr\/wp-json\/wp\/v2\/product_brand?post=83457"},{"taxonomy":"product_cat","embeddable":true,"href":"https:\/\/www.bagnoitalia.com\/fr\/wp-json\/wp\/v2\/product_cat?post=83457"},{"taxonomy":"product_tag","embeddable":true,"href":"https:\/\/www.bagnoitalia.com\/fr\/wp-json\/wp\/v2\/product_tag?post=83457"}],"curies":[{"name":"wp","href":"https:\/\/api.w.org\/{rel}","templated":true}]}}