{"id":83445,"date":"2023-09-13T15:03:50","date_gmt":"2023-09-13T13:03:50","guid":{"rendered":"https:\/\/www.bagnoitalia.com\/product\/stone-effect-white-shower-tray-80x80-90x90-70x90-cm-semi-circular-reducible-pa036-2"},"modified":"2024-11-18T12:07:04","modified_gmt":"2024-11-18T11:07:04","slug":"stone-effect-white-shower-tray-80x80-90x90-70x90-cm-semi-circular-reducible-pa036-2","status":"publish","type":"product","link":"https:\/\/www.bagnoitalia.com\/fr\/produit\/stone-effect-white-shower-tray-80x80-90x90-70x90-cm-semi-circular-reducible-pa036-2.html","title":{"rendered":"Receveur de douche blanc effet pierre 80&#215;80 90&#215;90 70&#215;90 cm semi-circulaire r\u00e9ductible PA036"},"content":{"rendered":"<p style=\"text-align: center;\"><span style=\"text-decoration: underline; color: #ff0000; font-size: 18pt;\"><strong>Receveur de douche semi-circulaire en marbre min\u00e9ral PA036<\/strong><\/span><\/p>\n<p>&nbsp;<\/p>\n<p>CARACT\u00c9RISTIQUES PRINCIPALES :<\/p>\n<p>Receveur de douche semi-circulaire, disponible dans les dimensions suivantes :<\/p>\n<p>80&#215;80 cm<br \/>\n90&#215;90 cm<br \/>\n70&#215;90 cm (version droite ou gauche)<br \/>\nS\u00e9lectionner la taille souhait\u00e9e dans le menu d\u00e9roulant<\/p>\n<p>R\u00e9ductible (il est recommand\u00e9 de couper au maximum 10 cm par c\u00f4t\u00e9 sur la longueur ; pour centrer l&rsquo;\u00e9coulement, faire deux coupes au maximum de 5 cm par c\u00f4t\u00e9 sur la profondeur)<\/p>\n<p>Rayon de courbure 38<\/p>\n<p>en marbre min\u00e9ral<\/p>\n<p>couleur blanche<\/p>\n<p>surface antid\u00e9rapante \u00e0 effet pierre<\/p>\n<p>peut \u00e9galement \u00eatre install\u00e9 au ras du sol<\/p>\n<p>grille d&rsquo;\u00e9coulement incluse<\/p>\n<p>\u00e9coulement \u00d8 90 mm<\/p>\n<p>&nbsp;<\/p>\n<p>drain NON inclus, peut \u00eatre ajout\u00e9 via le menu d\u00e9roulant<\/p>\n<p>&nbsp;<\/p>\n<p>&nbsp;<\/p>\n<p>&nbsp;<\/p>\n<p>&nbsp;<\/p>\n<p>&nbsp;<\/p>\n<p>&nbsp;<\/p>\n<p>&nbsp;<\/p>\n<p>&nbsp;<\/p>\n<p>Liat<\/p>\n","protected":false},"excerpt":{"rendered":"<p>Receveur de douche semi-circulaire, disponible en 3 dimensions. R\u00e9alis\u00e9 en marbre min\u00e9ral blanc effet pierre.<\/p>\n","protected":false},"featured_media":65301,"comment_status":"open","ping_status":"closed","template":"","meta":[],"product_brand":[9882],"product_cat":[10115],"product_tag":[],"class_list":{"0":"post-83445","1":"product","2":"type-product","3":"status-publish","4":"has-post-thumbnail","6":"product_brand-deghi-fr","7":"product_cat-senza-categoria-fr","9":"first","10":"outofstock","11":"taxable","12":"shipping-taxable","13":"purchasable","14":"product-type-simple"},"exclude_global_add_ons":false,"addons":[{"name":"dimensions","type":"multiple_choice","position":0,"required":true,"title_format":"heading","default":"","description_enable":false,"description":"","placeholder_enable":false,"placeholder":"","display":"select","restrictions_type":"any_text","adjust_price":false,"price":"","price_type":"flat_fee","restrictions":false,"min":"0","max":"0","options":[{"label":"80x80 cm","price":"","price_type":"quantity_based","image":0,"visibility":true},{"label":"70x90 cm GAUCHE","price":"5","price_type":"quantity_based","image":0,"visibility":true},{"label":"70x90 cm DROITE","price":"5","price_type":"quantity_based","image":0,"visibility":true},{"label":"90x90 cm","price":"39","price_type":"quantity_based","image":0,"visibility":true}],"id":1718208984},{"name":"accessoires en m\u00e9tal","type":"multiple_choice","position":1,"required":true,"title_format":"heading","default":"","description_enable":false,"description":"","placeholder_enable":false,"placeholder":"","display":"select","restrictions_type":"any_text","adjust_price":false,"price":"","price_type":"flat_fee","restrictions":false,"min":"0","max":"0","options":[{"label":"NO","price":"","price_type":"quantity_based","image":0,"visibility":true},{"label":"avec vidange","price":"35","price_type":"quantity_based","image":0,"visibility":true}],"id":1718208985}],"yoast_head":"<!-- This site is optimized with the Yoast SEO plugin v26.7 - https:\/\/yoast.com\/wordpress\/plugins\/seo\/ -->\n<title>Receveur de douche blanc effet pierre 80x80 90x90 70x90 cm semi-circulaire r\u00e9ductible PA036<\/title>\n<meta name=\"description\" content=\"Receveur de douche semi-circulaire, disponible en 3 dimensions. R\u00e9alis\u00e9 en marbre min\u00e9ral blanc effet pierre.\" \/>\n<meta name=\"robots\" content=\"index, follow, max-snippet:-1, max-image-preview:large, max-video-preview:-1\" \/>\n<link rel=\"canonical\" href=\"https:\/\/www.bagnoitalia.com\/fr\/produit\/stone-effect-white-shower-tray-80x80-90x90-70x90-cm-semi-circular-reducible-pa036-2.html\" \/>\n<meta property=\"og:locale\" content=\"fr_FR\" \/>\n<meta property=\"og:type\" content=\"article\" \/>\n<meta property=\"og:title\" content=\"Receveur de douche blanc effet pierre 80x80 90x90 70x90 cm semi-circulaire r\u00e9ductible PA036\" \/>\n<meta property=\"og:description\" content=\"Receveur de douche semi-circulaire, disponible en 3 dimensions. R\u00e9alis\u00e9 en marbre min\u00e9ral blanc effet pierre.\" \/>\n<meta property=\"og:url\" content=\"https:\/\/www.bagnoitalia.com\/fr\/produit\/stone-effect-white-shower-tray-80x80-90x90-70x90-cm-semi-circular-reducible-pa036-2.html\" \/>\n<meta property=\"og:site_name\" content=\"Bagno Italia\" \/>\n<meta property=\"article:modified_time\" content=\"2024-11-18T11:07:04+00:00\" \/>\n<meta property=\"og:image\" content=\"https:\/\/img.bagnoitalia.com\/wp-content\/uploads\/virtuemart\/product\/shower-plate-effect-stone-80x80-90x90-70x90-cm-white-effect-stone-semicircular-1.jpg\" \/>\n\t<meta property=\"og:image:width\" content=\"550\" \/>\n\t<meta property=\"og:image:height\" content=\"550\" \/>\n\t<meta property=\"og:image:type\" content=\"image\/jpeg\" \/>\n<meta name=\"twitter:card\" content=\"summary_large_image\" \/>\n<meta name=\"twitter:label1\" content=\"Dur\u00e9e de lecture estim\u00e9e\" \/>\n\t<meta name=\"twitter:data1\" content=\"1 minute\" \/>\n<script type=\"application\/ld+json\" class=\"yoast-schema-graph\">{\"@context\":\"https:\/\/schema.org\",\"@graph\":[{\"@type\":\"WebPage\",\"@id\":\"https:\/\/www.bagnoitalia.com\/fr\/produit\/stone-effect-white-shower-tray-80x80-90x90-70x90-cm-semi-circular-reducible-pa036-2.html\",\"url\":\"https:\/\/www.bagnoitalia.com\/fr\/produit\/stone-effect-white-shower-tray-80x80-90x90-70x90-cm-semi-circular-reducible-pa036-2.html\",\"name\":\"Receveur de douche blanc effet pierre 80x80 90x90 70x90 cm semi-circulaire r\u00e9ductible PA036\",\"isPartOf\":{\"@id\":\"https:\/\/www.bagnoitalia.com\/fr#website\"},\"primaryImageOfPage\":{\"@id\":\"https:\/\/www.bagnoitalia.com\/fr\/produit\/stone-effect-white-shower-tray-80x80-90x90-70x90-cm-semi-circular-reducible-pa036-2.html#primaryimage\"},\"image\":{\"@id\":\"https:\/\/www.bagnoitalia.com\/fr\/produit\/stone-effect-white-shower-tray-80x80-90x90-70x90-cm-semi-circular-reducible-pa036-2.html#primaryimage\"},\"thumbnailUrl\":\"https:\/\/img.bagnoitalia.com\/wp-content\/uploads\/virtuemart\/product\/shower-plate-effect-stone-80x80-90x90-70x90-cm-white-effect-stone-semicircular-1.jpg\",\"datePublished\":\"2023-09-13T13:03:50+00:00\",\"dateModified\":\"2024-11-18T11:07:04+00:00\",\"description\":\"Receveur de douche semi-circulaire, disponible en 3 dimensions. R\u00e9alis\u00e9 en marbre min\u00e9ral blanc effet pierre.\",\"breadcrumb\":{\"@id\":\"https:\/\/www.bagnoitalia.com\/fr\/produit\/stone-effect-white-shower-tray-80x80-90x90-70x90-cm-semi-circular-reducible-pa036-2.html#breadcrumb\"},\"inLanguage\":\"fr-FR\",\"potentialAction\":[{\"@type\":\"ReadAction\",\"target\":[\"https:\/\/www.bagnoitalia.com\/fr\/produit\/stone-effect-white-shower-tray-80x80-90x90-70x90-cm-semi-circular-reducible-pa036-2.html\"]}]},{\"@type\":\"ImageObject\",\"inLanguage\":\"fr-FR\",\"@id\":\"https:\/\/www.bagnoitalia.com\/fr\/produit\/stone-effect-white-shower-tray-80x80-90x90-70x90-cm-semi-circular-reducible-pa036-2.html#primaryimage\",\"url\":\"https:\/\/img.bagnoitalia.com\/wp-content\/uploads\/virtuemart\/product\/shower-plate-effect-stone-80x80-90x90-70x90-cm-white-effect-stone-semicircular-1.jpg\",\"contentUrl\":\"https:\/\/img.bagnoitalia.com\/wp-content\/uploads\/virtuemart\/product\/shower-plate-effect-stone-80x80-90x90-70x90-cm-white-effect-stone-semicircular-1.jpg\",\"width\":550,\"height\":550},{\"@type\":\"BreadcrumbList\",\"@id\":\"https:\/\/www.bagnoitalia.com\/fr\/produit\/stone-effect-white-shower-tray-80x80-90x90-70x90-cm-semi-circular-reducible-pa036-2.html#breadcrumb\",\"itemListElement\":[{\"@type\":\"ListItem\",\"position\":1,\"name\":\"Home\",\"item\":\"https:\/\/www.bagnoitalia.com\/fr\"},{\"@type\":\"ListItem\",\"position\":2,\"name\":\"Produits\",\"item\":\"https:\/\/www.bagnoitalia.com\/fr\/shop\"},{\"@type\":\"ListItem\",\"position\":3,\"name\":\"Receveur de douche blanc effet pierre 80&#215;80 90&#215;90 70&#215;90 cm semi-circulaire r\u00e9ductible PA036\"}]},{\"@type\":\"WebSite\",\"@id\":\"https:\/\/www.bagnoitalia.com\/fr#website\",\"url\":\"https:\/\/www.bagnoitalia.com\/fr\",\"name\":\"Bagno Italia\",\"description\":\"\",\"publisher\":{\"@id\":\"https:\/\/www.bagnoitalia.com\/fr#organization\"},\"potentialAction\":[{\"@type\":\"SearchAction\",\"target\":{\"@type\":\"EntryPoint\",\"urlTemplate\":\"https:\/\/www.bagnoitalia.com\/fr?s={search_term_string}\"},\"query-input\":{\"@type\":\"PropertyValueSpecification\",\"valueRequired\":true,\"valueName\":\"search_term_string\"}}],\"inLanguage\":\"fr-FR\"},{\"@type\":\"Organization\",\"@id\":\"https:\/\/www.bagnoitalia.com\/fr#organization\",\"name\":\"Bagno Italia\",\"url\":\"https:\/\/www.bagnoitalia.com\/fr\",\"logo\":{\"@type\":\"ImageObject\",\"inLanguage\":\"fr-FR\",\"@id\":\"https:\/\/www.bagnoitalia.com\/fr#\/schema\/logo\/image\/\",\"url\":\"https:\/\/img.bagnoitalia.com\/wp-content\/uploads\/logo-bagnoitalia.webp\",\"contentUrl\":\"https:\/\/img.bagnoitalia.com\/wp-content\/uploads\/logo-bagnoitalia.webp\",\"width\":400,\"height\":70,\"caption\":\"Bagno Italia\"},\"image\":{\"@id\":\"https:\/\/www.bagnoitalia.com\/fr#\/schema\/logo\/image\/\"}}]}<\/script>\n<!-- \/ Yoast SEO plugin. -->","yoast_head_json":{"title":"Receveur de douche blanc effet pierre 80x80 90x90 70x90 cm semi-circulaire r\u00e9ductible PA036","description":"Receveur de douche semi-circulaire, disponible en 3 dimensions. R\u00e9alis\u00e9 en marbre min\u00e9ral blanc effet pierre.","robots":{"index":"index","follow":"follow","max-snippet":"max-snippet:-1","max-image-preview":"max-image-preview:large","max-video-preview":"max-video-preview:-1"},"canonical":"https:\/\/www.bagnoitalia.com\/fr\/produit\/stone-effect-white-shower-tray-80x80-90x90-70x90-cm-semi-circular-reducible-pa036-2.html","og_locale":"fr_FR","og_type":"article","og_title":"Receveur de douche blanc effet pierre 80x80 90x90 70x90 cm semi-circulaire r\u00e9ductible PA036","og_description":"Receveur de douche semi-circulaire, disponible en 3 dimensions. R\u00e9alis\u00e9 en marbre min\u00e9ral blanc effet pierre.","og_url":"https:\/\/www.bagnoitalia.com\/fr\/produit\/stone-effect-white-shower-tray-80x80-90x90-70x90-cm-semi-circular-reducible-pa036-2.html","og_site_name":"Bagno Italia","article_modified_time":"2024-11-18T11:07:04+00:00","og_image":[{"width":550,"height":550,"url":"https:\/\/img.bagnoitalia.com\/wp-content\/uploads\/virtuemart\/product\/shower-plate-effect-stone-80x80-90x90-70x90-cm-white-effect-stone-semicircular-1.jpg","type":"image\/jpeg"}],"twitter_card":"summary_large_image","twitter_misc":{"Dur\u00e9e de lecture estim\u00e9e":"1 minute"},"schema":{"@context":"https:\/\/schema.org","@graph":[{"@type":"WebPage","@id":"https:\/\/www.bagnoitalia.com\/fr\/produit\/stone-effect-white-shower-tray-80x80-90x90-70x90-cm-semi-circular-reducible-pa036-2.html","url":"https:\/\/www.bagnoitalia.com\/fr\/produit\/stone-effect-white-shower-tray-80x80-90x90-70x90-cm-semi-circular-reducible-pa036-2.html","name":"Receveur de douche blanc effet pierre 80x80 90x90 70x90 cm semi-circulaire r\u00e9ductible PA036","isPartOf":{"@id":"https:\/\/www.bagnoitalia.com\/fr#website"},"primaryImageOfPage":{"@id":"https:\/\/www.bagnoitalia.com\/fr\/produit\/stone-effect-white-shower-tray-80x80-90x90-70x90-cm-semi-circular-reducible-pa036-2.html#primaryimage"},"image":{"@id":"https:\/\/www.bagnoitalia.com\/fr\/produit\/stone-effect-white-shower-tray-80x80-90x90-70x90-cm-semi-circular-reducible-pa036-2.html#primaryimage"},"thumbnailUrl":"https:\/\/img.bagnoitalia.com\/wp-content\/uploads\/virtuemart\/product\/shower-plate-effect-stone-80x80-90x90-70x90-cm-white-effect-stone-semicircular-1.jpg","datePublished":"2023-09-13T13:03:50+00:00","dateModified":"2024-11-18T11:07:04+00:00","description":"Receveur de douche semi-circulaire, disponible en 3 dimensions. R\u00e9alis\u00e9 en marbre min\u00e9ral blanc effet pierre.","breadcrumb":{"@id":"https:\/\/www.bagnoitalia.com\/fr\/produit\/stone-effect-white-shower-tray-80x80-90x90-70x90-cm-semi-circular-reducible-pa036-2.html#breadcrumb"},"inLanguage":"fr-FR","potentialAction":[{"@type":"ReadAction","target":["https:\/\/www.bagnoitalia.com\/fr\/produit\/stone-effect-white-shower-tray-80x80-90x90-70x90-cm-semi-circular-reducible-pa036-2.html"]}]},{"@type":"ImageObject","inLanguage":"fr-FR","@id":"https:\/\/www.bagnoitalia.com\/fr\/produit\/stone-effect-white-shower-tray-80x80-90x90-70x90-cm-semi-circular-reducible-pa036-2.html#primaryimage","url":"https:\/\/img.bagnoitalia.com\/wp-content\/uploads\/virtuemart\/product\/shower-plate-effect-stone-80x80-90x90-70x90-cm-white-effect-stone-semicircular-1.jpg","contentUrl":"https:\/\/img.bagnoitalia.com\/wp-content\/uploads\/virtuemart\/product\/shower-plate-effect-stone-80x80-90x90-70x90-cm-white-effect-stone-semicircular-1.jpg","width":550,"height":550},{"@type":"BreadcrumbList","@id":"https:\/\/www.bagnoitalia.com\/fr\/produit\/stone-effect-white-shower-tray-80x80-90x90-70x90-cm-semi-circular-reducible-pa036-2.html#breadcrumb","itemListElement":[{"@type":"ListItem","position":1,"name":"Home","item":"https:\/\/www.bagnoitalia.com\/fr"},{"@type":"ListItem","position":2,"name":"Produits","item":"https:\/\/www.bagnoitalia.com\/fr\/shop"},{"@type":"ListItem","position":3,"name":"Receveur de douche blanc effet pierre 80&#215;80 90&#215;90 70&#215;90 cm semi-circulaire r\u00e9ductible PA036"}]},{"@type":"WebSite","@id":"https:\/\/www.bagnoitalia.com\/fr#website","url":"https:\/\/www.bagnoitalia.com\/fr","name":"Bagno Italia","description":"","publisher":{"@id":"https:\/\/www.bagnoitalia.com\/fr#organization"},"potentialAction":[{"@type":"SearchAction","target":{"@type":"EntryPoint","urlTemplate":"https:\/\/www.bagnoitalia.com\/fr?s={search_term_string}"},"query-input":{"@type":"PropertyValueSpecification","valueRequired":true,"valueName":"search_term_string"}}],"inLanguage":"fr-FR"},{"@type":"Organization","@id":"https:\/\/www.bagnoitalia.com\/fr#organization","name":"Bagno Italia","url":"https:\/\/www.bagnoitalia.com\/fr","logo":{"@type":"ImageObject","inLanguage":"fr-FR","@id":"https:\/\/www.bagnoitalia.com\/fr#\/schema\/logo\/image\/","url":"https:\/\/img.bagnoitalia.com\/wp-content\/uploads\/logo-bagnoitalia.webp","contentUrl":"https:\/\/img.bagnoitalia.com\/wp-content\/uploads\/logo-bagnoitalia.webp","width":400,"height":70,"caption":"Bagno Italia"},"image":{"@id":"https:\/\/www.bagnoitalia.com\/fr#\/schema\/logo\/image\/"}}]}},"_links":{"self":[{"href":"https:\/\/www.bagnoitalia.com\/fr\/wp-json\/wp\/v2\/product\/83445","targetHints":{"allow":["GET"]}}],"collection":[{"href":"https:\/\/www.bagnoitalia.com\/fr\/wp-json\/wp\/v2\/product"}],"about":[{"href":"https:\/\/www.bagnoitalia.com\/fr\/wp-json\/wp\/v2\/types\/product"}],"replies":[{"embeddable":true,"href":"https:\/\/www.bagnoitalia.com\/fr\/wp-json\/wp\/v2\/comments?post=83445"}],"version-history":[{"count":1,"href":"https:\/\/www.bagnoitalia.com\/fr\/wp-json\/wp\/v2\/product\/83445\/revisions"}],"predecessor-version":[{"id":90040,"href":"https:\/\/www.bagnoitalia.com\/fr\/wp-json\/wp\/v2\/product\/83445\/revisions\/90040"}],"wp:featuredmedia":[{"embeddable":true,"href":"https:\/\/www.bagnoitalia.com\/fr\/wp-json\/wp\/v2\/media\/65301"}],"wp:attachment":[{"href":"https:\/\/www.bagnoitalia.com\/fr\/wp-json\/wp\/v2\/media?parent=83445"}],"wp:term":[{"taxonomy":"product_brand","embeddable":true,"href":"https:\/\/www.bagnoitalia.com\/fr\/wp-json\/wp\/v2\/product_brand?post=83445"},{"taxonomy":"product_cat","embeddable":true,"href":"https:\/\/www.bagnoitalia.com\/fr\/wp-json\/wp\/v2\/product_cat?post=83445"},{"taxonomy":"product_tag","embeddable":true,"href":"https:\/\/www.bagnoitalia.com\/fr\/wp-json\/wp\/v2\/product_tag?post=83445"}],"curies":[{"name":"wp","href":"https:\/\/api.w.org\/{rel}","templated":true}]}}