{"id":83429,"date":"2023-09-12T14:12:28","date_gmt":"2023-09-12T12:12:28","guid":{"rendered":"https:\/\/www.bagnoitalia.com\/product\/black-thermostatic-shower-column-with-overhead-shower-side-hand-shower-and-bath-tap-dc020-2"},"modified":"2023-09-12T14:12:28","modified_gmt":"2023-09-12T12:12:28","slug":"black-thermostatic-shower-column-with-overhead-shower-side-hand-shower-and-bath-tap-dc020-2","status":"publish","type":"product","link":"https:\/\/www.bagnoitalia.com\/fr\/produit\/black-thermostatic-shower-column-with-overhead-shower-side-hand-shower-and-bath-tap-dc020-2.html","title":{"rendered":"Colonne de douche thermostatique noire avec douche de t\u00eate, douchette lat\u00e9rale et robinet de baignoire DC020"},"content":{"rendered":"<p style=\"text-align: center;\"><span style=\"text-decoration: underline; color: #ff0000; font-size: 18pt;\"><strong>COLONNE DE DOUCHE THERMOSTATIQUE DC020<\/strong><\/span><\/p>\n<p>&nbsp;<\/p>\n<p>CARACT\u00c9RISTIQUES ET ACCESSOIRES INCLUS<\/p>\n<p>Colonne de douche avec thermostat<\/p>\n<p>Fabriqu\u00e9e en laiton avec finition noire<\/p>\n<p>Douchette sup\u00e9rieure<\/p>\n<p>Douchette lat\u00e9rale avec douchette montante et descendante<\/p>\n<p>Porte-bouteille<\/p>\n<p>Robinet inf\u00e9rieur (particuli\u00e8rement utile lorsque cette colonne de douche est install\u00e9e au-dessus d&rsquo;une baignoire)<\/p>\n<p>Douchette \u00e0 main avec douchette extractible<\/p>\n<p>bouton d&rsquo;ouverture et de fermeture<\/p>\n<p>bouton de r\u00e9glage de la temp\u00e9rature<\/p>\n<p>Boutons d&rsquo;inversion de l&rsquo;eau<\/p>\n<p>Affichage num\u00e9rique<\/p>\n<p>&nbsp;<\/p>\n<p>&nbsp;<\/p>\n<p>&nbsp;<\/p>\n<p>&nbsp;<\/p>\n<p>&nbsp;<\/p>\n<p>&nbsp;<\/p>\n<p>&nbsp;<\/p>\n<p>&nbsp;<\/p>\n<p>&nbsp;<\/p>\n<p>&nbsp;<\/p>\n<p>&nbsp;<\/p>\n<p>&nbsp;<\/p>\n","protected":false},"excerpt":{"rendered":"<p>Colonne de douche multifonctions, avec \u00e9cran, bouton de temp\u00e9rature, bouton d&rsquo;ouverture et de fermeture, boutons d&rsquo;inversion de l&rsquo;eau, porte-bouteille, douchette \u00e0 main, douchette lat\u00e9rale, douchette \u00e0 jet et robinet de fond.<\/p>\n","protected":false},"featured_media":65121,"comment_status":"open","ping_status":"closed","template":"","meta":[],"product_brand":[9879],"product_cat":[9763],"product_tag":[],"class_list":{"0":"post-83429","1":"product","2":"type-product","3":"status-publish","4":"has-post-thumbnail","6":"product_brand-vari-produttori-fr","7":"product_cat-colonne-de-douche","9":"first","10":"instock","11":"sale","12":"taxable","13":"shipping-taxable","14":"purchasable","15":"product-type-simple"},"exclude_global_add_ons":[],"addons":[],"yoast_head":"<!-- This site is optimized with the Yoast SEO plugin v26.7 - https:\/\/yoast.com\/wordpress\/plugins\/seo\/ -->\n<title>Colonne de douche thermostatique noire avec douche de t\u00eate, douchette lat\u00e9rale et robinet de baignoire DC020<\/title>\n<meta name=\"description\" content=\"Colonne de douche multifonctions, avec \u00e9cran, bouton de temp\u00e9rature, bouton d&#039;ouverture et de fermeture, boutons d&#039;inversion de l&#039;eau, porte-bouteille, douchette \u00e0 main, douchette lat\u00e9rale, douchette \u00e0 jet et robinet de fond.\" \/>\n<meta name=\"robots\" content=\"index, follow, max-snippet:-1, max-image-preview:large, max-video-preview:-1\" \/>\n<link rel=\"canonical\" href=\"https:\/\/www.bagnoitalia.com\/fr\/produit\/black-thermostatic-shower-column-with-overhead-shower-side-hand-shower-and-bath-tap-dc020-2.html\" \/>\n<meta property=\"og:locale\" content=\"fr_FR\" \/>\n<meta property=\"og:type\" content=\"article\" \/>\n<meta property=\"og:title\" content=\"Colonne de douche thermostatique noire avec douche de t\u00eate, douchette lat\u00e9rale et robinet de baignoire DC020\" \/>\n<meta property=\"og:description\" content=\"Colonne de douche multifonctions, avec \u00e9cran, bouton de temp\u00e9rature, bouton d&#039;ouverture et de fermeture, boutons d&#039;inversion de l&#039;eau, porte-bouteille, douchette \u00e0 main, douchette lat\u00e9rale, douchette \u00e0 jet et robinet de fond.\" \/>\n<meta property=\"og:url\" content=\"https:\/\/www.bagnoitalia.com\/fr\/produit\/black-thermostatic-shower-column-with-overhead-shower-side-hand-shower-and-bath-tap-dc020-2.html\" \/>\n<meta property=\"og:site_name\" content=\"Bagno Italia\" \/>\n<meta property=\"og:image\" content=\"https:\/\/img.bagnoitalia.com\/wp-content\/uploads\/virtuemart\/product\/thermostatic-shower-column-black-full-optional-1.jpg\" \/>\n\t<meta property=\"og:image:width\" content=\"550\" \/>\n\t<meta property=\"og:image:height\" content=\"550\" \/>\n\t<meta property=\"og:image:type\" content=\"image\/jpeg\" \/>\n<meta name=\"twitter:card\" content=\"summary_large_image\" \/>\n<script type=\"application\/ld+json\" class=\"yoast-schema-graph\">{\"@context\":\"https:\/\/schema.org\",\"@graph\":[{\"@type\":\"WebPage\",\"@id\":\"https:\/\/www.bagnoitalia.com\/fr\/produit\/black-thermostatic-shower-column-with-overhead-shower-side-hand-shower-and-bath-tap-dc020-2.html\",\"url\":\"https:\/\/www.bagnoitalia.com\/fr\/produit\/black-thermostatic-shower-column-with-overhead-shower-side-hand-shower-and-bath-tap-dc020-2.html\",\"name\":\"Colonne de douche thermostatique noire avec douche de t\u00eate, douchette lat\u00e9rale et robinet de baignoire DC020\",\"isPartOf\":{\"@id\":\"https:\/\/www.bagnoitalia.com\/fr#website\"},\"primaryImageOfPage\":{\"@id\":\"https:\/\/www.bagnoitalia.com\/fr\/produit\/black-thermostatic-shower-column-with-overhead-shower-side-hand-shower-and-bath-tap-dc020-2.html#primaryimage\"},\"image\":{\"@id\":\"https:\/\/www.bagnoitalia.com\/fr\/produit\/black-thermostatic-shower-column-with-overhead-shower-side-hand-shower-and-bath-tap-dc020-2.html#primaryimage\"},\"thumbnailUrl\":\"https:\/\/img.bagnoitalia.com\/wp-content\/uploads\/virtuemart\/product\/thermostatic-shower-column-black-full-optional-1.jpg\",\"datePublished\":\"2023-09-12T12:12:28+00:00\",\"description\":\"Colonne de douche multifonctions, avec \u00e9cran, bouton de temp\u00e9rature, bouton d&#39;ouverture et de fermeture, boutons d&#39;inversion de l&#39;eau, porte-bouteille, douchette \u00e0 main, douchette lat\u00e9rale, douchette \u00e0 jet et robinet de fond.\",\"breadcrumb\":{\"@id\":\"https:\/\/www.bagnoitalia.com\/fr\/produit\/black-thermostatic-shower-column-with-overhead-shower-side-hand-shower-and-bath-tap-dc020-2.html#breadcrumb\"},\"inLanguage\":\"fr-FR\",\"potentialAction\":[{\"@type\":\"ReadAction\",\"target\":[\"https:\/\/www.bagnoitalia.com\/fr\/produit\/black-thermostatic-shower-column-with-overhead-shower-side-hand-shower-and-bath-tap-dc020-2.html\"]}]},{\"@type\":\"ImageObject\",\"inLanguage\":\"fr-FR\",\"@id\":\"https:\/\/www.bagnoitalia.com\/fr\/produit\/black-thermostatic-shower-column-with-overhead-shower-side-hand-shower-and-bath-tap-dc020-2.html#primaryimage\",\"url\":\"https:\/\/img.bagnoitalia.com\/wp-content\/uploads\/virtuemart\/product\/thermostatic-shower-column-black-full-optional-1.jpg\",\"contentUrl\":\"https:\/\/img.bagnoitalia.com\/wp-content\/uploads\/virtuemart\/product\/thermostatic-shower-column-black-full-optional-1.jpg\",\"width\":550,\"height\":550},{\"@type\":\"BreadcrumbList\",\"@id\":\"https:\/\/www.bagnoitalia.com\/fr\/produit\/black-thermostatic-shower-column-with-overhead-shower-side-hand-shower-and-bath-tap-dc020-2.html#breadcrumb\",\"itemListElement\":[{\"@type\":\"ListItem\",\"position\":1,\"name\":\"Home\",\"item\":\"https:\/\/www.bagnoitalia.com\/fr\"},{\"@type\":\"ListItem\",\"position\":2,\"name\":\"Produits\",\"item\":\"https:\/\/www.bagnoitalia.com\/fr\/shop\"},{\"@type\":\"ListItem\",\"position\":3,\"name\":\"Colonne de douche thermostatique noire avec douche de t\u00eate, douchette lat\u00e9rale et robinet de baignoire DC020\"}]},{\"@type\":\"WebSite\",\"@id\":\"https:\/\/www.bagnoitalia.com\/fr#website\",\"url\":\"https:\/\/www.bagnoitalia.com\/fr\",\"name\":\"Bagno Italia\",\"description\":\"\",\"publisher\":{\"@id\":\"https:\/\/www.bagnoitalia.com\/fr#organization\"},\"potentialAction\":[{\"@type\":\"SearchAction\",\"target\":{\"@type\":\"EntryPoint\",\"urlTemplate\":\"https:\/\/www.bagnoitalia.com\/fr?s={search_term_string}\"},\"query-input\":{\"@type\":\"PropertyValueSpecification\",\"valueRequired\":true,\"valueName\":\"search_term_string\"}}],\"inLanguage\":\"fr-FR\"},{\"@type\":\"Organization\",\"@id\":\"https:\/\/www.bagnoitalia.com\/fr#organization\",\"name\":\"Bagno Italia\",\"url\":\"https:\/\/www.bagnoitalia.com\/fr\",\"logo\":{\"@type\":\"ImageObject\",\"inLanguage\":\"fr-FR\",\"@id\":\"https:\/\/www.bagnoitalia.com\/fr#\/schema\/logo\/image\/\",\"url\":\"https:\/\/img.bagnoitalia.com\/wp-content\/uploads\/logo-bagnoitalia.webp\",\"contentUrl\":\"https:\/\/img.bagnoitalia.com\/wp-content\/uploads\/logo-bagnoitalia.webp\",\"width\":400,\"height\":70,\"caption\":\"Bagno Italia\"},\"image\":{\"@id\":\"https:\/\/www.bagnoitalia.com\/fr#\/schema\/logo\/image\/\"}}]}<\/script>\n<!-- \/ Yoast SEO plugin. -->","yoast_head_json":{"title":"Colonne de douche thermostatique noire avec douche de t\u00eate, douchette lat\u00e9rale et robinet de baignoire DC020","description":"Colonne de douche multifonctions, avec \u00e9cran, bouton de temp\u00e9rature, bouton d&#39;ouverture et de fermeture, boutons d&#39;inversion de l&#39;eau, porte-bouteille, douchette \u00e0 main, douchette lat\u00e9rale, douchette \u00e0 jet et robinet de fond.","robots":{"index":"index","follow":"follow","max-snippet":"max-snippet:-1","max-image-preview":"max-image-preview:large","max-video-preview":"max-video-preview:-1"},"canonical":"https:\/\/www.bagnoitalia.com\/fr\/produit\/black-thermostatic-shower-column-with-overhead-shower-side-hand-shower-and-bath-tap-dc020-2.html","og_locale":"fr_FR","og_type":"article","og_title":"Colonne de douche thermostatique noire avec douche de t\u00eate, douchette lat\u00e9rale et robinet de baignoire DC020","og_description":"Colonne de douche multifonctions, avec \u00e9cran, bouton de temp\u00e9rature, bouton d&#39;ouverture et de fermeture, boutons d&#39;inversion de l&#39;eau, porte-bouteille, douchette \u00e0 main, douchette lat\u00e9rale, douchette \u00e0 jet et robinet de fond.","og_url":"https:\/\/www.bagnoitalia.com\/fr\/produit\/black-thermostatic-shower-column-with-overhead-shower-side-hand-shower-and-bath-tap-dc020-2.html","og_site_name":"Bagno Italia","og_image":[{"width":550,"height":550,"url":"https:\/\/img.bagnoitalia.com\/wp-content\/uploads\/virtuemart\/product\/thermostatic-shower-column-black-full-optional-1.jpg","type":"image\/jpeg"}],"twitter_card":"summary_large_image","schema":{"@context":"https:\/\/schema.org","@graph":[{"@type":"WebPage","@id":"https:\/\/www.bagnoitalia.com\/fr\/produit\/black-thermostatic-shower-column-with-overhead-shower-side-hand-shower-and-bath-tap-dc020-2.html","url":"https:\/\/www.bagnoitalia.com\/fr\/produit\/black-thermostatic-shower-column-with-overhead-shower-side-hand-shower-and-bath-tap-dc020-2.html","name":"Colonne de douche thermostatique noire avec douche de t\u00eate, douchette lat\u00e9rale et robinet de baignoire DC020","isPartOf":{"@id":"https:\/\/www.bagnoitalia.com\/fr#website"},"primaryImageOfPage":{"@id":"https:\/\/www.bagnoitalia.com\/fr\/produit\/black-thermostatic-shower-column-with-overhead-shower-side-hand-shower-and-bath-tap-dc020-2.html#primaryimage"},"image":{"@id":"https:\/\/www.bagnoitalia.com\/fr\/produit\/black-thermostatic-shower-column-with-overhead-shower-side-hand-shower-and-bath-tap-dc020-2.html#primaryimage"},"thumbnailUrl":"https:\/\/img.bagnoitalia.com\/wp-content\/uploads\/virtuemart\/product\/thermostatic-shower-column-black-full-optional-1.jpg","datePublished":"2023-09-12T12:12:28+00:00","description":"Colonne de douche multifonctions, avec \u00e9cran, bouton de temp\u00e9rature, bouton d&#39;ouverture et de fermeture, boutons d&#39;inversion de l&#39;eau, porte-bouteille, douchette \u00e0 main, douchette lat\u00e9rale, douchette \u00e0 jet et robinet de fond.","breadcrumb":{"@id":"https:\/\/www.bagnoitalia.com\/fr\/produit\/black-thermostatic-shower-column-with-overhead-shower-side-hand-shower-and-bath-tap-dc020-2.html#breadcrumb"},"inLanguage":"fr-FR","potentialAction":[{"@type":"ReadAction","target":["https:\/\/www.bagnoitalia.com\/fr\/produit\/black-thermostatic-shower-column-with-overhead-shower-side-hand-shower-and-bath-tap-dc020-2.html"]}]},{"@type":"ImageObject","inLanguage":"fr-FR","@id":"https:\/\/www.bagnoitalia.com\/fr\/produit\/black-thermostatic-shower-column-with-overhead-shower-side-hand-shower-and-bath-tap-dc020-2.html#primaryimage","url":"https:\/\/img.bagnoitalia.com\/wp-content\/uploads\/virtuemart\/product\/thermostatic-shower-column-black-full-optional-1.jpg","contentUrl":"https:\/\/img.bagnoitalia.com\/wp-content\/uploads\/virtuemart\/product\/thermostatic-shower-column-black-full-optional-1.jpg","width":550,"height":550},{"@type":"BreadcrumbList","@id":"https:\/\/www.bagnoitalia.com\/fr\/produit\/black-thermostatic-shower-column-with-overhead-shower-side-hand-shower-and-bath-tap-dc020-2.html#breadcrumb","itemListElement":[{"@type":"ListItem","position":1,"name":"Home","item":"https:\/\/www.bagnoitalia.com\/fr"},{"@type":"ListItem","position":2,"name":"Produits","item":"https:\/\/www.bagnoitalia.com\/fr\/shop"},{"@type":"ListItem","position":3,"name":"Colonne de douche thermostatique noire avec douche de t\u00eate, douchette lat\u00e9rale et robinet de baignoire DC020"}]},{"@type":"WebSite","@id":"https:\/\/www.bagnoitalia.com\/fr#website","url":"https:\/\/www.bagnoitalia.com\/fr","name":"Bagno Italia","description":"","publisher":{"@id":"https:\/\/www.bagnoitalia.com\/fr#organization"},"potentialAction":[{"@type":"SearchAction","target":{"@type":"EntryPoint","urlTemplate":"https:\/\/www.bagnoitalia.com\/fr?s={search_term_string}"},"query-input":{"@type":"PropertyValueSpecification","valueRequired":true,"valueName":"search_term_string"}}],"inLanguage":"fr-FR"},{"@type":"Organization","@id":"https:\/\/www.bagnoitalia.com\/fr#organization","name":"Bagno Italia","url":"https:\/\/www.bagnoitalia.com\/fr","logo":{"@type":"ImageObject","inLanguage":"fr-FR","@id":"https:\/\/www.bagnoitalia.com\/fr#\/schema\/logo\/image\/","url":"https:\/\/img.bagnoitalia.com\/wp-content\/uploads\/logo-bagnoitalia.webp","contentUrl":"https:\/\/img.bagnoitalia.com\/wp-content\/uploads\/logo-bagnoitalia.webp","width":400,"height":70,"caption":"Bagno Italia"},"image":{"@id":"https:\/\/www.bagnoitalia.com\/fr#\/schema\/logo\/image\/"}}]}},"_links":{"self":[{"href":"https:\/\/www.bagnoitalia.com\/fr\/wp-json\/wp\/v2\/product\/83429","targetHints":{"allow":["GET"]}}],"collection":[{"href":"https:\/\/www.bagnoitalia.com\/fr\/wp-json\/wp\/v2\/product"}],"about":[{"href":"https:\/\/www.bagnoitalia.com\/fr\/wp-json\/wp\/v2\/types\/product"}],"replies":[{"embeddable":true,"href":"https:\/\/www.bagnoitalia.com\/fr\/wp-json\/wp\/v2\/comments?post=83429"}],"version-history":[{"count":0,"href":"https:\/\/www.bagnoitalia.com\/fr\/wp-json\/wp\/v2\/product\/83429\/revisions"}],"wp:featuredmedia":[{"embeddable":true,"href":"https:\/\/www.bagnoitalia.com\/fr\/wp-json\/wp\/v2\/media\/65121"}],"wp:attachment":[{"href":"https:\/\/www.bagnoitalia.com\/fr\/wp-json\/wp\/v2\/media?parent=83429"}],"wp:term":[{"taxonomy":"product_brand","embeddable":true,"href":"https:\/\/www.bagnoitalia.com\/fr\/wp-json\/wp\/v2\/product_brand?post=83429"},{"taxonomy":"product_cat","embeddable":true,"href":"https:\/\/www.bagnoitalia.com\/fr\/wp-json\/wp\/v2\/product_cat?post=83429"},{"taxonomy":"product_tag","embeddable":true,"href":"https:\/\/www.bagnoitalia.com\/fr\/wp-json\/wp\/v2\/product_tag?post=83429"}],"curies":[{"name":"wp","href":"https:\/\/api.w.org\/{rel}","templated":true}]}}