{"id":83401,"date":"2023-08-31T14:53:09","date_gmt":"2023-08-31T12:53:09","guid":{"rendered":"https:\/\/www.bagnoitalia.com\/product\/shower-column-with-thermostat-and-hydromassage-jets-in-4-models-colour-black-or-brushed-dc019-2"},"modified":"2025-05-07T09:55:42","modified_gmt":"2025-05-07T07:55:42","slug":"shower-column-with-thermostat-and-hydromassage-jets-in-4-models-colour-black-or-brushed-dc019-2","status":"publish","type":"product","link":"https:\/\/www.bagnoitalia.com\/fr\/produit\/shower-column-with-thermostat-and-hydromassage-jets-in-4-models-colour-black-or-brushed-dc019-2.html","title":{"rendered":"Colonne de douche avec thermostat et jets d&rsquo;hydromassage en 3 mod\u00e8les couleur noir ou bross\u00e9 DC019"},"content":{"rendered":"<p style=\"text-align: center;\"><span style=\"text-decoration: underline; color: #ff0000; font-size: 18pt;\"><strong>COLONNE DE DOUCHE avec THERMOSTATIQUE \u00ab\u00a0DC019<\/strong><\/span><\/p>\n<p>&nbsp;<\/p>\n<p><span style=\"text-decoration: underline;\"><strong>TYPES DISPONIBLES :<\/strong><\/span><\/p>\n<p>Colonne de douche disponible en 3 versions, visibles sur les photos du produit<\/p>\n<p>\u2013 Mod\u00e8le 1 Bross\u00e9<\/p>\n<p>\u2013 Mod\u00e8le 2 noir<\/p>\n<p>\u2013 Mod\u00e8le 2 Bross\u00e9<\/p>\n<p>S\u00e9lectionnez le type et la couleur choisis dans le menu d\u00e9roulant<\/p>\n<p>(le mod\u00e8le 1 noir n&rsquo;est plus disponible)<\/p>\n<p>&nbsp;<\/p>\n<p>MOD\u00c8LE 1 :\u00a0compos\u00e9 de 36 mini jets d&rsquo;hydromassage<\/p>\n<p>MOD\u00c8LE 2 :\u00a0\u00a0compos\u00e9 de 6 grands jets d&rsquo;hydromassage directionnels<\/p>\n<p>&nbsp;<\/p>\n<p>CARACT\u00c9RISTIQUES ET ACCESSOIRES INCLUS\u00a0:<\/p>\n<p>Colonne de douche en acier inoxydable<\/p>\n<p>avec mitigeur thermostatique<\/p>\n<p>Pomme de douche avec 2 types de jet : pluie (avec 60 buses) ou cascade<\/p>\n<p>Douche lat\u00e9rale<\/p>\n<p>3 boutons\u00a0: levier d&rsquo;ouverture-fermeture, levier d&rsquo;inverseur, levier de r\u00e9glage de la temp\u00e9rature<\/p>\n<p>\u00c9cran pour visualiser la temp\u00e9rature r\u00e9gl\u00e9e<\/p>\n<p>Robinet inf\u00e9rieur<\/p>\n<p>alimentation par batterie<\/p>\n<p>&nbsp;<\/p>\n<p>&nbsp;<\/p>\n<p>&nbsp;<\/p>\n<p>&nbsp;<\/p>\n<p>&nbsp;<\/p>\n<p>&nbsp;<\/p>\n<p>&nbsp;<\/p>\n<p>&nbsp;<\/p>\n<p>&nbsp;<\/p>\n<p>&nbsp;<\/p>\n","protected":false},"excerpt":{"rendered":"<p>Panneau de douche d&rsquo;hydromassage avec douchette centrale et douchette lat\u00e9rale. Disponible en 3 versions. Avec mitigeur thermostatique.<\/p>\n","protected":false},"featured_media":64829,"comment_status":"open","ping_status":"closed","template":"","meta":[],"product_brand":[9879],"product_cat":[9763],"product_tag":[],"class_list":{"0":"post-83401","1":"product","2":"type-product","3":"status-publish","4":"has-post-thumbnail","6":"product_brand-vari-produttori-fr","7":"product_cat-colonne-de-douche","9":"first","10":"instock","11":"sale","12":"taxable","13":"shipping-taxable","14":"purchasable","15":"product-type-simple"},"exclude_global_add_ons":false,"addons":[{"name":"Typologie","type":"multiple_choice","position":0,"required":true,"title_format":"heading","default":"","description_enable":false,"description":"","placeholder_enable":false,"placeholder":"","display":"select","restrictions_type":"any_text","adjust_price":false,"price":"","price_type":"flat_fee","restrictions":false,"min":"0","max":"0","options":[{"label":"mod\u00e8le 1 bross\u00e9","price":"","price_type":"quantity_based","image":0,"visibility":true},{"label":"mod\u00e8le 2 bross\u00e9","price":"","price_type":"quantity_based","image":0,"visibility":true},{"label":"(Non disponible) mod\u00e8le 2 noir","price":"","price_type":"quantity_based","image":0,"visibility":true}],"id":1716906723}],"yoast_head":"<!-- This site is optimized with the Yoast SEO plugin v26.7 - https:\/\/yoast.com\/wordpress\/plugins\/seo\/ -->\n<title>Colonne de douche avec thermostat et jets d&#039;hydromassage en 4 mod\u00e8les couleur noir ou bross\u00e9 DC019<\/title>\n<meta name=\"description\" content=\"Panneau de douche d&#039;hydromassage avec douchette centrale et douchette lat\u00e9rale. Disponible en 4 versions. Avec mitigeur thermostatique.\" \/>\n<meta name=\"robots\" content=\"index, follow, max-snippet:-1, max-image-preview:large, max-video-preview:-1\" \/>\n<link rel=\"canonical\" href=\"https:\/\/www.bagnoitalia.com\/fr\/produit\/shower-column-with-thermostat-and-hydromassage-jets-in-4-models-colour-black-or-brushed-dc019-2.html\" \/>\n<meta property=\"og:locale\" content=\"fr_FR\" \/>\n<meta property=\"og:type\" content=\"article\" \/>\n<meta property=\"og:title\" content=\"Colonne de douche avec thermostat et jets d&#039;hydromassage en 4 mod\u00e8les couleur noir ou bross\u00e9 DC019\" \/>\n<meta property=\"og:description\" content=\"Panneau de douche d&#039;hydromassage avec douchette centrale et douchette lat\u00e9rale. Disponible en 4 versions. Avec mitigeur thermostatique.\" \/>\n<meta property=\"og:url\" content=\"https:\/\/www.bagnoitalia.com\/fr\/produit\/shower-column-with-thermostat-and-hydromassage-jets-in-4-models-colour-black-or-brushed-dc019-2.html\" \/>\n<meta property=\"og:site_name\" content=\"Bagno Italia\" \/>\n<meta property=\"article:modified_time\" content=\"2025-05-07T07:55:42+00:00\" \/>\n<meta property=\"og:image\" content=\"https:\/\/img.bagnoitalia.com\/wp-content\/uploads\/virtuemart\/product\/shower-shower-column-thermo-models-1.jpg\" \/>\n\t<meta property=\"og:image:width\" content=\"550\" \/>\n\t<meta property=\"og:image:height\" content=\"550\" \/>\n\t<meta property=\"og:image:type\" content=\"image\/jpeg\" \/>\n<meta name=\"twitter:card\" content=\"summary_large_image\" \/>\n<meta name=\"twitter:label1\" content=\"Dur\u00e9e de lecture estim\u00e9e\" \/>\n\t<meta name=\"twitter:data1\" content=\"1 minute\" \/>\n<script type=\"application\/ld+json\" class=\"yoast-schema-graph\">{\"@context\":\"https:\/\/schema.org\",\"@graph\":[{\"@type\":\"WebPage\",\"@id\":\"https:\/\/www.bagnoitalia.com\/fr\/produit\/shower-column-with-thermostat-and-hydromassage-jets-in-4-models-colour-black-or-brushed-dc019-2.html\",\"url\":\"https:\/\/www.bagnoitalia.com\/fr\/produit\/shower-column-with-thermostat-and-hydromassage-jets-in-4-models-colour-black-or-brushed-dc019-2.html\",\"name\":\"Colonne de douche avec thermostat et jets d'hydromassage en 4 mod\u00e8les couleur noir ou bross\u00e9 DC019\",\"isPartOf\":{\"@id\":\"https:\/\/www.bagnoitalia.com\/fr#website\"},\"primaryImageOfPage\":{\"@id\":\"https:\/\/www.bagnoitalia.com\/fr\/produit\/shower-column-with-thermostat-and-hydromassage-jets-in-4-models-colour-black-or-brushed-dc019-2.html#primaryimage\"},\"image\":{\"@id\":\"https:\/\/www.bagnoitalia.com\/fr\/produit\/shower-column-with-thermostat-and-hydromassage-jets-in-4-models-colour-black-or-brushed-dc019-2.html#primaryimage\"},\"thumbnailUrl\":\"https:\/\/img.bagnoitalia.com\/wp-content\/uploads\/virtuemart\/product\/shower-shower-column-thermo-models-1.jpg\",\"datePublished\":\"2023-08-31T12:53:09+00:00\",\"dateModified\":\"2025-05-07T07:55:42+00:00\",\"description\":\"Panneau de douche d'hydromassage avec douchette centrale et douchette lat\u00e9rale. Disponible en 4 versions. Avec mitigeur thermostatique.\",\"breadcrumb\":{\"@id\":\"https:\/\/www.bagnoitalia.com\/fr\/produit\/shower-column-with-thermostat-and-hydromassage-jets-in-4-models-colour-black-or-brushed-dc019-2.html#breadcrumb\"},\"inLanguage\":\"fr-FR\",\"potentialAction\":[{\"@type\":\"ReadAction\",\"target\":[\"https:\/\/www.bagnoitalia.com\/fr\/produit\/shower-column-with-thermostat-and-hydromassage-jets-in-4-models-colour-black-or-brushed-dc019-2.html\"]}]},{\"@type\":\"ImageObject\",\"inLanguage\":\"fr-FR\",\"@id\":\"https:\/\/www.bagnoitalia.com\/fr\/produit\/shower-column-with-thermostat-and-hydromassage-jets-in-4-models-colour-black-or-brushed-dc019-2.html#primaryimage\",\"url\":\"https:\/\/img.bagnoitalia.com\/wp-content\/uploads\/virtuemart\/product\/shower-shower-column-thermo-models-1.jpg\",\"contentUrl\":\"https:\/\/img.bagnoitalia.com\/wp-content\/uploads\/virtuemart\/product\/shower-shower-column-thermo-models-1.jpg\",\"width\":550,\"height\":550},{\"@type\":\"BreadcrumbList\",\"@id\":\"https:\/\/www.bagnoitalia.com\/fr\/produit\/shower-column-with-thermostat-and-hydromassage-jets-in-4-models-colour-black-or-brushed-dc019-2.html#breadcrumb\",\"itemListElement\":[{\"@type\":\"ListItem\",\"position\":1,\"name\":\"Home\",\"item\":\"https:\/\/www.bagnoitalia.com\/fr\"},{\"@type\":\"ListItem\",\"position\":2,\"name\":\"Produits\",\"item\":\"https:\/\/www.bagnoitalia.com\/fr\/shop\"},{\"@type\":\"ListItem\",\"position\":3,\"name\":\"Colonne de douche avec thermostat et jets d&#8217;hydromassage en 3 mod\u00e8les couleur noir ou bross\u00e9 DC019\"}]},{\"@type\":\"WebSite\",\"@id\":\"https:\/\/www.bagnoitalia.com\/fr#website\",\"url\":\"https:\/\/www.bagnoitalia.com\/fr\",\"name\":\"Bagno Italia\",\"description\":\"\",\"publisher\":{\"@id\":\"https:\/\/www.bagnoitalia.com\/fr#organization\"},\"potentialAction\":[{\"@type\":\"SearchAction\",\"target\":{\"@type\":\"EntryPoint\",\"urlTemplate\":\"https:\/\/www.bagnoitalia.com\/fr?s={search_term_string}\"},\"query-input\":{\"@type\":\"PropertyValueSpecification\",\"valueRequired\":true,\"valueName\":\"search_term_string\"}}],\"inLanguage\":\"fr-FR\"},{\"@type\":\"Organization\",\"@id\":\"https:\/\/www.bagnoitalia.com\/fr#organization\",\"name\":\"Bagno Italia\",\"url\":\"https:\/\/www.bagnoitalia.com\/fr\",\"logo\":{\"@type\":\"ImageObject\",\"inLanguage\":\"fr-FR\",\"@id\":\"https:\/\/www.bagnoitalia.com\/fr#\/schema\/logo\/image\/\",\"url\":\"https:\/\/img.bagnoitalia.com\/wp-content\/uploads\/logo-bagnoitalia.webp\",\"contentUrl\":\"https:\/\/img.bagnoitalia.com\/wp-content\/uploads\/logo-bagnoitalia.webp\",\"width\":400,\"height\":70,\"caption\":\"Bagno Italia\"},\"image\":{\"@id\":\"https:\/\/www.bagnoitalia.com\/fr#\/schema\/logo\/image\/\"}}]}<\/script>\n<!-- \/ Yoast SEO plugin. -->","yoast_head_json":{"title":"Colonne de douche avec thermostat et jets d'hydromassage en 4 mod\u00e8les couleur noir ou bross\u00e9 DC019","description":"Panneau de douche d'hydromassage avec douchette centrale et douchette lat\u00e9rale. Disponible en 4 versions. Avec mitigeur thermostatique.","robots":{"index":"index","follow":"follow","max-snippet":"max-snippet:-1","max-image-preview":"max-image-preview:large","max-video-preview":"max-video-preview:-1"},"canonical":"https:\/\/www.bagnoitalia.com\/fr\/produit\/shower-column-with-thermostat-and-hydromassage-jets-in-4-models-colour-black-or-brushed-dc019-2.html","og_locale":"fr_FR","og_type":"article","og_title":"Colonne de douche avec thermostat et jets d'hydromassage en 4 mod\u00e8les couleur noir ou bross\u00e9 DC019","og_description":"Panneau de douche d'hydromassage avec douchette centrale et douchette lat\u00e9rale. Disponible en 4 versions. Avec mitigeur thermostatique.","og_url":"https:\/\/www.bagnoitalia.com\/fr\/produit\/shower-column-with-thermostat-and-hydromassage-jets-in-4-models-colour-black-or-brushed-dc019-2.html","og_site_name":"Bagno Italia","article_modified_time":"2025-05-07T07:55:42+00:00","og_image":[{"width":550,"height":550,"url":"https:\/\/img.bagnoitalia.com\/wp-content\/uploads\/virtuemart\/product\/shower-shower-column-thermo-models-1.jpg","type":"image\/jpeg"}],"twitter_card":"summary_large_image","twitter_misc":{"Dur\u00e9e de lecture estim\u00e9e":"1 minute"},"schema":{"@context":"https:\/\/schema.org","@graph":[{"@type":"WebPage","@id":"https:\/\/www.bagnoitalia.com\/fr\/produit\/shower-column-with-thermostat-and-hydromassage-jets-in-4-models-colour-black-or-brushed-dc019-2.html","url":"https:\/\/www.bagnoitalia.com\/fr\/produit\/shower-column-with-thermostat-and-hydromassage-jets-in-4-models-colour-black-or-brushed-dc019-2.html","name":"Colonne de douche avec thermostat et jets d'hydromassage en 4 mod\u00e8les couleur noir ou bross\u00e9 DC019","isPartOf":{"@id":"https:\/\/www.bagnoitalia.com\/fr#website"},"primaryImageOfPage":{"@id":"https:\/\/www.bagnoitalia.com\/fr\/produit\/shower-column-with-thermostat-and-hydromassage-jets-in-4-models-colour-black-or-brushed-dc019-2.html#primaryimage"},"image":{"@id":"https:\/\/www.bagnoitalia.com\/fr\/produit\/shower-column-with-thermostat-and-hydromassage-jets-in-4-models-colour-black-or-brushed-dc019-2.html#primaryimage"},"thumbnailUrl":"https:\/\/img.bagnoitalia.com\/wp-content\/uploads\/virtuemart\/product\/shower-shower-column-thermo-models-1.jpg","datePublished":"2023-08-31T12:53:09+00:00","dateModified":"2025-05-07T07:55:42+00:00","description":"Panneau de douche d'hydromassage avec douchette centrale et douchette lat\u00e9rale. Disponible en 4 versions. Avec mitigeur thermostatique.","breadcrumb":{"@id":"https:\/\/www.bagnoitalia.com\/fr\/produit\/shower-column-with-thermostat-and-hydromassage-jets-in-4-models-colour-black-or-brushed-dc019-2.html#breadcrumb"},"inLanguage":"fr-FR","potentialAction":[{"@type":"ReadAction","target":["https:\/\/www.bagnoitalia.com\/fr\/produit\/shower-column-with-thermostat-and-hydromassage-jets-in-4-models-colour-black-or-brushed-dc019-2.html"]}]},{"@type":"ImageObject","inLanguage":"fr-FR","@id":"https:\/\/www.bagnoitalia.com\/fr\/produit\/shower-column-with-thermostat-and-hydromassage-jets-in-4-models-colour-black-or-brushed-dc019-2.html#primaryimage","url":"https:\/\/img.bagnoitalia.com\/wp-content\/uploads\/virtuemart\/product\/shower-shower-column-thermo-models-1.jpg","contentUrl":"https:\/\/img.bagnoitalia.com\/wp-content\/uploads\/virtuemart\/product\/shower-shower-column-thermo-models-1.jpg","width":550,"height":550},{"@type":"BreadcrumbList","@id":"https:\/\/www.bagnoitalia.com\/fr\/produit\/shower-column-with-thermostat-and-hydromassage-jets-in-4-models-colour-black-or-brushed-dc019-2.html#breadcrumb","itemListElement":[{"@type":"ListItem","position":1,"name":"Home","item":"https:\/\/www.bagnoitalia.com\/fr"},{"@type":"ListItem","position":2,"name":"Produits","item":"https:\/\/www.bagnoitalia.com\/fr\/shop"},{"@type":"ListItem","position":3,"name":"Colonne de douche avec thermostat et jets d&#8217;hydromassage en 3 mod\u00e8les couleur noir ou bross\u00e9 DC019"}]},{"@type":"WebSite","@id":"https:\/\/www.bagnoitalia.com\/fr#website","url":"https:\/\/www.bagnoitalia.com\/fr","name":"Bagno Italia","description":"","publisher":{"@id":"https:\/\/www.bagnoitalia.com\/fr#organization"},"potentialAction":[{"@type":"SearchAction","target":{"@type":"EntryPoint","urlTemplate":"https:\/\/www.bagnoitalia.com\/fr?s={search_term_string}"},"query-input":{"@type":"PropertyValueSpecification","valueRequired":true,"valueName":"search_term_string"}}],"inLanguage":"fr-FR"},{"@type":"Organization","@id":"https:\/\/www.bagnoitalia.com\/fr#organization","name":"Bagno Italia","url":"https:\/\/www.bagnoitalia.com\/fr","logo":{"@type":"ImageObject","inLanguage":"fr-FR","@id":"https:\/\/www.bagnoitalia.com\/fr#\/schema\/logo\/image\/","url":"https:\/\/img.bagnoitalia.com\/wp-content\/uploads\/logo-bagnoitalia.webp","contentUrl":"https:\/\/img.bagnoitalia.com\/wp-content\/uploads\/logo-bagnoitalia.webp","width":400,"height":70,"caption":"Bagno Italia"},"image":{"@id":"https:\/\/www.bagnoitalia.com\/fr#\/schema\/logo\/image\/"}}]}},"_links":{"self":[{"href":"https:\/\/www.bagnoitalia.com\/fr\/wp-json\/wp\/v2\/product\/83401","targetHints":{"allow":["GET"]}}],"collection":[{"href":"https:\/\/www.bagnoitalia.com\/fr\/wp-json\/wp\/v2\/product"}],"about":[{"href":"https:\/\/www.bagnoitalia.com\/fr\/wp-json\/wp\/v2\/types\/product"}],"replies":[{"embeddable":true,"href":"https:\/\/www.bagnoitalia.com\/fr\/wp-json\/wp\/v2\/comments?post=83401"}],"version-history":[{"count":5,"href":"https:\/\/www.bagnoitalia.com\/fr\/wp-json\/wp\/v2\/product\/83401\/revisions"}],"predecessor-version":[{"id":105912,"href":"https:\/\/www.bagnoitalia.com\/fr\/wp-json\/wp\/v2\/product\/83401\/revisions\/105912"}],"wp:featuredmedia":[{"embeddable":true,"href":"https:\/\/www.bagnoitalia.com\/fr\/wp-json\/wp\/v2\/media\/64829"}],"wp:attachment":[{"href":"https:\/\/www.bagnoitalia.com\/fr\/wp-json\/wp\/v2\/media?parent=83401"}],"wp:term":[{"taxonomy":"product_brand","embeddable":true,"href":"https:\/\/www.bagnoitalia.com\/fr\/wp-json\/wp\/v2\/product_brand?post=83401"},{"taxonomy":"product_cat","embeddable":true,"href":"https:\/\/www.bagnoitalia.com\/fr\/wp-json\/wp\/v2\/product_cat?post=83401"},{"taxonomy":"product_tag","embeddable":true,"href":"https:\/\/www.bagnoitalia.com\/fr\/wp-json\/wp\/v2\/product_tag?post=83401"}],"curies":[{"name":"wp","href":"https:\/\/api.w.org\/{rel}","templated":true}]}}