{"id":83393,"date":"2023-08-30T13:40:27","date_gmt":"2023-08-30T11:40:27","guid":{"rendered":"https:\/\/www.bagnoitalia.com\/product\/swivel-and-flexible-kitchen-sink-mixer-classic-or-rain-spray-jet-wall-mounted-rb171-2"},"modified":"2023-08-30T13:40:27","modified_gmt":"2023-08-30T11:40:27","slug":"swivel-and-flexible-kitchen-sink-mixer-classic-or-rain-spray-jet-wall-mounted-rb171-2","status":"publish","type":"product","link":"https:\/\/www.bagnoitalia.com\/fr\/produit\/swivel-and-flexible-kitchen-sink-mixer-classic-or-rain-spray-jet-wall-mounted-rb171-2.html","title":{"rendered":"Mitigeur d&rsquo;\u00e9vier orientable et flexible classique ou jet de pluie mural RB171"},"content":{"rendered":"<p style=\"text-align: center;\">&nbsp;<br \/><span style=\"text-decoration: underline; color: #ff0000; font-size: 18pt;\"><strong>M\u00e9langeur mural pour \u00e9viers de cuisine RB171<\/strong><\/span><\/p>\n<p>&nbsp;<\/p>\n<p><span style=\"text-decoration: underline;\"><strong>D\u00c9TAILS DU PRODUIT<\/strong><\/span><\/p>\n<p>Mitigeur mural \u00e0 double trou<\/p>\n<p>Adapt\u00e9 aux \u00e9viers de cuisine<\/p>\n<p>Col pivotant et flexible<\/p>\n<p>Buse avec deux types de jet : normal ou douche (effet pluie)<\/p>\n<p>Design moderne<\/p>\n<p>Bicolore : chrome et noir<\/p>\n<p>Monolevier pour m\u00e9langer l&rsquo;eau<\/p>\n<p>&nbsp;<\/p>\n<p>&nbsp;<br \/>&nbsp;<br \/>&nbsp;<\/p>\n","protected":false},"excerpt":{"rendered":"<p>Mitigeur mural pour \u00e9vier de cuisine. Col flexible et orientable et bec \u00e0 double jet : normal ou douche.<\/p>\n","protected":false},"featured_media":64741,"comment_status":"open","ping_status":"closed","template":"","meta":[],"product_brand":[5004],"product_cat":[10115],"product_tag":[],"class_list":{"0":"post-83393","1":"product","2":"type-product","3":"status-publish","4":"has-post-thumbnail","6":"product_brand-vari-produttori","7":"product_cat-senza-categoria-fr","9":"first","10":"outofstock","11":"taxable","12":"shipping-taxable","13":"purchasable","14":"product-type-simple"},"exclude_global_add_ons":[],"addons":[],"yoast_head":"<!-- This site is optimized with the Yoast SEO plugin v26.7 - https:\/\/yoast.com\/wordpress\/plugins\/seo\/ -->\n<title>Mitigeur d&#039;\u00e9vier orientable et flexible classique ou jet de pluie mural RB171<\/title>\n<meta name=\"description\" content=\"Mitigeur mural pour \u00e9vier de cuisine. Col flexible et orientable et bec \u00e0 double jet : normal ou douche.\" \/>\n<meta name=\"robots\" content=\"index, follow, max-snippet:-1, max-image-preview:large, max-video-preview:-1\" \/>\n<link rel=\"canonical\" href=\"https:\/\/www.bagnoitalia.com\/fr\/produit\/swivel-and-flexible-kitchen-sink-mixer-classic-or-rain-spray-jet-wall-mounted-rb171-2.html\" \/>\n<meta property=\"og:locale\" content=\"fr_FR\" \/>\n<meta property=\"og:type\" content=\"article\" \/>\n<meta property=\"og:title\" content=\"Mitigeur d&#039;\u00e9vier orientable et flexible classique ou jet de pluie mural RB171\" \/>\n<meta property=\"og:description\" content=\"Mitigeur mural pour \u00e9vier de cuisine. Col flexible et orientable et bec \u00e0 double jet : normal ou douche.\" \/>\n<meta property=\"og:url\" content=\"https:\/\/www.bagnoitalia.com\/fr\/produit\/swivel-and-flexible-kitchen-sink-mixer-classic-or-rain-spray-jet-wall-mounted-rb171-2.html\" \/>\n<meta property=\"og:site_name\" content=\"Bagno Italia\" \/>\n<meta property=\"og:image\" content=\"https:\/\/img.bagnoitalia.com\/wp-content\/uploads\/virtuemart\/product\/mixer-a-mural-sink-kitchen-double-jet-1.jpg\" \/>\n\t<meta property=\"og:image:width\" content=\"550\" \/>\n\t<meta property=\"og:image:height\" content=\"550\" \/>\n\t<meta property=\"og:image:type\" content=\"image\/jpeg\" \/>\n<meta name=\"twitter:card\" content=\"summary_large_image\" \/>\n<script type=\"application\/ld+json\" class=\"yoast-schema-graph\">{\"@context\":\"https:\/\/schema.org\",\"@graph\":[{\"@type\":\"WebPage\",\"@id\":\"https:\/\/www.bagnoitalia.com\/fr\/produit\/swivel-and-flexible-kitchen-sink-mixer-classic-or-rain-spray-jet-wall-mounted-rb171-2.html\",\"url\":\"https:\/\/www.bagnoitalia.com\/fr\/produit\/swivel-and-flexible-kitchen-sink-mixer-classic-or-rain-spray-jet-wall-mounted-rb171-2.html\",\"name\":\"Mitigeur d'\u00e9vier orientable et flexible classique ou jet de pluie mural RB171\",\"isPartOf\":{\"@id\":\"https:\/\/www.bagnoitalia.com\/fr#website\"},\"primaryImageOfPage\":{\"@id\":\"https:\/\/www.bagnoitalia.com\/fr\/produit\/swivel-and-flexible-kitchen-sink-mixer-classic-or-rain-spray-jet-wall-mounted-rb171-2.html#primaryimage\"},\"image\":{\"@id\":\"https:\/\/www.bagnoitalia.com\/fr\/produit\/swivel-and-flexible-kitchen-sink-mixer-classic-or-rain-spray-jet-wall-mounted-rb171-2.html#primaryimage\"},\"thumbnailUrl\":\"https:\/\/img.bagnoitalia.com\/wp-content\/uploads\/virtuemart\/product\/mixer-a-mural-sink-kitchen-double-jet-1.jpg\",\"datePublished\":\"2023-08-30T11:40:27+00:00\",\"description\":\"Mitigeur mural pour \u00e9vier de cuisine. Col flexible et orientable et bec \u00e0 double jet : normal ou douche.\",\"breadcrumb\":{\"@id\":\"https:\/\/www.bagnoitalia.com\/fr\/produit\/swivel-and-flexible-kitchen-sink-mixer-classic-or-rain-spray-jet-wall-mounted-rb171-2.html#breadcrumb\"},\"inLanguage\":\"fr-FR\",\"potentialAction\":[{\"@type\":\"ReadAction\",\"target\":[\"https:\/\/www.bagnoitalia.com\/fr\/produit\/swivel-and-flexible-kitchen-sink-mixer-classic-or-rain-spray-jet-wall-mounted-rb171-2.html\"]}]},{\"@type\":\"ImageObject\",\"inLanguage\":\"fr-FR\",\"@id\":\"https:\/\/www.bagnoitalia.com\/fr\/produit\/swivel-and-flexible-kitchen-sink-mixer-classic-or-rain-spray-jet-wall-mounted-rb171-2.html#primaryimage\",\"url\":\"https:\/\/img.bagnoitalia.com\/wp-content\/uploads\/virtuemart\/product\/mixer-a-mural-sink-kitchen-double-jet-1.jpg\",\"contentUrl\":\"https:\/\/img.bagnoitalia.com\/wp-content\/uploads\/virtuemart\/product\/mixer-a-mural-sink-kitchen-double-jet-1.jpg\",\"width\":550,\"height\":550},{\"@type\":\"BreadcrumbList\",\"@id\":\"https:\/\/www.bagnoitalia.com\/fr\/produit\/swivel-and-flexible-kitchen-sink-mixer-classic-or-rain-spray-jet-wall-mounted-rb171-2.html#breadcrumb\",\"itemListElement\":[{\"@type\":\"ListItem\",\"position\":1,\"name\":\"Home\",\"item\":\"https:\/\/www.bagnoitalia.com\/fr\"},{\"@type\":\"ListItem\",\"position\":2,\"name\":\"Produits\",\"item\":\"https:\/\/www.bagnoitalia.com\/fr\/shop\"},{\"@type\":\"ListItem\",\"position\":3,\"name\":\"Mitigeur d&#8217;\u00e9vier orientable et flexible classique ou jet de pluie mural RB171\"}]},{\"@type\":\"WebSite\",\"@id\":\"https:\/\/www.bagnoitalia.com\/fr#website\",\"url\":\"https:\/\/www.bagnoitalia.com\/fr\",\"name\":\"Bagno Italia\",\"description\":\"\",\"publisher\":{\"@id\":\"https:\/\/www.bagnoitalia.com\/fr#organization\"},\"potentialAction\":[{\"@type\":\"SearchAction\",\"target\":{\"@type\":\"EntryPoint\",\"urlTemplate\":\"https:\/\/www.bagnoitalia.com\/fr?s={search_term_string}\"},\"query-input\":{\"@type\":\"PropertyValueSpecification\",\"valueRequired\":true,\"valueName\":\"search_term_string\"}}],\"inLanguage\":\"fr-FR\"},{\"@type\":\"Organization\",\"@id\":\"https:\/\/www.bagnoitalia.com\/fr#organization\",\"name\":\"Bagno Italia\",\"url\":\"https:\/\/www.bagnoitalia.com\/fr\",\"logo\":{\"@type\":\"ImageObject\",\"inLanguage\":\"fr-FR\",\"@id\":\"https:\/\/www.bagnoitalia.com\/fr#\/schema\/logo\/image\/\",\"url\":\"https:\/\/img.bagnoitalia.com\/wp-content\/uploads\/logo-bagnoitalia.webp\",\"contentUrl\":\"https:\/\/img.bagnoitalia.com\/wp-content\/uploads\/logo-bagnoitalia.webp\",\"width\":400,\"height\":70,\"caption\":\"Bagno Italia\"},\"image\":{\"@id\":\"https:\/\/www.bagnoitalia.com\/fr#\/schema\/logo\/image\/\"}}]}<\/script>\n<!-- \/ Yoast SEO plugin. -->","yoast_head_json":{"title":"Mitigeur d'\u00e9vier orientable et flexible classique ou jet de pluie mural RB171","description":"Mitigeur mural pour \u00e9vier de cuisine. Col flexible et orientable et bec \u00e0 double jet : normal ou douche.","robots":{"index":"index","follow":"follow","max-snippet":"max-snippet:-1","max-image-preview":"max-image-preview:large","max-video-preview":"max-video-preview:-1"},"canonical":"https:\/\/www.bagnoitalia.com\/fr\/produit\/swivel-and-flexible-kitchen-sink-mixer-classic-or-rain-spray-jet-wall-mounted-rb171-2.html","og_locale":"fr_FR","og_type":"article","og_title":"Mitigeur d'\u00e9vier orientable et flexible classique ou jet de pluie mural RB171","og_description":"Mitigeur mural pour \u00e9vier de cuisine. Col flexible et orientable et bec \u00e0 double jet : normal ou douche.","og_url":"https:\/\/www.bagnoitalia.com\/fr\/produit\/swivel-and-flexible-kitchen-sink-mixer-classic-or-rain-spray-jet-wall-mounted-rb171-2.html","og_site_name":"Bagno Italia","og_image":[{"width":550,"height":550,"url":"https:\/\/img.bagnoitalia.com\/wp-content\/uploads\/virtuemart\/product\/mixer-a-mural-sink-kitchen-double-jet-1.jpg","type":"image\/jpeg"}],"twitter_card":"summary_large_image","schema":{"@context":"https:\/\/schema.org","@graph":[{"@type":"WebPage","@id":"https:\/\/www.bagnoitalia.com\/fr\/produit\/swivel-and-flexible-kitchen-sink-mixer-classic-or-rain-spray-jet-wall-mounted-rb171-2.html","url":"https:\/\/www.bagnoitalia.com\/fr\/produit\/swivel-and-flexible-kitchen-sink-mixer-classic-or-rain-spray-jet-wall-mounted-rb171-2.html","name":"Mitigeur d'\u00e9vier orientable et flexible classique ou jet de pluie mural RB171","isPartOf":{"@id":"https:\/\/www.bagnoitalia.com\/fr#website"},"primaryImageOfPage":{"@id":"https:\/\/www.bagnoitalia.com\/fr\/produit\/swivel-and-flexible-kitchen-sink-mixer-classic-or-rain-spray-jet-wall-mounted-rb171-2.html#primaryimage"},"image":{"@id":"https:\/\/www.bagnoitalia.com\/fr\/produit\/swivel-and-flexible-kitchen-sink-mixer-classic-or-rain-spray-jet-wall-mounted-rb171-2.html#primaryimage"},"thumbnailUrl":"https:\/\/img.bagnoitalia.com\/wp-content\/uploads\/virtuemart\/product\/mixer-a-mural-sink-kitchen-double-jet-1.jpg","datePublished":"2023-08-30T11:40:27+00:00","description":"Mitigeur mural pour \u00e9vier de cuisine. Col flexible et orientable et bec \u00e0 double jet : normal ou douche.","breadcrumb":{"@id":"https:\/\/www.bagnoitalia.com\/fr\/produit\/swivel-and-flexible-kitchen-sink-mixer-classic-or-rain-spray-jet-wall-mounted-rb171-2.html#breadcrumb"},"inLanguage":"fr-FR","potentialAction":[{"@type":"ReadAction","target":["https:\/\/www.bagnoitalia.com\/fr\/produit\/swivel-and-flexible-kitchen-sink-mixer-classic-or-rain-spray-jet-wall-mounted-rb171-2.html"]}]},{"@type":"ImageObject","inLanguage":"fr-FR","@id":"https:\/\/www.bagnoitalia.com\/fr\/produit\/swivel-and-flexible-kitchen-sink-mixer-classic-or-rain-spray-jet-wall-mounted-rb171-2.html#primaryimage","url":"https:\/\/img.bagnoitalia.com\/wp-content\/uploads\/virtuemart\/product\/mixer-a-mural-sink-kitchen-double-jet-1.jpg","contentUrl":"https:\/\/img.bagnoitalia.com\/wp-content\/uploads\/virtuemart\/product\/mixer-a-mural-sink-kitchen-double-jet-1.jpg","width":550,"height":550},{"@type":"BreadcrumbList","@id":"https:\/\/www.bagnoitalia.com\/fr\/produit\/swivel-and-flexible-kitchen-sink-mixer-classic-or-rain-spray-jet-wall-mounted-rb171-2.html#breadcrumb","itemListElement":[{"@type":"ListItem","position":1,"name":"Home","item":"https:\/\/www.bagnoitalia.com\/fr"},{"@type":"ListItem","position":2,"name":"Produits","item":"https:\/\/www.bagnoitalia.com\/fr\/shop"},{"@type":"ListItem","position":3,"name":"Mitigeur d&#8217;\u00e9vier orientable et flexible classique ou jet de pluie mural RB171"}]},{"@type":"WebSite","@id":"https:\/\/www.bagnoitalia.com\/fr#website","url":"https:\/\/www.bagnoitalia.com\/fr","name":"Bagno Italia","description":"","publisher":{"@id":"https:\/\/www.bagnoitalia.com\/fr#organization"},"potentialAction":[{"@type":"SearchAction","target":{"@type":"EntryPoint","urlTemplate":"https:\/\/www.bagnoitalia.com\/fr?s={search_term_string}"},"query-input":{"@type":"PropertyValueSpecification","valueRequired":true,"valueName":"search_term_string"}}],"inLanguage":"fr-FR"},{"@type":"Organization","@id":"https:\/\/www.bagnoitalia.com\/fr#organization","name":"Bagno Italia","url":"https:\/\/www.bagnoitalia.com\/fr","logo":{"@type":"ImageObject","inLanguage":"fr-FR","@id":"https:\/\/www.bagnoitalia.com\/fr#\/schema\/logo\/image\/","url":"https:\/\/img.bagnoitalia.com\/wp-content\/uploads\/logo-bagnoitalia.webp","contentUrl":"https:\/\/img.bagnoitalia.com\/wp-content\/uploads\/logo-bagnoitalia.webp","width":400,"height":70,"caption":"Bagno Italia"},"image":{"@id":"https:\/\/www.bagnoitalia.com\/fr#\/schema\/logo\/image\/"}}]}},"_links":{"self":[{"href":"https:\/\/www.bagnoitalia.com\/fr\/wp-json\/wp\/v2\/product\/83393","targetHints":{"allow":["GET"]}}],"collection":[{"href":"https:\/\/www.bagnoitalia.com\/fr\/wp-json\/wp\/v2\/product"}],"about":[{"href":"https:\/\/www.bagnoitalia.com\/fr\/wp-json\/wp\/v2\/types\/product"}],"replies":[{"embeddable":true,"href":"https:\/\/www.bagnoitalia.com\/fr\/wp-json\/wp\/v2\/comments?post=83393"}],"version-history":[{"count":0,"href":"https:\/\/www.bagnoitalia.com\/fr\/wp-json\/wp\/v2\/product\/83393\/revisions"}],"wp:featuredmedia":[{"embeddable":true,"href":"https:\/\/www.bagnoitalia.com\/fr\/wp-json\/wp\/v2\/media\/64741"}],"wp:attachment":[{"href":"https:\/\/www.bagnoitalia.com\/fr\/wp-json\/wp\/v2\/media?parent=83393"}],"wp:term":[{"taxonomy":"product_brand","embeddable":true,"href":"https:\/\/www.bagnoitalia.com\/fr\/wp-json\/wp\/v2\/product_brand?post=83393"},{"taxonomy":"product_cat","embeddable":true,"href":"https:\/\/www.bagnoitalia.com\/fr\/wp-json\/wp\/v2\/product_cat?post=83393"},{"taxonomy":"product_tag","embeddable":true,"href":"https:\/\/www.bagnoitalia.com\/fr\/wp-json\/wp\/v2\/product_tag?post=83393"}],"curies":[{"name":"wp","href":"https:\/\/api.w.org\/{rel}","templated":true}]}}