{"id":83373,"date":"2023-08-09T14:12:27","date_gmt":"2023-08-09T12:12:27","guid":{"rendered":"https:\/\/www.bagnoitalia.com\/product\/slam2-90x46-cm-bathroom-cabinet-with-mirror-washbasin-and-drawer-5-colours-available-and-matching-side-drawers-2"},"modified":"2026-03-02T16:52:26","modified_gmt":"2026-03-02T15:52:26","slug":"slam2-90x46-cm-bathroom-cabinet-with-mirror-washbasin-and-drawer-5-colours-available-and-matching-side-drawers-2","status":"publish","type":"product","link":"https:\/\/www.bagnoitalia.com\/fr\/produit\/slam2-90x46-cm-bathroom-cabinet-with-mirror-washbasin-and-drawer-5-colours-available-and-matching-side-drawers-2.html","title":{"rendered":"Santiago2 90&#215;46 cm Meuble de toilette avec miroir lavabo et tiroir 6 couleurs disponibles et tiroirs lat\u00e9raux assortis"},"content":{"rendered":"<p><strong>MEUBLE AVEC LAVABO Santiago2 EN 6 COULEURS<br \/>\n<\/strong><\/p>\n<p>&nbsp;<\/p>\n<p><strong>LE PRIX COMPREND :<\/strong><\/p>\n<p>n. 1 base en MDF avec un tiroir profil\u00e9<\/p>\n<p>n. 1 lavabo int\u00e9gr\u00e9 en c\u00e9ramique blanc brillant<\/p>\n<p>n. 1 miroir rond avec bord poli<\/p>\n<p><strong>DIMENSIONS:<\/strong><\/p>\n<p>Base 89,5xP45xH35,5 cm<\/p>\n<p>\u00c9vier 91xD46,5 cm<\/p>\n<p>Miroir \u00d8 80 cm<\/p>\n<p><strong>FINITIONS DISPONIBLES POUR LES MEUBLES :<br \/>\n<\/strong><\/p>\n<ul>\n<li>Ciment vert<\/li>\n<li>Anthracite<\/li>\n<li>Papier de sucre<\/li>\n<li>Ch\u00eane dor\u00e9<\/li>\n<li>Blanc mat<\/li>\n<li>Ch\u00eane d\u00e9cisif<\/li>\n<\/ul>\n<p><strong>\u00c0 PARTIR DU MENU D\u00c9ROULANT<\/strong>\u00a0Vous pouvez compl\u00e9ter la composition\u00a0<strong>en ajoutant<\/strong>\u00a0:<\/p>\n<ul>\n<li>une\u00a0<strong>commode lat\u00e9rale de<\/strong>\u00a090x46xH38 cm , \u00e0 positionner o\u00f9 vous le souhaitez (sous la base, ou d\u00e9centr\u00e9e, ou lat\u00e9ralement&#8230;)<\/li>\n<li>un\u00a0<strong>\u00e9l\u00e9ment mural<\/strong>\u00a0r\u00e9versible mesurant 26,5xP20xH75 cm<\/li>\n<\/ul>\n<p>&nbsp;<\/p>\n<p><strong>CARACT\u00c9RISTIQUES SUPPL\u00c9MENTAIRES :<\/strong><\/p>\n<p>installation suspendue<\/p>\n<p>fermeture lente<\/p>\n<p>ouverture par la gorge, sans poign\u00e9e<\/p>\n<p>\u00e9vier avec trou de trop-plein et trou pour robinet<\/p>\n<p>&nbsp;<\/p>\n<p>ATTENTION : mitigeur, vidage et kit de vidange non inclus dans le prix<\/p>\n<p>&nbsp;<\/p>\n<p>&nbsp;<\/p>\n<p>&nbsp;<\/p>\n<p>&nbsp;<\/p>\n<p>&nbsp;<\/p>\n","protected":false},"excerpt":{"rendered":"<p>Meuble mural moderne avec lavabo en c\u00e9ramique et miroir. Il est possible de combiner un meuble \u00e0 tiroirs, un meuble haut.<\/p>\n","protected":false},"featured_media":108902,"comment_status":"open","ping_status":"closed","template":"","meta":[],"product_brand":[9882],"product_cat":[9719,9723],"product_tag":[],"class_list":{"0":"post-83373","1":"product","2":"type-product","3":"status-publish","4":"has-post-thumbnail","6":"product_brand-deghi-fr","7":"product_cat-meubles-de-salle-de-bain-de-71-a-100-cm","8":"product_cat-meubles-de-salle-de-bain-de-101-a-220-cm","10":"first","11":"instock","12":"sale","13":"taxable","14":"shipping-taxable","15":"purchasable","16":"product-type-simple"},"exclude_global_add_ons":false,"addons":[{"name":"couleur","type":"multiple_choice","position":0,"required":true,"title_format":"heading","default":"","description_enable":false,"description":"","placeholder_enable":false,"placeholder":"","display":"select","restrictions_type":"any_text","adjust_price":false,"price":"","price_type":"flat_fee","restrictions":false,"min":"0","max":"0","options":[{"label":"Papier de sucre","price":"","price_type":"quantity_based","image":0,"visibility":true},{"label":"(Pas disponible) Ciment vert","price":"","price_type":"quantity_based","image":0,"visibility":true},{"label":"(Pas disponible) Anthracite","price":"","price_type":"quantity_based","image":0,"visibility":true},{"label":"Ch\u00eane dor\u00e9","price":"","price_type":"quantity_based","image":0,"visibility":true},{"label":"(Pas disponible) Blanc mat","price":"","price_type":"quantity_based","image":0,"visibility":true},{"label":"Ch\u00eane d\u00e9cisif","price":"","price_type":"quantity_based","image":0,"visibility":true}],"id":1718727242},{"name":"typologie","type":"multiple_choice","position":1,"required":true,"title_format":"heading","default":"","description_enable":false,"description":"","placeholder_enable":false,"placeholder":"","display":"select","restrictions_type":"any_text","adjust_price":false,"price":"","price_type":"flat_fee","restrictions":false,"min":"0","max":"0","options":[{"label":"Sans tiroirs lat\u00e9raux","price":"","price_type":"quantity_based","image":0,"visibility":true},{"label":"Avec tiroirs lat\u00e9raux de 90 cm","price":"359","price_type":"quantity_based","image":0,"visibility":true}],"id":1718727243},{"name":"meuble mural","type":"multiple_choice","position":2,"required":true,"title_format":"heading","default":"","description_enable":false,"description":"","placeholder_enable":false,"placeholder":"","display":"select","restrictions_type":"any_text","adjust_price":false,"price":"","price_type":"flat_fee","restrictions":false,"min":"0","max":"0","options":[{"label":"no","price":"","price_type":"quantity_based","image":0,"visibility":true},{"label":"1 \u00e9l\u00e9ment haut H75 cm","price":"209","price_type":"quantity_based","image":0,"visibility":true}],"id":1718727244}],"yoast_head":"<!-- This site is optimized with the Yoast SEO plugin v26.7 - https:\/\/yoast.com\/wordpress\/plugins\/seo\/ -->\n<title>Slam2 90x46 cm armoire de toilette avec miroir lavabo et tiroir 5 couleurs disponibles et tiroirs lat\u00e9raux assortis<\/title>\n<meta name=\"description\" content=\"Meuble mural moderne avec lavabo en c\u00e9ramique et miroir. Il est possible de combiner un meuble \u00e0 tiroirs, un meuble haut et\/ou une colonne.\" \/>\n<meta name=\"robots\" content=\"index, follow, max-snippet:-1, max-image-preview:large, max-video-preview:-1\" \/>\n<link rel=\"canonical\" href=\"https:\/\/www.bagnoitalia.com\/fr\/produit\/slam2-90x46-cm-bathroom-cabinet-with-mirror-washbasin-and-drawer-5-colours-available-and-matching-side-drawers-2.html\" \/>\n<meta property=\"og:locale\" content=\"fr_FR\" \/>\n<meta property=\"og:type\" content=\"article\" \/>\n<meta property=\"og:title\" content=\"Slam2 90x46 cm armoire de toilette avec miroir lavabo et tiroir 5 couleurs disponibles et tiroirs lat\u00e9raux assortis\" \/>\n<meta property=\"og:description\" content=\"Meuble mural moderne avec lavabo en c\u00e9ramique et miroir. Il est possible de combiner un meuble \u00e0 tiroirs, un meuble haut et\/ou une colonne.\" \/>\n<meta property=\"og:url\" content=\"https:\/\/www.bagnoitalia.com\/fr\/produit\/slam2-90x46-cm-bathroom-cabinet-with-mirror-washbasin-and-drawer-5-colours-available-and-matching-side-drawers-2.html\" \/>\n<meta property=\"og:site_name\" content=\"Bagno Italia\" \/>\n<meta property=\"article:modified_time\" content=\"2026-03-02T15:52:26+00:00\" \/>\n<meta property=\"og:image\" content=\"https:\/\/img.bagnoitalia.com\/wp-content\/uploads\/mobile-bagno-con-lavabo-90-cm-dettagli-colori.jpg\" \/>\n\t<meta property=\"og:image:width\" content=\"1000\" \/>\n\t<meta property=\"og:image:height\" content=\"1000\" \/>\n\t<meta property=\"og:image:type\" content=\"image\/jpeg\" \/>\n<meta name=\"twitter:card\" content=\"summary_large_image\" \/>\n<meta name=\"twitter:label1\" content=\"Dur\u00e9e de lecture estim\u00e9e\" \/>\n\t<meta name=\"twitter:data1\" content=\"1 minute\" \/>\n<script type=\"application\/ld+json\" class=\"yoast-schema-graph\">{\"@context\":\"https:\/\/schema.org\",\"@graph\":[{\"@type\":\"WebPage\",\"@id\":\"https:\/\/www.bagnoitalia.com\/fr\/produit\/slam2-90x46-cm-bathroom-cabinet-with-mirror-washbasin-and-drawer-5-colours-available-and-matching-side-drawers-2.html\",\"url\":\"https:\/\/www.bagnoitalia.com\/fr\/produit\/slam2-90x46-cm-bathroom-cabinet-with-mirror-washbasin-and-drawer-5-colours-available-and-matching-side-drawers-2.html\",\"name\":\"Slam2 90x46 cm armoire de toilette avec miroir lavabo et tiroir 5 couleurs disponibles et tiroirs lat\u00e9raux assortis\",\"isPartOf\":{\"@id\":\"https:\/\/www.bagnoitalia.com\/fr#website\"},\"primaryImageOfPage\":{\"@id\":\"https:\/\/www.bagnoitalia.com\/fr\/produit\/slam2-90x46-cm-bathroom-cabinet-with-mirror-washbasin-and-drawer-5-colours-available-and-matching-side-drawers-2.html#primaryimage\"},\"image\":{\"@id\":\"https:\/\/www.bagnoitalia.com\/fr\/produit\/slam2-90x46-cm-bathroom-cabinet-with-mirror-washbasin-and-drawer-5-colours-available-and-matching-side-drawers-2.html#primaryimage\"},\"thumbnailUrl\":\"https:\/\/img.bagnoitalia.com\/wp-content\/uploads\/mobile-bagno-con-lavabo-90-cm-dettagli-colori.jpg\",\"datePublished\":\"2023-08-09T12:12:27+00:00\",\"dateModified\":\"2026-03-02T15:52:26+00:00\",\"description\":\"Meuble mural moderne avec lavabo en c\u00e9ramique et miroir. Il est possible de combiner un meuble \u00e0 tiroirs, un meuble haut et\/ou une colonne.\",\"breadcrumb\":{\"@id\":\"https:\/\/www.bagnoitalia.com\/fr\/produit\/slam2-90x46-cm-bathroom-cabinet-with-mirror-washbasin-and-drawer-5-colours-available-and-matching-side-drawers-2.html#breadcrumb\"},\"inLanguage\":\"fr-FR\",\"potentialAction\":[{\"@type\":\"ReadAction\",\"target\":[\"https:\/\/www.bagnoitalia.com\/fr\/produit\/slam2-90x46-cm-bathroom-cabinet-with-mirror-washbasin-and-drawer-5-colours-available-and-matching-side-drawers-2.html\"]}]},{\"@type\":\"ImageObject\",\"inLanguage\":\"fr-FR\",\"@id\":\"https:\/\/www.bagnoitalia.com\/fr\/produit\/slam2-90x46-cm-bathroom-cabinet-with-mirror-washbasin-and-drawer-5-colours-available-and-matching-side-drawers-2.html#primaryimage\",\"url\":\"https:\/\/img.bagnoitalia.com\/wp-content\/uploads\/mobile-bagno-con-lavabo-90-cm-dettagli-colori.jpg\",\"contentUrl\":\"https:\/\/img.bagnoitalia.com\/wp-content\/uploads\/mobile-bagno-con-lavabo-90-cm-dettagli-colori.jpg\",\"width\":1000,\"height\":1000},{\"@type\":\"BreadcrumbList\",\"@id\":\"https:\/\/www.bagnoitalia.com\/fr\/produit\/slam2-90x46-cm-bathroom-cabinet-with-mirror-washbasin-and-drawer-5-colours-available-and-matching-side-drawers-2.html#breadcrumb\",\"itemListElement\":[{\"@type\":\"ListItem\",\"position\":1,\"name\":\"Home\",\"item\":\"https:\/\/www.bagnoitalia.com\/fr\"},{\"@type\":\"ListItem\",\"position\":2,\"name\":\"Produits\",\"item\":\"https:\/\/www.bagnoitalia.com\/fr\/shop\"},{\"@type\":\"ListItem\",\"position\":3,\"name\":\"Santiago2 90&#215;46 cm Meuble de toilette avec miroir lavabo et tiroir 6 couleurs disponibles et tiroirs lat\u00e9raux assortis\"}]},{\"@type\":\"WebSite\",\"@id\":\"https:\/\/www.bagnoitalia.com\/fr#website\",\"url\":\"https:\/\/www.bagnoitalia.com\/fr\",\"name\":\"Bagno Italia\",\"description\":\"\",\"publisher\":{\"@id\":\"https:\/\/www.bagnoitalia.com\/fr#organization\"},\"potentialAction\":[{\"@type\":\"SearchAction\",\"target\":{\"@type\":\"EntryPoint\",\"urlTemplate\":\"https:\/\/www.bagnoitalia.com\/fr?s={search_term_string}\"},\"query-input\":{\"@type\":\"PropertyValueSpecification\",\"valueRequired\":true,\"valueName\":\"search_term_string\"}}],\"inLanguage\":\"fr-FR\"},{\"@type\":\"Organization\",\"@id\":\"https:\/\/www.bagnoitalia.com\/fr#organization\",\"name\":\"Bagno Italia\",\"url\":\"https:\/\/www.bagnoitalia.com\/fr\",\"logo\":{\"@type\":\"ImageObject\",\"inLanguage\":\"fr-FR\",\"@id\":\"https:\/\/www.bagnoitalia.com\/fr#\/schema\/logo\/image\/\",\"url\":\"https:\/\/img.bagnoitalia.com\/wp-content\/uploads\/logo-bagnoitalia.webp\",\"contentUrl\":\"https:\/\/img.bagnoitalia.com\/wp-content\/uploads\/logo-bagnoitalia.webp\",\"width\":400,\"height\":70,\"caption\":\"Bagno Italia\"},\"image\":{\"@id\":\"https:\/\/www.bagnoitalia.com\/fr#\/schema\/logo\/image\/\"}}]}<\/script>\n<!-- \/ Yoast SEO plugin. -->","yoast_head_json":{"title":"Slam2 90x46 cm armoire de toilette avec miroir lavabo et tiroir 5 couleurs disponibles et tiroirs lat\u00e9raux assortis","description":"Meuble mural moderne avec lavabo en c\u00e9ramique et miroir. Il est possible de combiner un meuble \u00e0 tiroirs, un meuble haut et\/ou une colonne.","robots":{"index":"index","follow":"follow","max-snippet":"max-snippet:-1","max-image-preview":"max-image-preview:large","max-video-preview":"max-video-preview:-1"},"canonical":"https:\/\/www.bagnoitalia.com\/fr\/produit\/slam2-90x46-cm-bathroom-cabinet-with-mirror-washbasin-and-drawer-5-colours-available-and-matching-side-drawers-2.html","og_locale":"fr_FR","og_type":"article","og_title":"Slam2 90x46 cm armoire de toilette avec miroir lavabo et tiroir 5 couleurs disponibles et tiroirs lat\u00e9raux assortis","og_description":"Meuble mural moderne avec lavabo en c\u00e9ramique et miroir. Il est possible de combiner un meuble \u00e0 tiroirs, un meuble haut et\/ou une colonne.","og_url":"https:\/\/www.bagnoitalia.com\/fr\/produit\/slam2-90x46-cm-bathroom-cabinet-with-mirror-washbasin-and-drawer-5-colours-available-and-matching-side-drawers-2.html","og_site_name":"Bagno Italia","article_modified_time":"2026-03-02T15:52:26+00:00","og_image":[{"width":1000,"height":1000,"url":"https:\/\/img.bagnoitalia.com\/wp-content\/uploads\/mobile-bagno-con-lavabo-90-cm-dettagli-colori.jpg","type":"image\/jpeg"}],"twitter_card":"summary_large_image","twitter_misc":{"Dur\u00e9e de lecture estim\u00e9e":"1 minute"},"schema":{"@context":"https:\/\/schema.org","@graph":[{"@type":"WebPage","@id":"https:\/\/www.bagnoitalia.com\/fr\/produit\/slam2-90x46-cm-bathroom-cabinet-with-mirror-washbasin-and-drawer-5-colours-available-and-matching-side-drawers-2.html","url":"https:\/\/www.bagnoitalia.com\/fr\/produit\/slam2-90x46-cm-bathroom-cabinet-with-mirror-washbasin-and-drawer-5-colours-available-and-matching-side-drawers-2.html","name":"Slam2 90x46 cm armoire de toilette avec miroir lavabo et tiroir 5 couleurs disponibles et tiroirs lat\u00e9raux assortis","isPartOf":{"@id":"https:\/\/www.bagnoitalia.com\/fr#website"},"primaryImageOfPage":{"@id":"https:\/\/www.bagnoitalia.com\/fr\/produit\/slam2-90x46-cm-bathroom-cabinet-with-mirror-washbasin-and-drawer-5-colours-available-and-matching-side-drawers-2.html#primaryimage"},"image":{"@id":"https:\/\/www.bagnoitalia.com\/fr\/produit\/slam2-90x46-cm-bathroom-cabinet-with-mirror-washbasin-and-drawer-5-colours-available-and-matching-side-drawers-2.html#primaryimage"},"thumbnailUrl":"https:\/\/img.bagnoitalia.com\/wp-content\/uploads\/mobile-bagno-con-lavabo-90-cm-dettagli-colori.jpg","datePublished":"2023-08-09T12:12:27+00:00","dateModified":"2026-03-02T15:52:26+00:00","description":"Meuble mural moderne avec lavabo en c\u00e9ramique et miroir. Il est possible de combiner un meuble \u00e0 tiroirs, un meuble haut et\/ou une colonne.","breadcrumb":{"@id":"https:\/\/www.bagnoitalia.com\/fr\/produit\/slam2-90x46-cm-bathroom-cabinet-with-mirror-washbasin-and-drawer-5-colours-available-and-matching-side-drawers-2.html#breadcrumb"},"inLanguage":"fr-FR","potentialAction":[{"@type":"ReadAction","target":["https:\/\/www.bagnoitalia.com\/fr\/produit\/slam2-90x46-cm-bathroom-cabinet-with-mirror-washbasin-and-drawer-5-colours-available-and-matching-side-drawers-2.html"]}]},{"@type":"ImageObject","inLanguage":"fr-FR","@id":"https:\/\/www.bagnoitalia.com\/fr\/produit\/slam2-90x46-cm-bathroom-cabinet-with-mirror-washbasin-and-drawer-5-colours-available-and-matching-side-drawers-2.html#primaryimage","url":"https:\/\/img.bagnoitalia.com\/wp-content\/uploads\/mobile-bagno-con-lavabo-90-cm-dettagli-colori.jpg","contentUrl":"https:\/\/img.bagnoitalia.com\/wp-content\/uploads\/mobile-bagno-con-lavabo-90-cm-dettagli-colori.jpg","width":1000,"height":1000},{"@type":"BreadcrumbList","@id":"https:\/\/www.bagnoitalia.com\/fr\/produit\/slam2-90x46-cm-bathroom-cabinet-with-mirror-washbasin-and-drawer-5-colours-available-and-matching-side-drawers-2.html#breadcrumb","itemListElement":[{"@type":"ListItem","position":1,"name":"Home","item":"https:\/\/www.bagnoitalia.com\/fr"},{"@type":"ListItem","position":2,"name":"Produits","item":"https:\/\/www.bagnoitalia.com\/fr\/shop"},{"@type":"ListItem","position":3,"name":"Santiago2 90&#215;46 cm Meuble de toilette avec miroir lavabo et tiroir 6 couleurs disponibles et tiroirs lat\u00e9raux assortis"}]},{"@type":"WebSite","@id":"https:\/\/www.bagnoitalia.com\/fr#website","url":"https:\/\/www.bagnoitalia.com\/fr","name":"Bagno Italia","description":"","publisher":{"@id":"https:\/\/www.bagnoitalia.com\/fr#organization"},"potentialAction":[{"@type":"SearchAction","target":{"@type":"EntryPoint","urlTemplate":"https:\/\/www.bagnoitalia.com\/fr?s={search_term_string}"},"query-input":{"@type":"PropertyValueSpecification","valueRequired":true,"valueName":"search_term_string"}}],"inLanguage":"fr-FR"},{"@type":"Organization","@id":"https:\/\/www.bagnoitalia.com\/fr#organization","name":"Bagno Italia","url":"https:\/\/www.bagnoitalia.com\/fr","logo":{"@type":"ImageObject","inLanguage":"fr-FR","@id":"https:\/\/www.bagnoitalia.com\/fr#\/schema\/logo\/image\/","url":"https:\/\/img.bagnoitalia.com\/wp-content\/uploads\/logo-bagnoitalia.webp","contentUrl":"https:\/\/img.bagnoitalia.com\/wp-content\/uploads\/logo-bagnoitalia.webp","width":400,"height":70,"caption":"Bagno Italia"},"image":{"@id":"https:\/\/www.bagnoitalia.com\/fr#\/schema\/logo\/image\/"}}]}},"_links":{"self":[{"href":"https:\/\/www.bagnoitalia.com\/fr\/wp-json\/wp\/v2\/product\/83373","targetHints":{"allow":["GET"]}}],"collection":[{"href":"https:\/\/www.bagnoitalia.com\/fr\/wp-json\/wp\/v2\/product"}],"about":[{"href":"https:\/\/www.bagnoitalia.com\/fr\/wp-json\/wp\/v2\/types\/product"}],"replies":[{"embeddable":true,"href":"https:\/\/www.bagnoitalia.com\/fr\/wp-json\/wp\/v2\/comments?post=83373"}],"version-history":[{"count":6,"href":"https:\/\/www.bagnoitalia.com\/fr\/wp-json\/wp\/v2\/product\/83373\/revisions"}],"predecessor-version":[{"id":108744,"href":"https:\/\/www.bagnoitalia.com\/fr\/wp-json\/wp\/v2\/product\/83373\/revisions\/108744"}],"wp:featuredmedia":[{"embeddable":true,"href":"https:\/\/www.bagnoitalia.com\/fr\/wp-json\/wp\/v2\/media\/108902"}],"wp:attachment":[{"href":"https:\/\/www.bagnoitalia.com\/fr\/wp-json\/wp\/v2\/media?parent=83373"}],"wp:term":[{"taxonomy":"product_brand","embeddable":true,"href":"https:\/\/www.bagnoitalia.com\/fr\/wp-json\/wp\/v2\/product_brand?post=83373"},{"taxonomy":"product_cat","embeddable":true,"href":"https:\/\/www.bagnoitalia.com\/fr\/wp-json\/wp\/v2\/product_cat?post=83373"},{"taxonomy":"product_tag","embeddable":true,"href":"https:\/\/www.bagnoitalia.com\/fr\/wp-json\/wp\/v2\/product_tag?post=83373"}],"curies":[{"name":"wp","href":"https:\/\/api.w.org\/{rel}","templated":true}]}}