{"id":83265,"date":"2023-06-30T13:41:06","date_gmt":"2023-06-30T11:41:06","guid":{"rendered":"https:\/\/www.bagnoitalia.com\/product\/drain-cistern-for-wall-hung-sanitary-ware-installation-on-plasterboard-walls-sc09-2"},"modified":"2023-06-30T13:41:06","modified_gmt":"2023-06-30T11:41:06","slug":"drain-cistern-for-wall-hung-sanitary-ware-installation-on-plasterboard-walls-sc09-2","status":"publish","type":"product","link":"https:\/\/www.bagnoitalia.com\/fr\/produit\/drain-cistern-for-wall-hung-sanitary-ware-installation-on-plasterboard-walls-sc09-2.html","title":{"rendered":"R\u00e9servoir de chasse pour installation murale d&rsquo;appareils sanitaires sur des murs en plaques de pl\u00e2tre SC09"},"content":{"rendered":"<p>&nbsp;<\/p>\n<p style=\"text-align: center;\"><span style=\"text-decoration: underline; color: #ff0000; font-size: 18pt;\"><strong>BO\u00ceTE DE DRAINAGE SC09<\/strong><\/span><\/p>\n<p>&nbsp;<\/p>\n<p>&nbsp;<\/p>\n<p><span style=\"text-decoration: underline;\"><strong>CARACT\u00c9RISTIQUES :<\/strong><\/span><\/p>\n<p>R\u00e9servoir de vidange pour installation sur des murs en plaques de pl\u00e2tre<\/p>\n<p>Encastr\u00e9<\/p>\n<p>Pour appareils sanitaires suspendus<\/p>\n<p>Y compris les fixations<\/p>\n<p>&nbsp;<\/p>\n<p>&nbsp;<\/p>\n<p>&nbsp;<\/p>\n<p>&nbsp;<\/p>\n<p>&nbsp;<\/p>\n<p>&nbsp;<\/p>\n<p>&nbsp;<\/p>\n<p>&nbsp;<\/p>\n<p>&nbsp;<\/p>\n<p>&nbsp;<\/p>\n<p>&nbsp;<\/p>\n<p>&nbsp;<\/p>\n<p>27KT05<\/p>\n","protected":false},"excerpt":{"rendered":"<p>R\u00e9servoir de chasse affleurant avec fixations pour appareils sanitaires suspendus. Installation encastr\u00e9e sur des murs en plaques de pl\u00e2tre.<\/p>\n","protected":false},"featured_media":63285,"comment_status":"open","ping_status":"closed","template":"","meta":[],"product_brand":[9900,9954],"product_cat":[9695],"product_tag":[],"class_list":{"0":"post-83265","1":"product","2":"type-product","3":"status-publish","4":"has-post-thumbnail","6":"product_brand-baritermo-fr","7":"product_brand-thermo-professional-fr","8":"product_cat-salle-de-bain-sanitaire","10":"first","11":"instock","12":"sale","13":"taxable","14":"shipping-taxable","15":"purchasable","16":"product-type-simple"},"exclude_global_add_ons":[],"addons":[],"yoast_head":"<!-- This site is optimized with the Yoast SEO plugin v26.7 - https:\/\/yoast.com\/wordpress\/plugins\/seo\/ -->\n<title>R\u00e9servoir de chasse pour installation murale d&#039;appareils sanitaires sur des murs en plaques de pl\u00e2tre SC09<\/title>\n<meta name=\"description\" content=\"R\u00e9servoir de chasse affleurant avec fixations pour appareils sanitaires suspendus. Installation encastr\u00e9e sur des murs en plaques de pl\u00e2tre.\" \/>\n<meta name=\"robots\" content=\"index, follow, max-snippet:-1, max-image-preview:large, max-video-preview:-1\" \/>\n<link rel=\"canonical\" href=\"https:\/\/www.bagnoitalia.com\/fr\/produit\/drain-cistern-for-wall-hung-sanitary-ware-installation-on-plasterboard-walls-sc09-2.html\" \/>\n<meta property=\"og:locale\" content=\"fr_FR\" \/>\n<meta property=\"og:type\" content=\"article\" \/>\n<meta property=\"og:title\" content=\"R\u00e9servoir de chasse pour installation murale d&#039;appareils sanitaires sur des murs en plaques de pl\u00e2tre SC09\" \/>\n<meta property=\"og:description\" content=\"R\u00e9servoir de chasse affleurant avec fixations pour appareils sanitaires suspendus. Installation encastr\u00e9e sur des murs en plaques de pl\u00e2tre.\" \/>\n<meta property=\"og:url\" content=\"https:\/\/www.bagnoitalia.com\/fr\/produit\/drain-cistern-for-wall-hung-sanitary-ware-installation-on-plasterboard-walls-sc09-2.html\" \/>\n<meta property=\"og:site_name\" content=\"Bagno Italia\" \/>\n<meta property=\"og:image\" content=\"https:\/\/img.bagnoitalia.com\/wp-content\/uploads\/virtuemart\/product\/cassette-discharge-wc-water-sanitary-3.jpg\" \/>\n\t<meta property=\"og:image:width\" content=\"500\" \/>\n\t<meta property=\"og:image:height\" content=\"500\" \/>\n\t<meta property=\"og:image:type\" content=\"image\/jpeg\" \/>\n<meta name=\"twitter:card\" content=\"summary_large_image\" \/>\n<script type=\"application\/ld+json\" class=\"yoast-schema-graph\">{\"@context\":\"https:\/\/schema.org\",\"@graph\":[{\"@type\":\"WebPage\",\"@id\":\"https:\/\/www.bagnoitalia.com\/fr\/produit\/drain-cistern-for-wall-hung-sanitary-ware-installation-on-plasterboard-walls-sc09-2.html\",\"url\":\"https:\/\/www.bagnoitalia.com\/fr\/produit\/drain-cistern-for-wall-hung-sanitary-ware-installation-on-plasterboard-walls-sc09-2.html\",\"name\":\"R\u00e9servoir de chasse pour installation murale d'appareils sanitaires sur des murs en plaques de pl\u00e2tre SC09\",\"isPartOf\":{\"@id\":\"https:\/\/www.bagnoitalia.com\/fr#website\"},\"primaryImageOfPage\":{\"@id\":\"https:\/\/www.bagnoitalia.com\/fr\/produit\/drain-cistern-for-wall-hung-sanitary-ware-installation-on-plasterboard-walls-sc09-2.html#primaryimage\"},\"image\":{\"@id\":\"https:\/\/www.bagnoitalia.com\/fr\/produit\/drain-cistern-for-wall-hung-sanitary-ware-installation-on-plasterboard-walls-sc09-2.html#primaryimage\"},\"thumbnailUrl\":\"https:\/\/img.bagnoitalia.com\/wp-content\/uploads\/virtuemart\/product\/cassette-discharge-wc-water-sanitary-3.jpg\",\"datePublished\":\"2023-06-30T11:41:06+00:00\",\"description\":\"R\u00e9servoir de chasse affleurant avec fixations pour appareils sanitaires suspendus. Installation encastr\u00e9e sur des murs en plaques de pl\u00e2tre.\",\"breadcrumb\":{\"@id\":\"https:\/\/www.bagnoitalia.com\/fr\/produit\/drain-cistern-for-wall-hung-sanitary-ware-installation-on-plasterboard-walls-sc09-2.html#breadcrumb\"},\"inLanguage\":\"fr-FR\",\"potentialAction\":[{\"@type\":\"ReadAction\",\"target\":[\"https:\/\/www.bagnoitalia.com\/fr\/produit\/drain-cistern-for-wall-hung-sanitary-ware-installation-on-plasterboard-walls-sc09-2.html\"]}]},{\"@type\":\"ImageObject\",\"inLanguage\":\"fr-FR\",\"@id\":\"https:\/\/www.bagnoitalia.com\/fr\/produit\/drain-cistern-for-wall-hung-sanitary-ware-installation-on-plasterboard-walls-sc09-2.html#primaryimage\",\"url\":\"https:\/\/img.bagnoitalia.com\/wp-content\/uploads\/virtuemart\/product\/cassette-discharge-wc-water-sanitary-3.jpg\",\"contentUrl\":\"https:\/\/img.bagnoitalia.com\/wp-content\/uploads\/virtuemart\/product\/cassette-discharge-wc-water-sanitary-3.jpg\",\"width\":500,\"height\":500},{\"@type\":\"BreadcrumbList\",\"@id\":\"https:\/\/www.bagnoitalia.com\/fr\/produit\/drain-cistern-for-wall-hung-sanitary-ware-installation-on-plasterboard-walls-sc09-2.html#breadcrumb\",\"itemListElement\":[{\"@type\":\"ListItem\",\"position\":1,\"name\":\"Home\",\"item\":\"https:\/\/www.bagnoitalia.com\/fr\"},{\"@type\":\"ListItem\",\"position\":2,\"name\":\"Produits\",\"item\":\"https:\/\/www.bagnoitalia.com\/fr\/shop\"},{\"@type\":\"ListItem\",\"position\":3,\"name\":\"R\u00e9servoir de chasse pour installation murale d&#8217;appareils sanitaires sur des murs en plaques de pl\u00e2tre SC09\"}]},{\"@type\":\"WebSite\",\"@id\":\"https:\/\/www.bagnoitalia.com\/fr#website\",\"url\":\"https:\/\/www.bagnoitalia.com\/fr\",\"name\":\"Bagno Italia\",\"description\":\"\",\"publisher\":{\"@id\":\"https:\/\/www.bagnoitalia.com\/fr#organization\"},\"potentialAction\":[{\"@type\":\"SearchAction\",\"target\":{\"@type\":\"EntryPoint\",\"urlTemplate\":\"https:\/\/www.bagnoitalia.com\/fr?s={search_term_string}\"},\"query-input\":{\"@type\":\"PropertyValueSpecification\",\"valueRequired\":true,\"valueName\":\"search_term_string\"}}],\"inLanguage\":\"fr-FR\"},{\"@type\":\"Organization\",\"@id\":\"https:\/\/www.bagnoitalia.com\/fr#organization\",\"name\":\"Bagno Italia\",\"url\":\"https:\/\/www.bagnoitalia.com\/fr\",\"logo\":{\"@type\":\"ImageObject\",\"inLanguage\":\"fr-FR\",\"@id\":\"https:\/\/www.bagnoitalia.com\/fr#\/schema\/logo\/image\/\",\"url\":\"https:\/\/img.bagnoitalia.com\/wp-content\/uploads\/logo-bagnoitalia.webp\",\"contentUrl\":\"https:\/\/img.bagnoitalia.com\/wp-content\/uploads\/logo-bagnoitalia.webp\",\"width\":400,\"height\":70,\"caption\":\"Bagno Italia\"},\"image\":{\"@id\":\"https:\/\/www.bagnoitalia.com\/fr#\/schema\/logo\/image\/\"}}]}<\/script>\n<!-- \/ Yoast SEO plugin. -->","yoast_head_json":{"title":"R\u00e9servoir de chasse pour installation murale d'appareils sanitaires sur des murs en plaques de pl\u00e2tre SC09","description":"R\u00e9servoir de chasse affleurant avec fixations pour appareils sanitaires suspendus. Installation encastr\u00e9e sur des murs en plaques de pl\u00e2tre.","robots":{"index":"index","follow":"follow","max-snippet":"max-snippet:-1","max-image-preview":"max-image-preview:large","max-video-preview":"max-video-preview:-1"},"canonical":"https:\/\/www.bagnoitalia.com\/fr\/produit\/drain-cistern-for-wall-hung-sanitary-ware-installation-on-plasterboard-walls-sc09-2.html","og_locale":"fr_FR","og_type":"article","og_title":"R\u00e9servoir de chasse pour installation murale d'appareils sanitaires sur des murs en plaques de pl\u00e2tre SC09","og_description":"R\u00e9servoir de chasse affleurant avec fixations pour appareils sanitaires suspendus. Installation encastr\u00e9e sur des murs en plaques de pl\u00e2tre.","og_url":"https:\/\/www.bagnoitalia.com\/fr\/produit\/drain-cistern-for-wall-hung-sanitary-ware-installation-on-plasterboard-walls-sc09-2.html","og_site_name":"Bagno Italia","og_image":[{"width":500,"height":500,"url":"https:\/\/img.bagnoitalia.com\/wp-content\/uploads\/virtuemart\/product\/cassette-discharge-wc-water-sanitary-3.jpg","type":"image\/jpeg"}],"twitter_card":"summary_large_image","schema":{"@context":"https:\/\/schema.org","@graph":[{"@type":"WebPage","@id":"https:\/\/www.bagnoitalia.com\/fr\/produit\/drain-cistern-for-wall-hung-sanitary-ware-installation-on-plasterboard-walls-sc09-2.html","url":"https:\/\/www.bagnoitalia.com\/fr\/produit\/drain-cistern-for-wall-hung-sanitary-ware-installation-on-plasterboard-walls-sc09-2.html","name":"R\u00e9servoir de chasse pour installation murale d'appareils sanitaires sur des murs en plaques de pl\u00e2tre SC09","isPartOf":{"@id":"https:\/\/www.bagnoitalia.com\/fr#website"},"primaryImageOfPage":{"@id":"https:\/\/www.bagnoitalia.com\/fr\/produit\/drain-cistern-for-wall-hung-sanitary-ware-installation-on-plasterboard-walls-sc09-2.html#primaryimage"},"image":{"@id":"https:\/\/www.bagnoitalia.com\/fr\/produit\/drain-cistern-for-wall-hung-sanitary-ware-installation-on-plasterboard-walls-sc09-2.html#primaryimage"},"thumbnailUrl":"https:\/\/img.bagnoitalia.com\/wp-content\/uploads\/virtuemart\/product\/cassette-discharge-wc-water-sanitary-3.jpg","datePublished":"2023-06-30T11:41:06+00:00","description":"R\u00e9servoir de chasse affleurant avec fixations pour appareils sanitaires suspendus. Installation encastr\u00e9e sur des murs en plaques de pl\u00e2tre.","breadcrumb":{"@id":"https:\/\/www.bagnoitalia.com\/fr\/produit\/drain-cistern-for-wall-hung-sanitary-ware-installation-on-plasterboard-walls-sc09-2.html#breadcrumb"},"inLanguage":"fr-FR","potentialAction":[{"@type":"ReadAction","target":["https:\/\/www.bagnoitalia.com\/fr\/produit\/drain-cistern-for-wall-hung-sanitary-ware-installation-on-plasterboard-walls-sc09-2.html"]}]},{"@type":"ImageObject","inLanguage":"fr-FR","@id":"https:\/\/www.bagnoitalia.com\/fr\/produit\/drain-cistern-for-wall-hung-sanitary-ware-installation-on-plasterboard-walls-sc09-2.html#primaryimage","url":"https:\/\/img.bagnoitalia.com\/wp-content\/uploads\/virtuemart\/product\/cassette-discharge-wc-water-sanitary-3.jpg","contentUrl":"https:\/\/img.bagnoitalia.com\/wp-content\/uploads\/virtuemart\/product\/cassette-discharge-wc-water-sanitary-3.jpg","width":500,"height":500},{"@type":"BreadcrumbList","@id":"https:\/\/www.bagnoitalia.com\/fr\/produit\/drain-cistern-for-wall-hung-sanitary-ware-installation-on-plasterboard-walls-sc09-2.html#breadcrumb","itemListElement":[{"@type":"ListItem","position":1,"name":"Home","item":"https:\/\/www.bagnoitalia.com\/fr"},{"@type":"ListItem","position":2,"name":"Produits","item":"https:\/\/www.bagnoitalia.com\/fr\/shop"},{"@type":"ListItem","position":3,"name":"R\u00e9servoir de chasse pour installation murale d&#8217;appareils sanitaires sur des murs en plaques de pl\u00e2tre SC09"}]},{"@type":"WebSite","@id":"https:\/\/www.bagnoitalia.com\/fr#website","url":"https:\/\/www.bagnoitalia.com\/fr","name":"Bagno Italia","description":"","publisher":{"@id":"https:\/\/www.bagnoitalia.com\/fr#organization"},"potentialAction":[{"@type":"SearchAction","target":{"@type":"EntryPoint","urlTemplate":"https:\/\/www.bagnoitalia.com\/fr?s={search_term_string}"},"query-input":{"@type":"PropertyValueSpecification","valueRequired":true,"valueName":"search_term_string"}}],"inLanguage":"fr-FR"},{"@type":"Organization","@id":"https:\/\/www.bagnoitalia.com\/fr#organization","name":"Bagno Italia","url":"https:\/\/www.bagnoitalia.com\/fr","logo":{"@type":"ImageObject","inLanguage":"fr-FR","@id":"https:\/\/www.bagnoitalia.com\/fr#\/schema\/logo\/image\/","url":"https:\/\/img.bagnoitalia.com\/wp-content\/uploads\/logo-bagnoitalia.webp","contentUrl":"https:\/\/img.bagnoitalia.com\/wp-content\/uploads\/logo-bagnoitalia.webp","width":400,"height":70,"caption":"Bagno Italia"},"image":{"@id":"https:\/\/www.bagnoitalia.com\/fr#\/schema\/logo\/image\/"}}]}},"_links":{"self":[{"href":"https:\/\/www.bagnoitalia.com\/fr\/wp-json\/wp\/v2\/product\/83265","targetHints":{"allow":["GET"]}}],"collection":[{"href":"https:\/\/www.bagnoitalia.com\/fr\/wp-json\/wp\/v2\/product"}],"about":[{"href":"https:\/\/www.bagnoitalia.com\/fr\/wp-json\/wp\/v2\/types\/product"}],"replies":[{"embeddable":true,"href":"https:\/\/www.bagnoitalia.com\/fr\/wp-json\/wp\/v2\/comments?post=83265"}],"version-history":[{"count":0,"href":"https:\/\/www.bagnoitalia.com\/fr\/wp-json\/wp\/v2\/product\/83265\/revisions"}],"wp:featuredmedia":[{"embeddable":true,"href":"https:\/\/www.bagnoitalia.com\/fr\/wp-json\/wp\/v2\/media\/63285"}],"wp:attachment":[{"href":"https:\/\/www.bagnoitalia.com\/fr\/wp-json\/wp\/v2\/media?parent=83265"}],"wp:term":[{"taxonomy":"product_brand","embeddable":true,"href":"https:\/\/www.bagnoitalia.com\/fr\/wp-json\/wp\/v2\/product_brand?post=83265"},{"taxonomy":"product_cat","embeddable":true,"href":"https:\/\/www.bagnoitalia.com\/fr\/wp-json\/wp\/v2\/product_cat?post=83265"},{"taxonomy":"product_tag","embeddable":true,"href":"https:\/\/www.bagnoitalia.com\/fr\/wp-json\/wp\/v2\/product_tag?post=83265"}],"curies":[{"name":"wp","href":"https:\/\/api.w.org\/{rel}","templated":true}]}}