{"id":83253,"date":"2023-06-30T12:57:17","date_gmt":"2023-06-30T10:57:17","guid":{"rendered":"https:\/\/www.bagnoitalia.com\/product\/pucciplast-branded-flushing-cistern-with-anti-condensation-system-and-dual-flush-sc06-2"},"modified":"2023-06-30T12:57:17","modified_gmt":"2023-06-30T10:57:17","slug":"pucciplast-branded-flushing-cistern-with-anti-condensation-system-and-dual-flush-sc06-2","status":"publish","type":"product","link":"https:\/\/www.bagnoitalia.com\/fr\/produit\/pucciplast-branded-flushing-cistern-with-anti-condensation-system-and-dual-flush-sc06-2.html","title":{"rendered":"R\u00e9servoir de chasse d&rsquo;eau de marque Pucciplast avec syst\u00e8me anti-condensation et double chasse SC06"},"content":{"rendered":"<p style=\"text-align: center;\"><span style=\"text-decoration: underline; color: #ff0000; font-size: 18pt;\"><strong>Pucciplast DISCHARGE BOX SC06<\/strong><\/span><\/p>\n<p>&nbsp;<\/p>\n<p>&nbsp;<\/p>\n<p><span style=\"text-decoration: underline;\"><strong>Caract\u00e9ristiques principales :<\/strong><\/span><\/p>\n<p>R\u00e9servoir de chasse encastr\u00e9<\/p>\n<p>Marque : Pucciplast<\/p>\n<p>Equip\u00e9 d&rsquo;un syst\u00e8me anti-condensation<\/p>\n<p>2 types de vidange :<\/p>\n<p>9-4 litres<br \/>6-3 litres<br \/>&nbsp;<\/p>\n<p>&nbsp;<\/p>\n<p>&nbsp;<\/p>\n<p>&nbsp;<\/p>\n<p>&nbsp;<\/p>\n<p>&nbsp;<\/p>\n<p>&nbsp;<\/p>\n<p>&nbsp;<\/p>\n<p>&nbsp;<\/p>\n<p>&nbsp;<\/p>\n<p>&nbsp;<\/p>\n<p>&nbsp;<\/p>\n<p>&nbsp;<\/p>\n<p>37EM88<\/p>\n","protected":false},"excerpt":{"rendered":"<p>R\u00e9servoir de chasse encastr\u00e9. 2 types de chasse d&rsquo;eau : 9-4 litres ou 6-3 litres.<\/p>\n","protected":false},"featured_media":63261,"comment_status":"open","ping_status":"closed","template":"","meta":[],"product_brand":[9900,9954],"product_cat":[9695],"product_tag":[],"class_list":{"0":"post-83253","1":"product","2":"type-product","3":"status-publish","4":"has-post-thumbnail","6":"product_brand-baritermo-fr","7":"product_brand-thermo-professional-fr","8":"product_cat-salle-de-bain-sanitaire","10":"first","11":"instock","12":"sale","13":"taxable","14":"shipping-taxable","15":"purchasable","16":"product-type-simple"},"exclude_global_add_ons":[],"addons":[],"yoast_head":"<!-- This site is optimized with the Yoast SEO plugin v26.7 - https:\/\/yoast.com\/wordpress\/plugins\/seo\/ -->\n<title>R\u00e9servoir de chasse d&#039;eau de marque Pucciplast avec syst\u00e8me anti-condensation et double chasse SC06<\/title>\n<meta name=\"description\" content=\"R\u00e9servoir de chasse encastr\u00e9. 2 types de chasse d&#039;eau : 9-4 litres ou 6-3 litres.\" \/>\n<meta name=\"robots\" content=\"index, follow, max-snippet:-1, max-image-preview:large, max-video-preview:-1\" \/>\n<link rel=\"canonical\" href=\"https:\/\/www.bagnoitalia.com\/fr\/produit\/pucciplast-branded-flushing-cistern-with-anti-condensation-system-and-dual-flush-sc06-2.html\" \/>\n<meta property=\"og:locale\" content=\"fr_FR\" \/>\n<meta property=\"og:type\" content=\"article\" \/>\n<meta property=\"og:title\" content=\"R\u00e9servoir de chasse d&#039;eau de marque Pucciplast avec syst\u00e8me anti-condensation et double chasse SC06\" \/>\n<meta property=\"og:description\" content=\"R\u00e9servoir de chasse encastr\u00e9. 2 types de chasse d&#039;eau : 9-4 litres ou 6-3 litres.\" \/>\n<meta property=\"og:url\" content=\"https:\/\/www.bagnoitalia.com\/fr\/produit\/pucciplast-branded-flushing-cistern-with-anti-condensation-system-and-dual-flush-sc06-2.html\" \/>\n<meta property=\"og:site_name\" content=\"Bagno Italia\" \/>\n<meta property=\"og:image\" content=\"https:\/\/img.bagnoitalia.com\/wp-content\/uploads\/virtuemart\/product\/cassette-discharge-wc-water-sanitary.jpg\" \/>\n\t<meta property=\"og:image:width\" content=\"500\" \/>\n\t<meta property=\"og:image:height\" content=\"500\" \/>\n\t<meta property=\"og:image:type\" content=\"image\/jpeg\" \/>\n<meta name=\"twitter:card\" content=\"summary_large_image\" \/>\n<script type=\"application\/ld+json\" class=\"yoast-schema-graph\">{\"@context\":\"https:\/\/schema.org\",\"@graph\":[{\"@type\":\"WebPage\",\"@id\":\"https:\/\/www.bagnoitalia.com\/fr\/produit\/pucciplast-branded-flushing-cistern-with-anti-condensation-system-and-dual-flush-sc06-2.html\",\"url\":\"https:\/\/www.bagnoitalia.com\/fr\/produit\/pucciplast-branded-flushing-cistern-with-anti-condensation-system-and-dual-flush-sc06-2.html\",\"name\":\"R\u00e9servoir de chasse d'eau de marque Pucciplast avec syst\u00e8me anti-condensation et double chasse SC06\",\"isPartOf\":{\"@id\":\"https:\/\/www.bagnoitalia.com\/fr#website\"},\"primaryImageOfPage\":{\"@id\":\"https:\/\/www.bagnoitalia.com\/fr\/produit\/pucciplast-branded-flushing-cistern-with-anti-condensation-system-and-dual-flush-sc06-2.html#primaryimage\"},\"image\":{\"@id\":\"https:\/\/www.bagnoitalia.com\/fr\/produit\/pucciplast-branded-flushing-cistern-with-anti-condensation-system-and-dual-flush-sc06-2.html#primaryimage\"},\"thumbnailUrl\":\"https:\/\/img.bagnoitalia.com\/wp-content\/uploads\/virtuemart\/product\/cassette-discharge-wc-water-sanitary.jpg\",\"datePublished\":\"2023-06-30T10:57:17+00:00\",\"description\":\"R\u00e9servoir de chasse encastr\u00e9. 2 types de chasse d&#39;eau : 9-4 litres ou 6-3 litres.\",\"breadcrumb\":{\"@id\":\"https:\/\/www.bagnoitalia.com\/fr\/produit\/pucciplast-branded-flushing-cistern-with-anti-condensation-system-and-dual-flush-sc06-2.html#breadcrumb\"},\"inLanguage\":\"fr-FR\",\"potentialAction\":[{\"@type\":\"ReadAction\",\"target\":[\"https:\/\/www.bagnoitalia.com\/fr\/produit\/pucciplast-branded-flushing-cistern-with-anti-condensation-system-and-dual-flush-sc06-2.html\"]}]},{\"@type\":\"ImageObject\",\"inLanguage\":\"fr-FR\",\"@id\":\"https:\/\/www.bagnoitalia.com\/fr\/produit\/pucciplast-branded-flushing-cistern-with-anti-condensation-system-and-dual-flush-sc06-2.html#primaryimage\",\"url\":\"https:\/\/img.bagnoitalia.com\/wp-content\/uploads\/virtuemart\/product\/cassette-discharge-wc-water-sanitary.jpg\",\"contentUrl\":\"https:\/\/img.bagnoitalia.com\/wp-content\/uploads\/virtuemart\/product\/cassette-discharge-wc-water-sanitary.jpg\",\"width\":500,\"height\":500},{\"@type\":\"BreadcrumbList\",\"@id\":\"https:\/\/www.bagnoitalia.com\/fr\/produit\/pucciplast-branded-flushing-cistern-with-anti-condensation-system-and-dual-flush-sc06-2.html#breadcrumb\",\"itemListElement\":[{\"@type\":\"ListItem\",\"position\":1,\"name\":\"Home\",\"item\":\"https:\/\/www.bagnoitalia.com\/fr\"},{\"@type\":\"ListItem\",\"position\":2,\"name\":\"Produits\",\"item\":\"https:\/\/www.bagnoitalia.com\/fr\/shop\"},{\"@type\":\"ListItem\",\"position\":3,\"name\":\"R\u00e9servoir de chasse d&#8217;eau de marque Pucciplast avec syst\u00e8me anti-condensation et double chasse SC06\"}]},{\"@type\":\"WebSite\",\"@id\":\"https:\/\/www.bagnoitalia.com\/fr#website\",\"url\":\"https:\/\/www.bagnoitalia.com\/fr\",\"name\":\"Bagno Italia\",\"description\":\"\",\"publisher\":{\"@id\":\"https:\/\/www.bagnoitalia.com\/fr#organization\"},\"potentialAction\":[{\"@type\":\"SearchAction\",\"target\":{\"@type\":\"EntryPoint\",\"urlTemplate\":\"https:\/\/www.bagnoitalia.com\/fr?s={search_term_string}\"},\"query-input\":{\"@type\":\"PropertyValueSpecification\",\"valueRequired\":true,\"valueName\":\"search_term_string\"}}],\"inLanguage\":\"fr-FR\"},{\"@type\":\"Organization\",\"@id\":\"https:\/\/www.bagnoitalia.com\/fr#organization\",\"name\":\"Bagno Italia\",\"url\":\"https:\/\/www.bagnoitalia.com\/fr\",\"logo\":{\"@type\":\"ImageObject\",\"inLanguage\":\"fr-FR\",\"@id\":\"https:\/\/www.bagnoitalia.com\/fr#\/schema\/logo\/image\/\",\"url\":\"https:\/\/img.bagnoitalia.com\/wp-content\/uploads\/logo-bagnoitalia.webp\",\"contentUrl\":\"https:\/\/img.bagnoitalia.com\/wp-content\/uploads\/logo-bagnoitalia.webp\",\"width\":400,\"height\":70,\"caption\":\"Bagno Italia\"},\"image\":{\"@id\":\"https:\/\/www.bagnoitalia.com\/fr#\/schema\/logo\/image\/\"}}]}<\/script>\n<!-- \/ Yoast SEO plugin. -->","yoast_head_json":{"title":"R\u00e9servoir de chasse d'eau de marque Pucciplast avec syst\u00e8me anti-condensation et double chasse SC06","description":"R\u00e9servoir de chasse encastr\u00e9. 2 types de chasse d&#39;eau : 9-4 litres ou 6-3 litres.","robots":{"index":"index","follow":"follow","max-snippet":"max-snippet:-1","max-image-preview":"max-image-preview:large","max-video-preview":"max-video-preview:-1"},"canonical":"https:\/\/www.bagnoitalia.com\/fr\/produit\/pucciplast-branded-flushing-cistern-with-anti-condensation-system-and-dual-flush-sc06-2.html","og_locale":"fr_FR","og_type":"article","og_title":"R\u00e9servoir de chasse d'eau de marque Pucciplast avec syst\u00e8me anti-condensation et double chasse SC06","og_description":"R\u00e9servoir de chasse encastr\u00e9. 2 types de chasse d&#39;eau : 9-4 litres ou 6-3 litres.","og_url":"https:\/\/www.bagnoitalia.com\/fr\/produit\/pucciplast-branded-flushing-cistern-with-anti-condensation-system-and-dual-flush-sc06-2.html","og_site_name":"Bagno Italia","og_image":[{"width":500,"height":500,"url":"https:\/\/img.bagnoitalia.com\/wp-content\/uploads\/virtuemart\/product\/cassette-discharge-wc-water-sanitary.jpg","type":"image\/jpeg"}],"twitter_card":"summary_large_image","schema":{"@context":"https:\/\/schema.org","@graph":[{"@type":"WebPage","@id":"https:\/\/www.bagnoitalia.com\/fr\/produit\/pucciplast-branded-flushing-cistern-with-anti-condensation-system-and-dual-flush-sc06-2.html","url":"https:\/\/www.bagnoitalia.com\/fr\/produit\/pucciplast-branded-flushing-cistern-with-anti-condensation-system-and-dual-flush-sc06-2.html","name":"R\u00e9servoir de chasse d'eau de marque Pucciplast avec syst\u00e8me anti-condensation et double chasse SC06","isPartOf":{"@id":"https:\/\/www.bagnoitalia.com\/fr#website"},"primaryImageOfPage":{"@id":"https:\/\/www.bagnoitalia.com\/fr\/produit\/pucciplast-branded-flushing-cistern-with-anti-condensation-system-and-dual-flush-sc06-2.html#primaryimage"},"image":{"@id":"https:\/\/www.bagnoitalia.com\/fr\/produit\/pucciplast-branded-flushing-cistern-with-anti-condensation-system-and-dual-flush-sc06-2.html#primaryimage"},"thumbnailUrl":"https:\/\/img.bagnoitalia.com\/wp-content\/uploads\/virtuemart\/product\/cassette-discharge-wc-water-sanitary.jpg","datePublished":"2023-06-30T10:57:17+00:00","description":"R\u00e9servoir de chasse encastr\u00e9. 2 types de chasse d&#39;eau : 9-4 litres ou 6-3 litres.","breadcrumb":{"@id":"https:\/\/www.bagnoitalia.com\/fr\/produit\/pucciplast-branded-flushing-cistern-with-anti-condensation-system-and-dual-flush-sc06-2.html#breadcrumb"},"inLanguage":"fr-FR","potentialAction":[{"@type":"ReadAction","target":["https:\/\/www.bagnoitalia.com\/fr\/produit\/pucciplast-branded-flushing-cistern-with-anti-condensation-system-and-dual-flush-sc06-2.html"]}]},{"@type":"ImageObject","inLanguage":"fr-FR","@id":"https:\/\/www.bagnoitalia.com\/fr\/produit\/pucciplast-branded-flushing-cistern-with-anti-condensation-system-and-dual-flush-sc06-2.html#primaryimage","url":"https:\/\/img.bagnoitalia.com\/wp-content\/uploads\/virtuemart\/product\/cassette-discharge-wc-water-sanitary.jpg","contentUrl":"https:\/\/img.bagnoitalia.com\/wp-content\/uploads\/virtuemart\/product\/cassette-discharge-wc-water-sanitary.jpg","width":500,"height":500},{"@type":"BreadcrumbList","@id":"https:\/\/www.bagnoitalia.com\/fr\/produit\/pucciplast-branded-flushing-cistern-with-anti-condensation-system-and-dual-flush-sc06-2.html#breadcrumb","itemListElement":[{"@type":"ListItem","position":1,"name":"Home","item":"https:\/\/www.bagnoitalia.com\/fr"},{"@type":"ListItem","position":2,"name":"Produits","item":"https:\/\/www.bagnoitalia.com\/fr\/shop"},{"@type":"ListItem","position":3,"name":"R\u00e9servoir de chasse d&#8217;eau de marque Pucciplast avec syst\u00e8me anti-condensation et double chasse SC06"}]},{"@type":"WebSite","@id":"https:\/\/www.bagnoitalia.com\/fr#website","url":"https:\/\/www.bagnoitalia.com\/fr","name":"Bagno Italia","description":"","publisher":{"@id":"https:\/\/www.bagnoitalia.com\/fr#organization"},"potentialAction":[{"@type":"SearchAction","target":{"@type":"EntryPoint","urlTemplate":"https:\/\/www.bagnoitalia.com\/fr?s={search_term_string}"},"query-input":{"@type":"PropertyValueSpecification","valueRequired":true,"valueName":"search_term_string"}}],"inLanguage":"fr-FR"},{"@type":"Organization","@id":"https:\/\/www.bagnoitalia.com\/fr#organization","name":"Bagno Italia","url":"https:\/\/www.bagnoitalia.com\/fr","logo":{"@type":"ImageObject","inLanguage":"fr-FR","@id":"https:\/\/www.bagnoitalia.com\/fr#\/schema\/logo\/image\/","url":"https:\/\/img.bagnoitalia.com\/wp-content\/uploads\/logo-bagnoitalia.webp","contentUrl":"https:\/\/img.bagnoitalia.com\/wp-content\/uploads\/logo-bagnoitalia.webp","width":400,"height":70,"caption":"Bagno Italia"},"image":{"@id":"https:\/\/www.bagnoitalia.com\/fr#\/schema\/logo\/image\/"}}]}},"_links":{"self":[{"href":"https:\/\/www.bagnoitalia.com\/fr\/wp-json\/wp\/v2\/product\/83253","targetHints":{"allow":["GET"]}}],"collection":[{"href":"https:\/\/www.bagnoitalia.com\/fr\/wp-json\/wp\/v2\/product"}],"about":[{"href":"https:\/\/www.bagnoitalia.com\/fr\/wp-json\/wp\/v2\/types\/product"}],"replies":[{"embeddable":true,"href":"https:\/\/www.bagnoitalia.com\/fr\/wp-json\/wp\/v2\/comments?post=83253"}],"version-history":[{"count":0,"href":"https:\/\/www.bagnoitalia.com\/fr\/wp-json\/wp\/v2\/product\/83253\/revisions"}],"wp:featuredmedia":[{"embeddable":true,"href":"https:\/\/www.bagnoitalia.com\/fr\/wp-json\/wp\/v2\/media\/63261"}],"wp:attachment":[{"href":"https:\/\/www.bagnoitalia.com\/fr\/wp-json\/wp\/v2\/media?parent=83253"}],"wp:term":[{"taxonomy":"product_brand","embeddable":true,"href":"https:\/\/www.bagnoitalia.com\/fr\/wp-json\/wp\/v2\/product_brand?post=83253"},{"taxonomy":"product_cat","embeddable":true,"href":"https:\/\/www.bagnoitalia.com\/fr\/wp-json\/wp\/v2\/product_cat?post=83253"},{"taxonomy":"product_tag","embeddable":true,"href":"https:\/\/www.bagnoitalia.com\/fr\/wp-json\/wp\/v2\/product_tag?post=83253"}],"curies":[{"name":"wp","href":"https:\/\/api.w.org\/{rel}","templated":true}]}}