{"id":83237,"date":"2023-06-29T14:37:52","date_gmt":"2023-06-29T12:37:52","guid":{"rendered":"https:\/\/www.bagnoitalia.com\/product\/ultra-slim-square-or-rectangular-shower-tray-in-white-mineralmarmo-resizable-pa035-2"},"modified":"2025-01-21T15:18:23","modified_gmt":"2025-01-21T14:18:23","slug":"ultra-slim-square-or-rectangular-shower-tray-in-white-mineralmarmo-resizable-pa035-2","status":"publish","type":"product","link":"https:\/\/www.bagnoitalia.com\/fr\/produit\/ultra-slim-square-or-rectangular-shower-tray-in-white-mineralmarmo-resizable-pa035-2.html","title":{"rendered":"Receveur de douche carr\u00e9 ou rectangulaire ultra-mince en mineralmarmo blanc redimensionnable PA035"},"content":{"rendered":"<p style=\"text-align: center;\"><span style=\"text-decoration: underline; color: #ff0000; font-size: 18pt;\"><strong>RECEVEUR DE DOUCHE ULTRASLIM PA035<\/strong><\/span><\/p>\n<p>&nbsp;<\/p>\n<p><span style=\"text-decoration: underline;\"><strong>CARACT\u00c9RISTIQUES DU PRODUIT<\/strong><\/span><\/p>\n<p>Receveur de douche en marbre min\u00e9ral ultrafin, d&rsquo;une hauteur de 2,5 cm<\/p>\n<p>Disponible en version carr\u00e9e ou rectangulaire, en diff\u00e9rentes tailles : s\u00e9lectionnez la taille dans le menu d\u00e9roulant<\/p>\n<p>Couleur : blanc<\/p>\n<p>Surface antid\u00e9rapante et antibact\u00e9rienne<\/p>\n<p>Tr\u00e8s r\u00e9sistant aux rayures et aux rayons UV<\/p>\n<p>Convient \u00e0 tout type d&rsquo;installation (aussi bien en pose libre qu&rsquo;encastr\u00e9e)<\/p>\n<p>Grille en acier inoxydable incluse<\/p>\n<p>Drain NON INCLUS, vous pouvez l&rsquo;ajouter \u00e0 partir du menu d\u00e9roulant<\/p>\n<p>DIMENSIONNABLE : peut \u00eatre coup\u00e9 sur mesure<\/p>\n<p>&nbsp;<\/p>\n<p>&nbsp;<\/p>\n<p><img fetchpriority=\"high\" decoding=\"async\" class=\" size-full wp-image-63221\" src=\"https:\/\/img.bagnoitalia.com\/wp-content\/uploads\/1-00.jpg\" alt=\"\" width=\"1122\" height=\"564\" srcset=\"https:\/\/img.bagnoitalia.com\/wp-content\/uploads\/1-00.jpg 1122w, https:\/\/img.bagnoitalia.com\/wp-content\/uploads\/1-00-768x386.jpg 768w, https:\/\/img.bagnoitalia.com\/wp-content\/uploads\/1-00-990x498.jpg 990w, https:\/\/img.bagnoitalia.com\/wp-content\/uploads\/1-00-441x222.jpg 441w, https:\/\/img.bagnoitalia.com\/wp-content\/uploads\/1-00-600x302.jpg 600w, https:\/\/img.bagnoitalia.com\/wp-content\/uploads\/1-00-150x75.jpg 150w\" sizes=\"(max-width: 1122px) 100vw, 1122px\" \/><\/p>\n<p>&nbsp;<\/p>\n<p>&nbsp;<\/p>\n<p>&nbsp;<\/p>\n<p>&nbsp;<\/p>\n<p>smartstone<\/p>\n","protected":false},"excerpt":{"rendered":"<p>Receveur de douche ultra-mince, disponible en diff\u00e9rentes tailles. Fabriqu\u00e9 \u00e0 partir de min\u00e9raux et de r\u00e9sines naturelles r\u00e9sistants au vieillissement et \u00e0 l&rsquo;usure.<\/p>\n","protected":false},"featured_media":63201,"comment_status":"open","ping_status":"closed","template":"","meta":[],"product_brand":[9900,9954],"product_cat":[9755],"product_tag":[],"class_list":{"0":"post-83237","1":"product","2":"type-product","3":"status-publish","4":"has-post-thumbnail","6":"product_brand-baritermo-fr","7":"product_brand-thermo-professional-fr","8":"product_cat-receveurs-de-douche","10":"first","11":"instock","12":"sale","13":"taxable","14":"shipping-taxable","15":"purchasable","16":"product-type-simple"},"exclude_global_add_ons":false,"addons":[{"name":"Type de siphon","type":"multiple_choice","position":0,"required":true,"title_format":"heading","default":"","description_enable":false,"description":"","placeholder_enable":false,"placeholder":"","display":"select","restrictions_type":"any_text","adjust_price":false,"price":"","price_type":"flat_fee","restrictions":false,"min":"0","max":"0","options":[{"label":"Sans siphon","price":"","price_type":"quantity_based","image":0,"visibility":true},{"label":"Avec siphon","price":"25","price_type":"quantity_based","image":0,"visibility":true}],"id":1717512541},{"name":"Dimensions","type":"multiple_choice","position":1,"required":true,"title_format":"heading","default":"","description_enable":false,"description":"","placeholder_enable":false,"placeholder":"","display":"select","restrictions_type":"any_text","adjust_price":false,"price":"","price_type":"flat_fee","restrictions":false,"min":"0","max":"0","options":[{"label":"80x80 cm","price":"","price_type":"quantity_based","image":0,"visibility":true},{"label":"70x90","price":"","price_type":"quantity_based","image":0,"visibility":true},{"label":"70x100 cm","price":"10","price_type":"quantity_based","image":0,"visibility":true},{"label":"70x120 cm","price":"40","price_type":"quantity_based","image":0,"visibility":true},{"label":"70x140 cm","price":"70","price_type":"quantity_based","image":0,"visibility":true},{"label":"70x170 cm","price":"120","price_type":"quantity_based","image":0,"visibility":true},{"label":"80x120 cm","price":"70","price_type":"quantity_based","image":0,"visibility":true},{"label":"80x140 cm","price":"110","price_type":"quantity_based","image":0,"visibility":true}],"id":1717512542}],"yoast_head":"<!-- This site is optimized with the Yoast SEO plugin v26.7 - https:\/\/yoast.com\/wordpress\/plugins\/seo\/ -->\n<title>Receveur de douche carr\u00e9 ou rectangulaire ultra-mince en mineralmarmo blanc redimensionnable PA035<\/title>\n<meta name=\"description\" content=\"Receveur de douche ultra-mince, disponible en diff\u00e9rentes tailles. Fabriqu\u00e9 \u00e0 partir de min\u00e9raux et de r\u00e9sines naturelles r\u00e9sistants au vieillissement et \u00e0 l&#039;usure.\" \/>\n<meta name=\"robots\" content=\"index, follow, max-snippet:-1, max-image-preview:large, max-video-preview:-1\" \/>\n<link rel=\"canonical\" href=\"https:\/\/www.bagnoitalia.com\/fr\/produit\/ultra-slim-square-or-rectangular-shower-tray-in-white-mineralmarmo-resizable-pa035-2.html\" \/>\n<meta property=\"og:locale\" content=\"fr_FR\" \/>\n<meta property=\"og:type\" content=\"article\" \/>\n<meta property=\"og:title\" content=\"Receveur de douche carr\u00e9 ou rectangulaire ultra-mince en mineralmarmo blanc redimensionnable PA035\" \/>\n<meta property=\"og:description\" content=\"Receveur de douche ultra-mince, disponible en diff\u00e9rentes tailles. Fabriqu\u00e9 \u00e0 partir de min\u00e9raux et de r\u00e9sines naturelles r\u00e9sistants au vieillissement et \u00e0 l&#039;usure.\" \/>\n<meta property=\"og:url\" content=\"https:\/\/www.bagnoitalia.com\/fr\/produit\/ultra-slim-square-or-rectangular-shower-tray-in-white-mineralmarmo-resizable-pa035-2.html\" \/>\n<meta property=\"og:site_name\" content=\"Bagno Italia\" \/>\n<meta property=\"article:modified_time\" content=\"2025-01-21T14:18:23+00:00\" \/>\n<meta property=\"og:image\" content=\"https:\/\/img.bagnoitalia.com\/wp-content\/uploads\/virtuemart\/product\/shower-plate-ultraslim-mineralmarble-white-1.jpg\" \/>\n\t<meta property=\"og:image:width\" content=\"500\" \/>\n\t<meta property=\"og:image:height\" content=\"500\" \/>\n\t<meta property=\"og:image:type\" content=\"image\/jpeg\" \/>\n<meta name=\"twitter:card\" content=\"summary_large_image\" \/>\n<meta name=\"twitter:label1\" content=\"Dur\u00e9e de lecture estim\u00e9e\" \/>\n\t<meta name=\"twitter:data1\" content=\"1 minute\" \/>\n<script type=\"application\/ld+json\" class=\"yoast-schema-graph\">{\"@context\":\"https:\/\/schema.org\",\"@graph\":[{\"@type\":\"WebPage\",\"@id\":\"https:\/\/www.bagnoitalia.com\/fr\/produit\/ultra-slim-square-or-rectangular-shower-tray-in-white-mineralmarmo-resizable-pa035-2.html\",\"url\":\"https:\/\/www.bagnoitalia.com\/fr\/produit\/ultra-slim-square-or-rectangular-shower-tray-in-white-mineralmarmo-resizable-pa035-2.html\",\"name\":\"Receveur de douche carr\u00e9 ou rectangulaire ultra-mince en mineralmarmo blanc redimensionnable PA035\",\"isPartOf\":{\"@id\":\"https:\/\/www.bagnoitalia.com\/fr#website\"},\"primaryImageOfPage\":{\"@id\":\"https:\/\/www.bagnoitalia.com\/fr\/produit\/ultra-slim-square-or-rectangular-shower-tray-in-white-mineralmarmo-resizable-pa035-2.html#primaryimage\"},\"image\":{\"@id\":\"https:\/\/www.bagnoitalia.com\/fr\/produit\/ultra-slim-square-or-rectangular-shower-tray-in-white-mineralmarmo-resizable-pa035-2.html#primaryimage\"},\"thumbnailUrl\":\"https:\/\/img.bagnoitalia.com\/wp-content\/uploads\/virtuemart\/product\/shower-plate-ultraslim-mineralmarble-white-1.jpg\",\"datePublished\":\"2023-06-29T12:37:52+00:00\",\"dateModified\":\"2025-01-21T14:18:23+00:00\",\"description\":\"Receveur de douche ultra-mince, disponible en diff\u00e9rentes tailles. Fabriqu\u00e9 \u00e0 partir de min\u00e9raux et de r\u00e9sines naturelles r\u00e9sistants au vieillissement et \u00e0 l'usure.\",\"breadcrumb\":{\"@id\":\"https:\/\/www.bagnoitalia.com\/fr\/produit\/ultra-slim-square-or-rectangular-shower-tray-in-white-mineralmarmo-resizable-pa035-2.html#breadcrumb\"},\"inLanguage\":\"fr-FR\",\"potentialAction\":[{\"@type\":\"ReadAction\",\"target\":[\"https:\/\/www.bagnoitalia.com\/fr\/produit\/ultra-slim-square-or-rectangular-shower-tray-in-white-mineralmarmo-resizable-pa035-2.html\"]}]},{\"@type\":\"ImageObject\",\"inLanguage\":\"fr-FR\",\"@id\":\"https:\/\/www.bagnoitalia.com\/fr\/produit\/ultra-slim-square-or-rectangular-shower-tray-in-white-mineralmarmo-resizable-pa035-2.html#primaryimage\",\"url\":\"https:\/\/img.bagnoitalia.com\/wp-content\/uploads\/virtuemart\/product\/shower-plate-ultraslim-mineralmarble-white-1.jpg\",\"contentUrl\":\"https:\/\/img.bagnoitalia.com\/wp-content\/uploads\/virtuemart\/product\/shower-plate-ultraslim-mineralmarble-white-1.jpg\",\"width\":500,\"height\":500},{\"@type\":\"BreadcrumbList\",\"@id\":\"https:\/\/www.bagnoitalia.com\/fr\/produit\/ultra-slim-square-or-rectangular-shower-tray-in-white-mineralmarmo-resizable-pa035-2.html#breadcrumb\",\"itemListElement\":[{\"@type\":\"ListItem\",\"position\":1,\"name\":\"Home\",\"item\":\"https:\/\/www.bagnoitalia.com\/fr\"},{\"@type\":\"ListItem\",\"position\":2,\"name\":\"Produits\",\"item\":\"https:\/\/www.bagnoitalia.com\/fr\/shop\"},{\"@type\":\"ListItem\",\"position\":3,\"name\":\"Receveur de douche carr\u00e9 ou rectangulaire ultra-mince en mineralmarmo blanc redimensionnable PA035\"}]},{\"@type\":\"WebSite\",\"@id\":\"https:\/\/www.bagnoitalia.com\/fr#website\",\"url\":\"https:\/\/www.bagnoitalia.com\/fr\",\"name\":\"Bagno Italia\",\"description\":\"\",\"publisher\":{\"@id\":\"https:\/\/www.bagnoitalia.com\/fr#organization\"},\"potentialAction\":[{\"@type\":\"SearchAction\",\"target\":{\"@type\":\"EntryPoint\",\"urlTemplate\":\"https:\/\/www.bagnoitalia.com\/fr?s={search_term_string}\"},\"query-input\":{\"@type\":\"PropertyValueSpecification\",\"valueRequired\":true,\"valueName\":\"search_term_string\"}}],\"inLanguage\":\"fr-FR\"},{\"@type\":\"Organization\",\"@id\":\"https:\/\/www.bagnoitalia.com\/fr#organization\",\"name\":\"Bagno Italia\",\"url\":\"https:\/\/www.bagnoitalia.com\/fr\",\"logo\":{\"@type\":\"ImageObject\",\"inLanguage\":\"fr-FR\",\"@id\":\"https:\/\/www.bagnoitalia.com\/fr#\/schema\/logo\/image\/\",\"url\":\"https:\/\/img.bagnoitalia.com\/wp-content\/uploads\/logo-bagnoitalia.webp\",\"contentUrl\":\"https:\/\/img.bagnoitalia.com\/wp-content\/uploads\/logo-bagnoitalia.webp\",\"width\":400,\"height\":70,\"caption\":\"Bagno Italia\"},\"image\":{\"@id\":\"https:\/\/www.bagnoitalia.com\/fr#\/schema\/logo\/image\/\"}}]}<\/script>\n<!-- \/ Yoast SEO plugin. -->","yoast_head_json":{"title":"Receveur de douche carr\u00e9 ou rectangulaire ultra-mince en mineralmarmo blanc redimensionnable PA035","description":"Receveur de douche ultra-mince, disponible en diff\u00e9rentes tailles. Fabriqu\u00e9 \u00e0 partir de min\u00e9raux et de r\u00e9sines naturelles r\u00e9sistants au vieillissement et \u00e0 l'usure.","robots":{"index":"index","follow":"follow","max-snippet":"max-snippet:-1","max-image-preview":"max-image-preview:large","max-video-preview":"max-video-preview:-1"},"canonical":"https:\/\/www.bagnoitalia.com\/fr\/produit\/ultra-slim-square-or-rectangular-shower-tray-in-white-mineralmarmo-resizable-pa035-2.html","og_locale":"fr_FR","og_type":"article","og_title":"Receveur de douche carr\u00e9 ou rectangulaire ultra-mince en mineralmarmo blanc redimensionnable PA035","og_description":"Receveur de douche ultra-mince, disponible en diff\u00e9rentes tailles. Fabriqu\u00e9 \u00e0 partir de min\u00e9raux et de r\u00e9sines naturelles r\u00e9sistants au vieillissement et \u00e0 l'usure.","og_url":"https:\/\/www.bagnoitalia.com\/fr\/produit\/ultra-slim-square-or-rectangular-shower-tray-in-white-mineralmarmo-resizable-pa035-2.html","og_site_name":"Bagno Italia","article_modified_time":"2025-01-21T14:18:23+00:00","og_image":[{"width":500,"height":500,"url":"https:\/\/img.bagnoitalia.com\/wp-content\/uploads\/virtuemart\/product\/shower-plate-ultraslim-mineralmarble-white-1.jpg","type":"image\/jpeg"}],"twitter_card":"summary_large_image","twitter_misc":{"Dur\u00e9e de lecture estim\u00e9e":"1 minute"},"schema":{"@context":"https:\/\/schema.org","@graph":[{"@type":"WebPage","@id":"https:\/\/www.bagnoitalia.com\/fr\/produit\/ultra-slim-square-or-rectangular-shower-tray-in-white-mineralmarmo-resizable-pa035-2.html","url":"https:\/\/www.bagnoitalia.com\/fr\/produit\/ultra-slim-square-or-rectangular-shower-tray-in-white-mineralmarmo-resizable-pa035-2.html","name":"Receveur de douche carr\u00e9 ou rectangulaire ultra-mince en mineralmarmo blanc redimensionnable PA035","isPartOf":{"@id":"https:\/\/www.bagnoitalia.com\/fr#website"},"primaryImageOfPage":{"@id":"https:\/\/www.bagnoitalia.com\/fr\/produit\/ultra-slim-square-or-rectangular-shower-tray-in-white-mineralmarmo-resizable-pa035-2.html#primaryimage"},"image":{"@id":"https:\/\/www.bagnoitalia.com\/fr\/produit\/ultra-slim-square-or-rectangular-shower-tray-in-white-mineralmarmo-resizable-pa035-2.html#primaryimage"},"thumbnailUrl":"https:\/\/img.bagnoitalia.com\/wp-content\/uploads\/virtuemart\/product\/shower-plate-ultraslim-mineralmarble-white-1.jpg","datePublished":"2023-06-29T12:37:52+00:00","dateModified":"2025-01-21T14:18:23+00:00","description":"Receveur de douche ultra-mince, disponible en diff\u00e9rentes tailles. Fabriqu\u00e9 \u00e0 partir de min\u00e9raux et de r\u00e9sines naturelles r\u00e9sistants au vieillissement et \u00e0 l'usure.","breadcrumb":{"@id":"https:\/\/www.bagnoitalia.com\/fr\/produit\/ultra-slim-square-or-rectangular-shower-tray-in-white-mineralmarmo-resizable-pa035-2.html#breadcrumb"},"inLanguage":"fr-FR","potentialAction":[{"@type":"ReadAction","target":["https:\/\/www.bagnoitalia.com\/fr\/produit\/ultra-slim-square-or-rectangular-shower-tray-in-white-mineralmarmo-resizable-pa035-2.html"]}]},{"@type":"ImageObject","inLanguage":"fr-FR","@id":"https:\/\/www.bagnoitalia.com\/fr\/produit\/ultra-slim-square-or-rectangular-shower-tray-in-white-mineralmarmo-resizable-pa035-2.html#primaryimage","url":"https:\/\/img.bagnoitalia.com\/wp-content\/uploads\/virtuemart\/product\/shower-plate-ultraslim-mineralmarble-white-1.jpg","contentUrl":"https:\/\/img.bagnoitalia.com\/wp-content\/uploads\/virtuemart\/product\/shower-plate-ultraslim-mineralmarble-white-1.jpg","width":500,"height":500},{"@type":"BreadcrumbList","@id":"https:\/\/www.bagnoitalia.com\/fr\/produit\/ultra-slim-square-or-rectangular-shower-tray-in-white-mineralmarmo-resizable-pa035-2.html#breadcrumb","itemListElement":[{"@type":"ListItem","position":1,"name":"Home","item":"https:\/\/www.bagnoitalia.com\/fr"},{"@type":"ListItem","position":2,"name":"Produits","item":"https:\/\/www.bagnoitalia.com\/fr\/shop"},{"@type":"ListItem","position":3,"name":"Receveur de douche carr\u00e9 ou rectangulaire ultra-mince en mineralmarmo blanc redimensionnable PA035"}]},{"@type":"WebSite","@id":"https:\/\/www.bagnoitalia.com\/fr#website","url":"https:\/\/www.bagnoitalia.com\/fr","name":"Bagno Italia","description":"","publisher":{"@id":"https:\/\/www.bagnoitalia.com\/fr#organization"},"potentialAction":[{"@type":"SearchAction","target":{"@type":"EntryPoint","urlTemplate":"https:\/\/www.bagnoitalia.com\/fr?s={search_term_string}"},"query-input":{"@type":"PropertyValueSpecification","valueRequired":true,"valueName":"search_term_string"}}],"inLanguage":"fr-FR"},{"@type":"Organization","@id":"https:\/\/www.bagnoitalia.com\/fr#organization","name":"Bagno Italia","url":"https:\/\/www.bagnoitalia.com\/fr","logo":{"@type":"ImageObject","inLanguage":"fr-FR","@id":"https:\/\/www.bagnoitalia.com\/fr#\/schema\/logo\/image\/","url":"https:\/\/img.bagnoitalia.com\/wp-content\/uploads\/logo-bagnoitalia.webp","contentUrl":"https:\/\/img.bagnoitalia.com\/wp-content\/uploads\/logo-bagnoitalia.webp","width":400,"height":70,"caption":"Bagno Italia"},"image":{"@id":"https:\/\/www.bagnoitalia.com\/fr#\/schema\/logo\/image\/"}}]}},"_links":{"self":[{"href":"https:\/\/www.bagnoitalia.com\/fr\/wp-json\/wp\/v2\/product\/83237","targetHints":{"allow":["GET"]}}],"collection":[{"href":"https:\/\/www.bagnoitalia.com\/fr\/wp-json\/wp\/v2\/product"}],"about":[{"href":"https:\/\/www.bagnoitalia.com\/fr\/wp-json\/wp\/v2\/types\/product"}],"replies":[{"embeddable":true,"href":"https:\/\/www.bagnoitalia.com\/fr\/wp-json\/wp\/v2\/comments?post=83237"}],"version-history":[{"count":2,"href":"https:\/\/www.bagnoitalia.com\/fr\/wp-json\/wp\/v2\/product\/83237\/revisions"}],"predecessor-version":[{"id":101124,"href":"https:\/\/www.bagnoitalia.com\/fr\/wp-json\/wp\/v2\/product\/83237\/revisions\/101124"}],"wp:featuredmedia":[{"embeddable":true,"href":"https:\/\/www.bagnoitalia.com\/fr\/wp-json\/wp\/v2\/media\/63201"}],"wp:attachment":[{"href":"https:\/\/www.bagnoitalia.com\/fr\/wp-json\/wp\/v2\/media?parent=83237"}],"wp:term":[{"taxonomy":"product_brand","embeddable":true,"href":"https:\/\/www.bagnoitalia.com\/fr\/wp-json\/wp\/v2\/product_brand?post=83237"},{"taxonomy":"product_cat","embeddable":true,"href":"https:\/\/www.bagnoitalia.com\/fr\/wp-json\/wp\/v2\/product_cat?post=83237"},{"taxonomy":"product_tag","embeddable":true,"href":"https:\/\/www.bagnoitalia.com\/fr\/wp-json\/wp\/v2\/product_tag?post=83237"}],"curies":[{"name":"wp","href":"https:\/\/api.w.org\/{rel}","templated":true}]}}