{"id":83225,"date":"2023-06-27T14:57:26","date_gmt":"2023-06-27T12:57:26","guid":{"rendered":"https:\/\/www.bagnoitalia.com\/product\/whirlpool-cabin-80x120-cm-with-bluetooth-chromotherapy-and-quick-assembly-quick-line-cb094-2"},"modified":"2026-04-08T11:23:52","modified_gmt":"2026-04-08T09:23:52","slug":"whirlpool-cabin-80x120-cm-with-bluetooth-chromotherapy-and-quick-assembly-quick-line-cb094-2","status":"publish","type":"product","link":"https:\/\/www.bagnoitalia.com\/fr\/produit\/whirlpool-cabin-80x120-cm-with-bluetooth-chromotherapy-and-quick-assembly-quick-line-cb094-2.html","title":{"rendered":"Cabine Whirlpool 80&#215;120 cm avec chromoth\u00e9rapie bluetooth et montage rapide Quick Line CB094"},"content":{"rendered":"<p style=\"text-align: center;\"><span style=\"text-decoration: underline; font-size: 14pt; color: #ff0000;\"><strong>CABINE D&rsquo;HYDROMASSAGE 80x120cm QUICK-LINE CB094<\/strong><\/span><\/p>\n<p>&nbsp;<\/p>\n<p style=\"text-align: center;\"><img fetchpriority=\"high\" decoding=\"async\" class=\" size-full wp-image-17283\" style=\"background-color: inherit; color: inherit; caret-color: auto;\" src=\"https:\/\/img.bagnoitalia.com\/wp-content\/uploads\/1-1.jpg\" alt=\"\" width=\"817\" height=\"135\" srcset=\"https:\/\/img.bagnoitalia.com\/wp-content\/uploads\/1-1.jpg 817w, https:\/\/img.bagnoitalia.com\/wp-content\/uploads\/1-1-768x127.jpg 768w, https:\/\/img.bagnoitalia.com\/wp-content\/uploads\/1-1-441x73.jpg 441w, https:\/\/img.bagnoitalia.com\/wp-content\/uploads\/1-1-600x99.jpg 600w, https:\/\/img.bagnoitalia.com\/wp-content\/uploads\/1-1-150x25.jpg 150w\" sizes=\"(max-width: 817px) 100vw, 817px\" \/><\/p>\n<p><span style=\"text-decoration: underline;\"><strong>CARACT\u00c9RISTIQUES :<\/strong><\/span><\/p>\n<p>Cabine de douche rectangulaire \u00e0 montage rapide 80x120xH215 cm (QUICK-LINE)<\/p>\n<p>avec receveur de douche H 14cm<\/p>\n<p>100 micro-jets d&rsquo;hydromassage le long de la colonne de douche<\/p>\n<p>douche lat\u00e9rale extractible + douchette centrale<\/p>\n<p>panneau de contr\u00f4le tactile<\/p>\n<p>baldaquin avec led pour chromoth\u00e9rapie<\/p>\n<p>connexion bluetooth<\/p>\n<p>radio avec haut-parleurs<\/p>\n<p>syst\u00e8me de ventilation<\/p>\n<p>\u00e9tag\u00e8re de rangement<\/p>\n<p>ouverture avec porte coulissante<\/p>\n<p>NB : la pression de l&rsquo;eau est utilis\u00e9e pour la fonction whirlpool<\/p>\n<p><span style=\"text-decoration: underline;\"><strong>MAT\u00c9RIAUX et D\u00c9TAILS SUPPL\u00c9MENTAIRES<\/strong><\/span><\/p>\n<p>Pomme de douche en acier inoxydable<\/p>\n<p>Receveur de douche en acrylique renforc\u00e9<\/p>\n<p>Cadre en fer galvanis\u00e9 avec pieds r\u00e9glables<\/p>\n<p>Jets d&rsquo;eau en acier inoxydable<\/p>\n<p>\u00e9tag\u00e8re en verre<\/p>\n<p>parois arri\u00e8re en verre noir de 4 mm<\/p>\n<p>parois avant et porte en verre fum\u00e9 de 5 mm<\/p>\n<p>profil\u00e9s en aluminium chrom\u00e9<\/p>\n<p>&nbsp;<\/p>\n<p>&nbsp;<\/p>\n<p>montage en quelques minutes avec le syst\u00e8me exclusif brevet\u00e9 Quick Line, VIDEO :<\/p>\n<p>&nbsp;<\/p>\n<p>&nbsp;<\/p>\n<p><iframe src=\"https:\/\/www.youtube.com\/embed\/t6U-M3CwurE\" width=\"560\" height=\"315\" frameborder=\"0\" allowfullscreen=\"allowfullscreen\"><\/iframe><\/p>\n<p>&nbsp;<\/p>\n<p>&nbsp;<\/p>\n<p>&nbsp;<\/p>\n<p>CL72<\/p>\n","protected":false},"excerpt":{"rendered":"<p>Cabine de douche avec 100 micro-jets d&rsquo;hydromassage le long de la colonne. Porte de douche r\u00e9versible. Receveur de douche de 14 cm. Fonctions incluses : Bluetooth, chromoth\u00e9rapie, radio<\/p>\n","protected":false},"featured_media":63093,"comment_status":"open","ping_status":"closed","template":"","meta":[],"product_brand":[9942],"product_cat":[9735],"product_tag":[],"class_list":{"0":"post-83225","1":"product","2":"type-product","3":"status-publish","4":"has-post-thumbnail","6":"product_brand-sanotechnik-italia-fr","7":"product_cat-cabine-d-39-hydromassage","9":"first","10":"instock","11":"sale","12":"taxable","13":"shipping-taxable","14":"purchasable","15":"product-type-simple"},"exclude_global_add_ons":[],"addons":[],"yoast_head":"<!-- This site is optimized with the Yoast SEO plugin v26.7 - https:\/\/yoast.com\/wordpress\/plugins\/seo\/ -->\n<title>Cabine Whirlpool 80x120 cm avec chromoth\u00e9rapie bluetooth et montage rapide Quick Line CB094<\/title>\n<meta name=\"description\" content=\"Cabine de douche avec 100 micro-jets d&#039;hydromassage le long de la colonne. Porte de douche r\u00e9versible. Receveur de douche de 14 cm. Fonctions incluses : Bluetooth, chromoth\u00e9rapie, radio\" \/>\n<meta name=\"robots\" content=\"index, follow, max-snippet:-1, max-image-preview:large, max-video-preview:-1\" \/>\n<link rel=\"canonical\" href=\"https:\/\/www.bagnoitalia.com\/fr\/produit\/whirlpool-cabin-80x120-cm-with-bluetooth-chromotherapy-and-quick-assembly-quick-line-cb094-2.html\" \/>\n<meta property=\"og:locale\" content=\"fr_FR\" \/>\n<meta property=\"og:type\" content=\"article\" \/>\n<meta property=\"og:title\" content=\"Cabine Whirlpool 80x120 cm avec chromoth\u00e9rapie bluetooth et montage rapide Quick Line CB094\" \/>\n<meta property=\"og:description\" content=\"Cabine de douche avec 100 micro-jets d&#039;hydromassage le long de la colonne. Porte de douche r\u00e9versible. Receveur de douche de 14 cm. Fonctions incluses : Bluetooth, chromoth\u00e9rapie, radio\" \/>\n<meta property=\"og:url\" content=\"https:\/\/www.bagnoitalia.com\/fr\/produit\/whirlpool-cabin-80x120-cm-with-bluetooth-chromotherapy-and-quick-assembly-quick-line-cb094-2.html\" \/>\n<meta property=\"og:site_name\" content=\"Bagno Italia\" \/>\n<meta property=\"article:modified_time\" content=\"2026-04-08T09:23:52+00:00\" \/>\n<meta property=\"og:image\" content=\"https:\/\/img.bagnoitalia.com\/wp-content\/uploads\/virtuemart\/product\/whirlpool_cabin-80x120-cm-quick-line-assembly-quick-assembly-1.jpg\" \/>\n\t<meta property=\"og:image:width\" content=\"550\" \/>\n\t<meta property=\"og:image:height\" content=\"550\" \/>\n\t<meta property=\"og:image:type\" content=\"image\/jpeg\" \/>\n<meta name=\"twitter:card\" content=\"summary_large_image\" \/>\n<meta name=\"twitter:label1\" content=\"Dur\u00e9e de lecture estim\u00e9e\" \/>\n\t<meta name=\"twitter:data1\" content=\"2 minutes\" \/>\n<script type=\"application\/ld+json\" class=\"yoast-schema-graph\">{\"@context\":\"https:\/\/schema.org\",\"@graph\":[{\"@type\":\"WebPage\",\"@id\":\"https:\/\/www.bagnoitalia.com\/fr\/produit\/whirlpool-cabin-80x120-cm-with-bluetooth-chromotherapy-and-quick-assembly-quick-line-cb094-2.html\",\"url\":\"https:\/\/www.bagnoitalia.com\/fr\/produit\/whirlpool-cabin-80x120-cm-with-bluetooth-chromotherapy-and-quick-assembly-quick-line-cb094-2.html\",\"name\":\"Cabine Whirlpool 80x120 cm avec chromoth\u00e9rapie bluetooth et montage rapide Quick Line CB094\",\"isPartOf\":{\"@id\":\"https:\/\/www.bagnoitalia.com\/fr#website\"},\"primaryImageOfPage\":{\"@id\":\"https:\/\/www.bagnoitalia.com\/fr\/produit\/whirlpool-cabin-80x120-cm-with-bluetooth-chromotherapy-and-quick-assembly-quick-line-cb094-2.html#primaryimage\"},\"image\":{\"@id\":\"https:\/\/www.bagnoitalia.com\/fr\/produit\/whirlpool-cabin-80x120-cm-with-bluetooth-chromotherapy-and-quick-assembly-quick-line-cb094-2.html#primaryimage\"},\"thumbnailUrl\":\"https:\/\/img.bagnoitalia.com\/wp-content\/uploads\/virtuemart\/product\/whirlpool_cabin-80x120-cm-quick-line-assembly-quick-assembly-1.jpg\",\"datePublished\":\"2023-06-27T12:57:26+00:00\",\"dateModified\":\"2026-04-08T09:23:52+00:00\",\"description\":\"Cabine de douche avec 100 micro-jets d'hydromassage le long de la colonne. Porte de douche r\u00e9versible. Receveur de douche de 14 cm. Fonctions incluses : Bluetooth, chromoth\u00e9rapie, radio\",\"breadcrumb\":{\"@id\":\"https:\/\/www.bagnoitalia.com\/fr\/produit\/whirlpool-cabin-80x120-cm-with-bluetooth-chromotherapy-and-quick-assembly-quick-line-cb094-2.html#breadcrumb\"},\"inLanguage\":\"fr-FR\",\"potentialAction\":[{\"@type\":\"ReadAction\",\"target\":[\"https:\/\/www.bagnoitalia.com\/fr\/produit\/whirlpool-cabin-80x120-cm-with-bluetooth-chromotherapy-and-quick-assembly-quick-line-cb094-2.html\"]}]},{\"@type\":\"ImageObject\",\"inLanguage\":\"fr-FR\",\"@id\":\"https:\/\/www.bagnoitalia.com\/fr\/produit\/whirlpool-cabin-80x120-cm-with-bluetooth-chromotherapy-and-quick-assembly-quick-line-cb094-2.html#primaryimage\",\"url\":\"https:\/\/img.bagnoitalia.com\/wp-content\/uploads\/virtuemart\/product\/whirlpool_cabin-80x120-cm-quick-line-assembly-quick-assembly-1.jpg\",\"contentUrl\":\"https:\/\/img.bagnoitalia.com\/wp-content\/uploads\/virtuemart\/product\/whirlpool_cabin-80x120-cm-quick-line-assembly-quick-assembly-1.jpg\",\"width\":550,\"height\":550},{\"@type\":\"BreadcrumbList\",\"@id\":\"https:\/\/www.bagnoitalia.com\/fr\/produit\/whirlpool-cabin-80x120-cm-with-bluetooth-chromotherapy-and-quick-assembly-quick-line-cb094-2.html#breadcrumb\",\"itemListElement\":[{\"@type\":\"ListItem\",\"position\":1,\"name\":\"Home\",\"item\":\"https:\/\/www.bagnoitalia.com\/fr\"},{\"@type\":\"ListItem\",\"position\":2,\"name\":\"Produits\",\"item\":\"https:\/\/www.bagnoitalia.com\/fr\/shop\"},{\"@type\":\"ListItem\",\"position\":3,\"name\":\"Cabine Whirlpool 80&#215;120 cm avec chromoth\u00e9rapie bluetooth et montage rapide Quick Line CB094\"}]},{\"@type\":\"WebSite\",\"@id\":\"https:\/\/www.bagnoitalia.com\/fr#website\",\"url\":\"https:\/\/www.bagnoitalia.com\/fr\",\"name\":\"Bagno Italia\",\"description\":\"\",\"publisher\":{\"@id\":\"https:\/\/www.bagnoitalia.com\/fr#organization\"},\"potentialAction\":[{\"@type\":\"SearchAction\",\"target\":{\"@type\":\"EntryPoint\",\"urlTemplate\":\"https:\/\/www.bagnoitalia.com\/fr?s={search_term_string}\"},\"query-input\":{\"@type\":\"PropertyValueSpecification\",\"valueRequired\":true,\"valueName\":\"search_term_string\"}}],\"inLanguage\":\"fr-FR\"},{\"@type\":\"Organization\",\"@id\":\"https:\/\/www.bagnoitalia.com\/fr#organization\",\"name\":\"Bagno Italia\",\"url\":\"https:\/\/www.bagnoitalia.com\/fr\",\"logo\":{\"@type\":\"ImageObject\",\"inLanguage\":\"fr-FR\",\"@id\":\"https:\/\/www.bagnoitalia.com\/fr#\/schema\/logo\/image\/\",\"url\":\"https:\/\/img.bagnoitalia.com\/wp-content\/uploads\/logo-bagnoitalia.webp\",\"contentUrl\":\"https:\/\/img.bagnoitalia.com\/wp-content\/uploads\/logo-bagnoitalia.webp\",\"width\":400,\"height\":70,\"caption\":\"Bagno Italia\"},\"image\":{\"@id\":\"https:\/\/www.bagnoitalia.com\/fr#\/schema\/logo\/image\/\"}}]}<\/script>\n<!-- \/ Yoast SEO plugin. -->","yoast_head_json":{"title":"Cabine Whirlpool 80x120 cm avec chromoth\u00e9rapie bluetooth et montage rapide Quick Line CB094","description":"Cabine de douche avec 100 micro-jets d'hydromassage le long de la colonne. Porte de douche r\u00e9versible. Receveur de douche de 14 cm. Fonctions incluses : Bluetooth, chromoth\u00e9rapie, radio","robots":{"index":"index","follow":"follow","max-snippet":"max-snippet:-1","max-image-preview":"max-image-preview:large","max-video-preview":"max-video-preview:-1"},"canonical":"https:\/\/www.bagnoitalia.com\/fr\/produit\/whirlpool-cabin-80x120-cm-with-bluetooth-chromotherapy-and-quick-assembly-quick-line-cb094-2.html","og_locale":"fr_FR","og_type":"article","og_title":"Cabine Whirlpool 80x120 cm avec chromoth\u00e9rapie bluetooth et montage rapide Quick Line CB094","og_description":"Cabine de douche avec 100 micro-jets d'hydromassage le long de la colonne. Porte de douche r\u00e9versible. Receveur de douche de 14 cm. Fonctions incluses : Bluetooth, chromoth\u00e9rapie, radio","og_url":"https:\/\/www.bagnoitalia.com\/fr\/produit\/whirlpool-cabin-80x120-cm-with-bluetooth-chromotherapy-and-quick-assembly-quick-line-cb094-2.html","og_site_name":"Bagno Italia","article_modified_time":"2026-04-08T09:23:52+00:00","og_image":[{"width":550,"height":550,"url":"https:\/\/img.bagnoitalia.com\/wp-content\/uploads\/virtuemart\/product\/whirlpool_cabin-80x120-cm-quick-line-assembly-quick-assembly-1.jpg","type":"image\/jpeg"}],"twitter_card":"summary_large_image","twitter_misc":{"Dur\u00e9e de lecture estim\u00e9e":"2 minutes"},"schema":{"@context":"https:\/\/schema.org","@graph":[{"@type":"WebPage","@id":"https:\/\/www.bagnoitalia.com\/fr\/produit\/whirlpool-cabin-80x120-cm-with-bluetooth-chromotherapy-and-quick-assembly-quick-line-cb094-2.html","url":"https:\/\/www.bagnoitalia.com\/fr\/produit\/whirlpool-cabin-80x120-cm-with-bluetooth-chromotherapy-and-quick-assembly-quick-line-cb094-2.html","name":"Cabine Whirlpool 80x120 cm avec chromoth\u00e9rapie bluetooth et montage rapide Quick Line CB094","isPartOf":{"@id":"https:\/\/www.bagnoitalia.com\/fr#website"},"primaryImageOfPage":{"@id":"https:\/\/www.bagnoitalia.com\/fr\/produit\/whirlpool-cabin-80x120-cm-with-bluetooth-chromotherapy-and-quick-assembly-quick-line-cb094-2.html#primaryimage"},"image":{"@id":"https:\/\/www.bagnoitalia.com\/fr\/produit\/whirlpool-cabin-80x120-cm-with-bluetooth-chromotherapy-and-quick-assembly-quick-line-cb094-2.html#primaryimage"},"thumbnailUrl":"https:\/\/img.bagnoitalia.com\/wp-content\/uploads\/virtuemart\/product\/whirlpool_cabin-80x120-cm-quick-line-assembly-quick-assembly-1.jpg","datePublished":"2023-06-27T12:57:26+00:00","dateModified":"2026-04-08T09:23:52+00:00","description":"Cabine de douche avec 100 micro-jets d'hydromassage le long de la colonne. Porte de douche r\u00e9versible. Receveur de douche de 14 cm. Fonctions incluses : Bluetooth, chromoth\u00e9rapie, radio","breadcrumb":{"@id":"https:\/\/www.bagnoitalia.com\/fr\/produit\/whirlpool-cabin-80x120-cm-with-bluetooth-chromotherapy-and-quick-assembly-quick-line-cb094-2.html#breadcrumb"},"inLanguage":"fr-FR","potentialAction":[{"@type":"ReadAction","target":["https:\/\/www.bagnoitalia.com\/fr\/produit\/whirlpool-cabin-80x120-cm-with-bluetooth-chromotherapy-and-quick-assembly-quick-line-cb094-2.html"]}]},{"@type":"ImageObject","inLanguage":"fr-FR","@id":"https:\/\/www.bagnoitalia.com\/fr\/produit\/whirlpool-cabin-80x120-cm-with-bluetooth-chromotherapy-and-quick-assembly-quick-line-cb094-2.html#primaryimage","url":"https:\/\/img.bagnoitalia.com\/wp-content\/uploads\/virtuemart\/product\/whirlpool_cabin-80x120-cm-quick-line-assembly-quick-assembly-1.jpg","contentUrl":"https:\/\/img.bagnoitalia.com\/wp-content\/uploads\/virtuemart\/product\/whirlpool_cabin-80x120-cm-quick-line-assembly-quick-assembly-1.jpg","width":550,"height":550},{"@type":"BreadcrumbList","@id":"https:\/\/www.bagnoitalia.com\/fr\/produit\/whirlpool-cabin-80x120-cm-with-bluetooth-chromotherapy-and-quick-assembly-quick-line-cb094-2.html#breadcrumb","itemListElement":[{"@type":"ListItem","position":1,"name":"Home","item":"https:\/\/www.bagnoitalia.com\/fr"},{"@type":"ListItem","position":2,"name":"Produits","item":"https:\/\/www.bagnoitalia.com\/fr\/shop"},{"@type":"ListItem","position":3,"name":"Cabine Whirlpool 80&#215;120 cm avec chromoth\u00e9rapie bluetooth et montage rapide Quick Line CB094"}]},{"@type":"WebSite","@id":"https:\/\/www.bagnoitalia.com\/fr#website","url":"https:\/\/www.bagnoitalia.com\/fr","name":"Bagno Italia","description":"","publisher":{"@id":"https:\/\/www.bagnoitalia.com\/fr#organization"},"potentialAction":[{"@type":"SearchAction","target":{"@type":"EntryPoint","urlTemplate":"https:\/\/www.bagnoitalia.com\/fr?s={search_term_string}"},"query-input":{"@type":"PropertyValueSpecification","valueRequired":true,"valueName":"search_term_string"}}],"inLanguage":"fr-FR"},{"@type":"Organization","@id":"https:\/\/www.bagnoitalia.com\/fr#organization","name":"Bagno Italia","url":"https:\/\/www.bagnoitalia.com\/fr","logo":{"@type":"ImageObject","inLanguage":"fr-FR","@id":"https:\/\/www.bagnoitalia.com\/fr#\/schema\/logo\/image\/","url":"https:\/\/img.bagnoitalia.com\/wp-content\/uploads\/logo-bagnoitalia.webp","contentUrl":"https:\/\/img.bagnoitalia.com\/wp-content\/uploads\/logo-bagnoitalia.webp","width":400,"height":70,"caption":"Bagno Italia"},"image":{"@id":"https:\/\/www.bagnoitalia.com\/fr#\/schema\/logo\/image\/"}}]}},"_links":{"self":[{"href":"https:\/\/www.bagnoitalia.com\/fr\/wp-json\/wp\/v2\/product\/83225","targetHints":{"allow":["GET"]}}],"collection":[{"href":"https:\/\/www.bagnoitalia.com\/fr\/wp-json\/wp\/v2\/product"}],"about":[{"href":"https:\/\/www.bagnoitalia.com\/fr\/wp-json\/wp\/v2\/types\/product"}],"replies":[{"embeddable":true,"href":"https:\/\/www.bagnoitalia.com\/fr\/wp-json\/wp\/v2\/comments?post=83225"}],"version-history":[{"count":1,"href":"https:\/\/www.bagnoitalia.com\/fr\/wp-json\/wp\/v2\/product\/83225\/revisions"}],"predecessor-version":[{"id":117085,"href":"https:\/\/www.bagnoitalia.com\/fr\/wp-json\/wp\/v2\/product\/83225\/revisions\/117085"}],"wp:featuredmedia":[{"embeddable":true,"href":"https:\/\/www.bagnoitalia.com\/fr\/wp-json\/wp\/v2\/media\/63093"}],"wp:attachment":[{"href":"https:\/\/www.bagnoitalia.com\/fr\/wp-json\/wp\/v2\/media?parent=83225"}],"wp:term":[{"taxonomy":"product_brand","embeddable":true,"href":"https:\/\/www.bagnoitalia.com\/fr\/wp-json\/wp\/v2\/product_brand?post=83225"},{"taxonomy":"product_cat","embeddable":true,"href":"https:\/\/www.bagnoitalia.com\/fr\/wp-json\/wp\/v2\/product_cat?post=83225"},{"taxonomy":"product_tag","embeddable":true,"href":"https:\/\/www.bagnoitalia.com\/fr\/wp-json\/wp\/v2\/product_tag?post=83225"}],"curies":[{"name":"wp","href":"https:\/\/api.w.org\/{rel}","templated":true}]}}