{"id":83177,"date":"2023-06-15T10:38:34","date_gmt":"2023-06-15T08:38:34","guid":{"rendered":"https:\/\/www.bagnoitalia.com\/product\/chrome-plated-brass-swivel-kitchen-mixer-with-pull-out-spray-rb163-2"},"modified":"2023-06-15T10:38:34","modified_gmt":"2023-06-15T08:38:34","slug":"chrome-plated-brass-swivel-kitchen-mixer-with-pull-out-spray-rb163-2","status":"publish","type":"product","link":"https:\/\/www.bagnoitalia.com\/fr\/produit\/chrome-plated-brass-swivel-kitchen-mixer-with-pull-out-spray-rb163-2.html","title":{"rendered":"M\u00e9langeur de cuisine orientable en laiton chrom\u00e9 avec douchette extractible RB163"},"content":{"rendered":"<p style=\"text-align: center;\"><span style=\"text-decoration: underline; color: #ff0000; font-size: 18pt;\"><strong>MITIGEUR DE CUISINE AVEC DOUCHETTE RB163<\/strong><\/span><\/p>\n<p>&nbsp;<\/p>\n<p><span style=\"text-decoration: underline; color: #000000; font-size: 12pt;\"><strong>CARACT\u00c9RISTIQUES PRINCIPALES DU PRODUIT<\/strong><\/span><\/p>\n<p>Robinet d&rsquo;\u00e9vier<\/p>\n<p>Orientable sur 360<\/p>\n<p>Equip\u00e9 d&rsquo;une douchette extractible<\/p>\n<p>Fabriqu\u00e9 en laiton chrom\u00e9<\/p>\n<p>Alimentation en eau par le bec (avec douchette &lsquo;classique&rsquo;) ou par la douchette extractible (avec douchette &lsquo;pluie&rsquo;)<\/p>\n<p>levier de m\u00e9lange de l&rsquo;eau<\/p>\n<p>levier d&rsquo;inversion<\/p>\n<p>2 tuyaux inclus<\/p>\n<p>valve en c\u00e9ramique<\/p>\n<p>&nbsp;<\/p>\n<p>&nbsp;<\/p>\n<p>&nbsp;<\/p>\n<p>&nbsp;<br \/>&nbsp;<br \/>&nbsp;<\/p>\n","protected":false},"excerpt":{"rendered":"<p>Robinet de cuisine moderne. Equip\u00e9 d&rsquo;une douchette extractible et orientable avec jet de pluie. <\/p>\n","protected":false},"featured_media":62657,"comment_status":"open","ping_status":"closed","template":"","meta":[],"product_brand":[5004],"product_cat":[10042],"product_tag":[],"class_list":{"0":"post-83177","1":"product","2":"type-product","3":"status-publish","4":"has-post-thumbnail","6":"product_brand-vari-produttori","7":"product_cat-robinetterie-de-cuisine","9":"first","10":"instock","11":"sale","12":"taxable","13":"shipping-taxable","14":"purchasable","15":"product-type-simple"},"exclude_global_add_ons":[],"addons":[],"yoast_head":"<!-- This site is optimized with the Yoast SEO plugin v26.7 - https:\/\/yoast.com\/wordpress\/plugins\/seo\/ -->\n<title>M\u00e9langeur de cuisine orientable en laiton chrom\u00e9 avec douchette extractible RB163<\/title>\n<meta name=\"description\" content=\"Robinet de cuisine moderne. Equip\u00e9 d&#039;une douchette extractible et orientable avec jet de pluie.\" \/>\n<meta name=\"robots\" content=\"index, follow, max-snippet:-1, max-image-preview:large, max-video-preview:-1\" \/>\n<link rel=\"canonical\" href=\"https:\/\/www.bagnoitalia.com\/fr\/produit\/chrome-plated-brass-swivel-kitchen-mixer-with-pull-out-spray-rb163-2.html\" \/>\n<meta property=\"og:locale\" content=\"fr_FR\" \/>\n<meta property=\"og:type\" content=\"article\" \/>\n<meta property=\"og:title\" content=\"M\u00e9langeur de cuisine orientable en laiton chrom\u00e9 avec douchette extractible RB163\" \/>\n<meta property=\"og:description\" content=\"Robinet de cuisine moderne. Equip\u00e9 d&#039;une douchette extractible et orientable avec jet de pluie.\" \/>\n<meta property=\"og:url\" content=\"https:\/\/www.bagnoitalia.com\/fr\/produit\/chrome-plated-brass-swivel-kitchen-mixer-with-pull-out-spray-rb163-2.html\" \/>\n<meta property=\"og:site_name\" content=\"Bagno Italia\" \/>\n<meta property=\"og:image\" content=\"https:\/\/img.bagnoitalia.com\/wp-content\/uploads\/virtuemart\/product\/kitchen-mixer-rotary-with-window-nozzle-chrome-1.jpg\" \/>\n\t<meta property=\"og:image:width\" content=\"550\" \/>\n\t<meta property=\"og:image:height\" content=\"550\" \/>\n\t<meta property=\"og:image:type\" content=\"image\/jpeg\" \/>\n<meta name=\"twitter:card\" content=\"summary_large_image\" \/>\n<script type=\"application\/ld+json\" class=\"yoast-schema-graph\">{\"@context\":\"https:\/\/schema.org\",\"@graph\":[{\"@type\":\"WebPage\",\"@id\":\"https:\/\/www.bagnoitalia.com\/fr\/produit\/chrome-plated-brass-swivel-kitchen-mixer-with-pull-out-spray-rb163-2.html\",\"url\":\"https:\/\/www.bagnoitalia.com\/fr\/produit\/chrome-plated-brass-swivel-kitchen-mixer-with-pull-out-spray-rb163-2.html\",\"name\":\"M\u00e9langeur de cuisine orientable en laiton chrom\u00e9 avec douchette extractible RB163\",\"isPartOf\":{\"@id\":\"https:\/\/www.bagnoitalia.com\/fr#website\"},\"primaryImageOfPage\":{\"@id\":\"https:\/\/www.bagnoitalia.com\/fr\/produit\/chrome-plated-brass-swivel-kitchen-mixer-with-pull-out-spray-rb163-2.html#primaryimage\"},\"image\":{\"@id\":\"https:\/\/www.bagnoitalia.com\/fr\/produit\/chrome-plated-brass-swivel-kitchen-mixer-with-pull-out-spray-rb163-2.html#primaryimage\"},\"thumbnailUrl\":\"https:\/\/img.bagnoitalia.com\/wp-content\/uploads\/virtuemart\/product\/kitchen-mixer-rotary-with-window-nozzle-chrome-1.jpg\",\"datePublished\":\"2023-06-15T08:38:34+00:00\",\"description\":\"Robinet de cuisine moderne. Equip\u00e9 d&#39;une douchette extractible et orientable avec jet de pluie.\",\"breadcrumb\":{\"@id\":\"https:\/\/www.bagnoitalia.com\/fr\/produit\/chrome-plated-brass-swivel-kitchen-mixer-with-pull-out-spray-rb163-2.html#breadcrumb\"},\"inLanguage\":\"fr-FR\",\"potentialAction\":[{\"@type\":\"ReadAction\",\"target\":[\"https:\/\/www.bagnoitalia.com\/fr\/produit\/chrome-plated-brass-swivel-kitchen-mixer-with-pull-out-spray-rb163-2.html\"]}]},{\"@type\":\"ImageObject\",\"inLanguage\":\"fr-FR\",\"@id\":\"https:\/\/www.bagnoitalia.com\/fr\/produit\/chrome-plated-brass-swivel-kitchen-mixer-with-pull-out-spray-rb163-2.html#primaryimage\",\"url\":\"https:\/\/img.bagnoitalia.com\/wp-content\/uploads\/virtuemart\/product\/kitchen-mixer-rotary-with-window-nozzle-chrome-1.jpg\",\"contentUrl\":\"https:\/\/img.bagnoitalia.com\/wp-content\/uploads\/virtuemart\/product\/kitchen-mixer-rotary-with-window-nozzle-chrome-1.jpg\",\"width\":550,\"height\":550},{\"@type\":\"BreadcrumbList\",\"@id\":\"https:\/\/www.bagnoitalia.com\/fr\/produit\/chrome-plated-brass-swivel-kitchen-mixer-with-pull-out-spray-rb163-2.html#breadcrumb\",\"itemListElement\":[{\"@type\":\"ListItem\",\"position\":1,\"name\":\"Home\",\"item\":\"https:\/\/www.bagnoitalia.com\/fr\"},{\"@type\":\"ListItem\",\"position\":2,\"name\":\"Produits\",\"item\":\"https:\/\/www.bagnoitalia.com\/fr\/shop\"},{\"@type\":\"ListItem\",\"position\":3,\"name\":\"M\u00e9langeur de cuisine orientable en laiton chrom\u00e9 avec douchette extractible RB163\"}]},{\"@type\":\"WebSite\",\"@id\":\"https:\/\/www.bagnoitalia.com\/fr#website\",\"url\":\"https:\/\/www.bagnoitalia.com\/fr\",\"name\":\"Bagno Italia\",\"description\":\"\",\"publisher\":{\"@id\":\"https:\/\/www.bagnoitalia.com\/fr#organization\"},\"potentialAction\":[{\"@type\":\"SearchAction\",\"target\":{\"@type\":\"EntryPoint\",\"urlTemplate\":\"https:\/\/www.bagnoitalia.com\/fr?s={search_term_string}\"},\"query-input\":{\"@type\":\"PropertyValueSpecification\",\"valueRequired\":true,\"valueName\":\"search_term_string\"}}],\"inLanguage\":\"fr-FR\"},{\"@type\":\"Organization\",\"@id\":\"https:\/\/www.bagnoitalia.com\/fr#organization\",\"name\":\"Bagno Italia\",\"url\":\"https:\/\/www.bagnoitalia.com\/fr\",\"logo\":{\"@type\":\"ImageObject\",\"inLanguage\":\"fr-FR\",\"@id\":\"https:\/\/www.bagnoitalia.com\/fr#\/schema\/logo\/image\/\",\"url\":\"https:\/\/img.bagnoitalia.com\/wp-content\/uploads\/logo-bagnoitalia.webp\",\"contentUrl\":\"https:\/\/img.bagnoitalia.com\/wp-content\/uploads\/logo-bagnoitalia.webp\",\"width\":400,\"height\":70,\"caption\":\"Bagno Italia\"},\"image\":{\"@id\":\"https:\/\/www.bagnoitalia.com\/fr#\/schema\/logo\/image\/\"}}]}<\/script>\n<!-- \/ Yoast SEO plugin. -->","yoast_head_json":{"title":"M\u00e9langeur de cuisine orientable en laiton chrom\u00e9 avec douchette extractible RB163","description":"Robinet de cuisine moderne. Equip\u00e9 d&#39;une douchette extractible et orientable avec jet de pluie.","robots":{"index":"index","follow":"follow","max-snippet":"max-snippet:-1","max-image-preview":"max-image-preview:large","max-video-preview":"max-video-preview:-1"},"canonical":"https:\/\/www.bagnoitalia.com\/fr\/produit\/chrome-plated-brass-swivel-kitchen-mixer-with-pull-out-spray-rb163-2.html","og_locale":"fr_FR","og_type":"article","og_title":"M\u00e9langeur de cuisine orientable en laiton chrom\u00e9 avec douchette extractible RB163","og_description":"Robinet de cuisine moderne. Equip\u00e9 d&#39;une douchette extractible et orientable avec jet de pluie.","og_url":"https:\/\/www.bagnoitalia.com\/fr\/produit\/chrome-plated-brass-swivel-kitchen-mixer-with-pull-out-spray-rb163-2.html","og_site_name":"Bagno Italia","og_image":[{"width":550,"height":550,"url":"https:\/\/img.bagnoitalia.com\/wp-content\/uploads\/virtuemart\/product\/kitchen-mixer-rotary-with-window-nozzle-chrome-1.jpg","type":"image\/jpeg"}],"twitter_card":"summary_large_image","schema":{"@context":"https:\/\/schema.org","@graph":[{"@type":"WebPage","@id":"https:\/\/www.bagnoitalia.com\/fr\/produit\/chrome-plated-brass-swivel-kitchen-mixer-with-pull-out-spray-rb163-2.html","url":"https:\/\/www.bagnoitalia.com\/fr\/produit\/chrome-plated-brass-swivel-kitchen-mixer-with-pull-out-spray-rb163-2.html","name":"M\u00e9langeur de cuisine orientable en laiton chrom\u00e9 avec douchette extractible RB163","isPartOf":{"@id":"https:\/\/www.bagnoitalia.com\/fr#website"},"primaryImageOfPage":{"@id":"https:\/\/www.bagnoitalia.com\/fr\/produit\/chrome-plated-brass-swivel-kitchen-mixer-with-pull-out-spray-rb163-2.html#primaryimage"},"image":{"@id":"https:\/\/www.bagnoitalia.com\/fr\/produit\/chrome-plated-brass-swivel-kitchen-mixer-with-pull-out-spray-rb163-2.html#primaryimage"},"thumbnailUrl":"https:\/\/img.bagnoitalia.com\/wp-content\/uploads\/virtuemart\/product\/kitchen-mixer-rotary-with-window-nozzle-chrome-1.jpg","datePublished":"2023-06-15T08:38:34+00:00","description":"Robinet de cuisine moderne. Equip\u00e9 d&#39;une douchette extractible et orientable avec jet de pluie.","breadcrumb":{"@id":"https:\/\/www.bagnoitalia.com\/fr\/produit\/chrome-plated-brass-swivel-kitchen-mixer-with-pull-out-spray-rb163-2.html#breadcrumb"},"inLanguage":"fr-FR","potentialAction":[{"@type":"ReadAction","target":["https:\/\/www.bagnoitalia.com\/fr\/produit\/chrome-plated-brass-swivel-kitchen-mixer-with-pull-out-spray-rb163-2.html"]}]},{"@type":"ImageObject","inLanguage":"fr-FR","@id":"https:\/\/www.bagnoitalia.com\/fr\/produit\/chrome-plated-brass-swivel-kitchen-mixer-with-pull-out-spray-rb163-2.html#primaryimage","url":"https:\/\/img.bagnoitalia.com\/wp-content\/uploads\/virtuemart\/product\/kitchen-mixer-rotary-with-window-nozzle-chrome-1.jpg","contentUrl":"https:\/\/img.bagnoitalia.com\/wp-content\/uploads\/virtuemart\/product\/kitchen-mixer-rotary-with-window-nozzle-chrome-1.jpg","width":550,"height":550},{"@type":"BreadcrumbList","@id":"https:\/\/www.bagnoitalia.com\/fr\/produit\/chrome-plated-brass-swivel-kitchen-mixer-with-pull-out-spray-rb163-2.html#breadcrumb","itemListElement":[{"@type":"ListItem","position":1,"name":"Home","item":"https:\/\/www.bagnoitalia.com\/fr"},{"@type":"ListItem","position":2,"name":"Produits","item":"https:\/\/www.bagnoitalia.com\/fr\/shop"},{"@type":"ListItem","position":3,"name":"M\u00e9langeur de cuisine orientable en laiton chrom\u00e9 avec douchette extractible RB163"}]},{"@type":"WebSite","@id":"https:\/\/www.bagnoitalia.com\/fr#website","url":"https:\/\/www.bagnoitalia.com\/fr","name":"Bagno Italia","description":"","publisher":{"@id":"https:\/\/www.bagnoitalia.com\/fr#organization"},"potentialAction":[{"@type":"SearchAction","target":{"@type":"EntryPoint","urlTemplate":"https:\/\/www.bagnoitalia.com\/fr?s={search_term_string}"},"query-input":{"@type":"PropertyValueSpecification","valueRequired":true,"valueName":"search_term_string"}}],"inLanguage":"fr-FR"},{"@type":"Organization","@id":"https:\/\/www.bagnoitalia.com\/fr#organization","name":"Bagno Italia","url":"https:\/\/www.bagnoitalia.com\/fr","logo":{"@type":"ImageObject","inLanguage":"fr-FR","@id":"https:\/\/www.bagnoitalia.com\/fr#\/schema\/logo\/image\/","url":"https:\/\/img.bagnoitalia.com\/wp-content\/uploads\/logo-bagnoitalia.webp","contentUrl":"https:\/\/img.bagnoitalia.com\/wp-content\/uploads\/logo-bagnoitalia.webp","width":400,"height":70,"caption":"Bagno Italia"},"image":{"@id":"https:\/\/www.bagnoitalia.com\/fr#\/schema\/logo\/image\/"}}]}},"_links":{"self":[{"href":"https:\/\/www.bagnoitalia.com\/fr\/wp-json\/wp\/v2\/product\/83177","targetHints":{"allow":["GET"]}}],"collection":[{"href":"https:\/\/www.bagnoitalia.com\/fr\/wp-json\/wp\/v2\/product"}],"about":[{"href":"https:\/\/www.bagnoitalia.com\/fr\/wp-json\/wp\/v2\/types\/product"}],"replies":[{"embeddable":true,"href":"https:\/\/www.bagnoitalia.com\/fr\/wp-json\/wp\/v2\/comments?post=83177"}],"version-history":[{"count":0,"href":"https:\/\/www.bagnoitalia.com\/fr\/wp-json\/wp\/v2\/product\/83177\/revisions"}],"wp:featuredmedia":[{"embeddable":true,"href":"https:\/\/www.bagnoitalia.com\/fr\/wp-json\/wp\/v2\/media\/62657"}],"wp:attachment":[{"href":"https:\/\/www.bagnoitalia.com\/fr\/wp-json\/wp\/v2\/media?parent=83177"}],"wp:term":[{"taxonomy":"product_brand","embeddable":true,"href":"https:\/\/www.bagnoitalia.com\/fr\/wp-json\/wp\/v2\/product_brand?post=83177"},{"taxonomy":"product_cat","embeddable":true,"href":"https:\/\/www.bagnoitalia.com\/fr\/wp-json\/wp\/v2\/product_cat?post=83177"},{"taxonomy":"product_tag","embeddable":true,"href":"https:\/\/www.bagnoitalia.com\/fr\/wp-json\/wp\/v2\/product_tag?post=83177"}],"curies":[{"name":"wp","href":"https:\/\/api.w.org\/{rel}","templated":true}]}}