{"id":83165,"date":"2023-06-14T15:19:22","date_gmt":"2023-06-14T13:19:22","guid":{"rendered":"https:\/\/www.bagnoitalia.com\/product\/kitchen-mixer-in-5-colours-pull-out-double-jet-rb160-2"},"modified":"2024-05-24T15:00:58","modified_gmt":"2024-05-24T13:00:58","slug":"kitchen-mixer-in-5-colours-pull-out-double-jet-rb160-2","status":"publish","type":"product","link":"https:\/\/www.bagnoitalia.com\/fr\/produit\/kitchen-mixer-in-5-colours-pull-out-double-jet-rb160-2.html","title":{"rendered":"M\u00e9langeur de cuisine en 5 couleurs double jet extractible RB160"},"content":{"rendered":"<p style=\"text-align: center;\"><span style=\"text-decoration: underline; color: #ff0000; font-size: 18pt;\"><strong>ROBINET DE CUISINE RB160<\/strong><\/span><\/p>\n<p>&nbsp;<\/p>\n<p><span style=\"text-decoration: underline;\"><strong>SP\u00c9CIFICATIONS DU PRODUIT<\/strong><\/span><\/p>\n<p>M\u00e9langeur d&rsquo;\u00e9vier<\/p>\n<p>Col pivotant<\/p>\n<p>Avec bec extractible<\/p>\n<p>Double jet : jet normal ou jet \u00ab\u00a0pluie\u00a0\u00bb.<\/p>\n<p>Avec boutons de r\u00e9glage\/pause du jet d&rsquo;eau<\/p>\n<p>Monotrou<\/p>\n<p>2 tuyaux inclus<\/p>\n<p>levier de m\u00e9lange<\/p>\n<p>valve en c\u00e9ramique<\/p>\n<p>Construction en laiton<\/p>\n<p>Disponible en 5 couleurs<\/p>\n<p>blanc<br \/>\nbross\u00e9<br \/>\nnoir<br \/>\nchrom\u00e9<br \/>\ndor\u00e9<\/p>\n","protected":false},"excerpt":{"rendered":"<p>Robinet d&rsquo;\u00e9vier disponible en 5 couleurs : chrome, noir, or, bross\u00e9 et blanc. 2 types de jets : normal ou \u00ab\u00a0pluie\u00a0\u00bb.<\/p>\n","protected":false},"featured_media":62481,"comment_status":"open","ping_status":"closed","template":"","meta":[],"product_brand":[5004],"product_cat":[10042],"product_tag":[],"class_list":{"0":"post-83165","1":"product","2":"type-product","3":"status-publish","4":"has-post-thumbnail","6":"product_brand-vari-produttori","7":"product_cat-robinetterie-de-cuisine","9":"first","10":"instock","11":"sale","12":"taxable","13":"shipping-taxable","14":"purchasable","15":"product-type-simple"},"exclude_global_add_ons":false,"addons":[{"name":"Couleur","type":"multiple_choice","position":0,"required":true,"title_format":"heading","default":"","description_enable":false,"description":"","placeholder_enable":false,"placeholder":"","display":"select","restrictions_type":"any_text","adjust_price":false,"price":"","price_type":"flat_fee","restrictions":false,"min":"0","max":"0","options":[{"label":"chrom\u00e9","price":"","price_type":"quantity_based","image":0,"visibility":true},{"label":"bross\u00e9","price":"","price_type":"quantity_based","image":0,"visibility":true},{"label":"noir","price":"","price_type":"quantity_based","image":0,"visibility":true},{"label":"blanc","price":"","price_type":"quantity_based","image":0,"visibility":true},{"label":"non disponible - or","price":"","price_type":"quantity_based","image":0,"visibility":true}],"id":1716562858}],"yoast_head":"<!-- This site is optimized with the Yoast SEO plugin v26.7 - https:\/\/yoast.com\/wordpress\/plugins\/seo\/ -->\n<title>M\u00e9langeur de cuisine en 5 couleurs double jet extractible RB160<\/title>\n<meta name=\"description\" content=\"Robinet d&#039;\u00e9vier disponible en 5 couleurs : chrome, noir, or, bross\u00e9 et blanc. 2 types de jets : normal ou &quot;pluie&quot;.\" \/>\n<meta name=\"robots\" content=\"index, follow, max-snippet:-1, max-image-preview:large, max-video-preview:-1\" \/>\n<link rel=\"canonical\" href=\"https:\/\/www.bagnoitalia.com\/fr\/produit\/kitchen-mixer-in-5-colours-pull-out-double-jet-rb160-2.html\" \/>\n<meta property=\"og:locale\" content=\"fr_FR\" \/>\n<meta property=\"og:type\" content=\"article\" \/>\n<meta property=\"og:title\" content=\"M\u00e9langeur de cuisine en 5 couleurs double jet extractible RB160\" \/>\n<meta property=\"og:description\" content=\"Robinet d&#039;\u00e9vier disponible en 5 couleurs : chrome, noir, or, bross\u00e9 et blanc. 2 types de jets : normal ou &quot;pluie&quot;.\" \/>\n<meta property=\"og:url\" content=\"https:\/\/www.bagnoitalia.com\/fr\/produit\/kitchen-mixer-in-5-colours-pull-out-double-jet-rb160-2.html\" \/>\n<meta property=\"og:site_name\" content=\"Bagno Italia\" \/>\n<meta property=\"article:modified_time\" content=\"2024-05-24T13:00:58+00:00\" \/>\n<meta property=\"og:image\" content=\"https:\/\/img.bagnoitalia.com\/wp-content\/uploads\/virtuemart\/product\/kitchen-mixer-flush-mounted-window-double-jet-4-colours-1.jpg\" \/>\n\t<meta property=\"og:image:width\" content=\"550\" \/>\n\t<meta property=\"og:image:height\" content=\"550\" \/>\n\t<meta property=\"og:image:type\" content=\"image\/jpeg\" \/>\n<meta name=\"twitter:card\" content=\"summary_large_image\" \/>\n<meta name=\"twitter:label1\" content=\"Dur\u00e9e de lecture estim\u00e9e\" \/>\n\t<meta name=\"twitter:data1\" content=\"1 minute\" \/>\n<script type=\"application\/ld+json\" class=\"yoast-schema-graph\">{\"@context\":\"https:\/\/schema.org\",\"@graph\":[{\"@type\":\"WebPage\",\"@id\":\"https:\/\/www.bagnoitalia.com\/fr\/produit\/kitchen-mixer-in-5-colours-pull-out-double-jet-rb160-2.html\",\"url\":\"https:\/\/www.bagnoitalia.com\/fr\/produit\/kitchen-mixer-in-5-colours-pull-out-double-jet-rb160-2.html\",\"name\":\"M\u00e9langeur de cuisine en 5 couleurs double jet extractible RB160\",\"isPartOf\":{\"@id\":\"https:\/\/www.bagnoitalia.com\/fr#website\"},\"primaryImageOfPage\":{\"@id\":\"https:\/\/www.bagnoitalia.com\/fr\/produit\/kitchen-mixer-in-5-colours-pull-out-double-jet-rb160-2.html#primaryimage\"},\"image\":{\"@id\":\"https:\/\/www.bagnoitalia.com\/fr\/produit\/kitchen-mixer-in-5-colours-pull-out-double-jet-rb160-2.html#primaryimage\"},\"thumbnailUrl\":\"https:\/\/img.bagnoitalia.com\/wp-content\/uploads\/virtuemart\/product\/kitchen-mixer-flush-mounted-window-double-jet-4-colours-1.jpg\",\"datePublished\":\"2023-06-14T13:19:22+00:00\",\"dateModified\":\"2024-05-24T13:00:58+00:00\",\"description\":\"Robinet d'\u00e9vier disponible en 5 couleurs : chrome, noir, or, bross\u00e9 et blanc. 2 types de jets : normal ou \\\"pluie\\\".\",\"breadcrumb\":{\"@id\":\"https:\/\/www.bagnoitalia.com\/fr\/produit\/kitchen-mixer-in-5-colours-pull-out-double-jet-rb160-2.html#breadcrumb\"},\"inLanguage\":\"fr-FR\",\"potentialAction\":[{\"@type\":\"ReadAction\",\"target\":[\"https:\/\/www.bagnoitalia.com\/fr\/produit\/kitchen-mixer-in-5-colours-pull-out-double-jet-rb160-2.html\"]}]},{\"@type\":\"ImageObject\",\"inLanguage\":\"fr-FR\",\"@id\":\"https:\/\/www.bagnoitalia.com\/fr\/produit\/kitchen-mixer-in-5-colours-pull-out-double-jet-rb160-2.html#primaryimage\",\"url\":\"https:\/\/img.bagnoitalia.com\/wp-content\/uploads\/virtuemart\/product\/kitchen-mixer-flush-mounted-window-double-jet-4-colours-1.jpg\",\"contentUrl\":\"https:\/\/img.bagnoitalia.com\/wp-content\/uploads\/virtuemart\/product\/kitchen-mixer-flush-mounted-window-double-jet-4-colours-1.jpg\",\"width\":550,\"height\":550},{\"@type\":\"BreadcrumbList\",\"@id\":\"https:\/\/www.bagnoitalia.com\/fr\/produit\/kitchen-mixer-in-5-colours-pull-out-double-jet-rb160-2.html#breadcrumb\",\"itemListElement\":[{\"@type\":\"ListItem\",\"position\":1,\"name\":\"Home\",\"item\":\"https:\/\/www.bagnoitalia.com\/fr\"},{\"@type\":\"ListItem\",\"position\":2,\"name\":\"Produits\",\"item\":\"https:\/\/www.bagnoitalia.com\/fr\/shop\"},{\"@type\":\"ListItem\",\"position\":3,\"name\":\"M\u00e9langeur de cuisine en 5 couleurs double jet extractible RB160\"}]},{\"@type\":\"WebSite\",\"@id\":\"https:\/\/www.bagnoitalia.com\/fr#website\",\"url\":\"https:\/\/www.bagnoitalia.com\/fr\",\"name\":\"Bagno Italia\",\"description\":\"\",\"publisher\":{\"@id\":\"https:\/\/www.bagnoitalia.com\/fr#organization\"},\"potentialAction\":[{\"@type\":\"SearchAction\",\"target\":{\"@type\":\"EntryPoint\",\"urlTemplate\":\"https:\/\/www.bagnoitalia.com\/fr?s={search_term_string}\"},\"query-input\":{\"@type\":\"PropertyValueSpecification\",\"valueRequired\":true,\"valueName\":\"search_term_string\"}}],\"inLanguage\":\"fr-FR\"},{\"@type\":\"Organization\",\"@id\":\"https:\/\/www.bagnoitalia.com\/fr#organization\",\"name\":\"Bagno Italia\",\"url\":\"https:\/\/www.bagnoitalia.com\/fr\",\"logo\":{\"@type\":\"ImageObject\",\"inLanguage\":\"fr-FR\",\"@id\":\"https:\/\/www.bagnoitalia.com\/fr#\/schema\/logo\/image\/\",\"url\":\"https:\/\/img.bagnoitalia.com\/wp-content\/uploads\/logo-bagnoitalia.webp\",\"contentUrl\":\"https:\/\/img.bagnoitalia.com\/wp-content\/uploads\/logo-bagnoitalia.webp\",\"width\":400,\"height\":70,\"caption\":\"Bagno Italia\"},\"image\":{\"@id\":\"https:\/\/www.bagnoitalia.com\/fr#\/schema\/logo\/image\/\"}}]}<\/script>\n<!-- \/ Yoast SEO plugin. -->","yoast_head_json":{"title":"M\u00e9langeur de cuisine en 5 couleurs double jet extractible RB160","description":"Robinet d'\u00e9vier disponible en 5 couleurs : chrome, noir, or, bross\u00e9 et blanc. 2 types de jets : normal ou \"pluie\".","robots":{"index":"index","follow":"follow","max-snippet":"max-snippet:-1","max-image-preview":"max-image-preview:large","max-video-preview":"max-video-preview:-1"},"canonical":"https:\/\/www.bagnoitalia.com\/fr\/produit\/kitchen-mixer-in-5-colours-pull-out-double-jet-rb160-2.html","og_locale":"fr_FR","og_type":"article","og_title":"M\u00e9langeur de cuisine en 5 couleurs double jet extractible RB160","og_description":"Robinet d'\u00e9vier disponible en 5 couleurs : chrome, noir, or, bross\u00e9 et blanc. 2 types de jets : normal ou \"pluie\".","og_url":"https:\/\/www.bagnoitalia.com\/fr\/produit\/kitchen-mixer-in-5-colours-pull-out-double-jet-rb160-2.html","og_site_name":"Bagno Italia","article_modified_time":"2024-05-24T13:00:58+00:00","og_image":[{"width":550,"height":550,"url":"https:\/\/img.bagnoitalia.com\/wp-content\/uploads\/virtuemart\/product\/kitchen-mixer-flush-mounted-window-double-jet-4-colours-1.jpg","type":"image\/jpeg"}],"twitter_card":"summary_large_image","twitter_misc":{"Dur\u00e9e de lecture estim\u00e9e":"1 minute"},"schema":{"@context":"https:\/\/schema.org","@graph":[{"@type":"WebPage","@id":"https:\/\/www.bagnoitalia.com\/fr\/produit\/kitchen-mixer-in-5-colours-pull-out-double-jet-rb160-2.html","url":"https:\/\/www.bagnoitalia.com\/fr\/produit\/kitchen-mixer-in-5-colours-pull-out-double-jet-rb160-2.html","name":"M\u00e9langeur de cuisine en 5 couleurs double jet extractible RB160","isPartOf":{"@id":"https:\/\/www.bagnoitalia.com\/fr#website"},"primaryImageOfPage":{"@id":"https:\/\/www.bagnoitalia.com\/fr\/produit\/kitchen-mixer-in-5-colours-pull-out-double-jet-rb160-2.html#primaryimage"},"image":{"@id":"https:\/\/www.bagnoitalia.com\/fr\/produit\/kitchen-mixer-in-5-colours-pull-out-double-jet-rb160-2.html#primaryimage"},"thumbnailUrl":"https:\/\/img.bagnoitalia.com\/wp-content\/uploads\/virtuemart\/product\/kitchen-mixer-flush-mounted-window-double-jet-4-colours-1.jpg","datePublished":"2023-06-14T13:19:22+00:00","dateModified":"2024-05-24T13:00:58+00:00","description":"Robinet d'\u00e9vier disponible en 5 couleurs : chrome, noir, or, bross\u00e9 et blanc. 2 types de jets : normal ou \"pluie\".","breadcrumb":{"@id":"https:\/\/www.bagnoitalia.com\/fr\/produit\/kitchen-mixer-in-5-colours-pull-out-double-jet-rb160-2.html#breadcrumb"},"inLanguage":"fr-FR","potentialAction":[{"@type":"ReadAction","target":["https:\/\/www.bagnoitalia.com\/fr\/produit\/kitchen-mixer-in-5-colours-pull-out-double-jet-rb160-2.html"]}]},{"@type":"ImageObject","inLanguage":"fr-FR","@id":"https:\/\/www.bagnoitalia.com\/fr\/produit\/kitchen-mixer-in-5-colours-pull-out-double-jet-rb160-2.html#primaryimage","url":"https:\/\/img.bagnoitalia.com\/wp-content\/uploads\/virtuemart\/product\/kitchen-mixer-flush-mounted-window-double-jet-4-colours-1.jpg","contentUrl":"https:\/\/img.bagnoitalia.com\/wp-content\/uploads\/virtuemart\/product\/kitchen-mixer-flush-mounted-window-double-jet-4-colours-1.jpg","width":550,"height":550},{"@type":"BreadcrumbList","@id":"https:\/\/www.bagnoitalia.com\/fr\/produit\/kitchen-mixer-in-5-colours-pull-out-double-jet-rb160-2.html#breadcrumb","itemListElement":[{"@type":"ListItem","position":1,"name":"Home","item":"https:\/\/www.bagnoitalia.com\/fr"},{"@type":"ListItem","position":2,"name":"Produits","item":"https:\/\/www.bagnoitalia.com\/fr\/shop"},{"@type":"ListItem","position":3,"name":"M\u00e9langeur de cuisine en 5 couleurs double jet extractible RB160"}]},{"@type":"WebSite","@id":"https:\/\/www.bagnoitalia.com\/fr#website","url":"https:\/\/www.bagnoitalia.com\/fr","name":"Bagno Italia","description":"","publisher":{"@id":"https:\/\/www.bagnoitalia.com\/fr#organization"},"potentialAction":[{"@type":"SearchAction","target":{"@type":"EntryPoint","urlTemplate":"https:\/\/www.bagnoitalia.com\/fr?s={search_term_string}"},"query-input":{"@type":"PropertyValueSpecification","valueRequired":true,"valueName":"search_term_string"}}],"inLanguage":"fr-FR"},{"@type":"Organization","@id":"https:\/\/www.bagnoitalia.com\/fr#organization","name":"Bagno Italia","url":"https:\/\/www.bagnoitalia.com\/fr","logo":{"@type":"ImageObject","inLanguage":"fr-FR","@id":"https:\/\/www.bagnoitalia.com\/fr#\/schema\/logo\/image\/","url":"https:\/\/img.bagnoitalia.com\/wp-content\/uploads\/logo-bagnoitalia.webp","contentUrl":"https:\/\/img.bagnoitalia.com\/wp-content\/uploads\/logo-bagnoitalia.webp","width":400,"height":70,"caption":"Bagno Italia"},"image":{"@id":"https:\/\/www.bagnoitalia.com\/fr#\/schema\/logo\/image\/"}}]}},"_links":{"self":[{"href":"https:\/\/www.bagnoitalia.com\/fr\/wp-json\/wp\/v2\/product\/83165","targetHints":{"allow":["GET"]}}],"collection":[{"href":"https:\/\/www.bagnoitalia.com\/fr\/wp-json\/wp\/v2\/product"}],"about":[{"href":"https:\/\/www.bagnoitalia.com\/fr\/wp-json\/wp\/v2\/types\/product"}],"replies":[{"embeddable":true,"href":"https:\/\/www.bagnoitalia.com\/fr\/wp-json\/wp\/v2\/comments?post=83165"}],"version-history":[{"count":1,"href":"https:\/\/www.bagnoitalia.com\/fr\/wp-json\/wp\/v2\/product\/83165\/revisions"}],"predecessor-version":[{"id":88176,"href":"https:\/\/www.bagnoitalia.com\/fr\/wp-json\/wp\/v2\/product\/83165\/revisions\/88176"}],"wp:featuredmedia":[{"embeddable":true,"href":"https:\/\/www.bagnoitalia.com\/fr\/wp-json\/wp\/v2\/media\/62481"}],"wp:attachment":[{"href":"https:\/\/www.bagnoitalia.com\/fr\/wp-json\/wp\/v2\/media?parent=83165"}],"wp:term":[{"taxonomy":"product_brand","embeddable":true,"href":"https:\/\/www.bagnoitalia.com\/fr\/wp-json\/wp\/v2\/product_brand?post=83165"},{"taxonomy":"product_cat","embeddable":true,"href":"https:\/\/www.bagnoitalia.com\/fr\/wp-json\/wp\/v2\/product_cat?post=83165"},{"taxonomy":"product_tag","embeddable":true,"href":"https:\/\/www.bagnoitalia.com\/fr\/wp-json\/wp\/v2\/product_tag?post=83165"}],"curies":[{"name":"wp","href":"https:\/\/api.w.org\/{rel}","templated":true}]}}