{"id":83145,"date":"2023-06-13T12:30:24","date_gmt":"2023-06-13T10:30:24","guid":{"rendered":"https:\/\/www.bagnoitalia.com\/product\/shower-box-in-various-sizes-with-6-mm-transparent-double-sliding-door-with-antiscale-box072-2"},"modified":"2024-06-13T15:18:20","modified_gmt":"2024-06-13T13:18:20","slug":"shower-box-in-various-sizes-with-6-mm-transparent-double-sliding-door-with-antiscale-box072-2","status":"publish","type":"product","link":"https:\/\/www.bagnoitalia.com\/fr\/produit\/shower-box-in-various-sizes-with-6-mm-transparent-double-sliding-door-with-antiscale-box072-2.html","title":{"rendered":"Cabine de douche de diff\u00e9rentes tailles avec double porte coulissante transparente de 6 mm avec antiscale BOX072"},"content":{"rendered":"<p style=\"text-align: center;\"><span style=\"text-decoration: underline; color: #ff0000; font-size: 14pt;\"><strong>CABINE DE DOUCHE COULISSANTE TRANSPARENTE BOX072<\/strong><\/span><\/p>\n<p>&nbsp;<\/p>\n<p><span style=\"text-decoration: underline;\"><strong>D\u00c9TAILS DU PRODUIT<\/strong><\/span><\/p>\n<p>cabine de douche d&rsquo;angle \u00e0 2 c\u00f4t\u00e9s<\/p>\n<p>avec double porte coulissante<\/p>\n<p>Verre transparent de 6 mm<\/p>\n<p>Traitement anti-calcaire inclus<\/p>\n<p>avec fermeture magn\u00e9tique<\/p>\n<p>fermeture magn\u00e9tique \u00e0 d\u00e9clenchement rapide<\/p>\n<p>Hauteur 195 cm<\/p>\n<p>R\u00e9versible<\/p>\n<p>Poign\u00e9es en acier inoxydable<\/p>\n<p>Disponible en plusieurs tailles, s\u00e9lectionner la taille d\u00e9sir\u00e9e dans le menu d\u00e9roulant<\/p>\n<p>&nbsp;<\/p>\n<p>&nbsp;<\/p>\n","protected":false},"excerpt":{"rendered":"<p>Cabine de douche disponible en plusieurs tailles et d&rsquo;une hauteur de 195 cm. R\u00e9versible. Verre transparent de 6 mm. AVEC TRAITEMENT ANTI-CALCAIRE INCLUS<\/p>\n","protected":false},"featured_media":62313,"comment_status":"open","ping_status":"closed","template":"","meta":[],"product_brand":[9879],"product_cat":[9807,9711],"product_tag":[],"class_list":{"0":"post-83145","1":"product","2":"type-product","3":"status-publish","4":"has-post-thumbnail","6":"product_brand-vari-produttori-fr","7":"product_cat-coin-douche-boite-de-douche","8":"product_cat-boite-de-douche","10":"first","11":"instock","12":"sale","13":"taxable","14":"shipping-taxable","15":"purchasable","16":"product-type-simple"},"exclude_global_add_ons":false,"addons":[{"name":"Dimensions","type":"multiple_choice","position":0,"required":true,"title_format":"heading","default":"","description_enable":false,"description":"","placeholder_enable":false,"placeholder":"","display":"select","restrictions_type":"any_text","adjust_price":false,"price":"","price_type":"flat_fee","restrictions":false,"min":"0","max":"0","options":[{"label":"70x70 cm","price":"","price_type":"quantity_based","image":0,"visibility":true},{"label":"70x75 cm","price":"6","price_type":"quantity_based","image":0,"visibility":true},{"label":"70x80 cm","price":"10","price_type":"quantity_based","image":0,"visibility":true},{"label":"NON DISPONIBLE - 70x90 cm","price":"16","price_type":"quantity_based","image":0,"visibility":true},{"label":"70x100 cm","price":"20","price_type":"quantity_based","image":0,"visibility":true},{"label":"NON DISPONIBLE - 70x110 cm","price":"26","price_type":"quantity_based","image":0,"visibility":true},{"label":"70x120 cm","price":"30","price_type":"quantity_based","image":0,"visibility":true},{"label":"75x75 cm","price":"6","price_type":"quantity_based","image":0,"visibility":true},{"label":"75x80 cm","price":"10","price_type":"quantity_based","image":0,"visibility":true},{"label":"NON DISPONIBLE - 75x90 cm","price":"20","price_type":"quantity_based","image":0,"visibility":true},{"label":"75x100 cm","price":"26","price_type":"quantity_based","image":0,"visibility":true},{"label":"75x110 cm","price":"30","price_type":"quantity_based","image":0,"visibility":true},{"label":"75x120 cm","price":"40","price_type":"quantity_based","image":0,"visibility":true},{"label":"80x80 cm","price":"","price_type":"quantity_based","image":0,"visibility":true},{"label":"NON DISPONIBLE - 80x90 cm","price":"6","price_type":"quantity_based","image":0,"visibility":true},{"label":"80x100 cm","price":"10","price_type":"quantity_based","image":0,"visibility":true},{"label":"NON DISPONIBLE - 80x110 cm","price":"16","price_type":"quantity_based","image":0,"visibility":true},{"label":"80x120 cm","price":"20","price_type":"quantity_based","image":0,"visibility":true},{"label":"NON DISPONIBLE - 90x90 cm","price":"40","price_type":"quantity_based","image":0,"visibility":true},{"label":"NON DISPONIBLE - 90x100 cm","price":"46","price_type":"quantity_based","image":0,"visibility":true},{"label":"NON DISPONIBLE - 90x110 cm","price":"50","price_type":"quantity_based","image":0,"visibility":true},{"label":"NON DISPONIBLE - 90x120 cm","price":"56","price_type":"quantity_based","image":0,"visibility":true},{"label":"100x100 cm","price":"60","price_type":"quantity_based","image":0,"visibility":true},{"label":"100x110 cm","price":"66","price_type":"quantity_based","image":0,"visibility":true},{"label":"100x120 cm","price":"70","price_type":"quantity_based","image":0,"visibility":true},{"label":"110x110 cm","price":"76","price_type":"quantity_based","image":0,"visibility":true},{"label":"110x120 cm","price":"80","price_type":"quantity_based","image":0,"visibility":true},{"label":"120x120 cm","price":"86","price_type":"quantity_based","image":0,"visibility":true}],"id":1718291901}],"yoast_head":"<!-- This site is optimized with the Yoast SEO plugin v26.7 - https:\/\/yoast.com\/wordpress\/plugins\/seo\/ -->\n<title>Cabine de douche de diff\u00e9rentes tailles avec double porte coulissante transparente de 6 mm avec antiscale BOX072<\/title>\n<meta name=\"description\" content=\"Cabine de douche disponible en plusieurs tailles et d&#039;une hauteur de 195 cm. R\u00e9versible. Verre transparent de 6 mm. AVEC TRAITEMENT ANTI-CALCAIRE INCLUS\" \/>\n<meta name=\"robots\" content=\"index, follow, max-snippet:-1, max-image-preview:large, max-video-preview:-1\" \/>\n<link rel=\"canonical\" href=\"https:\/\/www.bagnoitalia.com\/fr\/produit\/shower-box-in-various-sizes-with-6-mm-transparent-double-sliding-door-with-antiscale-box072-2.html\" \/>\n<meta property=\"og:locale\" content=\"fr_FR\" \/>\n<meta property=\"og:type\" content=\"article\" \/>\n<meta property=\"og:title\" content=\"Cabine de douche de diff\u00e9rentes tailles avec double porte coulissante transparente de 6 mm avec antiscale BOX072\" \/>\n<meta property=\"og:description\" content=\"Cabine de douche disponible en plusieurs tailles et d&#039;une hauteur de 195 cm. R\u00e9versible. Verre transparent de 6 mm. AVEC TRAITEMENT ANTI-CALCAIRE INCLUS\" \/>\n<meta property=\"og:url\" content=\"https:\/\/www.bagnoitalia.com\/fr\/produit\/shower-box-in-various-sizes-with-6-mm-transparent-double-sliding-door-with-antiscale-box072-2.html\" \/>\n<meta property=\"og:site_name\" content=\"Bagno Italia\" \/>\n<meta property=\"article:modified_time\" content=\"2024-06-13T13:18:20+00:00\" \/>\n<meta property=\"og:image\" content=\"https:\/\/img.bagnoitalia.com\/wp-content\/uploads\/virtuemart\/product\/shower-box-angular-sliding-transparent-6mm-1.jpg\" \/>\n\t<meta property=\"og:image:width\" content=\"550\" \/>\n\t<meta property=\"og:image:height\" content=\"550\" \/>\n\t<meta property=\"og:image:type\" content=\"image\/jpeg\" \/>\n<meta name=\"twitter:card\" content=\"summary_large_image\" \/>\n<meta name=\"twitter:label1\" content=\"Dur\u00e9e de lecture estim\u00e9e\" \/>\n\t<meta name=\"twitter:data1\" content=\"1 minute\" \/>\n<script type=\"application\/ld+json\" class=\"yoast-schema-graph\">{\"@context\":\"https:\/\/schema.org\",\"@graph\":[{\"@type\":\"WebPage\",\"@id\":\"https:\/\/www.bagnoitalia.com\/fr\/produit\/shower-box-in-various-sizes-with-6-mm-transparent-double-sliding-door-with-antiscale-box072-2.html\",\"url\":\"https:\/\/www.bagnoitalia.com\/fr\/produit\/shower-box-in-various-sizes-with-6-mm-transparent-double-sliding-door-with-antiscale-box072-2.html\",\"name\":\"Cabine de douche de diff\u00e9rentes tailles avec double porte coulissante transparente de 6 mm avec antiscale BOX072\",\"isPartOf\":{\"@id\":\"https:\/\/www.bagnoitalia.com\/fr#website\"},\"primaryImageOfPage\":{\"@id\":\"https:\/\/www.bagnoitalia.com\/fr\/produit\/shower-box-in-various-sizes-with-6-mm-transparent-double-sliding-door-with-antiscale-box072-2.html#primaryimage\"},\"image\":{\"@id\":\"https:\/\/www.bagnoitalia.com\/fr\/produit\/shower-box-in-various-sizes-with-6-mm-transparent-double-sliding-door-with-antiscale-box072-2.html#primaryimage\"},\"thumbnailUrl\":\"https:\/\/img.bagnoitalia.com\/wp-content\/uploads\/virtuemart\/product\/shower-box-angular-sliding-transparent-6mm-1.jpg\",\"datePublished\":\"2023-06-13T10:30:24+00:00\",\"dateModified\":\"2024-06-13T13:18:20+00:00\",\"description\":\"Cabine de douche disponible en plusieurs tailles et d'une hauteur de 195 cm. R\u00e9versible. Verre transparent de 6 mm. AVEC TRAITEMENT ANTI-CALCAIRE INCLUS\",\"breadcrumb\":{\"@id\":\"https:\/\/www.bagnoitalia.com\/fr\/produit\/shower-box-in-various-sizes-with-6-mm-transparent-double-sliding-door-with-antiscale-box072-2.html#breadcrumb\"},\"inLanguage\":\"fr-FR\",\"potentialAction\":[{\"@type\":\"ReadAction\",\"target\":[\"https:\/\/www.bagnoitalia.com\/fr\/produit\/shower-box-in-various-sizes-with-6-mm-transparent-double-sliding-door-with-antiscale-box072-2.html\"]}]},{\"@type\":\"ImageObject\",\"inLanguage\":\"fr-FR\",\"@id\":\"https:\/\/www.bagnoitalia.com\/fr\/produit\/shower-box-in-various-sizes-with-6-mm-transparent-double-sliding-door-with-antiscale-box072-2.html#primaryimage\",\"url\":\"https:\/\/img.bagnoitalia.com\/wp-content\/uploads\/virtuemart\/product\/shower-box-angular-sliding-transparent-6mm-1.jpg\",\"contentUrl\":\"https:\/\/img.bagnoitalia.com\/wp-content\/uploads\/virtuemart\/product\/shower-box-angular-sliding-transparent-6mm-1.jpg\",\"width\":550,\"height\":550},{\"@type\":\"BreadcrumbList\",\"@id\":\"https:\/\/www.bagnoitalia.com\/fr\/produit\/shower-box-in-various-sizes-with-6-mm-transparent-double-sliding-door-with-antiscale-box072-2.html#breadcrumb\",\"itemListElement\":[{\"@type\":\"ListItem\",\"position\":1,\"name\":\"Home\",\"item\":\"https:\/\/www.bagnoitalia.com\/fr\"},{\"@type\":\"ListItem\",\"position\":2,\"name\":\"Produits\",\"item\":\"https:\/\/www.bagnoitalia.com\/fr\/shop\"},{\"@type\":\"ListItem\",\"position\":3,\"name\":\"Cabine de douche de diff\u00e9rentes tailles avec double porte coulissante transparente de 6 mm avec antiscale BOX072\"}]},{\"@type\":\"WebSite\",\"@id\":\"https:\/\/www.bagnoitalia.com\/fr#website\",\"url\":\"https:\/\/www.bagnoitalia.com\/fr\",\"name\":\"Bagno Italia\",\"description\":\"\",\"publisher\":{\"@id\":\"https:\/\/www.bagnoitalia.com\/fr#organization\"},\"potentialAction\":[{\"@type\":\"SearchAction\",\"target\":{\"@type\":\"EntryPoint\",\"urlTemplate\":\"https:\/\/www.bagnoitalia.com\/fr?s={search_term_string}\"},\"query-input\":{\"@type\":\"PropertyValueSpecification\",\"valueRequired\":true,\"valueName\":\"search_term_string\"}}],\"inLanguage\":\"fr-FR\"},{\"@type\":\"Organization\",\"@id\":\"https:\/\/www.bagnoitalia.com\/fr#organization\",\"name\":\"Bagno Italia\",\"url\":\"https:\/\/www.bagnoitalia.com\/fr\",\"logo\":{\"@type\":\"ImageObject\",\"inLanguage\":\"fr-FR\",\"@id\":\"https:\/\/www.bagnoitalia.com\/fr#\/schema\/logo\/image\/\",\"url\":\"https:\/\/img.bagnoitalia.com\/wp-content\/uploads\/logo-bagnoitalia.webp\",\"contentUrl\":\"https:\/\/img.bagnoitalia.com\/wp-content\/uploads\/logo-bagnoitalia.webp\",\"width\":400,\"height\":70,\"caption\":\"Bagno Italia\"},\"image\":{\"@id\":\"https:\/\/www.bagnoitalia.com\/fr#\/schema\/logo\/image\/\"}}]}<\/script>\n<!-- \/ Yoast SEO plugin. -->","yoast_head_json":{"title":"Cabine de douche de diff\u00e9rentes tailles avec double porte coulissante transparente de 6 mm avec antiscale BOX072","description":"Cabine de douche disponible en plusieurs tailles et d'une hauteur de 195 cm. R\u00e9versible. Verre transparent de 6 mm. AVEC TRAITEMENT ANTI-CALCAIRE INCLUS","robots":{"index":"index","follow":"follow","max-snippet":"max-snippet:-1","max-image-preview":"max-image-preview:large","max-video-preview":"max-video-preview:-1"},"canonical":"https:\/\/www.bagnoitalia.com\/fr\/produit\/shower-box-in-various-sizes-with-6-mm-transparent-double-sliding-door-with-antiscale-box072-2.html","og_locale":"fr_FR","og_type":"article","og_title":"Cabine de douche de diff\u00e9rentes tailles avec double porte coulissante transparente de 6 mm avec antiscale BOX072","og_description":"Cabine de douche disponible en plusieurs tailles et d'une hauteur de 195 cm. R\u00e9versible. Verre transparent de 6 mm. AVEC TRAITEMENT ANTI-CALCAIRE INCLUS","og_url":"https:\/\/www.bagnoitalia.com\/fr\/produit\/shower-box-in-various-sizes-with-6-mm-transparent-double-sliding-door-with-antiscale-box072-2.html","og_site_name":"Bagno Italia","article_modified_time":"2024-06-13T13:18:20+00:00","og_image":[{"width":550,"height":550,"url":"https:\/\/img.bagnoitalia.com\/wp-content\/uploads\/virtuemart\/product\/shower-box-angular-sliding-transparent-6mm-1.jpg","type":"image\/jpeg"}],"twitter_card":"summary_large_image","twitter_misc":{"Dur\u00e9e de lecture estim\u00e9e":"1 minute"},"schema":{"@context":"https:\/\/schema.org","@graph":[{"@type":"WebPage","@id":"https:\/\/www.bagnoitalia.com\/fr\/produit\/shower-box-in-various-sizes-with-6-mm-transparent-double-sliding-door-with-antiscale-box072-2.html","url":"https:\/\/www.bagnoitalia.com\/fr\/produit\/shower-box-in-various-sizes-with-6-mm-transparent-double-sliding-door-with-antiscale-box072-2.html","name":"Cabine de douche de diff\u00e9rentes tailles avec double porte coulissante transparente de 6 mm avec antiscale BOX072","isPartOf":{"@id":"https:\/\/www.bagnoitalia.com\/fr#website"},"primaryImageOfPage":{"@id":"https:\/\/www.bagnoitalia.com\/fr\/produit\/shower-box-in-various-sizes-with-6-mm-transparent-double-sliding-door-with-antiscale-box072-2.html#primaryimage"},"image":{"@id":"https:\/\/www.bagnoitalia.com\/fr\/produit\/shower-box-in-various-sizes-with-6-mm-transparent-double-sliding-door-with-antiscale-box072-2.html#primaryimage"},"thumbnailUrl":"https:\/\/img.bagnoitalia.com\/wp-content\/uploads\/virtuemart\/product\/shower-box-angular-sliding-transparent-6mm-1.jpg","datePublished":"2023-06-13T10:30:24+00:00","dateModified":"2024-06-13T13:18:20+00:00","description":"Cabine de douche disponible en plusieurs tailles et d'une hauteur de 195 cm. R\u00e9versible. Verre transparent de 6 mm. AVEC TRAITEMENT ANTI-CALCAIRE INCLUS","breadcrumb":{"@id":"https:\/\/www.bagnoitalia.com\/fr\/produit\/shower-box-in-various-sizes-with-6-mm-transparent-double-sliding-door-with-antiscale-box072-2.html#breadcrumb"},"inLanguage":"fr-FR","potentialAction":[{"@type":"ReadAction","target":["https:\/\/www.bagnoitalia.com\/fr\/produit\/shower-box-in-various-sizes-with-6-mm-transparent-double-sliding-door-with-antiscale-box072-2.html"]}]},{"@type":"ImageObject","inLanguage":"fr-FR","@id":"https:\/\/www.bagnoitalia.com\/fr\/produit\/shower-box-in-various-sizes-with-6-mm-transparent-double-sliding-door-with-antiscale-box072-2.html#primaryimage","url":"https:\/\/img.bagnoitalia.com\/wp-content\/uploads\/virtuemart\/product\/shower-box-angular-sliding-transparent-6mm-1.jpg","contentUrl":"https:\/\/img.bagnoitalia.com\/wp-content\/uploads\/virtuemart\/product\/shower-box-angular-sliding-transparent-6mm-1.jpg","width":550,"height":550},{"@type":"BreadcrumbList","@id":"https:\/\/www.bagnoitalia.com\/fr\/produit\/shower-box-in-various-sizes-with-6-mm-transparent-double-sliding-door-with-antiscale-box072-2.html#breadcrumb","itemListElement":[{"@type":"ListItem","position":1,"name":"Home","item":"https:\/\/www.bagnoitalia.com\/fr"},{"@type":"ListItem","position":2,"name":"Produits","item":"https:\/\/www.bagnoitalia.com\/fr\/shop"},{"@type":"ListItem","position":3,"name":"Cabine de douche de diff\u00e9rentes tailles avec double porte coulissante transparente de 6 mm avec antiscale BOX072"}]},{"@type":"WebSite","@id":"https:\/\/www.bagnoitalia.com\/fr#website","url":"https:\/\/www.bagnoitalia.com\/fr","name":"Bagno Italia","description":"","publisher":{"@id":"https:\/\/www.bagnoitalia.com\/fr#organization"},"potentialAction":[{"@type":"SearchAction","target":{"@type":"EntryPoint","urlTemplate":"https:\/\/www.bagnoitalia.com\/fr?s={search_term_string}"},"query-input":{"@type":"PropertyValueSpecification","valueRequired":true,"valueName":"search_term_string"}}],"inLanguage":"fr-FR"},{"@type":"Organization","@id":"https:\/\/www.bagnoitalia.com\/fr#organization","name":"Bagno Italia","url":"https:\/\/www.bagnoitalia.com\/fr","logo":{"@type":"ImageObject","inLanguage":"fr-FR","@id":"https:\/\/www.bagnoitalia.com\/fr#\/schema\/logo\/image\/","url":"https:\/\/img.bagnoitalia.com\/wp-content\/uploads\/logo-bagnoitalia.webp","contentUrl":"https:\/\/img.bagnoitalia.com\/wp-content\/uploads\/logo-bagnoitalia.webp","width":400,"height":70,"caption":"Bagno Italia"},"image":{"@id":"https:\/\/www.bagnoitalia.com\/fr#\/schema\/logo\/image\/"}}]}},"_links":{"self":[{"href":"https:\/\/www.bagnoitalia.com\/fr\/wp-json\/wp\/v2\/product\/83145","targetHints":{"allow":["GET"]}}],"collection":[{"href":"https:\/\/www.bagnoitalia.com\/fr\/wp-json\/wp\/v2\/product"}],"about":[{"href":"https:\/\/www.bagnoitalia.com\/fr\/wp-json\/wp\/v2\/types\/product"}],"replies":[{"embeddable":true,"href":"https:\/\/www.bagnoitalia.com\/fr\/wp-json\/wp\/v2\/comments?post=83145"}],"version-history":[{"count":1,"href":"https:\/\/www.bagnoitalia.com\/fr\/wp-json\/wp\/v2\/product\/83145\/revisions"}],"predecessor-version":[{"id":90114,"href":"https:\/\/www.bagnoitalia.com\/fr\/wp-json\/wp\/v2\/product\/83145\/revisions\/90114"}],"wp:featuredmedia":[{"embeddable":true,"href":"https:\/\/www.bagnoitalia.com\/fr\/wp-json\/wp\/v2\/media\/62313"}],"wp:attachment":[{"href":"https:\/\/www.bagnoitalia.com\/fr\/wp-json\/wp\/v2\/media?parent=83145"}],"wp:term":[{"taxonomy":"product_brand","embeddable":true,"href":"https:\/\/www.bagnoitalia.com\/fr\/wp-json\/wp\/v2\/product_brand?post=83145"},{"taxonomy":"product_cat","embeddable":true,"href":"https:\/\/www.bagnoitalia.com\/fr\/wp-json\/wp\/v2\/product_cat?post=83145"},{"taxonomy":"product_tag","embeddable":true,"href":"https:\/\/www.bagnoitalia.com\/fr\/wp-json\/wp\/v2\/product_tag?post=83145"}],"curies":[{"name":"wp","href":"https:\/\/api.w.org\/{rel}","templated":true}]}}