{"id":83141,"date":"2023-05-29T14:25:09","date_gmt":"2023-05-29T12:25:09","guid":{"rendered":"https:\/\/www.bagnoitalia.com\/product\/dallas-wall-hung-sanitary-fixture-with-rimless-wc-and-softclose-toilet-seat-2"},"modified":"2024-06-14T14:50:03","modified_gmt":"2024-06-14T12:50:03","slug":"dallas-wall-hung-sanitary-fixture-with-rimless-wc-and-softclose-toilet-seat-2","status":"publish","type":"product","link":"https:\/\/www.bagnoitalia.com\/fr\/produit\/dallas-wall-hung-sanitary-fixture-with-rimless-wc-and-softclose-toilet-seat-2.html","title":{"rendered":"Appareil sanitaire mural DALLAS avec WC sans rebord et si\u00e8ge de toilette softclose"},"content":{"rendered":"<p style=\"text-align: center;\"><span style=\"text-decoration: underline; color: #ff0000; font-size: 18pt;\"><strong>BIDET ET TOILETTE MURALE SANS REBORD \u00ab\u00a0DALLAS<\/strong><\/span><\/p>\n<p>&nbsp;<\/p>\n<p><span style=\"text-decoration: underline;\"><strong>LE PRIX CI-DESSUS COMPREND<\/strong><\/span><\/p>\n<p>n. 1 WC sans rebord 36x56xH41 cm<\/p>\n<p>n. 1 bidet 36x56xH40 cm<\/p>\n<p>n. 1 couvercle soft-close slim wc<\/p>\n<p>&nbsp;<\/p>\n<p><span style=\"text-decoration: underline;\"><strong>AUTRES SP\u00c9CIFICATIONS<\/strong><\/span><\/p>\n<p>installation : au sol, \u00e0 fleur de mur<\/p>\n<p>en c\u00e9ramique blanche polie<\/p>\n<p>avec easy-clean<\/p>\n<p>wc sans rebord<\/p>\n<p>couvercle de toilette thermodurcissable, blanc brillant, \u00e0 ouverture rapide<\/p>\n<p>(courbe technique NON incluse)<\/p>\n<p>&nbsp;<\/p>\n<p><span style=\"text-decoration: underline;\"><strong>ATTENTION<\/strong> <\/span>: le m\u00e9langeur et le vidage ne sont pas inclus dans le prix.<\/p>\n<p>&nbsp;<\/p>\n<p>&nbsp;<\/p>\n<p>&nbsp;<\/p>\n<p>&nbsp;<\/p>\n<p>Teo<\/p>\n<p>TE-FIL1<\/p>\n","protected":false},"excerpt":{"rendered":"<p>Paire d&rsquo;appareils sanitaires modernes en c\u00e9ramique blanche polie. Toilettes avec technologie easy-clean, sans siphon. Couvercle de toilette \u00e9troit \u00e0 fermeture souple inclus.<\/p>\n","protected":false},"featured_media":62281,"comment_status":"open","ping_status":"closed","template":"","meta":[],"product_brand":[5006],"product_cat":[9695],"product_tag":[],"class_list":{"0":"post-83141","1":"product","2":"type-product","3":"status-publish","4":"has-post-thumbnail","6":"product_brand-deghi","7":"product_cat-salle-de-bain-sanitaire","9":"first","10":"instock","11":"sale","12":"taxable","13":"shipping-taxable","14":"purchasable","15":"product-type-simple"},"exclude_global_add_ons":false,"addons":[{"name":"Type","type":"multiple_choice","position":0,"required":true,"title_format":"heading","default":"","description_enable":false,"description":"","placeholder_enable":false,"placeholder":"","display":"select","restrictions_type":"any_text","adjust_price":false,"price":"","price_type":"flat_fee","restrictions":false,"min":"0","max":"0","options":[{"label":"ensemble complet wc+bidet","price":"","price_type":"quantity_based","image":0,"visibility":true},{"label":"WC uniquement","price":"-130","price_type":"quantity_based","image":0,"visibility":true}],"id":1718376603}],"yoast_head":"<!-- This site is optimized with the Yoast SEO plugin v26.7 - https:\/\/yoast.com\/wordpress\/plugins\/seo\/ -->\n<title>Appareil sanitaire mural DALLAS avec WC sans rebord et si\u00e8ge de toilette softclose<\/title>\n<meta name=\"description\" content=\"Paire d&#039;appareils sanitaires modernes en c\u00e9ramique blanche polie. Toilettes avec technologie easy-clean, sans siphon. Couvercle de toilette \u00e9troit \u00e0 fermeture souple inclus.\" \/>\n<meta name=\"robots\" content=\"index, follow, max-snippet:-1, max-image-preview:large, max-video-preview:-1\" \/>\n<link rel=\"canonical\" href=\"https:\/\/www.bagnoitalia.com\/fr\/produit\/dallas-wall-hung-sanitary-fixture-with-rimless-wc-and-softclose-toilet-seat-2.html\" \/>\n<meta property=\"og:locale\" content=\"fr_FR\" \/>\n<meta property=\"og:type\" content=\"article\" \/>\n<meta property=\"og:title\" content=\"Appareil sanitaire mural DALLAS avec WC sans rebord et si\u00e8ge de toilette softclose\" \/>\n<meta property=\"og:description\" content=\"Paire d&#039;appareils sanitaires modernes en c\u00e9ramique blanche polie. Toilettes avec technologie easy-clean, sans siphon. Couvercle de toilette \u00e9troit \u00e0 fermeture souple inclus.\" \/>\n<meta property=\"og:url\" content=\"https:\/\/www.bagnoitalia.com\/fr\/produit\/dallas-wall-hung-sanitary-fixture-with-rimless-wc-and-softclose-toilet-seat-2.html\" \/>\n<meta property=\"og:site_name\" content=\"Bagno Italia\" \/>\n<meta property=\"article:modified_time\" content=\"2024-06-14T12:50:03+00:00\" \/>\n<meta property=\"og:image\" content=\"https:\/\/img.bagnoitalia.com\/wp-content\/uploads\/virtuemart\/product\/sanitaryware-wall-to-water-saving-rimless-wc-bidet-1.jpg\" \/>\n\t<meta property=\"og:image:width\" content=\"550\" \/>\n\t<meta property=\"og:image:height\" content=\"550\" \/>\n\t<meta property=\"og:image:type\" content=\"image\/jpeg\" \/>\n<meta name=\"twitter:card\" content=\"summary_large_image\" \/>\n<meta name=\"twitter:label1\" content=\"Dur\u00e9e de lecture estim\u00e9e\" \/>\n\t<meta name=\"twitter:data1\" content=\"1 minute\" \/>\n<script type=\"application\/ld+json\" class=\"yoast-schema-graph\">{\"@context\":\"https:\/\/schema.org\",\"@graph\":[{\"@type\":\"WebPage\",\"@id\":\"https:\/\/www.bagnoitalia.com\/fr\/produit\/dallas-wall-hung-sanitary-fixture-with-rimless-wc-and-softclose-toilet-seat-2.html\",\"url\":\"https:\/\/www.bagnoitalia.com\/fr\/produit\/dallas-wall-hung-sanitary-fixture-with-rimless-wc-and-softclose-toilet-seat-2.html\",\"name\":\"Appareil sanitaire mural DALLAS avec WC sans rebord et si\u00e8ge de toilette softclose\",\"isPartOf\":{\"@id\":\"https:\/\/www.bagnoitalia.com\/fr#website\"},\"primaryImageOfPage\":{\"@id\":\"https:\/\/www.bagnoitalia.com\/fr\/produit\/dallas-wall-hung-sanitary-fixture-with-rimless-wc-and-softclose-toilet-seat-2.html#primaryimage\"},\"image\":{\"@id\":\"https:\/\/www.bagnoitalia.com\/fr\/produit\/dallas-wall-hung-sanitary-fixture-with-rimless-wc-and-softclose-toilet-seat-2.html#primaryimage\"},\"thumbnailUrl\":\"https:\/\/img.bagnoitalia.com\/wp-content\/uploads\/virtuemart\/product\/sanitaryware-wall-to-water-saving-rimless-wc-bidet-1.jpg\",\"datePublished\":\"2023-05-29T12:25:09+00:00\",\"dateModified\":\"2024-06-14T12:50:03+00:00\",\"description\":\"Paire d'appareils sanitaires modernes en c\u00e9ramique blanche polie. Toilettes avec technologie easy-clean, sans siphon. Couvercle de toilette \u00e9troit \u00e0 fermeture souple inclus.\",\"breadcrumb\":{\"@id\":\"https:\/\/www.bagnoitalia.com\/fr\/produit\/dallas-wall-hung-sanitary-fixture-with-rimless-wc-and-softclose-toilet-seat-2.html#breadcrumb\"},\"inLanguage\":\"fr-FR\",\"potentialAction\":[{\"@type\":\"ReadAction\",\"target\":[\"https:\/\/www.bagnoitalia.com\/fr\/produit\/dallas-wall-hung-sanitary-fixture-with-rimless-wc-and-softclose-toilet-seat-2.html\"]}]},{\"@type\":\"ImageObject\",\"inLanguage\":\"fr-FR\",\"@id\":\"https:\/\/www.bagnoitalia.com\/fr\/produit\/dallas-wall-hung-sanitary-fixture-with-rimless-wc-and-softclose-toilet-seat-2.html#primaryimage\",\"url\":\"https:\/\/img.bagnoitalia.com\/wp-content\/uploads\/virtuemart\/product\/sanitaryware-wall-to-water-saving-rimless-wc-bidet-1.jpg\",\"contentUrl\":\"https:\/\/img.bagnoitalia.com\/wp-content\/uploads\/virtuemart\/product\/sanitaryware-wall-to-water-saving-rimless-wc-bidet-1.jpg\",\"width\":550,\"height\":550},{\"@type\":\"BreadcrumbList\",\"@id\":\"https:\/\/www.bagnoitalia.com\/fr\/produit\/dallas-wall-hung-sanitary-fixture-with-rimless-wc-and-softclose-toilet-seat-2.html#breadcrumb\",\"itemListElement\":[{\"@type\":\"ListItem\",\"position\":1,\"name\":\"Home\",\"item\":\"https:\/\/www.bagnoitalia.com\/fr\"},{\"@type\":\"ListItem\",\"position\":2,\"name\":\"Produits\",\"item\":\"https:\/\/www.bagnoitalia.com\/fr\/shop\"},{\"@type\":\"ListItem\",\"position\":3,\"name\":\"Appareil sanitaire mural DALLAS avec WC sans rebord et si\u00e8ge de toilette softclose\"}]},{\"@type\":\"WebSite\",\"@id\":\"https:\/\/www.bagnoitalia.com\/fr#website\",\"url\":\"https:\/\/www.bagnoitalia.com\/fr\",\"name\":\"Bagno Italia\",\"description\":\"\",\"publisher\":{\"@id\":\"https:\/\/www.bagnoitalia.com\/fr#organization\"},\"potentialAction\":[{\"@type\":\"SearchAction\",\"target\":{\"@type\":\"EntryPoint\",\"urlTemplate\":\"https:\/\/www.bagnoitalia.com\/fr?s={search_term_string}\"},\"query-input\":{\"@type\":\"PropertyValueSpecification\",\"valueRequired\":true,\"valueName\":\"search_term_string\"}}],\"inLanguage\":\"fr-FR\"},{\"@type\":\"Organization\",\"@id\":\"https:\/\/www.bagnoitalia.com\/fr#organization\",\"name\":\"Bagno Italia\",\"url\":\"https:\/\/www.bagnoitalia.com\/fr\",\"logo\":{\"@type\":\"ImageObject\",\"inLanguage\":\"fr-FR\",\"@id\":\"https:\/\/www.bagnoitalia.com\/fr#\/schema\/logo\/image\/\",\"url\":\"https:\/\/img.bagnoitalia.com\/wp-content\/uploads\/logo-bagnoitalia.webp\",\"contentUrl\":\"https:\/\/img.bagnoitalia.com\/wp-content\/uploads\/logo-bagnoitalia.webp\",\"width\":400,\"height\":70,\"caption\":\"Bagno Italia\"},\"image\":{\"@id\":\"https:\/\/www.bagnoitalia.com\/fr#\/schema\/logo\/image\/\"}}]}<\/script>\n<!-- \/ Yoast SEO plugin. -->","yoast_head_json":{"title":"Appareil sanitaire mural DALLAS avec WC sans rebord et si\u00e8ge de toilette softclose","description":"Paire d'appareils sanitaires modernes en c\u00e9ramique blanche polie. Toilettes avec technologie easy-clean, sans siphon. Couvercle de toilette \u00e9troit \u00e0 fermeture souple inclus.","robots":{"index":"index","follow":"follow","max-snippet":"max-snippet:-1","max-image-preview":"max-image-preview:large","max-video-preview":"max-video-preview:-1"},"canonical":"https:\/\/www.bagnoitalia.com\/fr\/produit\/dallas-wall-hung-sanitary-fixture-with-rimless-wc-and-softclose-toilet-seat-2.html","og_locale":"fr_FR","og_type":"article","og_title":"Appareil sanitaire mural DALLAS avec WC sans rebord et si\u00e8ge de toilette softclose","og_description":"Paire d'appareils sanitaires modernes en c\u00e9ramique blanche polie. Toilettes avec technologie easy-clean, sans siphon. Couvercle de toilette \u00e9troit \u00e0 fermeture souple inclus.","og_url":"https:\/\/www.bagnoitalia.com\/fr\/produit\/dallas-wall-hung-sanitary-fixture-with-rimless-wc-and-softclose-toilet-seat-2.html","og_site_name":"Bagno Italia","article_modified_time":"2024-06-14T12:50:03+00:00","og_image":[{"width":550,"height":550,"url":"https:\/\/img.bagnoitalia.com\/wp-content\/uploads\/virtuemart\/product\/sanitaryware-wall-to-water-saving-rimless-wc-bidet-1.jpg","type":"image\/jpeg"}],"twitter_card":"summary_large_image","twitter_misc":{"Dur\u00e9e de lecture estim\u00e9e":"1 minute"},"schema":{"@context":"https:\/\/schema.org","@graph":[{"@type":"WebPage","@id":"https:\/\/www.bagnoitalia.com\/fr\/produit\/dallas-wall-hung-sanitary-fixture-with-rimless-wc-and-softclose-toilet-seat-2.html","url":"https:\/\/www.bagnoitalia.com\/fr\/produit\/dallas-wall-hung-sanitary-fixture-with-rimless-wc-and-softclose-toilet-seat-2.html","name":"Appareil sanitaire mural DALLAS avec WC sans rebord et si\u00e8ge de toilette softclose","isPartOf":{"@id":"https:\/\/www.bagnoitalia.com\/fr#website"},"primaryImageOfPage":{"@id":"https:\/\/www.bagnoitalia.com\/fr\/produit\/dallas-wall-hung-sanitary-fixture-with-rimless-wc-and-softclose-toilet-seat-2.html#primaryimage"},"image":{"@id":"https:\/\/www.bagnoitalia.com\/fr\/produit\/dallas-wall-hung-sanitary-fixture-with-rimless-wc-and-softclose-toilet-seat-2.html#primaryimage"},"thumbnailUrl":"https:\/\/img.bagnoitalia.com\/wp-content\/uploads\/virtuemart\/product\/sanitaryware-wall-to-water-saving-rimless-wc-bidet-1.jpg","datePublished":"2023-05-29T12:25:09+00:00","dateModified":"2024-06-14T12:50:03+00:00","description":"Paire d'appareils sanitaires modernes en c\u00e9ramique blanche polie. Toilettes avec technologie easy-clean, sans siphon. Couvercle de toilette \u00e9troit \u00e0 fermeture souple inclus.","breadcrumb":{"@id":"https:\/\/www.bagnoitalia.com\/fr\/produit\/dallas-wall-hung-sanitary-fixture-with-rimless-wc-and-softclose-toilet-seat-2.html#breadcrumb"},"inLanguage":"fr-FR","potentialAction":[{"@type":"ReadAction","target":["https:\/\/www.bagnoitalia.com\/fr\/produit\/dallas-wall-hung-sanitary-fixture-with-rimless-wc-and-softclose-toilet-seat-2.html"]}]},{"@type":"ImageObject","inLanguage":"fr-FR","@id":"https:\/\/www.bagnoitalia.com\/fr\/produit\/dallas-wall-hung-sanitary-fixture-with-rimless-wc-and-softclose-toilet-seat-2.html#primaryimage","url":"https:\/\/img.bagnoitalia.com\/wp-content\/uploads\/virtuemart\/product\/sanitaryware-wall-to-water-saving-rimless-wc-bidet-1.jpg","contentUrl":"https:\/\/img.bagnoitalia.com\/wp-content\/uploads\/virtuemart\/product\/sanitaryware-wall-to-water-saving-rimless-wc-bidet-1.jpg","width":550,"height":550},{"@type":"BreadcrumbList","@id":"https:\/\/www.bagnoitalia.com\/fr\/produit\/dallas-wall-hung-sanitary-fixture-with-rimless-wc-and-softclose-toilet-seat-2.html#breadcrumb","itemListElement":[{"@type":"ListItem","position":1,"name":"Home","item":"https:\/\/www.bagnoitalia.com\/fr"},{"@type":"ListItem","position":2,"name":"Produits","item":"https:\/\/www.bagnoitalia.com\/fr\/shop"},{"@type":"ListItem","position":3,"name":"Appareil sanitaire mural DALLAS avec WC sans rebord et si\u00e8ge de toilette softclose"}]},{"@type":"WebSite","@id":"https:\/\/www.bagnoitalia.com\/fr#website","url":"https:\/\/www.bagnoitalia.com\/fr","name":"Bagno Italia","description":"","publisher":{"@id":"https:\/\/www.bagnoitalia.com\/fr#organization"},"potentialAction":[{"@type":"SearchAction","target":{"@type":"EntryPoint","urlTemplate":"https:\/\/www.bagnoitalia.com\/fr?s={search_term_string}"},"query-input":{"@type":"PropertyValueSpecification","valueRequired":true,"valueName":"search_term_string"}}],"inLanguage":"fr-FR"},{"@type":"Organization","@id":"https:\/\/www.bagnoitalia.com\/fr#organization","name":"Bagno Italia","url":"https:\/\/www.bagnoitalia.com\/fr","logo":{"@type":"ImageObject","inLanguage":"fr-FR","@id":"https:\/\/www.bagnoitalia.com\/fr#\/schema\/logo\/image\/","url":"https:\/\/img.bagnoitalia.com\/wp-content\/uploads\/logo-bagnoitalia.webp","contentUrl":"https:\/\/img.bagnoitalia.com\/wp-content\/uploads\/logo-bagnoitalia.webp","width":400,"height":70,"caption":"Bagno Italia"},"image":{"@id":"https:\/\/www.bagnoitalia.com\/fr#\/schema\/logo\/image\/"}}]}},"_links":{"self":[{"href":"https:\/\/www.bagnoitalia.com\/fr\/wp-json\/wp\/v2\/product\/83141","targetHints":{"allow":["GET"]}}],"collection":[{"href":"https:\/\/www.bagnoitalia.com\/fr\/wp-json\/wp\/v2\/product"}],"about":[{"href":"https:\/\/www.bagnoitalia.com\/fr\/wp-json\/wp\/v2\/types\/product"}],"replies":[{"embeddable":true,"href":"https:\/\/www.bagnoitalia.com\/fr\/wp-json\/wp\/v2\/comments?post=83141"}],"version-history":[{"count":1,"href":"https:\/\/www.bagnoitalia.com\/fr\/wp-json\/wp\/v2\/product\/83141\/revisions"}],"predecessor-version":[{"id":90231,"href":"https:\/\/www.bagnoitalia.com\/fr\/wp-json\/wp\/v2\/product\/83141\/revisions\/90231"}],"wp:featuredmedia":[{"embeddable":true,"href":"https:\/\/www.bagnoitalia.com\/fr\/wp-json\/wp\/v2\/media\/62281"}],"wp:attachment":[{"href":"https:\/\/www.bagnoitalia.com\/fr\/wp-json\/wp\/v2\/media?parent=83141"}],"wp:term":[{"taxonomy":"product_brand","embeddable":true,"href":"https:\/\/www.bagnoitalia.com\/fr\/wp-json\/wp\/v2\/product_brand?post=83141"},{"taxonomy":"product_cat","embeddable":true,"href":"https:\/\/www.bagnoitalia.com\/fr\/wp-json\/wp\/v2\/product_cat?post=83141"},{"taxonomy":"product_tag","embeddable":true,"href":"https:\/\/www.bagnoitalia.com\/fr\/wp-json\/wp\/v2\/product_tag?post=83141"}],"curies":[{"name":"wp","href":"https:\/\/api.w.org\/{rel}","templated":true}]}}