{"id":83113,"date":"2023-05-24T15:48:21","date_gmt":"2023-05-24T13:48:21","guid":{"rendered":"https:\/\/www.bagnoitalia.com\/product\/58xh85-cm-white-ceramic-freestanding-washbasin-with-mixer-tap-hole-and-overflow-lav78-2"},"modified":"2023-05-24T15:48:21","modified_gmt":"2023-05-24T13:48:21","slug":"58xh85-cm-white-ceramic-freestanding-washbasin-with-mixer-tap-hole-and-overflow-lav78-2","status":"publish","type":"product","link":"https:\/\/www.bagnoitalia.com\/fr\/produit\/58xh85-cm-white-ceramic-freestanding-washbasin-with-mixer-tap-hole-and-overflow-lav78-2.html","title":{"rendered":"58xH85 cm lavabo \u00e0 poser en c\u00e9ramique blanche avec trou pour robinetterie et trop-plein LAV78"},"content":{"rendered":"<p style=\"text-align: center;\"><span style=\"text-decoration: underline; color: #ff0000; font-size: 18pt;\"><strong>&nbsp;LAVABO RECTANGULAIRE AUTOPORTANT LAV78<\/strong><\/span><\/p>\n<p>&nbsp;<\/p>\n<p><span style=\"text-decoration: underline;\"><strong>DIMENSIONS DU PRODUIT :<\/strong><\/span><\/p>\n<p>dimensions ext\u00e9rieures : 58xD42xH85,5 cm<\/p>\n<p>dimensions int\u00e9rieures (cuve) : 54&#215;28 cm<\/p>\n<p>&nbsp;<\/p>\n<p><span style=\"text-decoration: underline;\"><strong>CARACT\u00c9RISTIQUES DU PRODUIT :<\/strong><\/span><\/p>\n<p>Lavabo rectangulaire<\/p>\n<p>R\u00e9alis\u00e9 en c\u00e9ramique<\/p>\n<p>Couleur blanche<\/p>\n<p>Avec trou pour mitigeur<\/p>\n<p>Avec trou de trop-plein<\/p>\n<p>Installation sur pieds<\/p>\n<p>&nbsp;<\/p>\n<p><span style=\"text-decoration: underline;\"><strong>ATTENTION<\/strong> <\/span>: miroir, m\u00e9langeur et vidange NON inclus dans le prix<\/p>\n<p>&nbsp;<\/p>\n<p>&nbsp;<\/p>\n<p>&nbsp;<\/p>\n<p>&nbsp;<\/p>\n<p>&nbsp;<\/p>\n<p>&nbsp;<\/p>\n<p>&nbsp;<\/p>\n<p>&nbsp;<\/p>\n<p>&nbsp;<\/p>\n<p>&nbsp;<\/p>\n<p>&nbsp;<\/p>\n<p>ELY-58B<\/p>\n","protected":false},"excerpt":{"rendered":"<p>\u00c9vier en c\u00e9ramique blanche, \u00e0 poser, avec trou de robinetterie et trou de trop-plein.<\/p>\n","protected":false},"featured_media":62145,"comment_status":"open","ping_status":"closed","template":"","meta":[],"product_brand":[5006],"product_cat":[9988],"product_tag":[],"class_list":{"0":"post-83113","1":"product","2":"type-product","3":"status-publish","4":"has-post-thumbnail","6":"product_brand-deghi","7":"product_cat-evier-a-poser","9":"first","10":"instock","11":"sale","12":"taxable","13":"shipping-taxable","14":"purchasable","15":"product-type-simple"},"exclude_global_add_ons":[],"addons":[],"yoast_head":"<!-- This site is optimized with the Yoast SEO plugin v26.7 - https:\/\/yoast.com\/wordpress\/plugins\/seo\/ -->\n<title>58xH85 cm lavabo \u00e0 poser en c\u00e9ramique blanche avec trou pour robinetterie et trop-plein LAV78<\/title>\n<meta name=\"description\" content=\"\u00c9vier en c\u00e9ramique blanche, \u00e0 poser, avec trou de robinetterie et trou de trop-plein.\" \/>\n<meta name=\"robots\" content=\"index, follow, max-snippet:-1, max-image-preview:large, max-video-preview:-1\" \/>\n<link rel=\"canonical\" href=\"https:\/\/www.bagnoitalia.com\/fr\/produit\/58xh85-cm-white-ceramic-freestanding-washbasin-with-mixer-tap-hole-and-overflow-lav78-2.html\" \/>\n<meta property=\"og:locale\" content=\"fr_FR\" \/>\n<meta property=\"og:type\" content=\"article\" \/>\n<meta property=\"og:title\" content=\"58xH85 cm lavabo \u00e0 poser en c\u00e9ramique blanche avec trou pour robinetterie et trop-plein LAV78\" \/>\n<meta property=\"og:description\" content=\"\u00c9vier en c\u00e9ramique blanche, \u00e0 poser, avec trou de robinetterie et trou de trop-plein.\" \/>\n<meta property=\"og:url\" content=\"https:\/\/www.bagnoitalia.com\/fr\/produit\/58xh85-cm-white-ceramic-freestanding-washbasin-with-mixer-tap-hole-and-overflow-lav78-2.html\" \/>\n<meta property=\"og:site_name\" content=\"Bagno Italia\" \/>\n<meta property=\"og:image\" content=\"https:\/\/img.bagnoitalia.com\/wp-content\/uploads\/virtuemart\/product\/washbasin-freestanding-58x85-cm-ceramic-white-1.jpg\" \/>\n\t<meta property=\"og:image:width\" content=\"550\" \/>\n\t<meta property=\"og:image:height\" content=\"550\" \/>\n\t<meta property=\"og:image:type\" content=\"image\/jpeg\" \/>\n<meta name=\"twitter:card\" content=\"summary_large_image\" \/>\n<script type=\"application\/ld+json\" class=\"yoast-schema-graph\">{\"@context\":\"https:\/\/schema.org\",\"@graph\":[{\"@type\":\"WebPage\",\"@id\":\"https:\/\/www.bagnoitalia.com\/fr\/produit\/58xh85-cm-white-ceramic-freestanding-washbasin-with-mixer-tap-hole-and-overflow-lav78-2.html\",\"url\":\"https:\/\/www.bagnoitalia.com\/fr\/produit\/58xh85-cm-white-ceramic-freestanding-washbasin-with-mixer-tap-hole-and-overflow-lav78-2.html\",\"name\":\"58xH85 cm lavabo \u00e0 poser en c\u00e9ramique blanche avec trou pour robinetterie et trop-plein LAV78\",\"isPartOf\":{\"@id\":\"https:\/\/www.bagnoitalia.com\/fr#website\"},\"primaryImageOfPage\":{\"@id\":\"https:\/\/www.bagnoitalia.com\/fr\/produit\/58xh85-cm-white-ceramic-freestanding-washbasin-with-mixer-tap-hole-and-overflow-lav78-2.html#primaryimage\"},\"image\":{\"@id\":\"https:\/\/www.bagnoitalia.com\/fr\/produit\/58xh85-cm-white-ceramic-freestanding-washbasin-with-mixer-tap-hole-and-overflow-lav78-2.html#primaryimage\"},\"thumbnailUrl\":\"https:\/\/img.bagnoitalia.com\/wp-content\/uploads\/virtuemart\/product\/washbasin-freestanding-58x85-cm-ceramic-white-1.jpg\",\"datePublished\":\"2023-05-24T13:48:21+00:00\",\"description\":\"\u00c9vier en c\u00e9ramique blanche, \u00e0 poser, avec trou de robinetterie et trou de trop-plein.\",\"breadcrumb\":{\"@id\":\"https:\/\/www.bagnoitalia.com\/fr\/produit\/58xh85-cm-white-ceramic-freestanding-washbasin-with-mixer-tap-hole-and-overflow-lav78-2.html#breadcrumb\"},\"inLanguage\":\"fr-FR\",\"potentialAction\":[{\"@type\":\"ReadAction\",\"target\":[\"https:\/\/www.bagnoitalia.com\/fr\/produit\/58xh85-cm-white-ceramic-freestanding-washbasin-with-mixer-tap-hole-and-overflow-lav78-2.html\"]}]},{\"@type\":\"ImageObject\",\"inLanguage\":\"fr-FR\",\"@id\":\"https:\/\/www.bagnoitalia.com\/fr\/produit\/58xh85-cm-white-ceramic-freestanding-washbasin-with-mixer-tap-hole-and-overflow-lav78-2.html#primaryimage\",\"url\":\"https:\/\/img.bagnoitalia.com\/wp-content\/uploads\/virtuemart\/product\/washbasin-freestanding-58x85-cm-ceramic-white-1.jpg\",\"contentUrl\":\"https:\/\/img.bagnoitalia.com\/wp-content\/uploads\/virtuemart\/product\/washbasin-freestanding-58x85-cm-ceramic-white-1.jpg\",\"width\":550,\"height\":550},{\"@type\":\"BreadcrumbList\",\"@id\":\"https:\/\/www.bagnoitalia.com\/fr\/produit\/58xh85-cm-white-ceramic-freestanding-washbasin-with-mixer-tap-hole-and-overflow-lav78-2.html#breadcrumb\",\"itemListElement\":[{\"@type\":\"ListItem\",\"position\":1,\"name\":\"Home\",\"item\":\"https:\/\/www.bagnoitalia.com\/fr\"},{\"@type\":\"ListItem\",\"position\":2,\"name\":\"Produits\",\"item\":\"https:\/\/www.bagnoitalia.com\/fr\/shop\"},{\"@type\":\"ListItem\",\"position\":3,\"name\":\"58xH85 cm lavabo \u00e0 poser en c\u00e9ramique blanche avec trou pour robinetterie et trop-plein LAV78\"}]},{\"@type\":\"WebSite\",\"@id\":\"https:\/\/www.bagnoitalia.com\/fr#website\",\"url\":\"https:\/\/www.bagnoitalia.com\/fr\",\"name\":\"Bagno Italia\",\"description\":\"\",\"publisher\":{\"@id\":\"https:\/\/www.bagnoitalia.com\/fr#organization\"},\"potentialAction\":[{\"@type\":\"SearchAction\",\"target\":{\"@type\":\"EntryPoint\",\"urlTemplate\":\"https:\/\/www.bagnoitalia.com\/fr?s={search_term_string}\"},\"query-input\":{\"@type\":\"PropertyValueSpecification\",\"valueRequired\":true,\"valueName\":\"search_term_string\"}}],\"inLanguage\":\"fr-FR\"},{\"@type\":\"Organization\",\"@id\":\"https:\/\/www.bagnoitalia.com\/fr#organization\",\"name\":\"Bagno Italia\",\"url\":\"https:\/\/www.bagnoitalia.com\/fr\",\"logo\":{\"@type\":\"ImageObject\",\"inLanguage\":\"fr-FR\",\"@id\":\"https:\/\/www.bagnoitalia.com\/fr#\/schema\/logo\/image\/\",\"url\":\"https:\/\/img.bagnoitalia.com\/wp-content\/uploads\/logo-bagnoitalia.webp\",\"contentUrl\":\"https:\/\/img.bagnoitalia.com\/wp-content\/uploads\/logo-bagnoitalia.webp\",\"width\":400,\"height\":70,\"caption\":\"Bagno Italia\"},\"image\":{\"@id\":\"https:\/\/www.bagnoitalia.com\/fr#\/schema\/logo\/image\/\"}}]}<\/script>\n<!-- \/ Yoast SEO plugin. -->","yoast_head_json":{"title":"58xH85 cm lavabo \u00e0 poser en c\u00e9ramique blanche avec trou pour robinetterie et trop-plein LAV78","description":"\u00c9vier en c\u00e9ramique blanche, \u00e0 poser, avec trou de robinetterie et trou de trop-plein.","robots":{"index":"index","follow":"follow","max-snippet":"max-snippet:-1","max-image-preview":"max-image-preview:large","max-video-preview":"max-video-preview:-1"},"canonical":"https:\/\/www.bagnoitalia.com\/fr\/produit\/58xh85-cm-white-ceramic-freestanding-washbasin-with-mixer-tap-hole-and-overflow-lav78-2.html","og_locale":"fr_FR","og_type":"article","og_title":"58xH85 cm lavabo \u00e0 poser en c\u00e9ramique blanche avec trou pour robinetterie et trop-plein LAV78","og_description":"\u00c9vier en c\u00e9ramique blanche, \u00e0 poser, avec trou de robinetterie et trou de trop-plein.","og_url":"https:\/\/www.bagnoitalia.com\/fr\/produit\/58xh85-cm-white-ceramic-freestanding-washbasin-with-mixer-tap-hole-and-overflow-lav78-2.html","og_site_name":"Bagno Italia","og_image":[{"width":550,"height":550,"url":"https:\/\/img.bagnoitalia.com\/wp-content\/uploads\/virtuemart\/product\/washbasin-freestanding-58x85-cm-ceramic-white-1.jpg","type":"image\/jpeg"}],"twitter_card":"summary_large_image","schema":{"@context":"https:\/\/schema.org","@graph":[{"@type":"WebPage","@id":"https:\/\/www.bagnoitalia.com\/fr\/produit\/58xh85-cm-white-ceramic-freestanding-washbasin-with-mixer-tap-hole-and-overflow-lav78-2.html","url":"https:\/\/www.bagnoitalia.com\/fr\/produit\/58xh85-cm-white-ceramic-freestanding-washbasin-with-mixer-tap-hole-and-overflow-lav78-2.html","name":"58xH85 cm lavabo \u00e0 poser en c\u00e9ramique blanche avec trou pour robinetterie et trop-plein LAV78","isPartOf":{"@id":"https:\/\/www.bagnoitalia.com\/fr#website"},"primaryImageOfPage":{"@id":"https:\/\/www.bagnoitalia.com\/fr\/produit\/58xh85-cm-white-ceramic-freestanding-washbasin-with-mixer-tap-hole-and-overflow-lav78-2.html#primaryimage"},"image":{"@id":"https:\/\/www.bagnoitalia.com\/fr\/produit\/58xh85-cm-white-ceramic-freestanding-washbasin-with-mixer-tap-hole-and-overflow-lav78-2.html#primaryimage"},"thumbnailUrl":"https:\/\/img.bagnoitalia.com\/wp-content\/uploads\/virtuemart\/product\/washbasin-freestanding-58x85-cm-ceramic-white-1.jpg","datePublished":"2023-05-24T13:48:21+00:00","description":"\u00c9vier en c\u00e9ramique blanche, \u00e0 poser, avec trou de robinetterie et trou de trop-plein.","breadcrumb":{"@id":"https:\/\/www.bagnoitalia.com\/fr\/produit\/58xh85-cm-white-ceramic-freestanding-washbasin-with-mixer-tap-hole-and-overflow-lav78-2.html#breadcrumb"},"inLanguage":"fr-FR","potentialAction":[{"@type":"ReadAction","target":["https:\/\/www.bagnoitalia.com\/fr\/produit\/58xh85-cm-white-ceramic-freestanding-washbasin-with-mixer-tap-hole-and-overflow-lav78-2.html"]}]},{"@type":"ImageObject","inLanguage":"fr-FR","@id":"https:\/\/www.bagnoitalia.com\/fr\/produit\/58xh85-cm-white-ceramic-freestanding-washbasin-with-mixer-tap-hole-and-overflow-lav78-2.html#primaryimage","url":"https:\/\/img.bagnoitalia.com\/wp-content\/uploads\/virtuemart\/product\/washbasin-freestanding-58x85-cm-ceramic-white-1.jpg","contentUrl":"https:\/\/img.bagnoitalia.com\/wp-content\/uploads\/virtuemart\/product\/washbasin-freestanding-58x85-cm-ceramic-white-1.jpg","width":550,"height":550},{"@type":"BreadcrumbList","@id":"https:\/\/www.bagnoitalia.com\/fr\/produit\/58xh85-cm-white-ceramic-freestanding-washbasin-with-mixer-tap-hole-and-overflow-lav78-2.html#breadcrumb","itemListElement":[{"@type":"ListItem","position":1,"name":"Home","item":"https:\/\/www.bagnoitalia.com\/fr"},{"@type":"ListItem","position":2,"name":"Produits","item":"https:\/\/www.bagnoitalia.com\/fr\/shop"},{"@type":"ListItem","position":3,"name":"58xH85 cm lavabo \u00e0 poser en c\u00e9ramique blanche avec trou pour robinetterie et trop-plein LAV78"}]},{"@type":"WebSite","@id":"https:\/\/www.bagnoitalia.com\/fr#website","url":"https:\/\/www.bagnoitalia.com\/fr","name":"Bagno Italia","description":"","publisher":{"@id":"https:\/\/www.bagnoitalia.com\/fr#organization"},"potentialAction":[{"@type":"SearchAction","target":{"@type":"EntryPoint","urlTemplate":"https:\/\/www.bagnoitalia.com\/fr?s={search_term_string}"},"query-input":{"@type":"PropertyValueSpecification","valueRequired":true,"valueName":"search_term_string"}}],"inLanguage":"fr-FR"},{"@type":"Organization","@id":"https:\/\/www.bagnoitalia.com\/fr#organization","name":"Bagno Italia","url":"https:\/\/www.bagnoitalia.com\/fr","logo":{"@type":"ImageObject","inLanguage":"fr-FR","@id":"https:\/\/www.bagnoitalia.com\/fr#\/schema\/logo\/image\/","url":"https:\/\/img.bagnoitalia.com\/wp-content\/uploads\/logo-bagnoitalia.webp","contentUrl":"https:\/\/img.bagnoitalia.com\/wp-content\/uploads\/logo-bagnoitalia.webp","width":400,"height":70,"caption":"Bagno Italia"},"image":{"@id":"https:\/\/www.bagnoitalia.com\/fr#\/schema\/logo\/image\/"}}]}},"_links":{"self":[{"href":"https:\/\/www.bagnoitalia.com\/fr\/wp-json\/wp\/v2\/product\/83113","targetHints":{"allow":["GET"]}}],"collection":[{"href":"https:\/\/www.bagnoitalia.com\/fr\/wp-json\/wp\/v2\/product"}],"about":[{"href":"https:\/\/www.bagnoitalia.com\/fr\/wp-json\/wp\/v2\/types\/product"}],"replies":[{"embeddable":true,"href":"https:\/\/www.bagnoitalia.com\/fr\/wp-json\/wp\/v2\/comments?post=83113"}],"version-history":[{"count":0,"href":"https:\/\/www.bagnoitalia.com\/fr\/wp-json\/wp\/v2\/product\/83113\/revisions"}],"wp:featuredmedia":[{"embeddable":true,"href":"https:\/\/www.bagnoitalia.com\/fr\/wp-json\/wp\/v2\/media\/62145"}],"wp:attachment":[{"href":"https:\/\/www.bagnoitalia.com\/fr\/wp-json\/wp\/v2\/media?parent=83113"}],"wp:term":[{"taxonomy":"product_brand","embeddable":true,"href":"https:\/\/www.bagnoitalia.com\/fr\/wp-json\/wp\/v2\/product_brand?post=83113"},{"taxonomy":"product_cat","embeddable":true,"href":"https:\/\/www.bagnoitalia.com\/fr\/wp-json\/wp\/v2\/product_cat?post=83113"},{"taxonomy":"product_tag","embeddable":true,"href":"https:\/\/www.bagnoitalia.com\/fr\/wp-json\/wp\/v2\/product_tag?post=83113"}],"curies":[{"name":"wp","href":"https:\/\/api.w.org\/{rel}","templated":true}]}}