{"id":83069,"date":"2023-04-21T13:48:57","date_gmt":"2023-04-21T11:48:57","guid":{"rendered":"https:\/\/www.bagnoitalia.com\/product\/led-parasol-with-side-pole-in-3-shapes-and-sizes-with-ecru-or-white-ob13-canvas-2"},"modified":"2024-06-12T14:40:57","modified_gmt":"2024-06-12T12:40:57","slug":"led-parasol-with-side-pole-in-3-shapes-and-sizes-with-ecru-or-white-ob13-canvas-2","status":"publish","type":"product","link":"https:\/\/www.bagnoitalia.com\/fr\/produit\/led-parasol-with-side-pole-in-3-shapes-and-sizes-with-ecru-or-white-ob13-canvas-2.html","title":{"rendered":"Parasol \u00e0 leds avec m\u00e2t lat\u00e9ral en 3 formes et tailles avec toile OB13 \u00e9crue ou blanche"},"content":{"rendered":"<p style=\"text-align: center;\"><span style=\"text-decoration: underline; color: #ff0000; font-size: 18pt;\"><strong>PARASOL LED EN 3 MOD\u00c8LES \u00ab\u00a0OB13<\/strong><\/span><\/p>\n<p>&nbsp;<\/p>\n<p>Parasol disponible en 3 mod\u00e8les, tous \u00e9quip\u00e9s de lumi\u00e8res LED aliment\u00e9es par un panneau solaire.<\/p>\n<p>Pour assurer une longue dur\u00e9e de vie au produit, nous recommandons de le mettre \u00e0 l&rsquo;abri lors d&rsquo;\u00e9v\u00e9nements m\u00e9t\u00e9orologiques particuli\u00e8rement intenses et toujours pendant les mois d&rsquo;hiver.<\/p>\n<p>&nbsp;<\/p>\n<p><span style=\"text-decoration: underline;\"><strong>CARACT\u00c9RISTIQUES PARAPLUIE CIRCULAIRE LED<\/strong><\/span><\/p>\n<p>Dimensions : diam\u00e8tre 300 cm, hauteur 245 cm<\/p>\n<p>Couleur de la toile : \u00e9cru<\/p>\n<p>Avec m\u00e2t lat\u00e9ral de couleur anthracite, orientable \u00e0 360\u00b0 par p\u00e9dale<\/p>\n<p>Structure en aluminium et toile en polyester<\/p>\n<p>Lamelles en acier n.8<\/p>\n<p>Base transversale en m\u00e9tal (contrepoids\/poids NON inclus dans l&rsquo;offre)<\/p>\n<p>Ouverture avec manivelle et poign\u00e9e<\/p>\n<p>Avec chemin\u00e9e de vent<\/p>\n<p>&nbsp;<\/p>\n<p><span style=\"text-decoration: underline;\"><strong>CARACT\u00c9RISTIQUES PARAPLUIE RECTANGULAIRE LED<\/strong><\/span><\/p>\n<p>Dimensions : 200&#215;300 cm, hauteur 255 cm<\/p>\n<p>Couleur de la toile : \u00e9cru<\/p>\n<p>Avec m\u00e2t lat\u00e9ral de couleur anthracite, orientable \u00e0 360\u00b0 par p\u00e9dale<\/p>\n<p>Structure en aluminium et toile en polyester<\/p>\n<p>n.8 lattes en acier<\/p>\n<p>Base transversale en m\u00e9tal (contrepoids\/poids NON inclus dans l&rsquo;offre)<\/p>\n<p>Ouverture avec manivelle et poign\u00e9e<\/p>\n<p>Avec chemin\u00e9e d&rsquo;a\u00e9ration<\/p>\n<p>&nbsp;<\/p>\n<p><span style=\"text-decoration: underline;\"><strong>CARACT\u00c9RISTIQUES PARASOL LED CARR\u00c9<\/strong><\/span><\/p>\n<p>Dimensions : 300&#215;300 cm, hauteur 260 cm : 300&#215;300 cm, hauteur 260 cm<\/p>\n<p>Couleur de la toile : Blanc<\/p>\n<p>Avec m\u00e2t lat\u00e9ral blanc, orientable \u00e0 360\u00b0 par p\u00e9dale<\/p>\n<p>Structure en aluminium et toile en polyester<\/p>\n<p>n.8 lattes en acier<\/p>\n<p>Base transversale en m\u00e9tal (contrepoids\/poids NON inclus dans l&rsquo;offre)<\/p>\n<p>Ouverture avec manivelle et poign\u00e9e<\/p>\n<p>Avec chemin\u00e9e<\/p>\n<p>&nbsp;<\/p>\n<p>&nbsp;<\/p>\n<p>&nbsp;<\/p>\n<p>&nbsp;<\/p>\n<p>&nbsp;<\/p>\n<p>&nbsp;<\/p>\n<p>&nbsp;<\/p>\n<p>&nbsp;<\/p>\n<p>&nbsp;<\/p>\n<p>900330<\/p>\n<p>900323<\/p>\n<p>900433<\/p>\n","protected":false},"excerpt":{"rendered":"<p>Parasol avec lumi\u00e8res LED, disponible circulaire (\u00e0 partir de 3m) avec toile \u00e9crue, ou rectangulaire (\u00e0 partir de 2x3m) avec toile \u00e9crue, ou carr\u00e9 (\u00e0 partir de 3x3m) avec toile blanche.<\/p>\n","protected":false},"featured_media":61757,"comment_status":"open","ping_status":"closed","template":"","meta":[],"product_brand":[5006],"product_cat":[10030],"product_tag":[],"class_list":{"0":"post-83069","1":"product","2":"type-product","3":"status-publish","4":"has-post-thumbnail","6":"product_brand-deghi","7":"product_cat-parasols","9":"first","10":"instock","11":"sale","12":"taxable","13":"shipping-taxable","14":"purchasable","15":"product-type-simple"},"exclude_global_add_ons":false,"addons":[{"name":"typologie","type":"multiple_choice","position":0,"required":true,"title_format":"heading","default":"","description_enable":false,"description":"","placeholder_enable":false,"placeholder":"","display":"select","restrictions_type":"any_text","adjust_price":false,"price":"","price_type":"flat_fee","restrictions":false,"min":"0","max":"0","options":[{"label":"circulaire 300 cm Ecru","price":"","price_type":"quantity_based","image":0,"visibility":true},{"label":"rectangulaire 200x300 cm Ecru","price":"10","price_type":"quantity_based","image":0,"visibility":true},{"label":"carr\u00e9 300x300 cm Blanc","price":"20","price_type":"quantity_based","image":0,"visibility":true}],"id":1718203257}],"yoast_head":"<!-- This site is optimized with the Yoast SEO plugin v26.7 - https:\/\/yoast.com\/wordpress\/plugins\/seo\/ -->\n<title>Parasol \u00e0 leds avec m\u00e2t lat\u00e9ral en 3 formes et tailles avec toile OB13 \u00e9crue ou blanche<\/title>\n<meta name=\"description\" content=\"Parasol avec lumi\u00e8res LED, disponible circulaire (\u00e0 partir de 3m) avec toile \u00e9crue, ou rectangulaire (\u00e0 partir de 2x3m) avec toile \u00e9crue, ou carr\u00e9 (\u00e0 partir de 3x3m) avec toile blanche.\" \/>\n<meta name=\"robots\" content=\"index, follow, max-snippet:-1, max-image-preview:large, max-video-preview:-1\" \/>\n<link rel=\"canonical\" href=\"https:\/\/www.bagnoitalia.com\/fr\/produit\/led-parasol-with-side-pole-in-3-shapes-and-sizes-with-ecru-or-white-ob13-canvas-2.html\" \/>\n<meta property=\"og:locale\" content=\"fr_FR\" \/>\n<meta property=\"og:type\" content=\"article\" \/>\n<meta property=\"og:title\" content=\"Parasol \u00e0 leds avec m\u00e2t lat\u00e9ral en 3 formes et tailles avec toile OB13 \u00e9crue ou blanche\" \/>\n<meta property=\"og:description\" content=\"Parasol avec lumi\u00e8res LED, disponible circulaire (\u00e0 partir de 3m) avec toile \u00e9crue, ou rectangulaire (\u00e0 partir de 2x3m) avec toile \u00e9crue, ou carr\u00e9 (\u00e0 partir de 3x3m) avec toile blanche.\" \/>\n<meta property=\"og:url\" content=\"https:\/\/www.bagnoitalia.com\/fr\/produit\/led-parasol-with-side-pole-in-3-shapes-and-sizes-with-ecru-or-white-ob13-canvas-2.html\" \/>\n<meta property=\"og:site_name\" content=\"Bagno Italia\" \/>\n<meta property=\"article:modified_time\" content=\"2024-06-12T12:40:57+00:00\" \/>\n<meta property=\"og:image\" content=\"https:\/\/img.bagnoitalia.com\/wp-content\/uploads\/virtuemart\/product\/led-sunshade-ecru-circular-rectangular-canvas-1.jpg\" \/>\n\t<meta property=\"og:image:width\" content=\"550\" \/>\n\t<meta property=\"og:image:height\" content=\"550\" \/>\n\t<meta property=\"og:image:type\" content=\"image\/jpeg\" \/>\n<meta name=\"twitter:card\" content=\"summary_large_image\" \/>\n<meta name=\"twitter:label1\" content=\"Dur\u00e9e de lecture estim\u00e9e\" \/>\n\t<meta name=\"twitter:data1\" content=\"2 minutes\" \/>\n<script type=\"application\/ld+json\" class=\"yoast-schema-graph\">{\"@context\":\"https:\/\/schema.org\",\"@graph\":[{\"@type\":\"WebPage\",\"@id\":\"https:\/\/www.bagnoitalia.com\/fr\/produit\/led-parasol-with-side-pole-in-3-shapes-and-sizes-with-ecru-or-white-ob13-canvas-2.html\",\"url\":\"https:\/\/www.bagnoitalia.com\/fr\/produit\/led-parasol-with-side-pole-in-3-shapes-and-sizes-with-ecru-or-white-ob13-canvas-2.html\",\"name\":\"Parasol \u00e0 leds avec m\u00e2t lat\u00e9ral en 3 formes et tailles avec toile OB13 \u00e9crue ou blanche\",\"isPartOf\":{\"@id\":\"https:\/\/www.bagnoitalia.com\/fr#website\"},\"primaryImageOfPage\":{\"@id\":\"https:\/\/www.bagnoitalia.com\/fr\/produit\/led-parasol-with-side-pole-in-3-shapes-and-sizes-with-ecru-or-white-ob13-canvas-2.html#primaryimage\"},\"image\":{\"@id\":\"https:\/\/www.bagnoitalia.com\/fr\/produit\/led-parasol-with-side-pole-in-3-shapes-and-sizes-with-ecru-or-white-ob13-canvas-2.html#primaryimage\"},\"thumbnailUrl\":\"https:\/\/img.bagnoitalia.com\/wp-content\/uploads\/virtuemart\/product\/led-sunshade-ecru-circular-rectangular-canvas-1.jpg\",\"datePublished\":\"2023-04-21T11:48:57+00:00\",\"dateModified\":\"2024-06-12T12:40:57+00:00\",\"description\":\"Parasol avec lumi\u00e8res LED, disponible circulaire (\u00e0 partir de 3m) avec toile \u00e9crue, ou rectangulaire (\u00e0 partir de 2x3m) avec toile \u00e9crue, ou carr\u00e9 (\u00e0 partir de 3x3m) avec toile blanche.\",\"breadcrumb\":{\"@id\":\"https:\/\/www.bagnoitalia.com\/fr\/produit\/led-parasol-with-side-pole-in-3-shapes-and-sizes-with-ecru-or-white-ob13-canvas-2.html#breadcrumb\"},\"inLanguage\":\"fr-FR\",\"potentialAction\":[{\"@type\":\"ReadAction\",\"target\":[\"https:\/\/www.bagnoitalia.com\/fr\/produit\/led-parasol-with-side-pole-in-3-shapes-and-sizes-with-ecru-or-white-ob13-canvas-2.html\"]}]},{\"@type\":\"ImageObject\",\"inLanguage\":\"fr-FR\",\"@id\":\"https:\/\/www.bagnoitalia.com\/fr\/produit\/led-parasol-with-side-pole-in-3-shapes-and-sizes-with-ecru-or-white-ob13-canvas-2.html#primaryimage\",\"url\":\"https:\/\/img.bagnoitalia.com\/wp-content\/uploads\/virtuemart\/product\/led-sunshade-ecru-circular-rectangular-canvas-1.jpg\",\"contentUrl\":\"https:\/\/img.bagnoitalia.com\/wp-content\/uploads\/virtuemart\/product\/led-sunshade-ecru-circular-rectangular-canvas-1.jpg\",\"width\":550,\"height\":550},{\"@type\":\"BreadcrumbList\",\"@id\":\"https:\/\/www.bagnoitalia.com\/fr\/produit\/led-parasol-with-side-pole-in-3-shapes-and-sizes-with-ecru-or-white-ob13-canvas-2.html#breadcrumb\",\"itemListElement\":[{\"@type\":\"ListItem\",\"position\":1,\"name\":\"Home\",\"item\":\"https:\/\/www.bagnoitalia.com\/fr\"},{\"@type\":\"ListItem\",\"position\":2,\"name\":\"Produits\",\"item\":\"https:\/\/www.bagnoitalia.com\/fr\/shop\"},{\"@type\":\"ListItem\",\"position\":3,\"name\":\"Parasol \u00e0 leds avec m\u00e2t lat\u00e9ral en 3 formes et tailles avec toile OB13 \u00e9crue ou blanche\"}]},{\"@type\":\"WebSite\",\"@id\":\"https:\/\/www.bagnoitalia.com\/fr#website\",\"url\":\"https:\/\/www.bagnoitalia.com\/fr\",\"name\":\"Bagno Italia\",\"description\":\"\",\"publisher\":{\"@id\":\"https:\/\/www.bagnoitalia.com\/fr#organization\"},\"potentialAction\":[{\"@type\":\"SearchAction\",\"target\":{\"@type\":\"EntryPoint\",\"urlTemplate\":\"https:\/\/www.bagnoitalia.com\/fr?s={search_term_string}\"},\"query-input\":{\"@type\":\"PropertyValueSpecification\",\"valueRequired\":true,\"valueName\":\"search_term_string\"}}],\"inLanguage\":\"fr-FR\"},{\"@type\":\"Organization\",\"@id\":\"https:\/\/www.bagnoitalia.com\/fr#organization\",\"name\":\"Bagno Italia\",\"url\":\"https:\/\/www.bagnoitalia.com\/fr\",\"logo\":{\"@type\":\"ImageObject\",\"inLanguage\":\"fr-FR\",\"@id\":\"https:\/\/www.bagnoitalia.com\/fr#\/schema\/logo\/image\/\",\"url\":\"https:\/\/img.bagnoitalia.com\/wp-content\/uploads\/logo-bagnoitalia.webp\",\"contentUrl\":\"https:\/\/img.bagnoitalia.com\/wp-content\/uploads\/logo-bagnoitalia.webp\",\"width\":400,\"height\":70,\"caption\":\"Bagno Italia\"},\"image\":{\"@id\":\"https:\/\/www.bagnoitalia.com\/fr#\/schema\/logo\/image\/\"}}]}<\/script>\n<!-- \/ Yoast SEO plugin. -->","yoast_head_json":{"title":"Parasol \u00e0 leds avec m\u00e2t lat\u00e9ral en 3 formes et tailles avec toile OB13 \u00e9crue ou blanche","description":"Parasol avec lumi\u00e8res LED, disponible circulaire (\u00e0 partir de 3m) avec toile \u00e9crue, ou rectangulaire (\u00e0 partir de 2x3m) avec toile \u00e9crue, ou carr\u00e9 (\u00e0 partir de 3x3m) avec toile blanche.","robots":{"index":"index","follow":"follow","max-snippet":"max-snippet:-1","max-image-preview":"max-image-preview:large","max-video-preview":"max-video-preview:-1"},"canonical":"https:\/\/www.bagnoitalia.com\/fr\/produit\/led-parasol-with-side-pole-in-3-shapes-and-sizes-with-ecru-or-white-ob13-canvas-2.html","og_locale":"fr_FR","og_type":"article","og_title":"Parasol \u00e0 leds avec m\u00e2t lat\u00e9ral en 3 formes et tailles avec toile OB13 \u00e9crue ou blanche","og_description":"Parasol avec lumi\u00e8res LED, disponible circulaire (\u00e0 partir de 3m) avec toile \u00e9crue, ou rectangulaire (\u00e0 partir de 2x3m) avec toile \u00e9crue, ou carr\u00e9 (\u00e0 partir de 3x3m) avec toile blanche.","og_url":"https:\/\/www.bagnoitalia.com\/fr\/produit\/led-parasol-with-side-pole-in-3-shapes-and-sizes-with-ecru-or-white-ob13-canvas-2.html","og_site_name":"Bagno Italia","article_modified_time":"2024-06-12T12:40:57+00:00","og_image":[{"width":550,"height":550,"url":"https:\/\/img.bagnoitalia.com\/wp-content\/uploads\/virtuemart\/product\/led-sunshade-ecru-circular-rectangular-canvas-1.jpg","type":"image\/jpeg"}],"twitter_card":"summary_large_image","twitter_misc":{"Dur\u00e9e de lecture estim\u00e9e":"2 minutes"},"schema":{"@context":"https:\/\/schema.org","@graph":[{"@type":"WebPage","@id":"https:\/\/www.bagnoitalia.com\/fr\/produit\/led-parasol-with-side-pole-in-3-shapes-and-sizes-with-ecru-or-white-ob13-canvas-2.html","url":"https:\/\/www.bagnoitalia.com\/fr\/produit\/led-parasol-with-side-pole-in-3-shapes-and-sizes-with-ecru-or-white-ob13-canvas-2.html","name":"Parasol \u00e0 leds avec m\u00e2t lat\u00e9ral en 3 formes et tailles avec toile OB13 \u00e9crue ou blanche","isPartOf":{"@id":"https:\/\/www.bagnoitalia.com\/fr#website"},"primaryImageOfPage":{"@id":"https:\/\/www.bagnoitalia.com\/fr\/produit\/led-parasol-with-side-pole-in-3-shapes-and-sizes-with-ecru-or-white-ob13-canvas-2.html#primaryimage"},"image":{"@id":"https:\/\/www.bagnoitalia.com\/fr\/produit\/led-parasol-with-side-pole-in-3-shapes-and-sizes-with-ecru-or-white-ob13-canvas-2.html#primaryimage"},"thumbnailUrl":"https:\/\/img.bagnoitalia.com\/wp-content\/uploads\/virtuemart\/product\/led-sunshade-ecru-circular-rectangular-canvas-1.jpg","datePublished":"2023-04-21T11:48:57+00:00","dateModified":"2024-06-12T12:40:57+00:00","description":"Parasol avec lumi\u00e8res LED, disponible circulaire (\u00e0 partir de 3m) avec toile \u00e9crue, ou rectangulaire (\u00e0 partir de 2x3m) avec toile \u00e9crue, ou carr\u00e9 (\u00e0 partir de 3x3m) avec toile blanche.","breadcrumb":{"@id":"https:\/\/www.bagnoitalia.com\/fr\/produit\/led-parasol-with-side-pole-in-3-shapes-and-sizes-with-ecru-or-white-ob13-canvas-2.html#breadcrumb"},"inLanguage":"fr-FR","potentialAction":[{"@type":"ReadAction","target":["https:\/\/www.bagnoitalia.com\/fr\/produit\/led-parasol-with-side-pole-in-3-shapes-and-sizes-with-ecru-or-white-ob13-canvas-2.html"]}]},{"@type":"ImageObject","inLanguage":"fr-FR","@id":"https:\/\/www.bagnoitalia.com\/fr\/produit\/led-parasol-with-side-pole-in-3-shapes-and-sizes-with-ecru-or-white-ob13-canvas-2.html#primaryimage","url":"https:\/\/img.bagnoitalia.com\/wp-content\/uploads\/virtuemart\/product\/led-sunshade-ecru-circular-rectangular-canvas-1.jpg","contentUrl":"https:\/\/img.bagnoitalia.com\/wp-content\/uploads\/virtuemart\/product\/led-sunshade-ecru-circular-rectangular-canvas-1.jpg","width":550,"height":550},{"@type":"BreadcrumbList","@id":"https:\/\/www.bagnoitalia.com\/fr\/produit\/led-parasol-with-side-pole-in-3-shapes-and-sizes-with-ecru-or-white-ob13-canvas-2.html#breadcrumb","itemListElement":[{"@type":"ListItem","position":1,"name":"Home","item":"https:\/\/www.bagnoitalia.com\/fr"},{"@type":"ListItem","position":2,"name":"Produits","item":"https:\/\/www.bagnoitalia.com\/fr\/shop"},{"@type":"ListItem","position":3,"name":"Parasol \u00e0 leds avec m\u00e2t lat\u00e9ral en 3 formes et tailles avec toile OB13 \u00e9crue ou blanche"}]},{"@type":"WebSite","@id":"https:\/\/www.bagnoitalia.com\/fr#website","url":"https:\/\/www.bagnoitalia.com\/fr","name":"Bagno Italia","description":"","publisher":{"@id":"https:\/\/www.bagnoitalia.com\/fr#organization"},"potentialAction":[{"@type":"SearchAction","target":{"@type":"EntryPoint","urlTemplate":"https:\/\/www.bagnoitalia.com\/fr?s={search_term_string}"},"query-input":{"@type":"PropertyValueSpecification","valueRequired":true,"valueName":"search_term_string"}}],"inLanguage":"fr-FR"},{"@type":"Organization","@id":"https:\/\/www.bagnoitalia.com\/fr#organization","name":"Bagno Italia","url":"https:\/\/www.bagnoitalia.com\/fr","logo":{"@type":"ImageObject","inLanguage":"fr-FR","@id":"https:\/\/www.bagnoitalia.com\/fr#\/schema\/logo\/image\/","url":"https:\/\/img.bagnoitalia.com\/wp-content\/uploads\/logo-bagnoitalia.webp","contentUrl":"https:\/\/img.bagnoitalia.com\/wp-content\/uploads\/logo-bagnoitalia.webp","width":400,"height":70,"caption":"Bagno Italia"},"image":{"@id":"https:\/\/www.bagnoitalia.com\/fr#\/schema\/logo\/image\/"}}]}},"_links":{"self":[{"href":"https:\/\/www.bagnoitalia.com\/fr\/wp-json\/wp\/v2\/product\/83069","targetHints":{"allow":["GET"]}}],"collection":[{"href":"https:\/\/www.bagnoitalia.com\/fr\/wp-json\/wp\/v2\/product"}],"about":[{"href":"https:\/\/www.bagnoitalia.com\/fr\/wp-json\/wp\/v2\/types\/product"}],"replies":[{"embeddable":true,"href":"https:\/\/www.bagnoitalia.com\/fr\/wp-json\/wp\/v2\/comments?post=83069"}],"version-history":[{"count":1,"href":"https:\/\/www.bagnoitalia.com\/fr\/wp-json\/wp\/v2\/product\/83069\/revisions"}],"predecessor-version":[{"id":90007,"href":"https:\/\/www.bagnoitalia.com\/fr\/wp-json\/wp\/v2\/product\/83069\/revisions\/90007"}],"wp:featuredmedia":[{"embeddable":true,"href":"https:\/\/www.bagnoitalia.com\/fr\/wp-json\/wp\/v2\/media\/61757"}],"wp:attachment":[{"href":"https:\/\/www.bagnoitalia.com\/fr\/wp-json\/wp\/v2\/media?parent=83069"}],"wp:term":[{"taxonomy":"product_brand","embeddable":true,"href":"https:\/\/www.bagnoitalia.com\/fr\/wp-json\/wp\/v2\/product_brand?post=83069"},{"taxonomy":"product_cat","embeddable":true,"href":"https:\/\/www.bagnoitalia.com\/fr\/wp-json\/wp\/v2\/product_cat?post=83069"},{"taxonomy":"product_tag","embeddable":true,"href":"https:\/\/www.bagnoitalia.com\/fr\/wp-json\/wp\/v2\/product_tag?post=83069"}],"curies":[{"name":"wp","href":"https:\/\/api.w.org\/{rel}","templated":true}]}}