{"id":83065,"date":"2023-04-20T14:23:02","date_gmt":"2023-04-20T12:23:02","guid":{"rendered":"https:\/\/www.bagnoitalia.com\/product\/parasol-available-in-3-sizes-circular-square-or-rectangular-ecru-canvas-and-central-pole-ob12-2"},"modified":"2024-05-24T14:37:33","modified_gmt":"2024-05-24T12:37:33","slug":"parasol-available-in-3-sizes-circular-square-or-rectangular-ecru-canvas-and-central-pole-ob12-2","status":"publish","type":"product","link":"https:\/\/www.bagnoitalia.com\/fr\/produit\/parasol-available-in-3-sizes-circular-square-or-rectangular-ecru-canvas-and-central-pole-ob12-2.html","title":{"rendered":"Parasol disponible en 3 tailles circulaire, carr\u00e9 ou rectangulaire toile \u00e9crue et m\u00e2t central OB12"},"content":{"rendered":"<p style=\"text-align: center;\"><span style=\"text-decoration: underline; color: #ff0000; font-size: 18pt;\"><strong>ECRU UMBRELLA en 3 types \u00ab\u00a0OB12<\/strong><\/span><\/p>\n<p>&nbsp;<\/p>\n<p><span style=\"text-decoration: underline;\"><strong>LE PRIX CI-DESSUS COMPREND :<\/strong><\/span><\/p>\n<p>no. 1 parapluie circulaire \u00d8 250 cm, hauteur 226 cm, avec 6 lames<\/p>\n<p>&nbsp;<\/p>\n<p><span style=\"text-decoration: underline;\"><strong>D&rsquo;AUTRES TYPES PEUVENT \u00caTRE S\u00c9LECTIONN\u00c9S DANS LE MENU DU RIDEAU :<\/strong><\/span><\/p>\n<p>&#8211; Grand parapluie carr\u00e9 de 300&#215;300 cm, hauteur 273 cm, avec 8 lattes<\/p>\n<p>&#8211; Parapluie rectangulaire, 400&#215;300 cm, hauteur 273 cm, avec 8 lattes<\/p>\n<p>&nbsp;<\/p>\n<p><span style=\"text-decoration: underline;\"><strong>PLUS DE D\u00c9TAILS<\/strong><\/span><\/p>\n<p>toile polyester \u00e9crue<\/p>\n<p>armature en bois<\/p>\n<p>m\u00e2t central<\/p>\n<p>Ouverture \u00e0 poulie<\/p>\n<p>avec chemin\u00e9e<\/p>\n<p>(base NON incluse)<\/p>\n<p>Afin d&rsquo;assurer une longue dur\u00e9e de vie au produit, nous recommandons de le mettre \u00e0 l&rsquo;abri lors d&rsquo;\u00e9v\u00e9nements m\u00e9t\u00e9orologiques particuli\u00e8rement intenses et toujours pendant les mois d&rsquo;hiver.<\/p>\n<p>intensit\u00e9 et toujours pendant les mois d&rsquo;hiver<\/p>\n<p>&nbsp;<\/p>\n<p>&nbsp;<\/p>\n<p>&nbsp;<\/p>\n<p>&nbsp;<\/p>\n<p>&nbsp;<\/p>\n<p>&nbsp;<\/p>\n<p>&nbsp;<\/p>\n<p>&nbsp;<\/p>\n<p>&nbsp;<\/p>\n<p>&nbsp;<\/p>\n<p>&nbsp;<\/p>\n<p>&nbsp;<\/p>\n<p>GAL25E<\/p>\n<p>GAL33E<\/p>\n<p>GAL34E<\/p>\n","protected":false},"excerpt":{"rendered":"<p>Parasol fabriqu\u00e9 en 3 types : circulaire de 250 cm, carr\u00e9 de 300&#215;300 cm ou rectangulaire de 400&#215;300 cm. Structure en bois, sans base.<\/p>\n","protected":false},"featured_media":61725,"comment_status":"open","ping_status":"closed","template":"","meta":[],"product_brand":[5006],"product_cat":[10030],"product_tag":[],"class_list":{"0":"post-83065","1":"product","2":"type-product","3":"status-publish","4":"has-post-thumbnail","6":"product_brand-deghi","7":"product_cat-parasols","9":"first","10":"instock","11":"sale","12":"taxable","13":"shipping-taxable","14":"purchasable","15":"product-type-simple"},"exclude_global_add_ons":false,"addons":[{"name":"Type d'appareil","type":"multiple_choice","position":0,"required":true,"title_format":"heading","default":"","description_enable":false,"description":"","placeholder_enable":false,"placeholder":"","display":"select","restrictions_type":"any_text","adjust_price":false,"price":"","price_type":"flat_fee","restrictions":false,"min":"0","max":"0","options":[{"label":"250 cm circulaire","price":"","price_type":"quantity_based","image":0,"visibility":true},{"label":"carr\u00e9 300x300 cm","price":"70","price_type":"quantity_based","image":0,"visibility":true},{"label":"rectangulaire \u00e0 partir de 400x300 cm","price":"90","price_type":"quantity_based","image":0,"visibility":true}],"id":1716561453}],"yoast_head":"<!-- This site is optimized with the Yoast SEO plugin v26.7 - https:\/\/yoast.com\/wordpress\/plugins\/seo\/ -->\n<title>Parasol disponible en 3 tailles circulaire, carr\u00e9 ou rectangulaire toile \u00e9crue et m\u00e2t central OB12<\/title>\n<meta name=\"description\" content=\"Parasol fabriqu\u00e9 en 3 types : circulaire de 250 cm, carr\u00e9 de 300x300 cm ou rectangulaire de 400x300 cm. Structure en bois, sans base.\" \/>\n<meta name=\"robots\" content=\"index, follow, max-snippet:-1, max-image-preview:large, max-video-preview:-1\" \/>\n<link rel=\"canonical\" href=\"https:\/\/www.bagnoitalia.com\/fr\/produit\/parasol-available-in-3-sizes-circular-square-or-rectangular-ecru-canvas-and-central-pole-ob12-2.html\" \/>\n<meta property=\"og:locale\" content=\"fr_FR\" \/>\n<meta property=\"og:type\" content=\"article\" \/>\n<meta property=\"og:title\" content=\"Parasol disponible en 3 tailles circulaire, carr\u00e9 ou rectangulaire toile \u00e9crue et m\u00e2t central OB12\" \/>\n<meta property=\"og:description\" content=\"Parasol fabriqu\u00e9 en 3 types : circulaire de 250 cm, carr\u00e9 de 300x300 cm ou rectangulaire de 400x300 cm. Structure en bois, sans base.\" \/>\n<meta property=\"og:url\" content=\"https:\/\/www.bagnoitalia.com\/fr\/produit\/parasol-available-in-3-sizes-circular-square-or-rectangular-ecru-canvas-and-central-pole-ob12-2.html\" \/>\n<meta property=\"og:site_name\" content=\"Bagno Italia\" \/>\n<meta property=\"article:modified_time\" content=\"2024-05-24T12:37:33+00:00\" \/>\n<meta property=\"og:image\" content=\"https:\/\/img.bagnoitalia.com\/wp-content\/uploads\/virtuemart\/product\/parasol-3-measures-tela-ecru-palo-central-1.jpg\" \/>\n\t<meta property=\"og:image:width\" content=\"550\" \/>\n\t<meta property=\"og:image:height\" content=\"550\" \/>\n\t<meta property=\"og:image:type\" content=\"image\/jpeg\" \/>\n<meta name=\"twitter:card\" content=\"summary_large_image\" \/>\n<meta name=\"twitter:label1\" content=\"Dur\u00e9e de lecture estim\u00e9e\" \/>\n\t<meta name=\"twitter:data1\" content=\"1 minute\" \/>\n<script type=\"application\/ld+json\" class=\"yoast-schema-graph\">{\"@context\":\"https:\/\/schema.org\",\"@graph\":[{\"@type\":\"WebPage\",\"@id\":\"https:\/\/www.bagnoitalia.com\/fr\/produit\/parasol-available-in-3-sizes-circular-square-or-rectangular-ecru-canvas-and-central-pole-ob12-2.html\",\"url\":\"https:\/\/www.bagnoitalia.com\/fr\/produit\/parasol-available-in-3-sizes-circular-square-or-rectangular-ecru-canvas-and-central-pole-ob12-2.html\",\"name\":\"Parasol disponible en 3 tailles circulaire, carr\u00e9 ou rectangulaire toile \u00e9crue et m\u00e2t central OB12\",\"isPartOf\":{\"@id\":\"https:\/\/www.bagnoitalia.com\/fr#website\"},\"primaryImageOfPage\":{\"@id\":\"https:\/\/www.bagnoitalia.com\/fr\/produit\/parasol-available-in-3-sizes-circular-square-or-rectangular-ecru-canvas-and-central-pole-ob12-2.html#primaryimage\"},\"image\":{\"@id\":\"https:\/\/www.bagnoitalia.com\/fr\/produit\/parasol-available-in-3-sizes-circular-square-or-rectangular-ecru-canvas-and-central-pole-ob12-2.html#primaryimage\"},\"thumbnailUrl\":\"https:\/\/img.bagnoitalia.com\/wp-content\/uploads\/virtuemart\/product\/parasol-3-measures-tela-ecru-palo-central-1.jpg\",\"datePublished\":\"2023-04-20T12:23:02+00:00\",\"dateModified\":\"2024-05-24T12:37:33+00:00\",\"description\":\"Parasol fabriqu\u00e9 en 3 types : circulaire de 250 cm, carr\u00e9 de 300x300 cm ou rectangulaire de 400x300 cm. Structure en bois, sans base.\",\"breadcrumb\":{\"@id\":\"https:\/\/www.bagnoitalia.com\/fr\/produit\/parasol-available-in-3-sizes-circular-square-or-rectangular-ecru-canvas-and-central-pole-ob12-2.html#breadcrumb\"},\"inLanguage\":\"fr-FR\",\"potentialAction\":[{\"@type\":\"ReadAction\",\"target\":[\"https:\/\/www.bagnoitalia.com\/fr\/produit\/parasol-available-in-3-sizes-circular-square-or-rectangular-ecru-canvas-and-central-pole-ob12-2.html\"]}]},{\"@type\":\"ImageObject\",\"inLanguage\":\"fr-FR\",\"@id\":\"https:\/\/www.bagnoitalia.com\/fr\/produit\/parasol-available-in-3-sizes-circular-square-or-rectangular-ecru-canvas-and-central-pole-ob12-2.html#primaryimage\",\"url\":\"https:\/\/img.bagnoitalia.com\/wp-content\/uploads\/virtuemart\/product\/parasol-3-measures-tela-ecru-palo-central-1.jpg\",\"contentUrl\":\"https:\/\/img.bagnoitalia.com\/wp-content\/uploads\/virtuemart\/product\/parasol-3-measures-tela-ecru-palo-central-1.jpg\",\"width\":550,\"height\":550},{\"@type\":\"BreadcrumbList\",\"@id\":\"https:\/\/www.bagnoitalia.com\/fr\/produit\/parasol-available-in-3-sizes-circular-square-or-rectangular-ecru-canvas-and-central-pole-ob12-2.html#breadcrumb\",\"itemListElement\":[{\"@type\":\"ListItem\",\"position\":1,\"name\":\"Home\",\"item\":\"https:\/\/www.bagnoitalia.com\/fr\"},{\"@type\":\"ListItem\",\"position\":2,\"name\":\"Produits\",\"item\":\"https:\/\/www.bagnoitalia.com\/fr\/shop\"},{\"@type\":\"ListItem\",\"position\":3,\"name\":\"Parasol disponible en 3 tailles circulaire, carr\u00e9 ou rectangulaire toile \u00e9crue et m\u00e2t central OB12\"}]},{\"@type\":\"WebSite\",\"@id\":\"https:\/\/www.bagnoitalia.com\/fr#website\",\"url\":\"https:\/\/www.bagnoitalia.com\/fr\",\"name\":\"Bagno Italia\",\"description\":\"\",\"publisher\":{\"@id\":\"https:\/\/www.bagnoitalia.com\/fr#organization\"},\"potentialAction\":[{\"@type\":\"SearchAction\",\"target\":{\"@type\":\"EntryPoint\",\"urlTemplate\":\"https:\/\/www.bagnoitalia.com\/fr?s={search_term_string}\"},\"query-input\":{\"@type\":\"PropertyValueSpecification\",\"valueRequired\":true,\"valueName\":\"search_term_string\"}}],\"inLanguage\":\"fr-FR\"},{\"@type\":\"Organization\",\"@id\":\"https:\/\/www.bagnoitalia.com\/fr#organization\",\"name\":\"Bagno Italia\",\"url\":\"https:\/\/www.bagnoitalia.com\/fr\",\"logo\":{\"@type\":\"ImageObject\",\"inLanguage\":\"fr-FR\",\"@id\":\"https:\/\/www.bagnoitalia.com\/fr#\/schema\/logo\/image\/\",\"url\":\"https:\/\/img.bagnoitalia.com\/wp-content\/uploads\/logo-bagnoitalia.webp\",\"contentUrl\":\"https:\/\/img.bagnoitalia.com\/wp-content\/uploads\/logo-bagnoitalia.webp\",\"width\":400,\"height\":70,\"caption\":\"Bagno Italia\"},\"image\":{\"@id\":\"https:\/\/www.bagnoitalia.com\/fr#\/schema\/logo\/image\/\"}}]}<\/script>\n<!-- \/ Yoast SEO plugin. -->","yoast_head_json":{"title":"Parasol disponible en 3 tailles circulaire, carr\u00e9 ou rectangulaire toile \u00e9crue et m\u00e2t central OB12","description":"Parasol fabriqu\u00e9 en 3 types : circulaire de 250 cm, carr\u00e9 de 300x300 cm ou rectangulaire de 400x300 cm. Structure en bois, sans base.","robots":{"index":"index","follow":"follow","max-snippet":"max-snippet:-1","max-image-preview":"max-image-preview:large","max-video-preview":"max-video-preview:-1"},"canonical":"https:\/\/www.bagnoitalia.com\/fr\/produit\/parasol-available-in-3-sizes-circular-square-or-rectangular-ecru-canvas-and-central-pole-ob12-2.html","og_locale":"fr_FR","og_type":"article","og_title":"Parasol disponible en 3 tailles circulaire, carr\u00e9 ou rectangulaire toile \u00e9crue et m\u00e2t central OB12","og_description":"Parasol fabriqu\u00e9 en 3 types : circulaire de 250 cm, carr\u00e9 de 300x300 cm ou rectangulaire de 400x300 cm. Structure en bois, sans base.","og_url":"https:\/\/www.bagnoitalia.com\/fr\/produit\/parasol-available-in-3-sizes-circular-square-or-rectangular-ecru-canvas-and-central-pole-ob12-2.html","og_site_name":"Bagno Italia","article_modified_time":"2024-05-24T12:37:33+00:00","og_image":[{"width":550,"height":550,"url":"https:\/\/img.bagnoitalia.com\/wp-content\/uploads\/virtuemart\/product\/parasol-3-measures-tela-ecru-palo-central-1.jpg","type":"image\/jpeg"}],"twitter_card":"summary_large_image","twitter_misc":{"Dur\u00e9e de lecture estim\u00e9e":"1 minute"},"schema":{"@context":"https:\/\/schema.org","@graph":[{"@type":"WebPage","@id":"https:\/\/www.bagnoitalia.com\/fr\/produit\/parasol-available-in-3-sizes-circular-square-or-rectangular-ecru-canvas-and-central-pole-ob12-2.html","url":"https:\/\/www.bagnoitalia.com\/fr\/produit\/parasol-available-in-3-sizes-circular-square-or-rectangular-ecru-canvas-and-central-pole-ob12-2.html","name":"Parasol disponible en 3 tailles circulaire, carr\u00e9 ou rectangulaire toile \u00e9crue et m\u00e2t central OB12","isPartOf":{"@id":"https:\/\/www.bagnoitalia.com\/fr#website"},"primaryImageOfPage":{"@id":"https:\/\/www.bagnoitalia.com\/fr\/produit\/parasol-available-in-3-sizes-circular-square-or-rectangular-ecru-canvas-and-central-pole-ob12-2.html#primaryimage"},"image":{"@id":"https:\/\/www.bagnoitalia.com\/fr\/produit\/parasol-available-in-3-sizes-circular-square-or-rectangular-ecru-canvas-and-central-pole-ob12-2.html#primaryimage"},"thumbnailUrl":"https:\/\/img.bagnoitalia.com\/wp-content\/uploads\/virtuemart\/product\/parasol-3-measures-tela-ecru-palo-central-1.jpg","datePublished":"2023-04-20T12:23:02+00:00","dateModified":"2024-05-24T12:37:33+00:00","description":"Parasol fabriqu\u00e9 en 3 types : circulaire de 250 cm, carr\u00e9 de 300x300 cm ou rectangulaire de 400x300 cm. Structure en bois, sans base.","breadcrumb":{"@id":"https:\/\/www.bagnoitalia.com\/fr\/produit\/parasol-available-in-3-sizes-circular-square-or-rectangular-ecru-canvas-and-central-pole-ob12-2.html#breadcrumb"},"inLanguage":"fr-FR","potentialAction":[{"@type":"ReadAction","target":["https:\/\/www.bagnoitalia.com\/fr\/produit\/parasol-available-in-3-sizes-circular-square-or-rectangular-ecru-canvas-and-central-pole-ob12-2.html"]}]},{"@type":"ImageObject","inLanguage":"fr-FR","@id":"https:\/\/www.bagnoitalia.com\/fr\/produit\/parasol-available-in-3-sizes-circular-square-or-rectangular-ecru-canvas-and-central-pole-ob12-2.html#primaryimage","url":"https:\/\/img.bagnoitalia.com\/wp-content\/uploads\/virtuemart\/product\/parasol-3-measures-tela-ecru-palo-central-1.jpg","contentUrl":"https:\/\/img.bagnoitalia.com\/wp-content\/uploads\/virtuemart\/product\/parasol-3-measures-tela-ecru-palo-central-1.jpg","width":550,"height":550},{"@type":"BreadcrumbList","@id":"https:\/\/www.bagnoitalia.com\/fr\/produit\/parasol-available-in-3-sizes-circular-square-or-rectangular-ecru-canvas-and-central-pole-ob12-2.html#breadcrumb","itemListElement":[{"@type":"ListItem","position":1,"name":"Home","item":"https:\/\/www.bagnoitalia.com\/fr"},{"@type":"ListItem","position":2,"name":"Produits","item":"https:\/\/www.bagnoitalia.com\/fr\/shop"},{"@type":"ListItem","position":3,"name":"Parasol disponible en 3 tailles circulaire, carr\u00e9 ou rectangulaire toile \u00e9crue et m\u00e2t central OB12"}]},{"@type":"WebSite","@id":"https:\/\/www.bagnoitalia.com\/fr#website","url":"https:\/\/www.bagnoitalia.com\/fr","name":"Bagno Italia","description":"","publisher":{"@id":"https:\/\/www.bagnoitalia.com\/fr#organization"},"potentialAction":[{"@type":"SearchAction","target":{"@type":"EntryPoint","urlTemplate":"https:\/\/www.bagnoitalia.com\/fr?s={search_term_string}"},"query-input":{"@type":"PropertyValueSpecification","valueRequired":true,"valueName":"search_term_string"}}],"inLanguage":"fr-FR"},{"@type":"Organization","@id":"https:\/\/www.bagnoitalia.com\/fr#organization","name":"Bagno Italia","url":"https:\/\/www.bagnoitalia.com\/fr","logo":{"@type":"ImageObject","inLanguage":"fr-FR","@id":"https:\/\/www.bagnoitalia.com\/fr#\/schema\/logo\/image\/","url":"https:\/\/img.bagnoitalia.com\/wp-content\/uploads\/logo-bagnoitalia.webp","contentUrl":"https:\/\/img.bagnoitalia.com\/wp-content\/uploads\/logo-bagnoitalia.webp","width":400,"height":70,"caption":"Bagno Italia"},"image":{"@id":"https:\/\/www.bagnoitalia.com\/fr#\/schema\/logo\/image\/"}}]}},"_links":{"self":[{"href":"https:\/\/www.bagnoitalia.com\/fr\/wp-json\/wp\/v2\/product\/83065","targetHints":{"allow":["GET"]}}],"collection":[{"href":"https:\/\/www.bagnoitalia.com\/fr\/wp-json\/wp\/v2\/product"}],"about":[{"href":"https:\/\/www.bagnoitalia.com\/fr\/wp-json\/wp\/v2\/types\/product"}],"replies":[{"embeddable":true,"href":"https:\/\/www.bagnoitalia.com\/fr\/wp-json\/wp\/v2\/comments?post=83065"}],"version-history":[{"count":1,"href":"https:\/\/www.bagnoitalia.com\/fr\/wp-json\/wp\/v2\/product\/83065\/revisions"}],"predecessor-version":[{"id":88128,"href":"https:\/\/www.bagnoitalia.com\/fr\/wp-json\/wp\/v2\/product\/83065\/revisions\/88128"}],"wp:featuredmedia":[{"embeddable":true,"href":"https:\/\/www.bagnoitalia.com\/fr\/wp-json\/wp\/v2\/media\/61725"}],"wp:attachment":[{"href":"https:\/\/www.bagnoitalia.com\/fr\/wp-json\/wp\/v2\/media?parent=83065"}],"wp:term":[{"taxonomy":"product_brand","embeddable":true,"href":"https:\/\/www.bagnoitalia.com\/fr\/wp-json\/wp\/v2\/product_brand?post=83065"},{"taxonomy":"product_cat","embeddable":true,"href":"https:\/\/www.bagnoitalia.com\/fr\/wp-json\/wp\/v2\/product_cat?post=83065"},{"taxonomy":"product_tag","embeddable":true,"href":"https:\/\/www.bagnoitalia.com\/fr\/wp-json\/wp\/v2\/product_tag?post=83065"}],"curies":[{"name":"wp","href":"https:\/\/api.w.org\/{rel}","templated":true}]}}