{"id":83049,"date":"2023-04-19T14:21:05","date_gmt":"2023-04-19T12:21:05","guid":{"rendered":"https:\/\/www.bagnoitalia.com\/product\/450x265-cm-white-or-dove-grey-rectangular-revolving-garden-umbrella-ob09-2"},"modified":"2024-05-30T14:08:13","modified_gmt":"2024-05-30T12:08:13","slug":"450x265-cm-white-or-dove-grey-rectangular-revolving-garden-umbrella-ob09-2","status":"publish","type":"product","link":"https:\/\/www.bagnoitalia.com\/fr\/produit\/450x265-cm-white-or-dove-grey-rectangular-revolving-garden-umbrella-ob09-2.html","title":{"rendered":"450&#215;265 cm parapluie de jardin rectangulaire tournant blanc ou gris tourterelle OB09"},"content":{"rendered":"<p style=\"text-align: center;\"><span style=\"text-decoration: underline; color: #ff0000; font-size: 18pt;\"><strong>blanc ou gris colombe OB09 UMBRELLA<\/strong><\/span><\/p>\n<p>&nbsp;<\/p>\n<p><span style=\"text-decoration: underline;\"><strong>CARACT\u00c9RISTIQUES PRINCIPALES<\/strong><\/span><\/p>\n<p>Parapluie d&rsquo;ext\u00e9rieur rectangulaire de dimensions 450x265xH250 cm<\/p>\n<p>M\u00e2t positionn\u00e9 sur le c\u00f4t\u00e9 long, rotatif \u00e0 360\u00b0, dimensions 7,7&#215;5,3 cm<\/p>\n<p>Lattes de 1,2&#215;2,3 cm<\/p>\n<p>Ouverture avec manivelle<\/p>\n<p><span style=\"text-decoration: underline;\"><strong>Couleurs :<\/strong><\/span><\/p>\n<p>cadre en aluminium blanc<br \/>\ntoile polyester au choix en blanc ou gris tourterelle<br \/>\nBase en acier en forme de croix (contrepoids\/manivelle NON inclus dans le prix)<\/p>\n<p>&nbsp;<\/p>\n<p>&nbsp;<\/p>\n<p>&nbsp;<\/p>\n<p>Afin d&rsquo;assurer une longue dur\u00e9e de vie au produit, nous recommandons de le mettre \u00e0 l&rsquo;abri lors d&rsquo;\u00e9v\u00e9nements m\u00e9t\u00e9orologiques particuli\u00e8rement violents et toujours pendant les mois d&rsquo;hiver.<\/p>\n<p>&nbsp;<\/p>\n<p>&nbsp;<\/p>\n<p>&nbsp;<\/p>\n<p>&nbsp;<\/p>\n<p>&nbsp;<\/p>\n<p>&nbsp;<\/p>\n<p>&nbsp;<\/p>\n<p>&nbsp;<\/p>\n<p>VL-42T<\/p>\n<p>VL-42B<\/p>\n","protected":false},"excerpt":{"rendered":"<p>Parapluie de 250 cm de haut avec toile disponible en deux couleurs. Ouverture \u00e0 manivelle et cadre en aluminium blanc.<\/p>\n","protected":false},"featured_media":61601,"comment_status":"open","ping_status":"closed","template":"","meta":[],"product_brand":[5006],"product_cat":[10030],"product_tag":[],"class_list":{"0":"post-83049","1":"product","2":"type-product","3":"status-publish","4":"has-post-thumbnail","6":"product_brand-deghi","7":"product_cat-parasols","9":"first","10":"instock","11":"sale","12":"taxable","13":"shipping-taxable","14":"purchasable","15":"product-type-simple"},"exclude_global_add_ons":false,"addons":[{"name":"Couleur","type":"multiple_choice","position":0,"required":true,"title_format":"heading","default":"","description_enable":false,"description":"","placeholder_enable":false,"placeholder":"","display":"select","restrictions_type":"any_text","adjust_price":false,"price":"","price_type":"flat_fee","restrictions":false,"min":"0","max":"0","options":[{"label":"Blanc","price":"","price_type":"quantity_based","image":0,"visibility":true},{"label":"gris tourterelle","price":"","price_type":"quantity_based","image":0,"visibility":true}],"id":1717078093}],"yoast_head":"<!-- This site is optimized with the Yoast SEO plugin v26.7 - https:\/\/yoast.com\/wordpress\/plugins\/seo\/ -->\n<title>450x265 cm parapluie de jardin rectangulaire tournant blanc ou gris tourterelle OB09<\/title>\n<meta name=\"description\" content=\"Parapluie de 250 cm de haut avec toile disponible en deux couleurs. Ouverture \u00e0 manivelle et cadre en aluminium blanc.\" \/>\n<meta name=\"robots\" content=\"index, follow, max-snippet:-1, max-image-preview:large, max-video-preview:-1\" \/>\n<link rel=\"canonical\" href=\"https:\/\/www.bagnoitalia.com\/fr\/produit\/450x265-cm-white-or-dove-grey-rectangular-revolving-garden-umbrella-ob09-2.html\" \/>\n<meta property=\"og:locale\" content=\"fr_FR\" \/>\n<meta property=\"og:type\" content=\"article\" \/>\n<meta property=\"og:title\" content=\"450x265 cm parapluie de jardin rectangulaire tournant blanc ou gris tourterelle OB09\" \/>\n<meta property=\"og:description\" content=\"Parapluie de 250 cm de haut avec toile disponible en deux couleurs. Ouverture \u00e0 manivelle et cadre en aluminium blanc.\" \/>\n<meta property=\"og:url\" content=\"https:\/\/www.bagnoitalia.com\/fr\/produit\/450x265-cm-white-or-dove-grey-rectangular-revolving-garden-umbrella-ob09-2.html\" \/>\n<meta property=\"og:site_name\" content=\"Bagno Italia\" \/>\n<meta property=\"article:modified_time\" content=\"2024-05-30T12:08:13+00:00\" \/>\n<meta property=\"og:image\" content=\"https:\/\/img.bagnoitalia.com\/wp-content\/uploads\/virtuemart\/product\/parasol-450x265-cm-tent-white-torture-1.jpg\" \/>\n\t<meta property=\"og:image:width\" content=\"550\" \/>\n\t<meta property=\"og:image:height\" content=\"550\" \/>\n\t<meta property=\"og:image:type\" content=\"image\/jpeg\" \/>\n<meta name=\"twitter:card\" content=\"summary_large_image\" \/>\n<meta name=\"twitter:label1\" content=\"Dur\u00e9e de lecture estim\u00e9e\" \/>\n\t<meta name=\"twitter:data1\" content=\"1 minute\" \/>\n<script type=\"application\/ld+json\" class=\"yoast-schema-graph\">{\"@context\":\"https:\/\/schema.org\",\"@graph\":[{\"@type\":\"WebPage\",\"@id\":\"https:\/\/www.bagnoitalia.com\/fr\/produit\/450x265-cm-white-or-dove-grey-rectangular-revolving-garden-umbrella-ob09-2.html\",\"url\":\"https:\/\/www.bagnoitalia.com\/fr\/produit\/450x265-cm-white-or-dove-grey-rectangular-revolving-garden-umbrella-ob09-2.html\",\"name\":\"450x265 cm parapluie de jardin rectangulaire tournant blanc ou gris tourterelle OB09\",\"isPartOf\":{\"@id\":\"https:\/\/www.bagnoitalia.com\/fr#website\"},\"primaryImageOfPage\":{\"@id\":\"https:\/\/www.bagnoitalia.com\/fr\/produit\/450x265-cm-white-or-dove-grey-rectangular-revolving-garden-umbrella-ob09-2.html#primaryimage\"},\"image\":{\"@id\":\"https:\/\/www.bagnoitalia.com\/fr\/produit\/450x265-cm-white-or-dove-grey-rectangular-revolving-garden-umbrella-ob09-2.html#primaryimage\"},\"thumbnailUrl\":\"https:\/\/img.bagnoitalia.com\/wp-content\/uploads\/virtuemart\/product\/parasol-450x265-cm-tent-white-torture-1.jpg\",\"datePublished\":\"2023-04-19T12:21:05+00:00\",\"dateModified\":\"2024-05-30T12:08:13+00:00\",\"description\":\"Parapluie de 250 cm de haut avec toile disponible en deux couleurs. Ouverture \u00e0 manivelle et cadre en aluminium blanc.\",\"breadcrumb\":{\"@id\":\"https:\/\/www.bagnoitalia.com\/fr\/produit\/450x265-cm-white-or-dove-grey-rectangular-revolving-garden-umbrella-ob09-2.html#breadcrumb\"},\"inLanguage\":\"fr-FR\",\"potentialAction\":[{\"@type\":\"ReadAction\",\"target\":[\"https:\/\/www.bagnoitalia.com\/fr\/produit\/450x265-cm-white-or-dove-grey-rectangular-revolving-garden-umbrella-ob09-2.html\"]}]},{\"@type\":\"ImageObject\",\"inLanguage\":\"fr-FR\",\"@id\":\"https:\/\/www.bagnoitalia.com\/fr\/produit\/450x265-cm-white-or-dove-grey-rectangular-revolving-garden-umbrella-ob09-2.html#primaryimage\",\"url\":\"https:\/\/img.bagnoitalia.com\/wp-content\/uploads\/virtuemart\/product\/parasol-450x265-cm-tent-white-torture-1.jpg\",\"contentUrl\":\"https:\/\/img.bagnoitalia.com\/wp-content\/uploads\/virtuemart\/product\/parasol-450x265-cm-tent-white-torture-1.jpg\",\"width\":550,\"height\":550},{\"@type\":\"BreadcrumbList\",\"@id\":\"https:\/\/www.bagnoitalia.com\/fr\/produit\/450x265-cm-white-or-dove-grey-rectangular-revolving-garden-umbrella-ob09-2.html#breadcrumb\",\"itemListElement\":[{\"@type\":\"ListItem\",\"position\":1,\"name\":\"Home\",\"item\":\"https:\/\/www.bagnoitalia.com\/fr\"},{\"@type\":\"ListItem\",\"position\":2,\"name\":\"Produits\",\"item\":\"https:\/\/www.bagnoitalia.com\/fr\/shop\"},{\"@type\":\"ListItem\",\"position\":3,\"name\":\"450&#215;265 cm parapluie de jardin rectangulaire tournant blanc ou gris tourterelle OB09\"}]},{\"@type\":\"WebSite\",\"@id\":\"https:\/\/www.bagnoitalia.com\/fr#website\",\"url\":\"https:\/\/www.bagnoitalia.com\/fr\",\"name\":\"Bagno Italia\",\"description\":\"\",\"publisher\":{\"@id\":\"https:\/\/www.bagnoitalia.com\/fr#organization\"},\"potentialAction\":[{\"@type\":\"SearchAction\",\"target\":{\"@type\":\"EntryPoint\",\"urlTemplate\":\"https:\/\/www.bagnoitalia.com\/fr?s={search_term_string}\"},\"query-input\":{\"@type\":\"PropertyValueSpecification\",\"valueRequired\":true,\"valueName\":\"search_term_string\"}}],\"inLanguage\":\"fr-FR\"},{\"@type\":\"Organization\",\"@id\":\"https:\/\/www.bagnoitalia.com\/fr#organization\",\"name\":\"Bagno Italia\",\"url\":\"https:\/\/www.bagnoitalia.com\/fr\",\"logo\":{\"@type\":\"ImageObject\",\"inLanguage\":\"fr-FR\",\"@id\":\"https:\/\/www.bagnoitalia.com\/fr#\/schema\/logo\/image\/\",\"url\":\"https:\/\/img.bagnoitalia.com\/wp-content\/uploads\/logo-bagnoitalia.webp\",\"contentUrl\":\"https:\/\/img.bagnoitalia.com\/wp-content\/uploads\/logo-bagnoitalia.webp\",\"width\":400,\"height\":70,\"caption\":\"Bagno Italia\"},\"image\":{\"@id\":\"https:\/\/www.bagnoitalia.com\/fr#\/schema\/logo\/image\/\"}}]}<\/script>\n<!-- \/ Yoast SEO plugin. -->","yoast_head_json":{"title":"450x265 cm parapluie de jardin rectangulaire tournant blanc ou gris tourterelle OB09","description":"Parapluie de 250 cm de haut avec toile disponible en deux couleurs. Ouverture \u00e0 manivelle et cadre en aluminium blanc.","robots":{"index":"index","follow":"follow","max-snippet":"max-snippet:-1","max-image-preview":"max-image-preview:large","max-video-preview":"max-video-preview:-1"},"canonical":"https:\/\/www.bagnoitalia.com\/fr\/produit\/450x265-cm-white-or-dove-grey-rectangular-revolving-garden-umbrella-ob09-2.html","og_locale":"fr_FR","og_type":"article","og_title":"450x265 cm parapluie de jardin rectangulaire tournant blanc ou gris tourterelle OB09","og_description":"Parapluie de 250 cm de haut avec toile disponible en deux couleurs. Ouverture \u00e0 manivelle et cadre en aluminium blanc.","og_url":"https:\/\/www.bagnoitalia.com\/fr\/produit\/450x265-cm-white-or-dove-grey-rectangular-revolving-garden-umbrella-ob09-2.html","og_site_name":"Bagno Italia","article_modified_time":"2024-05-30T12:08:13+00:00","og_image":[{"width":550,"height":550,"url":"https:\/\/img.bagnoitalia.com\/wp-content\/uploads\/virtuemart\/product\/parasol-450x265-cm-tent-white-torture-1.jpg","type":"image\/jpeg"}],"twitter_card":"summary_large_image","twitter_misc":{"Dur\u00e9e de lecture estim\u00e9e":"1 minute"},"schema":{"@context":"https:\/\/schema.org","@graph":[{"@type":"WebPage","@id":"https:\/\/www.bagnoitalia.com\/fr\/produit\/450x265-cm-white-or-dove-grey-rectangular-revolving-garden-umbrella-ob09-2.html","url":"https:\/\/www.bagnoitalia.com\/fr\/produit\/450x265-cm-white-or-dove-grey-rectangular-revolving-garden-umbrella-ob09-2.html","name":"450x265 cm parapluie de jardin rectangulaire tournant blanc ou gris tourterelle OB09","isPartOf":{"@id":"https:\/\/www.bagnoitalia.com\/fr#website"},"primaryImageOfPage":{"@id":"https:\/\/www.bagnoitalia.com\/fr\/produit\/450x265-cm-white-or-dove-grey-rectangular-revolving-garden-umbrella-ob09-2.html#primaryimage"},"image":{"@id":"https:\/\/www.bagnoitalia.com\/fr\/produit\/450x265-cm-white-or-dove-grey-rectangular-revolving-garden-umbrella-ob09-2.html#primaryimage"},"thumbnailUrl":"https:\/\/img.bagnoitalia.com\/wp-content\/uploads\/virtuemart\/product\/parasol-450x265-cm-tent-white-torture-1.jpg","datePublished":"2023-04-19T12:21:05+00:00","dateModified":"2024-05-30T12:08:13+00:00","description":"Parapluie de 250 cm de haut avec toile disponible en deux couleurs. Ouverture \u00e0 manivelle et cadre en aluminium blanc.","breadcrumb":{"@id":"https:\/\/www.bagnoitalia.com\/fr\/produit\/450x265-cm-white-or-dove-grey-rectangular-revolving-garden-umbrella-ob09-2.html#breadcrumb"},"inLanguage":"fr-FR","potentialAction":[{"@type":"ReadAction","target":["https:\/\/www.bagnoitalia.com\/fr\/produit\/450x265-cm-white-or-dove-grey-rectangular-revolving-garden-umbrella-ob09-2.html"]}]},{"@type":"ImageObject","inLanguage":"fr-FR","@id":"https:\/\/www.bagnoitalia.com\/fr\/produit\/450x265-cm-white-or-dove-grey-rectangular-revolving-garden-umbrella-ob09-2.html#primaryimage","url":"https:\/\/img.bagnoitalia.com\/wp-content\/uploads\/virtuemart\/product\/parasol-450x265-cm-tent-white-torture-1.jpg","contentUrl":"https:\/\/img.bagnoitalia.com\/wp-content\/uploads\/virtuemart\/product\/parasol-450x265-cm-tent-white-torture-1.jpg","width":550,"height":550},{"@type":"BreadcrumbList","@id":"https:\/\/www.bagnoitalia.com\/fr\/produit\/450x265-cm-white-or-dove-grey-rectangular-revolving-garden-umbrella-ob09-2.html#breadcrumb","itemListElement":[{"@type":"ListItem","position":1,"name":"Home","item":"https:\/\/www.bagnoitalia.com\/fr"},{"@type":"ListItem","position":2,"name":"Produits","item":"https:\/\/www.bagnoitalia.com\/fr\/shop"},{"@type":"ListItem","position":3,"name":"450&#215;265 cm parapluie de jardin rectangulaire tournant blanc ou gris tourterelle OB09"}]},{"@type":"WebSite","@id":"https:\/\/www.bagnoitalia.com\/fr#website","url":"https:\/\/www.bagnoitalia.com\/fr","name":"Bagno Italia","description":"","publisher":{"@id":"https:\/\/www.bagnoitalia.com\/fr#organization"},"potentialAction":[{"@type":"SearchAction","target":{"@type":"EntryPoint","urlTemplate":"https:\/\/www.bagnoitalia.com\/fr?s={search_term_string}"},"query-input":{"@type":"PropertyValueSpecification","valueRequired":true,"valueName":"search_term_string"}}],"inLanguage":"fr-FR"},{"@type":"Organization","@id":"https:\/\/www.bagnoitalia.com\/fr#organization","name":"Bagno Italia","url":"https:\/\/www.bagnoitalia.com\/fr","logo":{"@type":"ImageObject","inLanguage":"fr-FR","@id":"https:\/\/www.bagnoitalia.com\/fr#\/schema\/logo\/image\/","url":"https:\/\/img.bagnoitalia.com\/wp-content\/uploads\/logo-bagnoitalia.webp","contentUrl":"https:\/\/img.bagnoitalia.com\/wp-content\/uploads\/logo-bagnoitalia.webp","width":400,"height":70,"caption":"Bagno Italia"},"image":{"@id":"https:\/\/www.bagnoitalia.com\/fr#\/schema\/logo\/image\/"}}]}},"_links":{"self":[{"href":"https:\/\/www.bagnoitalia.com\/fr\/wp-json\/wp\/v2\/product\/83049","targetHints":{"allow":["GET"]}}],"collection":[{"href":"https:\/\/www.bagnoitalia.com\/fr\/wp-json\/wp\/v2\/product"}],"about":[{"href":"https:\/\/www.bagnoitalia.com\/fr\/wp-json\/wp\/v2\/types\/product"}],"replies":[{"embeddable":true,"href":"https:\/\/www.bagnoitalia.com\/fr\/wp-json\/wp\/v2\/comments?post=83049"}],"version-history":[{"count":1,"href":"https:\/\/www.bagnoitalia.com\/fr\/wp-json\/wp\/v2\/product\/83049\/revisions"}],"predecessor-version":[{"id":89004,"href":"https:\/\/www.bagnoitalia.com\/fr\/wp-json\/wp\/v2\/product\/83049\/revisions\/89004"}],"wp:featuredmedia":[{"embeddable":true,"href":"https:\/\/www.bagnoitalia.com\/fr\/wp-json\/wp\/v2\/media\/61601"}],"wp:attachment":[{"href":"https:\/\/www.bagnoitalia.com\/fr\/wp-json\/wp\/v2\/media?parent=83049"}],"wp:term":[{"taxonomy":"product_brand","embeddable":true,"href":"https:\/\/www.bagnoitalia.com\/fr\/wp-json\/wp\/v2\/product_brand?post=83049"},{"taxonomy":"product_cat","embeddable":true,"href":"https:\/\/www.bagnoitalia.com\/fr\/wp-json\/wp\/v2\/product_cat?post=83049"},{"taxonomy":"product_tag","embeddable":true,"href":"https:\/\/www.bagnoitalia.com\/fr\/wp-json\/wp\/v2\/product_tag?post=83049"}],"curies":[{"name":"wp","href":"https:\/\/api.w.org\/{rel}","templated":true}]}}