{"id":82993,"date":"2023-03-27T15:26:00","date_gmt":"2023-03-27T13:26:00","guid":{"rendered":"https:\/\/www.bagnoitalia.com\/product\/agata-outdoor-living-room-with-sofa-armchairs-and-table-structure-with-graphite-or-white-polypropylene-effect-2"},"modified":"2024-06-18T09:33:47","modified_gmt":"2024-06-18T07:33:47","slug":"agata-outdoor-living-room-with-sofa-armchairs-and-table-structure-with-graphite-or-white-polypropylene-effect-2","status":"publish","type":"product","link":"https:\/\/www.bagnoitalia.com\/fr\/produit\/agata-outdoor-living-room-with-sofa-armchairs-and-table-structure-with-graphite-or-white-polypropylene-effect-2.html","title":{"rendered":"Salon d&rsquo;ext\u00e9rieur Agata avec canap\u00e9, fauteuils et structure de table en polypropyl\u00e8ne graphite ou blanc"},"content":{"rendered":"<p style=\"text-align: center;\"><span style=\"text-decoration: underline; color: #ff0000; font-size: 18pt;\"><strong>MEUBLES D&rsquo;EXT\u00c9RIEUR en 2 couleurs<\/strong><\/span><\/p>\n<p style=\"text-align: center;\"><span style=\"text-decoration: underline; color: #ff0000; font-size: 18pt;\"><strong>\u00ab\u00a0AGATA<\/strong><\/span><\/p>\n<p>&nbsp;<\/p>\n<p><span style=\"text-decoration: underline;\"><strong>LE PRIX CI-DESSUS COMPREND<\/strong><\/span><\/p>\n<p>n .1 canap\u00e9 \u00e0 deux places de 113x65xH74 cm<\/p>\n<p>n. 1 table basse de 60x55xH39 cm<\/p>\n<p>n. 2 fauteuils de 65x63xH74 cm (chacun)<\/p>\n<p><span style=\"text-decoration: underline;\"><strong>CARACT\u00c9RISTIQUES DU PRODUIT<\/strong><\/span><\/p>\n<p>Ensemble pour 4 personnes<\/p>\n<p>structure du meuble : r\u00e9sine antichoc avec effet polirattan<\/p>\n<p>couleurs disponibles : blanc ou graphite<\/p>\n<p>Coussins d&rsquo;assise inclus<\/p>\n<p>Epaisseur du coussin 4cm<\/p>\n<p>&nbsp;<\/p>\n<p>&nbsp;<\/p>\n<p>&nbsp;<\/p>\n<p>&nbsp;<\/p>\n<p>&nbsp;<\/p>\n<p>&nbsp;<\/p>\n<p>&nbsp;<\/p>\n<p>&nbsp;<\/p>\n<p>&nbsp;<\/p>\n<p>&nbsp;<\/p>\n<p>&nbsp;<\/p>\n<p>2397<br \/>\n2398<\/p>\n","protected":false},"excerpt":{"rendered":"<p>Mobilier d&rsquo;ext\u00e9rieur pour 4 personnes, en r\u00e9sine. Disponible en deux couleurs. Canap\u00e9 + 2 fauteuils + table. Mod\u00e8le AGATA<\/p>\n","protected":false},"featured_media":61153,"comment_status":"open","ping_status":"closed","template":"","meta":[],"product_brand":[5004],"product_cat":[10012,9783],"product_tag":[],"class_list":{"0":"post-82993","1":"product","2":"type-product","3":"status-publish","4":"has-post-thumbnail","6":"product_brand-vari-produttori","7":"product_cat-canapes-dexterieur","8":"product_cat-mobilier-d-39-exterieur","10":"first","11":"instock","12":"sale","13":"taxable","14":"shipping-taxable","15":"purchasable","16":"product-type-simple"},"exclude_global_add_ons":false,"addons":[{"name":"couleur","type":"multiple_choice","position":0,"required":true,"title_format":"heading","default":"","description_enable":false,"description":"","placeholder_enable":false,"placeholder":"","display":"select","restrictions_type":"any_text","adjust_price":false,"price":"","price_type":"flat_fee","restrictions":false,"min":"0","max":"0","options":[{"label":"graphite","price":"","price_type":"quantity_based","image":0,"visibility":true},{"label":"blanc","price":"","price_type":"quantity_based","image":0,"visibility":true}],"id":1718703227}],"yoast_head":"<!-- This site is optimized with the Yoast SEO plugin v26.7 - https:\/\/yoast.com\/wordpress\/plugins\/seo\/ -->\n<title>Salon d&#039;ext\u00e9rieur Agata avec canap\u00e9, fauteuils et structure de table en polypropyl\u00e8ne graphite ou blanc<\/title>\n<meta name=\"description\" content=\"Mobilier d&#039;ext\u00e9rieur pour 4 personnes, en r\u00e9sine. Disponible en deux couleurs. Canap\u00e9 + 2 fauteuils + table. Mod\u00e8le AGATA\" \/>\n<meta name=\"robots\" content=\"index, follow, max-snippet:-1, max-image-preview:large, max-video-preview:-1\" \/>\n<link rel=\"canonical\" href=\"https:\/\/www.bagnoitalia.com\/fr\/produit\/agata-outdoor-living-room-with-sofa-armchairs-and-table-structure-with-graphite-or-white-polypropylene-effect-2.html\" \/>\n<meta property=\"og:locale\" content=\"fr_FR\" \/>\n<meta property=\"og:type\" content=\"article\" \/>\n<meta property=\"og:title\" content=\"Salon d&#039;ext\u00e9rieur Agata avec canap\u00e9, fauteuils et structure de table en polypropyl\u00e8ne graphite ou blanc\" \/>\n<meta property=\"og:description\" content=\"Mobilier d&#039;ext\u00e9rieur pour 4 personnes, en r\u00e9sine. Disponible en deux couleurs. Canap\u00e9 + 2 fauteuils + table. Mod\u00e8le AGATA\" \/>\n<meta property=\"og:url\" content=\"https:\/\/www.bagnoitalia.com\/fr\/produit\/agata-outdoor-living-room-with-sofa-armchairs-and-table-structure-with-graphite-or-white-polypropylene-effect-2.html\" \/>\n<meta property=\"og:site_name\" content=\"Bagno Italia\" \/>\n<meta property=\"article:modified_time\" content=\"2024-06-18T07:33:47+00:00\" \/>\n<meta property=\"og:image\" content=\"https:\/\/img.bagnoitalia.com\/wp-content\/uploads\/virtuemart\/product\/outdoor-living-room-sofa-armchair-table-colours-1.jpg\" \/>\n\t<meta property=\"og:image:width\" content=\"550\" \/>\n\t<meta property=\"og:image:height\" content=\"550\" \/>\n\t<meta property=\"og:image:type\" content=\"image\/jpeg\" \/>\n<meta name=\"twitter:card\" content=\"summary_large_image\" \/>\n<meta name=\"twitter:label1\" content=\"Dur\u00e9e de lecture estim\u00e9e\" \/>\n\t<meta name=\"twitter:data1\" content=\"1 minute\" \/>\n<script type=\"application\/ld+json\" class=\"yoast-schema-graph\">{\"@context\":\"https:\/\/schema.org\",\"@graph\":[{\"@type\":\"WebPage\",\"@id\":\"https:\/\/www.bagnoitalia.com\/fr\/produit\/agata-outdoor-living-room-with-sofa-armchairs-and-table-structure-with-graphite-or-white-polypropylene-effect-2.html\",\"url\":\"https:\/\/www.bagnoitalia.com\/fr\/produit\/agata-outdoor-living-room-with-sofa-armchairs-and-table-structure-with-graphite-or-white-polypropylene-effect-2.html\",\"name\":\"Salon d'ext\u00e9rieur Agata avec canap\u00e9, fauteuils et structure de table en polypropyl\u00e8ne graphite ou blanc\",\"isPartOf\":{\"@id\":\"https:\/\/www.bagnoitalia.com\/fr#website\"},\"primaryImageOfPage\":{\"@id\":\"https:\/\/www.bagnoitalia.com\/fr\/produit\/agata-outdoor-living-room-with-sofa-armchairs-and-table-structure-with-graphite-or-white-polypropylene-effect-2.html#primaryimage\"},\"image\":{\"@id\":\"https:\/\/www.bagnoitalia.com\/fr\/produit\/agata-outdoor-living-room-with-sofa-armchairs-and-table-structure-with-graphite-or-white-polypropylene-effect-2.html#primaryimage\"},\"thumbnailUrl\":\"https:\/\/img.bagnoitalia.com\/wp-content\/uploads\/virtuemart\/product\/outdoor-living-room-sofa-armchair-table-colours-1.jpg\",\"datePublished\":\"2023-03-27T13:26:00+00:00\",\"dateModified\":\"2024-06-18T07:33:47+00:00\",\"description\":\"Mobilier d'ext\u00e9rieur pour 4 personnes, en r\u00e9sine. Disponible en deux couleurs. Canap\u00e9 + 2 fauteuils + table. Mod\u00e8le AGATA\",\"breadcrumb\":{\"@id\":\"https:\/\/www.bagnoitalia.com\/fr\/produit\/agata-outdoor-living-room-with-sofa-armchairs-and-table-structure-with-graphite-or-white-polypropylene-effect-2.html#breadcrumb\"},\"inLanguage\":\"fr-FR\",\"potentialAction\":[{\"@type\":\"ReadAction\",\"target\":[\"https:\/\/www.bagnoitalia.com\/fr\/produit\/agata-outdoor-living-room-with-sofa-armchairs-and-table-structure-with-graphite-or-white-polypropylene-effect-2.html\"]}]},{\"@type\":\"ImageObject\",\"inLanguage\":\"fr-FR\",\"@id\":\"https:\/\/www.bagnoitalia.com\/fr\/produit\/agata-outdoor-living-room-with-sofa-armchairs-and-table-structure-with-graphite-or-white-polypropylene-effect-2.html#primaryimage\",\"url\":\"https:\/\/img.bagnoitalia.com\/wp-content\/uploads\/virtuemart\/product\/outdoor-living-room-sofa-armchair-table-colours-1.jpg\",\"contentUrl\":\"https:\/\/img.bagnoitalia.com\/wp-content\/uploads\/virtuemart\/product\/outdoor-living-room-sofa-armchair-table-colours-1.jpg\",\"width\":550,\"height\":550},{\"@type\":\"BreadcrumbList\",\"@id\":\"https:\/\/www.bagnoitalia.com\/fr\/produit\/agata-outdoor-living-room-with-sofa-armchairs-and-table-structure-with-graphite-or-white-polypropylene-effect-2.html#breadcrumb\",\"itemListElement\":[{\"@type\":\"ListItem\",\"position\":1,\"name\":\"Home\",\"item\":\"https:\/\/www.bagnoitalia.com\/fr\"},{\"@type\":\"ListItem\",\"position\":2,\"name\":\"Produits\",\"item\":\"https:\/\/www.bagnoitalia.com\/fr\/shop\"},{\"@type\":\"ListItem\",\"position\":3,\"name\":\"Salon d&#8217;ext\u00e9rieur Agata avec canap\u00e9, fauteuils et structure de table en polypropyl\u00e8ne graphite ou blanc\"}]},{\"@type\":\"WebSite\",\"@id\":\"https:\/\/www.bagnoitalia.com\/fr#website\",\"url\":\"https:\/\/www.bagnoitalia.com\/fr\",\"name\":\"Bagno Italia\",\"description\":\"\",\"publisher\":{\"@id\":\"https:\/\/www.bagnoitalia.com\/fr#organization\"},\"potentialAction\":[{\"@type\":\"SearchAction\",\"target\":{\"@type\":\"EntryPoint\",\"urlTemplate\":\"https:\/\/www.bagnoitalia.com\/fr?s={search_term_string}\"},\"query-input\":{\"@type\":\"PropertyValueSpecification\",\"valueRequired\":true,\"valueName\":\"search_term_string\"}}],\"inLanguage\":\"fr-FR\"},{\"@type\":\"Organization\",\"@id\":\"https:\/\/www.bagnoitalia.com\/fr#organization\",\"name\":\"Bagno Italia\",\"url\":\"https:\/\/www.bagnoitalia.com\/fr\",\"logo\":{\"@type\":\"ImageObject\",\"inLanguage\":\"fr-FR\",\"@id\":\"https:\/\/www.bagnoitalia.com\/fr#\/schema\/logo\/image\/\",\"url\":\"https:\/\/img.bagnoitalia.com\/wp-content\/uploads\/logo-bagnoitalia.webp\",\"contentUrl\":\"https:\/\/img.bagnoitalia.com\/wp-content\/uploads\/logo-bagnoitalia.webp\",\"width\":400,\"height\":70,\"caption\":\"Bagno Italia\"},\"image\":{\"@id\":\"https:\/\/www.bagnoitalia.com\/fr#\/schema\/logo\/image\/\"}}]}<\/script>\n<!-- \/ Yoast SEO plugin. -->","yoast_head_json":{"title":"Salon d'ext\u00e9rieur Agata avec canap\u00e9, fauteuils et structure de table en polypropyl\u00e8ne graphite ou blanc","description":"Mobilier d'ext\u00e9rieur pour 4 personnes, en r\u00e9sine. Disponible en deux couleurs. Canap\u00e9 + 2 fauteuils + table. Mod\u00e8le AGATA","robots":{"index":"index","follow":"follow","max-snippet":"max-snippet:-1","max-image-preview":"max-image-preview:large","max-video-preview":"max-video-preview:-1"},"canonical":"https:\/\/www.bagnoitalia.com\/fr\/produit\/agata-outdoor-living-room-with-sofa-armchairs-and-table-structure-with-graphite-or-white-polypropylene-effect-2.html","og_locale":"fr_FR","og_type":"article","og_title":"Salon d'ext\u00e9rieur Agata avec canap\u00e9, fauteuils et structure de table en polypropyl\u00e8ne graphite ou blanc","og_description":"Mobilier d'ext\u00e9rieur pour 4 personnes, en r\u00e9sine. Disponible en deux couleurs. Canap\u00e9 + 2 fauteuils + table. Mod\u00e8le AGATA","og_url":"https:\/\/www.bagnoitalia.com\/fr\/produit\/agata-outdoor-living-room-with-sofa-armchairs-and-table-structure-with-graphite-or-white-polypropylene-effect-2.html","og_site_name":"Bagno Italia","article_modified_time":"2024-06-18T07:33:47+00:00","og_image":[{"width":550,"height":550,"url":"https:\/\/img.bagnoitalia.com\/wp-content\/uploads\/virtuemart\/product\/outdoor-living-room-sofa-armchair-table-colours-1.jpg","type":"image\/jpeg"}],"twitter_card":"summary_large_image","twitter_misc":{"Dur\u00e9e de lecture estim\u00e9e":"1 minute"},"schema":{"@context":"https:\/\/schema.org","@graph":[{"@type":"WebPage","@id":"https:\/\/www.bagnoitalia.com\/fr\/produit\/agata-outdoor-living-room-with-sofa-armchairs-and-table-structure-with-graphite-or-white-polypropylene-effect-2.html","url":"https:\/\/www.bagnoitalia.com\/fr\/produit\/agata-outdoor-living-room-with-sofa-armchairs-and-table-structure-with-graphite-or-white-polypropylene-effect-2.html","name":"Salon d'ext\u00e9rieur Agata avec canap\u00e9, fauteuils et structure de table en polypropyl\u00e8ne graphite ou blanc","isPartOf":{"@id":"https:\/\/www.bagnoitalia.com\/fr#website"},"primaryImageOfPage":{"@id":"https:\/\/www.bagnoitalia.com\/fr\/produit\/agata-outdoor-living-room-with-sofa-armchairs-and-table-structure-with-graphite-or-white-polypropylene-effect-2.html#primaryimage"},"image":{"@id":"https:\/\/www.bagnoitalia.com\/fr\/produit\/agata-outdoor-living-room-with-sofa-armchairs-and-table-structure-with-graphite-or-white-polypropylene-effect-2.html#primaryimage"},"thumbnailUrl":"https:\/\/img.bagnoitalia.com\/wp-content\/uploads\/virtuemart\/product\/outdoor-living-room-sofa-armchair-table-colours-1.jpg","datePublished":"2023-03-27T13:26:00+00:00","dateModified":"2024-06-18T07:33:47+00:00","description":"Mobilier d'ext\u00e9rieur pour 4 personnes, en r\u00e9sine. Disponible en deux couleurs. Canap\u00e9 + 2 fauteuils + table. Mod\u00e8le AGATA","breadcrumb":{"@id":"https:\/\/www.bagnoitalia.com\/fr\/produit\/agata-outdoor-living-room-with-sofa-armchairs-and-table-structure-with-graphite-or-white-polypropylene-effect-2.html#breadcrumb"},"inLanguage":"fr-FR","potentialAction":[{"@type":"ReadAction","target":["https:\/\/www.bagnoitalia.com\/fr\/produit\/agata-outdoor-living-room-with-sofa-armchairs-and-table-structure-with-graphite-or-white-polypropylene-effect-2.html"]}]},{"@type":"ImageObject","inLanguage":"fr-FR","@id":"https:\/\/www.bagnoitalia.com\/fr\/produit\/agata-outdoor-living-room-with-sofa-armchairs-and-table-structure-with-graphite-or-white-polypropylene-effect-2.html#primaryimage","url":"https:\/\/img.bagnoitalia.com\/wp-content\/uploads\/virtuemart\/product\/outdoor-living-room-sofa-armchair-table-colours-1.jpg","contentUrl":"https:\/\/img.bagnoitalia.com\/wp-content\/uploads\/virtuemart\/product\/outdoor-living-room-sofa-armchair-table-colours-1.jpg","width":550,"height":550},{"@type":"BreadcrumbList","@id":"https:\/\/www.bagnoitalia.com\/fr\/produit\/agata-outdoor-living-room-with-sofa-armchairs-and-table-structure-with-graphite-or-white-polypropylene-effect-2.html#breadcrumb","itemListElement":[{"@type":"ListItem","position":1,"name":"Home","item":"https:\/\/www.bagnoitalia.com\/fr"},{"@type":"ListItem","position":2,"name":"Produits","item":"https:\/\/www.bagnoitalia.com\/fr\/shop"},{"@type":"ListItem","position":3,"name":"Salon d&#8217;ext\u00e9rieur Agata avec canap\u00e9, fauteuils et structure de table en polypropyl\u00e8ne graphite ou blanc"}]},{"@type":"WebSite","@id":"https:\/\/www.bagnoitalia.com\/fr#website","url":"https:\/\/www.bagnoitalia.com\/fr","name":"Bagno Italia","description":"","publisher":{"@id":"https:\/\/www.bagnoitalia.com\/fr#organization"},"potentialAction":[{"@type":"SearchAction","target":{"@type":"EntryPoint","urlTemplate":"https:\/\/www.bagnoitalia.com\/fr?s={search_term_string}"},"query-input":{"@type":"PropertyValueSpecification","valueRequired":true,"valueName":"search_term_string"}}],"inLanguage":"fr-FR"},{"@type":"Organization","@id":"https:\/\/www.bagnoitalia.com\/fr#organization","name":"Bagno Italia","url":"https:\/\/www.bagnoitalia.com\/fr","logo":{"@type":"ImageObject","inLanguage":"fr-FR","@id":"https:\/\/www.bagnoitalia.com\/fr#\/schema\/logo\/image\/","url":"https:\/\/img.bagnoitalia.com\/wp-content\/uploads\/logo-bagnoitalia.webp","contentUrl":"https:\/\/img.bagnoitalia.com\/wp-content\/uploads\/logo-bagnoitalia.webp","width":400,"height":70,"caption":"Bagno Italia"},"image":{"@id":"https:\/\/www.bagnoitalia.com\/fr#\/schema\/logo\/image\/"}}]}},"_links":{"self":[{"href":"https:\/\/www.bagnoitalia.com\/fr\/wp-json\/wp\/v2\/product\/82993","targetHints":{"allow":["GET"]}}],"collection":[{"href":"https:\/\/www.bagnoitalia.com\/fr\/wp-json\/wp\/v2\/product"}],"about":[{"href":"https:\/\/www.bagnoitalia.com\/fr\/wp-json\/wp\/v2\/types\/product"}],"replies":[{"embeddable":true,"href":"https:\/\/www.bagnoitalia.com\/fr\/wp-json\/wp\/v2\/comments?post=82993"}],"version-history":[{"count":1,"href":"https:\/\/www.bagnoitalia.com\/fr\/wp-json\/wp\/v2\/product\/82993\/revisions"}],"predecessor-version":[{"id":90343,"href":"https:\/\/www.bagnoitalia.com\/fr\/wp-json\/wp\/v2\/product\/82993\/revisions\/90343"}],"wp:featuredmedia":[{"embeddable":true,"href":"https:\/\/www.bagnoitalia.com\/fr\/wp-json\/wp\/v2\/media\/61153"}],"wp:attachment":[{"href":"https:\/\/www.bagnoitalia.com\/fr\/wp-json\/wp\/v2\/media?parent=82993"}],"wp:term":[{"taxonomy":"product_brand","embeddable":true,"href":"https:\/\/www.bagnoitalia.com\/fr\/wp-json\/wp\/v2\/product_brand?post=82993"},{"taxonomy":"product_cat","embeddable":true,"href":"https:\/\/www.bagnoitalia.com\/fr\/wp-json\/wp\/v2\/product_cat?post=82993"},{"taxonomy":"product_tag","embeddable":true,"href":"https:\/\/www.bagnoitalia.com\/fr\/wp-json\/wp\/v2\/product_tag?post=82993"}],"curies":[{"name":"wp","href":"https:\/\/api.w.org\/{rel}","templated":true}]}}