{"id":82977,"date":"2023-03-24T16:34:21","date_gmt":"2023-03-24T15:34:21","guid":{"rendered":"https:\/\/www.bagnoitalia.com\/product\/spring-living-room-with-sofa-coffee-table-and-armchairs-in-anthracite-brown-or-white-polypropylene-effect-suitable-for-outdoors-and-gardens-2"},"modified":"2024-06-11T14:57:01","modified_gmt":"2024-06-11T12:57:01","slug":"spring-living-room-with-sofa-coffee-table-and-armchairs-in-anthracite-brown-or-white-polypropylene-effect-suitable-for-outdoors-and-gardens-2","status":"publish","type":"product","link":"https:\/\/www.bagnoitalia.com\/fr\/produit\/spring-living-room-with-sofa-coffee-table-and-armchairs-in-anthracite-brown-or-white-polypropylene-effect-suitable-for-outdoors-and-gardens-2.html","title":{"rendered":"Salon Spring avec canap\u00e9, table basse et fauteuils en polypropyl\u00e8ne brun anthracite ou blanc, adapt\u00e9 \u00e0 l&rsquo;ext\u00e9rieur et aux jardins."},"content":{"rendered":"<p style=\"text-align: center;\"><span style=\"text-decoration: underline; color: #ff0000; font-size: 18pt;\"><strong>MOBILIER D&rsquo;EXT\u00c9RIEUR : &lsquo;SPRING<\/strong><\/span><\/p>\n<p>&nbsp;<\/p>\n<p><span style=\"text-decoration: underline;\"><strong>CARACT\u00c9RISTIQUES PRINCIPALES<\/strong><\/span><\/p>\n<p>Ensemble d&rsquo;ext\u00e9rieur en r\u00e9sine r\u00e9sistante aux chocs avec effet polirattan<\/p>\n<p>Disponible en 3 couleurs : blanc, anthracite, marron<\/p>\n<p>Petit canap\u00e9 de 131x57xH79 cm pour deux personnes<\/p>\n<p>Table rectangulaire de 70x48xH37 cm<\/p>\n<p>Deux fauteuils de 75x57xH79 cm chacun<\/p>\n<p>Si\u00e8ges avec coussins de 4 cm de hauteur<\/p>\n<p>&nbsp;<\/p>\n<p>&nbsp;<\/p>\n<p>&nbsp;<\/p>\n<p>&nbsp;<\/p>\n<p>&nbsp;<\/p>\n<p>&nbsp;<\/p>\n<p>&nbsp;<\/p>\n<p>&nbsp;<\/p>\n<p>99482<br \/>\n99484<br \/>\n99483<\/p>\n","protected":false},"excerpt":{"rendered":"<p>Set pour meubles d&rsquo;ext\u00e9rieur, adapt\u00e9 aux jardins, aux bords de piscine, aux h\u00f4tels, au camping.<br \/>\nDisponible en 3 couleurs. Coussins d&rsquo;assise inclus dans l&rsquo;offre.<\/p>\n","protected":false},"featured_media":61061,"comment_status":"open","ping_status":"closed","template":"","meta":[],"product_brand":[5004],"product_cat":[10012,9783],"product_tag":[],"class_list":{"0":"post-82977","1":"product","2":"type-product","3":"status-publish","4":"has-post-thumbnail","6":"product_brand-vari-produttori","7":"product_cat-canapes-dexterieur","8":"product_cat-mobilier-d-39-exterieur","10":"first","11":"instock","12":"sale","13":"taxable","14":"shipping-taxable","15":"purchasable","16":"product-type-simple"},"exclude_global_add_ons":false,"addons":[{"name":"couleur","type":"multiple_choice","position":0,"required":true,"title_format":"heading","default":"","description_enable":false,"description":"","placeholder_enable":false,"placeholder":"","display":"select","restrictions_type":"any_text","adjust_price":false,"price":"","price_type":"flat_fee","restrictions":false,"min":"0","max":"0","options":[{"label":"brun","price":"","price_type":"quantity_based","image":0,"visibility":true},{"label":"blanc","price":"","price_type":"quantity_based","image":0,"visibility":true},{"label":"anthracite","price":"","price_type":"quantity_based","image":0,"visibility":true}],"id":1718117822}],"yoast_head":"<!-- This site is optimized with the Yoast SEO plugin v26.7 - https:\/\/yoast.com\/wordpress\/plugins\/seo\/ -->\n<title>Salon Spring avec canap\u00e9, table basse et fauteuils en polypropyl\u00e8ne brun anthracite ou blanc, adapt\u00e9 \u00e0 l&#039;ext\u00e9rieur et aux jardins.<\/title>\n<meta name=\"description\" content=\"Set pour meubles d&#039;ext\u00e9rieur, adapt\u00e9 aux jardins, aux bords de piscine, aux h\u00f4tels, au camping.Disponible en 3 couleurs. Coussins d&#039;assise inclus dans l&#039;offre.\" \/>\n<meta name=\"robots\" content=\"index, follow, max-snippet:-1, max-image-preview:large, max-video-preview:-1\" \/>\n<link rel=\"canonical\" href=\"https:\/\/www.bagnoitalia.com\/fr\/produit\/spring-living-room-with-sofa-coffee-table-and-armchairs-in-anthracite-brown-or-white-polypropylene-effect-suitable-for-outdoors-and-gardens-2.html\" \/>\n<meta property=\"og:locale\" content=\"fr_FR\" \/>\n<meta property=\"og:type\" content=\"article\" \/>\n<meta property=\"og:title\" content=\"Salon Spring avec canap\u00e9, table basse et fauteuils en polypropyl\u00e8ne brun anthracite ou blanc, adapt\u00e9 \u00e0 l&#039;ext\u00e9rieur et aux jardins.\" \/>\n<meta property=\"og:description\" content=\"Set pour meubles d&#039;ext\u00e9rieur, adapt\u00e9 aux jardins, aux bords de piscine, aux h\u00f4tels, au camping.Disponible en 3 couleurs. Coussins d&#039;assise inclus dans l&#039;offre.\" \/>\n<meta property=\"og:url\" content=\"https:\/\/www.bagnoitalia.com\/fr\/produit\/spring-living-room-with-sofa-coffee-table-and-armchairs-in-anthracite-brown-or-white-polypropylene-effect-suitable-for-outdoors-and-gardens-2.html\" \/>\n<meta property=\"og:site_name\" content=\"Bagno Italia\" \/>\n<meta property=\"article:modified_time\" content=\"2024-06-11T12:57:01+00:00\" \/>\n<meta property=\"og:image\" content=\"https:\/\/img.bagnoitalia.com\/wp-content\/uploads\/virtuemart\/product\/outdoor-garden-furniture-spring-3-colours-1.jpg\" \/>\n\t<meta property=\"og:image:width\" content=\"550\" \/>\n\t<meta property=\"og:image:height\" content=\"550\" \/>\n\t<meta property=\"og:image:type\" content=\"image\/jpeg\" \/>\n<meta name=\"twitter:card\" content=\"summary_large_image\" \/>\n<meta name=\"twitter:label1\" content=\"Dur\u00e9e de lecture estim\u00e9e\" \/>\n\t<meta name=\"twitter:data1\" content=\"1 minute\" \/>\n<script type=\"application\/ld+json\" class=\"yoast-schema-graph\">{\"@context\":\"https:\/\/schema.org\",\"@graph\":[{\"@type\":\"WebPage\",\"@id\":\"https:\/\/www.bagnoitalia.com\/fr\/produit\/spring-living-room-with-sofa-coffee-table-and-armchairs-in-anthracite-brown-or-white-polypropylene-effect-suitable-for-outdoors-and-gardens-2.html\",\"url\":\"https:\/\/www.bagnoitalia.com\/fr\/produit\/spring-living-room-with-sofa-coffee-table-and-armchairs-in-anthracite-brown-or-white-polypropylene-effect-suitable-for-outdoors-and-gardens-2.html\",\"name\":\"Salon Spring avec canap\u00e9, table basse et fauteuils en polypropyl\u00e8ne brun anthracite ou blanc, adapt\u00e9 \u00e0 l'ext\u00e9rieur et aux jardins.\",\"isPartOf\":{\"@id\":\"https:\/\/www.bagnoitalia.com\/fr#website\"},\"primaryImageOfPage\":{\"@id\":\"https:\/\/www.bagnoitalia.com\/fr\/produit\/spring-living-room-with-sofa-coffee-table-and-armchairs-in-anthracite-brown-or-white-polypropylene-effect-suitable-for-outdoors-and-gardens-2.html#primaryimage\"},\"image\":{\"@id\":\"https:\/\/www.bagnoitalia.com\/fr\/produit\/spring-living-room-with-sofa-coffee-table-and-armchairs-in-anthracite-brown-or-white-polypropylene-effect-suitable-for-outdoors-and-gardens-2.html#primaryimage\"},\"thumbnailUrl\":\"https:\/\/img.bagnoitalia.com\/wp-content\/uploads\/virtuemart\/product\/outdoor-garden-furniture-spring-3-colours-1.jpg\",\"datePublished\":\"2023-03-24T15:34:21+00:00\",\"dateModified\":\"2024-06-11T12:57:01+00:00\",\"description\":\"Set pour meubles d'ext\u00e9rieur, adapt\u00e9 aux jardins, aux bords de piscine, aux h\u00f4tels, au camping.Disponible en 3 couleurs. Coussins d'assise inclus dans l'offre.\",\"breadcrumb\":{\"@id\":\"https:\/\/www.bagnoitalia.com\/fr\/produit\/spring-living-room-with-sofa-coffee-table-and-armchairs-in-anthracite-brown-or-white-polypropylene-effect-suitable-for-outdoors-and-gardens-2.html#breadcrumb\"},\"inLanguage\":\"fr-FR\",\"potentialAction\":[{\"@type\":\"ReadAction\",\"target\":[\"https:\/\/www.bagnoitalia.com\/fr\/produit\/spring-living-room-with-sofa-coffee-table-and-armchairs-in-anthracite-brown-or-white-polypropylene-effect-suitable-for-outdoors-and-gardens-2.html\"]}]},{\"@type\":\"ImageObject\",\"inLanguage\":\"fr-FR\",\"@id\":\"https:\/\/www.bagnoitalia.com\/fr\/produit\/spring-living-room-with-sofa-coffee-table-and-armchairs-in-anthracite-brown-or-white-polypropylene-effect-suitable-for-outdoors-and-gardens-2.html#primaryimage\",\"url\":\"https:\/\/img.bagnoitalia.com\/wp-content\/uploads\/virtuemart\/product\/outdoor-garden-furniture-spring-3-colours-1.jpg\",\"contentUrl\":\"https:\/\/img.bagnoitalia.com\/wp-content\/uploads\/virtuemart\/product\/outdoor-garden-furniture-spring-3-colours-1.jpg\",\"width\":550,\"height\":550},{\"@type\":\"BreadcrumbList\",\"@id\":\"https:\/\/www.bagnoitalia.com\/fr\/produit\/spring-living-room-with-sofa-coffee-table-and-armchairs-in-anthracite-brown-or-white-polypropylene-effect-suitable-for-outdoors-and-gardens-2.html#breadcrumb\",\"itemListElement\":[{\"@type\":\"ListItem\",\"position\":1,\"name\":\"Home\",\"item\":\"https:\/\/www.bagnoitalia.com\/fr\"},{\"@type\":\"ListItem\",\"position\":2,\"name\":\"Produits\",\"item\":\"https:\/\/www.bagnoitalia.com\/fr\/shop\"},{\"@type\":\"ListItem\",\"position\":3,\"name\":\"Salon Spring avec canap\u00e9, table basse et fauteuils en polypropyl\u00e8ne brun anthracite ou blanc, adapt\u00e9 \u00e0 l&#8217;ext\u00e9rieur et aux jardins.\"}]},{\"@type\":\"WebSite\",\"@id\":\"https:\/\/www.bagnoitalia.com\/fr#website\",\"url\":\"https:\/\/www.bagnoitalia.com\/fr\",\"name\":\"Bagno Italia\",\"description\":\"\",\"publisher\":{\"@id\":\"https:\/\/www.bagnoitalia.com\/fr#organization\"},\"potentialAction\":[{\"@type\":\"SearchAction\",\"target\":{\"@type\":\"EntryPoint\",\"urlTemplate\":\"https:\/\/www.bagnoitalia.com\/fr?s={search_term_string}\"},\"query-input\":{\"@type\":\"PropertyValueSpecification\",\"valueRequired\":true,\"valueName\":\"search_term_string\"}}],\"inLanguage\":\"fr-FR\"},{\"@type\":\"Organization\",\"@id\":\"https:\/\/www.bagnoitalia.com\/fr#organization\",\"name\":\"Bagno Italia\",\"url\":\"https:\/\/www.bagnoitalia.com\/fr\",\"logo\":{\"@type\":\"ImageObject\",\"inLanguage\":\"fr-FR\",\"@id\":\"https:\/\/www.bagnoitalia.com\/fr#\/schema\/logo\/image\/\",\"url\":\"https:\/\/img.bagnoitalia.com\/wp-content\/uploads\/logo-bagnoitalia.webp\",\"contentUrl\":\"https:\/\/img.bagnoitalia.com\/wp-content\/uploads\/logo-bagnoitalia.webp\",\"width\":400,\"height\":70,\"caption\":\"Bagno Italia\"},\"image\":{\"@id\":\"https:\/\/www.bagnoitalia.com\/fr#\/schema\/logo\/image\/\"}}]}<\/script>\n<!-- \/ Yoast SEO plugin. -->","yoast_head_json":{"title":"Salon Spring avec canap\u00e9, table basse et fauteuils en polypropyl\u00e8ne brun anthracite ou blanc, adapt\u00e9 \u00e0 l'ext\u00e9rieur et aux jardins.","description":"Set pour meubles d'ext\u00e9rieur, adapt\u00e9 aux jardins, aux bords de piscine, aux h\u00f4tels, au camping.Disponible en 3 couleurs. Coussins d'assise inclus dans l'offre.","robots":{"index":"index","follow":"follow","max-snippet":"max-snippet:-1","max-image-preview":"max-image-preview:large","max-video-preview":"max-video-preview:-1"},"canonical":"https:\/\/www.bagnoitalia.com\/fr\/produit\/spring-living-room-with-sofa-coffee-table-and-armchairs-in-anthracite-brown-or-white-polypropylene-effect-suitable-for-outdoors-and-gardens-2.html","og_locale":"fr_FR","og_type":"article","og_title":"Salon Spring avec canap\u00e9, table basse et fauteuils en polypropyl\u00e8ne brun anthracite ou blanc, adapt\u00e9 \u00e0 l'ext\u00e9rieur et aux jardins.","og_description":"Set pour meubles d'ext\u00e9rieur, adapt\u00e9 aux jardins, aux bords de piscine, aux h\u00f4tels, au camping.Disponible en 3 couleurs. Coussins d'assise inclus dans l'offre.","og_url":"https:\/\/www.bagnoitalia.com\/fr\/produit\/spring-living-room-with-sofa-coffee-table-and-armchairs-in-anthracite-brown-or-white-polypropylene-effect-suitable-for-outdoors-and-gardens-2.html","og_site_name":"Bagno Italia","article_modified_time":"2024-06-11T12:57:01+00:00","og_image":[{"width":550,"height":550,"url":"https:\/\/img.bagnoitalia.com\/wp-content\/uploads\/virtuemart\/product\/outdoor-garden-furniture-spring-3-colours-1.jpg","type":"image\/jpeg"}],"twitter_card":"summary_large_image","twitter_misc":{"Dur\u00e9e de lecture estim\u00e9e":"1 minute"},"schema":{"@context":"https:\/\/schema.org","@graph":[{"@type":"WebPage","@id":"https:\/\/www.bagnoitalia.com\/fr\/produit\/spring-living-room-with-sofa-coffee-table-and-armchairs-in-anthracite-brown-or-white-polypropylene-effect-suitable-for-outdoors-and-gardens-2.html","url":"https:\/\/www.bagnoitalia.com\/fr\/produit\/spring-living-room-with-sofa-coffee-table-and-armchairs-in-anthracite-brown-or-white-polypropylene-effect-suitable-for-outdoors-and-gardens-2.html","name":"Salon Spring avec canap\u00e9, table basse et fauteuils en polypropyl\u00e8ne brun anthracite ou blanc, adapt\u00e9 \u00e0 l'ext\u00e9rieur et aux jardins.","isPartOf":{"@id":"https:\/\/www.bagnoitalia.com\/fr#website"},"primaryImageOfPage":{"@id":"https:\/\/www.bagnoitalia.com\/fr\/produit\/spring-living-room-with-sofa-coffee-table-and-armchairs-in-anthracite-brown-or-white-polypropylene-effect-suitable-for-outdoors-and-gardens-2.html#primaryimage"},"image":{"@id":"https:\/\/www.bagnoitalia.com\/fr\/produit\/spring-living-room-with-sofa-coffee-table-and-armchairs-in-anthracite-brown-or-white-polypropylene-effect-suitable-for-outdoors-and-gardens-2.html#primaryimage"},"thumbnailUrl":"https:\/\/img.bagnoitalia.com\/wp-content\/uploads\/virtuemart\/product\/outdoor-garden-furniture-spring-3-colours-1.jpg","datePublished":"2023-03-24T15:34:21+00:00","dateModified":"2024-06-11T12:57:01+00:00","description":"Set pour meubles d'ext\u00e9rieur, adapt\u00e9 aux jardins, aux bords de piscine, aux h\u00f4tels, au camping.Disponible en 3 couleurs. Coussins d'assise inclus dans l'offre.","breadcrumb":{"@id":"https:\/\/www.bagnoitalia.com\/fr\/produit\/spring-living-room-with-sofa-coffee-table-and-armchairs-in-anthracite-brown-or-white-polypropylene-effect-suitable-for-outdoors-and-gardens-2.html#breadcrumb"},"inLanguage":"fr-FR","potentialAction":[{"@type":"ReadAction","target":["https:\/\/www.bagnoitalia.com\/fr\/produit\/spring-living-room-with-sofa-coffee-table-and-armchairs-in-anthracite-brown-or-white-polypropylene-effect-suitable-for-outdoors-and-gardens-2.html"]}]},{"@type":"ImageObject","inLanguage":"fr-FR","@id":"https:\/\/www.bagnoitalia.com\/fr\/produit\/spring-living-room-with-sofa-coffee-table-and-armchairs-in-anthracite-brown-or-white-polypropylene-effect-suitable-for-outdoors-and-gardens-2.html#primaryimage","url":"https:\/\/img.bagnoitalia.com\/wp-content\/uploads\/virtuemart\/product\/outdoor-garden-furniture-spring-3-colours-1.jpg","contentUrl":"https:\/\/img.bagnoitalia.com\/wp-content\/uploads\/virtuemart\/product\/outdoor-garden-furniture-spring-3-colours-1.jpg","width":550,"height":550},{"@type":"BreadcrumbList","@id":"https:\/\/www.bagnoitalia.com\/fr\/produit\/spring-living-room-with-sofa-coffee-table-and-armchairs-in-anthracite-brown-or-white-polypropylene-effect-suitable-for-outdoors-and-gardens-2.html#breadcrumb","itemListElement":[{"@type":"ListItem","position":1,"name":"Home","item":"https:\/\/www.bagnoitalia.com\/fr"},{"@type":"ListItem","position":2,"name":"Produits","item":"https:\/\/www.bagnoitalia.com\/fr\/shop"},{"@type":"ListItem","position":3,"name":"Salon Spring avec canap\u00e9, table basse et fauteuils en polypropyl\u00e8ne brun anthracite ou blanc, adapt\u00e9 \u00e0 l&#8217;ext\u00e9rieur et aux jardins."}]},{"@type":"WebSite","@id":"https:\/\/www.bagnoitalia.com\/fr#website","url":"https:\/\/www.bagnoitalia.com\/fr","name":"Bagno Italia","description":"","publisher":{"@id":"https:\/\/www.bagnoitalia.com\/fr#organization"},"potentialAction":[{"@type":"SearchAction","target":{"@type":"EntryPoint","urlTemplate":"https:\/\/www.bagnoitalia.com\/fr?s={search_term_string}"},"query-input":{"@type":"PropertyValueSpecification","valueRequired":true,"valueName":"search_term_string"}}],"inLanguage":"fr-FR"},{"@type":"Organization","@id":"https:\/\/www.bagnoitalia.com\/fr#organization","name":"Bagno Italia","url":"https:\/\/www.bagnoitalia.com\/fr","logo":{"@type":"ImageObject","inLanguage":"fr-FR","@id":"https:\/\/www.bagnoitalia.com\/fr#\/schema\/logo\/image\/","url":"https:\/\/img.bagnoitalia.com\/wp-content\/uploads\/logo-bagnoitalia.webp","contentUrl":"https:\/\/img.bagnoitalia.com\/wp-content\/uploads\/logo-bagnoitalia.webp","width":400,"height":70,"caption":"Bagno Italia"},"image":{"@id":"https:\/\/www.bagnoitalia.com\/fr#\/schema\/logo\/image\/"}}]}},"_links":{"self":[{"href":"https:\/\/www.bagnoitalia.com\/fr\/wp-json\/wp\/v2\/product\/82977","targetHints":{"allow":["GET"]}}],"collection":[{"href":"https:\/\/www.bagnoitalia.com\/fr\/wp-json\/wp\/v2\/product"}],"about":[{"href":"https:\/\/www.bagnoitalia.com\/fr\/wp-json\/wp\/v2\/types\/product"}],"replies":[{"embeddable":true,"href":"https:\/\/www.bagnoitalia.com\/fr\/wp-json\/wp\/v2\/comments?post=82977"}],"version-history":[{"count":1,"href":"https:\/\/www.bagnoitalia.com\/fr\/wp-json\/wp\/v2\/product\/82977\/revisions"}],"predecessor-version":[{"id":89896,"href":"https:\/\/www.bagnoitalia.com\/fr\/wp-json\/wp\/v2\/product\/82977\/revisions\/89896"}],"wp:featuredmedia":[{"embeddable":true,"href":"https:\/\/www.bagnoitalia.com\/fr\/wp-json\/wp\/v2\/media\/61061"}],"wp:attachment":[{"href":"https:\/\/www.bagnoitalia.com\/fr\/wp-json\/wp\/v2\/media?parent=82977"}],"wp:term":[{"taxonomy":"product_brand","embeddable":true,"href":"https:\/\/www.bagnoitalia.com\/fr\/wp-json\/wp\/v2\/product_brand?post=82977"},{"taxonomy":"product_cat","embeddable":true,"href":"https:\/\/www.bagnoitalia.com\/fr\/wp-json\/wp\/v2\/product_cat?post=82977"},{"taxonomy":"product_tag","embeddable":true,"href":"https:\/\/www.bagnoitalia.com\/fr\/wp-json\/wp\/v2\/product_tag?post=82977"}],"curies":[{"name":"wp","href":"https:\/\/api.w.org\/{rel}","templated":true}]}}