{"id":82969,"date":"2023-03-23T16:14:41","date_gmt":"2023-03-23T15:14:41","guid":{"rendered":"https:\/\/www.bagnoitalia.com\/product\/winter-166x87-cm-grey-linen-sofa-bed-for-3-persons-reclining-backrest-2"},"modified":"2023-03-23T16:14:41","modified_gmt":"2023-03-23T15:14:41","slug":"winter-166x87-cm-grey-linen-sofa-bed-for-3-persons-reclining-backrest-2","status":"publish","type":"product","link":"https:\/\/www.bagnoitalia.com\/fr\/produit\/winter-166x87-cm-grey-linen-sofa-bed-for-3-persons-reclining-backrest-2.html","title":{"rendered":"Winter 166&#215;87 cm canap\u00e9-lit en lin gris pour 3 personnes dossier inclinable"},"content":{"rendered":"<p style=\"text-align: center;\"><span style=\"text-decoration: underline; color: #ff0000; font-size: 18pt;\"><strong>CANAP\u00c9-LIT EN LIN GRIS<\/strong><\/span><\/p>\n<p style=\"text-align: center;\"><span style=\"text-decoration: underline; color: #ff0000; font-size: 18pt;\"><strong>\u00ab\u00a0WINTER\u00a0\u00bb<\/strong><\/span><\/p>\n<p>&nbsp;<\/p>\n<p><span style=\"text-decoration: underline;\"><strong>D\u00c9TAILS DU PRODUIT<\/strong><\/span><\/p>\n<p>Canap\u00e9 3 places, adapt\u00e9 \u00e0 tout type d&rsquo;environnement : classique, moderne, bureau&#8230;<\/p>\n<p>Dossier inclinable en position 1\u00bd lit<\/p>\n<p>Avec syst\u00e8me anti-basculement<\/p>\n<p>Couleur disponible : gris<\/p>\n<p>Tissu d&rsquo;ameublement : lin<\/p>\n<p>Rembourrage interne : Mousse<\/p>\n<p>&nbsp;<\/p>\n<p><span style=\"text-decoration: underline;\"><strong>DIMENSIONS DU PRODUIT :<\/strong><\/span><\/p>\n<p>Longueur 166 cm<\/p>\n<p>Profondeur en position ferm\u00e9e (position canap\u00e9) : 70 cm<\/p>\n<p>Profondeur en position ouverte (position lit) : 87 cm<\/p>\n<p>Hauteur totale : 68 cm<\/p>\n<p>Hauteur de l&rsquo;assise : 34 cm<\/p>\n<p>&nbsp;<\/p>\n<p>&nbsp;<\/p>\n<p>&nbsp;<\/p>\n","protected":false},"excerpt":{"rendered":"<p>Canap\u00e9 avec un \u00e9l\u00e9gant rev\u00eatement en lin gris. En inclinant le dossier, on obtient un lit simple confortable avec syst\u00e8me anti-basculement.<\/p>\n","protected":false},"featured_media":60977,"comment_status":"open","ping_status":"closed","template":"","meta":[],"product_brand":[5021],"product_cat":[9795],"product_tag":[],"class_list":{"0":"post-82969","1":"product","2":"type-product","3":"status-publish","4":"has-post-thumbnail","6":"product_brand-predator-arredo-casa","7":"product_cat-canape-lit","9":"first","10":"instock","11":"sale","12":"taxable","13":"shipping-taxable","14":"purchasable","15":"product-type-simple"},"exclude_global_add_ons":[],"addons":[],"yoast_head":"<!-- This site is optimized with the Yoast SEO plugin v26.7 - https:\/\/yoast.com\/wordpress\/plugins\/seo\/ -->\n<title>Winter 166x87 cm canap\u00e9-lit en lin gris pour 3 personnes dossier inclinable<\/title>\n<meta name=\"description\" content=\"Canap\u00e9 avec un \u00e9l\u00e9gant rev\u00eatement en lin gris. En inclinant le dossier, on obtient un lit simple confortable avec syst\u00e8me anti-basculement.\" \/>\n<meta name=\"robots\" content=\"index, follow, max-snippet:-1, max-image-preview:large, max-video-preview:-1\" \/>\n<link rel=\"canonical\" href=\"https:\/\/www.bagnoitalia.com\/fr\/produit\/winter-166x87-cm-grey-linen-sofa-bed-for-3-persons-reclining-backrest-2.html\" \/>\n<meta property=\"og:locale\" content=\"fr_FR\" \/>\n<meta property=\"og:type\" content=\"article\" \/>\n<meta property=\"og:title\" content=\"Winter 166x87 cm canap\u00e9-lit en lin gris pour 3 personnes dossier inclinable\" \/>\n<meta property=\"og:description\" content=\"Canap\u00e9 avec un \u00e9l\u00e9gant rev\u00eatement en lin gris. En inclinant le dossier, on obtient un lit simple confortable avec syst\u00e8me anti-basculement.\" \/>\n<meta property=\"og:url\" content=\"https:\/\/www.bagnoitalia.com\/fr\/produit\/winter-166x87-cm-grey-linen-sofa-bed-for-3-persons-reclining-backrest-2.html\" \/>\n<meta property=\"og:site_name\" content=\"Bagno Italia\" \/>\n<meta property=\"og:image\" content=\"https:\/\/img.bagnoitalia.com\/wp-content\/uploads\/virtuemart\/product\/sofa-bed-linen-grey-166x87-cm-winter-1.jpg\" \/>\n\t<meta property=\"og:image:width\" content=\"550\" \/>\n\t<meta property=\"og:image:height\" content=\"549\" \/>\n\t<meta property=\"og:image:type\" content=\"image\/jpeg\" \/>\n<meta name=\"twitter:card\" content=\"summary_large_image\" \/>\n<script type=\"application\/ld+json\" class=\"yoast-schema-graph\">{\"@context\":\"https:\/\/schema.org\",\"@graph\":[{\"@type\":\"WebPage\",\"@id\":\"https:\/\/www.bagnoitalia.com\/fr\/produit\/winter-166x87-cm-grey-linen-sofa-bed-for-3-persons-reclining-backrest-2.html\",\"url\":\"https:\/\/www.bagnoitalia.com\/fr\/produit\/winter-166x87-cm-grey-linen-sofa-bed-for-3-persons-reclining-backrest-2.html\",\"name\":\"Winter 166x87 cm canap\u00e9-lit en lin gris pour 3 personnes dossier inclinable\",\"isPartOf\":{\"@id\":\"https:\/\/www.bagnoitalia.com\/fr#website\"},\"primaryImageOfPage\":{\"@id\":\"https:\/\/www.bagnoitalia.com\/fr\/produit\/winter-166x87-cm-grey-linen-sofa-bed-for-3-persons-reclining-backrest-2.html#primaryimage\"},\"image\":{\"@id\":\"https:\/\/www.bagnoitalia.com\/fr\/produit\/winter-166x87-cm-grey-linen-sofa-bed-for-3-persons-reclining-backrest-2.html#primaryimage\"},\"thumbnailUrl\":\"https:\/\/img.bagnoitalia.com\/wp-content\/uploads\/virtuemart\/product\/sofa-bed-linen-grey-166x87-cm-winter-1.jpg\",\"datePublished\":\"2023-03-23T15:14:41+00:00\",\"description\":\"Canap\u00e9 avec un \u00e9l\u00e9gant rev\u00eatement en lin gris. En inclinant le dossier, on obtient un lit simple confortable avec syst\u00e8me anti-basculement.\",\"breadcrumb\":{\"@id\":\"https:\/\/www.bagnoitalia.com\/fr\/produit\/winter-166x87-cm-grey-linen-sofa-bed-for-3-persons-reclining-backrest-2.html#breadcrumb\"},\"inLanguage\":\"fr-FR\",\"potentialAction\":[{\"@type\":\"ReadAction\",\"target\":[\"https:\/\/www.bagnoitalia.com\/fr\/produit\/winter-166x87-cm-grey-linen-sofa-bed-for-3-persons-reclining-backrest-2.html\"]}]},{\"@type\":\"ImageObject\",\"inLanguage\":\"fr-FR\",\"@id\":\"https:\/\/www.bagnoitalia.com\/fr\/produit\/winter-166x87-cm-grey-linen-sofa-bed-for-3-persons-reclining-backrest-2.html#primaryimage\",\"url\":\"https:\/\/img.bagnoitalia.com\/wp-content\/uploads\/virtuemart\/product\/sofa-bed-linen-grey-166x87-cm-winter-1.jpg\",\"contentUrl\":\"https:\/\/img.bagnoitalia.com\/wp-content\/uploads\/virtuemart\/product\/sofa-bed-linen-grey-166x87-cm-winter-1.jpg\",\"width\":550,\"height\":549},{\"@type\":\"BreadcrumbList\",\"@id\":\"https:\/\/www.bagnoitalia.com\/fr\/produit\/winter-166x87-cm-grey-linen-sofa-bed-for-3-persons-reclining-backrest-2.html#breadcrumb\",\"itemListElement\":[{\"@type\":\"ListItem\",\"position\":1,\"name\":\"Home\",\"item\":\"https:\/\/www.bagnoitalia.com\/fr\"},{\"@type\":\"ListItem\",\"position\":2,\"name\":\"Produits\",\"item\":\"https:\/\/www.bagnoitalia.com\/fr\/shop\"},{\"@type\":\"ListItem\",\"position\":3,\"name\":\"Winter 166&#215;87 cm canap\u00e9-lit en lin gris pour 3 personnes dossier inclinable\"}]},{\"@type\":\"WebSite\",\"@id\":\"https:\/\/www.bagnoitalia.com\/fr#website\",\"url\":\"https:\/\/www.bagnoitalia.com\/fr\",\"name\":\"Bagno Italia\",\"description\":\"\",\"publisher\":{\"@id\":\"https:\/\/www.bagnoitalia.com\/fr#organization\"},\"potentialAction\":[{\"@type\":\"SearchAction\",\"target\":{\"@type\":\"EntryPoint\",\"urlTemplate\":\"https:\/\/www.bagnoitalia.com\/fr?s={search_term_string}\"},\"query-input\":{\"@type\":\"PropertyValueSpecification\",\"valueRequired\":true,\"valueName\":\"search_term_string\"}}],\"inLanguage\":\"fr-FR\"},{\"@type\":\"Organization\",\"@id\":\"https:\/\/www.bagnoitalia.com\/fr#organization\",\"name\":\"Bagno Italia\",\"url\":\"https:\/\/www.bagnoitalia.com\/fr\",\"logo\":{\"@type\":\"ImageObject\",\"inLanguage\":\"fr-FR\",\"@id\":\"https:\/\/www.bagnoitalia.com\/fr#\/schema\/logo\/image\/\",\"url\":\"https:\/\/img.bagnoitalia.com\/wp-content\/uploads\/logo-bagnoitalia.webp\",\"contentUrl\":\"https:\/\/img.bagnoitalia.com\/wp-content\/uploads\/logo-bagnoitalia.webp\",\"width\":400,\"height\":70,\"caption\":\"Bagno Italia\"},\"image\":{\"@id\":\"https:\/\/www.bagnoitalia.com\/fr#\/schema\/logo\/image\/\"}}]}<\/script>\n<!-- \/ Yoast SEO plugin. -->","yoast_head_json":{"title":"Winter 166x87 cm canap\u00e9-lit en lin gris pour 3 personnes dossier inclinable","description":"Canap\u00e9 avec un \u00e9l\u00e9gant rev\u00eatement en lin gris. En inclinant le dossier, on obtient un lit simple confortable avec syst\u00e8me anti-basculement.","robots":{"index":"index","follow":"follow","max-snippet":"max-snippet:-1","max-image-preview":"max-image-preview:large","max-video-preview":"max-video-preview:-1"},"canonical":"https:\/\/www.bagnoitalia.com\/fr\/produit\/winter-166x87-cm-grey-linen-sofa-bed-for-3-persons-reclining-backrest-2.html","og_locale":"fr_FR","og_type":"article","og_title":"Winter 166x87 cm canap\u00e9-lit en lin gris pour 3 personnes dossier inclinable","og_description":"Canap\u00e9 avec un \u00e9l\u00e9gant rev\u00eatement en lin gris. En inclinant le dossier, on obtient un lit simple confortable avec syst\u00e8me anti-basculement.","og_url":"https:\/\/www.bagnoitalia.com\/fr\/produit\/winter-166x87-cm-grey-linen-sofa-bed-for-3-persons-reclining-backrest-2.html","og_site_name":"Bagno Italia","og_image":[{"width":550,"height":549,"url":"https:\/\/img.bagnoitalia.com\/wp-content\/uploads\/virtuemart\/product\/sofa-bed-linen-grey-166x87-cm-winter-1.jpg","type":"image\/jpeg"}],"twitter_card":"summary_large_image","schema":{"@context":"https:\/\/schema.org","@graph":[{"@type":"WebPage","@id":"https:\/\/www.bagnoitalia.com\/fr\/produit\/winter-166x87-cm-grey-linen-sofa-bed-for-3-persons-reclining-backrest-2.html","url":"https:\/\/www.bagnoitalia.com\/fr\/produit\/winter-166x87-cm-grey-linen-sofa-bed-for-3-persons-reclining-backrest-2.html","name":"Winter 166x87 cm canap\u00e9-lit en lin gris pour 3 personnes dossier inclinable","isPartOf":{"@id":"https:\/\/www.bagnoitalia.com\/fr#website"},"primaryImageOfPage":{"@id":"https:\/\/www.bagnoitalia.com\/fr\/produit\/winter-166x87-cm-grey-linen-sofa-bed-for-3-persons-reclining-backrest-2.html#primaryimage"},"image":{"@id":"https:\/\/www.bagnoitalia.com\/fr\/produit\/winter-166x87-cm-grey-linen-sofa-bed-for-3-persons-reclining-backrest-2.html#primaryimage"},"thumbnailUrl":"https:\/\/img.bagnoitalia.com\/wp-content\/uploads\/virtuemart\/product\/sofa-bed-linen-grey-166x87-cm-winter-1.jpg","datePublished":"2023-03-23T15:14:41+00:00","description":"Canap\u00e9 avec un \u00e9l\u00e9gant rev\u00eatement en lin gris. En inclinant le dossier, on obtient un lit simple confortable avec syst\u00e8me anti-basculement.","breadcrumb":{"@id":"https:\/\/www.bagnoitalia.com\/fr\/produit\/winter-166x87-cm-grey-linen-sofa-bed-for-3-persons-reclining-backrest-2.html#breadcrumb"},"inLanguage":"fr-FR","potentialAction":[{"@type":"ReadAction","target":["https:\/\/www.bagnoitalia.com\/fr\/produit\/winter-166x87-cm-grey-linen-sofa-bed-for-3-persons-reclining-backrest-2.html"]}]},{"@type":"ImageObject","inLanguage":"fr-FR","@id":"https:\/\/www.bagnoitalia.com\/fr\/produit\/winter-166x87-cm-grey-linen-sofa-bed-for-3-persons-reclining-backrest-2.html#primaryimage","url":"https:\/\/img.bagnoitalia.com\/wp-content\/uploads\/virtuemart\/product\/sofa-bed-linen-grey-166x87-cm-winter-1.jpg","contentUrl":"https:\/\/img.bagnoitalia.com\/wp-content\/uploads\/virtuemart\/product\/sofa-bed-linen-grey-166x87-cm-winter-1.jpg","width":550,"height":549},{"@type":"BreadcrumbList","@id":"https:\/\/www.bagnoitalia.com\/fr\/produit\/winter-166x87-cm-grey-linen-sofa-bed-for-3-persons-reclining-backrest-2.html#breadcrumb","itemListElement":[{"@type":"ListItem","position":1,"name":"Home","item":"https:\/\/www.bagnoitalia.com\/fr"},{"@type":"ListItem","position":2,"name":"Produits","item":"https:\/\/www.bagnoitalia.com\/fr\/shop"},{"@type":"ListItem","position":3,"name":"Winter 166&#215;87 cm canap\u00e9-lit en lin gris pour 3 personnes dossier inclinable"}]},{"@type":"WebSite","@id":"https:\/\/www.bagnoitalia.com\/fr#website","url":"https:\/\/www.bagnoitalia.com\/fr","name":"Bagno Italia","description":"","publisher":{"@id":"https:\/\/www.bagnoitalia.com\/fr#organization"},"potentialAction":[{"@type":"SearchAction","target":{"@type":"EntryPoint","urlTemplate":"https:\/\/www.bagnoitalia.com\/fr?s={search_term_string}"},"query-input":{"@type":"PropertyValueSpecification","valueRequired":true,"valueName":"search_term_string"}}],"inLanguage":"fr-FR"},{"@type":"Organization","@id":"https:\/\/www.bagnoitalia.com\/fr#organization","name":"Bagno Italia","url":"https:\/\/www.bagnoitalia.com\/fr","logo":{"@type":"ImageObject","inLanguage":"fr-FR","@id":"https:\/\/www.bagnoitalia.com\/fr#\/schema\/logo\/image\/","url":"https:\/\/img.bagnoitalia.com\/wp-content\/uploads\/logo-bagnoitalia.webp","contentUrl":"https:\/\/img.bagnoitalia.com\/wp-content\/uploads\/logo-bagnoitalia.webp","width":400,"height":70,"caption":"Bagno Italia"},"image":{"@id":"https:\/\/www.bagnoitalia.com\/fr#\/schema\/logo\/image\/"}}]}},"_links":{"self":[{"href":"https:\/\/www.bagnoitalia.com\/fr\/wp-json\/wp\/v2\/product\/82969","targetHints":{"allow":["GET"]}}],"collection":[{"href":"https:\/\/www.bagnoitalia.com\/fr\/wp-json\/wp\/v2\/product"}],"about":[{"href":"https:\/\/www.bagnoitalia.com\/fr\/wp-json\/wp\/v2\/types\/product"}],"replies":[{"embeddable":true,"href":"https:\/\/www.bagnoitalia.com\/fr\/wp-json\/wp\/v2\/comments?post=82969"}],"version-history":[{"count":0,"href":"https:\/\/www.bagnoitalia.com\/fr\/wp-json\/wp\/v2\/product\/82969\/revisions"}],"wp:featuredmedia":[{"embeddable":true,"href":"https:\/\/www.bagnoitalia.com\/fr\/wp-json\/wp\/v2\/media\/60977"}],"wp:attachment":[{"href":"https:\/\/www.bagnoitalia.com\/fr\/wp-json\/wp\/v2\/media?parent=82969"}],"wp:term":[{"taxonomy":"product_brand","embeddable":true,"href":"https:\/\/www.bagnoitalia.com\/fr\/wp-json\/wp\/v2\/product_brand?post=82969"},{"taxonomy":"product_cat","embeddable":true,"href":"https:\/\/www.bagnoitalia.com\/fr\/wp-json\/wp\/v2\/product_cat?post=82969"},{"taxonomy":"product_tag","embeddable":true,"href":"https:\/\/www.bagnoitalia.com\/fr\/wp-json\/wp\/v2\/product_tag?post=82969"}],"curies":[{"name":"wp","href":"https:\/\/api.w.org\/{rel}","templated":true}]}}