{"id":82953,"date":"2023-03-21T15:34:24","date_gmt":"2023-03-21T14:34:24","guid":{"rendered":"https:\/\/www.bagnoitalia.com\/product\/sun-modele-de-salon-dexterieur-canape-avec-deux-fauteuils-et-table-basse-en-resine-effet-polypropylene-blanc-anthracite-ou-marron"},"modified":"2024-06-17T14:11:08","modified_gmt":"2024-06-17T12:11:08","slug":"sun-modele-de-salon-dexterieur-canape-avec-deux-fauteuils-et-table-basse-en-resine-effet-polypropylene-blanc-anthracite-ou-marron","status":"publish","type":"product","link":"https:\/\/www.bagnoitalia.com\/fr\/produit\/sun-modele-de-salon-dexterieur-canape-avec-deux-fauteuils-et-table-basse-en-resine-effet-polypropylene-blanc-anthracite-ou-marron.html","title":{"rendered":"SUN Mod\u00e8le de salon d&rsquo;ext\u00e9rieur Canap\u00e9 avec deux fauteuils et table basse en r\u00e9sine effet polypropyl\u00e8ne blanc anthracite ou marron"},"content":{"rendered":"<p style=\"text-align: center;\"><span style=\"text-decoration: underline; color: #ff0000; font-size: 18pt;\"><strong>Mod\u00e8le \u00ab\u00a0SUN\u00a0\u00bb ENSEMBLE D&rsquo;EXT\u00c9RIEUR<\/strong><\/span><\/p>\n<p>&nbsp;<\/p>\n<p>Salon d&rsquo;ext\u00e9rieur, pour 4 personnes, compos\u00e9 de :<\/p>\n<p>no. 1 canap\u00e9 \u00e0 deux places de 112xD56xH90 cm<\/p>\n<p>n\u00ba 1 table basse carr\u00e9e, 39x39xH46 cm 1 table basse carr\u00e9e, 39x39xH46 cm<\/p>\n<p>no. 2 fauteuils, chacun mesurant 60xD59xH90 cm<\/p>\n<p>les 4 coussins pour les si\u00e8ges sont inclus dans l&rsquo;offre<\/p>\n<p>Structure en r\u00e9sine polypropyl\u00e8ne r\u00e9sistante aux chocs avec effet polypropyl\u00e8ne<\/p>\n<p>Disponible en trois couleurs<\/p>\n<p>anthracite<br \/>\nmarron<br \/>\nblanc<br \/>\n&nbsp;<\/p>\n<p>&nbsp;<\/p>\n<p>&nbsp;<\/p>\n<p>&nbsp;<\/p>\n<p>&nbsp;<\/p>\n<p>&nbsp;<\/p>\n<p>&nbsp;<\/p>\n<p>&nbsp;<\/p>\n<p>&nbsp;<\/p>\n<p>3419<br \/>\n3420<br \/>\n3421<\/p>\n","protected":false},"excerpt":{"rendered":"<p>Mobilier d&rsquo;ext\u00e9rieur, adapt\u00e9 aux terrasses, aux jardins, aux bords de piscine. Disponible en 3 couleurs, cet ensemble comprend un canap\u00e9 deux places, deux fauteuils et une table.<\/p>\n","protected":false},"featured_media":60853,"comment_status":"open","ping_status":"closed","template":"","meta":[],"product_brand":[5004],"product_cat":[10012,9783],"product_tag":[],"class_list":{"0":"post-82953","1":"product","2":"type-product","3":"status-publish","4":"has-post-thumbnail","6":"product_brand-vari-produttori","7":"product_cat-canapes-dexterieur","8":"product_cat-mobilier-d-39-exterieur","10":"first","11":"instock","12":"sale","13":"taxable","14":"shipping-taxable","15":"purchasable","16":"product-type-simple"},"exclude_global_add_ons":false,"addons":[{"name":"couleur","type":"multiple_choice","position":0,"required":true,"title_format":"heading","default":"","description_enable":false,"description":"","placeholder_enable":false,"placeholder":"","display":"select","restrictions_type":"any_text","adjust_price":false,"price":"","price_type":"flat_fee","restrictions":false,"min":"0","max":"0","options":[{"label":"Anthracite","price":"","price_type":"quantity_based","image":0,"visibility":true},{"label":"Brun","price":"","price_type":"quantity_based","image":0,"visibility":true},{"label":"Blanc","price":"","price_type":"quantity_based","image":0,"visibility":true}],"id":1718633469}],"yoast_head":"<!-- This site is optimized with the Yoast SEO plugin v26.7 - https:\/\/yoast.com\/wordpress\/plugins\/seo\/ -->\n<title>Mod\u00e8le de salon d&#039;ext\u00e9rieur Canap\u00e9 soleil avec deux fauteuils et table basse en r\u00e9sine effet polypropyl\u00e8ne blanc anthracite ou marron<\/title>\n<meta name=\"description\" content=\"Mobilier d&#039;ext\u00e9rieur, adapt\u00e9 aux terrasses, aux jardins, aux bords de piscine. Disponible en 3 couleurs, cet ensemble comprend un canap\u00e9 deux places, deux fauteuils et une table.\" \/>\n<meta name=\"robots\" content=\"index, follow, max-snippet:-1, max-image-preview:large, max-video-preview:-1\" \/>\n<link rel=\"canonical\" href=\"https:\/\/www.bagnoitalia.com\/fr\/produit\/sun-modele-de-salon-dexterieur-canape-avec-deux-fauteuils-et-table-basse-en-resine-effet-polypropylene-blanc-anthracite-ou-marron.html\" \/>\n<meta property=\"og:locale\" content=\"fr_FR\" \/>\n<meta property=\"og:type\" content=\"article\" \/>\n<meta property=\"og:title\" content=\"Mod\u00e8le de salon d&#039;ext\u00e9rieur Canap\u00e9 soleil avec deux fauteuils et table basse en r\u00e9sine effet polypropyl\u00e8ne blanc anthracite ou marron\" \/>\n<meta property=\"og:description\" content=\"Mobilier d&#039;ext\u00e9rieur, adapt\u00e9 aux terrasses, aux jardins, aux bords de piscine. Disponible en 3 couleurs, cet ensemble comprend un canap\u00e9 deux places, deux fauteuils et une table.\" \/>\n<meta property=\"og:url\" content=\"https:\/\/www.bagnoitalia.com\/fr\/produit\/sun-modele-de-salon-dexterieur-canape-avec-deux-fauteuils-et-table-basse-en-resine-effet-polypropylene-blanc-anthracite-ou-marron.html\" \/>\n<meta property=\"og:site_name\" content=\"Bagno Italia\" \/>\n<meta property=\"article:modified_time\" content=\"2024-06-17T12:11:08+00:00\" \/>\n<meta property=\"og:image\" content=\"https:\/\/img.bagnoitalia.com\/wp-content\/uploads\/virtuemart\/product\/set-rattan-outdoor-sofa-chairs-3-colours-1.jpg\" \/>\n\t<meta property=\"og:image:width\" content=\"550\" \/>\n\t<meta property=\"og:image:height\" content=\"550\" \/>\n\t<meta property=\"og:image:type\" content=\"image\/jpeg\" \/>\n<meta name=\"twitter:card\" content=\"summary_large_image\" \/>\n<meta name=\"twitter:label1\" content=\"Dur\u00e9e de lecture estim\u00e9e\" \/>\n\t<meta name=\"twitter:data1\" content=\"1 minute\" \/>\n<script type=\"application\/ld+json\" class=\"yoast-schema-graph\">{\"@context\":\"https:\/\/schema.org\",\"@graph\":[{\"@type\":\"WebPage\",\"@id\":\"https:\/\/www.bagnoitalia.com\/fr\/produit\/sun-modele-de-salon-dexterieur-canape-avec-deux-fauteuils-et-table-basse-en-resine-effet-polypropylene-blanc-anthracite-ou-marron.html\",\"url\":\"https:\/\/www.bagnoitalia.com\/fr\/produit\/sun-modele-de-salon-dexterieur-canape-avec-deux-fauteuils-et-table-basse-en-resine-effet-polypropylene-blanc-anthracite-ou-marron.html\",\"name\":\"Mod\u00e8le de salon d'ext\u00e9rieur Canap\u00e9 soleil avec deux fauteuils et table basse en r\u00e9sine effet polypropyl\u00e8ne blanc anthracite ou marron\",\"isPartOf\":{\"@id\":\"https:\/\/www.bagnoitalia.com\/fr#website\"},\"primaryImageOfPage\":{\"@id\":\"https:\/\/www.bagnoitalia.com\/fr\/produit\/sun-modele-de-salon-dexterieur-canape-avec-deux-fauteuils-et-table-basse-en-resine-effet-polypropylene-blanc-anthracite-ou-marron.html#primaryimage\"},\"image\":{\"@id\":\"https:\/\/www.bagnoitalia.com\/fr\/produit\/sun-modele-de-salon-dexterieur-canape-avec-deux-fauteuils-et-table-basse-en-resine-effet-polypropylene-blanc-anthracite-ou-marron.html#primaryimage\"},\"thumbnailUrl\":\"https:\/\/img.bagnoitalia.com\/wp-content\/uploads\/virtuemart\/product\/set-rattan-outdoor-sofa-chairs-3-colours-1.jpg\",\"datePublished\":\"2023-03-21T14:34:24+00:00\",\"dateModified\":\"2024-06-17T12:11:08+00:00\",\"description\":\"Mobilier d'ext\u00e9rieur, adapt\u00e9 aux terrasses, aux jardins, aux bords de piscine. Disponible en 3 couleurs, cet ensemble comprend un canap\u00e9 deux places, deux fauteuils et une table.\",\"breadcrumb\":{\"@id\":\"https:\/\/www.bagnoitalia.com\/fr\/produit\/sun-modele-de-salon-dexterieur-canape-avec-deux-fauteuils-et-table-basse-en-resine-effet-polypropylene-blanc-anthracite-ou-marron.html#breadcrumb\"},\"inLanguage\":\"fr-FR\",\"potentialAction\":[{\"@type\":\"ReadAction\",\"target\":[\"https:\/\/www.bagnoitalia.com\/fr\/produit\/sun-modele-de-salon-dexterieur-canape-avec-deux-fauteuils-et-table-basse-en-resine-effet-polypropylene-blanc-anthracite-ou-marron.html\"]}]},{\"@type\":\"ImageObject\",\"inLanguage\":\"fr-FR\",\"@id\":\"https:\/\/www.bagnoitalia.com\/fr\/produit\/sun-modele-de-salon-dexterieur-canape-avec-deux-fauteuils-et-table-basse-en-resine-effet-polypropylene-blanc-anthracite-ou-marron.html#primaryimage\",\"url\":\"https:\/\/img.bagnoitalia.com\/wp-content\/uploads\/virtuemart\/product\/set-rattan-outdoor-sofa-chairs-3-colours-1.jpg\",\"contentUrl\":\"https:\/\/img.bagnoitalia.com\/wp-content\/uploads\/virtuemart\/product\/set-rattan-outdoor-sofa-chairs-3-colours-1.jpg\",\"width\":550,\"height\":550},{\"@type\":\"BreadcrumbList\",\"@id\":\"https:\/\/www.bagnoitalia.com\/fr\/produit\/sun-modele-de-salon-dexterieur-canape-avec-deux-fauteuils-et-table-basse-en-resine-effet-polypropylene-blanc-anthracite-ou-marron.html#breadcrumb\",\"itemListElement\":[{\"@type\":\"ListItem\",\"position\":1,\"name\":\"Home\",\"item\":\"https:\/\/www.bagnoitalia.com\/fr\"},{\"@type\":\"ListItem\",\"position\":2,\"name\":\"Produits\",\"item\":\"https:\/\/www.bagnoitalia.com\/fr\/shop\"},{\"@type\":\"ListItem\",\"position\":3,\"name\":\"SUN Mod\u00e8le de salon d&#8217;ext\u00e9rieur Canap\u00e9 avec deux fauteuils et table basse en r\u00e9sine effet polypropyl\u00e8ne blanc anthracite ou marron\"}]},{\"@type\":\"WebSite\",\"@id\":\"https:\/\/www.bagnoitalia.com\/fr#website\",\"url\":\"https:\/\/www.bagnoitalia.com\/fr\",\"name\":\"Bagno Italia\",\"description\":\"\",\"publisher\":{\"@id\":\"https:\/\/www.bagnoitalia.com\/fr#organization\"},\"potentialAction\":[{\"@type\":\"SearchAction\",\"target\":{\"@type\":\"EntryPoint\",\"urlTemplate\":\"https:\/\/www.bagnoitalia.com\/fr?s={search_term_string}\"},\"query-input\":{\"@type\":\"PropertyValueSpecification\",\"valueRequired\":true,\"valueName\":\"search_term_string\"}}],\"inLanguage\":\"fr-FR\"},{\"@type\":\"Organization\",\"@id\":\"https:\/\/www.bagnoitalia.com\/fr#organization\",\"name\":\"Bagno Italia\",\"url\":\"https:\/\/www.bagnoitalia.com\/fr\",\"logo\":{\"@type\":\"ImageObject\",\"inLanguage\":\"fr-FR\",\"@id\":\"https:\/\/www.bagnoitalia.com\/fr#\/schema\/logo\/image\/\",\"url\":\"https:\/\/img.bagnoitalia.com\/wp-content\/uploads\/logo-bagnoitalia.webp\",\"contentUrl\":\"https:\/\/img.bagnoitalia.com\/wp-content\/uploads\/logo-bagnoitalia.webp\",\"width\":400,\"height\":70,\"caption\":\"Bagno Italia\"},\"image\":{\"@id\":\"https:\/\/www.bagnoitalia.com\/fr#\/schema\/logo\/image\/\"}}]}<\/script>\n<!-- \/ Yoast SEO plugin. -->","yoast_head_json":{"title":"Mod\u00e8le de salon d'ext\u00e9rieur Canap\u00e9 soleil avec deux fauteuils et table basse en r\u00e9sine effet polypropyl\u00e8ne blanc anthracite ou marron","description":"Mobilier d'ext\u00e9rieur, adapt\u00e9 aux terrasses, aux jardins, aux bords de piscine. Disponible en 3 couleurs, cet ensemble comprend un canap\u00e9 deux places, deux fauteuils et une table.","robots":{"index":"index","follow":"follow","max-snippet":"max-snippet:-1","max-image-preview":"max-image-preview:large","max-video-preview":"max-video-preview:-1"},"canonical":"https:\/\/www.bagnoitalia.com\/fr\/produit\/sun-modele-de-salon-dexterieur-canape-avec-deux-fauteuils-et-table-basse-en-resine-effet-polypropylene-blanc-anthracite-ou-marron.html","og_locale":"fr_FR","og_type":"article","og_title":"Mod\u00e8le de salon d'ext\u00e9rieur Canap\u00e9 soleil avec deux fauteuils et table basse en r\u00e9sine effet polypropyl\u00e8ne blanc anthracite ou marron","og_description":"Mobilier d'ext\u00e9rieur, adapt\u00e9 aux terrasses, aux jardins, aux bords de piscine. Disponible en 3 couleurs, cet ensemble comprend un canap\u00e9 deux places, deux fauteuils et une table.","og_url":"https:\/\/www.bagnoitalia.com\/fr\/produit\/sun-modele-de-salon-dexterieur-canape-avec-deux-fauteuils-et-table-basse-en-resine-effet-polypropylene-blanc-anthracite-ou-marron.html","og_site_name":"Bagno Italia","article_modified_time":"2024-06-17T12:11:08+00:00","og_image":[{"width":550,"height":550,"url":"https:\/\/img.bagnoitalia.com\/wp-content\/uploads\/virtuemart\/product\/set-rattan-outdoor-sofa-chairs-3-colours-1.jpg","type":"image\/jpeg"}],"twitter_card":"summary_large_image","twitter_misc":{"Dur\u00e9e de lecture estim\u00e9e":"1 minute"},"schema":{"@context":"https:\/\/schema.org","@graph":[{"@type":"WebPage","@id":"https:\/\/www.bagnoitalia.com\/fr\/produit\/sun-modele-de-salon-dexterieur-canape-avec-deux-fauteuils-et-table-basse-en-resine-effet-polypropylene-blanc-anthracite-ou-marron.html","url":"https:\/\/www.bagnoitalia.com\/fr\/produit\/sun-modele-de-salon-dexterieur-canape-avec-deux-fauteuils-et-table-basse-en-resine-effet-polypropylene-blanc-anthracite-ou-marron.html","name":"Mod\u00e8le de salon d'ext\u00e9rieur Canap\u00e9 soleil avec deux fauteuils et table basse en r\u00e9sine effet polypropyl\u00e8ne blanc anthracite ou marron","isPartOf":{"@id":"https:\/\/www.bagnoitalia.com\/fr#website"},"primaryImageOfPage":{"@id":"https:\/\/www.bagnoitalia.com\/fr\/produit\/sun-modele-de-salon-dexterieur-canape-avec-deux-fauteuils-et-table-basse-en-resine-effet-polypropylene-blanc-anthracite-ou-marron.html#primaryimage"},"image":{"@id":"https:\/\/www.bagnoitalia.com\/fr\/produit\/sun-modele-de-salon-dexterieur-canape-avec-deux-fauteuils-et-table-basse-en-resine-effet-polypropylene-blanc-anthracite-ou-marron.html#primaryimage"},"thumbnailUrl":"https:\/\/img.bagnoitalia.com\/wp-content\/uploads\/virtuemart\/product\/set-rattan-outdoor-sofa-chairs-3-colours-1.jpg","datePublished":"2023-03-21T14:34:24+00:00","dateModified":"2024-06-17T12:11:08+00:00","description":"Mobilier d'ext\u00e9rieur, adapt\u00e9 aux terrasses, aux jardins, aux bords de piscine. Disponible en 3 couleurs, cet ensemble comprend un canap\u00e9 deux places, deux fauteuils et une table.","breadcrumb":{"@id":"https:\/\/www.bagnoitalia.com\/fr\/produit\/sun-modele-de-salon-dexterieur-canape-avec-deux-fauteuils-et-table-basse-en-resine-effet-polypropylene-blanc-anthracite-ou-marron.html#breadcrumb"},"inLanguage":"fr-FR","potentialAction":[{"@type":"ReadAction","target":["https:\/\/www.bagnoitalia.com\/fr\/produit\/sun-modele-de-salon-dexterieur-canape-avec-deux-fauteuils-et-table-basse-en-resine-effet-polypropylene-blanc-anthracite-ou-marron.html"]}]},{"@type":"ImageObject","inLanguage":"fr-FR","@id":"https:\/\/www.bagnoitalia.com\/fr\/produit\/sun-modele-de-salon-dexterieur-canape-avec-deux-fauteuils-et-table-basse-en-resine-effet-polypropylene-blanc-anthracite-ou-marron.html#primaryimage","url":"https:\/\/img.bagnoitalia.com\/wp-content\/uploads\/virtuemart\/product\/set-rattan-outdoor-sofa-chairs-3-colours-1.jpg","contentUrl":"https:\/\/img.bagnoitalia.com\/wp-content\/uploads\/virtuemart\/product\/set-rattan-outdoor-sofa-chairs-3-colours-1.jpg","width":550,"height":550},{"@type":"BreadcrumbList","@id":"https:\/\/www.bagnoitalia.com\/fr\/produit\/sun-modele-de-salon-dexterieur-canape-avec-deux-fauteuils-et-table-basse-en-resine-effet-polypropylene-blanc-anthracite-ou-marron.html#breadcrumb","itemListElement":[{"@type":"ListItem","position":1,"name":"Home","item":"https:\/\/www.bagnoitalia.com\/fr"},{"@type":"ListItem","position":2,"name":"Produits","item":"https:\/\/www.bagnoitalia.com\/fr\/shop"},{"@type":"ListItem","position":3,"name":"SUN Mod\u00e8le de salon d&#8217;ext\u00e9rieur Canap\u00e9 avec deux fauteuils et table basse en r\u00e9sine effet polypropyl\u00e8ne blanc anthracite ou marron"}]},{"@type":"WebSite","@id":"https:\/\/www.bagnoitalia.com\/fr#website","url":"https:\/\/www.bagnoitalia.com\/fr","name":"Bagno Italia","description":"","publisher":{"@id":"https:\/\/www.bagnoitalia.com\/fr#organization"},"potentialAction":[{"@type":"SearchAction","target":{"@type":"EntryPoint","urlTemplate":"https:\/\/www.bagnoitalia.com\/fr?s={search_term_string}"},"query-input":{"@type":"PropertyValueSpecification","valueRequired":true,"valueName":"search_term_string"}}],"inLanguage":"fr-FR"},{"@type":"Organization","@id":"https:\/\/www.bagnoitalia.com\/fr#organization","name":"Bagno Italia","url":"https:\/\/www.bagnoitalia.com\/fr","logo":{"@type":"ImageObject","inLanguage":"fr-FR","@id":"https:\/\/www.bagnoitalia.com\/fr#\/schema\/logo\/image\/","url":"https:\/\/img.bagnoitalia.com\/wp-content\/uploads\/logo-bagnoitalia.webp","contentUrl":"https:\/\/img.bagnoitalia.com\/wp-content\/uploads\/logo-bagnoitalia.webp","width":400,"height":70,"caption":"Bagno Italia"},"image":{"@id":"https:\/\/www.bagnoitalia.com\/fr#\/schema\/logo\/image\/"}}]}},"_links":{"self":[{"href":"https:\/\/www.bagnoitalia.com\/fr\/wp-json\/wp\/v2\/product\/82953","targetHints":{"allow":["GET"]}}],"collection":[{"href":"https:\/\/www.bagnoitalia.com\/fr\/wp-json\/wp\/v2\/product"}],"about":[{"href":"https:\/\/www.bagnoitalia.com\/fr\/wp-json\/wp\/v2\/types\/product"}],"replies":[{"embeddable":true,"href":"https:\/\/www.bagnoitalia.com\/fr\/wp-json\/wp\/v2\/comments?post=82953"}],"version-history":[{"count":1,"href":"https:\/\/www.bagnoitalia.com\/fr\/wp-json\/wp\/v2\/product\/82953\/revisions"}],"predecessor-version":[{"id":90333,"href":"https:\/\/www.bagnoitalia.com\/fr\/wp-json\/wp\/v2\/product\/82953\/revisions\/90333"}],"wp:featuredmedia":[{"embeddable":true,"href":"https:\/\/www.bagnoitalia.com\/fr\/wp-json\/wp\/v2\/media\/60853"}],"wp:attachment":[{"href":"https:\/\/www.bagnoitalia.com\/fr\/wp-json\/wp\/v2\/media?parent=82953"}],"wp:term":[{"taxonomy":"product_brand","embeddable":true,"href":"https:\/\/www.bagnoitalia.com\/fr\/wp-json\/wp\/v2\/product_brand?post=82953"},{"taxonomy":"product_cat","embeddable":true,"href":"https:\/\/www.bagnoitalia.com\/fr\/wp-json\/wp\/v2\/product_cat?post=82953"},{"taxonomy":"product_tag","embeddable":true,"href":"https:\/\/www.bagnoitalia.com\/fr\/wp-json\/wp\/v2\/product_tag?post=82953"}],"curies":[{"name":"wp","href":"https:\/\/api.w.org\/{rel}","templated":true}]}}