{"id":82949,"date":"2023-03-16T15:11:37","date_gmt":"2023-03-16T14:11:37","guid":{"rendered":"https:\/\/www.bagnoitalia.com\/product\/lemon-outdoor-armchairs-with-matching-round-table-set-suitable-for-terraces-and-gardens-2"},"modified":"2023-03-16T15:11:37","modified_gmt":"2023-03-16T14:11:37","slug":"lemon-outdoor-armchairs-with-matching-round-table-set-suitable-for-terraces-and-gardens-2","status":"publish","type":"product","link":"https:\/\/www.bagnoitalia.com\/fr\/produit\/lemon-outdoor-armchairs-with-matching-round-table-set-suitable-for-terraces-and-gardens-2.html","title":{"rendered":"Fauteuils d&rsquo;ext\u00e9rieur Lemon avec table ronde assortie pour terrasses et jardins"},"content":{"rendered":"<p style=\"text-align: center;\"><span style=\"text-decoration: underline; color: #ff0000; font-size: 18pt;\"><strong>FAUTEUIL avec TABLE mod\u00e8le \u00ab\u00a0LEMON<\/strong><\/span><\/p>\n<p>&nbsp;<\/p>\n<p><span style=\"text-decoration: underline;\"><strong>D\u00c9TAILS DU PRODUIT<\/strong><\/span><\/p>\n<p>Ensemble d&rsquo;ext\u00e9rieur compos\u00e9 de 2 fauteuils et d&rsquo;une petite table, r\u00e9sistant aux intemp\u00e9ries et aux UV.<\/p>\n<p>Convient pour les terrasses, les bords de piscine ou les jardins.<\/p>\n<p>Dimensions de chaque fauteuil : 56 x 61 x H81 cm<\/p>\n<p>Table ronde : Diam\u00e8tre de 50 cm<\/p>\n<p>Epaisseur du coussin d&rsquo;assise : 5 cm<\/p>\n<p>&nbsp;<\/p>\n<p><span style=\"text-decoration: underline;\"><strong>MAT\u00c9RIAU<\/strong><\/span><\/p>\n<p>Pieds en acier anodis\u00e9 couleur anthracite<\/p>\n<p>Structure du fauteuil : tresse de saule PE m\u00e9lang\u00e9e<\/p>\n<p>Plateau en verre tremp\u00e9 transparent de 5 mm d&rsquo;\u00e9paisseur<\/p>\n<p>Coussins en tissu polyester gris, d\u00e9houssables et lavables<\/p>\n<p>&nbsp;<\/p>\n<p>&nbsp;<\/p>\n<p>&nbsp;<\/p>\n<p>&nbsp;<\/p>\n<p>&nbsp;<\/p>\n<p>&nbsp;<\/p>\n<p>&nbsp;<\/p>\n<p>&nbsp;<\/p>\n<p>UL09<\/p>\n","protected":false},"excerpt":{"rendered":"<p>Ensemble de 3 pi\u00e8ces, comprenant 2 fauteuils et une petite table. Pratique et peu encombrant, ce mobilier s&rsquo;adapte \u00e0 tous les environnements, notamment \u00e0 l&rsquo;ext\u00e9rieur, comme les jardins, les balcons, les bords de piscine, etc.<\/p>\n","protected":false},"featured_media":60829,"comment_status":"open","ping_status":"closed","template":"","meta":[],"product_brand":[5030],"product_cat":[10115],"product_tag":[],"class_list":{"0":"post-82949","1":"product","2":"type-product","3":"status-publish","4":"has-post-thumbnail","6":"product_brand-sanotechnik-italia","7":"product_cat-senza-categoria-fr","9":"first","10":"outofstock","11":"taxable","12":"shipping-taxable","13":"purchasable","14":"product-type-simple"},"exclude_global_add_ons":[],"addons":[],"yoast_head":"<!-- This site is optimized with the Yoast SEO plugin v26.7 - https:\/\/yoast.com\/wordpress\/plugins\/seo\/ -->\n<title>Fauteuils d&#039;ext\u00e9rieur Lemon avec table ronde assortie pour terrasses et jardins<\/title>\n<meta name=\"description\" content=\"Ensemble de 3 pi\u00e8ces, comprenant 2 fauteuils et une petite table. Pratique et peu encombrant, ce mobilier s&#039;adapte \u00e0 tous les environnements, notamment \u00e0 l&#039;ext\u00e9rieur, comme les jardins, les balcons, les bords de piscine, etc.\" \/>\n<meta name=\"robots\" content=\"index, follow, max-snippet:-1, max-image-preview:large, max-video-preview:-1\" \/>\n<link rel=\"canonical\" href=\"https:\/\/www.bagnoitalia.com\/fr\/produit\/lemon-outdoor-armchairs-with-matching-round-table-set-suitable-for-terraces-and-gardens-2.html\" \/>\n<meta property=\"og:locale\" content=\"fr_FR\" \/>\n<meta property=\"og:type\" content=\"article\" \/>\n<meta property=\"og:title\" content=\"Fauteuils d&#039;ext\u00e9rieur Lemon avec table ronde assortie pour terrasses et jardins\" \/>\n<meta property=\"og:description\" content=\"Ensemble de 3 pi\u00e8ces, comprenant 2 fauteuils et une petite table. Pratique et peu encombrant, ce mobilier s&#039;adapte \u00e0 tous les environnements, notamment \u00e0 l&#039;ext\u00e9rieur, comme les jardins, les balcons, les bords de piscine, etc.\" \/>\n<meta property=\"og:url\" content=\"https:\/\/www.bagnoitalia.com\/fr\/produit\/lemon-outdoor-armchairs-with-matching-round-table-set-suitable-for-terraces-and-gardens-2.html\" \/>\n<meta property=\"og:site_name\" content=\"Bagno Italia\" \/>\n<meta property=\"og:image\" content=\"https:\/\/img.bagnoitalia.com\/wp-content\/uploads\/virtuemart\/product\/set-outdoor-furniture-garden-terrace-table-chairs-1.jpg\" \/>\n\t<meta property=\"og:image:width\" content=\"550\" \/>\n\t<meta property=\"og:image:height\" content=\"550\" \/>\n\t<meta property=\"og:image:type\" content=\"image\/jpeg\" \/>\n<meta name=\"twitter:card\" content=\"summary_large_image\" \/>\n<meta name=\"twitter:label1\" content=\"Dur\u00e9e de lecture estim\u00e9e\" \/>\n\t<meta name=\"twitter:data1\" content=\"1 minute\" \/>\n<script type=\"application\/ld+json\" class=\"yoast-schema-graph\">{\"@context\":\"https:\/\/schema.org\",\"@graph\":[{\"@type\":\"WebPage\",\"@id\":\"https:\/\/www.bagnoitalia.com\/fr\/produit\/lemon-outdoor-armchairs-with-matching-round-table-set-suitable-for-terraces-and-gardens-2.html\",\"url\":\"https:\/\/www.bagnoitalia.com\/fr\/produit\/lemon-outdoor-armchairs-with-matching-round-table-set-suitable-for-terraces-and-gardens-2.html\",\"name\":\"Fauteuils d'ext\u00e9rieur Lemon avec table ronde assortie pour terrasses et jardins\",\"isPartOf\":{\"@id\":\"https:\/\/www.bagnoitalia.com\/fr#website\"},\"primaryImageOfPage\":{\"@id\":\"https:\/\/www.bagnoitalia.com\/fr\/produit\/lemon-outdoor-armchairs-with-matching-round-table-set-suitable-for-terraces-and-gardens-2.html#primaryimage\"},\"image\":{\"@id\":\"https:\/\/www.bagnoitalia.com\/fr\/produit\/lemon-outdoor-armchairs-with-matching-round-table-set-suitable-for-terraces-and-gardens-2.html#primaryimage\"},\"thumbnailUrl\":\"https:\/\/img.bagnoitalia.com\/wp-content\/uploads\/virtuemart\/product\/set-outdoor-furniture-garden-terrace-table-chairs-1.jpg\",\"datePublished\":\"2023-03-16T14:11:37+00:00\",\"description\":\"Ensemble de 3 pi\u00e8ces, comprenant 2 fauteuils et une petite table. Pratique et peu encombrant, ce mobilier s&#39;adapte \u00e0 tous les environnements, notamment \u00e0 l&#39;ext\u00e9rieur, comme les jardins, les balcons, les bords de piscine, etc.\",\"breadcrumb\":{\"@id\":\"https:\/\/www.bagnoitalia.com\/fr\/produit\/lemon-outdoor-armchairs-with-matching-round-table-set-suitable-for-terraces-and-gardens-2.html#breadcrumb\"},\"inLanguage\":\"fr-FR\",\"potentialAction\":[{\"@type\":\"ReadAction\",\"target\":[\"https:\/\/www.bagnoitalia.com\/fr\/produit\/lemon-outdoor-armchairs-with-matching-round-table-set-suitable-for-terraces-and-gardens-2.html\"]}]},{\"@type\":\"ImageObject\",\"inLanguage\":\"fr-FR\",\"@id\":\"https:\/\/www.bagnoitalia.com\/fr\/produit\/lemon-outdoor-armchairs-with-matching-round-table-set-suitable-for-terraces-and-gardens-2.html#primaryimage\",\"url\":\"https:\/\/img.bagnoitalia.com\/wp-content\/uploads\/virtuemart\/product\/set-outdoor-furniture-garden-terrace-table-chairs-1.jpg\",\"contentUrl\":\"https:\/\/img.bagnoitalia.com\/wp-content\/uploads\/virtuemart\/product\/set-outdoor-furniture-garden-terrace-table-chairs-1.jpg\",\"width\":550,\"height\":550},{\"@type\":\"BreadcrumbList\",\"@id\":\"https:\/\/www.bagnoitalia.com\/fr\/produit\/lemon-outdoor-armchairs-with-matching-round-table-set-suitable-for-terraces-and-gardens-2.html#breadcrumb\",\"itemListElement\":[{\"@type\":\"ListItem\",\"position\":1,\"name\":\"Home\",\"item\":\"https:\/\/www.bagnoitalia.com\/fr\"},{\"@type\":\"ListItem\",\"position\":2,\"name\":\"Produits\",\"item\":\"https:\/\/www.bagnoitalia.com\/fr\/shop\"},{\"@type\":\"ListItem\",\"position\":3,\"name\":\"Fauteuils d&#8217;ext\u00e9rieur Lemon avec table ronde assortie pour terrasses et jardins\"}]},{\"@type\":\"WebSite\",\"@id\":\"https:\/\/www.bagnoitalia.com\/fr#website\",\"url\":\"https:\/\/www.bagnoitalia.com\/fr\",\"name\":\"Bagno Italia\",\"description\":\"\",\"publisher\":{\"@id\":\"https:\/\/www.bagnoitalia.com\/fr#organization\"},\"potentialAction\":[{\"@type\":\"SearchAction\",\"target\":{\"@type\":\"EntryPoint\",\"urlTemplate\":\"https:\/\/www.bagnoitalia.com\/fr?s={search_term_string}\"},\"query-input\":{\"@type\":\"PropertyValueSpecification\",\"valueRequired\":true,\"valueName\":\"search_term_string\"}}],\"inLanguage\":\"fr-FR\"},{\"@type\":\"Organization\",\"@id\":\"https:\/\/www.bagnoitalia.com\/fr#organization\",\"name\":\"Bagno Italia\",\"url\":\"https:\/\/www.bagnoitalia.com\/fr\",\"logo\":{\"@type\":\"ImageObject\",\"inLanguage\":\"fr-FR\",\"@id\":\"https:\/\/www.bagnoitalia.com\/fr#\/schema\/logo\/image\/\",\"url\":\"https:\/\/img.bagnoitalia.com\/wp-content\/uploads\/logo-bagnoitalia.webp\",\"contentUrl\":\"https:\/\/img.bagnoitalia.com\/wp-content\/uploads\/logo-bagnoitalia.webp\",\"width\":400,\"height\":70,\"caption\":\"Bagno Italia\"},\"image\":{\"@id\":\"https:\/\/www.bagnoitalia.com\/fr#\/schema\/logo\/image\/\"}}]}<\/script>\n<!-- \/ Yoast SEO plugin. -->","yoast_head_json":{"title":"Fauteuils d'ext\u00e9rieur Lemon avec table ronde assortie pour terrasses et jardins","description":"Ensemble de 3 pi\u00e8ces, comprenant 2 fauteuils et une petite table. Pratique et peu encombrant, ce mobilier s&#39;adapte \u00e0 tous les environnements, notamment \u00e0 l&#39;ext\u00e9rieur, comme les jardins, les balcons, les bords de piscine, etc.","robots":{"index":"index","follow":"follow","max-snippet":"max-snippet:-1","max-image-preview":"max-image-preview:large","max-video-preview":"max-video-preview:-1"},"canonical":"https:\/\/www.bagnoitalia.com\/fr\/produit\/lemon-outdoor-armchairs-with-matching-round-table-set-suitable-for-terraces-and-gardens-2.html","og_locale":"fr_FR","og_type":"article","og_title":"Fauteuils d'ext\u00e9rieur Lemon avec table ronde assortie pour terrasses et jardins","og_description":"Ensemble de 3 pi\u00e8ces, comprenant 2 fauteuils et une petite table. Pratique et peu encombrant, ce mobilier s&#39;adapte \u00e0 tous les environnements, notamment \u00e0 l&#39;ext\u00e9rieur, comme les jardins, les balcons, les bords de piscine, etc.","og_url":"https:\/\/www.bagnoitalia.com\/fr\/produit\/lemon-outdoor-armchairs-with-matching-round-table-set-suitable-for-terraces-and-gardens-2.html","og_site_name":"Bagno Italia","og_image":[{"width":550,"height":550,"url":"https:\/\/img.bagnoitalia.com\/wp-content\/uploads\/virtuemart\/product\/set-outdoor-furniture-garden-terrace-table-chairs-1.jpg","type":"image\/jpeg"}],"twitter_card":"summary_large_image","twitter_misc":{"Dur\u00e9e de lecture estim\u00e9e":"1 minute"},"schema":{"@context":"https:\/\/schema.org","@graph":[{"@type":"WebPage","@id":"https:\/\/www.bagnoitalia.com\/fr\/produit\/lemon-outdoor-armchairs-with-matching-round-table-set-suitable-for-terraces-and-gardens-2.html","url":"https:\/\/www.bagnoitalia.com\/fr\/produit\/lemon-outdoor-armchairs-with-matching-round-table-set-suitable-for-terraces-and-gardens-2.html","name":"Fauteuils d'ext\u00e9rieur Lemon avec table ronde assortie pour terrasses et jardins","isPartOf":{"@id":"https:\/\/www.bagnoitalia.com\/fr#website"},"primaryImageOfPage":{"@id":"https:\/\/www.bagnoitalia.com\/fr\/produit\/lemon-outdoor-armchairs-with-matching-round-table-set-suitable-for-terraces-and-gardens-2.html#primaryimage"},"image":{"@id":"https:\/\/www.bagnoitalia.com\/fr\/produit\/lemon-outdoor-armchairs-with-matching-round-table-set-suitable-for-terraces-and-gardens-2.html#primaryimage"},"thumbnailUrl":"https:\/\/img.bagnoitalia.com\/wp-content\/uploads\/virtuemart\/product\/set-outdoor-furniture-garden-terrace-table-chairs-1.jpg","datePublished":"2023-03-16T14:11:37+00:00","description":"Ensemble de 3 pi\u00e8ces, comprenant 2 fauteuils et une petite table. Pratique et peu encombrant, ce mobilier s&#39;adapte \u00e0 tous les environnements, notamment \u00e0 l&#39;ext\u00e9rieur, comme les jardins, les balcons, les bords de piscine, etc.","breadcrumb":{"@id":"https:\/\/www.bagnoitalia.com\/fr\/produit\/lemon-outdoor-armchairs-with-matching-round-table-set-suitable-for-terraces-and-gardens-2.html#breadcrumb"},"inLanguage":"fr-FR","potentialAction":[{"@type":"ReadAction","target":["https:\/\/www.bagnoitalia.com\/fr\/produit\/lemon-outdoor-armchairs-with-matching-round-table-set-suitable-for-terraces-and-gardens-2.html"]}]},{"@type":"ImageObject","inLanguage":"fr-FR","@id":"https:\/\/www.bagnoitalia.com\/fr\/produit\/lemon-outdoor-armchairs-with-matching-round-table-set-suitable-for-terraces-and-gardens-2.html#primaryimage","url":"https:\/\/img.bagnoitalia.com\/wp-content\/uploads\/virtuemart\/product\/set-outdoor-furniture-garden-terrace-table-chairs-1.jpg","contentUrl":"https:\/\/img.bagnoitalia.com\/wp-content\/uploads\/virtuemart\/product\/set-outdoor-furniture-garden-terrace-table-chairs-1.jpg","width":550,"height":550},{"@type":"BreadcrumbList","@id":"https:\/\/www.bagnoitalia.com\/fr\/produit\/lemon-outdoor-armchairs-with-matching-round-table-set-suitable-for-terraces-and-gardens-2.html#breadcrumb","itemListElement":[{"@type":"ListItem","position":1,"name":"Home","item":"https:\/\/www.bagnoitalia.com\/fr"},{"@type":"ListItem","position":2,"name":"Produits","item":"https:\/\/www.bagnoitalia.com\/fr\/shop"},{"@type":"ListItem","position":3,"name":"Fauteuils d&#8217;ext\u00e9rieur Lemon avec table ronde assortie pour terrasses et jardins"}]},{"@type":"WebSite","@id":"https:\/\/www.bagnoitalia.com\/fr#website","url":"https:\/\/www.bagnoitalia.com\/fr","name":"Bagno Italia","description":"","publisher":{"@id":"https:\/\/www.bagnoitalia.com\/fr#organization"},"potentialAction":[{"@type":"SearchAction","target":{"@type":"EntryPoint","urlTemplate":"https:\/\/www.bagnoitalia.com\/fr?s={search_term_string}"},"query-input":{"@type":"PropertyValueSpecification","valueRequired":true,"valueName":"search_term_string"}}],"inLanguage":"fr-FR"},{"@type":"Organization","@id":"https:\/\/www.bagnoitalia.com\/fr#organization","name":"Bagno Italia","url":"https:\/\/www.bagnoitalia.com\/fr","logo":{"@type":"ImageObject","inLanguage":"fr-FR","@id":"https:\/\/www.bagnoitalia.com\/fr#\/schema\/logo\/image\/","url":"https:\/\/img.bagnoitalia.com\/wp-content\/uploads\/logo-bagnoitalia.webp","contentUrl":"https:\/\/img.bagnoitalia.com\/wp-content\/uploads\/logo-bagnoitalia.webp","width":400,"height":70,"caption":"Bagno Italia"},"image":{"@id":"https:\/\/www.bagnoitalia.com\/fr#\/schema\/logo\/image\/"}}]}},"_links":{"self":[{"href":"https:\/\/www.bagnoitalia.com\/fr\/wp-json\/wp\/v2\/product\/82949","targetHints":{"allow":["GET"]}}],"collection":[{"href":"https:\/\/www.bagnoitalia.com\/fr\/wp-json\/wp\/v2\/product"}],"about":[{"href":"https:\/\/www.bagnoitalia.com\/fr\/wp-json\/wp\/v2\/types\/product"}],"replies":[{"embeddable":true,"href":"https:\/\/www.bagnoitalia.com\/fr\/wp-json\/wp\/v2\/comments?post=82949"}],"version-history":[{"count":0,"href":"https:\/\/www.bagnoitalia.com\/fr\/wp-json\/wp\/v2\/product\/82949\/revisions"}],"wp:featuredmedia":[{"embeddable":true,"href":"https:\/\/www.bagnoitalia.com\/fr\/wp-json\/wp\/v2\/media\/60829"}],"wp:attachment":[{"href":"https:\/\/www.bagnoitalia.com\/fr\/wp-json\/wp\/v2\/media?parent=82949"}],"wp:term":[{"taxonomy":"product_brand","embeddable":true,"href":"https:\/\/www.bagnoitalia.com\/fr\/wp-json\/wp\/v2\/product_brand?post=82949"},{"taxonomy":"product_cat","embeddable":true,"href":"https:\/\/www.bagnoitalia.com\/fr\/wp-json\/wp\/v2\/product_cat?post=82949"},{"taxonomy":"product_tag","embeddable":true,"href":"https:\/\/www.bagnoitalia.com\/fr\/wp-json\/wp\/v2\/product_tag?post=82949"}],"curies":[{"name":"wp","href":"https:\/\/api.w.org\/{rel}","templated":true}]}}