{"id":82941,"date":"2023-03-16T08:58:53","date_gmt":"2023-03-16T07:58:53","guid":{"rendered":"https:\/\/www.bagnoitalia.com\/product\/fruit-210x78-cm-outdoor-sofa-with-folding-seat-and-coffee-table-set-for-terrace-and-garden-furniture-2"},"modified":"2023-03-16T08:58:53","modified_gmt":"2023-03-16T07:58:53","slug":"fruit-210x78-cm-outdoor-sofa-with-folding-seat-and-coffee-table-set-for-terrace-and-garden-furniture-2","status":"publish","type":"product","link":"https:\/\/www.bagnoitalia.com\/fr\/produit\/fruit-210x78-cm-outdoor-sofa-with-folding-seat-and-coffee-table-set-for-terrace-and-garden-furniture-2.html","title":{"rendered":"Fruit 210&#215;78 cm canap\u00e9 d&rsquo;ext\u00e9rieur avec si\u00e8ge pliant et table basse pour terrasse et salon de jardin"},"content":{"rendered":"<p style=\"text-align: center;\"><span style=\"text-decoration: underline; font-size: 14pt;\"><strong>CANAP\u00c9 AVEC STRAPONTIN + TABLE BASSE<\/strong><\/span><\/p>\n<p style=\"text-align: center;\"><span style=\"text-decoration: underline; color: #ff0000; font-size: 18pt;\"><strong>\u00ab\u00a0FRUIT<\/strong><\/span><\/p>\n<p>&nbsp;<\/p>\n<p>Ensemble d&rsquo;ext\u00e9rieur compos\u00e9 d&rsquo;un canap\u00e9 et d&rsquo;une table basse, tr\u00e8s r\u00e9sistant aux UV.<\/p>\n<p>Dimensions du canap\u00e9 : 210x78xH71 cm<\/p>\n<p>Dimensions de la table basse : 38x35xH56 cm<\/p>\n<p>L&rsquo;\u00e9paisseur des coussins est de 10 cm.<\/p>\n<p>Un c\u00f4t\u00e9 de l&rsquo;assise du canap\u00e9 peut \u00eatre pli\u00e9 pour obtenir une chaise longue avec un dossier confortable r\u00e9glable en 4 positions.<\/p>\n<p>Tissu en polyester hydrofuge, d\u00e9houssable<\/p>\n<p>Plateau de table en bois trait\u00e9<\/p>\n<p>Structure rev\u00eatue de poudre anthracite mate<\/p>\n<p>&nbsp;<\/p>\n<p>&nbsp;<\/p>\n<p>&nbsp;<\/p>\n<p>&nbsp;<\/p>\n<p>&nbsp;<\/p>\n<p>&nbsp;<\/p>\n<p>&nbsp;<\/p>\n<p>&nbsp;<\/p>\n<p>&nbsp;<\/p>\n<p>&nbsp;<\/p>\n<p>UL07<\/p>\n","protected":false},"excerpt":{"rendered":"<p>Meuble d&rsquo;ext\u00e9rieur mod\u00e8le Fruit, compos\u00e9 d&rsquo;une table basse et d&rsquo;un canap\u00e9 ; une partie de l&rsquo;assise est rabattable, de sorte que le canap\u00e9 peut \u00eatre transform\u00e9 en chaise longue.<\/p>\n","protected":false},"featured_media":60765,"comment_status":"open","ping_status":"closed","template":"","meta":[],"product_brand":[5030],"product_cat":[10012,9783],"product_tag":[],"class_list":{"0":"post-82941","1":"product","2":"type-product","3":"status-publish","4":"has-post-thumbnail","6":"product_brand-sanotechnik-italia","7":"product_cat-canapes-dexterieur","8":"product_cat-mobilier-d-39-exterieur","10":"first","11":"instock","12":"sale","13":"taxable","14":"shipping-taxable","15":"purchasable","16":"product-type-simple"},"exclude_global_add_ons":[],"addons":[],"yoast_head":"<!-- This site is optimized with the Yoast SEO plugin v26.7 - https:\/\/yoast.com\/wordpress\/plugins\/seo\/ -->\n<title>Fruit 210x78 cm canap\u00e9 d&#039;ext\u00e9rieur avec si\u00e8ge pliant et table basse pour terrasse et salon de jardin<\/title>\n<meta name=\"description\" content=\"Meuble d&#039;ext\u00e9rieur mod\u00e8le Fruit, compos\u00e9 d&#039;une table basse et d&#039;un canap\u00e9 ; une partie de l&#039;assise est rabattable, de sorte que le canap\u00e9 peut \u00eatre transform\u00e9 en chaise longue.\" \/>\n<meta name=\"robots\" content=\"index, follow, max-snippet:-1, max-image-preview:large, max-video-preview:-1\" \/>\n<link rel=\"canonical\" href=\"https:\/\/www.bagnoitalia.com\/fr\/produit\/fruit-210x78-cm-outdoor-sofa-with-folding-seat-and-coffee-table-set-for-terrace-and-garden-furniture-2.html\" \/>\n<meta property=\"og:locale\" content=\"fr_FR\" \/>\n<meta property=\"og:type\" content=\"article\" \/>\n<meta property=\"og:title\" content=\"Fruit 210x78 cm canap\u00e9 d&#039;ext\u00e9rieur avec si\u00e8ge pliant et table basse pour terrasse et salon de jardin\" \/>\n<meta property=\"og:description\" content=\"Meuble d&#039;ext\u00e9rieur mod\u00e8le Fruit, compos\u00e9 d&#039;une table basse et d&#039;un canap\u00e9 ; une partie de l&#039;assise est rabattable, de sorte que le canap\u00e9 peut \u00eatre transform\u00e9 en chaise longue.\" \/>\n<meta property=\"og:url\" content=\"https:\/\/www.bagnoitalia.com\/fr\/produit\/fruit-210x78-cm-outdoor-sofa-with-folding-seat-and-coffee-table-set-for-terrace-and-garden-furniture-2.html\" \/>\n<meta property=\"og:site_name\" content=\"Bagno Italia\" \/>\n<meta property=\"og:image\" content=\"https:\/\/img.bagnoitalia.com\/wp-content\/uploads\/virtuemart\/product\/outdoor-garden-furniture-sofa-seat-folding-fruit-1.jpg\" \/>\n\t<meta property=\"og:image:width\" content=\"550\" \/>\n\t<meta property=\"og:image:height\" content=\"550\" \/>\n\t<meta property=\"og:image:type\" content=\"image\/jpeg\" \/>\n<meta name=\"twitter:card\" content=\"summary_large_image\" \/>\n<script type=\"application\/ld+json\" class=\"yoast-schema-graph\">{\"@context\":\"https:\/\/schema.org\",\"@graph\":[{\"@type\":\"WebPage\",\"@id\":\"https:\/\/www.bagnoitalia.com\/fr\/produit\/fruit-210x78-cm-outdoor-sofa-with-folding-seat-and-coffee-table-set-for-terrace-and-garden-furniture-2.html\",\"url\":\"https:\/\/www.bagnoitalia.com\/fr\/produit\/fruit-210x78-cm-outdoor-sofa-with-folding-seat-and-coffee-table-set-for-terrace-and-garden-furniture-2.html\",\"name\":\"Fruit 210x78 cm canap\u00e9 d'ext\u00e9rieur avec si\u00e8ge pliant et table basse pour terrasse et salon de jardin\",\"isPartOf\":{\"@id\":\"https:\/\/www.bagnoitalia.com\/fr#website\"},\"primaryImageOfPage\":{\"@id\":\"https:\/\/www.bagnoitalia.com\/fr\/produit\/fruit-210x78-cm-outdoor-sofa-with-folding-seat-and-coffee-table-set-for-terrace-and-garden-furniture-2.html#primaryimage\"},\"image\":{\"@id\":\"https:\/\/www.bagnoitalia.com\/fr\/produit\/fruit-210x78-cm-outdoor-sofa-with-folding-seat-and-coffee-table-set-for-terrace-and-garden-furniture-2.html#primaryimage\"},\"thumbnailUrl\":\"https:\/\/img.bagnoitalia.com\/wp-content\/uploads\/virtuemart\/product\/outdoor-garden-furniture-sofa-seat-folding-fruit-1.jpg\",\"datePublished\":\"2023-03-16T07:58:53+00:00\",\"description\":\"Meuble d&#39;ext\u00e9rieur mod\u00e8le Fruit, compos\u00e9 d&#39;une table basse et d&#39;un canap\u00e9 ; une partie de l&#39;assise est rabattable, de sorte que le canap\u00e9 peut \u00eatre transform\u00e9 en chaise longue.\",\"breadcrumb\":{\"@id\":\"https:\/\/www.bagnoitalia.com\/fr\/produit\/fruit-210x78-cm-outdoor-sofa-with-folding-seat-and-coffee-table-set-for-terrace-and-garden-furniture-2.html#breadcrumb\"},\"inLanguage\":\"fr-FR\",\"potentialAction\":[{\"@type\":\"ReadAction\",\"target\":[\"https:\/\/www.bagnoitalia.com\/fr\/produit\/fruit-210x78-cm-outdoor-sofa-with-folding-seat-and-coffee-table-set-for-terrace-and-garden-furniture-2.html\"]}]},{\"@type\":\"ImageObject\",\"inLanguage\":\"fr-FR\",\"@id\":\"https:\/\/www.bagnoitalia.com\/fr\/produit\/fruit-210x78-cm-outdoor-sofa-with-folding-seat-and-coffee-table-set-for-terrace-and-garden-furniture-2.html#primaryimage\",\"url\":\"https:\/\/img.bagnoitalia.com\/wp-content\/uploads\/virtuemart\/product\/outdoor-garden-furniture-sofa-seat-folding-fruit-1.jpg\",\"contentUrl\":\"https:\/\/img.bagnoitalia.com\/wp-content\/uploads\/virtuemart\/product\/outdoor-garden-furniture-sofa-seat-folding-fruit-1.jpg\",\"width\":550,\"height\":550},{\"@type\":\"BreadcrumbList\",\"@id\":\"https:\/\/www.bagnoitalia.com\/fr\/produit\/fruit-210x78-cm-outdoor-sofa-with-folding-seat-and-coffee-table-set-for-terrace-and-garden-furniture-2.html#breadcrumb\",\"itemListElement\":[{\"@type\":\"ListItem\",\"position\":1,\"name\":\"Home\",\"item\":\"https:\/\/www.bagnoitalia.com\/fr\"},{\"@type\":\"ListItem\",\"position\":2,\"name\":\"Produits\",\"item\":\"https:\/\/www.bagnoitalia.com\/fr\/shop\"},{\"@type\":\"ListItem\",\"position\":3,\"name\":\"Fruit 210&#215;78 cm canap\u00e9 d&#8217;ext\u00e9rieur avec si\u00e8ge pliant et table basse pour terrasse et salon de jardin\"}]},{\"@type\":\"WebSite\",\"@id\":\"https:\/\/www.bagnoitalia.com\/fr#website\",\"url\":\"https:\/\/www.bagnoitalia.com\/fr\",\"name\":\"Bagno Italia\",\"description\":\"\",\"publisher\":{\"@id\":\"https:\/\/www.bagnoitalia.com\/fr#organization\"},\"potentialAction\":[{\"@type\":\"SearchAction\",\"target\":{\"@type\":\"EntryPoint\",\"urlTemplate\":\"https:\/\/www.bagnoitalia.com\/fr?s={search_term_string}\"},\"query-input\":{\"@type\":\"PropertyValueSpecification\",\"valueRequired\":true,\"valueName\":\"search_term_string\"}}],\"inLanguage\":\"fr-FR\"},{\"@type\":\"Organization\",\"@id\":\"https:\/\/www.bagnoitalia.com\/fr#organization\",\"name\":\"Bagno Italia\",\"url\":\"https:\/\/www.bagnoitalia.com\/fr\",\"logo\":{\"@type\":\"ImageObject\",\"inLanguage\":\"fr-FR\",\"@id\":\"https:\/\/www.bagnoitalia.com\/fr#\/schema\/logo\/image\/\",\"url\":\"https:\/\/img.bagnoitalia.com\/wp-content\/uploads\/logo-bagnoitalia.webp\",\"contentUrl\":\"https:\/\/img.bagnoitalia.com\/wp-content\/uploads\/logo-bagnoitalia.webp\",\"width\":400,\"height\":70,\"caption\":\"Bagno Italia\"},\"image\":{\"@id\":\"https:\/\/www.bagnoitalia.com\/fr#\/schema\/logo\/image\/\"}}]}<\/script>\n<!-- \/ Yoast SEO plugin. -->","yoast_head_json":{"title":"Fruit 210x78 cm canap\u00e9 d'ext\u00e9rieur avec si\u00e8ge pliant et table basse pour terrasse et salon de jardin","description":"Meuble d&#39;ext\u00e9rieur mod\u00e8le Fruit, compos\u00e9 d&#39;une table basse et d&#39;un canap\u00e9 ; une partie de l&#39;assise est rabattable, de sorte que le canap\u00e9 peut \u00eatre transform\u00e9 en chaise longue.","robots":{"index":"index","follow":"follow","max-snippet":"max-snippet:-1","max-image-preview":"max-image-preview:large","max-video-preview":"max-video-preview:-1"},"canonical":"https:\/\/www.bagnoitalia.com\/fr\/produit\/fruit-210x78-cm-outdoor-sofa-with-folding-seat-and-coffee-table-set-for-terrace-and-garden-furniture-2.html","og_locale":"fr_FR","og_type":"article","og_title":"Fruit 210x78 cm canap\u00e9 d'ext\u00e9rieur avec si\u00e8ge pliant et table basse pour terrasse et salon de jardin","og_description":"Meuble d&#39;ext\u00e9rieur mod\u00e8le Fruit, compos\u00e9 d&#39;une table basse et d&#39;un canap\u00e9 ; une partie de l&#39;assise est rabattable, de sorte que le canap\u00e9 peut \u00eatre transform\u00e9 en chaise longue.","og_url":"https:\/\/www.bagnoitalia.com\/fr\/produit\/fruit-210x78-cm-outdoor-sofa-with-folding-seat-and-coffee-table-set-for-terrace-and-garden-furniture-2.html","og_site_name":"Bagno Italia","og_image":[{"width":550,"height":550,"url":"https:\/\/img.bagnoitalia.com\/wp-content\/uploads\/virtuemart\/product\/outdoor-garden-furniture-sofa-seat-folding-fruit-1.jpg","type":"image\/jpeg"}],"twitter_card":"summary_large_image","schema":{"@context":"https:\/\/schema.org","@graph":[{"@type":"WebPage","@id":"https:\/\/www.bagnoitalia.com\/fr\/produit\/fruit-210x78-cm-outdoor-sofa-with-folding-seat-and-coffee-table-set-for-terrace-and-garden-furniture-2.html","url":"https:\/\/www.bagnoitalia.com\/fr\/produit\/fruit-210x78-cm-outdoor-sofa-with-folding-seat-and-coffee-table-set-for-terrace-and-garden-furniture-2.html","name":"Fruit 210x78 cm canap\u00e9 d'ext\u00e9rieur avec si\u00e8ge pliant et table basse pour terrasse et salon de jardin","isPartOf":{"@id":"https:\/\/www.bagnoitalia.com\/fr#website"},"primaryImageOfPage":{"@id":"https:\/\/www.bagnoitalia.com\/fr\/produit\/fruit-210x78-cm-outdoor-sofa-with-folding-seat-and-coffee-table-set-for-terrace-and-garden-furniture-2.html#primaryimage"},"image":{"@id":"https:\/\/www.bagnoitalia.com\/fr\/produit\/fruit-210x78-cm-outdoor-sofa-with-folding-seat-and-coffee-table-set-for-terrace-and-garden-furniture-2.html#primaryimage"},"thumbnailUrl":"https:\/\/img.bagnoitalia.com\/wp-content\/uploads\/virtuemart\/product\/outdoor-garden-furniture-sofa-seat-folding-fruit-1.jpg","datePublished":"2023-03-16T07:58:53+00:00","description":"Meuble d&#39;ext\u00e9rieur mod\u00e8le Fruit, compos\u00e9 d&#39;une table basse et d&#39;un canap\u00e9 ; une partie de l&#39;assise est rabattable, de sorte que le canap\u00e9 peut \u00eatre transform\u00e9 en chaise longue.","breadcrumb":{"@id":"https:\/\/www.bagnoitalia.com\/fr\/produit\/fruit-210x78-cm-outdoor-sofa-with-folding-seat-and-coffee-table-set-for-terrace-and-garden-furniture-2.html#breadcrumb"},"inLanguage":"fr-FR","potentialAction":[{"@type":"ReadAction","target":["https:\/\/www.bagnoitalia.com\/fr\/produit\/fruit-210x78-cm-outdoor-sofa-with-folding-seat-and-coffee-table-set-for-terrace-and-garden-furniture-2.html"]}]},{"@type":"ImageObject","inLanguage":"fr-FR","@id":"https:\/\/www.bagnoitalia.com\/fr\/produit\/fruit-210x78-cm-outdoor-sofa-with-folding-seat-and-coffee-table-set-for-terrace-and-garden-furniture-2.html#primaryimage","url":"https:\/\/img.bagnoitalia.com\/wp-content\/uploads\/virtuemart\/product\/outdoor-garden-furniture-sofa-seat-folding-fruit-1.jpg","contentUrl":"https:\/\/img.bagnoitalia.com\/wp-content\/uploads\/virtuemart\/product\/outdoor-garden-furniture-sofa-seat-folding-fruit-1.jpg","width":550,"height":550},{"@type":"BreadcrumbList","@id":"https:\/\/www.bagnoitalia.com\/fr\/produit\/fruit-210x78-cm-outdoor-sofa-with-folding-seat-and-coffee-table-set-for-terrace-and-garden-furniture-2.html#breadcrumb","itemListElement":[{"@type":"ListItem","position":1,"name":"Home","item":"https:\/\/www.bagnoitalia.com\/fr"},{"@type":"ListItem","position":2,"name":"Produits","item":"https:\/\/www.bagnoitalia.com\/fr\/shop"},{"@type":"ListItem","position":3,"name":"Fruit 210&#215;78 cm canap\u00e9 d&#8217;ext\u00e9rieur avec si\u00e8ge pliant et table basse pour terrasse et salon de jardin"}]},{"@type":"WebSite","@id":"https:\/\/www.bagnoitalia.com\/fr#website","url":"https:\/\/www.bagnoitalia.com\/fr","name":"Bagno Italia","description":"","publisher":{"@id":"https:\/\/www.bagnoitalia.com\/fr#organization"},"potentialAction":[{"@type":"SearchAction","target":{"@type":"EntryPoint","urlTemplate":"https:\/\/www.bagnoitalia.com\/fr?s={search_term_string}"},"query-input":{"@type":"PropertyValueSpecification","valueRequired":true,"valueName":"search_term_string"}}],"inLanguage":"fr-FR"},{"@type":"Organization","@id":"https:\/\/www.bagnoitalia.com\/fr#organization","name":"Bagno Italia","url":"https:\/\/www.bagnoitalia.com\/fr","logo":{"@type":"ImageObject","inLanguage":"fr-FR","@id":"https:\/\/www.bagnoitalia.com\/fr#\/schema\/logo\/image\/","url":"https:\/\/img.bagnoitalia.com\/wp-content\/uploads\/logo-bagnoitalia.webp","contentUrl":"https:\/\/img.bagnoitalia.com\/wp-content\/uploads\/logo-bagnoitalia.webp","width":400,"height":70,"caption":"Bagno Italia"},"image":{"@id":"https:\/\/www.bagnoitalia.com\/fr#\/schema\/logo\/image\/"}}]}},"_links":{"self":[{"href":"https:\/\/www.bagnoitalia.com\/fr\/wp-json\/wp\/v2\/product\/82941","targetHints":{"allow":["GET"]}}],"collection":[{"href":"https:\/\/www.bagnoitalia.com\/fr\/wp-json\/wp\/v2\/product"}],"about":[{"href":"https:\/\/www.bagnoitalia.com\/fr\/wp-json\/wp\/v2\/types\/product"}],"replies":[{"embeddable":true,"href":"https:\/\/www.bagnoitalia.com\/fr\/wp-json\/wp\/v2\/comments?post=82941"}],"version-history":[{"count":0,"href":"https:\/\/www.bagnoitalia.com\/fr\/wp-json\/wp\/v2\/product\/82941\/revisions"}],"wp:featuredmedia":[{"embeddable":true,"href":"https:\/\/www.bagnoitalia.com\/fr\/wp-json\/wp\/v2\/media\/60765"}],"wp:attachment":[{"href":"https:\/\/www.bagnoitalia.com\/fr\/wp-json\/wp\/v2\/media?parent=82941"}],"wp:term":[{"taxonomy":"product_brand","embeddable":true,"href":"https:\/\/www.bagnoitalia.com\/fr\/wp-json\/wp\/v2\/product_brand?post=82941"},{"taxonomy":"product_cat","embeddable":true,"href":"https:\/\/www.bagnoitalia.com\/fr\/wp-json\/wp\/v2\/product_cat?post=82941"},{"taxonomy":"product_tag","embeddable":true,"href":"https:\/\/www.bagnoitalia.com\/fr\/wp-json\/wp\/v2\/product_tag?post=82941"}],"curies":[{"name":"wp","href":"https:\/\/api.w.org\/{rel}","templated":true}]}}