{"id":82913,"date":"2023-03-13T16:12:52","date_gmt":"2023-03-13T15:12:52","guid":{"rendered":"https:\/\/www.bagnoitalia.com\/product\/outdoor-square-160x160-cm-minipool-with-128-water-and-air-massage-jets-ozone-therapy-chromotherapy-and-wi-fi-smart-mp45-2"},"modified":"2025-08-04T15:33:58","modified_gmt":"2025-08-04T13:33:58","slug":"outdoor-square-160x160-cm-minipool-with-128-water-and-air-massage-jets-ozone-therapy-chromotherapy-and-wi-fi-smart-mp45-2","status":"publish","type":"product","link":"https:\/\/www.bagnoitalia.com\/fr\/produit\/outdoor-square-160x160-cm-minipool-with-128-water-and-air-massage-jets-ozone-therapy-chromotherapy-and-wi-fi-smart-mp45-2.html","title":{"rendered":"Mini-piscine carr\u00e9e d&rsquo;ext\u00e9rieur 160&#215;160 cm avec 128 jets d&rsquo;eau et d&rsquo;air, ozonoth\u00e9rapie, chromoth\u00e9rapie et WI-FI SMART MP45"},"content":{"rendered":"<p><iframe title=\"Minipiscina quadrata 160x160 full doppio idromassaggio WIFI SMART MP45\" src=\"https:\/\/www.youtube.com\/embed\/m13NKAX9qNk\" width=\"560\" height=\"315\" frameborder=\"0\" allowfullscreen=\"allowfullscreen\"><\/iframe><\/p>\n<p style=\"text-align: center;\"><span style=\"text-decoration: underline; color: #ff0000; font-size: 18pt;\"><strong>HYDROMASSAGE PISCINE 5-6 places MP45<\/strong><\/span><\/p>\n<p>Pour voir la vid\u00e9o du produit cliquez sur =&gt; <a href=\"https:\/\/www.youtube.com\/watch?v=m13NKAX9qNk\">VIDEO<\/a><\/p>\n<p><span style=\"text-decoration: underline;\"><strong>D\u00c9TAILS DU PRODUIT<\/strong><\/span><\/p>\n<p>Mini-piscine carr\u00e9e 160x160xH65 cm<\/p>\n<p>Convient pour 5-6 personnes<\/p>\n<p>Avec 128 jets d&rsquo;hydromassage (dont 8 jets d&rsquo;eau, plac\u00e9s sous les appuis-t\u00eate) avec 3 niveaux d&rsquo;intensit\u00e9<\/p>\n<p>n.4 coussins d&rsquo;appui-t\u00eate<\/p>\n<p>Ozonoth\u00e9rapie<\/p>\n<p>Chromoth\u00e9rapie<\/p>\n<p>Chauffage de 2,2 kW<\/p>\n<p>Ordinateur de commande externe avec \u00e9cran tactile OLED<\/p>\n<p>4 bandes LED multicolores autour du spa, r\u00e9glables par t\u00e9l\u00e9commande<\/p>\n<p>connexion wi-fi par smartphone<\/p>\n<p>filtre \u00e0 cartouche<\/p>\n<p>Double pompe : air et eau<\/p>\n<p>Couvercle inclus<\/p>\n<p>Syst\u00e8me antigel<\/p>\n<p>Assainisseur antibact\u00e9rien UVC<\/p>\n<p>S\u00e9curit\u00e9 enfant<\/p>\n<p>Tissu antibact\u00e9rien<\/p>\n<p>Minuterie d&rsquo;\u00e9co-consommation<\/p>\n<p>Capacit\u00e9 maximale : 850 litres<\/p>\n<p>Disponible en gris ou en marron (s\u00e9lectionner la couleur dans le menu d\u00e9roulant)<\/p>\n<p>&nbsp;<\/p>\n<p>&nbsp;<\/p>\n<p>&nbsp;<\/p>\n<p>&nbsp;<\/p>\n<p>&nbsp;<\/p>\n","protected":false},"excerpt":{"rendered":"<p>Baignoire ext\u00e9rieure carr\u00e9e pour 5-6 personnes, avec bain \u00e0 remous et jets d&rsquo;air, 4 bandes LED externes, g\u00e9n\u00e9rateur d&rsquo;ozone, connexion wifi. Ext\u00e9rieur disponible en gris ou en marron<\/p>\n","protected":false},"featured_media":97049,"comment_status":"open","ping_status":"closed","template":"","meta":[],"product_brand":[9924],"product_cat":[10069],"product_tag":[],"class_list":{"0":"post-82913","1":"product","2":"type-product","3":"status-publish","4":"has-post-thumbnail","6":"product_brand-predator-arredo-casa-fr","7":"product_cat-piscines-exterieures-a-hydromassage","9":"first","10":"instock","11":"sale","12":"taxable","13":"shipping-taxable","14":"purchasable","15":"product-type-simple"},"exclude_global_add_ons":false,"addons":[{"name":"Typologie","type":"multiple_choice","position":0,"required":true,"title_format":"heading","default":"","description_enable":false,"description":"","placeholder_enable":false,"placeholder":"","display":"select","restrictions_type":"any_text","adjust_price":false,"price":"","price_type":"flat_fee","restrictions":false,"min":"0","max":"0","options":[{"label":"Sans \u00e9chelle","price":"","price_type":"quantity_based","image":0,"visibility":true},{"label":"Avec \u00e9chelle","price":"229","price_type":"quantity_based","image":0,"visibility":true}],"id":1716374417},{"name":"Couleur","type":"multiple_choice","position":1,"required":false,"title_format":"label","default":"","description_enable":false,"description":"","placeholder_enable":false,"placeholder":"","display":"select","restrictions_type":"any_text","adjust_price":false,"price":"","price_type":"flat_fee","restrictions":false,"min":"0","max":"0","options":[{"label":"Gris","price":"","price_type":"flat_fee","image":0,"visibility":true},{"label":"(Pas disponible) Marron","price":"200","price_type":"flat_fee","image":0,"visibility":true}],"id":1732184863}],"yoast_head":"<!-- This site is optimized with the Yoast SEO plugin v26.7 - https:\/\/yoast.com\/wordpress\/plugins\/seo\/ -->\n<title>Mini-piscine carr\u00e9e d&#039;ext\u00e9rieur 160x160 cm avec 128 jets d&#039;eau et d&#039;air, ozonoth\u00e9rapie, chromoth\u00e9rapie et WI-FI SMART MP45<\/title>\n<meta name=\"description\" content=\"Baignoire ext\u00e9rieure carr\u00e9e pour 5-6 personnes, avec bain \u00e0 remous et jets d&#039;air, 4 bandes LED externes, g\u00e9n\u00e9rateur d&#039;ozone, connexion wifi.\" \/>\n<meta name=\"robots\" content=\"index, follow, max-snippet:-1, max-image-preview:large, max-video-preview:-1\" \/>\n<link rel=\"canonical\" href=\"https:\/\/www.bagnoitalia.com\/fr\/produit\/outdoor-square-160x160-cm-minipool-with-128-water-and-air-massage-jets-ozone-therapy-chromotherapy-and-wi-fi-smart-mp45-2.html\" \/>\n<meta property=\"og:locale\" content=\"fr_FR\" \/>\n<meta property=\"og:type\" content=\"article\" \/>\n<meta property=\"og:title\" content=\"Mini-piscine carr\u00e9e d&#039;ext\u00e9rieur 160x160 cm avec 128 jets d&#039;eau et d&#039;air, ozonoth\u00e9rapie, chromoth\u00e9rapie et WI-FI SMART MP45\" \/>\n<meta property=\"og:description\" content=\"Baignoire ext\u00e9rieure carr\u00e9e pour 5-6 personnes, avec bain \u00e0 remous et jets d&#039;air, 4 bandes LED externes, g\u00e9n\u00e9rateur d&#039;ozone, connexion wifi.\" \/>\n<meta property=\"og:url\" content=\"https:\/\/www.bagnoitalia.com\/fr\/produit\/outdoor-square-160x160-cm-minipool-with-128-water-and-air-massage-jets-ozone-therapy-chromotherapy-and-wi-fi-smart-mp45-2.html\" \/>\n<meta property=\"og:site_name\" content=\"Bagno Italia\" \/>\n<meta property=\"article:modified_time\" content=\"2025-08-04T13:33:58+00:00\" \/>\n<meta property=\"og:image\" content=\"https:\/\/img.bagnoitalia.com\/wp-content\/uploads\/1-44.webp\" \/>\n\t<meta property=\"og:image:width\" content=\"1000\" \/>\n\t<meta property=\"og:image:height\" content=\"1000\" \/>\n\t<meta property=\"og:image:type\" content=\"image\/webp\" \/>\n<meta name=\"twitter:card\" content=\"summary_large_image\" \/>\n<meta name=\"twitter:label1\" content=\"Dur\u00e9e de lecture estim\u00e9e\" \/>\n\t<meta name=\"twitter:data1\" content=\"1 minute\" \/>\n<script type=\"application\/ld+json\" class=\"yoast-schema-graph\">{\"@context\":\"https:\/\/schema.org\",\"@graph\":[{\"@type\":\"WebPage\",\"@id\":\"https:\/\/www.bagnoitalia.com\/fr\/produit\/outdoor-square-160x160-cm-minipool-with-128-water-and-air-massage-jets-ozone-therapy-chromotherapy-and-wi-fi-smart-mp45-2.html\",\"url\":\"https:\/\/www.bagnoitalia.com\/fr\/produit\/outdoor-square-160x160-cm-minipool-with-128-water-and-air-massage-jets-ozone-therapy-chromotherapy-and-wi-fi-smart-mp45-2.html\",\"name\":\"Mini-piscine carr\u00e9e d'ext\u00e9rieur 160x160 cm avec 128 jets d'eau et d'air, ozonoth\u00e9rapie, chromoth\u00e9rapie et WI-FI SMART MP45\",\"isPartOf\":{\"@id\":\"https:\/\/www.bagnoitalia.com\/fr#website\"},\"primaryImageOfPage\":{\"@id\":\"https:\/\/www.bagnoitalia.com\/fr\/produit\/outdoor-square-160x160-cm-minipool-with-128-water-and-air-massage-jets-ozone-therapy-chromotherapy-and-wi-fi-smart-mp45-2.html#primaryimage\"},\"image\":{\"@id\":\"https:\/\/www.bagnoitalia.com\/fr\/produit\/outdoor-square-160x160-cm-minipool-with-128-water-and-air-massage-jets-ozone-therapy-chromotherapy-and-wi-fi-smart-mp45-2.html#primaryimage\"},\"thumbnailUrl\":\"https:\/\/img.bagnoitalia.com\/wp-content\/uploads\/1-44.webp\",\"datePublished\":\"2023-03-13T15:12:52+00:00\",\"dateModified\":\"2025-08-04T13:33:58+00:00\",\"description\":\"Baignoire ext\u00e9rieure carr\u00e9e pour 5-6 personnes, avec bain \u00e0 remous et jets d'air, 4 bandes LED externes, g\u00e9n\u00e9rateur d'ozone, connexion wifi.\",\"breadcrumb\":{\"@id\":\"https:\/\/www.bagnoitalia.com\/fr\/produit\/outdoor-square-160x160-cm-minipool-with-128-water-and-air-massage-jets-ozone-therapy-chromotherapy-and-wi-fi-smart-mp45-2.html#breadcrumb\"},\"inLanguage\":\"fr-FR\",\"potentialAction\":[{\"@type\":\"ReadAction\",\"target\":[\"https:\/\/www.bagnoitalia.com\/fr\/produit\/outdoor-square-160x160-cm-minipool-with-128-water-and-air-massage-jets-ozone-therapy-chromotherapy-and-wi-fi-smart-mp45-2.html\"]}]},{\"@type\":\"ImageObject\",\"inLanguage\":\"fr-FR\",\"@id\":\"https:\/\/www.bagnoitalia.com\/fr\/produit\/outdoor-square-160x160-cm-minipool-with-128-water-and-air-massage-jets-ozone-therapy-chromotherapy-and-wi-fi-smart-mp45-2.html#primaryimage\",\"url\":\"https:\/\/img.bagnoitalia.com\/wp-content\/uploads\/1-44.webp\",\"contentUrl\":\"https:\/\/img.bagnoitalia.com\/wp-content\/uploads\/1-44.webp\",\"width\":1000,\"height\":1000},{\"@type\":\"BreadcrumbList\",\"@id\":\"https:\/\/www.bagnoitalia.com\/fr\/produit\/outdoor-square-160x160-cm-minipool-with-128-water-and-air-massage-jets-ozone-therapy-chromotherapy-and-wi-fi-smart-mp45-2.html#breadcrumb\",\"itemListElement\":[{\"@type\":\"ListItem\",\"position\":1,\"name\":\"Home\",\"item\":\"https:\/\/www.bagnoitalia.com\/fr\"},{\"@type\":\"ListItem\",\"position\":2,\"name\":\"Produits\",\"item\":\"https:\/\/www.bagnoitalia.com\/fr\/shop\"},{\"@type\":\"ListItem\",\"position\":3,\"name\":\"Mini-piscine carr\u00e9e d&#8217;ext\u00e9rieur 160&#215;160 cm avec 128 jets d&#8217;eau et d&#8217;air, ozonoth\u00e9rapie, chromoth\u00e9rapie et WI-FI SMART MP45\"}]},{\"@type\":\"WebSite\",\"@id\":\"https:\/\/www.bagnoitalia.com\/fr#website\",\"url\":\"https:\/\/www.bagnoitalia.com\/fr\",\"name\":\"Bagno Italia\",\"description\":\"\",\"publisher\":{\"@id\":\"https:\/\/www.bagnoitalia.com\/fr#organization\"},\"potentialAction\":[{\"@type\":\"SearchAction\",\"target\":{\"@type\":\"EntryPoint\",\"urlTemplate\":\"https:\/\/www.bagnoitalia.com\/fr?s={search_term_string}\"},\"query-input\":{\"@type\":\"PropertyValueSpecification\",\"valueRequired\":true,\"valueName\":\"search_term_string\"}}],\"inLanguage\":\"fr-FR\"},{\"@type\":\"Organization\",\"@id\":\"https:\/\/www.bagnoitalia.com\/fr#organization\",\"name\":\"Bagno Italia\",\"url\":\"https:\/\/www.bagnoitalia.com\/fr\",\"logo\":{\"@type\":\"ImageObject\",\"inLanguage\":\"fr-FR\",\"@id\":\"https:\/\/www.bagnoitalia.com\/fr#\/schema\/logo\/image\/\",\"url\":\"https:\/\/img.bagnoitalia.com\/wp-content\/uploads\/logo-bagnoitalia.webp\",\"contentUrl\":\"https:\/\/img.bagnoitalia.com\/wp-content\/uploads\/logo-bagnoitalia.webp\",\"width\":400,\"height\":70,\"caption\":\"Bagno Italia\"},\"image\":{\"@id\":\"https:\/\/www.bagnoitalia.com\/fr#\/schema\/logo\/image\/\"}}]}<\/script>\n<!-- \/ Yoast SEO plugin. -->","yoast_head_json":{"title":"Mini-piscine carr\u00e9e d'ext\u00e9rieur 160x160 cm avec 128 jets d'eau et d'air, ozonoth\u00e9rapie, chromoth\u00e9rapie et WI-FI SMART MP45","description":"Baignoire ext\u00e9rieure carr\u00e9e pour 5-6 personnes, avec bain \u00e0 remous et jets d'air, 4 bandes LED externes, g\u00e9n\u00e9rateur d'ozone, connexion wifi.","robots":{"index":"index","follow":"follow","max-snippet":"max-snippet:-1","max-image-preview":"max-image-preview:large","max-video-preview":"max-video-preview:-1"},"canonical":"https:\/\/www.bagnoitalia.com\/fr\/produit\/outdoor-square-160x160-cm-minipool-with-128-water-and-air-massage-jets-ozone-therapy-chromotherapy-and-wi-fi-smart-mp45-2.html","og_locale":"fr_FR","og_type":"article","og_title":"Mini-piscine carr\u00e9e d'ext\u00e9rieur 160x160 cm avec 128 jets d'eau et d'air, ozonoth\u00e9rapie, chromoth\u00e9rapie et WI-FI SMART MP45","og_description":"Baignoire ext\u00e9rieure carr\u00e9e pour 5-6 personnes, avec bain \u00e0 remous et jets d'air, 4 bandes LED externes, g\u00e9n\u00e9rateur d'ozone, connexion wifi.","og_url":"https:\/\/www.bagnoitalia.com\/fr\/produit\/outdoor-square-160x160-cm-minipool-with-128-water-and-air-massage-jets-ozone-therapy-chromotherapy-and-wi-fi-smart-mp45-2.html","og_site_name":"Bagno Italia","article_modified_time":"2025-08-04T13:33:58+00:00","og_image":[{"width":1000,"height":1000,"url":"https:\/\/img.bagnoitalia.com\/wp-content\/uploads\/1-44.webp","type":"image\/webp"}],"twitter_card":"summary_large_image","twitter_misc":{"Dur\u00e9e de lecture estim\u00e9e":"1 minute"},"schema":{"@context":"https:\/\/schema.org","@graph":[{"@type":"WebPage","@id":"https:\/\/www.bagnoitalia.com\/fr\/produit\/outdoor-square-160x160-cm-minipool-with-128-water-and-air-massage-jets-ozone-therapy-chromotherapy-and-wi-fi-smart-mp45-2.html","url":"https:\/\/www.bagnoitalia.com\/fr\/produit\/outdoor-square-160x160-cm-minipool-with-128-water-and-air-massage-jets-ozone-therapy-chromotherapy-and-wi-fi-smart-mp45-2.html","name":"Mini-piscine carr\u00e9e d'ext\u00e9rieur 160x160 cm avec 128 jets d'eau et d'air, ozonoth\u00e9rapie, chromoth\u00e9rapie et WI-FI SMART MP45","isPartOf":{"@id":"https:\/\/www.bagnoitalia.com\/fr#website"},"primaryImageOfPage":{"@id":"https:\/\/www.bagnoitalia.com\/fr\/produit\/outdoor-square-160x160-cm-minipool-with-128-water-and-air-massage-jets-ozone-therapy-chromotherapy-and-wi-fi-smart-mp45-2.html#primaryimage"},"image":{"@id":"https:\/\/www.bagnoitalia.com\/fr\/produit\/outdoor-square-160x160-cm-minipool-with-128-water-and-air-massage-jets-ozone-therapy-chromotherapy-and-wi-fi-smart-mp45-2.html#primaryimage"},"thumbnailUrl":"https:\/\/img.bagnoitalia.com\/wp-content\/uploads\/1-44.webp","datePublished":"2023-03-13T15:12:52+00:00","dateModified":"2025-08-04T13:33:58+00:00","description":"Baignoire ext\u00e9rieure carr\u00e9e pour 5-6 personnes, avec bain \u00e0 remous et jets d'air, 4 bandes LED externes, g\u00e9n\u00e9rateur d'ozone, connexion wifi.","breadcrumb":{"@id":"https:\/\/www.bagnoitalia.com\/fr\/produit\/outdoor-square-160x160-cm-minipool-with-128-water-and-air-massage-jets-ozone-therapy-chromotherapy-and-wi-fi-smart-mp45-2.html#breadcrumb"},"inLanguage":"fr-FR","potentialAction":[{"@type":"ReadAction","target":["https:\/\/www.bagnoitalia.com\/fr\/produit\/outdoor-square-160x160-cm-minipool-with-128-water-and-air-massage-jets-ozone-therapy-chromotherapy-and-wi-fi-smart-mp45-2.html"]}]},{"@type":"ImageObject","inLanguage":"fr-FR","@id":"https:\/\/www.bagnoitalia.com\/fr\/produit\/outdoor-square-160x160-cm-minipool-with-128-water-and-air-massage-jets-ozone-therapy-chromotherapy-and-wi-fi-smart-mp45-2.html#primaryimage","url":"https:\/\/img.bagnoitalia.com\/wp-content\/uploads\/1-44.webp","contentUrl":"https:\/\/img.bagnoitalia.com\/wp-content\/uploads\/1-44.webp","width":1000,"height":1000},{"@type":"BreadcrumbList","@id":"https:\/\/www.bagnoitalia.com\/fr\/produit\/outdoor-square-160x160-cm-minipool-with-128-water-and-air-massage-jets-ozone-therapy-chromotherapy-and-wi-fi-smart-mp45-2.html#breadcrumb","itemListElement":[{"@type":"ListItem","position":1,"name":"Home","item":"https:\/\/www.bagnoitalia.com\/fr"},{"@type":"ListItem","position":2,"name":"Produits","item":"https:\/\/www.bagnoitalia.com\/fr\/shop"},{"@type":"ListItem","position":3,"name":"Mini-piscine carr\u00e9e d&#8217;ext\u00e9rieur 160&#215;160 cm avec 128 jets d&#8217;eau et d&#8217;air, ozonoth\u00e9rapie, chromoth\u00e9rapie et WI-FI SMART MP45"}]},{"@type":"WebSite","@id":"https:\/\/www.bagnoitalia.com\/fr#website","url":"https:\/\/www.bagnoitalia.com\/fr","name":"Bagno Italia","description":"","publisher":{"@id":"https:\/\/www.bagnoitalia.com\/fr#organization"},"potentialAction":[{"@type":"SearchAction","target":{"@type":"EntryPoint","urlTemplate":"https:\/\/www.bagnoitalia.com\/fr?s={search_term_string}"},"query-input":{"@type":"PropertyValueSpecification","valueRequired":true,"valueName":"search_term_string"}}],"inLanguage":"fr-FR"},{"@type":"Organization","@id":"https:\/\/www.bagnoitalia.com\/fr#organization","name":"Bagno Italia","url":"https:\/\/www.bagnoitalia.com\/fr","logo":{"@type":"ImageObject","inLanguage":"fr-FR","@id":"https:\/\/www.bagnoitalia.com\/fr#\/schema\/logo\/image\/","url":"https:\/\/img.bagnoitalia.com\/wp-content\/uploads\/logo-bagnoitalia.webp","contentUrl":"https:\/\/img.bagnoitalia.com\/wp-content\/uploads\/logo-bagnoitalia.webp","width":400,"height":70,"caption":"Bagno Italia"},"image":{"@id":"https:\/\/www.bagnoitalia.com\/fr#\/schema\/logo\/image\/"}}]}},"_links":{"self":[{"href":"https:\/\/www.bagnoitalia.com\/fr\/wp-json\/wp\/v2\/product\/82913","targetHints":{"allow":["GET"]}}],"collection":[{"href":"https:\/\/www.bagnoitalia.com\/fr\/wp-json\/wp\/v2\/product"}],"about":[{"href":"https:\/\/www.bagnoitalia.com\/fr\/wp-json\/wp\/v2\/types\/product"}],"replies":[{"embeddable":true,"href":"https:\/\/www.bagnoitalia.com\/fr\/wp-json\/wp\/v2\/comments?post=82913"}],"version-history":[{"count":3,"href":"https:\/\/www.bagnoitalia.com\/fr\/wp-json\/wp\/v2\/product\/82913\/revisions"}],"predecessor-version":[{"id":98072,"href":"https:\/\/www.bagnoitalia.com\/fr\/wp-json\/wp\/v2\/product\/82913\/revisions\/98072"}],"wp:featuredmedia":[{"embeddable":true,"href":"https:\/\/www.bagnoitalia.com\/fr\/wp-json\/wp\/v2\/media\/97049"}],"wp:attachment":[{"href":"https:\/\/www.bagnoitalia.com\/fr\/wp-json\/wp\/v2\/media?parent=82913"}],"wp:term":[{"taxonomy":"product_brand","embeddable":true,"href":"https:\/\/www.bagnoitalia.com\/fr\/wp-json\/wp\/v2\/product_brand?post=82913"},{"taxonomy":"product_cat","embeddable":true,"href":"https:\/\/www.bagnoitalia.com\/fr\/wp-json\/wp\/v2\/product_cat?post=82913"},{"taxonomy":"product_tag","embeddable":true,"href":"https:\/\/www.bagnoitalia.com\/fr\/wp-json\/wp\/v2\/product_tag?post=82913"}],"curies":[{"name":"wp","href":"https:\/\/api.w.org\/{rel}","templated":true}]}}