{"id":82897,"date":"2023-03-06T16:36:46","date_gmt":"2023-03-06T15:36:46","guid":{"rendered":"https:\/\/www.bagnoitalia.com\/product\/mspa-204-cm-self-inflating-whirlpool-for-6-persons-with-ozone-therapy-whirlpool-mg08-2"},"modified":"2023-03-06T16:36:46","modified_gmt":"2023-03-06T15:36:46","slug":"mspa-204-cm-self-inflating-whirlpool-for-6-persons-with-ozone-therapy-whirlpool-mg08-2","status":"publish","type":"product","link":"https:\/\/www.bagnoitalia.com\/fr\/produit\/mspa-204-cm-self-inflating-whirlpool-for-6-persons-with-ozone-therapy-whirlpool-mg08-2.html","title":{"rendered":"Mspa 204 cm bain \u00e0 remous autogonflant pour 6 personnes avec bain \u00e0 remous d&rsquo;ozonoth\u00e9rapie MG08"},"content":{"rendered":"<p style=\"text-align: center;\"><span style=\"text-decoration: underline; color: #ff0000; font-size: 14pt;\"><strong>PISCINE HYDROMASSAGE autogonflante Mspa<\/strong><\/span><\/p>\n<p>&nbsp;<\/p>\n<p>Mini-piscine 204 x H 70 cm (diam\u00e8tre int\u00e9rieur 160 cm)<\/p>\n<p>Se gonfle gr\u00e2ce \u00e0 un moteur interne<\/p>\n<p>138 jets d&rsquo;hydromassage avec 3 niveaux de vitesse d&rsquo;\u00e9coulement<\/p>\n<p>T\u00e9l\u00e9commande tactile r\u00e9sistante \u00e0 l&rsquo;eau avec syst\u00e8me LCD<\/p>\n<p>Convient pour 5-6 personnes<\/p>\n<p>Ozonoth\u00e9rapie<\/p>\n<p>R\u00e9gulation de la temp\u00e9rature<\/p>\n<p>Chauffage (consommation max. 1500W) : augmente la temp\u00e9rature de 1,2-1,8\u00b0 C\/heure (max. 42\u00b0C)<\/p>\n<p>Syst\u00e8me de filtration de l&rsquo;eau 12V\/60W (2 filtres inclus dans le produit)<\/p>\n<p>Capacit\u00e9 maximale : 930 litres<\/p>\n<p>Alimentation : 220-240 Volt<\/p>\n<p>Pompe \u00e0 air 720W<\/p>\n<p>Mat\u00e9riau PVC renforc\u00e9 6 couches Rhino-TechTM Premium<\/p>\n<p>Couvercle en PVC renforc\u00e9, fermeture \u00e0 glissi\u00e8re<\/p>\n<p>Chambre \u00e0 air<\/p>\n<p>Rev\u00eatement pour le maintien de la temp\u00e9rature<\/p>\n<p>Tapis en mousse<\/p>\n<p>Manom\u00e8tre<\/p>\n<p>Horloge num\u00e9rique<\/p>\n<p>Adaptateur pour tuyau d&rsquo;\u00e9chappement<\/p>\n<p>Certifications : CE, ISO9001-2008<\/p>\n<p>&nbsp;<\/p>\n<p>&nbsp;<\/p>\n","protected":false},"excerpt":{"rendered":"<p>Mini whirlpool Mspa autogonflant, avec g\u00e9n\u00e9rateur d&rsquo;ozone, t\u00e9l\u00e9commande de contr\u00f4le externe et moteur interne.<\/p>\n","protected":false},"featured_media":60409,"comment_status":"open","ping_status":"closed","template":"","meta":[],"product_brand":[5021],"product_cat":[9775],"product_tag":[],"class_list":{"0":"post-82897","1":"product","2":"type-product","3":"status-publish","4":"has-post-thumbnail","6":"product_brand-predator-arredo-casa","7":"product_cat-bains-a-remous-gonflables","9":"first","10":"instock","11":"sale","12":"taxable","13":"shipping-taxable","14":"purchasable","15":"product-type-simple"},"exclude_global_add_ons":[],"addons":[],"yoast_head":"<!-- This site is optimized with the Yoast SEO plugin v26.7 - https:\/\/yoast.com\/wordpress\/plugins\/seo\/ -->\n<title>Mspa 204 cm bain \u00e0 remous autogonflant pour 6 personnes avec bain \u00e0 remous d&#039;ozonoth\u00e9rapie MG08<\/title>\n<meta name=\"description\" content=\"Mini whirlpool Mspa autogonflant, avec g\u00e9n\u00e9rateur d&#039;ozone, t\u00e9l\u00e9commande de contr\u00f4le externe et moteur interne.\" \/>\n<meta name=\"robots\" content=\"index, follow, max-snippet:-1, max-image-preview:large, max-video-preview:-1\" \/>\n<link rel=\"canonical\" href=\"https:\/\/www.bagnoitalia.com\/fr\/produit\/mspa-204-cm-self-inflating-whirlpool-for-6-persons-with-ozone-therapy-whirlpool-mg08-2.html\" \/>\n<meta property=\"og:locale\" content=\"fr_FR\" \/>\n<meta property=\"og:type\" content=\"article\" \/>\n<meta property=\"og:title\" content=\"Mspa 204 cm bain \u00e0 remous autogonflant pour 6 personnes avec bain \u00e0 remous d&#039;ozonoth\u00e9rapie MG08\" \/>\n<meta property=\"og:description\" content=\"Mini whirlpool Mspa autogonflant, avec g\u00e9n\u00e9rateur d&#039;ozone, t\u00e9l\u00e9commande de contr\u00f4le externe et moteur interne.\" \/>\n<meta property=\"og:url\" content=\"https:\/\/www.bagnoitalia.com\/fr\/produit\/mspa-204-cm-self-inflating-whirlpool-for-6-persons-with-ozone-therapy-whirlpool-mg08-2.html\" \/>\n<meta property=\"og:site_name\" content=\"Bagno Italia\" \/>\n<meta property=\"og:image\" content=\"https:\/\/img.bagnoitalia.com\/wp-content\/uploads\/virtuemart\/product\/mini-pool-autoginflatable-180x70-hydromassage-1.jpg\" \/>\n\t<meta property=\"og:image:width\" content=\"550\" \/>\n\t<meta property=\"og:image:height\" content=\"550\" \/>\n\t<meta property=\"og:image:type\" content=\"image\/jpeg\" \/>\n<meta name=\"twitter:card\" content=\"summary_large_image\" \/>\n<meta name=\"twitter:label1\" content=\"Dur\u00e9e de lecture estim\u00e9e\" \/>\n\t<meta name=\"twitter:data1\" content=\"1 minute\" \/>\n<script type=\"application\/ld+json\" class=\"yoast-schema-graph\">{\"@context\":\"https:\/\/schema.org\",\"@graph\":[{\"@type\":\"WebPage\",\"@id\":\"https:\/\/www.bagnoitalia.com\/fr\/produit\/mspa-204-cm-self-inflating-whirlpool-for-6-persons-with-ozone-therapy-whirlpool-mg08-2.html\",\"url\":\"https:\/\/www.bagnoitalia.com\/fr\/produit\/mspa-204-cm-self-inflating-whirlpool-for-6-persons-with-ozone-therapy-whirlpool-mg08-2.html\",\"name\":\"Mspa 204 cm bain \u00e0 remous autogonflant pour 6 personnes avec bain \u00e0 remous d'ozonoth\u00e9rapie MG08\",\"isPartOf\":{\"@id\":\"https:\/\/www.bagnoitalia.com\/fr#website\"},\"primaryImageOfPage\":{\"@id\":\"https:\/\/www.bagnoitalia.com\/fr\/produit\/mspa-204-cm-self-inflating-whirlpool-for-6-persons-with-ozone-therapy-whirlpool-mg08-2.html#primaryimage\"},\"image\":{\"@id\":\"https:\/\/www.bagnoitalia.com\/fr\/produit\/mspa-204-cm-self-inflating-whirlpool-for-6-persons-with-ozone-therapy-whirlpool-mg08-2.html#primaryimage\"},\"thumbnailUrl\":\"https:\/\/img.bagnoitalia.com\/wp-content\/uploads\/virtuemart\/product\/mini-pool-autoginflatable-180x70-hydromassage-1.jpg\",\"datePublished\":\"2023-03-06T15:36:46+00:00\",\"description\":\"Mini whirlpool Mspa autogonflant, avec g\u00e9n\u00e9rateur d&#39;ozone, t\u00e9l\u00e9commande de contr\u00f4le externe et moteur interne.\",\"breadcrumb\":{\"@id\":\"https:\/\/www.bagnoitalia.com\/fr\/produit\/mspa-204-cm-self-inflating-whirlpool-for-6-persons-with-ozone-therapy-whirlpool-mg08-2.html#breadcrumb\"},\"inLanguage\":\"fr-FR\",\"potentialAction\":[{\"@type\":\"ReadAction\",\"target\":[\"https:\/\/www.bagnoitalia.com\/fr\/produit\/mspa-204-cm-self-inflating-whirlpool-for-6-persons-with-ozone-therapy-whirlpool-mg08-2.html\"]}]},{\"@type\":\"ImageObject\",\"inLanguage\":\"fr-FR\",\"@id\":\"https:\/\/www.bagnoitalia.com\/fr\/produit\/mspa-204-cm-self-inflating-whirlpool-for-6-persons-with-ozone-therapy-whirlpool-mg08-2.html#primaryimage\",\"url\":\"https:\/\/img.bagnoitalia.com\/wp-content\/uploads\/virtuemart\/product\/mini-pool-autoginflatable-180x70-hydromassage-1.jpg\",\"contentUrl\":\"https:\/\/img.bagnoitalia.com\/wp-content\/uploads\/virtuemart\/product\/mini-pool-autoginflatable-180x70-hydromassage-1.jpg\",\"width\":550,\"height\":550},{\"@type\":\"BreadcrumbList\",\"@id\":\"https:\/\/www.bagnoitalia.com\/fr\/produit\/mspa-204-cm-self-inflating-whirlpool-for-6-persons-with-ozone-therapy-whirlpool-mg08-2.html#breadcrumb\",\"itemListElement\":[{\"@type\":\"ListItem\",\"position\":1,\"name\":\"Home\",\"item\":\"https:\/\/www.bagnoitalia.com\/fr\"},{\"@type\":\"ListItem\",\"position\":2,\"name\":\"Produits\",\"item\":\"https:\/\/www.bagnoitalia.com\/fr\/shop\"},{\"@type\":\"ListItem\",\"position\":3,\"name\":\"Mspa 204 cm bain \u00e0 remous autogonflant pour 6 personnes avec bain \u00e0 remous d&#8217;ozonoth\u00e9rapie MG08\"}]},{\"@type\":\"WebSite\",\"@id\":\"https:\/\/www.bagnoitalia.com\/fr#website\",\"url\":\"https:\/\/www.bagnoitalia.com\/fr\",\"name\":\"Bagno Italia\",\"description\":\"\",\"publisher\":{\"@id\":\"https:\/\/www.bagnoitalia.com\/fr#organization\"},\"potentialAction\":[{\"@type\":\"SearchAction\",\"target\":{\"@type\":\"EntryPoint\",\"urlTemplate\":\"https:\/\/www.bagnoitalia.com\/fr?s={search_term_string}\"},\"query-input\":{\"@type\":\"PropertyValueSpecification\",\"valueRequired\":true,\"valueName\":\"search_term_string\"}}],\"inLanguage\":\"fr-FR\"},{\"@type\":\"Organization\",\"@id\":\"https:\/\/www.bagnoitalia.com\/fr#organization\",\"name\":\"Bagno Italia\",\"url\":\"https:\/\/www.bagnoitalia.com\/fr\",\"logo\":{\"@type\":\"ImageObject\",\"inLanguage\":\"fr-FR\",\"@id\":\"https:\/\/www.bagnoitalia.com\/fr#\/schema\/logo\/image\/\",\"url\":\"https:\/\/img.bagnoitalia.com\/wp-content\/uploads\/logo-bagnoitalia.webp\",\"contentUrl\":\"https:\/\/img.bagnoitalia.com\/wp-content\/uploads\/logo-bagnoitalia.webp\",\"width\":400,\"height\":70,\"caption\":\"Bagno Italia\"},\"image\":{\"@id\":\"https:\/\/www.bagnoitalia.com\/fr#\/schema\/logo\/image\/\"}}]}<\/script>\n<!-- \/ Yoast SEO plugin. -->","yoast_head_json":{"title":"Mspa 204 cm bain \u00e0 remous autogonflant pour 6 personnes avec bain \u00e0 remous d'ozonoth\u00e9rapie MG08","description":"Mini whirlpool Mspa autogonflant, avec g\u00e9n\u00e9rateur d&#39;ozone, t\u00e9l\u00e9commande de contr\u00f4le externe et moteur interne.","robots":{"index":"index","follow":"follow","max-snippet":"max-snippet:-1","max-image-preview":"max-image-preview:large","max-video-preview":"max-video-preview:-1"},"canonical":"https:\/\/www.bagnoitalia.com\/fr\/produit\/mspa-204-cm-self-inflating-whirlpool-for-6-persons-with-ozone-therapy-whirlpool-mg08-2.html","og_locale":"fr_FR","og_type":"article","og_title":"Mspa 204 cm bain \u00e0 remous autogonflant pour 6 personnes avec bain \u00e0 remous d'ozonoth\u00e9rapie MG08","og_description":"Mini whirlpool Mspa autogonflant, avec g\u00e9n\u00e9rateur d&#39;ozone, t\u00e9l\u00e9commande de contr\u00f4le externe et moteur interne.","og_url":"https:\/\/www.bagnoitalia.com\/fr\/produit\/mspa-204-cm-self-inflating-whirlpool-for-6-persons-with-ozone-therapy-whirlpool-mg08-2.html","og_site_name":"Bagno Italia","og_image":[{"width":550,"height":550,"url":"https:\/\/img.bagnoitalia.com\/wp-content\/uploads\/virtuemart\/product\/mini-pool-autoginflatable-180x70-hydromassage-1.jpg","type":"image\/jpeg"}],"twitter_card":"summary_large_image","twitter_misc":{"Dur\u00e9e de lecture estim\u00e9e":"1 minute"},"schema":{"@context":"https:\/\/schema.org","@graph":[{"@type":"WebPage","@id":"https:\/\/www.bagnoitalia.com\/fr\/produit\/mspa-204-cm-self-inflating-whirlpool-for-6-persons-with-ozone-therapy-whirlpool-mg08-2.html","url":"https:\/\/www.bagnoitalia.com\/fr\/produit\/mspa-204-cm-self-inflating-whirlpool-for-6-persons-with-ozone-therapy-whirlpool-mg08-2.html","name":"Mspa 204 cm bain \u00e0 remous autogonflant pour 6 personnes avec bain \u00e0 remous d'ozonoth\u00e9rapie MG08","isPartOf":{"@id":"https:\/\/www.bagnoitalia.com\/fr#website"},"primaryImageOfPage":{"@id":"https:\/\/www.bagnoitalia.com\/fr\/produit\/mspa-204-cm-self-inflating-whirlpool-for-6-persons-with-ozone-therapy-whirlpool-mg08-2.html#primaryimage"},"image":{"@id":"https:\/\/www.bagnoitalia.com\/fr\/produit\/mspa-204-cm-self-inflating-whirlpool-for-6-persons-with-ozone-therapy-whirlpool-mg08-2.html#primaryimage"},"thumbnailUrl":"https:\/\/img.bagnoitalia.com\/wp-content\/uploads\/virtuemart\/product\/mini-pool-autoginflatable-180x70-hydromassage-1.jpg","datePublished":"2023-03-06T15:36:46+00:00","description":"Mini whirlpool Mspa autogonflant, avec g\u00e9n\u00e9rateur d&#39;ozone, t\u00e9l\u00e9commande de contr\u00f4le externe et moteur interne.","breadcrumb":{"@id":"https:\/\/www.bagnoitalia.com\/fr\/produit\/mspa-204-cm-self-inflating-whirlpool-for-6-persons-with-ozone-therapy-whirlpool-mg08-2.html#breadcrumb"},"inLanguage":"fr-FR","potentialAction":[{"@type":"ReadAction","target":["https:\/\/www.bagnoitalia.com\/fr\/produit\/mspa-204-cm-self-inflating-whirlpool-for-6-persons-with-ozone-therapy-whirlpool-mg08-2.html"]}]},{"@type":"ImageObject","inLanguage":"fr-FR","@id":"https:\/\/www.bagnoitalia.com\/fr\/produit\/mspa-204-cm-self-inflating-whirlpool-for-6-persons-with-ozone-therapy-whirlpool-mg08-2.html#primaryimage","url":"https:\/\/img.bagnoitalia.com\/wp-content\/uploads\/virtuemart\/product\/mini-pool-autoginflatable-180x70-hydromassage-1.jpg","contentUrl":"https:\/\/img.bagnoitalia.com\/wp-content\/uploads\/virtuemart\/product\/mini-pool-autoginflatable-180x70-hydromassage-1.jpg","width":550,"height":550},{"@type":"BreadcrumbList","@id":"https:\/\/www.bagnoitalia.com\/fr\/produit\/mspa-204-cm-self-inflating-whirlpool-for-6-persons-with-ozone-therapy-whirlpool-mg08-2.html#breadcrumb","itemListElement":[{"@type":"ListItem","position":1,"name":"Home","item":"https:\/\/www.bagnoitalia.com\/fr"},{"@type":"ListItem","position":2,"name":"Produits","item":"https:\/\/www.bagnoitalia.com\/fr\/shop"},{"@type":"ListItem","position":3,"name":"Mspa 204 cm bain \u00e0 remous autogonflant pour 6 personnes avec bain \u00e0 remous d&#8217;ozonoth\u00e9rapie MG08"}]},{"@type":"WebSite","@id":"https:\/\/www.bagnoitalia.com\/fr#website","url":"https:\/\/www.bagnoitalia.com\/fr","name":"Bagno Italia","description":"","publisher":{"@id":"https:\/\/www.bagnoitalia.com\/fr#organization"},"potentialAction":[{"@type":"SearchAction","target":{"@type":"EntryPoint","urlTemplate":"https:\/\/www.bagnoitalia.com\/fr?s={search_term_string}"},"query-input":{"@type":"PropertyValueSpecification","valueRequired":true,"valueName":"search_term_string"}}],"inLanguage":"fr-FR"},{"@type":"Organization","@id":"https:\/\/www.bagnoitalia.com\/fr#organization","name":"Bagno Italia","url":"https:\/\/www.bagnoitalia.com\/fr","logo":{"@type":"ImageObject","inLanguage":"fr-FR","@id":"https:\/\/www.bagnoitalia.com\/fr#\/schema\/logo\/image\/","url":"https:\/\/img.bagnoitalia.com\/wp-content\/uploads\/logo-bagnoitalia.webp","contentUrl":"https:\/\/img.bagnoitalia.com\/wp-content\/uploads\/logo-bagnoitalia.webp","width":400,"height":70,"caption":"Bagno Italia"},"image":{"@id":"https:\/\/www.bagnoitalia.com\/fr#\/schema\/logo\/image\/"}}]}},"_links":{"self":[{"href":"https:\/\/www.bagnoitalia.com\/fr\/wp-json\/wp\/v2\/product\/82897","targetHints":{"allow":["GET"]}}],"collection":[{"href":"https:\/\/www.bagnoitalia.com\/fr\/wp-json\/wp\/v2\/product"}],"about":[{"href":"https:\/\/www.bagnoitalia.com\/fr\/wp-json\/wp\/v2\/types\/product"}],"replies":[{"embeddable":true,"href":"https:\/\/www.bagnoitalia.com\/fr\/wp-json\/wp\/v2\/comments?post=82897"}],"version-history":[{"count":0,"href":"https:\/\/www.bagnoitalia.com\/fr\/wp-json\/wp\/v2\/product\/82897\/revisions"}],"wp:featuredmedia":[{"embeddable":true,"href":"https:\/\/www.bagnoitalia.com\/fr\/wp-json\/wp\/v2\/media\/60409"}],"wp:attachment":[{"href":"https:\/\/www.bagnoitalia.com\/fr\/wp-json\/wp\/v2\/media?parent=82897"}],"wp:term":[{"taxonomy":"product_brand","embeddable":true,"href":"https:\/\/www.bagnoitalia.com\/fr\/wp-json\/wp\/v2\/product_brand?post=82897"},{"taxonomy":"product_cat","embeddable":true,"href":"https:\/\/www.bagnoitalia.com\/fr\/wp-json\/wp\/v2\/product_cat?post=82897"},{"taxonomy":"product_tag","embeddable":true,"href":"https:\/\/www.bagnoitalia.com\/fr\/wp-json\/wp\/v2\/product_tag?post=82897"}],"curies":[{"name":"wp","href":"https:\/\/api.w.org\/{rel}","templated":true}]}}