{"id":82877,"date":"2023-03-06T15:29:16","date_gmt":"2023-03-06T14:29:16","guid":{"rendered":"https:\/\/www.bagnoitalia.com\/product\/finnish-sauna-150x150-cm-3-seater-stove-with-stones-included-sn064-2"},"modified":"2023-03-06T15:29:16","modified_gmt":"2023-03-06T14:29:16","slug":"finnish-sauna-150x150-cm-3-seater-stove-with-stones-included-sn064-2","status":"publish","type":"product","link":"https:\/\/www.bagnoitalia.com\/fr\/produit\/finnish-sauna-150x150-cm-3-seater-stove-with-stones-included-sn064-2.html","title":{"rendered":"Sauna finlandais 150&#215;150 cm Po\u00eale 3 places avec pierres incluses SN064"},"content":{"rendered":"<p style=\"text-align: center;\"><span style=\"text-decoration: underline; color: #ff0000; font-size: 14pt;\"><strong>&nbsp;Sauna finlandais 150&#215;150 cm SN064<\/strong><\/span><\/p>\n<p>&nbsp;<\/p>\n<p><span style=\"text-decoration: underline;\"><strong>CARACT\u00c9RISTIQUES ET ACCESSOIRES INCLUS<\/strong><\/span><\/p>\n<p>Mat\u00e9riau du sauna : en bois de Hemlock canadien<\/p>\n<p>Type de sauna : Finlandais, complet avec po\u00eale et pierres<\/p>\n<p>Dimensions : 150x150xH200 cm<\/p>\n<p>Capacit\u00e9 : 3 places<\/p>\n<p>Seau<\/p>\n<p>Louche<\/p>\n<p>Sablier<\/p>\n<p>Thermom\u00e8tre<\/p>\n<p>Lampe double pour l&rsquo;\u00e9clairage int\u00e9rieur<\/p>\n<p>Syst\u00e8me de ventilation<\/p>\n<p>Verre de 8 mm d&rsquo;\u00e9paisseur<\/p>\n<p>Puissance : 6 kW<\/p>\n<p>&nbsp;<\/p>\n<p>&nbsp;<\/p>\n<p>&nbsp;<\/p>\n<p>&nbsp;<\/p>\n<p>&nbsp;<\/p>\n<p>&nbsp;<\/p>\n<p>&nbsp;<\/p>\n<p>&nbsp;<\/p>\n<p>&nbsp;<\/p>\n<p>&nbsp;<\/p>\n<p>J60150<\/p>\n<p>&nbsp;<\/p>\n","protected":false},"excerpt":{"rendered":"<p>Sauna pour 3 personnes, fabriqu\u00e9 en bois de Hemlock et en verre de 8 mm. Accessoires inclus dans le prix : po\u00eale avec pierres, sablier, thermom\u00e8tre et seau avec louche.<\/p>\n","protected":false},"featured_media":109158,"comment_status":"open","ping_status":"closed","template":"","meta":[],"product_brand":[9942],"product_cat":[9731],"product_tag":[],"class_list":{"0":"post-82877","1":"product","2":"type-product","3":"status-publish","4":"has-post-thumbnail","6":"product_brand-sanotechnik-italia-fr","7":"product_cat-sauna-finlandais","9":"first","10":"instock","11":"sale","12":"taxable","13":"shipping-taxable","14":"purchasable","15":"product-type-simple"},"exclude_global_add_ons":[],"addons":[],"yoast_head":"<!-- This site is optimized with the Yoast SEO plugin v26.7 - https:\/\/yoast.com\/wordpress\/plugins\/seo\/ -->\n<title>Sauna finlandais 150x150 cm Po\u00eale 3 places avec pierres incluses SN064<\/title>\n<meta name=\"description\" content=\"Sauna pour 3 personnes, fabriqu\u00e9 en bois de Hemlock et en verre de 8 mm. Accessoires inclus dans le prix : po\u00eale avec pierres, sablier, thermom\u00e8tre et seau avec louche.\" \/>\n<meta name=\"robots\" content=\"index, follow, max-snippet:-1, max-image-preview:large, max-video-preview:-1\" \/>\n<link rel=\"canonical\" href=\"https:\/\/www.bagnoitalia.com\/fr\/produit\/finnish-sauna-150x150-cm-3-seater-stove-with-stones-included-sn064-2.html\" \/>\n<meta property=\"og:locale\" content=\"fr_FR\" \/>\n<meta property=\"og:type\" content=\"article\" \/>\n<meta property=\"og:title\" content=\"Sauna finlandais 150x150 cm Po\u00eale 3 places avec pierres incluses SN064\" \/>\n<meta property=\"og:description\" content=\"Sauna pour 3 personnes, fabriqu\u00e9 en bois de Hemlock et en verre de 8 mm. Accessoires inclus dans le prix : po\u00eale avec pierres, sablier, thermom\u00e8tre et seau avec louche.\" \/>\n<meta property=\"og:url\" content=\"https:\/\/www.bagnoitalia.com\/fr\/produit\/finnish-sauna-150x150-cm-3-seater-stove-with-stones-included-sn064-2.html\" \/>\n<meta property=\"og:site_name\" content=\"Bagno Italia\" \/>\n<meta property=\"og:image\" content=\"https:\/\/img.bagnoitalia.com\/wp-content\/uploads\/virtuemart\/product\/finnish-sauna-150x150-cm-sn064-1.jpg\" \/>\n\t<meta property=\"og:image:width\" content=\"550\" \/>\n\t<meta property=\"og:image:height\" content=\"550\" \/>\n\t<meta property=\"og:image:type\" content=\"image\/jpeg\" \/>\n<meta name=\"twitter:card\" content=\"summary_large_image\" \/>\n<script type=\"application\/ld+json\" class=\"yoast-schema-graph\">{\"@context\":\"https:\/\/schema.org\",\"@graph\":[{\"@type\":\"WebPage\",\"@id\":\"https:\/\/www.bagnoitalia.com\/fr\/produit\/finnish-sauna-150x150-cm-3-seater-stove-with-stones-included-sn064-2.html\",\"url\":\"https:\/\/www.bagnoitalia.com\/fr\/produit\/finnish-sauna-150x150-cm-3-seater-stove-with-stones-included-sn064-2.html\",\"name\":\"Sauna finlandais 150x150 cm Po\u00eale 3 places avec pierres incluses SN064\",\"isPartOf\":{\"@id\":\"https:\/\/www.bagnoitalia.com\/fr#website\"},\"primaryImageOfPage\":{\"@id\":\"https:\/\/www.bagnoitalia.com\/fr\/produit\/finnish-sauna-150x150-cm-3-seater-stove-with-stones-included-sn064-2.html#primaryimage\"},\"image\":{\"@id\":\"https:\/\/www.bagnoitalia.com\/fr\/produit\/finnish-sauna-150x150-cm-3-seater-stove-with-stones-included-sn064-2.html#primaryimage\"},\"thumbnailUrl\":\"https:\/\/img.bagnoitalia.com\/wp-content\/uploads\/sauna-finlandese-150x150-cm-3-posti-SN064-front.jpg\",\"datePublished\":\"2023-03-06T14:29:16+00:00\",\"description\":\"Sauna pour 3 personnes, fabriqu\u00e9 en bois de Hemlock et en verre de 8 mm. Accessoires inclus dans le prix : po\u00eale avec pierres, sablier, thermom\u00e8tre et seau avec louche.\",\"breadcrumb\":{\"@id\":\"https:\/\/www.bagnoitalia.com\/fr\/produit\/finnish-sauna-150x150-cm-3-seater-stove-with-stones-included-sn064-2.html#breadcrumb\"},\"inLanguage\":\"fr-FR\",\"potentialAction\":[{\"@type\":\"ReadAction\",\"target\":[\"https:\/\/www.bagnoitalia.com\/fr\/produit\/finnish-sauna-150x150-cm-3-seater-stove-with-stones-included-sn064-2.html\"]}]},{\"@type\":\"ImageObject\",\"inLanguage\":\"fr-FR\",\"@id\":\"https:\/\/www.bagnoitalia.com\/fr\/produit\/finnish-sauna-150x150-cm-3-seater-stove-with-stones-included-sn064-2.html#primaryimage\",\"url\":\"https:\/\/img.bagnoitalia.com\/wp-content\/uploads\/sauna-finlandese-150x150-cm-3-posti-SN064-front.jpg\",\"contentUrl\":\"https:\/\/img.bagnoitalia.com\/wp-content\/uploads\/sauna-finlandese-150x150-cm-3-posti-SN064-front.jpg\",\"width\":1000,\"height\":1000},{\"@type\":\"BreadcrumbList\",\"@id\":\"https:\/\/www.bagnoitalia.com\/fr\/produit\/finnish-sauna-150x150-cm-3-seater-stove-with-stones-included-sn064-2.html#breadcrumb\",\"itemListElement\":[{\"@type\":\"ListItem\",\"position\":1,\"name\":\"Home\",\"item\":\"https:\/\/www.bagnoitalia.com\/fr\"},{\"@type\":\"ListItem\",\"position\":2,\"name\":\"Produits\",\"item\":\"https:\/\/www.bagnoitalia.com\/fr\/shop\"},{\"@type\":\"ListItem\",\"position\":3,\"name\":\"Sauna finlandais 150&#215;150 cm Po\u00eale 3 places avec pierres incluses SN064\"}]},{\"@type\":\"WebSite\",\"@id\":\"https:\/\/www.bagnoitalia.com\/fr#website\",\"url\":\"https:\/\/www.bagnoitalia.com\/fr\",\"name\":\"Bagno Italia\",\"description\":\"\",\"publisher\":{\"@id\":\"https:\/\/www.bagnoitalia.com\/fr#organization\"},\"potentialAction\":[{\"@type\":\"SearchAction\",\"target\":{\"@type\":\"EntryPoint\",\"urlTemplate\":\"https:\/\/www.bagnoitalia.com\/fr?s={search_term_string}\"},\"query-input\":{\"@type\":\"PropertyValueSpecification\",\"valueRequired\":true,\"valueName\":\"search_term_string\"}}],\"inLanguage\":\"fr-FR\"},{\"@type\":\"Organization\",\"@id\":\"https:\/\/www.bagnoitalia.com\/fr#organization\",\"name\":\"Bagno Italia\",\"url\":\"https:\/\/www.bagnoitalia.com\/fr\",\"logo\":{\"@type\":\"ImageObject\",\"inLanguage\":\"fr-FR\",\"@id\":\"https:\/\/www.bagnoitalia.com\/fr#\/schema\/logo\/image\/\",\"url\":\"https:\/\/img.bagnoitalia.com\/wp-content\/uploads\/logo-bagnoitalia.webp\",\"contentUrl\":\"https:\/\/img.bagnoitalia.com\/wp-content\/uploads\/logo-bagnoitalia.webp\",\"width\":400,\"height\":70,\"caption\":\"Bagno Italia\"},\"image\":{\"@id\":\"https:\/\/www.bagnoitalia.com\/fr#\/schema\/logo\/image\/\"}}]}<\/script>\n<!-- \/ Yoast SEO plugin. -->","yoast_head_json":{"title":"Sauna finlandais 150x150 cm Po\u00eale 3 places avec pierres incluses SN064","description":"Sauna pour 3 personnes, fabriqu\u00e9 en bois de Hemlock et en verre de 8 mm. Accessoires inclus dans le prix : po\u00eale avec pierres, sablier, thermom\u00e8tre et seau avec louche.","robots":{"index":"index","follow":"follow","max-snippet":"max-snippet:-1","max-image-preview":"max-image-preview:large","max-video-preview":"max-video-preview:-1"},"canonical":"https:\/\/www.bagnoitalia.com\/fr\/produit\/finnish-sauna-150x150-cm-3-seater-stove-with-stones-included-sn064-2.html","og_locale":"fr_FR","og_type":"article","og_title":"Sauna finlandais 150x150 cm Po\u00eale 3 places avec pierres incluses SN064","og_description":"Sauna pour 3 personnes, fabriqu\u00e9 en bois de Hemlock et en verre de 8 mm. Accessoires inclus dans le prix : po\u00eale avec pierres, sablier, thermom\u00e8tre et seau avec louche.","og_url":"https:\/\/www.bagnoitalia.com\/fr\/produit\/finnish-sauna-150x150-cm-3-seater-stove-with-stones-included-sn064-2.html","og_site_name":"Bagno Italia","og_image":[{"width":550,"height":550,"url":"https:\/\/img.bagnoitalia.com\/wp-content\/uploads\/virtuemart\/product\/finnish-sauna-150x150-cm-sn064-1.jpg","type":"image\/jpeg"}],"twitter_card":"summary_large_image","schema":{"@context":"https:\/\/schema.org","@graph":[{"@type":"WebPage","@id":"https:\/\/www.bagnoitalia.com\/fr\/produit\/finnish-sauna-150x150-cm-3-seater-stove-with-stones-included-sn064-2.html","url":"https:\/\/www.bagnoitalia.com\/fr\/produit\/finnish-sauna-150x150-cm-3-seater-stove-with-stones-included-sn064-2.html","name":"Sauna finlandais 150x150 cm Po\u00eale 3 places avec pierres incluses SN064","isPartOf":{"@id":"https:\/\/www.bagnoitalia.com\/fr#website"},"primaryImageOfPage":{"@id":"https:\/\/www.bagnoitalia.com\/fr\/produit\/finnish-sauna-150x150-cm-3-seater-stove-with-stones-included-sn064-2.html#primaryimage"},"image":{"@id":"https:\/\/www.bagnoitalia.com\/fr\/produit\/finnish-sauna-150x150-cm-3-seater-stove-with-stones-included-sn064-2.html#primaryimage"},"thumbnailUrl":"https:\/\/img.bagnoitalia.com\/wp-content\/uploads\/sauna-finlandese-150x150-cm-3-posti-SN064-front.jpg","datePublished":"2023-03-06T14:29:16+00:00","description":"Sauna pour 3 personnes, fabriqu\u00e9 en bois de Hemlock et en verre de 8 mm. Accessoires inclus dans le prix : po\u00eale avec pierres, sablier, thermom\u00e8tre et seau avec louche.","breadcrumb":{"@id":"https:\/\/www.bagnoitalia.com\/fr\/produit\/finnish-sauna-150x150-cm-3-seater-stove-with-stones-included-sn064-2.html#breadcrumb"},"inLanguage":"fr-FR","potentialAction":[{"@type":"ReadAction","target":["https:\/\/www.bagnoitalia.com\/fr\/produit\/finnish-sauna-150x150-cm-3-seater-stove-with-stones-included-sn064-2.html"]}]},{"@type":"ImageObject","inLanguage":"fr-FR","@id":"https:\/\/www.bagnoitalia.com\/fr\/produit\/finnish-sauna-150x150-cm-3-seater-stove-with-stones-included-sn064-2.html#primaryimage","url":"https:\/\/img.bagnoitalia.com\/wp-content\/uploads\/sauna-finlandese-150x150-cm-3-posti-SN064-front.jpg","contentUrl":"https:\/\/img.bagnoitalia.com\/wp-content\/uploads\/sauna-finlandese-150x150-cm-3-posti-SN064-front.jpg","width":1000,"height":1000},{"@type":"BreadcrumbList","@id":"https:\/\/www.bagnoitalia.com\/fr\/produit\/finnish-sauna-150x150-cm-3-seater-stove-with-stones-included-sn064-2.html#breadcrumb","itemListElement":[{"@type":"ListItem","position":1,"name":"Home","item":"https:\/\/www.bagnoitalia.com\/fr"},{"@type":"ListItem","position":2,"name":"Produits","item":"https:\/\/www.bagnoitalia.com\/fr\/shop"},{"@type":"ListItem","position":3,"name":"Sauna finlandais 150&#215;150 cm Po\u00eale 3 places avec pierres incluses SN064"}]},{"@type":"WebSite","@id":"https:\/\/www.bagnoitalia.com\/fr#website","url":"https:\/\/www.bagnoitalia.com\/fr","name":"Bagno Italia","description":"","publisher":{"@id":"https:\/\/www.bagnoitalia.com\/fr#organization"},"potentialAction":[{"@type":"SearchAction","target":{"@type":"EntryPoint","urlTemplate":"https:\/\/www.bagnoitalia.com\/fr?s={search_term_string}"},"query-input":{"@type":"PropertyValueSpecification","valueRequired":true,"valueName":"search_term_string"}}],"inLanguage":"fr-FR"},{"@type":"Organization","@id":"https:\/\/www.bagnoitalia.com\/fr#organization","name":"Bagno Italia","url":"https:\/\/www.bagnoitalia.com\/fr","logo":{"@type":"ImageObject","inLanguage":"fr-FR","@id":"https:\/\/www.bagnoitalia.com\/fr#\/schema\/logo\/image\/","url":"https:\/\/img.bagnoitalia.com\/wp-content\/uploads\/logo-bagnoitalia.webp","contentUrl":"https:\/\/img.bagnoitalia.com\/wp-content\/uploads\/logo-bagnoitalia.webp","width":400,"height":70,"caption":"Bagno Italia"},"image":{"@id":"https:\/\/www.bagnoitalia.com\/fr#\/schema\/logo\/image\/"}}]}},"_links":{"self":[{"href":"https:\/\/www.bagnoitalia.com\/fr\/wp-json\/wp\/v2\/product\/82877","targetHints":{"allow":["GET"]}}],"collection":[{"href":"https:\/\/www.bagnoitalia.com\/fr\/wp-json\/wp\/v2\/product"}],"about":[{"href":"https:\/\/www.bagnoitalia.com\/fr\/wp-json\/wp\/v2\/types\/product"}],"replies":[{"embeddable":true,"href":"https:\/\/www.bagnoitalia.com\/fr\/wp-json\/wp\/v2\/comments?post=82877"}],"version-history":[{"count":0,"href":"https:\/\/www.bagnoitalia.com\/fr\/wp-json\/wp\/v2\/product\/82877\/revisions"}],"wp:featuredmedia":[{"embeddable":true,"href":"https:\/\/www.bagnoitalia.com\/fr\/wp-json\/wp\/v2\/media\/109158"}],"wp:attachment":[{"href":"https:\/\/www.bagnoitalia.com\/fr\/wp-json\/wp\/v2\/media?parent=82877"}],"wp:term":[{"taxonomy":"product_brand","embeddable":true,"href":"https:\/\/www.bagnoitalia.com\/fr\/wp-json\/wp\/v2\/product_brand?post=82877"},{"taxonomy":"product_cat","embeddable":true,"href":"https:\/\/www.bagnoitalia.com\/fr\/wp-json\/wp\/v2\/product_cat?post=82877"},{"taxonomy":"product_tag","embeddable":true,"href":"https:\/\/www.bagnoitalia.com\/fr\/wp-json\/wp\/v2\/product_tag?post=82877"}],"curies":[{"name":"wp","href":"https:\/\/api.w.org\/{rel}","templated":true}]}}