{"id":82873,"date":"2023-03-06T15:19:38","date_gmt":"2023-03-06T14:19:38","guid":{"rendered":"https:\/\/www.bagnoitalia.com\/product\/finnish-sauna-150x120-cm-in-canadian-wood-for-3-persons-with-stove-sn063-2"},"modified":"2026-02-10T10:53:15","modified_gmt":"2026-02-10T09:53:15","slug":"finnish-sauna-150x120-cm-in-canadian-wood-for-3-persons-with-stove-sn063-2","status":"publish","type":"product","link":"https:\/\/www.bagnoitalia.com\/fr\/produit\/finnish-sauna-150x120-cm-in-canadian-wood-for-3-persons-with-stove-sn063-2.html","title":{"rendered":"Sauna finlandais 150&#215;120 cm en bois canadien pour 3 personnes avec po\u00eale SN063"},"content":{"rendered":"<p style=\"text-align: center;\"><span style=\"text-decoration: underline; color: #ff0000; font-size: 18pt;\"><strong>\u00a0Sauna finlandais 3 places SN063<\/strong><\/span><\/p>\n<p>&nbsp;<\/p>\n<p><span style=\"text-decoration: underline;\"><strong>D\u00c9TAILS DU PRODUIT<\/strong><\/span><\/p>\n<p>Sauna finlandais 150x120xH190 cm<\/p>\n<p>Peut accueillir jusqu&rsquo;\u00e0 3 personnes<\/p>\n<p>Po\u00eale avec pierres<\/p>\n<p>Sablier<\/p>\n<p>Seau avec louche<\/p>\n<p>Thermom\u00e8tre<\/p>\n<p>Lampe double pour l&rsquo;\u00e9clairage int\u00e9rieur<\/p>\n<p>Syst\u00e8me de ventilation<\/p>\n<p>Cadre en bois de Hemlock canadien<\/p>\n<p>Paroi et porte frontale en verre de 8 mm<\/p>\n<p>Puissance : 4,5 kW<\/p>\n<p>\u00c9clairage 220 V<\/p>\n<p>Chauffage 380 V<\/p>\n<p>Le po\u00eale de ce sauna peut \u00eatre raccord\u00e9 \u00e0 un r\u00e9seau monophas\u00e9 ou triphas\u00e9.<\/p>\n<p>&nbsp;<\/p>\n<p>&nbsp;<\/p>\n<p>&nbsp;<\/p>\n<p>&nbsp;<\/p>\n<p>&nbsp;<\/p>\n<p>&nbsp;<\/p>\n<p>&nbsp;<\/p>\n<p>&nbsp;<\/p>\n<p>&nbsp;<\/p>\n<p>&nbsp;<\/p>\n<p>J60120<\/p>\n<p>&nbsp;<\/p>\n","protected":false},"excerpt":{"rendered":"<p>Cabine de spa 3 places avec po\u00eale de sauna finlandais. Compl\u00e8te avec sablier, thermom\u00e8tre et seau avec tasse \u00e0 mesurer.<\/p>\n","protected":false},"featured_media":60305,"comment_status":"open","ping_status":"closed","template":"","meta":[],"product_brand":[9942],"product_cat":[9731],"product_tag":[],"class_list":{"0":"post-82873","1":"product","2":"type-product","3":"status-publish","4":"has-post-thumbnail","6":"product_brand-sanotechnik-italia-fr","7":"product_cat-sauna-finlandais","9":"first","10":"instock","11":"sale","12":"taxable","13":"shipping-taxable","14":"purchasable","15":"product-type-simple"},"exclude_global_add_ons":[],"addons":[],"yoast_head":"<!-- This site is optimized with the Yoast SEO plugin v26.7 - https:\/\/yoast.com\/wordpress\/plugins\/seo\/ -->\n<title>Sauna finlandais 150x120 cm en bois canadien pour 3 personnes avec po\u00eale SN063<\/title>\n<meta name=\"description\" content=\"Cabine de spa 3 places avec po\u00eale de sauna finlandais. Compl\u00e8te avec sablier, thermom\u00e8tre et seau avec tasse \u00e0 mesurer.\" \/>\n<meta name=\"robots\" content=\"index, follow, max-snippet:-1, max-image-preview:large, max-video-preview:-1\" \/>\n<link rel=\"canonical\" href=\"https:\/\/www.bagnoitalia.com\/fr\/produit\/finnish-sauna-150x120-cm-in-canadian-wood-for-3-persons-with-stove-sn063-2.html\" \/>\n<meta property=\"og:locale\" content=\"fr_FR\" \/>\n<meta property=\"og:type\" content=\"article\" \/>\n<meta property=\"og:title\" content=\"Sauna finlandais 150x120 cm en bois canadien pour 3 personnes avec po\u00eale SN063\" \/>\n<meta property=\"og:description\" content=\"Cabine de spa 3 places avec po\u00eale de sauna finlandais. Compl\u00e8te avec sablier, thermom\u00e8tre et seau avec tasse \u00e0 mesurer.\" \/>\n<meta property=\"og:url\" content=\"https:\/\/www.bagnoitalia.com\/fr\/produit\/finnish-sauna-150x120-cm-in-canadian-wood-for-3-persons-with-stove-sn063-2.html\" \/>\n<meta property=\"og:site_name\" content=\"Bagno Italia\" \/>\n<meta property=\"article:modified_time\" content=\"2026-02-10T09:53:15+00:00\" \/>\n<meta property=\"og:image\" content=\"https:\/\/img.bagnoitalia.com\/wp-content\/uploads\/virtuemart\/product\/finnish_sauna_150x120-cm-sn063-1.jpg\" \/>\n\t<meta property=\"og:image:width\" content=\"550\" \/>\n\t<meta property=\"og:image:height\" content=\"550\" \/>\n\t<meta property=\"og:image:type\" content=\"image\/jpeg\" \/>\n<meta name=\"twitter:card\" content=\"summary_large_image\" \/>\n<meta name=\"twitter:label1\" content=\"Dur\u00e9e de lecture estim\u00e9e\" \/>\n\t<meta name=\"twitter:data1\" content=\"1 minute\" \/>\n<script type=\"application\/ld+json\" class=\"yoast-schema-graph\">{\"@context\":\"https:\/\/schema.org\",\"@graph\":[{\"@type\":\"WebPage\",\"@id\":\"https:\/\/www.bagnoitalia.com\/fr\/produit\/finnish-sauna-150x120-cm-in-canadian-wood-for-3-persons-with-stove-sn063-2.html\",\"url\":\"https:\/\/www.bagnoitalia.com\/fr\/produit\/finnish-sauna-150x120-cm-in-canadian-wood-for-3-persons-with-stove-sn063-2.html\",\"name\":\"Sauna finlandais 150x120 cm en bois canadien pour 3 personnes avec po\u00eale SN063\",\"isPartOf\":{\"@id\":\"https:\/\/www.bagnoitalia.com\/fr#website\"},\"primaryImageOfPage\":{\"@id\":\"https:\/\/www.bagnoitalia.com\/fr\/produit\/finnish-sauna-150x120-cm-in-canadian-wood-for-3-persons-with-stove-sn063-2.html#primaryimage\"},\"image\":{\"@id\":\"https:\/\/www.bagnoitalia.com\/fr\/produit\/finnish-sauna-150x120-cm-in-canadian-wood-for-3-persons-with-stove-sn063-2.html#primaryimage\"},\"thumbnailUrl\":\"https:\/\/img.bagnoitalia.com\/wp-content\/uploads\/virtuemart\/product\/finnish_sauna_150x120-cm-sn063-1.jpg\",\"datePublished\":\"2023-03-06T14:19:38+00:00\",\"dateModified\":\"2026-02-10T09:53:15+00:00\",\"description\":\"Cabine de spa 3 places avec po\u00eale de sauna finlandais. Compl\u00e8te avec sablier, thermom\u00e8tre et seau avec tasse \u00e0 mesurer.\",\"breadcrumb\":{\"@id\":\"https:\/\/www.bagnoitalia.com\/fr\/produit\/finnish-sauna-150x120-cm-in-canadian-wood-for-3-persons-with-stove-sn063-2.html#breadcrumb\"},\"inLanguage\":\"fr-FR\",\"potentialAction\":[{\"@type\":\"ReadAction\",\"target\":[\"https:\/\/www.bagnoitalia.com\/fr\/produit\/finnish-sauna-150x120-cm-in-canadian-wood-for-3-persons-with-stove-sn063-2.html\"]}]},{\"@type\":\"ImageObject\",\"inLanguage\":\"fr-FR\",\"@id\":\"https:\/\/www.bagnoitalia.com\/fr\/produit\/finnish-sauna-150x120-cm-in-canadian-wood-for-3-persons-with-stove-sn063-2.html#primaryimage\",\"url\":\"https:\/\/img.bagnoitalia.com\/wp-content\/uploads\/virtuemart\/product\/finnish_sauna_150x120-cm-sn063-1.jpg\",\"contentUrl\":\"https:\/\/img.bagnoitalia.com\/wp-content\/uploads\/virtuemart\/product\/finnish_sauna_150x120-cm-sn063-1.jpg\",\"width\":550,\"height\":550},{\"@type\":\"BreadcrumbList\",\"@id\":\"https:\/\/www.bagnoitalia.com\/fr\/produit\/finnish-sauna-150x120-cm-in-canadian-wood-for-3-persons-with-stove-sn063-2.html#breadcrumb\",\"itemListElement\":[{\"@type\":\"ListItem\",\"position\":1,\"name\":\"Home\",\"item\":\"https:\/\/www.bagnoitalia.com\/fr\"},{\"@type\":\"ListItem\",\"position\":2,\"name\":\"Produits\",\"item\":\"https:\/\/www.bagnoitalia.com\/fr\/shop\"},{\"@type\":\"ListItem\",\"position\":3,\"name\":\"Sauna finlandais 150&#215;120 cm en bois canadien pour 3 personnes avec po\u00eale SN063\"}]},{\"@type\":\"WebSite\",\"@id\":\"https:\/\/www.bagnoitalia.com\/fr#website\",\"url\":\"https:\/\/www.bagnoitalia.com\/fr\",\"name\":\"Bagno Italia\",\"description\":\"\",\"publisher\":{\"@id\":\"https:\/\/www.bagnoitalia.com\/fr#organization\"},\"potentialAction\":[{\"@type\":\"SearchAction\",\"target\":{\"@type\":\"EntryPoint\",\"urlTemplate\":\"https:\/\/www.bagnoitalia.com\/fr?s={search_term_string}\"},\"query-input\":{\"@type\":\"PropertyValueSpecification\",\"valueRequired\":true,\"valueName\":\"search_term_string\"}}],\"inLanguage\":\"fr-FR\"},{\"@type\":\"Organization\",\"@id\":\"https:\/\/www.bagnoitalia.com\/fr#organization\",\"name\":\"Bagno Italia\",\"url\":\"https:\/\/www.bagnoitalia.com\/fr\",\"logo\":{\"@type\":\"ImageObject\",\"inLanguage\":\"fr-FR\",\"@id\":\"https:\/\/www.bagnoitalia.com\/fr#\/schema\/logo\/image\/\",\"url\":\"https:\/\/img.bagnoitalia.com\/wp-content\/uploads\/logo-bagnoitalia.webp\",\"contentUrl\":\"https:\/\/img.bagnoitalia.com\/wp-content\/uploads\/logo-bagnoitalia.webp\",\"width\":400,\"height\":70,\"caption\":\"Bagno Italia\"},\"image\":{\"@id\":\"https:\/\/www.bagnoitalia.com\/fr#\/schema\/logo\/image\/\"}}]}<\/script>\n<!-- \/ Yoast SEO plugin. -->","yoast_head_json":{"title":"Sauna finlandais 150x120 cm en bois canadien pour 3 personnes avec po\u00eale SN063","description":"Cabine de spa 3 places avec po\u00eale de sauna finlandais. Compl\u00e8te avec sablier, thermom\u00e8tre et seau avec tasse \u00e0 mesurer.","robots":{"index":"index","follow":"follow","max-snippet":"max-snippet:-1","max-image-preview":"max-image-preview:large","max-video-preview":"max-video-preview:-1"},"canonical":"https:\/\/www.bagnoitalia.com\/fr\/produit\/finnish-sauna-150x120-cm-in-canadian-wood-for-3-persons-with-stove-sn063-2.html","og_locale":"fr_FR","og_type":"article","og_title":"Sauna finlandais 150x120 cm en bois canadien pour 3 personnes avec po\u00eale SN063","og_description":"Cabine de spa 3 places avec po\u00eale de sauna finlandais. Compl\u00e8te avec sablier, thermom\u00e8tre et seau avec tasse \u00e0 mesurer.","og_url":"https:\/\/www.bagnoitalia.com\/fr\/produit\/finnish-sauna-150x120-cm-in-canadian-wood-for-3-persons-with-stove-sn063-2.html","og_site_name":"Bagno Italia","article_modified_time":"2026-02-10T09:53:15+00:00","og_image":[{"width":550,"height":550,"url":"https:\/\/img.bagnoitalia.com\/wp-content\/uploads\/virtuemart\/product\/finnish_sauna_150x120-cm-sn063-1.jpg","type":"image\/jpeg"}],"twitter_card":"summary_large_image","twitter_misc":{"Dur\u00e9e de lecture estim\u00e9e":"1 minute"},"schema":{"@context":"https:\/\/schema.org","@graph":[{"@type":"WebPage","@id":"https:\/\/www.bagnoitalia.com\/fr\/produit\/finnish-sauna-150x120-cm-in-canadian-wood-for-3-persons-with-stove-sn063-2.html","url":"https:\/\/www.bagnoitalia.com\/fr\/produit\/finnish-sauna-150x120-cm-in-canadian-wood-for-3-persons-with-stove-sn063-2.html","name":"Sauna finlandais 150x120 cm en bois canadien pour 3 personnes avec po\u00eale SN063","isPartOf":{"@id":"https:\/\/www.bagnoitalia.com\/fr#website"},"primaryImageOfPage":{"@id":"https:\/\/www.bagnoitalia.com\/fr\/produit\/finnish-sauna-150x120-cm-in-canadian-wood-for-3-persons-with-stove-sn063-2.html#primaryimage"},"image":{"@id":"https:\/\/www.bagnoitalia.com\/fr\/produit\/finnish-sauna-150x120-cm-in-canadian-wood-for-3-persons-with-stove-sn063-2.html#primaryimage"},"thumbnailUrl":"https:\/\/img.bagnoitalia.com\/wp-content\/uploads\/virtuemart\/product\/finnish_sauna_150x120-cm-sn063-1.jpg","datePublished":"2023-03-06T14:19:38+00:00","dateModified":"2026-02-10T09:53:15+00:00","description":"Cabine de spa 3 places avec po\u00eale de sauna finlandais. Compl\u00e8te avec sablier, thermom\u00e8tre et seau avec tasse \u00e0 mesurer.","breadcrumb":{"@id":"https:\/\/www.bagnoitalia.com\/fr\/produit\/finnish-sauna-150x120-cm-in-canadian-wood-for-3-persons-with-stove-sn063-2.html#breadcrumb"},"inLanguage":"fr-FR","potentialAction":[{"@type":"ReadAction","target":["https:\/\/www.bagnoitalia.com\/fr\/produit\/finnish-sauna-150x120-cm-in-canadian-wood-for-3-persons-with-stove-sn063-2.html"]}]},{"@type":"ImageObject","inLanguage":"fr-FR","@id":"https:\/\/www.bagnoitalia.com\/fr\/produit\/finnish-sauna-150x120-cm-in-canadian-wood-for-3-persons-with-stove-sn063-2.html#primaryimage","url":"https:\/\/img.bagnoitalia.com\/wp-content\/uploads\/virtuemart\/product\/finnish_sauna_150x120-cm-sn063-1.jpg","contentUrl":"https:\/\/img.bagnoitalia.com\/wp-content\/uploads\/virtuemart\/product\/finnish_sauna_150x120-cm-sn063-1.jpg","width":550,"height":550},{"@type":"BreadcrumbList","@id":"https:\/\/www.bagnoitalia.com\/fr\/produit\/finnish-sauna-150x120-cm-in-canadian-wood-for-3-persons-with-stove-sn063-2.html#breadcrumb","itemListElement":[{"@type":"ListItem","position":1,"name":"Home","item":"https:\/\/www.bagnoitalia.com\/fr"},{"@type":"ListItem","position":2,"name":"Produits","item":"https:\/\/www.bagnoitalia.com\/fr\/shop"},{"@type":"ListItem","position":3,"name":"Sauna finlandais 150&#215;120 cm en bois canadien pour 3 personnes avec po\u00eale SN063"}]},{"@type":"WebSite","@id":"https:\/\/www.bagnoitalia.com\/fr#website","url":"https:\/\/www.bagnoitalia.com\/fr","name":"Bagno Italia","description":"","publisher":{"@id":"https:\/\/www.bagnoitalia.com\/fr#organization"},"potentialAction":[{"@type":"SearchAction","target":{"@type":"EntryPoint","urlTemplate":"https:\/\/www.bagnoitalia.com\/fr?s={search_term_string}"},"query-input":{"@type":"PropertyValueSpecification","valueRequired":true,"valueName":"search_term_string"}}],"inLanguage":"fr-FR"},{"@type":"Organization","@id":"https:\/\/www.bagnoitalia.com\/fr#organization","name":"Bagno Italia","url":"https:\/\/www.bagnoitalia.com\/fr","logo":{"@type":"ImageObject","inLanguage":"fr-FR","@id":"https:\/\/www.bagnoitalia.com\/fr#\/schema\/logo\/image\/","url":"https:\/\/img.bagnoitalia.com\/wp-content\/uploads\/logo-bagnoitalia.webp","contentUrl":"https:\/\/img.bagnoitalia.com\/wp-content\/uploads\/logo-bagnoitalia.webp","width":400,"height":70,"caption":"Bagno Italia"},"image":{"@id":"https:\/\/www.bagnoitalia.com\/fr#\/schema\/logo\/image\/"}}]}},"_links":{"self":[{"href":"https:\/\/www.bagnoitalia.com\/fr\/wp-json\/wp\/v2\/product\/82873","targetHints":{"allow":["GET"]}}],"collection":[{"href":"https:\/\/www.bagnoitalia.com\/fr\/wp-json\/wp\/v2\/product"}],"about":[{"href":"https:\/\/www.bagnoitalia.com\/fr\/wp-json\/wp\/v2\/types\/product"}],"replies":[{"embeddable":true,"href":"https:\/\/www.bagnoitalia.com\/fr\/wp-json\/wp\/v2\/comments?post=82873"}],"version-history":[{"count":2,"href":"https:\/\/www.bagnoitalia.com\/fr\/wp-json\/wp\/v2\/product\/82873\/revisions"}],"predecessor-version":[{"id":116124,"href":"https:\/\/www.bagnoitalia.com\/fr\/wp-json\/wp\/v2\/product\/82873\/revisions\/116124"}],"wp:featuredmedia":[{"embeddable":true,"href":"https:\/\/www.bagnoitalia.com\/fr\/wp-json\/wp\/v2\/media\/60305"}],"wp:attachment":[{"href":"https:\/\/www.bagnoitalia.com\/fr\/wp-json\/wp\/v2\/media?parent=82873"}],"wp:term":[{"taxonomy":"product_brand","embeddable":true,"href":"https:\/\/www.bagnoitalia.com\/fr\/wp-json\/wp\/v2\/product_brand?post=82873"},{"taxonomy":"product_cat","embeddable":true,"href":"https:\/\/www.bagnoitalia.com\/fr\/wp-json\/wp\/v2\/product_cat?post=82873"},{"taxonomy":"product_tag","embeddable":true,"href":"https:\/\/www.bagnoitalia.com\/fr\/wp-json\/wp\/v2\/product_tag?post=82873"}],"curies":[{"name":"wp","href":"https:\/\/api.w.org\/{rel}","templated":true}]}}