{"id":82841,"date":"2023-03-01T08:33:49","date_gmt":"2023-03-01T07:33:49","guid":{"rendered":"https:\/\/www.bagnoitalia.com\/product\/square-whirlpool-210x210-cm-with-28-jets-bluetooth-connection-and-led-lighting-mp41-2"},"modified":"2024-12-05T15:27:21","modified_gmt":"2024-12-05T14:27:21","slug":"square-whirlpool-210x210-cm-with-28-jets-bluetooth-connection-and-led-lighting-mp41-2","status":"publish","type":"product","link":"https:\/\/www.bagnoitalia.com\/fr\/produit\/square-whirlpool-210x210-cm-with-28-jets-bluetooth-connection-and-led-lighting-mp41-2.html","title":{"rendered":"Bain \u00e0 remous carr\u00e9 210&#215;210 cm avec 28 jets connexion bluetooth et \u00e9clairage LED MP41"},"content":{"rendered":"<p>&nbsp;<\/p>\n<p>WHIRLPOOL MP41<\/p>\n<p>&nbsp;<\/p>\n<p>&nbsp;<\/p>\n<p>D\u00c9TAILS ET FONCTIONS DU PRODUIT :<\/p>\n<p>Bain \u00e0 remous ext\u00e9rieur<\/p>\n<p>Forme carr\u00e9e<\/p>\n<p>Dimensions : 210x210xH80 cm<\/p>\n<p>avec 28 jets d&rsquo;hydromassage<\/p>\n<p>5 places assises<\/p>\n<p>1 chaise longue<\/p>\n<p>3 appuis-t\u00eate<\/p>\n<p>\u00e9cran de contr\u00f4le<\/p>\n<p>connexion bluetooth<\/p>\n<p>Eclairage LED<\/p>\n<p>D\u00e9sinfection UV<\/p>\n<p>filtre \u00e0 cartouche<\/p>\n<p>couvercle inclus<\/p>\n<p>\u00e9chelle incluse<\/p>\n<p>&nbsp;<\/p>\n<p>CONSOMMATION ET D\u00c9TAILS TECHNIQUES<\/p>\n<p>Puissance totale : 3,52 kW<\/p>\n<p>2 kW chauffage<\/p>\n<p>1,52 kW pompes \u00e0 eau<\/p>\n<p>capacit\u00e9 maximale de 900 litres<\/p>\n<p>Poids du produit 357kg<\/p>\n<p>alimentation \u00e9lectrique : 220 &#8211; 240V 50Hz<\/p>\n<p>&nbsp;<\/p>\n<p>&nbsp;<\/p>\n<p>&nbsp;<\/p>\n<p>&nbsp;<\/p>\n<p>&nbsp;<\/p>\n<p>&nbsp;<\/p>\n<p>&nbsp;<\/p>\n<p>&nbsp;<\/p>\n<p>&nbsp;<\/p>\n<p>&nbsp;<\/p>\n<p>&nbsp;<\/p>\n<p>&nbsp;<\/p>\n<p>&nbsp;<\/p>\n<p>SPA58<\/p>\n<p>&nbsp;<\/p>\n","protected":false},"excerpt":{"rendered":"<p>Baignoire d&rsquo;ext\u00e9rieur multifonctionnelle. Complet avec 28 jets d&rsquo;eau, lumi\u00e8re LED, Bluetooth, d\u00e9sinfection UV.<br \/>\nConvient pour 6 personnes (5 si\u00e8ges+1 chaise longue)<\/p>\n","protected":false},"featured_media":98290,"comment_status":"open","ping_status":"closed","template":"","meta":[],"product_brand":[9942],"product_cat":[10069],"product_tag":[],"class_list":{"0":"post-82841","1":"product","2":"type-product","3":"status-publish","4":"has-post-thumbnail","6":"product_brand-sanotechnik-italia-fr","7":"product_cat-piscines-exterieures-a-hydromassage","9":"first","10":"instock","11":"sale","12":"taxable","13":"shipping-taxable","14":"purchasable","15":"product-type-simple"},"exclude_global_add_ons":[],"addons":[],"yoast_head":"<!-- This site is optimized with the Yoast SEO plugin v26.7 - https:\/\/yoast.com\/wordpress\/plugins\/seo\/ -->\n<title>Bain \u00e0 remous carr\u00e9 210x210 cm avec 28 jets connexion bluetooth et \u00e9clairage LED MP41<\/title>\n<meta name=\"description\" content=\"baignoire d&#039;ext\u00e9rieur multifonctionnelle. Compl\u00e8te avec 28 jets d&#039;eau, lumi\u00e8re LED, Bluetooth, d\u00e9sinfection UV. Convient pour 6 personnes (5 si\u00e8ges+1 chaise longue)\" \/>\n<meta name=\"robots\" content=\"index, follow, max-snippet:-1, max-image-preview:large, max-video-preview:-1\" \/>\n<link rel=\"canonical\" href=\"https:\/\/www.bagnoitalia.com\/fr\/produit\/square-whirlpool-210x210-cm-with-28-jets-bluetooth-connection-and-led-lighting-mp41-2.html\" \/>\n<meta property=\"og:locale\" content=\"fr_FR\" \/>\n<meta property=\"og:type\" content=\"article\" \/>\n<meta property=\"og:title\" content=\"Bain \u00e0 remous carr\u00e9 210x210 cm avec 28 jets connexion bluetooth et \u00e9clairage LED MP41\" \/>\n<meta property=\"og:description\" content=\"baignoire d&#039;ext\u00e9rieur multifonctionnelle. Compl\u00e8te avec 28 jets d&#039;eau, lumi\u00e8re LED, Bluetooth, d\u00e9sinfection UV. Convient pour 6 personnes (5 si\u00e8ges+1 chaise longue)\" \/>\n<meta property=\"og:url\" content=\"https:\/\/www.bagnoitalia.com\/fr\/produit\/square-whirlpool-210x210-cm-with-28-jets-bluetooth-connection-and-led-lighting-mp41-2.html\" \/>\n<meta property=\"og:site_name\" content=\"Bagno Italia\" \/>\n<meta property=\"article:modified_time\" content=\"2024-12-05T14:27:21+00:00\" \/>\n<meta property=\"og:image\" content=\"https:\/\/img.bagnoitalia.com\/wp-content\/uploads\/1-64.webp\" \/>\n\t<meta property=\"og:image:width\" content=\"550\" \/>\n\t<meta property=\"og:image:height\" content=\"550\" \/>\n\t<meta property=\"og:image:type\" content=\"image\/webp\" \/>\n<meta name=\"twitter:card\" content=\"summary_large_image\" \/>\n<meta name=\"twitter:label1\" content=\"Dur\u00e9e de lecture estim\u00e9e\" \/>\n\t<meta name=\"twitter:data1\" content=\"1 minute\" \/>\n<script type=\"application\/ld+json\" class=\"yoast-schema-graph\">{\"@context\":\"https:\/\/schema.org\",\"@graph\":[{\"@type\":\"WebPage\",\"@id\":\"https:\/\/www.bagnoitalia.com\/fr\/produit\/square-whirlpool-210x210-cm-with-28-jets-bluetooth-connection-and-led-lighting-mp41-2.html\",\"url\":\"https:\/\/www.bagnoitalia.com\/fr\/produit\/square-whirlpool-210x210-cm-with-28-jets-bluetooth-connection-and-led-lighting-mp41-2.html\",\"name\":\"Bain \u00e0 remous carr\u00e9 210x210 cm avec 28 jets connexion bluetooth et \u00e9clairage LED MP41\",\"isPartOf\":{\"@id\":\"https:\/\/www.bagnoitalia.com\/fr#website\"},\"primaryImageOfPage\":{\"@id\":\"https:\/\/www.bagnoitalia.com\/fr\/produit\/square-whirlpool-210x210-cm-with-28-jets-bluetooth-connection-and-led-lighting-mp41-2.html#primaryimage\"},\"image\":{\"@id\":\"https:\/\/www.bagnoitalia.com\/fr\/produit\/square-whirlpool-210x210-cm-with-28-jets-bluetooth-connection-and-led-lighting-mp41-2.html#primaryimage\"},\"thumbnailUrl\":\"https:\/\/img.bagnoitalia.com\/wp-content\/uploads\/1-64.webp\",\"datePublished\":\"2023-03-01T07:33:49+00:00\",\"dateModified\":\"2024-12-05T14:27:21+00:00\",\"description\":\"baignoire d'ext\u00e9rieur multifonctionnelle. Compl\u00e8te avec 28 jets d'eau, lumi\u00e8re LED, Bluetooth, d\u00e9sinfection UV. Convient pour 6 personnes (5 si\u00e8ges+1 chaise longue)\",\"breadcrumb\":{\"@id\":\"https:\/\/www.bagnoitalia.com\/fr\/produit\/square-whirlpool-210x210-cm-with-28-jets-bluetooth-connection-and-led-lighting-mp41-2.html#breadcrumb\"},\"inLanguage\":\"fr-FR\",\"potentialAction\":[{\"@type\":\"ReadAction\",\"target\":[\"https:\/\/www.bagnoitalia.com\/fr\/produit\/square-whirlpool-210x210-cm-with-28-jets-bluetooth-connection-and-led-lighting-mp41-2.html\"]}]},{\"@type\":\"ImageObject\",\"inLanguage\":\"fr-FR\",\"@id\":\"https:\/\/www.bagnoitalia.com\/fr\/produit\/square-whirlpool-210x210-cm-with-28-jets-bluetooth-connection-and-led-lighting-mp41-2.html#primaryimage\",\"url\":\"https:\/\/img.bagnoitalia.com\/wp-content\/uploads\/1-64.webp\",\"contentUrl\":\"https:\/\/img.bagnoitalia.com\/wp-content\/uploads\/1-64.webp\",\"width\":550,\"height\":550},{\"@type\":\"BreadcrumbList\",\"@id\":\"https:\/\/www.bagnoitalia.com\/fr\/produit\/square-whirlpool-210x210-cm-with-28-jets-bluetooth-connection-and-led-lighting-mp41-2.html#breadcrumb\",\"itemListElement\":[{\"@type\":\"ListItem\",\"position\":1,\"name\":\"Home\",\"item\":\"https:\/\/www.bagnoitalia.com\/fr\"},{\"@type\":\"ListItem\",\"position\":2,\"name\":\"Produits\",\"item\":\"https:\/\/www.bagnoitalia.com\/fr\/shop\"},{\"@type\":\"ListItem\",\"position\":3,\"name\":\"Bain \u00e0 remous carr\u00e9 210&#215;210 cm avec 28 jets connexion bluetooth et \u00e9clairage LED MP41\"}]},{\"@type\":\"WebSite\",\"@id\":\"https:\/\/www.bagnoitalia.com\/fr#website\",\"url\":\"https:\/\/www.bagnoitalia.com\/fr\",\"name\":\"Bagno Italia\",\"description\":\"\",\"publisher\":{\"@id\":\"https:\/\/www.bagnoitalia.com\/fr#organization\"},\"potentialAction\":[{\"@type\":\"SearchAction\",\"target\":{\"@type\":\"EntryPoint\",\"urlTemplate\":\"https:\/\/www.bagnoitalia.com\/fr?s={search_term_string}\"},\"query-input\":{\"@type\":\"PropertyValueSpecification\",\"valueRequired\":true,\"valueName\":\"search_term_string\"}}],\"inLanguage\":\"fr-FR\"},{\"@type\":\"Organization\",\"@id\":\"https:\/\/www.bagnoitalia.com\/fr#organization\",\"name\":\"Bagno Italia\",\"url\":\"https:\/\/www.bagnoitalia.com\/fr\",\"logo\":{\"@type\":\"ImageObject\",\"inLanguage\":\"fr-FR\",\"@id\":\"https:\/\/www.bagnoitalia.com\/fr#\/schema\/logo\/image\/\",\"url\":\"https:\/\/img.bagnoitalia.com\/wp-content\/uploads\/logo-bagnoitalia.webp\",\"contentUrl\":\"https:\/\/img.bagnoitalia.com\/wp-content\/uploads\/logo-bagnoitalia.webp\",\"width\":400,\"height\":70,\"caption\":\"Bagno Italia\"},\"image\":{\"@id\":\"https:\/\/www.bagnoitalia.com\/fr#\/schema\/logo\/image\/\"}}]}<\/script>\n<!-- \/ Yoast SEO plugin. -->","yoast_head_json":{"title":"Bain \u00e0 remous carr\u00e9 210x210 cm avec 28 jets connexion bluetooth et \u00e9clairage LED MP41","description":"baignoire d'ext\u00e9rieur multifonctionnelle. Compl\u00e8te avec 28 jets d'eau, lumi\u00e8re LED, Bluetooth, d\u00e9sinfection UV. Convient pour 6 personnes (5 si\u00e8ges+1 chaise longue)","robots":{"index":"index","follow":"follow","max-snippet":"max-snippet:-1","max-image-preview":"max-image-preview:large","max-video-preview":"max-video-preview:-1"},"canonical":"https:\/\/www.bagnoitalia.com\/fr\/produit\/square-whirlpool-210x210-cm-with-28-jets-bluetooth-connection-and-led-lighting-mp41-2.html","og_locale":"fr_FR","og_type":"article","og_title":"Bain \u00e0 remous carr\u00e9 210x210 cm avec 28 jets connexion bluetooth et \u00e9clairage LED MP41","og_description":"baignoire d'ext\u00e9rieur multifonctionnelle. Compl\u00e8te avec 28 jets d'eau, lumi\u00e8re LED, Bluetooth, d\u00e9sinfection UV. Convient pour 6 personnes (5 si\u00e8ges+1 chaise longue)","og_url":"https:\/\/www.bagnoitalia.com\/fr\/produit\/square-whirlpool-210x210-cm-with-28-jets-bluetooth-connection-and-led-lighting-mp41-2.html","og_site_name":"Bagno Italia","article_modified_time":"2024-12-05T14:27:21+00:00","og_image":[{"width":550,"height":550,"url":"https:\/\/img.bagnoitalia.com\/wp-content\/uploads\/1-64.webp","type":"image\/webp"}],"twitter_card":"summary_large_image","twitter_misc":{"Dur\u00e9e de lecture estim\u00e9e":"1 minute"},"schema":{"@context":"https:\/\/schema.org","@graph":[{"@type":"WebPage","@id":"https:\/\/www.bagnoitalia.com\/fr\/produit\/square-whirlpool-210x210-cm-with-28-jets-bluetooth-connection-and-led-lighting-mp41-2.html","url":"https:\/\/www.bagnoitalia.com\/fr\/produit\/square-whirlpool-210x210-cm-with-28-jets-bluetooth-connection-and-led-lighting-mp41-2.html","name":"Bain \u00e0 remous carr\u00e9 210x210 cm avec 28 jets connexion bluetooth et \u00e9clairage LED MP41","isPartOf":{"@id":"https:\/\/www.bagnoitalia.com\/fr#website"},"primaryImageOfPage":{"@id":"https:\/\/www.bagnoitalia.com\/fr\/produit\/square-whirlpool-210x210-cm-with-28-jets-bluetooth-connection-and-led-lighting-mp41-2.html#primaryimage"},"image":{"@id":"https:\/\/www.bagnoitalia.com\/fr\/produit\/square-whirlpool-210x210-cm-with-28-jets-bluetooth-connection-and-led-lighting-mp41-2.html#primaryimage"},"thumbnailUrl":"https:\/\/img.bagnoitalia.com\/wp-content\/uploads\/1-64.webp","datePublished":"2023-03-01T07:33:49+00:00","dateModified":"2024-12-05T14:27:21+00:00","description":"baignoire d'ext\u00e9rieur multifonctionnelle. Compl\u00e8te avec 28 jets d'eau, lumi\u00e8re LED, Bluetooth, d\u00e9sinfection UV. Convient pour 6 personnes (5 si\u00e8ges+1 chaise longue)","breadcrumb":{"@id":"https:\/\/www.bagnoitalia.com\/fr\/produit\/square-whirlpool-210x210-cm-with-28-jets-bluetooth-connection-and-led-lighting-mp41-2.html#breadcrumb"},"inLanguage":"fr-FR","potentialAction":[{"@type":"ReadAction","target":["https:\/\/www.bagnoitalia.com\/fr\/produit\/square-whirlpool-210x210-cm-with-28-jets-bluetooth-connection-and-led-lighting-mp41-2.html"]}]},{"@type":"ImageObject","inLanguage":"fr-FR","@id":"https:\/\/www.bagnoitalia.com\/fr\/produit\/square-whirlpool-210x210-cm-with-28-jets-bluetooth-connection-and-led-lighting-mp41-2.html#primaryimage","url":"https:\/\/img.bagnoitalia.com\/wp-content\/uploads\/1-64.webp","contentUrl":"https:\/\/img.bagnoitalia.com\/wp-content\/uploads\/1-64.webp","width":550,"height":550},{"@type":"BreadcrumbList","@id":"https:\/\/www.bagnoitalia.com\/fr\/produit\/square-whirlpool-210x210-cm-with-28-jets-bluetooth-connection-and-led-lighting-mp41-2.html#breadcrumb","itemListElement":[{"@type":"ListItem","position":1,"name":"Home","item":"https:\/\/www.bagnoitalia.com\/fr"},{"@type":"ListItem","position":2,"name":"Produits","item":"https:\/\/www.bagnoitalia.com\/fr\/shop"},{"@type":"ListItem","position":3,"name":"Bain \u00e0 remous carr\u00e9 210&#215;210 cm avec 28 jets connexion bluetooth et \u00e9clairage LED MP41"}]},{"@type":"WebSite","@id":"https:\/\/www.bagnoitalia.com\/fr#website","url":"https:\/\/www.bagnoitalia.com\/fr","name":"Bagno Italia","description":"","publisher":{"@id":"https:\/\/www.bagnoitalia.com\/fr#organization"},"potentialAction":[{"@type":"SearchAction","target":{"@type":"EntryPoint","urlTemplate":"https:\/\/www.bagnoitalia.com\/fr?s={search_term_string}"},"query-input":{"@type":"PropertyValueSpecification","valueRequired":true,"valueName":"search_term_string"}}],"inLanguage":"fr-FR"},{"@type":"Organization","@id":"https:\/\/www.bagnoitalia.com\/fr#organization","name":"Bagno Italia","url":"https:\/\/www.bagnoitalia.com\/fr","logo":{"@type":"ImageObject","inLanguage":"fr-FR","@id":"https:\/\/www.bagnoitalia.com\/fr#\/schema\/logo\/image\/","url":"https:\/\/img.bagnoitalia.com\/wp-content\/uploads\/logo-bagnoitalia.webp","contentUrl":"https:\/\/img.bagnoitalia.com\/wp-content\/uploads\/logo-bagnoitalia.webp","width":400,"height":70,"caption":"Bagno Italia"},"image":{"@id":"https:\/\/www.bagnoitalia.com\/fr#\/schema\/logo\/image\/"}}]}},"_links":{"self":[{"href":"https:\/\/www.bagnoitalia.com\/fr\/wp-json\/wp\/v2\/product\/82841","targetHints":{"allow":["GET"]}}],"collection":[{"href":"https:\/\/www.bagnoitalia.com\/fr\/wp-json\/wp\/v2\/product"}],"about":[{"href":"https:\/\/www.bagnoitalia.com\/fr\/wp-json\/wp\/v2\/types\/product"}],"replies":[{"embeddable":true,"href":"https:\/\/www.bagnoitalia.com\/fr\/wp-json\/wp\/v2\/comments?post=82841"}],"version-history":[{"count":2,"href":"https:\/\/www.bagnoitalia.com\/fr\/wp-json\/wp\/v2\/product\/82841\/revisions"}],"predecessor-version":[{"id":98329,"href":"https:\/\/www.bagnoitalia.com\/fr\/wp-json\/wp\/v2\/product\/82841\/revisions\/98329"}],"wp:featuredmedia":[{"embeddable":true,"href":"https:\/\/www.bagnoitalia.com\/fr\/wp-json\/wp\/v2\/media\/98290"}],"wp:attachment":[{"href":"https:\/\/www.bagnoitalia.com\/fr\/wp-json\/wp\/v2\/media?parent=82841"}],"wp:term":[{"taxonomy":"product_brand","embeddable":true,"href":"https:\/\/www.bagnoitalia.com\/fr\/wp-json\/wp\/v2\/product_brand?post=82841"},{"taxonomy":"product_cat","embeddable":true,"href":"https:\/\/www.bagnoitalia.com\/fr\/wp-json\/wp\/v2\/product_cat?post=82841"},{"taxonomy":"product_tag","embeddable":true,"href":"https:\/\/www.bagnoitalia.com\/fr\/wp-json\/wp\/v2\/product_tag?post=82841"}],"curies":[{"name":"wp","href":"https:\/\/api.w.org\/{rel}","templated":true}]}}