{"id":82821,"date":"2023-02-16T16:04:36","date_gmt":"2023-02-16T15:04:36","guid":{"rendered":"https:\/\/www.bagnoitalia.com\/product\/classic-style-mixer-with-handles-for-washbasin-or-bidet-or-bathtub-with-hand-shower-made-in-italy-rb76-2"},"modified":"2024-05-24T15:57:50","modified_gmt":"2024-05-24T13:57:50","slug":"classic-style-mixer-with-handles-for-washbasin-or-bidet-or-bathtub-with-hand-shower-made-in-italy-rb76-2","status":"publish","type":"product","link":"https:\/\/www.bagnoitalia.com\/fr\/produit\/classic-style-mixer-with-handles-for-washbasin-or-bidet-or-bathtub-with-hand-shower-made-in-italy-rb76-2.html","title":{"rendered":"M\u00e9langeur de style classique avec poign\u00e9es pour lavabo ou bidet ou baignoire avec douchette Fabriqu\u00e9 en Italie RB76"},"content":{"rendered":"<p style=\"text-align: center;\"><span style=\"text-decoration: underline; color: #ff0000; font-size: 14pt;\"><strong>MITIGEUR DE LAVABO, BIDET OU BAIGNOIRE AVEC DOUCHETTE RB76<\/strong><\/span><\/p>\n<p>&nbsp;<\/p>\n<p>Robinetterie monotrou de style r\u00e9tro. \u00c9quip\u00e9e de boutons pratiques qui s&rsquo;adaptent bien aux environnements de style \u00ab\u00a0classique\u00a0\u00bb ; en fait, cette ligne est particuli\u00e8rement adapt\u00e9e \u00e0 ceux qui ont une salle de bains avec des meubles \u00ab\u00a0arte povera\u00a0\u00bb.<\/p>\n<p>&nbsp;<\/p>\n<p>Dans le menu, vous pouvez choisir d&rsquo;acheter :<\/p>\n<p>&#8211; Robinet de lavabo avec boutons pour l&rsquo;eau chaude et froide (avec tuyaux inclus).<\/p>\n<p>&#8211; Robinet de bidet avec bec directionnel et boutons pour l&rsquo;eau chaude et froide (avec tuyaux inclus)<\/p>\n<p>&#8211; Robinet de baignoire avec boutons, douchette \u00e0 main et inverseur (tuyau flexible et douchette \u00e0 main NON inclus).<\/p>\n<p>&nbsp;<\/p>\n<p>Fabriqu\u00e9 en Italie<\/p>\n<p>&nbsp;<\/p>\n<p>&nbsp;<\/p>\n<p>&nbsp;<\/p>\n<p>&nbsp;<\/p>\n<p>2055<\/p>\n<p>2056<\/p>\n<p>2057<\/p>\n<p>&nbsp;<\/p>\n<p>&nbsp;<\/p>\n","protected":false},"excerpt":{"rendered":"<p>Robinets \u00e0 double bouton de style r\u00e9tro. Mod\u00e8les pour lavabos, ou bidet ou baignoire avec douche. Tuyaux inclus<\/p>\n","protected":false},"featured_media":59937,"comment_status":"open","ping_status":"closed","template":"","meta":[],"product_brand":[9900,9954],"product_cat":[10036,10051,10039],"product_tag":[],"class_list":{"0":"post-82821","1":"product","2":"type-product","3":"status-publish","4":"has-post-thumbnail","6":"product_brand-baritermo-fr","7":"product_brand-thermo-professional-fr","8":"product_cat-robinets-de-baignoire","9":"product_cat-robinets-de-lavabo","10":"product_cat-robinetterie-de-bidet","12":"first","13":"instock","14":"sale","15":"taxable","16":"shipping-taxable","17":"purchasable","18":"product-type-simple"},"exclude_global_add_ons":false,"addons":[{"name":"Robinetterie","type":"multiple_choice","position":0,"required":true,"title_format":"heading","default":"","description_enable":false,"description":"","placeholder_enable":false,"placeholder":"","display":"select","restrictions_type":"any_text","adjust_price":false,"price":"","price_type":"flat_fee","restrictions":false,"min":"0","max":"0","options":[{"label":"pour lavabo","price":"","price_type":"quantity_based","image":0,"visibility":true},{"label":"pour bidet","price":"","price_type":"quantity_based","image":0,"visibility":true},{"label":"pour baignoire","price":"40","price_type":"quantity_based","image":0,"visibility":true}],"id":1716566271}],"yoast_head":"<!-- This site is optimized with the Yoast SEO plugin v26.7 - https:\/\/yoast.com\/wordpress\/plugins\/seo\/ -->\n<title>M\u00e9langeur de style classique avec poign\u00e9es pour lavabo ou bidet ou baignoire avec douchette Fabriqu\u00e9 en Italie RB76<\/title>\n<meta name=\"description\" content=\"Robinets \u00e0 double bouton de style r\u00e9tro. Mod\u00e8les pour lavabos, ou bidet ou baignoire avec douche. Tuyaux inclus\" \/>\n<meta name=\"robots\" content=\"index, follow, max-snippet:-1, max-image-preview:large, max-video-preview:-1\" \/>\n<link rel=\"canonical\" href=\"https:\/\/www.bagnoitalia.com\/fr\/produit\/classic-style-mixer-with-handles-for-washbasin-or-bidet-or-bathtub-with-hand-shower-made-in-italy-rb76-2.html\" \/>\n<meta property=\"og:locale\" content=\"fr_FR\" \/>\n<meta property=\"og:type\" content=\"article\" \/>\n<meta property=\"og:title\" content=\"M\u00e9langeur de style classique avec poign\u00e9es pour lavabo ou bidet ou baignoire avec douchette Fabriqu\u00e9 en Italie RB76\" \/>\n<meta property=\"og:description\" content=\"Robinets \u00e0 double bouton de style r\u00e9tro. Mod\u00e8les pour lavabos, ou bidet ou baignoire avec douche. Tuyaux inclus\" \/>\n<meta property=\"og:url\" content=\"https:\/\/www.bagnoitalia.com\/fr\/produit\/classic-style-mixer-with-handles-for-washbasin-or-bidet-or-bathtub-with-hand-shower-made-in-italy-rb76-2.html\" \/>\n<meta property=\"og:site_name\" content=\"Bagno Italia\" \/>\n<meta property=\"article:modified_time\" content=\"2024-05-24T13:57:50+00:00\" \/>\n<meta property=\"og:image\" content=\"https:\/\/img.bagnoitalia.com\/wp-content\/uploads\/virtuemart\/product\/sun-mixer-with-handles-for-bidet-washbasin-tub-1.jpg\" \/>\n\t<meta property=\"og:image:width\" content=\"550\" \/>\n\t<meta property=\"og:image:height\" content=\"550\" \/>\n\t<meta property=\"og:image:type\" content=\"image\/jpeg\" \/>\n<meta name=\"twitter:card\" content=\"summary_large_image\" \/>\n<meta name=\"twitter:label1\" content=\"Dur\u00e9e de lecture estim\u00e9e\" \/>\n\t<meta name=\"twitter:data1\" content=\"1 minute\" \/>\n<script type=\"application\/ld+json\" class=\"yoast-schema-graph\">{\"@context\":\"https:\/\/schema.org\",\"@graph\":[{\"@type\":\"WebPage\",\"@id\":\"https:\/\/www.bagnoitalia.com\/fr\/produit\/classic-style-mixer-with-handles-for-washbasin-or-bidet-or-bathtub-with-hand-shower-made-in-italy-rb76-2.html\",\"url\":\"https:\/\/www.bagnoitalia.com\/fr\/produit\/classic-style-mixer-with-handles-for-washbasin-or-bidet-or-bathtub-with-hand-shower-made-in-italy-rb76-2.html\",\"name\":\"M\u00e9langeur de style classique avec poign\u00e9es pour lavabo ou bidet ou baignoire avec douchette Fabriqu\u00e9 en Italie RB76\",\"isPartOf\":{\"@id\":\"https:\/\/www.bagnoitalia.com\/fr#website\"},\"primaryImageOfPage\":{\"@id\":\"https:\/\/www.bagnoitalia.com\/fr\/produit\/classic-style-mixer-with-handles-for-washbasin-or-bidet-or-bathtub-with-hand-shower-made-in-italy-rb76-2.html#primaryimage\"},\"image\":{\"@id\":\"https:\/\/www.bagnoitalia.com\/fr\/produit\/classic-style-mixer-with-handles-for-washbasin-or-bidet-or-bathtub-with-hand-shower-made-in-italy-rb76-2.html#primaryimage\"},\"thumbnailUrl\":\"https:\/\/img.bagnoitalia.com\/wp-content\/uploads\/virtuemart\/product\/sun-mixer-with-handles-for-bidet-washbasin-tub-1.jpg\",\"datePublished\":\"2023-02-16T15:04:36+00:00\",\"dateModified\":\"2024-05-24T13:57:50+00:00\",\"description\":\"Robinets \u00e0 double bouton de style r\u00e9tro. Mod\u00e8les pour lavabos, ou bidet ou baignoire avec douche. Tuyaux inclus\",\"breadcrumb\":{\"@id\":\"https:\/\/www.bagnoitalia.com\/fr\/produit\/classic-style-mixer-with-handles-for-washbasin-or-bidet-or-bathtub-with-hand-shower-made-in-italy-rb76-2.html#breadcrumb\"},\"inLanguage\":\"fr-FR\",\"potentialAction\":[{\"@type\":\"ReadAction\",\"target\":[\"https:\/\/www.bagnoitalia.com\/fr\/produit\/classic-style-mixer-with-handles-for-washbasin-or-bidet-or-bathtub-with-hand-shower-made-in-italy-rb76-2.html\"]}]},{\"@type\":\"ImageObject\",\"inLanguage\":\"fr-FR\",\"@id\":\"https:\/\/www.bagnoitalia.com\/fr\/produit\/classic-style-mixer-with-handles-for-washbasin-or-bidet-or-bathtub-with-hand-shower-made-in-italy-rb76-2.html#primaryimage\",\"url\":\"https:\/\/img.bagnoitalia.com\/wp-content\/uploads\/virtuemart\/product\/sun-mixer-with-handles-for-bidet-washbasin-tub-1.jpg\",\"contentUrl\":\"https:\/\/img.bagnoitalia.com\/wp-content\/uploads\/virtuemart\/product\/sun-mixer-with-handles-for-bidet-washbasin-tub-1.jpg\",\"width\":550,\"height\":550},{\"@type\":\"BreadcrumbList\",\"@id\":\"https:\/\/www.bagnoitalia.com\/fr\/produit\/classic-style-mixer-with-handles-for-washbasin-or-bidet-or-bathtub-with-hand-shower-made-in-italy-rb76-2.html#breadcrumb\",\"itemListElement\":[{\"@type\":\"ListItem\",\"position\":1,\"name\":\"Home\",\"item\":\"https:\/\/www.bagnoitalia.com\/fr\"},{\"@type\":\"ListItem\",\"position\":2,\"name\":\"Produits\",\"item\":\"https:\/\/www.bagnoitalia.com\/fr\/shop\"},{\"@type\":\"ListItem\",\"position\":3,\"name\":\"M\u00e9langeur de style classique avec poign\u00e9es pour lavabo ou bidet ou baignoire avec douchette Fabriqu\u00e9 en Italie RB76\"}]},{\"@type\":\"WebSite\",\"@id\":\"https:\/\/www.bagnoitalia.com\/fr#website\",\"url\":\"https:\/\/www.bagnoitalia.com\/fr\",\"name\":\"Bagno Italia\",\"description\":\"\",\"publisher\":{\"@id\":\"https:\/\/www.bagnoitalia.com\/fr#organization\"},\"potentialAction\":[{\"@type\":\"SearchAction\",\"target\":{\"@type\":\"EntryPoint\",\"urlTemplate\":\"https:\/\/www.bagnoitalia.com\/fr?s={search_term_string}\"},\"query-input\":{\"@type\":\"PropertyValueSpecification\",\"valueRequired\":true,\"valueName\":\"search_term_string\"}}],\"inLanguage\":\"fr-FR\"},{\"@type\":\"Organization\",\"@id\":\"https:\/\/www.bagnoitalia.com\/fr#organization\",\"name\":\"Bagno Italia\",\"url\":\"https:\/\/www.bagnoitalia.com\/fr\",\"logo\":{\"@type\":\"ImageObject\",\"inLanguage\":\"fr-FR\",\"@id\":\"https:\/\/www.bagnoitalia.com\/fr#\/schema\/logo\/image\/\",\"url\":\"https:\/\/img.bagnoitalia.com\/wp-content\/uploads\/logo-bagnoitalia.webp\",\"contentUrl\":\"https:\/\/img.bagnoitalia.com\/wp-content\/uploads\/logo-bagnoitalia.webp\",\"width\":400,\"height\":70,\"caption\":\"Bagno Italia\"},\"image\":{\"@id\":\"https:\/\/www.bagnoitalia.com\/fr#\/schema\/logo\/image\/\"}}]}<\/script>\n<!-- \/ Yoast SEO plugin. -->","yoast_head_json":{"title":"M\u00e9langeur de style classique avec poign\u00e9es pour lavabo ou bidet ou baignoire avec douchette Fabriqu\u00e9 en Italie RB76","description":"Robinets \u00e0 double bouton de style r\u00e9tro. Mod\u00e8les pour lavabos, ou bidet ou baignoire avec douche. Tuyaux inclus","robots":{"index":"index","follow":"follow","max-snippet":"max-snippet:-1","max-image-preview":"max-image-preview:large","max-video-preview":"max-video-preview:-1"},"canonical":"https:\/\/www.bagnoitalia.com\/fr\/produit\/classic-style-mixer-with-handles-for-washbasin-or-bidet-or-bathtub-with-hand-shower-made-in-italy-rb76-2.html","og_locale":"fr_FR","og_type":"article","og_title":"M\u00e9langeur de style classique avec poign\u00e9es pour lavabo ou bidet ou baignoire avec douchette Fabriqu\u00e9 en Italie RB76","og_description":"Robinets \u00e0 double bouton de style r\u00e9tro. Mod\u00e8les pour lavabos, ou bidet ou baignoire avec douche. Tuyaux inclus","og_url":"https:\/\/www.bagnoitalia.com\/fr\/produit\/classic-style-mixer-with-handles-for-washbasin-or-bidet-or-bathtub-with-hand-shower-made-in-italy-rb76-2.html","og_site_name":"Bagno Italia","article_modified_time":"2024-05-24T13:57:50+00:00","og_image":[{"width":550,"height":550,"url":"https:\/\/img.bagnoitalia.com\/wp-content\/uploads\/virtuemart\/product\/sun-mixer-with-handles-for-bidet-washbasin-tub-1.jpg","type":"image\/jpeg"}],"twitter_card":"summary_large_image","twitter_misc":{"Dur\u00e9e de lecture estim\u00e9e":"1 minute"},"schema":{"@context":"https:\/\/schema.org","@graph":[{"@type":"WebPage","@id":"https:\/\/www.bagnoitalia.com\/fr\/produit\/classic-style-mixer-with-handles-for-washbasin-or-bidet-or-bathtub-with-hand-shower-made-in-italy-rb76-2.html","url":"https:\/\/www.bagnoitalia.com\/fr\/produit\/classic-style-mixer-with-handles-for-washbasin-or-bidet-or-bathtub-with-hand-shower-made-in-italy-rb76-2.html","name":"M\u00e9langeur de style classique avec poign\u00e9es pour lavabo ou bidet ou baignoire avec douchette Fabriqu\u00e9 en Italie RB76","isPartOf":{"@id":"https:\/\/www.bagnoitalia.com\/fr#website"},"primaryImageOfPage":{"@id":"https:\/\/www.bagnoitalia.com\/fr\/produit\/classic-style-mixer-with-handles-for-washbasin-or-bidet-or-bathtub-with-hand-shower-made-in-italy-rb76-2.html#primaryimage"},"image":{"@id":"https:\/\/www.bagnoitalia.com\/fr\/produit\/classic-style-mixer-with-handles-for-washbasin-or-bidet-or-bathtub-with-hand-shower-made-in-italy-rb76-2.html#primaryimage"},"thumbnailUrl":"https:\/\/img.bagnoitalia.com\/wp-content\/uploads\/virtuemart\/product\/sun-mixer-with-handles-for-bidet-washbasin-tub-1.jpg","datePublished":"2023-02-16T15:04:36+00:00","dateModified":"2024-05-24T13:57:50+00:00","description":"Robinets \u00e0 double bouton de style r\u00e9tro. Mod\u00e8les pour lavabos, ou bidet ou baignoire avec douche. Tuyaux inclus","breadcrumb":{"@id":"https:\/\/www.bagnoitalia.com\/fr\/produit\/classic-style-mixer-with-handles-for-washbasin-or-bidet-or-bathtub-with-hand-shower-made-in-italy-rb76-2.html#breadcrumb"},"inLanguage":"fr-FR","potentialAction":[{"@type":"ReadAction","target":["https:\/\/www.bagnoitalia.com\/fr\/produit\/classic-style-mixer-with-handles-for-washbasin-or-bidet-or-bathtub-with-hand-shower-made-in-italy-rb76-2.html"]}]},{"@type":"ImageObject","inLanguage":"fr-FR","@id":"https:\/\/www.bagnoitalia.com\/fr\/produit\/classic-style-mixer-with-handles-for-washbasin-or-bidet-or-bathtub-with-hand-shower-made-in-italy-rb76-2.html#primaryimage","url":"https:\/\/img.bagnoitalia.com\/wp-content\/uploads\/virtuemart\/product\/sun-mixer-with-handles-for-bidet-washbasin-tub-1.jpg","contentUrl":"https:\/\/img.bagnoitalia.com\/wp-content\/uploads\/virtuemart\/product\/sun-mixer-with-handles-for-bidet-washbasin-tub-1.jpg","width":550,"height":550},{"@type":"BreadcrumbList","@id":"https:\/\/www.bagnoitalia.com\/fr\/produit\/classic-style-mixer-with-handles-for-washbasin-or-bidet-or-bathtub-with-hand-shower-made-in-italy-rb76-2.html#breadcrumb","itemListElement":[{"@type":"ListItem","position":1,"name":"Home","item":"https:\/\/www.bagnoitalia.com\/fr"},{"@type":"ListItem","position":2,"name":"Produits","item":"https:\/\/www.bagnoitalia.com\/fr\/shop"},{"@type":"ListItem","position":3,"name":"M\u00e9langeur de style classique avec poign\u00e9es pour lavabo ou bidet ou baignoire avec douchette Fabriqu\u00e9 en Italie RB76"}]},{"@type":"WebSite","@id":"https:\/\/www.bagnoitalia.com\/fr#website","url":"https:\/\/www.bagnoitalia.com\/fr","name":"Bagno Italia","description":"","publisher":{"@id":"https:\/\/www.bagnoitalia.com\/fr#organization"},"potentialAction":[{"@type":"SearchAction","target":{"@type":"EntryPoint","urlTemplate":"https:\/\/www.bagnoitalia.com\/fr?s={search_term_string}"},"query-input":{"@type":"PropertyValueSpecification","valueRequired":true,"valueName":"search_term_string"}}],"inLanguage":"fr-FR"},{"@type":"Organization","@id":"https:\/\/www.bagnoitalia.com\/fr#organization","name":"Bagno Italia","url":"https:\/\/www.bagnoitalia.com\/fr","logo":{"@type":"ImageObject","inLanguage":"fr-FR","@id":"https:\/\/www.bagnoitalia.com\/fr#\/schema\/logo\/image\/","url":"https:\/\/img.bagnoitalia.com\/wp-content\/uploads\/logo-bagnoitalia.webp","contentUrl":"https:\/\/img.bagnoitalia.com\/wp-content\/uploads\/logo-bagnoitalia.webp","width":400,"height":70,"caption":"Bagno Italia"},"image":{"@id":"https:\/\/www.bagnoitalia.com\/fr#\/schema\/logo\/image\/"}}]}},"_links":{"self":[{"href":"https:\/\/www.bagnoitalia.com\/fr\/wp-json\/wp\/v2\/product\/82821","targetHints":{"allow":["GET"]}}],"collection":[{"href":"https:\/\/www.bagnoitalia.com\/fr\/wp-json\/wp\/v2\/product"}],"about":[{"href":"https:\/\/www.bagnoitalia.com\/fr\/wp-json\/wp\/v2\/types\/product"}],"replies":[{"embeddable":true,"href":"https:\/\/www.bagnoitalia.com\/fr\/wp-json\/wp\/v2\/comments?post=82821"}],"version-history":[{"count":1,"href":"https:\/\/www.bagnoitalia.com\/fr\/wp-json\/wp\/v2\/product\/82821\/revisions"}],"predecessor-version":[{"id":88270,"href":"https:\/\/www.bagnoitalia.com\/fr\/wp-json\/wp\/v2\/product\/82821\/revisions\/88270"}],"wp:featuredmedia":[{"embeddable":true,"href":"https:\/\/www.bagnoitalia.com\/fr\/wp-json\/wp\/v2\/media\/59937"}],"wp:attachment":[{"href":"https:\/\/www.bagnoitalia.com\/fr\/wp-json\/wp\/v2\/media?parent=82821"}],"wp:term":[{"taxonomy":"product_brand","embeddable":true,"href":"https:\/\/www.bagnoitalia.com\/fr\/wp-json\/wp\/v2\/product_brand?post=82821"},{"taxonomy":"product_cat","embeddable":true,"href":"https:\/\/www.bagnoitalia.com\/fr\/wp-json\/wp\/v2\/product_cat?post=82821"},{"taxonomy":"product_tag","embeddable":true,"href":"https:\/\/www.bagnoitalia.com\/fr\/wp-json\/wp\/v2\/product_tag?post=82821"}],"curies":[{"name":"wp","href":"https:\/\/api.w.org\/{rel}","templated":true}]}}